{"id":9080,"date":"2024-07-03T06:00:20","date_gmt":"2024-07-03T06:00:20","guid":{"rendered":"https:\/\/idakorea.ee\/?post_type=product&#038;p=9080"},"modified":"2026-04-14T11:14:06","modified_gmt":"2026-04-14T09:14:06","slug":"tugevdatud-essents-pigmentatsiooni-ja-postakne-vastu-manyo-galac-niacin-2-0-essence","status":"publish","type":"product","link":"https:\/\/idakorea.ee\/fi\/product\/tugevdatud-essents-pigmentatsiooni-ja-postakne-vastu-manyo-galac-niacin-2-0-essence\/","title":{"rendered":"Vahvistettu ydin pigmentaatiota ja aknen j\u00e4lkeist\u00e4 aikaa vastaan Manyo Galac Niacin 2.0 Essence"},"content":{"rendered":"<p>Vahvistettu essenssi pigmentaatiota ja aknen j\u00e4lki\u00e4 vastaan <strong>Manyo Galac Niacin 2.0 Essence<\/strong> Sis\u00e4lt\u00e4\u00e4 tehokkaita vaikuttavia aineita (hiivasuodosta ja niasiiniamidia), jotka poistavat pigmenttimuutoksia ja aknen j\u00e4lki\u00e4, tasoittavat ihon s\u00e4vy\u00e4 ja parantavat sen ulkon\u00e4k\u00f6\u00e4. Ampulli s\u00e4\u00e4telee talin erityst\u00e4, auttaa supistamaan ihohuokosia ja tasoittamaan ihon mikroreliefi\u00e4.<\/p>\n<p>Tuote torjuu aktiivisesti ei-toivottua pigmenttimuutosta, vaalentaa ik\u00e4l\u00e4iski\u00e4 ja aknen j\u00e4lki\u00e4, poistaa punoitusta ja sameutta, tasoittaa ihonv\u00e4ri\u00e4 ja parantaa ihon s\u00e4vy\u00e4. Kosteuttaa ja ravitsee soluja syv\u00e4lt\u00e4, kiihdytt\u00e4\u00e4 aineenvaihduntaa ja tekee ihosta pehme\u00e4n ja samettisen.<\/p>\n<p><strong>T\u00e4rkeimm\u00e4t vaikuttavat aineet:<\/strong><\/p>\n<ul>\n<li><strong>Galaktomyces (93 69%)<\/strong> \u2014 hiivasuodoksella on kyky hajottaa ravinteita ja lis\u00e4t\u00e4 niiden imeytymist\u00e4 ihosoluihin. T\u00e4m\u00e4n ansiosta se palauttaa solujen eheyden, parantaa verenkiertoa, kiihdytt\u00e4\u00e4 aineenvaihduntaprosesseja, puhdistaa ihoa, tasoittaa mikroreliefi\u00e4, lis\u00e4\u00e4 ihon s\u00e4vy\u00e4, v\u00e4hent\u00e4\u00e4 tulehdusta ja parantaa ihon v\u00e4ri\u00e4.<\/li>\n<li><strong>Niasiiniamidi (4%)<\/strong> \u2014 edist\u00e4\u00e4 kollageenisynteesi\u00e4 ja parantaa ihon suojakerrosta, auttaa v\u00e4hent\u00e4m\u00e4\u00e4n transdermaalista vedenhukkaa ja poistamaan pigmenttimuutoksia, kosteuttaa, supistaa ihohuokosia, rauhoittaa ja kirkastaa.<\/li>\n<li><strong>Pantenol<\/strong> \u2014 sill\u00e4 on parantava, kosteuttava ja uudistava vaikutus.<\/li>\n<li><strong>noitap\u00e4hkin\u00e4uute<\/strong> \u2014 kiinteytt\u00e4v\u00e4 ja antioksidanttinen vaikutus. Supistaa ihohuokosia ja v\u00e4hent\u00e4\u00e4 talirauhasten erityst\u00e4.<\/li>\n<li><strong>Intialainen krysanteemiuute<\/strong> \u2014 luonnollinen antioksidantti, joka rauhoittaa ja v\u00e4hent\u00e4\u00e4 tulehdusta. Sis\u00e4lt\u00e4\u00e4 runsaasti hy\u00f6dyllisi\u00e4 vitamiineja, jotka auttavat torjumaan ik\u00e4\u00e4ntymist\u00e4, parantamaan verenkiertoa sek\u00e4 tasoittamaan ja parantamaan ihon rakennetta.<\/li>\n<li><strong>Glutationi<\/strong> \u2014 on voimakas antioksidantti. Kirkastaa ihoa, poistaa ei-toivottua pigmentti\u00e4 ja ehk\u00e4isee ik\u00e4\u00e4ntymist\u00e4.<\/li>\n<\/ul>\n<p>Sopii kaikille ihotyypeille.<\/p>\n<p><strong>K\u00e4ytt\u00f6opas:<\/strong> Puhdistuksen ja kasvoveden j\u00e4lkeen levit\u00e4 muutama tippa seerumia kasvoillesi ja levit\u00e4 se varovasti. Levit\u00e4 sen j\u00e4lkeen ihotyypillesi sopiva kosteusvoide.<\/p>","protected":false},"excerpt":{"rendered":"<p>Vahvistettu Essence pigmentaatiota ja aknen j\u00e4lki\u00e4 vastaan Manyo Galac Niacin 2.0 Essence sis\u00e4lt\u00e4\u00e4 tehokkaiden aktiivisten ainesosien kompleksin (hiivasuodos ja niasiiniamidi), jotka poistavat pigmentaatiota ja aknen j\u00e4lki\u00e4, tasoittavat ihon yleist\u00e4 s\u00e4vy\u00e4 ja parantavat ihon s\u00e4vy\u00e4. Ampulli s\u00e4\u00e4telee \u00f6ljyntuotantoa, auttaa kirist\u00e4m\u00e4\u00e4n ihohuokosia ja tasoittaa ihon mikrorakennetta. Tuote torjuu aktiivisesti ei-toivottua pigmentaatiota, vaalentaa pigmenttil\u00e4iski\u00e4 ja aknen j\u00e4lkitiloja, poistaa punoitusta ja sameutta, tasoittaa...<\/p>","protected":false},"featured_media":9086,"comment_status":"open","ping_status":"closed","template":"","meta":{"_uf_show_specific_survey":0,"_uf_disable_surveys":false,"_bst_post_transparent":"default","_bst_post_title":"","_bst_post_layout":"default","_bst_post_sidebar_id":"","_bst_post_content_style":"default","_bst_post_vertical_padding":"default","_bst_post_feature":"","_bst_post_feature_position":"","_bst_post_header":false,"_bst_post_footer":false},"pwb-brand":[448],"product_brand":[],"product_cat":[92,97],"product_tag":[233,377,202,450,230],"class_list":{"0":"post-9080","1":"product","2":"type-product","3":"status-publish","4":"has-post-thumbnail","6":"pwb-brand-manyo","7":"product_cat-nagu","8":"product_cat-naoseerumid-ja-olid","9":"product_tag-internet-pood-eesti","10":"product_tag-k-beauty-2","11":"product_tag-korea-kosmeetika","12":"product_tag-manyo","13":"product_tag-pigment","15":"first","16":"instock","17":"sale","18":"shipping-taxable","19":"purchasable","20":"product-type-variable","21":"has-default-attributes","22":"entry","23":"content-bg","24":"loop-entry"},"supplier_id":null,"supplier_sku":"","barcode":null,"atum_controlled":true,"out_stock_date":null,"out_stock_threshold":null,"inheritable":true,"inbound_stock":0,"stock_on_hold":0,"sold_today":0,"sales_last_days":1,"out_stock_days":0,"lost_sales":0,"has_location":false,"update_date":"2026-04-14T09:21:51","atum_locations":[],"atum_stock_status":"instock","restock_status":false,"low_stock_amount":"","sales_update_date":"2026-04-14T00:05:14","calc_backorders":null,"yoast_head":"<!-- This site is optimized with the Yoast SEO plugin v27.2 - https:\/\/yoast.com\/product\/yoast-seo-wordpress\/ -->\n<title>Manyo Galac Niacin 2.0 Essence - IDA.KOREA Tugevdatud essents pigmentatsiooni ja postakne vastu Manyo Galac Niacin 2.0 Essence<\/title>\n<meta name=\"description\" content=\"V\u00f5itleb aktiivselt soovimatu pigmentatsiooniga, heledab pigmendilaike ja postaknet, eemaldab punetust ja tuhmust, \u00fchtlustab jumet ja parandab naha v\u00e4rvust.\" \/>\n<meta name=\"robots\" content=\"index, follow, max-snippet:-1, max-image-preview:large, max-video-preview:-1\" \/>\n<link rel=\"canonical\" href=\"https:\/\/idakorea.ee\/fi\/product\/tugevdatud-essents-pigmentatsiooni-ja-postakne-vastu-manyo-galac-niacin-2-0-essence\/\" \/>\n<meta property=\"og:locale\" content=\"fi_FI\" \/>\n<meta property=\"og:type\" content=\"article\" \/>\n<meta property=\"og:title\" content=\"Manyo Galac Niacin 2.0 Essence - IDA.KOREA Tugevdatud essents pigmentatsiooni ja postakne vastu Manyo Galac Niacin 2.0 Essence\" \/>\n<meta property=\"og:description\" content=\"V\u00f5itleb aktiivselt soovimatu pigmentatsiooniga, heledab pigmendilaike ja postaknet, eemaldab punetust ja tuhmust, \u00fchtlustab jumet ja parandab naha v\u00e4rvust.\" \/>\n<meta property=\"og:url\" content=\"https:\/\/idakorea.ee\/fi\/product\/tugevdatud-essents-pigmentatsiooni-ja-postakne-vastu-manyo-galac-niacin-2-0-essence\/\" \/>\n<meta property=\"og:site_name\" content=\"IDA.KOREA\" \/>\n<meta property=\"article:modified_time\" content=\"2026-04-14T09:14:06+00:00\" \/>\n<meta property=\"og:image\" content=\"https:\/\/idakorea.ee\/wp-content\/uploads\/2024\/07\/fd.jpg\" \/>\n\t<meta property=\"og:image:width\" content=\"500\" \/>\n\t<meta property=\"og:image:height\" content=\"500\" \/>\n\t<meta property=\"og:image:type\" content=\"image\/jpeg\" \/>\n<meta name=\"twitter:card\" content=\"summary_large_image\" \/>\n<meta name=\"twitter:label1\" content=\"Arvioitu lukuaika\" \/>\n\t<meta name=\"twitter:data1\" content=\"2 minuuttia\" \/>\n<script type=\"application\/ld+json\" class=\"yoast-schema-graph\">{\"@context\":\"https:\/\/schema.org\",\"@graph\":[{\"@type\":\"WebPage\",\"@id\":\"https:\/\/idakorea.ee\/product\/tugevdatud-essents-pigmentatsiooni-ja-postakne-vastu-manyo-galac-niacin-2-0-essence\/\",\"url\":\"https:\/\/idakorea.ee\/product\/tugevdatud-essents-pigmentatsiooni-ja-postakne-vastu-manyo-galac-niacin-2-0-essence\/\",\"name\":\"Manyo Galac Niacin 2.0 Essence - IDA.KOREA Tugevdatud essents pigmentatsiooni ja postakne vastu Manyo Galac Niacin 2.0 Essence\",\"isPartOf\":{\"@id\":\"https:\/\/idakorea.ee\/#website\"},\"primaryImageOfPage\":{\"@id\":\"https:\/\/idakorea.ee\/product\/tugevdatud-essents-pigmentatsiooni-ja-postakne-vastu-manyo-galac-niacin-2-0-essence\/#primaryimage\"},\"image\":{\"@id\":\"https:\/\/idakorea.ee\/product\/tugevdatud-essents-pigmentatsiooni-ja-postakne-vastu-manyo-galac-niacin-2-0-essence\/#primaryimage\"},\"thumbnailUrl\":\"https:\/\/idakorea.ee\/wp-content\/uploads\/2024\/07\/fd.jpg\",\"datePublished\":\"2024-07-03T06:00:20+00:00\",\"dateModified\":\"2026-04-14T09:14:06+00:00\",\"description\":\"V\u00f5itleb aktiivselt soovimatu pigmentatsiooniga, heledab pigmendilaike ja postaknet, eemaldab punetust ja tuhmust, \u00fchtlustab jumet ja parandab naha v\u00e4rvust.\",\"breadcrumb\":{\"@id\":\"https:\/\/idakorea.ee\/product\/tugevdatud-essents-pigmentatsiooni-ja-postakne-vastu-manyo-galac-niacin-2-0-essence\/#breadcrumb\"},\"inLanguage\":\"fi\",\"potentialAction\":[{\"@type\":\"ReadAction\",\"target\":[\"https:\/\/idakorea.ee\/product\/tugevdatud-essents-pigmentatsiooni-ja-postakne-vastu-manyo-galac-niacin-2-0-essence\/\"]}]},{\"@type\":\"ImageObject\",\"inLanguage\":\"fi\",\"@id\":\"https:\/\/idakorea.ee\/product\/tugevdatud-essents-pigmentatsiooni-ja-postakne-vastu-manyo-galac-niacin-2-0-essence\/#primaryimage\",\"url\":\"https:\/\/idakorea.ee\/wp-content\/uploads\/2024\/07\/fd.jpg\",\"contentUrl\":\"https:\/\/idakorea.ee\/wp-content\/uploads\/2024\/07\/fd.jpg\",\"width\":500,\"height\":500},{\"@type\":\"BreadcrumbList\",\"@id\":\"https:\/\/idakorea.ee\/product\/tugevdatud-essents-pigmentatsiooni-ja-postakne-vastu-manyo-galac-niacin-2-0-essence\/#breadcrumb\",\"itemListElement\":[{\"@type\":\"ListItem\",\"position\":1,\"name\":\"\u0413\u043b\u0430\u0432\u043d\u0430\u044f \u0441\u0442\u0440\u0430\u043d\u0438\u0446\u0430\",\"item\":\"https:\/\/idakorea.ee\/\"},{\"@type\":\"ListItem\",\"position\":2,\"name\":\"Shop\",\"item\":\"https:\/\/idakorea.ee\/shop-2\/\"},{\"@type\":\"ListItem\",\"position\":3,\"name\":\"Tugevdatud essents pigmentatsiooni ja postakne vastu Manyo Galac Niacin 2.0 Essence\"}]},{\"@type\":\"WebSite\",\"@id\":\"https:\/\/idakorea.ee\/#website\",\"url\":\"https:\/\/idakorea.ee\/\",\"name\":\"IDA.KOREA\",\"description\":\"Korea kosmeetika e-pood\",\"publisher\":{\"@id\":\"https:\/\/idakorea.ee\/#organization\"},\"alternateName\":\"Beauty Shop\",\"potentialAction\":[{\"@type\":\"SearchAction\",\"target\":{\"@type\":\"EntryPoint\",\"urlTemplate\":\"https:\/\/idakorea.ee\/?s={search_term_string}\"},\"query-input\":{\"@type\":\"PropertyValueSpecification\",\"valueRequired\":true,\"valueName\":\"search_term_string\"}}],\"inLanguage\":\"fi\"},{\"@type\":\"Organization\",\"@id\":\"https:\/\/idakorea.ee\/#organization\",\"name\":\"IDA.KOREA\",\"url\":\"https:\/\/idakorea.ee\/\",\"logo\":{\"@type\":\"ImageObject\",\"inLanguage\":\"fi\",\"@id\":\"https:\/\/idakorea.ee\/#\/schema\/logo\/image\/\",\"url\":\"https:\/\/idakorea.ee\/wp-content\/uploads\/2024\/05\/cropped-korea3.png\",\"contentUrl\":\"https:\/\/idakorea.ee\/wp-content\/uploads\/2024\/05\/cropped-korea3.png\",\"width\":688,\"height\":126,\"caption\":\"IDA.KOREA\"},\"image\":{\"@id\":\"https:\/\/idakorea.ee\/#\/schema\/logo\/image\/\"},\"sameAs\":[\"https:\/\/www.instagram.com\/ida.korea\/\"]}]}<\/script>\n<!-- \/ Yoast SEO plugin. -->","yoast_head_json":{"title":"Manyo Galac Niacin 2.0 Essence - IT\u00c4-KOREA Vahvistettu essence pigmentaatiota ja aknen j\u00e4lkeist\u00e4 iho\u00e4rsytyst\u00e4 vastaan Manyo Galac Niacin 2.0 Essence","description":"Taistelee aktiivisesti ei-toivottua pigmenttimuutosta vastaan, vaalentaa ik\u00e4l\u00e4iski\u00e4 ja aknen j\u00e4lki\u00e4, poistaa punoitusta ja sameutta, tasoittaa ihoa ja parantaa ihon s\u00e4vy\u00e4.","robots":{"index":"index","follow":"follow","max-snippet":"max-snippet:-1","max-image-preview":"max-image-preview:large","max-video-preview":"max-video-preview:-1"},"canonical":"https:\/\/idakorea.ee\/fi\/product\/tugevdatud-essents-pigmentatsiooni-ja-postakne-vastu-manyo-galac-niacin-2-0-essence\/","og_locale":"fi_FI","og_type":"article","og_title":"Manyo Galac Niacin 2.0 Essence - IDA.KOREA Tugevdatud essents pigmentatsiooni ja postakne vastu Manyo Galac Niacin 2.0 Essence","og_description":"V\u00f5itleb aktiivselt soovimatu pigmentatsiooniga, heledab pigmendilaike ja postaknet, eemaldab punetust ja tuhmust, \u00fchtlustab jumet ja parandab naha v\u00e4rvust.","og_url":"https:\/\/idakorea.ee\/fi\/product\/tugevdatud-essents-pigmentatsiooni-ja-postakne-vastu-manyo-galac-niacin-2-0-essence\/","og_site_name":"IDA.KOREA","article_modified_time":"2026-04-14T09:14:06+00:00","og_image":[{"width":500,"height":500,"url":"https:\/\/idakorea.ee\/wp-content\/uploads\/2024\/07\/fd.jpg","type":"image\/jpeg"}],"twitter_card":"summary_large_image","twitter_misc":{"Arvioitu lukuaika":"2 minuuttia"},"schema":{"@context":"https:\/\/schema.org","@graph":[{"@type":"WebPage","@id":"https:\/\/idakorea.ee\/product\/tugevdatud-essents-pigmentatsiooni-ja-postakne-vastu-manyo-galac-niacin-2-0-essence\/","url":"https:\/\/idakorea.ee\/product\/tugevdatud-essents-pigmentatsiooni-ja-postakne-vastu-manyo-galac-niacin-2-0-essence\/","name":"Manyo Galac Niacin 2.0 Essence - IT\u00c4-KOREA Vahvistettu essence pigmentaatiota ja aknen j\u00e4lkeist\u00e4 iho\u00e4rsytyst\u00e4 vastaan Manyo Galac Niacin 2.0 Essence","isPartOf":{"@id":"https:\/\/idakorea.ee\/#website"},"primaryImageOfPage":{"@id":"https:\/\/idakorea.ee\/product\/tugevdatud-essents-pigmentatsiooni-ja-postakne-vastu-manyo-galac-niacin-2-0-essence\/#primaryimage"},"image":{"@id":"https:\/\/idakorea.ee\/product\/tugevdatud-essents-pigmentatsiooni-ja-postakne-vastu-manyo-galac-niacin-2-0-essence\/#primaryimage"},"thumbnailUrl":"https:\/\/idakorea.ee\/wp-content\/uploads\/2024\/07\/fd.jpg","datePublished":"2024-07-03T06:00:20+00:00","dateModified":"2026-04-14T09:14:06+00:00","description":"Taistelee aktiivisesti ei-toivottua pigmenttimuutosta vastaan, vaalentaa ik\u00e4l\u00e4iski\u00e4 ja aknen j\u00e4lki\u00e4, poistaa punoitusta ja sameutta, tasoittaa ihoa ja parantaa ihon s\u00e4vy\u00e4.","breadcrumb":{"@id":"https:\/\/idakorea.ee\/product\/tugevdatud-essents-pigmentatsiooni-ja-postakne-vastu-manyo-galac-niacin-2-0-essence\/#breadcrumb"},"inLanguage":"fi","potentialAction":[{"@type":"ReadAction","target":["https:\/\/idakorea.ee\/product\/tugevdatud-essents-pigmentatsiooni-ja-postakne-vastu-manyo-galac-niacin-2-0-essence\/"]}]},{"@type":"ImageObject","inLanguage":"fi","@id":"https:\/\/idakorea.ee\/product\/tugevdatud-essents-pigmentatsiooni-ja-postakne-vastu-manyo-galac-niacin-2-0-essence\/#primaryimage","url":"https:\/\/idakorea.ee\/wp-content\/uploads\/2024\/07\/fd.jpg","contentUrl":"https:\/\/idakorea.ee\/wp-content\/uploads\/2024\/07\/fd.jpg","width":500,"height":500},{"@type":"BreadcrumbList","@id":"https:\/\/idakorea.ee\/product\/tugevdatud-essents-pigmentatsiooni-ja-postakne-vastu-manyo-galac-niacin-2-0-essence\/#breadcrumb","itemListElement":[{"@type":"ListItem","position":1,"name":"\u0413\u043b\u0430\u0432\u043d\u0430\u044f \u0441\u0442\u0440\u0430\u043d\u0438\u0446\u0430","item":"https:\/\/idakorea.ee\/"},{"@type":"ListItem","position":2,"name":"Shop","item":"https:\/\/idakorea.ee\/shop-2\/"},{"@type":"ListItem","position":3,"name":"Tugevdatud essents pigmentatsiooni ja postakne vastu Manyo Galac Niacin 2.0 Essence"}]},{"@type":"WebSite","@id":"https:\/\/idakorea.ee\/#website","url":"https:\/\/idakorea.ee\/","name":"IDA.KOREA","description":"Korean kosmetiikan verkkokauppa","publisher":{"@id":"https:\/\/idakorea.ee\/#organization"},"alternateName":"Beauty Shop","potentialAction":[{"@type":"SearchAction","target":{"@type":"EntryPoint","urlTemplate":"https:\/\/idakorea.ee\/?s={search_term_string}"},"query-input":{"@type":"PropertyValueSpecification","valueRequired":true,"valueName":"search_term_string"}}],"inLanguage":"fi"},{"@type":"Organization","@id":"https:\/\/idakorea.ee\/#organization","name":"IDA.KOREA","url":"https:\/\/idakorea.ee\/","logo":{"@type":"ImageObject","inLanguage":"fi","@id":"https:\/\/idakorea.ee\/#\/schema\/logo\/image\/","url":"https:\/\/idakorea.ee\/wp-content\/uploads\/2024\/05\/cropped-korea3.png","contentUrl":"https:\/\/idakorea.ee\/wp-content\/uploads\/2024\/05\/cropped-korea3.png","width":688,"height":126,"caption":"IDA.KOREA"},"image":{"@id":"https:\/\/idakorea.ee\/#\/schema\/logo\/image\/"},"sameAs":["https:\/\/www.instagram.com\/ida.korea\/"]}]}},"jetpack_sharing_enabled":true,"brands":[{"id":448,"name":"MANYO","slug":"manyo"}],"_links":{"self":[{"href":"https:\/\/idakorea.ee\/fi\/wp-json\/wp\/v2\/product\/9080","targetHints":{"allow":["GET"]}}],"collection":[{"href":"https:\/\/idakorea.ee\/fi\/wp-json\/wp\/v2\/product"}],"about":[{"href":"https:\/\/idakorea.ee\/fi\/wp-json\/wp\/v2\/types\/product"}],"replies":[{"embeddable":true,"href":"https:\/\/idakorea.ee\/fi\/wp-json\/wp\/v2\/comments?post=9080"}],"version-history":[{"count":1,"href":"https:\/\/idakorea.ee\/fi\/wp-json\/wp\/v2\/product\/9080\/revisions"}],"predecessor-version":[{"id":10254,"href":"https:\/\/idakorea.ee\/fi\/wp-json\/wp\/v2\/product\/9080\/revisions\/10254"}],"wp:featuredmedia":[{"embeddable":true,"href":"https:\/\/idakorea.ee\/fi\/wp-json\/wp\/v2\/media\/9086"}],"wp:attachment":[{"href":"https:\/\/idakorea.ee\/fi\/wp-json\/wp\/v2\/media?parent=9080"}],"wp:term":[{"taxonomy":"pwb-brand","embeddable":true,"href":"https:\/\/idakorea.ee\/fi\/wp-json\/wp\/v2\/pwb-brand?post=9080"},{"taxonomy":"product_brand","embeddable":true,"href":"https:\/\/idakorea.ee\/fi\/wp-json\/wp\/v2\/product_brand?post=9080"},{"taxonomy":"product_cat","embeddable":true,"href":"https:\/\/idakorea.ee\/fi\/wp-json\/wp\/v2\/product_cat?post=9080"},{"taxonomy":"product_tag","embeddable":true,"href":"https:\/\/idakorea.ee\/fi\/wp-json\/wp\/v2\/product_tag?post=9080"}],"curies":[{"name":"wp","href":"https:\/\/api.w.org\/{rel}","templated":true}]}}