{"id":9087,"date":"2024-07-03T08:12:46","date_gmt":"2024-07-03T06:12:46","guid":{"rendered":"https:\/\/idakorea.ee\/?post_type=product&#038;p=9087"},"modified":"2026-03-28T10:49:34","modified_gmt":"2026-03-28T08:49:34","slug":"kooriv-geel-manyo-pure-aqua-peeling-gel","status":"publish","type":"product","link":"https:\/\/idakorea.ee\/fi\/product\/kooriv-geel-manyo-pure-aqua-peeling-gel\/","title":{"rendered":"Kuorintageeli Manyo Pure Aqua Peeling Gel, 120ml"},"content":{"rendered":"<p><strong>Manyo Factory Pure Aqua Peeling Gel -kuorintageeli PHA-hapolla<\/strong> Poistaa hell\u00e4varaisesti kuolleita ihosoluja, k\u00e4ynnist\u00e4\u00e4 uudistumisprosesseja ja stimuloi kollageenin tuotantoa, parantaa ihon kimmoisuutta ja s\u00e4vy\u00e4, tasoittaa ihonv\u00e4ri\u00e4 ja mikroreliefi\u00e4.<\/p>\n<p>Tuote s\u00e4vytt\u00e4\u00e4 ihoa t\u00e4ydellisesti ja sill\u00e4 on antioksidanttinen vaikutus, se torjuu solujen oksidatiivisia prosesseja, edist\u00e4\u00e4 ihon uusiutumista, poistaa ei-toivottua pigmenttimuutosta ja aknearpia, parantaa ihoa ja antaa sille tasaisen, luonnollisen ja terveen hehkun.<\/p>\n<p>Korkean hyaluronihappo- ja keramidipitoisuutensa ansiosta kuorintageeli edist\u00e4\u00e4 syv\u00e4kosteutusta ja auttaa s\u00e4ilytt\u00e4m\u00e4\u00e4n kosteuden ihossa.<\/p>\n<p>Tuotteella on tulehdusta est\u00e4v\u00e4 vaikutus, se ehk\u00e4isee ihottumien muodostumista ja tekee ihosta terveen, sile\u00e4n ja samettisen.<\/p>\n<p>Kuorintageeli ei aiheuta \u00e4rsytyst\u00e4 ja sopii herk\u00e4lle iholle.<\/p>\n<p><strong>T\u00e4rkeimm\u00e4t vaikuttavat aineet:<\/strong><\/p>\n<ul>\n<li><strong>PHA-happo<\/strong> \u2014 est\u00e4\u00e4 kosteuden haihtumista ja kuorii hell\u00e4varaisesti, rauhoittaa ja v\u00e4hent\u00e4\u00e4 \u00e4rsytyst\u00e4. Sen vaikutus on samanlainen kuin AHA-hapoilla, mutta se on miedompi eik\u00e4 aiheuta herkkyytt\u00e4 UV-s\u00e4teille, joten sit\u00e4 voidaan k\u00e4ytt\u00e4\u00e4 turvallisesti ymp\u00e4ri vuoden.<\/li>\n<li><strong>Hyaluronihappo<\/strong> \u2014 vastaa syv\u00e4kosteutuksesta ja luonnollisen pH-tasapainon yll\u00e4pit\u00e4misest\u00e4. Muodostaa n\u00e4kym\u00e4tt\u00f6m\u00e4n suojakerroksen, joka est\u00e4\u00e4 kosteuden haihtumisen ja antaa kasvoille miellytt\u00e4v\u00e4n raikkauden ja kosteutuksen tunteen.<\/li>\n<li><strong>Keramidit<\/strong> \u2014 edist\u00e4v\u00e4t ihon uusiutumista, parantavat suoja- ja ihon suojatoimintoja, normalisoivat hydrolipiditasapainoa, suojaavat kuivumiselta ja omaavat nuorentavaa potentiaalia.<\/li>\n<li><strong>Lotusuute<\/strong> \u2014 kosteuttaa, puhdistaa, auttaa silottamaan ryppyj\u00e4, virkist\u00e4\u00e4 ja kiinteytt\u00e4\u00e4, palauttaa kimmoisuuden, rauhoittaa, supistaa ihohuokosia ja lievitt\u00e4\u00e4 aknea, hidastaa ik\u00e4\u00e4ntymist\u00e4.<\/li>\n<li><strong>Iirisuute<\/strong> \u2014 kosteuttaa ja puhdistaa, edist\u00e4\u00e4 uudistumista ja palautumista.<\/li>\n<\/ul>\n<p><strong>K\u00e4ytt\u00f6opas:<\/strong> K\u00e4yt\u00e4 kuorintageeli\u00e4 kasvojen pesun j\u00e4lkeen vaahdolla tai hydrofiilisell\u00e4 \u00f6ljyll\u00e4, hiero 1-2 minuuttia ja huuhtele pois. Suositellaan k\u00e4ytett\u00e4v\u00e4ksi 1-2 kertaa viikossa.<\/p>\n<p>Tuote sopii kaikille ihotyypeille, my\u00f6s herk\u00e4lle iholle.<\/p>","protected":false},"excerpt":{"rendered":"<p>Manyo Factory Pure Aqua Peeling Gel kuorintageeli, jossa on PHA-happoa, poistaa hell\u00e4varaisesti karheat solut, k\u00e4ynnist\u00e4\u00e4 uudistumisprosessit ja stimuloi kollageenin tuotantoa, parantaa ihon kimmoisuutta ja s\u00e4vy\u00e4, tasoittaa ihon s\u00e4vy\u00e4 ja mikrodermia. Tuote tarjoaa erinomaisen ihoa kiinteytt\u00e4v\u00e4n ja antioksidanttisen vaikutuksen, torjuu solujen hapettumisprosesseja, edist\u00e4\u00e4 ihon uusiutumista, poistaa ei-toivottuja pigmentaatioita ja aknen j\u00e4lkeisi\u00e4 arpia, parantaa ihoa ja antaa sille tasaisen,...<\/p>","protected":false},"featured_media":9090,"comment_status":"open","ping_status":"closed","template":"","meta":{"_uf_show_specific_survey":0,"_uf_disable_surveys":false,"_bst_post_transparent":"default","_bst_post_title":"","_bst_post_layout":"default","_bst_post_sidebar_id":"","_bst_post_content_style":"default","_bst_post_vertical_padding":"default","_bst_post_feature":"","_bst_post_feature_position":"","_bst_post_header":false,"_bst_post_footer":false},"pwb-brand":[448],"product_brand":[],"product_cat":[92,451],"product_tag":[233,377,202,450,230],"class_list":{"0":"post-9087","1":"product","2":"type-product","3":"status-publish","4":"has-post-thumbnail","6":"pwb-brand-manyo","7":"product_cat-nagu","8":"product_cat-naokoorijad","9":"product_tag-internet-pood-eesti","10":"product_tag-k-beauty-2","11":"product_tag-korea-kosmeetika","12":"product_tag-manyo","13":"product_tag-pigment","15":"first","16":"instock","17":"sale","18":"shipping-taxable","19":"purchasable","20":"product-type-simple","21":"entry","22":"content-bg","23":"loop-entry"},"supplier_id":null,"supplier_sku":"","barcode":null,"atum_controlled":true,"out_stock_date":null,"out_stock_threshold":null,"inheritable":false,"inbound_stock":0,"stock_on_hold":0,"sold_today":0,"sales_last_days":1,"out_stock_days":0,"lost_sales":0,"has_location":false,"update_date":"2026-04-14T00:05:11","atum_locations":[],"atum_stock_status":"instock","restock_status":false,"low_stock_amount":"","sales_update_date":"2026-04-14T00:05:11","calc_backorders":null,"yoast_head":"<!-- This site is optimized with the Yoast SEO plugin v27.2 - https:\/\/yoast.com\/product\/yoast-seo-wordpress\/ -->\n<title>Manyo Pure Aqua Peeling Gel, 120ml - IDA.KOREA<\/title>\n<meta name=\"description\" content=\"Kooriv geel PHA-happega \u00f5rnalt eemaldab sarvestunud rakud, k\u00e4ivitab regenereerimisprotsessid ja stimuleerib kollageeni tootmist, parandab naha elastsust ja toonust, \u00fchtlustab jumet ja mikroreljeefi.\" \/>\n<meta name=\"robots\" content=\"index, follow, max-snippet:-1, max-image-preview:large, max-video-preview:-1\" \/>\n<link rel=\"canonical\" href=\"https:\/\/idakorea.ee\/fi\/product\/kooriv-geel-manyo-pure-aqua-peeling-gel\/\" \/>\n<meta property=\"og:locale\" content=\"fi_FI\" \/>\n<meta property=\"og:type\" content=\"article\" \/>\n<meta property=\"og:title\" content=\"Manyo Pure Aqua Peeling Gel, 120ml - IDA.KOREA\" \/>\n<meta property=\"og:description\" content=\"Kooriv geel PHA-happega \u00f5rnalt eemaldab sarvestunud rakud, k\u00e4ivitab regenereerimisprotsessid ja stimuleerib kollageeni tootmist, parandab naha elastsust ja toonust, \u00fchtlustab jumet ja mikroreljeefi.\" \/>\n<meta property=\"og:url\" content=\"https:\/\/idakorea.ee\/fi\/product\/kooriv-geel-manyo-pure-aqua-peeling-gel\/\" \/>\n<meta property=\"og:site_name\" content=\"IDA.KOREA\" \/>\n<meta property=\"article:modified_time\" content=\"2026-03-28T08:49:34+00:00\" \/>\n<meta property=\"og:image\" content=\"https:\/\/idakorea.ee\/wp-content\/uploads\/2024\/07\/hollyshop-_-2023_11_26t175407.072-_1_.png\" \/>\n\t<meta property=\"og:image:width\" content=\"1000\" \/>\n\t<meta property=\"og:image:height\" content=\"1000\" \/>\n\t<meta property=\"og:image:type\" content=\"image\/png\" \/>\n<meta name=\"twitter:card\" content=\"summary_large_image\" \/>\n<meta name=\"twitter:label1\" content=\"Arvioitu lukuaika\" \/>\n\t<meta name=\"twitter:data1\" content=\"2 minuuttia\" \/>\n<script type=\"application\/ld+json\" class=\"yoast-schema-graph\">{\"@context\":\"https:\/\/schema.org\",\"@graph\":[{\"@type\":\"WebPage\",\"@id\":\"https:\/\/idakorea.ee\/product\/kooriv-geel-manyo-pure-aqua-peeling-gel\/\",\"url\":\"https:\/\/idakorea.ee\/product\/kooriv-geel-manyo-pure-aqua-peeling-gel\/\",\"name\":\"Manyo Pure Aqua Peeling Gel, 120ml - IDA.KOREA\",\"isPartOf\":{\"@id\":\"https:\/\/idakorea.ee\/#website\"},\"primaryImageOfPage\":{\"@id\":\"https:\/\/idakorea.ee\/product\/kooriv-geel-manyo-pure-aqua-peeling-gel\/#primaryimage\"},\"image\":{\"@id\":\"https:\/\/idakorea.ee\/product\/kooriv-geel-manyo-pure-aqua-peeling-gel\/#primaryimage\"},\"thumbnailUrl\":\"https:\/\/idakorea.ee\/wp-content\/uploads\/2024\/07\/hollyshop-_-2023_11_26t175407.072-_1_.png\",\"datePublished\":\"2024-07-03T06:12:46+00:00\",\"dateModified\":\"2026-03-28T08:49:34+00:00\",\"description\":\"Kooriv geel PHA-happega \u00f5rnalt eemaldab sarvestunud rakud, k\u00e4ivitab regenereerimisprotsessid ja stimuleerib kollageeni tootmist, parandab naha elastsust ja toonust, \u00fchtlustab jumet ja mikroreljeefi.\",\"breadcrumb\":{\"@id\":\"https:\/\/idakorea.ee\/product\/kooriv-geel-manyo-pure-aqua-peeling-gel\/#breadcrumb\"},\"inLanguage\":\"fi\",\"potentialAction\":[{\"@type\":\"ReadAction\",\"target\":[\"https:\/\/idakorea.ee\/product\/kooriv-geel-manyo-pure-aqua-peeling-gel\/\"]}]},{\"@type\":\"ImageObject\",\"inLanguage\":\"fi\",\"@id\":\"https:\/\/idakorea.ee\/product\/kooriv-geel-manyo-pure-aqua-peeling-gel\/#primaryimage\",\"url\":\"https:\/\/idakorea.ee\/wp-content\/uploads\/2024\/07\/hollyshop-_-2023_11_26t175407.072-_1_.png\",\"contentUrl\":\"https:\/\/idakorea.ee\/wp-content\/uploads\/2024\/07\/hollyshop-_-2023_11_26t175407.072-_1_.png\",\"width\":1000,\"height\":1000},{\"@type\":\"BreadcrumbList\",\"@id\":\"https:\/\/idakorea.ee\/product\/kooriv-geel-manyo-pure-aqua-peeling-gel\/#breadcrumb\",\"itemListElement\":[{\"@type\":\"ListItem\",\"position\":1,\"name\":\"\u0413\u043b\u0430\u0432\u043d\u0430\u044f \u0441\u0442\u0440\u0430\u043d\u0438\u0446\u0430\",\"item\":\"https:\/\/idakorea.ee\/\"},{\"@type\":\"ListItem\",\"position\":2,\"name\":\"Shop\",\"item\":\"https:\/\/idakorea.ee\/shop-2\/\"},{\"@type\":\"ListItem\",\"position\":3,\"name\":\"Kooriv geel Manyo Pure Aqua Peeling Gel, 120ml\"}]},{\"@type\":\"WebSite\",\"@id\":\"https:\/\/idakorea.ee\/#website\",\"url\":\"https:\/\/idakorea.ee\/\",\"name\":\"IDA.KOREA\",\"description\":\"Korea kosmeetika e-pood\",\"publisher\":{\"@id\":\"https:\/\/idakorea.ee\/#organization\"},\"alternateName\":\"Beauty Shop\",\"potentialAction\":[{\"@type\":\"SearchAction\",\"target\":{\"@type\":\"EntryPoint\",\"urlTemplate\":\"https:\/\/idakorea.ee\/?s={search_term_string}\"},\"query-input\":{\"@type\":\"PropertyValueSpecification\",\"valueRequired\":true,\"valueName\":\"search_term_string\"}}],\"inLanguage\":\"fi\"},{\"@type\":\"Organization\",\"@id\":\"https:\/\/idakorea.ee\/#organization\",\"name\":\"IDA.KOREA\",\"url\":\"https:\/\/idakorea.ee\/\",\"logo\":{\"@type\":\"ImageObject\",\"inLanguage\":\"fi\",\"@id\":\"https:\/\/idakorea.ee\/#\/schema\/logo\/image\/\",\"url\":\"https:\/\/idakorea.ee\/wp-content\/uploads\/2024\/05\/cropped-korea3.png\",\"contentUrl\":\"https:\/\/idakorea.ee\/wp-content\/uploads\/2024\/05\/cropped-korea3.png\",\"width\":688,\"height\":126,\"caption\":\"IDA.KOREA\"},\"image\":{\"@id\":\"https:\/\/idakorea.ee\/#\/schema\/logo\/image\/\"},\"sameAs\":[\"https:\/\/www.instagram.com\/ida.korea\/\"]}]}<\/script>\n<!-- \/ Yoast SEO plugin. -->","yoast_head_json":{"title":"Manyo Pure Aqua -kuorintageeli, 120 ml - IDA.KOREA","description":"PHA-happoa sis\u00e4lt\u00e4v\u00e4 kuorintageeli poistaa hell\u00e4varaisesti kuolleita ihosoluja, k\u00e4ynnist\u00e4\u00e4 uudistumisprosesseja ja stimuloi kollageenin tuotantoa, parantaa ihon kimmoisuutta ja s\u00e4vy\u00e4 sek\u00e4 tasoittaa ihonv\u00e4ri\u00e4 ja mikroreliefi\u00e4.","robots":{"index":"index","follow":"follow","max-snippet":"max-snippet:-1","max-image-preview":"max-image-preview:large","max-video-preview":"max-video-preview:-1"},"canonical":"https:\/\/idakorea.ee\/fi\/product\/kooriv-geel-manyo-pure-aqua-peeling-gel\/","og_locale":"fi_FI","og_type":"article","og_title":"Manyo Pure Aqua Peeling Gel, 120ml - IDA.KOREA","og_description":"Kooriv geel PHA-happega \u00f5rnalt eemaldab sarvestunud rakud, k\u00e4ivitab regenereerimisprotsessid ja stimuleerib kollageeni tootmist, parandab naha elastsust ja toonust, \u00fchtlustab jumet ja mikroreljeefi.","og_url":"https:\/\/idakorea.ee\/fi\/product\/kooriv-geel-manyo-pure-aqua-peeling-gel\/","og_site_name":"IDA.KOREA","article_modified_time":"2026-03-28T08:49:34+00:00","og_image":[{"width":1000,"height":1000,"url":"https:\/\/idakorea.ee\/wp-content\/uploads\/2024\/07\/hollyshop-_-2023_11_26t175407.072-_1_.png","type":"image\/png"}],"twitter_card":"summary_large_image","twitter_misc":{"Arvioitu lukuaika":"2 minuuttia"},"schema":{"@context":"https:\/\/schema.org","@graph":[{"@type":"WebPage","@id":"https:\/\/idakorea.ee\/product\/kooriv-geel-manyo-pure-aqua-peeling-gel\/","url":"https:\/\/idakorea.ee\/product\/kooriv-geel-manyo-pure-aqua-peeling-gel\/","name":"Manyo Pure Aqua -kuorintageeli, 120 ml - IDA.KOREA","isPartOf":{"@id":"https:\/\/idakorea.ee\/#website"},"primaryImageOfPage":{"@id":"https:\/\/idakorea.ee\/product\/kooriv-geel-manyo-pure-aqua-peeling-gel\/#primaryimage"},"image":{"@id":"https:\/\/idakorea.ee\/product\/kooriv-geel-manyo-pure-aqua-peeling-gel\/#primaryimage"},"thumbnailUrl":"https:\/\/idakorea.ee\/wp-content\/uploads\/2024\/07\/hollyshop-_-2023_11_26t175407.072-_1_.png","datePublished":"2024-07-03T06:12:46+00:00","dateModified":"2026-03-28T08:49:34+00:00","description":"PHA-happoa sis\u00e4lt\u00e4v\u00e4 kuorintageeli poistaa hell\u00e4varaisesti kuolleita ihosoluja, k\u00e4ynnist\u00e4\u00e4 uudistumisprosesseja ja stimuloi kollageenin tuotantoa, parantaa ihon kimmoisuutta ja s\u00e4vy\u00e4 sek\u00e4 tasoittaa ihonv\u00e4ri\u00e4 ja mikroreliefi\u00e4.","breadcrumb":{"@id":"https:\/\/idakorea.ee\/product\/kooriv-geel-manyo-pure-aqua-peeling-gel\/#breadcrumb"},"inLanguage":"fi","potentialAction":[{"@type":"ReadAction","target":["https:\/\/idakorea.ee\/product\/kooriv-geel-manyo-pure-aqua-peeling-gel\/"]}]},{"@type":"ImageObject","inLanguage":"fi","@id":"https:\/\/idakorea.ee\/product\/kooriv-geel-manyo-pure-aqua-peeling-gel\/#primaryimage","url":"https:\/\/idakorea.ee\/wp-content\/uploads\/2024\/07\/hollyshop-_-2023_11_26t175407.072-_1_.png","contentUrl":"https:\/\/idakorea.ee\/wp-content\/uploads\/2024\/07\/hollyshop-_-2023_11_26t175407.072-_1_.png","width":1000,"height":1000},{"@type":"BreadcrumbList","@id":"https:\/\/idakorea.ee\/product\/kooriv-geel-manyo-pure-aqua-peeling-gel\/#breadcrumb","itemListElement":[{"@type":"ListItem","position":1,"name":"\u0413\u043b\u0430\u0432\u043d\u0430\u044f \u0441\u0442\u0440\u0430\u043d\u0438\u0446\u0430","item":"https:\/\/idakorea.ee\/"},{"@type":"ListItem","position":2,"name":"Shop","item":"https:\/\/idakorea.ee\/shop-2\/"},{"@type":"ListItem","position":3,"name":"Kooriv geel Manyo Pure Aqua Peeling Gel, 120ml"}]},{"@type":"WebSite","@id":"https:\/\/idakorea.ee\/#website","url":"https:\/\/idakorea.ee\/","name":"IDA.KOREA","description":"Korean kosmetiikan verkkokauppa","publisher":{"@id":"https:\/\/idakorea.ee\/#organization"},"alternateName":"Beauty Shop","potentialAction":[{"@type":"SearchAction","target":{"@type":"EntryPoint","urlTemplate":"https:\/\/idakorea.ee\/?s={search_term_string}"},"query-input":{"@type":"PropertyValueSpecification","valueRequired":true,"valueName":"search_term_string"}}],"inLanguage":"fi"},{"@type":"Organization","@id":"https:\/\/idakorea.ee\/#organization","name":"IDA.KOREA","url":"https:\/\/idakorea.ee\/","logo":{"@type":"ImageObject","inLanguage":"fi","@id":"https:\/\/idakorea.ee\/#\/schema\/logo\/image\/","url":"https:\/\/idakorea.ee\/wp-content\/uploads\/2024\/05\/cropped-korea3.png","contentUrl":"https:\/\/idakorea.ee\/wp-content\/uploads\/2024\/05\/cropped-korea3.png","width":688,"height":126,"caption":"IDA.KOREA"},"image":{"@id":"https:\/\/idakorea.ee\/#\/schema\/logo\/image\/"},"sameAs":["https:\/\/www.instagram.com\/ida.korea\/"]}]}},"jetpack_sharing_enabled":true,"brands":[{"id":448,"name":"MANYO","slug":"manyo"}],"_links":{"self":[{"href":"https:\/\/idakorea.ee\/fi\/wp-json\/wp\/v2\/product\/9087","targetHints":{"allow":["GET"]}}],"collection":[{"href":"https:\/\/idakorea.ee\/fi\/wp-json\/wp\/v2\/product"}],"about":[{"href":"https:\/\/idakorea.ee\/fi\/wp-json\/wp\/v2\/types\/product"}],"replies":[{"embeddable":true,"href":"https:\/\/idakorea.ee\/fi\/wp-json\/wp\/v2\/comments?post=9087"}],"version-history":[{"count":5,"href":"https:\/\/idakorea.ee\/fi\/wp-json\/wp\/v2\/product\/9087\/revisions"}],"predecessor-version":[{"id":18274,"href":"https:\/\/idakorea.ee\/fi\/wp-json\/wp\/v2\/product\/9087\/revisions\/18274"}],"wp:featuredmedia":[{"embeddable":true,"href":"https:\/\/idakorea.ee\/fi\/wp-json\/wp\/v2\/media\/9090"}],"wp:attachment":[{"href":"https:\/\/idakorea.ee\/fi\/wp-json\/wp\/v2\/media?parent=9087"}],"wp:term":[{"taxonomy":"pwb-brand","embeddable":true,"href":"https:\/\/idakorea.ee\/fi\/wp-json\/wp\/v2\/pwb-brand?post=9087"},{"taxonomy":"product_brand","embeddable":true,"href":"https:\/\/idakorea.ee\/fi\/wp-json\/wp\/v2\/product_brand?post=9087"},{"taxonomy":"product_cat","embeddable":true,"href":"https:\/\/idakorea.ee\/fi\/wp-json\/wp\/v2\/product_cat?post=9087"},{"taxonomy":"product_tag","embeddable":true,"href":"https:\/\/idakorea.ee\/fi\/wp-json\/wp\/v2\/product_tag?post=9087"}],"curies":[{"name":"wp","href":"https:\/\/api.w.org\/{rel}","templated":true}]}}