{"id":9094,"date":"2024-07-03T06:29:34","date_gmt":"2024-07-03T06:29:34","guid":{"rendered":"https:\/\/idakorea.ee\/?post_type=product&#038;p=9094"},"modified":"2026-01-30T17:06:09","modified_gmt":"2026-01-30T15:06:09","slug":"puhastusvaht-dr-g-ph-cleansing-r-e-d-blemish-clear-soothing-foam","status":"publish","type":"product","link":"https:\/\/idakorea.ee\/fi\/product\/puhastusvaht-dr-g-ph-cleansing-r-e-d-blemish-clear-soothing-foam\/","title":{"rendered":"Dr.G pH Cleansing R.E.D Blemish Clear Soothing Foam, 150ml"},"content":{"rendered":"<p><strong>Dr.G pH Cleansing R.E.D Blemish Clear rauhoittava vaahto<\/strong> puhdistusvaahto puhdistaa hell\u00e4varaisesti herk\u00e4n ihon aiheuttamatta kiristyst\u00e4 ja kuivuutta. Matalan pH-arvonsa ansiosta se s\u00e4ilytt\u00e4\u00e4 ihon luonnollisen happo-em\u00e4stasapainon ja ehk\u00e4isee hilseily\u00e4 ja tulehduksia.<\/p>\n<p>Vaahto puhdistaa ihoa hell\u00e4varaisesti ja s\u00e4ilytt\u00e4\u00e4 samalla ihon solujen optimaalisen kosteustasapainon. Se auttaa varovasti uudistamaan ihoa, vahvistaa vastustuskyky\u00e4, v\u00e4hent\u00e4\u00e4 herkkyytt\u00e4 haitallisille ymp\u00e4rist\u00f6tekij\u00f6ille, lievitt\u00e4\u00e4 turvotusta ja punoitusta.<\/p>\n<p>Vahalla on tiivis kermainen koostumus. Pienet kuplat tunkeutuvat huokosiin ja liuottavat kosmetiikkaa, rasvaa ja muita likaj\u00e4\u00e4mi\u00e4. Se huuhtoutuu helposti pois, ei j\u00e4t\u00e4 kalvoa, ei kirist\u00e4 eik\u00e4 kuivata ihoa.<\/p>\n<p><strong>T\u00e4rkeimm\u00e4t vaikuttavat aineet:<\/strong><\/p>\n<ul>\n<li><strong>5 tyyppi\u00e4 centella asiatica complex<\/strong> - on monitoiminen terapeuttinen vaikutus, lis\u00e4\u00e4 ihon kimmoisuutta ja s\u00e4vy\u00e4, kyll\u00e4st\u00e4\u00e4 soluja kosteudella. Muodostaa suojaavan esteen, joka suojaa ihoa stressin, UV-s\u00e4teiden ja ep\u00e4puhtauksien kielteisilt\u00e4 vaikutuksilta.<\/li>\n<li><strong>8 erilaista hyaluronihappoa<\/strong> - kosteuttaa ihoa aktiivisesti tunkeutuen kaikkiin ihon kerroksiin. T\u00e4ydent\u00e4\u00e4 soluja kosteudella, yll\u00e4pit\u00e4\u00e4 optimaalista vesi-lipiditasapainoa ja est\u00e4\u00e4 kosteuden haihtumista ihon pinnalta.<\/li>\n<li><strong>Lactobacillus<\/strong> - kirkastaa ihoa, normalisoi melaniinituotantoa, kosteuttaa ja ravitsee. Sill\u00e4 on voimakas nuorentava ja kohottava vaikutus: se lis\u00e4\u00e4 ihon korjaus- ja uudistumiskyky\u00e4.<\/li>\n<li><strong>Butyyliavokadaatti<\/strong> - avokadosta per\u00e4isin oleva aine. Est\u00e4\u00e4 5\u03b1-reduktaasientsyymin toimintaa, joka aktivoi lis\u00e4\u00e4ntynytt\u00e4 \u00f6ljynerityst\u00e4, mik\u00e4 v\u00e4hent\u00e4\u00e4 ihon rasvaisuutta ja mahdollista salisyylihapon aiheuttamaa \u00e4rsytyst\u00e4.<\/li>\n<li><strong>Leesicale-lehtiuute<\/strong> - hidastaa ja pys\u00e4ytt\u00e4\u00e4 tulehdusprosesseja, vaikuttaa antioksidanttisesti ja antibakteerisesti.<\/li>\n<li><strong>Salisyylihappo<\/strong> - puhdistaa hell\u00e4varaisesti, v\u00e4hent\u00e4\u00e4 tulehdusta, s\u00e4\u00e4telee talintuotantoa, poistaa rasvaisen kiillon ja tasoittaa ihon s\u00e4vy\u00e4.<\/li>\n<li><strong>Alanille<\/strong> - aminohappo, joka tehostaa ihon suojaavia toimintoja, vahvistaa solusein\u00e4mi\u00e4 ja palauttaa ihon rakennetta.<\/li>\n<\/ul>\n<p>Sopii herk\u00e4lle ja ongelmaiholle.<\/p>\n<p><strong>K\u00e4ytt\u00f6opas: <\/strong>Sekoita pieni m\u00e4\u00e4r\u00e4 tuotetta veteen ja vatkaa. Levit\u00e4 vaahto iholle kevyin hierovin liikkein, hiero ja huuhtele l\u00e4mpim\u00e4ll\u00e4 vedell\u00e4. Sopii s\u00e4\u00e4nn\u00f6lliseen k\u00e4ytt\u00f6\u00f6n.<\/p>","protected":false},"excerpt":{"rendered":"<p>Dr.G pH Cleansing R.E.D Blemish Clear Soothing Foam puhdistaa hell\u00e4varaisesti herk\u00e4n ihon j\u00e4tt\u00e4m\u00e4tt\u00e4 sille kirist\u00e4v\u00e4\u00e4 ja kuivaa tunnetta. Matalan pH-tasonsa ansiosta se yll\u00e4pit\u00e4\u00e4 ihon luonnollista happo-em\u00e4stasapainoa, mik\u00e4 ehk\u00e4isee hilseily\u00e4 ja tulehduksia. Vaahto puhdistaa ihoa hell\u00e4varaisesti s\u00e4ilytt\u00e4en samalla optimaalisen kosteustasapainon epidermissoluissa. Se auttaa uudistamaan ihoa huolellisesti, vahvistaa vastustuskyky\u00e4, v\u00e4hent\u00e4\u00e4 herkkyytt\u00e4 haitallisille ymp\u00e4rist\u00f6tekij\u00f6ille, rauhoittaa...<\/p>","protected":false},"featured_media":9095,"comment_status":"open","ping_status":"closed","template":"","meta":{"_uf_show_specific_survey":0,"_uf_disable_surveys":false,"_bst_post_transparent":"default","_bst_post_title":"","_bst_post_layout":"default","_bst_post_sidebar_id":"","_bst_post_content_style":"default","_bst_post_vertical_padding":"default","_bst_post_feature":"","_bst_post_feature_position":"","_bst_post_header":false,"_bst_post_footer":false},"pwb-brand":[458],"product_brand":[],"product_cat":[92,452,100],"product_tag":[233,377,202,439,221],"class_list":{"0":"post-9094","1":"product","2":"type-product","3":"status-publish","4":"has-post-thumbnail","6":"pwb-brand-dr-g","7":"product_cat-nagu","8":"product_cat-naopuhastusgeelid","9":"product_cat-puhastusvahendid","10":"product_tag-internet-pood-eesti","11":"product_tag-k-beauty-2","12":"product_tag-korea-kosmeetika","13":"product_tag-rahustav","14":"product_tag-tundlik-nahk","16":"first","17":"instock","18":"sale","19":"shipping-taxable","20":"purchasable","21":"product-type-simple","22":"entry","23":"content-bg","24":"loop-entry"},"supplier_id":null,"supplier_sku":"","barcode":null,"atum_controlled":true,"out_stock_date":null,"out_stock_threshold":null,"inheritable":false,"inbound_stock":0,"stock_on_hold":0,"sold_today":0,"sales_last_days":0,"out_stock_days":0,"lost_sales":0,"has_location":false,"update_date":"2026-04-14T00:05:06","atum_locations":[],"atum_stock_status":"instock","restock_status":false,"low_stock_amount":"","sales_update_date":"2026-04-14T00:05:06","calc_backorders":null,"yoast_head":"<!-- This site is optimized with the Yoast SEO plugin v27.2 - https:\/\/yoast.com\/product\/yoast-seo-wordpress\/ -->\n<title>Dr.G pH Cleansing R.E.D Blemish Clear Soothing Foam, 150ml - IDA.KOREA<\/title>\n<meta name=\"description\" content=\"Dr.G pH Cleansing R.E.D Blemish Clear Soothing Foam puhastusvaht puhastab \u00f5rnalt tundlikku nahka, p\u00f5hjustamata pinguloleku ja kuivuse tunnet.\" \/>\n<meta name=\"robots\" content=\"index, follow, max-snippet:-1, max-image-preview:large, max-video-preview:-1\" \/>\n<link rel=\"canonical\" href=\"https:\/\/idakorea.ee\/fi\/product\/puhastusvaht-dr-g-ph-cleansing-r-e-d-blemish-clear-soothing-foam\/\" \/>\n<meta property=\"og:locale\" content=\"fi_FI\" \/>\n<meta property=\"og:type\" content=\"article\" \/>\n<meta property=\"og:title\" content=\"Dr.G pH Cleansing R.E.D Blemish Clear Soothing Foam, 150ml - IDA.KOREA\" \/>\n<meta property=\"og:description\" content=\"Dr.G pH Cleansing R.E.D Blemish Clear Soothing Foam puhastusvaht puhastab \u00f5rnalt tundlikku nahka, p\u00f5hjustamata pinguloleku ja kuivuse tunnet.\" \/>\n<meta property=\"og:url\" content=\"https:\/\/idakorea.ee\/fi\/product\/puhastusvaht-dr-g-ph-cleansing-r-e-d-blemish-clear-soothing-foam\/\" \/>\n<meta property=\"og:site_name\" content=\"IDA.KOREA\" \/>\n<meta property=\"article:modified_time\" content=\"2026-01-30T15:06:09+00:00\" \/>\n<meta property=\"og:image\" content=\"https:\/\/idakorea.ee\/wp-content\/uploads\/2024\/07\/hollyshop-_27_-_1_.png\" \/>\n\t<meta property=\"og:image:width\" content=\"1000\" \/>\n\t<meta property=\"og:image:height\" content=\"1000\" \/>\n\t<meta property=\"og:image:type\" content=\"image\/png\" \/>\n<meta name=\"twitter:card\" content=\"summary_large_image\" \/>\n<meta name=\"twitter:label1\" content=\"Arvioitu lukuaika\" \/>\n\t<meta name=\"twitter:data1\" content=\"2 minuuttia\" \/>\n<script type=\"application\/ld+json\" class=\"yoast-schema-graph\">{\"@context\":\"https:\/\/schema.org\",\"@graph\":[{\"@type\":\"WebPage\",\"@id\":\"https:\/\/idakorea.ee\/product\/puhastusvaht-dr-g-ph-cleansing-r-e-d-blemish-clear-soothing-foam\/\",\"url\":\"https:\/\/idakorea.ee\/product\/puhastusvaht-dr-g-ph-cleansing-r-e-d-blemish-clear-soothing-foam\/\",\"name\":\"Dr.G pH Cleansing R.E.D Blemish Clear Soothing Foam, 150ml - IDA.KOREA\",\"isPartOf\":{\"@id\":\"https:\/\/idakorea.ee\/#website\"},\"primaryImageOfPage\":{\"@id\":\"https:\/\/idakorea.ee\/product\/puhastusvaht-dr-g-ph-cleansing-r-e-d-blemish-clear-soothing-foam\/#primaryimage\"},\"image\":{\"@id\":\"https:\/\/idakorea.ee\/product\/puhastusvaht-dr-g-ph-cleansing-r-e-d-blemish-clear-soothing-foam\/#primaryimage\"},\"thumbnailUrl\":\"https:\/\/idakorea.ee\/wp-content\/uploads\/2024\/07\/hollyshop-_27_-_1_.png\",\"datePublished\":\"2024-07-03T06:29:34+00:00\",\"dateModified\":\"2026-01-30T15:06:09+00:00\",\"description\":\"Dr.G pH Cleansing R.E.D Blemish Clear Soothing Foam puhastusvaht puhastab \u00f5rnalt tundlikku nahka, p\u00f5hjustamata pinguloleku ja kuivuse tunnet.\",\"breadcrumb\":{\"@id\":\"https:\/\/idakorea.ee\/product\/puhastusvaht-dr-g-ph-cleansing-r-e-d-blemish-clear-soothing-foam\/#breadcrumb\"},\"inLanguage\":\"fi\",\"potentialAction\":[{\"@type\":\"ReadAction\",\"target\":[\"https:\/\/idakorea.ee\/product\/puhastusvaht-dr-g-ph-cleansing-r-e-d-blemish-clear-soothing-foam\/\"]}]},{\"@type\":\"ImageObject\",\"inLanguage\":\"fi\",\"@id\":\"https:\/\/idakorea.ee\/product\/puhastusvaht-dr-g-ph-cleansing-r-e-d-blemish-clear-soothing-foam\/#primaryimage\",\"url\":\"https:\/\/idakorea.ee\/wp-content\/uploads\/2024\/07\/hollyshop-_27_-_1_.png\",\"contentUrl\":\"https:\/\/idakorea.ee\/wp-content\/uploads\/2024\/07\/hollyshop-_27_-_1_.png\",\"width\":1000,\"height\":1000},{\"@type\":\"BreadcrumbList\",\"@id\":\"https:\/\/idakorea.ee\/product\/puhastusvaht-dr-g-ph-cleansing-r-e-d-blemish-clear-soothing-foam\/#breadcrumb\",\"itemListElement\":[{\"@type\":\"ListItem\",\"position\":1,\"name\":\"\u0413\u043b\u0430\u0432\u043d\u0430\u044f \u0441\u0442\u0440\u0430\u043d\u0438\u0446\u0430\",\"item\":\"https:\/\/idakorea.ee\/\"},{\"@type\":\"ListItem\",\"position\":2,\"name\":\"Shop\",\"item\":\"https:\/\/idakorea.ee\/shop-2\/\"},{\"@type\":\"ListItem\",\"position\":3,\"name\":\"Puhastusvaht Dr.G pH Cleansing R.E.D Blemish Clear Soothing Foam, 150ml\"}]},{\"@type\":\"WebSite\",\"@id\":\"https:\/\/idakorea.ee\/#website\",\"url\":\"https:\/\/idakorea.ee\/\",\"name\":\"IDA.KOREA\",\"description\":\"Korea kosmeetika e-pood\",\"publisher\":{\"@id\":\"https:\/\/idakorea.ee\/#organization\"},\"alternateName\":\"Beauty Shop\",\"potentialAction\":[{\"@type\":\"SearchAction\",\"target\":{\"@type\":\"EntryPoint\",\"urlTemplate\":\"https:\/\/idakorea.ee\/?s={search_term_string}\"},\"query-input\":{\"@type\":\"PropertyValueSpecification\",\"valueRequired\":true,\"valueName\":\"search_term_string\"}}],\"inLanguage\":\"fi\"},{\"@type\":\"Organization\",\"@id\":\"https:\/\/idakorea.ee\/#organization\",\"name\":\"IDA.KOREA\",\"url\":\"https:\/\/idakorea.ee\/\",\"logo\":{\"@type\":\"ImageObject\",\"inLanguage\":\"fi\",\"@id\":\"https:\/\/idakorea.ee\/#\/schema\/logo\/image\/\",\"url\":\"https:\/\/idakorea.ee\/wp-content\/uploads\/2024\/05\/cropped-korea3.png\",\"contentUrl\":\"https:\/\/idakorea.ee\/wp-content\/uploads\/2024\/05\/cropped-korea3.png\",\"width\":688,\"height\":126,\"caption\":\"IDA.KOREA\"},\"image\":{\"@id\":\"https:\/\/idakorea.ee\/#\/schema\/logo\/image\/\"},\"sameAs\":[\"https:\/\/www.instagram.com\/ida.korea\/\"]}]}<\/script>\n<!-- \/ Yoast SEO plugin. -->","yoast_head_json":{"title":"Dr.G pH Cleansing RED Blemish Clear Soothing Foam, 150ml - IDA.KOREA","description":"Dr.G pH Cleansing RED Blemish Clear Soothing Foam puhdistaa herk\u00e4n ihon hell\u00e4varaisesti aiheuttamatta kirist\u00e4v\u00e4\u00e4 tunnetta tai kuivuutta.","robots":{"index":"index","follow":"follow","max-snippet":"max-snippet:-1","max-image-preview":"max-image-preview:large","max-video-preview":"max-video-preview:-1"},"canonical":"https:\/\/idakorea.ee\/fi\/product\/puhastusvaht-dr-g-ph-cleansing-r-e-d-blemish-clear-soothing-foam\/","og_locale":"fi_FI","og_type":"article","og_title":"Dr.G pH Cleansing R.E.D Blemish Clear Soothing Foam, 150ml - IDA.KOREA","og_description":"Dr.G pH Cleansing R.E.D Blemish Clear Soothing Foam puhastusvaht puhastab \u00f5rnalt tundlikku nahka, p\u00f5hjustamata pinguloleku ja kuivuse tunnet.","og_url":"https:\/\/idakorea.ee\/fi\/product\/puhastusvaht-dr-g-ph-cleansing-r-e-d-blemish-clear-soothing-foam\/","og_site_name":"IDA.KOREA","article_modified_time":"2026-01-30T15:06:09+00:00","og_image":[{"width":1000,"height":1000,"url":"https:\/\/idakorea.ee\/wp-content\/uploads\/2024\/07\/hollyshop-_27_-_1_.png","type":"image\/png"}],"twitter_card":"summary_large_image","twitter_misc":{"Arvioitu lukuaika":"2 minuuttia"},"schema":{"@context":"https:\/\/schema.org","@graph":[{"@type":"WebPage","@id":"https:\/\/idakorea.ee\/product\/puhastusvaht-dr-g-ph-cleansing-r-e-d-blemish-clear-soothing-foam\/","url":"https:\/\/idakorea.ee\/product\/puhastusvaht-dr-g-ph-cleansing-r-e-d-blemish-clear-soothing-foam\/","name":"Dr.G pH Cleansing RED Blemish Clear Soothing Foam, 150ml - IDA.KOREA","isPartOf":{"@id":"https:\/\/idakorea.ee\/#website"},"primaryImageOfPage":{"@id":"https:\/\/idakorea.ee\/product\/puhastusvaht-dr-g-ph-cleansing-r-e-d-blemish-clear-soothing-foam\/#primaryimage"},"image":{"@id":"https:\/\/idakorea.ee\/product\/puhastusvaht-dr-g-ph-cleansing-r-e-d-blemish-clear-soothing-foam\/#primaryimage"},"thumbnailUrl":"https:\/\/idakorea.ee\/wp-content\/uploads\/2024\/07\/hollyshop-_27_-_1_.png","datePublished":"2024-07-03T06:29:34+00:00","dateModified":"2026-01-30T15:06:09+00:00","description":"Dr.G pH Cleansing RED Blemish Clear Soothing Foam puhdistaa herk\u00e4n ihon hell\u00e4varaisesti aiheuttamatta kirist\u00e4v\u00e4\u00e4 tunnetta tai kuivuutta.","breadcrumb":{"@id":"https:\/\/idakorea.ee\/product\/puhastusvaht-dr-g-ph-cleansing-r-e-d-blemish-clear-soothing-foam\/#breadcrumb"},"inLanguage":"fi","potentialAction":[{"@type":"ReadAction","target":["https:\/\/idakorea.ee\/product\/puhastusvaht-dr-g-ph-cleansing-r-e-d-blemish-clear-soothing-foam\/"]}]},{"@type":"ImageObject","inLanguage":"fi","@id":"https:\/\/idakorea.ee\/product\/puhastusvaht-dr-g-ph-cleansing-r-e-d-blemish-clear-soothing-foam\/#primaryimage","url":"https:\/\/idakorea.ee\/wp-content\/uploads\/2024\/07\/hollyshop-_27_-_1_.png","contentUrl":"https:\/\/idakorea.ee\/wp-content\/uploads\/2024\/07\/hollyshop-_27_-_1_.png","width":1000,"height":1000},{"@type":"BreadcrumbList","@id":"https:\/\/idakorea.ee\/product\/puhastusvaht-dr-g-ph-cleansing-r-e-d-blemish-clear-soothing-foam\/#breadcrumb","itemListElement":[{"@type":"ListItem","position":1,"name":"\u0413\u043b\u0430\u0432\u043d\u0430\u044f \u0441\u0442\u0440\u0430\u043d\u0438\u0446\u0430","item":"https:\/\/idakorea.ee\/"},{"@type":"ListItem","position":2,"name":"Shop","item":"https:\/\/idakorea.ee\/shop-2\/"},{"@type":"ListItem","position":3,"name":"Puhastusvaht Dr.G pH Cleansing R.E.D Blemish Clear Soothing Foam, 150ml"}]},{"@type":"WebSite","@id":"https:\/\/idakorea.ee\/#website","url":"https:\/\/idakorea.ee\/","name":"IDA.KOREA","description":"Korean kosmetiikan verkkokauppa","publisher":{"@id":"https:\/\/idakorea.ee\/#organization"},"alternateName":"Beauty Shop","potentialAction":[{"@type":"SearchAction","target":{"@type":"EntryPoint","urlTemplate":"https:\/\/idakorea.ee\/?s={search_term_string}"},"query-input":{"@type":"PropertyValueSpecification","valueRequired":true,"valueName":"search_term_string"}}],"inLanguage":"fi"},{"@type":"Organization","@id":"https:\/\/idakorea.ee\/#organization","name":"IDA.KOREA","url":"https:\/\/idakorea.ee\/","logo":{"@type":"ImageObject","inLanguage":"fi","@id":"https:\/\/idakorea.ee\/#\/schema\/logo\/image\/","url":"https:\/\/idakorea.ee\/wp-content\/uploads\/2024\/05\/cropped-korea3.png","contentUrl":"https:\/\/idakorea.ee\/wp-content\/uploads\/2024\/05\/cropped-korea3.png","width":688,"height":126,"caption":"IDA.KOREA"},"image":{"@id":"https:\/\/idakorea.ee\/#\/schema\/logo\/image\/"},"sameAs":["https:\/\/www.instagram.com\/ida.korea\/"]}]}},"jetpack_sharing_enabled":true,"brands":[{"id":458,"name":"Dr.G","slug":"dr-g"}],"_links":{"self":[{"href":"https:\/\/idakorea.ee\/fi\/wp-json\/wp\/v2\/product\/9094","targetHints":{"allow":["GET"]}}],"collection":[{"href":"https:\/\/idakorea.ee\/fi\/wp-json\/wp\/v2\/product"}],"about":[{"href":"https:\/\/idakorea.ee\/fi\/wp-json\/wp\/v2\/types\/product"}],"replies":[{"embeddable":true,"href":"https:\/\/idakorea.ee\/fi\/wp-json\/wp\/v2\/comments?post=9094"}],"version-history":[{"count":5,"href":"https:\/\/idakorea.ee\/fi\/wp-json\/wp\/v2\/product\/9094\/revisions"}],"predecessor-version":[{"id":15056,"href":"https:\/\/idakorea.ee\/fi\/wp-json\/wp\/v2\/product\/9094\/revisions\/15056"}],"wp:featuredmedia":[{"embeddable":true,"href":"https:\/\/idakorea.ee\/fi\/wp-json\/wp\/v2\/media\/9095"}],"wp:attachment":[{"href":"https:\/\/idakorea.ee\/fi\/wp-json\/wp\/v2\/media?parent=9094"}],"wp:term":[{"taxonomy":"pwb-brand","embeddable":true,"href":"https:\/\/idakorea.ee\/fi\/wp-json\/wp\/v2\/pwb-brand?post=9094"},{"taxonomy":"product_brand","embeddable":true,"href":"https:\/\/idakorea.ee\/fi\/wp-json\/wp\/v2\/product_brand?post=9094"},{"taxonomy":"product_cat","embeddable":true,"href":"https:\/\/idakorea.ee\/fi\/wp-json\/wp\/v2\/product_cat?post=9094"},{"taxonomy":"product_tag","embeddable":true,"href":"https:\/\/idakorea.ee\/fi\/wp-json\/wp\/v2\/product_tag?post=9094"}],"curies":[{"name":"wp","href":"https:\/\/api.w.org\/{rel}","templated":true}]}}