{"id":9101,"date":"2024-07-03T06:39:22","date_gmt":"2024-07-03T06:39:22","guid":{"rendered":"https:\/\/idakorea.ee\/?post_type=product&#038;p=9101"},"modified":"2026-03-26T19:56:55","modified_gmt":"2026-03-26T17:56:55","slug":"oomask-jayjun-intensive-brightening-sleeping-pack-4ml","status":"publish","type":"product","link":"https:\/\/idakorea.ee\/fi\/product\/oomask-jayjun-intensive-brightening-sleeping-pack-4ml\/","title":{"rendered":"Y\u00f6naamio JAYJUN Intensive Brightening Sleeping Pack, 4ml"},"content":{"rendered":"<p><strong>JAYJUN Intensive Brightening Sleeping Pack<\/strong> Ravitsee ja kosteuttaa aktiivisesti, poistaa sameutta ja punoitusta, tasoittaa ihon s\u00e4vy\u00e4 ja antaa iholle pehme\u00e4n ja tasaisen hehkun. Naamio tasoittaa mikroreliefi\u00e4, v\u00e4hent\u00e4\u00e4 ryppyjen n\u00e4kyvyytt\u00e4 ja parantaa ihon s\u00e4vy\u00e4.<\/p>\n<p>Naamio rikastuttaa ihoa vitamiinien, ravinteiden ja hivenaineiden kompleksilla, parantaa aineenvaihduntaa, lis\u00e4\u00e4 ihon kimmoisuutta ja tiheytt\u00e4. Parantaa ihon s\u00e4vy\u00e4, v\u00e4hent\u00e4\u00e4 pigmentaatiota ja aknen j\u00e4lkeist\u00e4 l\u00e4isk\u00e4\u00e4 sek\u00e4 ehk\u00e4isee uusien pigmenttil\u00e4iskien muodostumista. Poistaa kuivuutta ja kireytt\u00e4, palauttaa ja yll\u00e4pit\u00e4\u00e4 optimaalista kosteustasapainoa ja ehk\u00e4isee kuivumista.<\/p>\n<p>Kompaktin pussikoon ansiosta voit ottaa maskin mukaasi matkoille, mik\u00e4 varmistaa tuotteen s\u00e4ilyvyyden ja hygieenisen k\u00e4yt\u00f6n.<\/p>\n<p>Tuote koostuu geelist\u00e4, jonka mikrokapselit sulavat iholle levitett\u00e4ess\u00e4 ja vapauttavat aktiiviaineita. Naamio tehostaa ihon luonnollista uudistumista y\u00f6n aikana. Syv\u00e4kosteuttava geelikoostumus antaa raikkaan vaikutuksen ja v\u00e4litt\u00f6m\u00e4n kosteutuksen.<\/p>\n<p><strong>Sis\u00e4lt\u00e4\u00e4 vitamiinikompleksin:<\/strong><\/p>\n<ul>\n<li><strong>Tiamiini (B1-vitamiini)<\/strong> \u2014 on antioksidanttinen, hoitaa ihoa.<\/li>\n<li><strong>Pantoteenihappo (B5-vitamiini)<\/strong> \u2014 nopeuttaa paranemista, lievitt\u00e4\u00e4 punoitusta ja \u00e4rsytyst\u00e4, est\u00e4\u00e4 kosteuden haihtumista ja lis\u00e4\u00e4 epidermiksen kosteudenpid\u00e4tyskyky\u00e4.<\/li>\n<li><strong>Pyridoksiini (B6-vitamiini)<\/strong> \u2014 on voimakas antioksidanttinen vaikutus, v\u00e4hent\u00e4\u00e4 tulehdusta, vahvistaa suojakerrosta ja suojaa ihoa ulkoisen ymp\u00e4rist\u00f6n aggressiivisilta vaikutuksilta. K\u00e4ynnist\u00e4\u00e4 uudistumisprosesseja, lievitt\u00e4\u00e4 kutinaa ja poistaa kuivuutta ja hilseily\u00e4.<\/li>\n<li><strong>Biotiini (B7-vitamiini)<\/strong> \u2014 normalisoi lipidiaineenvaihduntaa, poistaa hilseily\u00e4 ja kuivuutta.<\/li>\n<li><strong>Foolihappo (B9-vitamiini)<\/strong> \u2014 lievitt\u00e4\u00e4 \u00e4rsytyst\u00e4 ja tulehdusta, edist\u00e4\u00e4 epidermiksen uudistumista.<\/li>\n<li><strong>Syanokobalamiini (B12-vitamiini)<\/strong> \u2014 kosteuttaa, rauhoittaa, v\u00e4hent\u00e4\u00e4 tulehdusta, vahvistaa kapillaareja ja auttaa aknen hoidossa.<\/li>\n<li><strong>Kolmea C-vitamiinityyppi\u00e4 (askorbyyliglukosidi, natriumaskorbyylifosfaatti ja askorbyylipalmitaatti)<\/strong> \u2014 stimuloi kollageenin tuotantoa, vaalentaa pigmenttil\u00e4iski\u00e4, tasoittaa mikroreliefi\u00e4 ja toimii antioksidanttina.<\/li>\n<li><strong>Tokoferoliasetaatti (E-vitamiini)<\/strong> \u2014 torjuu vapaiden radikaalien aiheuttamia soluvaurioita, ehk\u00e4isee ryppyj\u00e4, yll\u00e4pit\u00e4\u00e4 ihon kimmoisuutta ja sileytt\u00e4.<\/li>\n<\/ul>\n<p><strong>Muita vaikuttavia aineita:<\/strong><\/p>\n<ul>\n<li><strong>Kirsikankukkauute<\/strong> \u2014 kosteuttaa syv\u00e4lt\u00e4, poistaa kuivuutta ja hilseily\u00e4, yll\u00e4pit\u00e4\u00e4 optimaalisia kosteustasoja. Tasoittaa mikroreliefi\u00e4, v\u00e4hent\u00e4\u00e4 ryppyjen syvyytt\u00e4 ja tekee ihosta kimmoisamman.<\/li>\n<li><strong>Laventeliuute<\/strong> \u2014 sill\u00e4 on antiseptisi\u00e4 ja parantavia ominaisuuksia, rauhoittaa ihoa, auttaa torjumaan tulehdusta ja hilseily\u00e4.<\/li>\n<li><strong>Kamomillauute<\/strong> \u2014 on parantava ja uudistava, rauhoittaa \u00e4rsytyst\u00e4, v\u00e4hent\u00e4\u00e4 punoitusta ja ehk\u00e4isee tulehdusta.<\/li>\n<li><strong>Saialilla-uute<\/strong> \u2014 auttaa selviytym\u00e4\u00e4n finneist\u00e4 ja aknesta, rauhoittaa \u00e4rtynytt\u00e4 ja herkk\u00e4\u00e4 ihoa, normalisoi talirauhasten toimintaa, k\u00e4ynnist\u00e4\u00e4 solujen uudistumisprosessin, parantaa haavoja ja aknen j\u00e4lkeisi\u00e4 arpia, palauttaa ihon kimmoisuuden.<\/li>\n<li><strong>Ruusuutetta<\/strong> \u2014 on voimakkaasti rauhoittava, lievitt\u00e4\u00e4 kutinaa ja \u00e4rsytyst\u00e4, vahvistaa ihon suojatoimintoja, suojaa ihoa ulkoisen ymp\u00e4rist\u00f6n aggressiivisilta vaikutuksilta ja edist\u00e4\u00e4 ihon uusiutumista.<\/li>\n<li><strong>Adenos<\/strong> \u2014 aktivoi kollageenin tuotantoa, stimuloi elastiinin tuotantoa epidermiksen soluissa, v\u00e4hent\u00e4\u00e4 ik\u00e4\u00e4n liittyvien ryppyjen syvyytt\u00e4. Tasoittaa mikroreliefi\u00e4, hidastaa ik\u00e4\u00e4ntymisprosesseja, suojaa soluja hapettumiselta ja nopeuttaa haavan paranemista.<\/li>\n<li><strong>Jojoba\u00f6ljy<\/strong> \u2014 yll\u00e4pit\u00e4\u00e4 ihon kimmoisuutta ja s\u00e4vy\u00e4, ravitsee ihoa A- ja E-vitamiineilla, ehk\u00e4isee kuivumista, hilseily\u00e4 ja \u00e4rsytyst\u00e4.<\/li>\n<\/ul>\n<p>Sopii kaikille ihotyypeille.<\/p>\n<p><strong>K\u00e4ytt\u00f6opas: <\/strong>Levit\u00e4 naamio ihonhoitorutiinisi viimeisen\u00e4 vaiheena v\u00e4ltt\u00e4en silm\u00e4nymp\u00e4rysihoa ja anna vaikuttaa y\u00f6n yli. Aamulla huuhtele huolellisesti j\u00e4ljelle j\u00e4\u00e4nyt naamio pois l\u00e4mpim\u00e4ll\u00e4 vedell\u00e4.<\/p>","protected":false},"excerpt":{"rendered":"<p>JAYJUN Intensive Brightening Sleeping Pack -hoitopakkaus ravitsee ja kosteuttaa aktiivisesti, poistaa sameutta ja punoitusta, tasoittaa ihoa ja j\u00e4tt\u00e4\u00e4 iholle pehme\u00e4n, tasaisen hehkun. Naamio silottaa mikrokontuureja, v\u00e4hent\u00e4\u00e4 ryppyj\u00e4 ja parantaa ihon s\u00e4vy\u00e4. Naamio rikastuttaa ihoa vitamiinien, ravintoaineiden ja mikroelementtien kompleksilla, parantaa aineenvaihduntaa, lis\u00e4\u00e4 ihon kimmoisuutta ja tiheytt\u00e4. Parantaa ihonv\u00e4ri\u00e4, v\u00e4hent\u00e4\u00e4 pigmentaatiota ja aknen j\u00e4lkeist\u00e4 ilmentymist\u00e4 ja...<\/p>","protected":false},"featured_media":11745,"comment_status":"open","ping_status":"closed","template":"","meta":{"_uf_show_specific_survey":0,"_uf_disable_surveys":false,"_bst_post_transparent":"default","_bst_post_title":"","_bst_post_layout":"default","_bst_post_sidebar_id":"","_bst_post_content_style":"default","_bst_post_vertical_padding":"default","_bst_post_feature":"","_bst_post_feature_position":"","_bst_post_header":false,"_bst_post_footer":false},"pwb-brand":[460],"product_brand":[],"product_cat":[92,98],"product_tag":[233,461,377,202,246],"class_list":{"0":"post-9101","1":"product","2":"type-product","3":"status-publish","4":"has-post-thumbnail","6":"pwb-brand-jayjun","7":"product_cat-nagu","8":"product_cat-naomaskid","9":"product_tag-internet-pood-eesti","10":"product_tag-jayjun","11":"product_tag-k-beauty-2","12":"product_tag-korea-kosmeetika","13":"product_tag-korea-naomaskid","15":"first","16":"instock","17":"sale","18":"shipping-taxable","19":"purchasable","20":"product-type-simple","21":"entry","22":"content-bg","23":"loop-entry"},"supplier_id":null,"supplier_sku":"","barcode":null,"atum_controlled":true,"out_stock_date":null,"out_stock_threshold":null,"inheritable":false,"inbound_stock":0,"stock_on_hold":0,"sold_today":0,"sales_last_days":4,"out_stock_days":0,"lost_sales":0,"has_location":false,"update_date":"2026-04-14T00:05:11","atum_locations":[],"atum_stock_status":"instock","restock_status":false,"low_stock_amount":"","sales_update_date":"2026-04-14T00:05:11","calc_backorders":null,"yoast_head":"<!-- This site is optimized with the Yoast SEO plugin v27.2 - https:\/\/yoast.com\/product\/yoast-seo-wordpress\/ -->\n<title>\u00d6\u00f6mask JAYJUN Intensive Brightening Sleeping Pack, 4ml - IDA.KOREA<\/title>\n<meta name=\"robots\" content=\"index, follow, max-snippet:-1, max-image-preview:large, max-video-preview:-1\" \/>\n<link rel=\"canonical\" href=\"https:\/\/idakorea.ee\/fi\/product\/oomask-jayjun-intensive-brightening-sleeping-pack-4ml\/\" \/>\n<meta property=\"og:locale\" content=\"fi_FI\" \/>\n<meta property=\"og:type\" content=\"article\" \/>\n<meta property=\"og:title\" content=\"\u00d6\u00f6mask JAYJUN Intensive Brightening Sleeping Pack, 4ml - IDA.KOREA\" \/>\n<meta property=\"og:description\" content=\"JAYJUN Intensive Brightening Sleeping Pack toidab ja niisutab aktiivselt, eemaldab tuhmuse ja punetuse, \u00fchtlustab jumet ning annab nahale pehme ja \u00fchtlase s\u00e4ra. Mask silub mikroreljeefi, v\u00e4hendab kortsude n\u00e4htavust ja parandab naha toonust. Mask rikastab nahka vitamiinide, toitainete ja mikroelementide kompleksiga, parandab ainevahetust, t\u00f5stab naha elastsust ja tihedust. Parandab jume, v\u00e4hendab pigmentatsiooni ja postakne v\u00e4ljendust ning...\" \/>\n<meta property=\"og:url\" content=\"https:\/\/idakorea.ee\/fi\/product\/oomask-jayjun-intensive-brightening-sleeping-pack-4ml\/\" \/>\n<meta property=\"og:site_name\" content=\"IDA.KOREA\" \/>\n<meta property=\"article:modified_time\" content=\"2026-03-26T17:56:55+00:00\" \/>\n<meta property=\"og:image\" content=\"https:\/\/idakorea.ee\/wp-content\/uploads\/2024\/07\/33x6zh9o.png\" \/>\n\t<meta property=\"og:image:width\" content=\"528\" \/>\n\t<meta property=\"og:image:height\" content=\"660\" \/>\n\t<meta property=\"og:image:type\" content=\"image\/png\" \/>\n<meta name=\"twitter:card\" content=\"summary_large_image\" \/>\n<meta name=\"twitter:label1\" content=\"Arvioitu lukuaika\" \/>\n\t<meta name=\"twitter:data1\" content=\"3 minuuttia\" \/>\n<script type=\"application\/ld+json\" class=\"yoast-schema-graph\">{\"@context\":\"https:\/\/schema.org\",\"@graph\":[{\"@type\":\"WebPage\",\"@id\":\"https:\/\/idakorea.ee\/product\/oomask-jayjun-intensive-brightening-sleeping-pack-4ml\/\",\"url\":\"https:\/\/idakorea.ee\/product\/oomask-jayjun-intensive-brightening-sleeping-pack-4ml\/\",\"name\":\"\u00d6\u00f6mask JAYJUN Intensive Brightening Sleeping Pack, 4ml - IDA.KOREA\",\"isPartOf\":{\"@id\":\"https:\/\/idakorea.ee\/#website\"},\"primaryImageOfPage\":{\"@id\":\"https:\/\/idakorea.ee\/product\/oomask-jayjun-intensive-brightening-sleeping-pack-4ml\/#primaryimage\"},\"image\":{\"@id\":\"https:\/\/idakorea.ee\/product\/oomask-jayjun-intensive-brightening-sleeping-pack-4ml\/#primaryimage\"},\"thumbnailUrl\":\"https:\/\/idakorea.ee\/wp-content\/uploads\/2024\/07\/33x6zh9o.png\",\"datePublished\":\"2024-07-03T06:39:22+00:00\",\"dateModified\":\"2026-03-26T17:56:55+00:00\",\"breadcrumb\":{\"@id\":\"https:\/\/idakorea.ee\/product\/oomask-jayjun-intensive-brightening-sleeping-pack-4ml\/#breadcrumb\"},\"inLanguage\":\"fi\",\"potentialAction\":[{\"@type\":\"ReadAction\",\"target\":[\"https:\/\/idakorea.ee\/product\/oomask-jayjun-intensive-brightening-sleeping-pack-4ml\/\"]}]},{\"@type\":\"ImageObject\",\"inLanguage\":\"fi\",\"@id\":\"https:\/\/idakorea.ee\/product\/oomask-jayjun-intensive-brightening-sleeping-pack-4ml\/#primaryimage\",\"url\":\"https:\/\/idakorea.ee\/wp-content\/uploads\/2024\/07\/33x6zh9o.png\",\"contentUrl\":\"https:\/\/idakorea.ee\/wp-content\/uploads\/2024\/07\/33x6zh9o.png\",\"width\":528,\"height\":660},{\"@type\":\"BreadcrumbList\",\"@id\":\"https:\/\/idakorea.ee\/product\/oomask-jayjun-intensive-brightening-sleeping-pack-4ml\/#breadcrumb\",\"itemListElement\":[{\"@type\":\"ListItem\",\"position\":1,\"name\":\"\u0413\u043b\u0430\u0432\u043d\u0430\u044f \u0441\u0442\u0440\u0430\u043d\u0438\u0446\u0430\",\"item\":\"https:\/\/idakorea.ee\/\"},{\"@type\":\"ListItem\",\"position\":2,\"name\":\"Shop\",\"item\":\"https:\/\/idakorea.ee\/shop-2\/\"},{\"@type\":\"ListItem\",\"position\":3,\"name\":\"\u00d6\u00f6mask JAYJUN Intensive Brightening Sleeping Pack, 4ml\"}]},{\"@type\":\"WebSite\",\"@id\":\"https:\/\/idakorea.ee\/#website\",\"url\":\"https:\/\/idakorea.ee\/\",\"name\":\"IDA.KOREA\",\"description\":\"Korea kosmeetika e-pood\",\"publisher\":{\"@id\":\"https:\/\/idakorea.ee\/#organization\"},\"alternateName\":\"Beauty Shop\",\"potentialAction\":[{\"@type\":\"SearchAction\",\"target\":{\"@type\":\"EntryPoint\",\"urlTemplate\":\"https:\/\/idakorea.ee\/?s={search_term_string}\"},\"query-input\":{\"@type\":\"PropertyValueSpecification\",\"valueRequired\":true,\"valueName\":\"search_term_string\"}}],\"inLanguage\":\"fi\"},{\"@type\":\"Organization\",\"@id\":\"https:\/\/idakorea.ee\/#organization\",\"name\":\"IDA.KOREA\",\"url\":\"https:\/\/idakorea.ee\/\",\"logo\":{\"@type\":\"ImageObject\",\"inLanguage\":\"fi\",\"@id\":\"https:\/\/idakorea.ee\/#\/schema\/logo\/image\/\",\"url\":\"https:\/\/idakorea.ee\/wp-content\/uploads\/2024\/05\/cropped-korea3.png\",\"contentUrl\":\"https:\/\/idakorea.ee\/wp-content\/uploads\/2024\/05\/cropped-korea3.png\",\"width\":688,\"height\":126,\"caption\":\"IDA.KOREA\"},\"image\":{\"@id\":\"https:\/\/idakorea.ee\/#\/schema\/logo\/image\/\"},\"sameAs\":[\"https:\/\/www.instagram.com\/ida.korea\/\"]}]}<\/script>\n<!-- \/ Yoast SEO plugin. -->","yoast_head_json":{"title":"Y\u00f6naamio JAYJUN Intensive Brightening Sleeping Pack, 4ml - IDA.KOREA","robots":{"index":"index","follow":"follow","max-snippet":"max-snippet:-1","max-image-preview":"max-image-preview:large","max-video-preview":"max-video-preview:-1"},"canonical":"https:\/\/idakorea.ee\/fi\/product\/oomask-jayjun-intensive-brightening-sleeping-pack-4ml\/","og_locale":"fi_FI","og_type":"article","og_title":"\u00d6\u00f6mask JAYJUN Intensive Brightening Sleeping Pack, 4ml - IDA.KOREA","og_description":"JAYJUN Intensive Brightening Sleeping Pack toidab ja niisutab aktiivselt, eemaldab tuhmuse ja punetuse, \u00fchtlustab jumet ning annab nahale pehme ja \u00fchtlase s\u00e4ra. Mask silub mikroreljeefi, v\u00e4hendab kortsude n\u00e4htavust ja parandab naha toonust. Mask rikastab nahka vitamiinide, toitainete ja mikroelementide kompleksiga, parandab ainevahetust, t\u00f5stab naha elastsust ja tihedust. Parandab jume, v\u00e4hendab pigmentatsiooni ja postakne v\u00e4ljendust ning...","og_url":"https:\/\/idakorea.ee\/fi\/product\/oomask-jayjun-intensive-brightening-sleeping-pack-4ml\/","og_site_name":"IDA.KOREA","article_modified_time":"2026-03-26T17:56:55+00:00","og_image":[{"width":528,"height":660,"url":"https:\/\/idakorea.ee\/wp-content\/uploads\/2024\/07\/33x6zh9o.png","type":"image\/png"}],"twitter_card":"summary_large_image","twitter_misc":{"Arvioitu lukuaika":"3 minuuttia"},"schema":{"@context":"https:\/\/schema.org","@graph":[{"@type":"WebPage","@id":"https:\/\/idakorea.ee\/product\/oomask-jayjun-intensive-brightening-sleeping-pack-4ml\/","url":"https:\/\/idakorea.ee\/product\/oomask-jayjun-intensive-brightening-sleeping-pack-4ml\/","name":"Y\u00f6naamio JAYJUN Intensive Brightening Sleeping Pack, 4ml - IDA.KOREA","isPartOf":{"@id":"https:\/\/idakorea.ee\/#website"},"primaryImageOfPage":{"@id":"https:\/\/idakorea.ee\/product\/oomask-jayjun-intensive-brightening-sleeping-pack-4ml\/#primaryimage"},"image":{"@id":"https:\/\/idakorea.ee\/product\/oomask-jayjun-intensive-brightening-sleeping-pack-4ml\/#primaryimage"},"thumbnailUrl":"https:\/\/idakorea.ee\/wp-content\/uploads\/2024\/07\/33x6zh9o.png","datePublished":"2024-07-03T06:39:22+00:00","dateModified":"2026-03-26T17:56:55+00:00","breadcrumb":{"@id":"https:\/\/idakorea.ee\/product\/oomask-jayjun-intensive-brightening-sleeping-pack-4ml\/#breadcrumb"},"inLanguage":"fi","potentialAction":[{"@type":"ReadAction","target":["https:\/\/idakorea.ee\/product\/oomask-jayjun-intensive-brightening-sleeping-pack-4ml\/"]}]},{"@type":"ImageObject","inLanguage":"fi","@id":"https:\/\/idakorea.ee\/product\/oomask-jayjun-intensive-brightening-sleeping-pack-4ml\/#primaryimage","url":"https:\/\/idakorea.ee\/wp-content\/uploads\/2024\/07\/33x6zh9o.png","contentUrl":"https:\/\/idakorea.ee\/wp-content\/uploads\/2024\/07\/33x6zh9o.png","width":528,"height":660},{"@type":"BreadcrumbList","@id":"https:\/\/idakorea.ee\/product\/oomask-jayjun-intensive-brightening-sleeping-pack-4ml\/#breadcrumb","itemListElement":[{"@type":"ListItem","position":1,"name":"\u0413\u043b\u0430\u0432\u043d\u0430\u044f \u0441\u0442\u0440\u0430\u043d\u0438\u0446\u0430","item":"https:\/\/idakorea.ee\/"},{"@type":"ListItem","position":2,"name":"Shop","item":"https:\/\/idakorea.ee\/shop-2\/"},{"@type":"ListItem","position":3,"name":"\u00d6\u00f6mask JAYJUN Intensive Brightening Sleeping Pack, 4ml"}]},{"@type":"WebSite","@id":"https:\/\/idakorea.ee\/#website","url":"https:\/\/idakorea.ee\/","name":"IDA.KOREA","description":"Korean kosmetiikan verkkokauppa","publisher":{"@id":"https:\/\/idakorea.ee\/#organization"},"alternateName":"Beauty Shop","potentialAction":[{"@type":"SearchAction","target":{"@type":"EntryPoint","urlTemplate":"https:\/\/idakorea.ee\/?s={search_term_string}"},"query-input":{"@type":"PropertyValueSpecification","valueRequired":true,"valueName":"search_term_string"}}],"inLanguage":"fi"},{"@type":"Organization","@id":"https:\/\/idakorea.ee\/#organization","name":"IDA.KOREA","url":"https:\/\/idakorea.ee\/","logo":{"@type":"ImageObject","inLanguage":"fi","@id":"https:\/\/idakorea.ee\/#\/schema\/logo\/image\/","url":"https:\/\/idakorea.ee\/wp-content\/uploads\/2024\/05\/cropped-korea3.png","contentUrl":"https:\/\/idakorea.ee\/wp-content\/uploads\/2024\/05\/cropped-korea3.png","width":688,"height":126,"caption":"IDA.KOREA"},"image":{"@id":"https:\/\/idakorea.ee\/#\/schema\/logo\/image\/"},"sameAs":["https:\/\/www.instagram.com\/ida.korea\/"]}]}},"jetpack_sharing_enabled":true,"brands":[{"id":460,"name":"JAYJUN","slug":"jayjun"}],"_links":{"self":[{"href":"https:\/\/idakorea.ee\/fi\/wp-json\/wp\/v2\/product\/9101","targetHints":{"allow":["GET"]}}],"collection":[{"href":"https:\/\/idakorea.ee\/fi\/wp-json\/wp\/v2\/product"}],"about":[{"href":"https:\/\/idakorea.ee\/fi\/wp-json\/wp\/v2\/types\/product"}],"replies":[{"embeddable":true,"href":"https:\/\/idakorea.ee\/fi\/wp-json\/wp\/v2\/comments?post=9101"}],"version-history":[{"count":1,"href":"https:\/\/idakorea.ee\/fi\/wp-json\/wp\/v2\/product\/9101\/revisions"}],"predecessor-version":[{"id":9637,"href":"https:\/\/idakorea.ee\/fi\/wp-json\/wp\/v2\/product\/9101\/revisions\/9637"}],"wp:featuredmedia":[{"embeddable":true,"href":"https:\/\/idakorea.ee\/fi\/wp-json\/wp\/v2\/media\/11745"}],"wp:attachment":[{"href":"https:\/\/idakorea.ee\/fi\/wp-json\/wp\/v2\/media?parent=9101"}],"wp:term":[{"taxonomy":"pwb-brand","embeddable":true,"href":"https:\/\/idakorea.ee\/fi\/wp-json\/wp\/v2\/pwb-brand?post=9101"},{"taxonomy":"product_brand","embeddable":true,"href":"https:\/\/idakorea.ee\/fi\/wp-json\/wp\/v2\/product_brand?post=9101"},{"taxonomy":"product_cat","embeddable":true,"href":"https:\/\/idakorea.ee\/fi\/wp-json\/wp\/v2\/product_cat?post=9101"},{"taxonomy":"product_tag","embeddable":true,"href":"https:\/\/idakorea.ee\/fi\/wp-json\/wp\/v2\/product_tag?post=9101"}],"curies":[{"name":"wp","href":"https:\/\/api.w.org\/{rel}","templated":true}]}}