{"id":9106,"date":"2024-07-03T06:54:53","date_gmt":"2024-07-03T06:54:53","guid":{"rendered":"https:\/\/idakorea.ee\/?post_type=product&#038;p=9106"},"modified":"2026-02-28T21:57:58","modified_gmt":"2026-02-28T19:57:58","slug":"naomask-vt-cosmetics-progloss-bubble-sparkling-booster","status":"publish","type":"product","link":"https:\/\/idakorea.ee\/fi\/product\/naomask-vt-cosmetics-progloss-bubble-sparkling-booster\/","title":{"rendered":"VT Cosmetics Progloss Bubble Sparkling Booster - silm\u00e4nymp\u00e4rysnaamari"},"content":{"rendered":"<p><strong>SEE Cosmetics Progloss Bubble -kimalteleva tehoste<\/strong> Poistaa sameutta ja punoitusta, tasoittaa ihon s\u00e4vy\u00e4 ja antaa iholle luonnollisen hehkun. Naamio ravitsee ihoa ravinteilla, rauhoittaa \u00e4rsytyst\u00e4 ja tekee ihosta pehme\u00e4n ja samettisen.<\/p>\n<p>Naamio kirkastaa hell\u00e4varaisesti, parantaa ihonv\u00e4ri\u00e4 ja antaa iholle terveen ja lev\u00e4nneen ilmeen. Se puhdistaa t\u00e4ydellisesti, poistaa erilaisia ep\u00e4puhtauksia, liuottaa talirauhasia ja poistaa rasvaisen kiillon. Se ravitsee ja kosteuttaa syv\u00e4lt\u00e4, vahvistaa suojakerrosta ja yll\u00e4pit\u00e4\u00e4 optimaalista kosteustasoa.<\/p>\n<p>Naamiolla on herk\u00e4n kermainen ja kullanv\u00e4rinen koostumus, joka muuttuu iholle levitett\u00e4ess\u00e4 kevyeksi kuplivaksi vaahdoksi. Kuplat stimuloivat ihoa hell\u00e4varaisesti parantaen aineenvaihduntaa ja mikroverenkiertoa kudoksissa.<\/p>\n<p><strong>T\u00e4rkeimm\u00e4t vaikuttavat aineet:<\/strong><\/p>\n<ul>\n<li><strong>Kaoliini<\/strong> Puhdistaa ihoa tehokkaasti, kuivattaa ja lievitt\u00e4\u00e4 tulehdusta, stimuloi solujen uusiutumista, imee myrkkyj\u00e4 ja muita haitallisia aineita ihon pinnalta. Pehment\u00e4\u00e4, parantaa ihonv\u00e4ri\u00e4 ja rikastuttaa ihoa hy\u00f6dyllisill\u00e4 mineraaleilla.<\/li>\n<li><strong>Kultauutetta<\/strong> nopeuttaa ihon uudistumisprosesseja, edist\u00e4\u00e4 ryppyjen nopeaa siloittumista, tehden ihosta joustavan, s\u00e4teilev\u00e4n ja terveen.<\/li>\n<li><strong>Hunajauute<\/strong> Poistaa v\u00e4litt\u00f6m\u00e4sti kuivumisen, ravitsee ihoa, vahvistaa vastustuskyky\u00e4, parantaa kimmoisuutta ja s\u00e4vy\u00e4 antaen iholle terveen hehkun.<\/li>\n<li><strong>Propolis-uute<\/strong> Voimakkaita antibakteerisia ominaisuuksia, jotka auttavat ehk\u00e4isem\u00e4\u00e4n tulehdusta. Palauttaa ihon hydrolipiditasapainon, vahvistaa suojakerrosta ja suojaa ulkoisen ymp\u00e4rist\u00f6n haitallisilta vaikutuksilta. Poistaa hilseily\u00e4 ja kuivuutta, ravitsee ja pehment\u00e4\u00e4 ihoa.<\/li>\n<li><strong>Kuninkaallinen hyytel\u00f6uute<\/strong> Parantaa solujen aineenvaihduntaa ja verenkiertoa, kiihdytt\u00e4\u00e4 aineenvaihduntaa, aktivoi luonnollisia uusiutumis- ja palautumisprosesseja. Palauttaa ihon kimmoisuuden ja vahvuuden, ehk\u00e4isee ik\u00e4\u00e4ntymisen merkkej\u00e4.<\/li>\n<li><strong>Ceramide NP<\/strong> vahvistaa ihosoluja ja suojaa niit\u00e4 vaurioilta, est\u00e4\u00e4 kosteuden haihtumista ja varmistaa pitk\u00e4kestoisen kosteutuksen, yll\u00e4pit\u00e4\u00e4 optimaalista hydrolipiditasapainoa.<\/li>\n<li><strong>Asetyylitetrapeptidi-5 (Eyeseryl\u00ae)<\/strong> Stimuloi kollageenityyppien I ja II sek\u00e4 fibronektiinin tuotantoa, on keskeinen osa ik\u00e4\u00e4ntymist\u00e4 ehk\u00e4isevi\u00e4 tuotteita, v\u00e4hent\u00e4\u00e4 ryppyj\u00e4 ja ihon veltostumista. Vaikuttaa drenaavasti, vahvistaa kapillaarien sein\u00e4mi\u00e4, est\u00e4\u00e4 kollageenin glykaatioprosessia ja lis\u00e4\u00e4 ihon kimmoisuutta.<\/li>\n<li><strong>Macadamia\u00f6ljy<\/strong> pehment\u00e4\u00e4 ja ravitsee ihoa, palauttaa ihon suojakerroksen ja sill\u00e4 on antioksidanttisia ominaisuuksia.<\/li>\n<li><strong>Askorbiinihappo<\/strong> on voimakas antioksidanttinen vaikutus, suojaa ihoa tehokkaasti UV-s\u00e4teilyn vaurioilta, stimuloi kollageenin tuotantoa, lis\u00e4\u00e4 ihon kimmoisuutta, vahvuutta ja kosteustasapainoa.<\/li>\n<\/ul>\n<p>Sopii kaikille ihotyypeille.<\/p>\n<p><strong>K\u00e4ytt\u00f6opas:<\/strong> Levit\u00e4 optimaalinen m\u00e4\u00e4r\u00e4 naamiota puhdistetulle iholle ja levit\u00e4 tasaisesti v\u00e4ltt\u00e4en silm\u00e4nymp\u00e4rysihoa ja huulia. Anna naamion vaikuttaa minuutin ajan, kunnes muodostuu paksu vaahto (ensimm\u00e4iset kuplat ilmestyv\u00e4t 10\u201320 sekunnin kuluttua levitt\u00e4misest\u00e4). Huuhtele naamio pois viile\u00e4ll\u00e4 vedell\u00e4.<\/p>","protected":false},"excerpt":{"rendered":"<p>VT Cosmetics Progloss Bubble Sparkling Booster poistaa sameutta ja punoitusta, tasoittaa ihon s\u00e4vy\u00e4 ja antaa iholle luonnollisen hehkun. Naamio ravitsee ihoa ravinteilla, rauhoittaa \u00e4rsytyst\u00e4 ja j\u00e4tt\u00e4\u00e4 ihon pehme\u00e4ksi ja samettiseksi. Naamio kirkastaa hell\u00e4varaisesti, parantaa ihon s\u00e4vy\u00e4 ja antaa iholle terveen, lev\u00e4nneen ilmeen. Se puhdistaa t\u00e4ydellisesti, poistaa erityyppist\u00e4 likaa, liuottaa \u00f6ljyrakeet ja poistaa rasvaisen kiillon. Ravitsee ja...<\/p>","protected":false},"featured_media":9107,"comment_status":"open","ping_status":"closed","template":"","meta":{"_uf_show_specific_survey":0,"_uf_disable_surveys":false,"_bst_post_transparent":"default","_bst_post_title":"","_bst_post_layout":"default","_bst_post_sidebar_id":"","_bst_post_content_style":"default","_bst_post_vertical_padding":"default","_bst_post_feature":"","_bst_post_feature_position":"","_bst_post_header":false,"_bst_post_footer":false},"pwb-brand":[],"product_brand":[],"product_cat":[92,98],"product_tag":[377,202,246,216,462],"class_list":{"0":"post-9106","1":"product","2":"type-product","3":"status-publish","4":"has-post-thumbnail","6":"product_cat-nagu","7":"product_cat-naomaskid","8":"product_tag-k-beauty-2","9":"product_tag-korea-kosmeetika","10":"product_tag-korea-naomaskid","11":"product_tag-kuiv-nahk","12":"product_tag-vt","14":"first","15":"instock","16":"sale","17":"shipping-taxable","18":"purchasable","19":"product-type-simple","20":"entry","21":"content-bg","22":"loop-entry"},"supplier_id":null,"supplier_sku":"","barcode":null,"atum_controlled":true,"out_stock_date":null,"out_stock_threshold":null,"inheritable":false,"inbound_stock":0,"stock_on_hold":0,"sold_today":0,"sales_last_days":0,"out_stock_days":0,"lost_sales":0,"has_location":false,"update_date":"2026-04-14T00:05:06","atum_locations":[],"atum_stock_status":"instock","restock_status":false,"low_stock_amount":"","sales_update_date":"2026-04-14T00:05:06","calc_backorders":null,"yoast_head":"<!-- This site is optimized with the Yoast SEO plugin v27.2 - https:\/\/yoast.com\/product\/yoast-seo-wordpress\/ -->\n<title>VT Cosmetics Progloss Bubble Sparkling Booster - IDA.KOREA<\/title>\n<meta name=\"description\" content=\"VT Cosmetics Progloss Bubble Sparkling Booster eemaldab tuhmuse ja punetuse, \u00fchtlustab jumet ning annab nahale loomuliku s\u00e4ra. Kiire tarne!\" \/>\n<meta name=\"robots\" content=\"index, follow, max-snippet:-1, max-image-preview:large, max-video-preview:-1\" \/>\n<link rel=\"canonical\" href=\"https:\/\/idakorea.ee\/fi\/product\/naomask-vt-cosmetics-progloss-bubble-sparkling-booster\/\" \/>\n<meta property=\"og:locale\" content=\"fi_FI\" \/>\n<meta property=\"og:type\" content=\"article\" \/>\n<meta property=\"og:title\" content=\"VT Cosmetics Progloss Bubble Sparkling Booster - IDA.KOREA\" \/>\n<meta property=\"og:description\" content=\"VT Cosmetics Progloss Bubble Sparkling Booster eemaldab tuhmuse ja punetuse, \u00fchtlustab jumet ning annab nahale loomuliku s\u00e4ra. Kiire tarne!\" \/>\n<meta property=\"og:url\" content=\"https:\/\/idakorea.ee\/fi\/product\/naomask-vt-cosmetics-progloss-bubble-sparkling-booster\/\" \/>\n<meta property=\"og:site_name\" content=\"IDA.KOREA\" \/>\n<meta property=\"article:modified_time\" content=\"2026-02-28T19:57:58+00:00\" \/>\n<meta property=\"og:image\" content=\"https:\/\/idakorea.ee\/wp-content\/uploads\/2024\/07\/tmw6u74mvy2a.jpg\" \/>\n\t<meta property=\"og:image:width\" content=\"2246\" \/>\n\t<meta property=\"og:image:height\" content=\"2245\" \/>\n\t<meta property=\"og:image:type\" content=\"image\/jpeg\" \/>\n<meta name=\"twitter:card\" content=\"summary_large_image\" \/>\n<meta name=\"twitter:label1\" content=\"Arvioitu lukuaika\" \/>\n\t<meta name=\"twitter:data1\" content=\"2 minuuttia\" \/>\n<script type=\"application\/ld+json\" class=\"yoast-schema-graph\">{\"@context\":\"https:\/\/schema.org\",\"@graph\":[{\"@type\":\"WebPage\",\"@id\":\"https:\/\/idakorea.ee\/product\/naomask-vt-cosmetics-progloss-bubble-sparkling-booster\/\",\"url\":\"https:\/\/idakorea.ee\/product\/naomask-vt-cosmetics-progloss-bubble-sparkling-booster\/\",\"name\":\"VT Cosmetics Progloss Bubble Sparkling Booster - IDA.KOREA\",\"isPartOf\":{\"@id\":\"https:\/\/idakorea.ee\/#website\"},\"primaryImageOfPage\":{\"@id\":\"https:\/\/idakorea.ee\/product\/naomask-vt-cosmetics-progloss-bubble-sparkling-booster\/#primaryimage\"},\"image\":{\"@id\":\"https:\/\/idakorea.ee\/product\/naomask-vt-cosmetics-progloss-bubble-sparkling-booster\/#primaryimage\"},\"thumbnailUrl\":\"https:\/\/idakorea.ee\/wp-content\/uploads\/2024\/07\/tmw6u74mvy2a.jpg\",\"datePublished\":\"2024-07-03T06:54:53+00:00\",\"dateModified\":\"2026-02-28T19:57:58+00:00\",\"description\":\"VT Cosmetics Progloss Bubble Sparkling Booster eemaldab tuhmuse ja punetuse, \u00fchtlustab jumet ning annab nahale loomuliku s\u00e4ra. Kiire tarne!\",\"breadcrumb\":{\"@id\":\"https:\/\/idakorea.ee\/product\/naomask-vt-cosmetics-progloss-bubble-sparkling-booster\/#breadcrumb\"},\"inLanguage\":\"fi\",\"potentialAction\":[{\"@type\":\"ReadAction\",\"target\":[\"https:\/\/idakorea.ee\/product\/naomask-vt-cosmetics-progloss-bubble-sparkling-booster\/\"]}]},{\"@type\":\"ImageObject\",\"inLanguage\":\"fi\",\"@id\":\"https:\/\/idakorea.ee\/product\/naomask-vt-cosmetics-progloss-bubble-sparkling-booster\/#primaryimage\",\"url\":\"https:\/\/idakorea.ee\/wp-content\/uploads\/2024\/07\/tmw6u74mvy2a.jpg\",\"contentUrl\":\"https:\/\/idakorea.ee\/wp-content\/uploads\/2024\/07\/tmw6u74mvy2a.jpg\",\"width\":2246,\"height\":2245},{\"@type\":\"BreadcrumbList\",\"@id\":\"https:\/\/idakorea.ee\/product\/naomask-vt-cosmetics-progloss-bubble-sparkling-booster\/#breadcrumb\",\"itemListElement\":[{\"@type\":\"ListItem\",\"position\":1,\"name\":\"\u0413\u043b\u0430\u0432\u043d\u0430\u044f \u0441\u0442\u0440\u0430\u043d\u0438\u0446\u0430\",\"item\":\"https:\/\/idakorea.ee\/\"},{\"@type\":\"ListItem\",\"position\":2,\"name\":\"Shop\",\"item\":\"https:\/\/idakorea.ee\/shop-2\/\"},{\"@type\":\"ListItem\",\"position\":3,\"name\":\"N\u00e4omask VT Cosmetics Progloss Bubble Sparkling Booster\"}]},{\"@type\":\"WebSite\",\"@id\":\"https:\/\/idakorea.ee\/#website\",\"url\":\"https:\/\/idakorea.ee\/\",\"name\":\"IDA.KOREA\",\"description\":\"Korea kosmeetika e-pood\",\"publisher\":{\"@id\":\"https:\/\/idakorea.ee\/#organization\"},\"alternateName\":\"Beauty Shop\",\"potentialAction\":[{\"@type\":\"SearchAction\",\"target\":{\"@type\":\"EntryPoint\",\"urlTemplate\":\"https:\/\/idakorea.ee\/?s={search_term_string}\"},\"query-input\":{\"@type\":\"PropertyValueSpecification\",\"valueRequired\":true,\"valueName\":\"search_term_string\"}}],\"inLanguage\":\"fi\"},{\"@type\":\"Organization\",\"@id\":\"https:\/\/idakorea.ee\/#organization\",\"name\":\"IDA.KOREA\",\"url\":\"https:\/\/idakorea.ee\/\",\"logo\":{\"@type\":\"ImageObject\",\"inLanguage\":\"fi\",\"@id\":\"https:\/\/idakorea.ee\/#\/schema\/logo\/image\/\",\"url\":\"https:\/\/idakorea.ee\/wp-content\/uploads\/2024\/05\/cropped-korea3.png\",\"contentUrl\":\"https:\/\/idakorea.ee\/wp-content\/uploads\/2024\/05\/cropped-korea3.png\",\"width\":688,\"height\":126,\"caption\":\"IDA.KOREA\"},\"image\":{\"@id\":\"https:\/\/idakorea.ee\/#\/schema\/logo\/image\/\"},\"sameAs\":[\"https:\/\/www.instagram.com\/ida.korea\/\"]}]}<\/script>\n<!-- \/ Yoast SEO plugin. -->","yoast_head_json":{"title":"VT Cosmetics Progloss Bubble Sparkling Booster -kimalteleva s\u00e4vy - IDA.KOREA","description":"VT Cosmetics Progloss Bubble Sparkling Booster poistaa sameutta ja punoitusta, tasoittaa ihon s\u00e4vy\u00e4 ja antaa iholle luonnollisen hehkun. Nopea toimitus!","robots":{"index":"index","follow":"follow","max-snippet":"max-snippet:-1","max-image-preview":"max-image-preview:large","max-video-preview":"max-video-preview:-1"},"canonical":"https:\/\/idakorea.ee\/fi\/product\/naomask-vt-cosmetics-progloss-bubble-sparkling-booster\/","og_locale":"fi_FI","og_type":"article","og_title":"VT Cosmetics Progloss Bubble Sparkling Booster - IDA.KOREA","og_description":"VT Cosmetics Progloss Bubble Sparkling Booster eemaldab tuhmuse ja punetuse, \u00fchtlustab jumet ning annab nahale loomuliku s\u00e4ra. Kiire tarne!","og_url":"https:\/\/idakorea.ee\/fi\/product\/naomask-vt-cosmetics-progloss-bubble-sparkling-booster\/","og_site_name":"IDA.KOREA","article_modified_time":"2026-02-28T19:57:58+00:00","og_image":[{"width":2246,"height":2245,"url":"https:\/\/idakorea.ee\/wp-content\/uploads\/2024\/07\/tmw6u74mvy2a.jpg","type":"image\/jpeg"}],"twitter_card":"summary_large_image","twitter_misc":{"Arvioitu lukuaika":"2 minuuttia"},"schema":{"@context":"https:\/\/schema.org","@graph":[{"@type":"WebPage","@id":"https:\/\/idakorea.ee\/product\/naomask-vt-cosmetics-progloss-bubble-sparkling-booster\/","url":"https:\/\/idakorea.ee\/product\/naomask-vt-cosmetics-progloss-bubble-sparkling-booster\/","name":"VT Cosmetics Progloss Bubble Sparkling Booster -kimalteleva s\u00e4vy - IDA.KOREA","isPartOf":{"@id":"https:\/\/idakorea.ee\/#website"},"primaryImageOfPage":{"@id":"https:\/\/idakorea.ee\/product\/naomask-vt-cosmetics-progloss-bubble-sparkling-booster\/#primaryimage"},"image":{"@id":"https:\/\/idakorea.ee\/product\/naomask-vt-cosmetics-progloss-bubble-sparkling-booster\/#primaryimage"},"thumbnailUrl":"https:\/\/idakorea.ee\/wp-content\/uploads\/2024\/07\/tmw6u74mvy2a.jpg","datePublished":"2024-07-03T06:54:53+00:00","dateModified":"2026-02-28T19:57:58+00:00","description":"VT Cosmetics Progloss Bubble Sparkling Booster poistaa sameutta ja punoitusta, tasoittaa ihon s\u00e4vy\u00e4 ja antaa iholle luonnollisen hehkun. Nopea toimitus!","breadcrumb":{"@id":"https:\/\/idakorea.ee\/product\/naomask-vt-cosmetics-progloss-bubble-sparkling-booster\/#breadcrumb"},"inLanguage":"fi","potentialAction":[{"@type":"ReadAction","target":["https:\/\/idakorea.ee\/product\/naomask-vt-cosmetics-progloss-bubble-sparkling-booster\/"]}]},{"@type":"ImageObject","inLanguage":"fi","@id":"https:\/\/idakorea.ee\/product\/naomask-vt-cosmetics-progloss-bubble-sparkling-booster\/#primaryimage","url":"https:\/\/idakorea.ee\/wp-content\/uploads\/2024\/07\/tmw6u74mvy2a.jpg","contentUrl":"https:\/\/idakorea.ee\/wp-content\/uploads\/2024\/07\/tmw6u74mvy2a.jpg","width":2246,"height":2245},{"@type":"BreadcrumbList","@id":"https:\/\/idakorea.ee\/product\/naomask-vt-cosmetics-progloss-bubble-sparkling-booster\/#breadcrumb","itemListElement":[{"@type":"ListItem","position":1,"name":"\u0413\u043b\u0430\u0432\u043d\u0430\u044f \u0441\u0442\u0440\u0430\u043d\u0438\u0446\u0430","item":"https:\/\/idakorea.ee\/"},{"@type":"ListItem","position":2,"name":"Shop","item":"https:\/\/idakorea.ee\/shop-2\/"},{"@type":"ListItem","position":3,"name":"N\u00e4omask VT Cosmetics Progloss Bubble Sparkling Booster"}]},{"@type":"WebSite","@id":"https:\/\/idakorea.ee\/#website","url":"https:\/\/idakorea.ee\/","name":"IDA.KOREA","description":"Korean kosmetiikan verkkokauppa","publisher":{"@id":"https:\/\/idakorea.ee\/#organization"},"alternateName":"Beauty Shop","potentialAction":[{"@type":"SearchAction","target":{"@type":"EntryPoint","urlTemplate":"https:\/\/idakorea.ee\/?s={search_term_string}"},"query-input":{"@type":"PropertyValueSpecification","valueRequired":true,"valueName":"search_term_string"}}],"inLanguage":"fi"},{"@type":"Organization","@id":"https:\/\/idakorea.ee\/#organization","name":"IDA.KOREA","url":"https:\/\/idakorea.ee\/","logo":{"@type":"ImageObject","inLanguage":"fi","@id":"https:\/\/idakorea.ee\/#\/schema\/logo\/image\/","url":"https:\/\/idakorea.ee\/wp-content\/uploads\/2024\/05\/cropped-korea3.png","contentUrl":"https:\/\/idakorea.ee\/wp-content\/uploads\/2024\/05\/cropped-korea3.png","width":688,"height":126,"caption":"IDA.KOREA"},"image":{"@id":"https:\/\/idakorea.ee\/#\/schema\/logo\/image\/"},"sameAs":["https:\/\/www.instagram.com\/ida.korea\/"]}]}},"jetpack_sharing_enabled":true,"brands":[],"_links":{"self":[{"href":"https:\/\/idakorea.ee\/fi\/wp-json\/wp\/v2\/product\/9106","targetHints":{"allow":["GET"]}}],"collection":[{"href":"https:\/\/idakorea.ee\/fi\/wp-json\/wp\/v2\/product"}],"about":[{"href":"https:\/\/idakorea.ee\/fi\/wp-json\/wp\/v2\/types\/product"}],"replies":[{"embeddable":true,"href":"https:\/\/idakorea.ee\/fi\/wp-json\/wp\/v2\/comments?post=9106"}],"version-history":[{"count":1,"href":"https:\/\/idakorea.ee\/fi\/wp-json\/wp\/v2\/product\/9106\/revisions"}],"predecessor-version":[{"id":10587,"href":"https:\/\/idakorea.ee\/fi\/wp-json\/wp\/v2\/product\/9106\/revisions\/10587"}],"wp:featuredmedia":[{"embeddable":true,"href":"https:\/\/idakorea.ee\/fi\/wp-json\/wp\/v2\/media\/9107"}],"wp:attachment":[{"href":"https:\/\/idakorea.ee\/fi\/wp-json\/wp\/v2\/media?parent=9106"}],"wp:term":[{"taxonomy":"pwb-brand","embeddable":true,"href":"https:\/\/idakorea.ee\/fi\/wp-json\/wp\/v2\/pwb-brand?post=9106"},{"taxonomy":"product_brand","embeddable":true,"href":"https:\/\/idakorea.ee\/fi\/wp-json\/wp\/v2\/product_brand?post=9106"},{"taxonomy":"product_cat","embeddable":true,"href":"https:\/\/idakorea.ee\/fi\/wp-json\/wp\/v2\/product_cat?post=9106"},{"taxonomy":"product_tag","embeddable":true,"href":"https:\/\/idakorea.ee\/fi\/wp-json\/wp\/v2\/product_tag?post=9106"}],"curies":[{"name":"wp","href":"https:\/\/api.w.org\/{rel}","templated":true}]}}