{"id":9111,"date":"2024-07-03T07:21:14","date_gmt":"2024-07-03T07:21:14","guid":{"rendered":"https:\/\/idakorea.ee\/?post_type=product&#038;p=9111"},"modified":"2026-03-27T08:36:21","modified_gmt":"2026-03-27T06:36:21","slug":"naopuhastusgeel-vaht-sulwhasoo-gentle-cleansing-foam-50ml","status":"publish","type":"product","link":"https:\/\/idakorea.ee\/fi\/product\/naopuhastusgeel-vaht-sulwhasoo-gentle-cleansing-foam-50ml\/","title":{"rendered":"Kasvojen puhdistusgeeli-vaahto Sulwhasoo Gentle Cleansing Foam, 50ml"},"content":{"rendered":"<p><strong>Sulwhasoo Hell\u00e4varainen puhdistusvaahto<\/strong> Tunkeutuu syv\u00e4lle ihohuokosiin ja puhdistaa tehokkaasti meikkij\u00e4\u00e4m\u00e4t, talin, p\u00f6lyn ja muut ep\u00e4puhtaudet. Sen erityinen hell\u00e4varainen koostumus ei \u00e4rsyt\u00e4 ihoa ja yll\u00e4pit\u00e4\u00e4 optimaalisen kosteustason my\u00f6s puhdistuksen j\u00e4lkeen.<\/p>\n<p>Geeli kuorii ja kiillottaa ihoa hell\u00e4varaisesti poistaen kuolleita ihosoluja. Se sopii my\u00f6s kevyen silm\u00e4meikin ja huulten meikin poistoon.<\/p>\n<p>Patentoitu puhdistuskoostumus Hydra Capture Complex\u2122 auttaa s\u00e4ilytt\u00e4m\u00e4\u00e4n kosteuden epidermiksen soluissa ja suojaa ihoa kuivumiselta ja kuivumiselta. Rauhoittaa ja lievitt\u00e4\u00e4 kutinaa ja \u00e4rsytyst\u00e4.<\/p>\n<p>Tuote muodostaa elastisen vaahdon ja siin\u00e4 on it\u00e4maisten kasvien tuoksu.<\/p>\n<p><strong>T\u00e4rkeimm\u00e4t vaikuttavat aineet:<\/strong><\/p>\n<ul>\n<li><strong>Kastanjan kuoriuute<\/strong> Sis\u00e4lt\u00e4\u00e4 salisyyli-, askorbiini- ja maitohappoja, flavonoideja, tanniineja ja pektiinej\u00e4. Puhdistaa ja kiillottaa ihon pintaa hell\u00e4varaisesti, hoitaa tulehdusta, supistaa ihohuokosia, vahvistaa epidermiksen kuituja, stimuloi imunesteen virtausta ja parantaa solujen mikroverenkiertoa.<\/li>\n<li><strong>Vadelmauute<\/strong> lis\u00e4\u00e4 ihon kimmoisuutta, kosteuttaa, silottaa hienoja ryppyj\u00e4 ja parantaa rasvaisen, tulehduksiin taipuvan ihon kuntoa.<\/li>\n<li><strong>Mandariininkuoriuute<\/strong> kiinteytt\u00e4\u00e4 ja rauhoittaa ihoa, torjuu ensimm\u00e4isi\u00e4 ik\u00e4\u00e4ntymisen merkkej\u00e4 ja tasoittaa ihon s\u00e4vy\u00e4.<\/li>\n<li><strong>Aprikoosinydin\u00f6ljy<\/strong> Kiihdytt\u00e4\u00e4 uudistumisprosesseja, kosteuttaa, pehment\u00e4\u00e4 ja kiinteytt\u00e4\u00e4 ihoa, sill\u00e4 on nuorentava ja tulehdusta ehk\u00e4isev\u00e4 vaikutus. Aktivoi kollageeni- ja elastiinisynteesi\u00e4, mik\u00e4 lis\u00e4\u00e4 ihon kimmoisuutta.<\/li>\n<li><strong>Angelica-uute<\/strong> Rauhoittaa \u00e4rtynytt\u00e4 ihoa, pehment\u00e4\u00e4 kuivia alueita ja tukee aineenvaihduntaa. Stimuloi ihon uusiutumista ja antaa kohottavan vaikutuksen.<\/li>\n<li><strong>Kaakaouute<\/strong> Kosteuttaa tehokkaasti, tukee ihon kiinteytt\u00e4 ja palauttaa ihon kimmoisuuden, tasoittaa, uudistaa ja korjaa vaurioitunutta ihoa.<\/li>\n<\/ul>\n<p>Sopii kaikille ihotyypeille.<\/p>\n<p><strong>K\u00e4ytt\u00f6opas:<\/strong> Sekoita pieni m\u00e4\u00e4r\u00e4 tuotetta veteen ja vaahdota. Levit\u00e4 vaahto iholle hell\u00e4varaisesti hierovin liikkein, hiero ja huuhtele l\u00e4mpim\u00e4ll\u00e4 vedell\u00e4.<\/p>","protected":false},"excerpt":{"rendered":"<p>Sulwhasoo Gentle Cleansing Foam tunkeutuu syv\u00e4lle ihohuokosiin ja puhdistaa tehokkaasti meikin j\u00e4\u00e4m\u00e4t, rasvan, p\u00f6lyn ja muut ep\u00e4puhtaudet. Sen erityisen hell\u00e4varainen koostumus ei \u00e4rsyt\u00e4 ihoa ja s\u00e4ilytt\u00e4\u00e4 optimaalisen kosteustasapainon my\u00f6s puhdistuksen j\u00e4lkeen. Geeli kiillottaa ja kuorii ihoa hell\u00e4varaisesti poistaen kuolleet ihosolut. Se sopii my\u00f6s huokosettomien silm\u00e4- ja huulimeikin poistoon. Patentoitu puhdistuskaava Hydra Capture Complex\u2122 auttaa s\u00e4ilytt\u00e4m\u00e4\u00e4n kosteuden epidermiksen soluissa....<\/p>","protected":false},"featured_media":9112,"comment_status":"open","ping_status":"closed","template":"","meta":{"_uf_show_specific_survey":0,"_uf_disable_surveys":false,"_bst_post_transparent":"default","_bst_post_title":"","_bst_post_layout":"default","_bst_post_sidebar_id":"","_bst_post_content_style":"default","_bst_post_vertical_padding":"default","_bst_post_feature":"","_bst_post_feature_position":"","_bst_post_header":false,"_bst_post_footer":false},"pwb-brand":[106],"product_brand":[],"product_cat":[92,452,100],"product_tag":[233,377,202,216,439,464],"class_list":{"0":"post-9111","1":"product","2":"type-product","3":"status-publish","4":"has-post-thumbnail","6":"pwb-brand-sulwhasoo","7":"product_cat-nagu","8":"product_cat-naopuhastusgeelid","9":"product_cat-puhastusvahendid","10":"product_tag-internet-pood-eesti","11":"product_tag-k-beauty-2","12":"product_tag-korea-kosmeetika","13":"product_tag-kuiv-nahk","14":"product_tag-rahustav","15":"product_tag-sulwhasoo","17":"first","18":"instock","19":"sale","20":"shipping-taxable","21":"purchasable","22":"product-type-simple","23":"entry","24":"content-bg","25":"loop-entry"},"supplier_id":null,"supplier_sku":"","barcode":null,"atum_controlled":true,"out_stock_date":null,"out_stock_threshold":null,"inheritable":false,"inbound_stock":0,"stock_on_hold":0,"sold_today":0,"sales_last_days":2,"out_stock_days":0,"lost_sales":0,"has_location":false,"update_date":"2026-04-14T00:05:11","atum_locations":[],"atum_stock_status":"instock","restock_status":false,"low_stock_amount":"","sales_update_date":"2026-04-14T00:05:11","calc_backorders":null,"yoast_head":"<!-- This site is optimized with the Yoast SEO plugin v27.2 - https:\/\/yoast.com\/product\/yoast-seo-wordpress\/ -->\n<title>N\u00e4opuhastusgeel-vaht Sulwhasoo Gentle Cleansing Foam, 50ml - IDA.KOREA<\/title>\n<meta name=\"description\" content=\"Sulwhasoo Gentle Cleansing Foam tungib s\u00fcgavale pooridesse ja puhastab t\u00f5husalt meigij\u00e4\u00e4gid, rasu, tolmu ja muud saasteained.\" \/>\n<meta name=\"robots\" content=\"index, follow, max-snippet:-1, max-image-preview:large, max-video-preview:-1\" \/>\n<link rel=\"canonical\" href=\"https:\/\/idakorea.ee\/fi\/product\/naopuhastusgeel-vaht-sulwhasoo-gentle-cleansing-foam-50ml\/\" \/>\n<meta property=\"og:locale\" content=\"fi_FI\" \/>\n<meta property=\"og:type\" content=\"article\" \/>\n<meta property=\"og:title\" content=\"N\u00e4opuhastusgeel-vaht Sulwhasoo Gentle Cleansing Foam, 50ml - IDA.KOREA\" \/>\n<meta property=\"og:description\" content=\"Sulwhasoo Gentle Cleansing Foam tungib s\u00fcgavale pooridesse ja puhastab t\u00f5husalt meigij\u00e4\u00e4gid, rasu, tolmu ja muud saasteained.\" \/>\n<meta property=\"og:url\" content=\"https:\/\/idakorea.ee\/fi\/product\/naopuhastusgeel-vaht-sulwhasoo-gentle-cleansing-foam-50ml\/\" \/>\n<meta property=\"og:site_name\" content=\"IDA.KOREA\" \/>\n<meta property=\"article:modified_time\" content=\"2026-03-27T06:36:21+00:00\" \/>\n<meta property=\"og:image\" content=\"https:\/\/idakorea.ee\/wp-content\/uploads\/2024\/07\/sulwhasoo-gentle-cleansing-foam.jpg\" \/>\n\t<meta property=\"og:image:width\" content=\"1000\" \/>\n\t<meta property=\"og:image:height\" content=\"1000\" \/>\n\t<meta property=\"og:image:type\" content=\"image\/jpeg\" \/>\n<meta name=\"twitter:card\" content=\"summary_large_image\" \/>\n<meta name=\"twitter:label1\" content=\"Arvioitu lukuaika\" \/>\n\t<meta name=\"twitter:data1\" content=\"2 minuuttia\" \/>\n<script type=\"application\/ld+json\" class=\"yoast-schema-graph\">{\"@context\":\"https:\/\/schema.org\",\"@graph\":[{\"@type\":\"WebPage\",\"@id\":\"https:\/\/idakorea.ee\/product\/naopuhastusgeel-vaht-sulwhasoo-gentle-cleansing-foam-50ml\/\",\"url\":\"https:\/\/idakorea.ee\/product\/naopuhastusgeel-vaht-sulwhasoo-gentle-cleansing-foam-50ml\/\",\"name\":\"N\u00e4opuhastusgeel-vaht Sulwhasoo Gentle Cleansing Foam, 50ml - IDA.KOREA\",\"isPartOf\":{\"@id\":\"https:\/\/idakorea.ee\/#website\"},\"primaryImageOfPage\":{\"@id\":\"https:\/\/idakorea.ee\/product\/naopuhastusgeel-vaht-sulwhasoo-gentle-cleansing-foam-50ml\/#primaryimage\"},\"image\":{\"@id\":\"https:\/\/idakorea.ee\/product\/naopuhastusgeel-vaht-sulwhasoo-gentle-cleansing-foam-50ml\/#primaryimage\"},\"thumbnailUrl\":\"https:\/\/idakorea.ee\/wp-content\/uploads\/2024\/07\/sulwhasoo-gentle-cleansing-foam.jpg\",\"datePublished\":\"2024-07-03T07:21:14+00:00\",\"dateModified\":\"2026-03-27T06:36:21+00:00\",\"description\":\"Sulwhasoo Gentle Cleansing Foam tungib s\u00fcgavale pooridesse ja puhastab t\u00f5husalt meigij\u00e4\u00e4gid, rasu, tolmu ja muud saasteained.\",\"breadcrumb\":{\"@id\":\"https:\/\/idakorea.ee\/product\/naopuhastusgeel-vaht-sulwhasoo-gentle-cleansing-foam-50ml\/#breadcrumb\"},\"inLanguage\":\"fi\",\"potentialAction\":[{\"@type\":\"ReadAction\",\"target\":[\"https:\/\/idakorea.ee\/product\/naopuhastusgeel-vaht-sulwhasoo-gentle-cleansing-foam-50ml\/\"]}]},{\"@type\":\"ImageObject\",\"inLanguage\":\"fi\",\"@id\":\"https:\/\/idakorea.ee\/product\/naopuhastusgeel-vaht-sulwhasoo-gentle-cleansing-foam-50ml\/#primaryimage\",\"url\":\"https:\/\/idakorea.ee\/wp-content\/uploads\/2024\/07\/sulwhasoo-gentle-cleansing-foam.jpg\",\"contentUrl\":\"https:\/\/idakorea.ee\/wp-content\/uploads\/2024\/07\/sulwhasoo-gentle-cleansing-foam.jpg\",\"width\":1000,\"height\":1000},{\"@type\":\"BreadcrumbList\",\"@id\":\"https:\/\/idakorea.ee\/product\/naopuhastusgeel-vaht-sulwhasoo-gentle-cleansing-foam-50ml\/#breadcrumb\",\"itemListElement\":[{\"@type\":\"ListItem\",\"position\":1,\"name\":\"\u0413\u043b\u0430\u0432\u043d\u0430\u044f \u0441\u0442\u0440\u0430\u043d\u0438\u0446\u0430\",\"item\":\"https:\/\/idakorea.ee\/\"},{\"@type\":\"ListItem\",\"position\":2,\"name\":\"Shop\",\"item\":\"https:\/\/idakorea.ee\/shop-2\/\"},{\"@type\":\"ListItem\",\"position\":3,\"name\":\"N\u00e4opuhastusgeel-vaht Sulwhasoo Gentle Cleansing Foam, 50ml\"}]},{\"@type\":\"WebSite\",\"@id\":\"https:\/\/idakorea.ee\/#website\",\"url\":\"https:\/\/idakorea.ee\/\",\"name\":\"IDA.KOREA\",\"description\":\"Korea kosmeetika e-pood\",\"publisher\":{\"@id\":\"https:\/\/idakorea.ee\/#organization\"},\"alternateName\":\"Beauty Shop\",\"potentialAction\":[{\"@type\":\"SearchAction\",\"target\":{\"@type\":\"EntryPoint\",\"urlTemplate\":\"https:\/\/idakorea.ee\/?s={search_term_string}\"},\"query-input\":{\"@type\":\"PropertyValueSpecification\",\"valueRequired\":true,\"valueName\":\"search_term_string\"}}],\"inLanguage\":\"fi\"},{\"@type\":\"Organization\",\"@id\":\"https:\/\/idakorea.ee\/#organization\",\"name\":\"IDA.KOREA\",\"url\":\"https:\/\/idakorea.ee\/\",\"logo\":{\"@type\":\"ImageObject\",\"inLanguage\":\"fi\",\"@id\":\"https:\/\/idakorea.ee\/#\/schema\/logo\/image\/\",\"url\":\"https:\/\/idakorea.ee\/wp-content\/uploads\/2024\/05\/cropped-korea3.png\",\"contentUrl\":\"https:\/\/idakorea.ee\/wp-content\/uploads\/2024\/05\/cropped-korea3.png\",\"width\":688,\"height\":126,\"caption\":\"IDA.KOREA\"},\"image\":{\"@id\":\"https:\/\/idakorea.ee\/#\/schema\/logo\/image\/\"},\"sameAs\":[\"https:\/\/www.instagram.com\/ida.korea\/\"]}]}<\/script>\n<!-- \/ Yoast SEO plugin. -->","yoast_head_json":{"title":"Kasvojenpuhdistusgeeli-vaahto Sulwhasoo Gentle Cleansing Foam, 50ml - IT\u00c4-KOREA","description":"Sulwhasoo Gentle Cleansing Foam -puhdistusvaahto tunkeutuu syv\u00e4lle ihohuokosiin ja puhdistaa tehokkaasti meikkij\u00e4\u00e4m\u00e4t, talin, p\u00f6lyn ja muut ep\u00e4puhtaudet.","robots":{"index":"index","follow":"follow","max-snippet":"max-snippet:-1","max-image-preview":"max-image-preview:large","max-video-preview":"max-video-preview:-1"},"canonical":"https:\/\/idakorea.ee\/fi\/product\/naopuhastusgeel-vaht-sulwhasoo-gentle-cleansing-foam-50ml\/","og_locale":"fi_FI","og_type":"article","og_title":"N\u00e4opuhastusgeel-vaht Sulwhasoo Gentle Cleansing Foam, 50ml - IDA.KOREA","og_description":"Sulwhasoo Gentle Cleansing Foam tungib s\u00fcgavale pooridesse ja puhastab t\u00f5husalt meigij\u00e4\u00e4gid, rasu, tolmu ja muud saasteained.","og_url":"https:\/\/idakorea.ee\/fi\/product\/naopuhastusgeel-vaht-sulwhasoo-gentle-cleansing-foam-50ml\/","og_site_name":"IDA.KOREA","article_modified_time":"2026-03-27T06:36:21+00:00","og_image":[{"width":1000,"height":1000,"url":"https:\/\/idakorea.ee\/wp-content\/uploads\/2024\/07\/sulwhasoo-gentle-cleansing-foam.jpg","type":"image\/jpeg"}],"twitter_card":"summary_large_image","twitter_misc":{"Arvioitu lukuaika":"2 minuuttia"},"schema":{"@context":"https:\/\/schema.org","@graph":[{"@type":"WebPage","@id":"https:\/\/idakorea.ee\/product\/naopuhastusgeel-vaht-sulwhasoo-gentle-cleansing-foam-50ml\/","url":"https:\/\/idakorea.ee\/product\/naopuhastusgeel-vaht-sulwhasoo-gentle-cleansing-foam-50ml\/","name":"Kasvojenpuhdistusgeeli-vaahto Sulwhasoo Gentle Cleansing Foam, 50ml - IT\u00c4-KOREA","isPartOf":{"@id":"https:\/\/idakorea.ee\/#website"},"primaryImageOfPage":{"@id":"https:\/\/idakorea.ee\/product\/naopuhastusgeel-vaht-sulwhasoo-gentle-cleansing-foam-50ml\/#primaryimage"},"image":{"@id":"https:\/\/idakorea.ee\/product\/naopuhastusgeel-vaht-sulwhasoo-gentle-cleansing-foam-50ml\/#primaryimage"},"thumbnailUrl":"https:\/\/idakorea.ee\/wp-content\/uploads\/2024\/07\/sulwhasoo-gentle-cleansing-foam.jpg","datePublished":"2024-07-03T07:21:14+00:00","dateModified":"2026-03-27T06:36:21+00:00","description":"Sulwhasoo Gentle Cleansing Foam -puhdistusvaahto tunkeutuu syv\u00e4lle ihohuokosiin ja puhdistaa tehokkaasti meikkij\u00e4\u00e4m\u00e4t, talin, p\u00f6lyn ja muut ep\u00e4puhtaudet.","breadcrumb":{"@id":"https:\/\/idakorea.ee\/product\/naopuhastusgeel-vaht-sulwhasoo-gentle-cleansing-foam-50ml\/#breadcrumb"},"inLanguage":"fi","potentialAction":[{"@type":"ReadAction","target":["https:\/\/idakorea.ee\/product\/naopuhastusgeel-vaht-sulwhasoo-gentle-cleansing-foam-50ml\/"]}]},{"@type":"ImageObject","inLanguage":"fi","@id":"https:\/\/idakorea.ee\/product\/naopuhastusgeel-vaht-sulwhasoo-gentle-cleansing-foam-50ml\/#primaryimage","url":"https:\/\/idakorea.ee\/wp-content\/uploads\/2024\/07\/sulwhasoo-gentle-cleansing-foam.jpg","contentUrl":"https:\/\/idakorea.ee\/wp-content\/uploads\/2024\/07\/sulwhasoo-gentle-cleansing-foam.jpg","width":1000,"height":1000},{"@type":"BreadcrumbList","@id":"https:\/\/idakorea.ee\/product\/naopuhastusgeel-vaht-sulwhasoo-gentle-cleansing-foam-50ml\/#breadcrumb","itemListElement":[{"@type":"ListItem","position":1,"name":"\u0413\u043b\u0430\u0432\u043d\u0430\u044f \u0441\u0442\u0440\u0430\u043d\u0438\u0446\u0430","item":"https:\/\/idakorea.ee\/"},{"@type":"ListItem","position":2,"name":"Shop","item":"https:\/\/idakorea.ee\/shop-2\/"},{"@type":"ListItem","position":3,"name":"N\u00e4opuhastusgeel-vaht Sulwhasoo Gentle Cleansing Foam, 50ml"}]},{"@type":"WebSite","@id":"https:\/\/idakorea.ee\/#website","url":"https:\/\/idakorea.ee\/","name":"IDA.KOREA","description":"Korean kosmetiikan verkkokauppa","publisher":{"@id":"https:\/\/idakorea.ee\/#organization"},"alternateName":"Beauty Shop","potentialAction":[{"@type":"SearchAction","target":{"@type":"EntryPoint","urlTemplate":"https:\/\/idakorea.ee\/?s={search_term_string}"},"query-input":{"@type":"PropertyValueSpecification","valueRequired":true,"valueName":"search_term_string"}}],"inLanguage":"fi"},{"@type":"Organization","@id":"https:\/\/idakorea.ee\/#organization","name":"IDA.KOREA","url":"https:\/\/idakorea.ee\/","logo":{"@type":"ImageObject","inLanguage":"fi","@id":"https:\/\/idakorea.ee\/#\/schema\/logo\/image\/","url":"https:\/\/idakorea.ee\/wp-content\/uploads\/2024\/05\/cropped-korea3.png","contentUrl":"https:\/\/idakorea.ee\/wp-content\/uploads\/2024\/05\/cropped-korea3.png","width":688,"height":126,"caption":"IDA.KOREA"},"image":{"@id":"https:\/\/idakorea.ee\/#\/schema\/logo\/image\/"},"sameAs":["https:\/\/www.instagram.com\/ida.korea\/"]}]}},"jetpack_sharing_enabled":true,"brands":[{"id":106,"name":"SULWHASOO","slug":"sulwhasoo"}],"_links":{"self":[{"href":"https:\/\/idakorea.ee\/fi\/wp-json\/wp\/v2\/product\/9111","targetHints":{"allow":["GET"]}}],"collection":[{"href":"https:\/\/idakorea.ee\/fi\/wp-json\/wp\/v2\/product"}],"about":[{"href":"https:\/\/idakorea.ee\/fi\/wp-json\/wp\/v2\/types\/product"}],"replies":[{"embeddable":true,"href":"https:\/\/idakorea.ee\/fi\/wp-json\/wp\/v2\/comments?post=9111"}],"version-history":[{"count":2,"href":"https:\/\/idakorea.ee\/fi\/wp-json\/wp\/v2\/product\/9111\/revisions"}],"predecessor-version":[{"id":10302,"href":"https:\/\/idakorea.ee\/fi\/wp-json\/wp\/v2\/product\/9111\/revisions\/10302"}],"wp:featuredmedia":[{"embeddable":true,"href":"https:\/\/idakorea.ee\/fi\/wp-json\/wp\/v2\/media\/9112"}],"wp:attachment":[{"href":"https:\/\/idakorea.ee\/fi\/wp-json\/wp\/v2\/media?parent=9111"}],"wp:term":[{"taxonomy":"pwb-brand","embeddable":true,"href":"https:\/\/idakorea.ee\/fi\/wp-json\/wp\/v2\/pwb-brand?post=9111"},{"taxonomy":"product_brand","embeddable":true,"href":"https:\/\/idakorea.ee\/fi\/wp-json\/wp\/v2\/product_brand?post=9111"},{"taxonomy":"product_cat","embeddable":true,"href":"https:\/\/idakorea.ee\/fi\/wp-json\/wp\/v2\/product_cat?post=9111"},{"taxonomy":"product_tag","embeddable":true,"href":"https:\/\/idakorea.ee\/fi\/wp-json\/wp\/v2\/product_tag?post=9111"}],"curies":[{"name":"wp","href":"https:\/\/api.w.org\/{rel}","templated":true}]}}