{"id":9120,"date":"2024-07-03T07:49:14","date_gmt":"2024-07-03T07:49:14","guid":{"rendered":"https:\/\/idakorea.ee\/?post_type=product&#038;p=9120"},"modified":"2026-04-06T08:33:02","modified_gmt":"2026-04-06T06:33:02","slug":"sulwhasoo-overnight-vitalizing-mask","status":"publish","type":"product","link":"https:\/\/idakorea.ee\/fi\/product\/sulwhasoo-overnight-vitalizing-mask\/","title":{"rendered":"Y\u00f6n yli kest\u00e4v\u00e4 kasvonaamio Sulwhasoo Overnight Vitalizing Mask, 35ml"},"content":{"rendered":"<p><strong>Sulwhasoo Y\u00f6n yli elvytt\u00e4v\u00e4 naamio<\/strong> on suunniteltu kosteuttamaan, ravitsemaan ja palauttamaan ihoa y\u00f6ll\u00e4, jolloin ihon luonnolliset uusiutumisprosessit ovat aktiivisimmillaan. Naamio stimuloi paranemista, pehment\u00e4\u00e4 ja rauhoittaa ihoa, ja rikas kasviuutteiden kompleksi tarjoaa antioksidanttisen vaikutuksen tukien ihon nuorekkuutta ja kimmoisuutta.<\/p>\n<p><strong>T\u00e4rkeimm\u00e4t vaikuttavat aineet:<\/strong><\/p>\n<ul>\n<li><strong>Sheawi<\/strong> Pehment\u00e4\u00e4 ja kosteuttaa ihoa, suojaa haitallisilta ymp\u00e4rist\u00f6tekij\u00f6ilt\u00e4 ja stimuloi ihon uudistumisprosesseja.<\/li>\n<li><strong>Skvala<\/strong> Poistaa kuivuutta, ehk\u00e4isee kuivumista, kosteuttaa tehokkaasti j\u00e4tt\u00e4m\u00e4tt\u00e4 rasvaista kalvoa, sopii jopa ongelmaiholle.<\/li>\n<li><strong>Trehaloosi<\/strong> on polysakkaridi, joka voi sitoa vesimolekyylej\u00e4 ja auttaa yll\u00e4pit\u00e4m\u00e4\u00e4n optimaalista kosteustasoa ihossa.<\/li>\n<li><strong>Granaattiomenauute<\/strong> Tarjoaa antioksidanttisuojaa, hidastaa ik\u00e4\u00e4ntymisprosessia ja ehk\u00e4isee ulkoisten \u00e4rsykkeiden aiheuttamia ihovaurioita. Tasoittaa ihon s\u00e4vy\u00e4 ja antaa hell\u00e4varaisen valkaisevan vaikutuksen.<\/li>\n<li><strong>Jujube-uute<\/strong> on voimakas antioksidanttinen vaikutus, pident\u00e4\u00e4 ihon nuorekkuutta ja vahvistaa suojakerrosta. Vaalentaa pigmenttil\u00e4iski\u00e4 ja parantaa ihon s\u00e4vy\u00e4.<\/li>\n<li><strong>Lootusuute<\/strong> Kirkastaa hell\u00e4varaisesti, antaa iholle luonnollisen hehkun, tukee ihon kimmoisuutta ja sileytt\u00e4 sek\u00e4 puhdistaa kuona-aineita.<\/li>\n<\/ul>\n<p><strong>K\u00e4ytt\u00f6ohjeet:<\/strong> Kaikkien ihonhoitovaiheiden j\u00e4lkeen levit\u00e4 naamio kasvoillesi v\u00e4ltt\u00e4en silm\u00e4nymp\u00e4rysihoa ja huulia. Anna naamion imeyty\u00e4 noin 5 minuuttia. Aamulla huuhtele naamio pois l\u00e4mpim\u00e4ll\u00e4 vedell\u00e4.<\/p>\n<p>Naamio sopii kaikille ihotyypeille ja auttaa kosteuttamaan, ravitsemaan ja palauttamaan ihoa syv\u00e4lt\u00e4 antaen sille raikkaan ja lev\u00e4nneen ilmeen aamulla.<\/p>","protected":false},"excerpt":{"rendered":"<p>Sulwhasoo Overnight Vitalizing Mask on suunniteltu kosteuttamaan, ravitsemaan ja palauttamaan ihoa y\u00f6ll\u00e4, jolloin ihon luonnolliset uudistumisprosessit ovat aktiivisimmillaan. Naamio stimuloi paranemista, pehment\u00e4\u00e4 ja rauhoittaa ihoa, kun taas runsas kasviuutekompleksi tarjoaa antioksidanttista vaikutusta ja tukee ihon nuorekkuutta ja kimmoisuutta. T\u00e4rkeimm\u00e4t aktiiviset ainesosat.<\/p>","protected":false},"featured_media":9121,"comment_status":"open","ping_status":"closed","template":"","meta":{"_uf_show_specific_survey":0,"_uf_disable_surveys":false,"_bst_post_transparent":"default","_bst_post_title":"","_bst_post_layout":"default","_bst_post_sidebar_id":"","_bst_post_content_style":"default","_bst_post_vertical_padding":"default","_bst_post_feature":"","_bst_post_feature_position":"","_bst_post_header":false,"_bst_post_footer":false},"pwb-brand":[106],"product_brand":[],"product_cat":[92,98],"product_tag":[233,377,202,465,466,464,221],"class_list":{"0":"post-9120","1":"product","2":"type-product","3":"status-publish","4":"has-post-thumbnail","6":"pwb-brand-sulwhasoo","7":"product_cat-nagu","8":"product_cat-naomaskid","9":"product_tag-internet-pood-eesti","10":"product_tag-k-beauty-2","11":"product_tag-korea-kosmeetika","12":"product_tag-korea-lux","13":"product_tag-premium","14":"product_tag-sulwhasoo","15":"product_tag-tundlik-nahk","17":"first","18":"instock","19":"sale","20":"shipping-taxable","21":"purchasable","22":"product-type-simple","23":"entry","24":"content-bg","25":"loop-entry"},"supplier_id":null,"supplier_sku":"","barcode":null,"atum_controlled":true,"out_stock_date":null,"out_stock_threshold":null,"inheritable":false,"inbound_stock":0,"stock_on_hold":0,"sold_today":0,"sales_last_days":3,"out_stock_days":0,"lost_sales":0,"has_location":false,"update_date":"2026-04-14T11:13:10","atum_locations":[],"atum_stock_status":"instock","restock_status":false,"low_stock_amount":"","sales_update_date":"2026-04-14T11:13:10","calc_backorders":null,"yoast_head":"<!-- This site is optimized with the Yoast SEO plugin v27.2 - https:\/\/yoast.com\/product\/yoast-seo-wordpress\/ -->\n<title>Sulwhasoo Overnight Vitalizing Mask, 35ml - IDA.KOREA<\/title>\n<meta name=\"description\" content=\"Mask stimuleerib paranemist, pehmendab ja rahustab nahka, ning rikkalik taimsete ekstraktide kompleks annab antioks\u00fcdantse toime. Kiire tarne!\" \/>\n<meta name=\"robots\" content=\"index, follow, max-snippet:-1, max-image-preview:large, max-video-preview:-1\" \/>\n<link rel=\"canonical\" href=\"https:\/\/idakorea.ee\/fi\/product\/sulwhasoo-overnight-vitalizing-mask\/\" \/>\n<meta property=\"og:locale\" content=\"fi_FI\" \/>\n<meta property=\"og:type\" content=\"article\" \/>\n<meta property=\"og:title\" content=\"Sulwhasoo Overnight Vitalizing Mask, 35ml - IDA.KOREA\" \/>\n<meta property=\"og:description\" content=\"Mask stimuleerib paranemist, pehmendab ja rahustab nahka, ning rikkalik taimsete ekstraktide kompleks annab antioks\u00fcdantse toime. Kiire tarne!\" \/>\n<meta property=\"og:url\" content=\"https:\/\/idakorea.ee\/fi\/product\/sulwhasoo-overnight-vitalizing-mask\/\" \/>\n<meta property=\"og:site_name\" content=\"IDA.KOREA\" \/>\n<meta property=\"article:modified_time\" content=\"2026-04-06T06:33:02+00:00\" \/>\n<meta property=\"og:image\" content=\"https:\/\/idakorea.ee\/wp-content\/uploads\/2024\/07\/screenshot_3.png\" \/>\n\t<meta property=\"og:image:width\" content=\"517\" \/>\n\t<meta property=\"og:image:height\" content=\"517\" \/>\n\t<meta property=\"og:image:type\" content=\"image\/png\" \/>\n<meta name=\"twitter:card\" content=\"summary_large_image\" \/>\n<meta name=\"twitter:label1\" content=\"Arvioitu lukuaika\" \/>\n\t<meta name=\"twitter:data1\" content=\"2 minuuttia\" \/>\n<script type=\"application\/ld+json\" class=\"yoast-schema-graph\">{\"@context\":\"https:\/\/schema.org\",\"@graph\":[{\"@type\":\"WebPage\",\"@id\":\"https:\/\/idakorea.ee\/product\/sulwhasoo-overnight-vitalizing-mask\/\",\"url\":\"https:\/\/idakorea.ee\/product\/sulwhasoo-overnight-vitalizing-mask\/\",\"name\":\"Sulwhasoo Overnight Vitalizing Mask, 35ml - IDA.KOREA\",\"isPartOf\":{\"@id\":\"https:\/\/idakorea.ee\/#website\"},\"primaryImageOfPage\":{\"@id\":\"https:\/\/idakorea.ee\/product\/sulwhasoo-overnight-vitalizing-mask\/#primaryimage\"},\"image\":{\"@id\":\"https:\/\/idakorea.ee\/product\/sulwhasoo-overnight-vitalizing-mask\/#primaryimage\"},\"thumbnailUrl\":\"https:\/\/idakorea.ee\/wp-content\/uploads\/2024\/07\/screenshot_3.png\",\"datePublished\":\"2024-07-03T07:49:14+00:00\",\"dateModified\":\"2026-04-06T06:33:02+00:00\",\"description\":\"Mask stimuleerib paranemist, pehmendab ja rahustab nahka, ning rikkalik taimsete ekstraktide kompleks annab antioks\u00fcdantse toime. Kiire tarne!\",\"breadcrumb\":{\"@id\":\"https:\/\/idakorea.ee\/product\/sulwhasoo-overnight-vitalizing-mask\/#breadcrumb\"},\"inLanguage\":\"fi\",\"potentialAction\":[{\"@type\":\"ReadAction\",\"target\":[\"https:\/\/idakorea.ee\/product\/sulwhasoo-overnight-vitalizing-mask\/\"]}]},{\"@type\":\"ImageObject\",\"inLanguage\":\"fi\",\"@id\":\"https:\/\/idakorea.ee\/product\/sulwhasoo-overnight-vitalizing-mask\/#primaryimage\",\"url\":\"https:\/\/idakorea.ee\/wp-content\/uploads\/2024\/07\/screenshot_3.png\",\"contentUrl\":\"https:\/\/idakorea.ee\/wp-content\/uploads\/2024\/07\/screenshot_3.png\",\"width\":517,\"height\":517},{\"@type\":\"BreadcrumbList\",\"@id\":\"https:\/\/idakorea.ee\/product\/sulwhasoo-overnight-vitalizing-mask\/#breadcrumb\",\"itemListElement\":[{\"@type\":\"ListItem\",\"position\":1,\"name\":\"\u0413\u043b\u0430\u0432\u043d\u0430\u044f \u0441\u0442\u0440\u0430\u043d\u0438\u0446\u0430\",\"item\":\"https:\/\/idakorea.ee\/\"},{\"@type\":\"ListItem\",\"position\":2,\"name\":\"Shop\",\"item\":\"https:\/\/idakorea.ee\/shop-2\/\"},{\"@type\":\"ListItem\",\"position\":3,\"name\":\"\u00d6\u00f6 n\u00e4omask Sulwhasoo Overnight Vitalizing Mask, 35ml\"}]},{\"@type\":\"WebSite\",\"@id\":\"https:\/\/idakorea.ee\/#website\",\"url\":\"https:\/\/idakorea.ee\/\",\"name\":\"IDA.KOREA\",\"description\":\"Korea kosmeetika e-pood\",\"publisher\":{\"@id\":\"https:\/\/idakorea.ee\/#organization\"},\"alternateName\":\"Beauty Shop\",\"potentialAction\":[{\"@type\":\"SearchAction\",\"target\":{\"@type\":\"EntryPoint\",\"urlTemplate\":\"https:\/\/idakorea.ee\/?s={search_term_string}\"},\"query-input\":{\"@type\":\"PropertyValueSpecification\",\"valueRequired\":true,\"valueName\":\"search_term_string\"}}],\"inLanguage\":\"fi\"},{\"@type\":\"Organization\",\"@id\":\"https:\/\/idakorea.ee\/#organization\",\"name\":\"IDA.KOREA\",\"url\":\"https:\/\/idakorea.ee\/\",\"logo\":{\"@type\":\"ImageObject\",\"inLanguage\":\"fi\",\"@id\":\"https:\/\/idakorea.ee\/#\/schema\/logo\/image\/\",\"url\":\"https:\/\/idakorea.ee\/wp-content\/uploads\/2024\/05\/cropped-korea3.png\",\"contentUrl\":\"https:\/\/idakorea.ee\/wp-content\/uploads\/2024\/05\/cropped-korea3.png\",\"width\":688,\"height\":126,\"caption\":\"IDA.KOREA\"},\"image\":{\"@id\":\"https:\/\/idakorea.ee\/#\/schema\/logo\/image\/\"},\"sameAs\":[\"https:\/\/www.instagram.com\/ida.korea\/\"]}]}<\/script>\n<!-- \/ Yoast SEO plugin. -->","yoast_head_json":{"title":"Sulwhasoo Y\u00f6n Y\u00f6n Virkist\u00e4v\u00e4 Naamio, 35ml - IDA.KOREA","description":"Naamio stimuloi paranemista, pehment\u00e4\u00e4 ja rauhoittaa ihoa, ja rikas kasviuutteiden kompleksi tarjoaa antioksidanttisia vaikutuksia. Nopea toimitus!","robots":{"index":"index","follow":"follow","max-snippet":"max-snippet:-1","max-image-preview":"max-image-preview:large","max-video-preview":"max-video-preview:-1"},"canonical":"https:\/\/idakorea.ee\/fi\/product\/sulwhasoo-overnight-vitalizing-mask\/","og_locale":"fi_FI","og_type":"article","og_title":"Sulwhasoo Overnight Vitalizing Mask, 35ml - IDA.KOREA","og_description":"Mask stimuleerib paranemist, pehmendab ja rahustab nahka, ning rikkalik taimsete ekstraktide kompleks annab antioks\u00fcdantse toime. Kiire tarne!","og_url":"https:\/\/idakorea.ee\/fi\/product\/sulwhasoo-overnight-vitalizing-mask\/","og_site_name":"IDA.KOREA","article_modified_time":"2026-04-06T06:33:02+00:00","og_image":[{"width":517,"height":517,"url":"https:\/\/idakorea.ee\/wp-content\/uploads\/2024\/07\/screenshot_3.png","type":"image\/png"}],"twitter_card":"summary_large_image","twitter_misc":{"Arvioitu lukuaika":"2 minuuttia"},"schema":{"@context":"https:\/\/schema.org","@graph":[{"@type":"WebPage","@id":"https:\/\/idakorea.ee\/product\/sulwhasoo-overnight-vitalizing-mask\/","url":"https:\/\/idakorea.ee\/product\/sulwhasoo-overnight-vitalizing-mask\/","name":"Sulwhasoo Y\u00f6n Y\u00f6n Virkist\u00e4v\u00e4 Naamio, 35ml - IDA.KOREA","isPartOf":{"@id":"https:\/\/idakorea.ee\/#website"},"primaryImageOfPage":{"@id":"https:\/\/idakorea.ee\/product\/sulwhasoo-overnight-vitalizing-mask\/#primaryimage"},"image":{"@id":"https:\/\/idakorea.ee\/product\/sulwhasoo-overnight-vitalizing-mask\/#primaryimage"},"thumbnailUrl":"https:\/\/idakorea.ee\/wp-content\/uploads\/2024\/07\/screenshot_3.png","datePublished":"2024-07-03T07:49:14+00:00","dateModified":"2026-04-06T06:33:02+00:00","description":"Naamio stimuloi paranemista, pehment\u00e4\u00e4 ja rauhoittaa ihoa, ja rikas kasviuutteiden kompleksi tarjoaa antioksidanttisia vaikutuksia. Nopea toimitus!","breadcrumb":{"@id":"https:\/\/idakorea.ee\/product\/sulwhasoo-overnight-vitalizing-mask\/#breadcrumb"},"inLanguage":"fi","potentialAction":[{"@type":"ReadAction","target":["https:\/\/idakorea.ee\/product\/sulwhasoo-overnight-vitalizing-mask\/"]}]},{"@type":"ImageObject","inLanguage":"fi","@id":"https:\/\/idakorea.ee\/product\/sulwhasoo-overnight-vitalizing-mask\/#primaryimage","url":"https:\/\/idakorea.ee\/wp-content\/uploads\/2024\/07\/screenshot_3.png","contentUrl":"https:\/\/idakorea.ee\/wp-content\/uploads\/2024\/07\/screenshot_3.png","width":517,"height":517},{"@type":"BreadcrumbList","@id":"https:\/\/idakorea.ee\/product\/sulwhasoo-overnight-vitalizing-mask\/#breadcrumb","itemListElement":[{"@type":"ListItem","position":1,"name":"\u0413\u043b\u0430\u0432\u043d\u0430\u044f \u0441\u0442\u0440\u0430\u043d\u0438\u0446\u0430","item":"https:\/\/idakorea.ee\/"},{"@type":"ListItem","position":2,"name":"Shop","item":"https:\/\/idakorea.ee\/shop-2\/"},{"@type":"ListItem","position":3,"name":"\u00d6\u00f6 n\u00e4omask Sulwhasoo Overnight Vitalizing Mask, 35ml"}]},{"@type":"WebSite","@id":"https:\/\/idakorea.ee\/#website","url":"https:\/\/idakorea.ee\/","name":"IDA.KOREA","description":"Korean kosmetiikan verkkokauppa","publisher":{"@id":"https:\/\/idakorea.ee\/#organization"},"alternateName":"Beauty Shop","potentialAction":[{"@type":"SearchAction","target":{"@type":"EntryPoint","urlTemplate":"https:\/\/idakorea.ee\/?s={search_term_string}"},"query-input":{"@type":"PropertyValueSpecification","valueRequired":true,"valueName":"search_term_string"}}],"inLanguage":"fi"},{"@type":"Organization","@id":"https:\/\/idakorea.ee\/#organization","name":"IDA.KOREA","url":"https:\/\/idakorea.ee\/","logo":{"@type":"ImageObject","inLanguage":"fi","@id":"https:\/\/idakorea.ee\/#\/schema\/logo\/image\/","url":"https:\/\/idakorea.ee\/wp-content\/uploads\/2024\/05\/cropped-korea3.png","contentUrl":"https:\/\/idakorea.ee\/wp-content\/uploads\/2024\/05\/cropped-korea3.png","width":688,"height":126,"caption":"IDA.KOREA"},"image":{"@id":"https:\/\/idakorea.ee\/#\/schema\/logo\/image\/"},"sameAs":["https:\/\/www.instagram.com\/ida.korea\/"]}]}},"jetpack_sharing_enabled":true,"brands":[{"id":106,"name":"SULWHASOO","slug":"sulwhasoo"}],"_links":{"self":[{"href":"https:\/\/idakorea.ee\/fi\/wp-json\/wp\/v2\/product\/9120","targetHints":{"allow":["GET"]}}],"collection":[{"href":"https:\/\/idakorea.ee\/fi\/wp-json\/wp\/v2\/product"}],"about":[{"href":"https:\/\/idakorea.ee\/fi\/wp-json\/wp\/v2\/types\/product"}],"replies":[{"embeddable":true,"href":"https:\/\/idakorea.ee\/fi\/wp-json\/wp\/v2\/comments?post=9120"}],"version-history":[{"count":1,"href":"https:\/\/idakorea.ee\/fi\/wp-json\/wp\/v2\/product\/9120\/revisions"}],"predecessor-version":[{"id":9559,"href":"https:\/\/idakorea.ee\/fi\/wp-json\/wp\/v2\/product\/9120\/revisions\/9559"}],"wp:featuredmedia":[{"embeddable":true,"href":"https:\/\/idakorea.ee\/fi\/wp-json\/wp\/v2\/media\/9121"}],"wp:attachment":[{"href":"https:\/\/idakorea.ee\/fi\/wp-json\/wp\/v2\/media?parent=9120"}],"wp:term":[{"taxonomy":"pwb-brand","embeddable":true,"href":"https:\/\/idakorea.ee\/fi\/wp-json\/wp\/v2\/pwb-brand?post=9120"},{"taxonomy":"product_brand","embeddable":true,"href":"https:\/\/idakorea.ee\/fi\/wp-json\/wp\/v2\/product_brand?post=9120"},{"taxonomy":"product_cat","embeddable":true,"href":"https:\/\/idakorea.ee\/fi\/wp-json\/wp\/v2\/product_cat?post=9120"},{"taxonomy":"product_tag","embeddable":true,"href":"https:\/\/idakorea.ee\/fi\/wp-json\/wp\/v2\/product_tag?post=9120"}],"curies":[{"name":"wp","href":"https:\/\/api.w.org\/{rel}","templated":true}]}}