{"id":9128,"date":"2024-07-04T12:27:26","date_gmt":"2024-07-04T10:27:26","guid":{"rendered":"https:\/\/idakorea.ee\/?post_type=product&#038;p=9128"},"modified":"2026-04-12T18:12:27","modified_gmt":"2026-04-12T16:12:27","slug":"puhastav-mask-sulwhasoo-clarifying-mask-35ml","status":"publish","type":"product","link":"https:\/\/idakorea.ee\/fi\/product\/puhastav-mask-sulwhasoo-clarifying-mask-35ml\/","title":{"rendered":"Selvent\u00e4v\u00e4 naamio Sulwhasoo Clarifying Mask, 35ml"},"content":{"rendered":"<p>Puhdistava naamio <strong>Sulwhasoo kirkastava naamio<\/strong> Taistelee tehokkaasti sameutta vastaan, poistaa kaikki ep\u00e4puhtaudet, imee ylim\u00e4\u00e4r\u00e4isen talin ja poistaa hilseily\u00e4. Auttaa supistamaan laajentuneita ihohuokosia ja v\u00e4hent\u00e4m\u00e4\u00e4n mustap\u00e4iden n\u00e4kymist\u00e4. Kuorii kuolleita ihosoluja, tasoittaa ihon rakennetta, pehment\u00e4\u00e4 karheita alueita ja palauttaa ihon sileyden ja silkkisen kimmoisuuden.<\/p>\n<p>Naamiolla on voimakas antioksidanttinen vaikutus, se est\u00e4\u00e4 vapaiden radikaalien aggressiivisia vaikutuksia ja poistaa myrkkyj\u00e4. Se parantaa merkitt\u00e4v\u00e4sti ihonv\u00e4ri\u00e4, tasoittaa ihon s\u00e4vy\u00e4, poistaa sameutta ja antaa luonnollisen hehkun.<\/p>\n<p>Naamiossa on rentouttava yrttiteen tuoksu, jossa on vivahteita hunajasta.<\/p>\n<p><strong>T\u00e4rkeimm\u00e4t vaikuttavat aineet:<\/strong><\/p>\n<p><strong>Fenkoliuute<\/strong> Voimakkaasti uudistava ja imunestett\u00e4 poistava vaikutus, stimuloi ylim\u00e4\u00e4r\u00e4isen nesteen poistumista. Rauhoittaa \u00e4rtynytt\u00e4 ihoa, ehk\u00e4isee tulehdusta ja vaalentaa ei-toivottua pigmenttimuutosta.<br \/>\n<strong>noitap\u00e4hkin\u00e4uute<\/strong> sill\u00e4 on kyky vahvistaa verisuonten sein\u00e4mi\u00e4, sill\u00e4 on stimuloiva ja tonic-vaikutus, se auttaa torjumaan aknea ja nopeuttaa aineenvaihduntaprosesseja.<br \/>\n<strong>Hunaja<\/strong> Taistelee aktiivisesti kuivumista vastaan, ravitsee ja pehment\u00e4\u00e4 karheita alueita, vahvistaa ihon suojatoimintoja ja lis\u00e4\u00e4 s\u00e4vy\u00e4.<br \/>\n<strong>Ginseng<\/strong> Uute lis\u00e4\u00e4 vastustuskyky\u00e4, palauttaa terveyden ja nuoruuden. Stimuloi verenkiertoa, parantaa ihonv\u00e4ri\u00e4, uudistaa ja nuorentaa. Suojaa soluja rappeutumiselta, vahvistaa ja kiinteytt\u00e4\u00e4.<br \/>\n<strong>Bentoniitti<\/strong> kuivuu hieman, aktivoi solujen uusiutumista, imee myrkkyj\u00e4, pehment\u00e4\u00e4 ja rikastuttaa hy\u00f6dyllisill\u00e4 mineraaleilla.<br \/>\n<strong>Mangoldin uute<\/strong> Stimuloi ihosolujen uusiutumista ja haavan paranemista, sill\u00e4 on voimakas antitoksinen vaikutus, supistaa ihohuokosia ja v\u00e4hent\u00e4\u00e4 talin tuotantoa.<br \/>\n<strong>Pionin juuriuute<\/strong> virkist\u00e4\u00e4 ja rauhoittaa. Sill\u00e4 on voimakas antibakteerinen vaikutus, se rikastuttaa ihoa hy\u00f6dyllisill\u00e4 ainesosilla, pehment\u00e4\u00e4 ja parantaa ihonv\u00e4ri\u00e4.<\/p>\n<p>Sopii kuivalle, normaalille ja sekaiholle.<\/p>\n<p><strong>K\u00e4ytt\u00f6:<\/strong> Levit\u00e4 naamio paksuna kerroksena puhdistetulle iholle, anna sen kuivua 20-30 minuuttia ja poista alhaalta yl\u00f6sp\u00e4in.<\/p>","protected":false},"excerpt":{"rendered":"<p>Sulwhasoo Clarifying Mask torjuu tehokkaasti sameutta, poistaa kaikki ep\u00e4puhtaudet, imee ylim\u00e4\u00e4r\u00e4isen \u00f6ljyn ja poistaa hilseet. Auttaa kirist\u00e4m\u00e4\u00e4n laajentuneita huokosia ja v\u00e4hent\u00e4\u00e4 mustap\u00e4iden esiintymist\u00e4. Kuorii kuolleita ihosoluja, tasoittaa ihon rakennetta, pehment\u00e4\u00e4 karheita kohtia ja palauttaa sileyden ja silkkisyyden. Naamiolla on voimakas antioksidanttivaikutus, se est\u00e4\u00e4 vapaiden radikaalien aggressiivisia vaikutuksia ja poistaa toksiineja.....<\/p>","protected":false},"featured_media":9129,"comment_status":"open","ping_status":"closed","template":"","meta":{"_uf_show_specific_survey":0,"_uf_disable_surveys":false,"_bst_post_transparent":"default","_bst_post_title":"","_bst_post_layout":"default","_bst_post_sidebar_id":"","_bst_post_content_style":"default","_bst_post_vertical_padding":"default","_bst_post_feature":"","_bst_post_feature_position":"","_bst_post_header":false,"_bst_post_footer":false},"pwb-brand":[106],"product_brand":[],"product_cat":[92,98],"product_tag":[233,202,465,246,464],"class_list":{"0":"post-9128","1":"product","2":"type-product","3":"status-publish","4":"has-post-thumbnail","6":"pwb-brand-sulwhasoo","7":"product_cat-nagu","8":"product_cat-naomaskid","9":"product_tag-internet-pood-eesti","10":"product_tag-korea-kosmeetika","11":"product_tag-korea-lux","12":"product_tag-korea-naomaskid","13":"product_tag-sulwhasoo","15":"first","16":"instock","17":"sale","18":"shipping-taxable","19":"purchasable","20":"product-type-simple","21":"entry","22":"content-bg","23":"loop-entry"},"supplier_id":null,"supplier_sku":"","barcode":null,"atum_controlled":true,"out_stock_date":null,"out_stock_threshold":null,"inheritable":false,"inbound_stock":0,"stock_on_hold":0,"sold_today":0,"sales_last_days":1,"out_stock_days":0,"lost_sales":0,"has_location":false,"update_date":"2026-04-14T09:57:30","atum_locations":[],"atum_stock_status":"instock","restock_status":false,"low_stock_amount":"","sales_update_date":"2026-04-14T09:57:30","calc_backorders":null,"yoast_head":"<!-- This site is optimized with the Yoast SEO plugin v27.2 - https:\/\/yoast.com\/product\/yoast-seo-wordpress\/ -->\n<title>Puhastav mask Sulwhasoo Clarifying Mask, 35ml - IDA.KOREA<\/title>\n<meta name=\"description\" content=\"Puhastav mask Sulwhasoo Clarifying Mask v\u00f5itleb t\u00f5husalt naha tuhmusega, t\u00f5mbab v\u00e4lja k\u00f5ik mustused, imab liigse rasu ja eemaldab kestenduse.\" \/>\n<meta name=\"robots\" content=\"index, follow, max-snippet:-1, max-image-preview:large, max-video-preview:-1\" \/>\n<link rel=\"canonical\" href=\"https:\/\/idakorea.ee\/fi\/product\/puhastav-mask-sulwhasoo-clarifying-mask-35ml\/\" \/>\n<meta property=\"og:locale\" content=\"fi_FI\" \/>\n<meta property=\"og:type\" content=\"article\" \/>\n<meta property=\"og:title\" content=\"Puhastav mask Sulwhasoo Clarifying Mask, 35ml - IDA.KOREA\" \/>\n<meta property=\"og:description\" content=\"Puhastav mask Sulwhasoo Clarifying Mask v\u00f5itleb t\u00f5husalt naha tuhmusega, t\u00f5mbab v\u00e4lja k\u00f5ik mustused, imab liigse rasu ja eemaldab kestenduse.\" \/>\n<meta property=\"og:url\" content=\"https:\/\/idakorea.ee\/fi\/product\/puhastav-mask-sulwhasoo-clarifying-mask-35ml\/\" \/>\n<meta property=\"og:site_name\" content=\"IDA.KOREA\" \/>\n<meta property=\"article:modified_time\" content=\"2026-04-12T16:12:27+00:00\" \/>\n<meta property=\"og:image\" content=\"https:\/\/idakorea.ee\/wp-content\/uploads\/2024\/07\/peel.jpg\" \/>\n\t<meta property=\"og:image:width\" content=\"762\" \/>\n\t<meta property=\"og:image:height\" content=\"962\" \/>\n\t<meta property=\"og:image:type\" content=\"image\/jpeg\" \/>\n<meta name=\"twitter:card\" content=\"summary_large_image\" \/>\n<meta name=\"twitter:label1\" content=\"Arvioitu lukuaika\" \/>\n\t<meta name=\"twitter:data1\" content=\"2 minuuttia\" \/>\n<script type=\"application\/ld+json\" class=\"yoast-schema-graph\">{\"@context\":\"https:\/\/schema.org\",\"@graph\":[{\"@type\":\"WebPage\",\"@id\":\"https:\/\/idakorea.ee\/product\/puhastav-mask-sulwhasoo-clarifying-mask-35ml\/\",\"url\":\"https:\/\/idakorea.ee\/product\/puhastav-mask-sulwhasoo-clarifying-mask-35ml\/\",\"name\":\"Puhastav mask Sulwhasoo Clarifying Mask, 35ml - IDA.KOREA\",\"isPartOf\":{\"@id\":\"https:\/\/idakorea.ee\/#website\"},\"primaryImageOfPage\":{\"@id\":\"https:\/\/idakorea.ee\/product\/puhastav-mask-sulwhasoo-clarifying-mask-35ml\/#primaryimage\"},\"image\":{\"@id\":\"https:\/\/idakorea.ee\/product\/puhastav-mask-sulwhasoo-clarifying-mask-35ml\/#primaryimage\"},\"thumbnailUrl\":\"https:\/\/idakorea.ee\/wp-content\/uploads\/2024\/07\/peel.jpg\",\"datePublished\":\"2024-07-04T10:27:26+00:00\",\"dateModified\":\"2026-04-12T16:12:27+00:00\",\"description\":\"Puhastav mask Sulwhasoo Clarifying Mask v\u00f5itleb t\u00f5husalt naha tuhmusega, t\u00f5mbab v\u00e4lja k\u00f5ik mustused, imab liigse rasu ja eemaldab kestenduse.\",\"breadcrumb\":{\"@id\":\"https:\/\/idakorea.ee\/product\/puhastav-mask-sulwhasoo-clarifying-mask-35ml\/#breadcrumb\"},\"inLanguage\":\"fi\",\"potentialAction\":[{\"@type\":\"ReadAction\",\"target\":[\"https:\/\/idakorea.ee\/product\/puhastav-mask-sulwhasoo-clarifying-mask-35ml\/\"]}]},{\"@type\":\"ImageObject\",\"inLanguage\":\"fi\",\"@id\":\"https:\/\/idakorea.ee\/product\/puhastav-mask-sulwhasoo-clarifying-mask-35ml\/#primaryimage\",\"url\":\"https:\/\/idakorea.ee\/wp-content\/uploads\/2024\/07\/peel.jpg\",\"contentUrl\":\"https:\/\/idakorea.ee\/wp-content\/uploads\/2024\/07\/peel.jpg\",\"width\":762,\"height\":962},{\"@type\":\"BreadcrumbList\",\"@id\":\"https:\/\/idakorea.ee\/product\/puhastav-mask-sulwhasoo-clarifying-mask-35ml\/#breadcrumb\",\"itemListElement\":[{\"@type\":\"ListItem\",\"position\":1,\"name\":\"\u0413\u043b\u0430\u0432\u043d\u0430\u044f \u0441\u0442\u0440\u0430\u043d\u0438\u0446\u0430\",\"item\":\"https:\/\/idakorea.ee\/\"},{\"@type\":\"ListItem\",\"position\":2,\"name\":\"Shop\",\"item\":\"https:\/\/idakorea.ee\/shop-2\/\"},{\"@type\":\"ListItem\",\"position\":3,\"name\":\"Puhastav mask Sulwhasoo Clarifying Mask, 35ml\"}]},{\"@type\":\"WebSite\",\"@id\":\"https:\/\/idakorea.ee\/#website\",\"url\":\"https:\/\/idakorea.ee\/\",\"name\":\"IDA.KOREA\",\"description\":\"Korea kosmeetika e-pood\",\"publisher\":{\"@id\":\"https:\/\/idakorea.ee\/#organization\"},\"alternateName\":\"Beauty Shop\",\"potentialAction\":[{\"@type\":\"SearchAction\",\"target\":{\"@type\":\"EntryPoint\",\"urlTemplate\":\"https:\/\/idakorea.ee\/?s={search_term_string}\"},\"query-input\":{\"@type\":\"PropertyValueSpecification\",\"valueRequired\":true,\"valueName\":\"search_term_string\"}}],\"inLanguage\":\"fi\"},{\"@type\":\"Organization\",\"@id\":\"https:\/\/idakorea.ee\/#organization\",\"name\":\"IDA.KOREA\",\"url\":\"https:\/\/idakorea.ee\/\",\"logo\":{\"@type\":\"ImageObject\",\"inLanguage\":\"fi\",\"@id\":\"https:\/\/idakorea.ee\/#\/schema\/logo\/image\/\",\"url\":\"https:\/\/idakorea.ee\/wp-content\/uploads\/2024\/05\/cropped-korea3.png\",\"contentUrl\":\"https:\/\/idakorea.ee\/wp-content\/uploads\/2024\/05\/cropped-korea3.png\",\"width\":688,\"height\":126,\"caption\":\"IDA.KOREA\"},\"image\":{\"@id\":\"https:\/\/idakorea.ee\/#\/schema\/logo\/image\/\"},\"sameAs\":[\"https:\/\/www.instagram.com\/ida.korea\/\"]}]}<\/script>\n<!-- \/ Yoast SEO plugin. -->","yoast_head_json":{"title":"Sulwhasoo kirkastava naamio, 35ml - It\u00e4-Korea","description":"Sulwhasoo kirkastava naamio torjuu tehokkaasti sameutta, poistaa kaikki ep\u00e4puhtaudet, imee ylim\u00e4\u00e4r\u00e4ist\u00e4 talia ja poistaa hilseily\u00e4.","robots":{"index":"index","follow":"follow","max-snippet":"max-snippet:-1","max-image-preview":"max-image-preview:large","max-video-preview":"max-video-preview:-1"},"canonical":"https:\/\/idakorea.ee\/fi\/product\/puhastav-mask-sulwhasoo-clarifying-mask-35ml\/","og_locale":"fi_FI","og_type":"article","og_title":"Puhastav mask Sulwhasoo Clarifying Mask, 35ml - IDA.KOREA","og_description":"Puhastav mask Sulwhasoo Clarifying Mask v\u00f5itleb t\u00f5husalt naha tuhmusega, t\u00f5mbab v\u00e4lja k\u00f5ik mustused, imab liigse rasu ja eemaldab kestenduse.","og_url":"https:\/\/idakorea.ee\/fi\/product\/puhastav-mask-sulwhasoo-clarifying-mask-35ml\/","og_site_name":"IDA.KOREA","article_modified_time":"2026-04-12T16:12:27+00:00","og_image":[{"width":762,"height":962,"url":"https:\/\/idakorea.ee\/wp-content\/uploads\/2024\/07\/peel.jpg","type":"image\/jpeg"}],"twitter_card":"summary_large_image","twitter_misc":{"Arvioitu lukuaika":"2 minuuttia"},"schema":{"@context":"https:\/\/schema.org","@graph":[{"@type":"WebPage","@id":"https:\/\/idakorea.ee\/product\/puhastav-mask-sulwhasoo-clarifying-mask-35ml\/","url":"https:\/\/idakorea.ee\/product\/puhastav-mask-sulwhasoo-clarifying-mask-35ml\/","name":"Sulwhasoo kirkastava naamio, 35ml - It\u00e4-Korea","isPartOf":{"@id":"https:\/\/idakorea.ee\/#website"},"primaryImageOfPage":{"@id":"https:\/\/idakorea.ee\/product\/puhastav-mask-sulwhasoo-clarifying-mask-35ml\/#primaryimage"},"image":{"@id":"https:\/\/idakorea.ee\/product\/puhastav-mask-sulwhasoo-clarifying-mask-35ml\/#primaryimage"},"thumbnailUrl":"https:\/\/idakorea.ee\/wp-content\/uploads\/2024\/07\/peel.jpg","datePublished":"2024-07-04T10:27:26+00:00","dateModified":"2026-04-12T16:12:27+00:00","description":"Sulwhasoo kirkastava naamio torjuu tehokkaasti sameutta, poistaa kaikki ep\u00e4puhtaudet, imee ylim\u00e4\u00e4r\u00e4ist\u00e4 talia ja poistaa hilseily\u00e4.","breadcrumb":{"@id":"https:\/\/idakorea.ee\/product\/puhastav-mask-sulwhasoo-clarifying-mask-35ml\/#breadcrumb"},"inLanguage":"fi","potentialAction":[{"@type":"ReadAction","target":["https:\/\/idakorea.ee\/product\/puhastav-mask-sulwhasoo-clarifying-mask-35ml\/"]}]},{"@type":"ImageObject","inLanguage":"fi","@id":"https:\/\/idakorea.ee\/product\/puhastav-mask-sulwhasoo-clarifying-mask-35ml\/#primaryimage","url":"https:\/\/idakorea.ee\/wp-content\/uploads\/2024\/07\/peel.jpg","contentUrl":"https:\/\/idakorea.ee\/wp-content\/uploads\/2024\/07\/peel.jpg","width":762,"height":962},{"@type":"BreadcrumbList","@id":"https:\/\/idakorea.ee\/product\/puhastav-mask-sulwhasoo-clarifying-mask-35ml\/#breadcrumb","itemListElement":[{"@type":"ListItem","position":1,"name":"\u0413\u043b\u0430\u0432\u043d\u0430\u044f \u0441\u0442\u0440\u0430\u043d\u0438\u0446\u0430","item":"https:\/\/idakorea.ee\/"},{"@type":"ListItem","position":2,"name":"Shop","item":"https:\/\/idakorea.ee\/shop-2\/"},{"@type":"ListItem","position":3,"name":"Puhastav mask Sulwhasoo Clarifying Mask, 35ml"}]},{"@type":"WebSite","@id":"https:\/\/idakorea.ee\/#website","url":"https:\/\/idakorea.ee\/","name":"IDA.KOREA","description":"Korean kosmetiikan verkkokauppa","publisher":{"@id":"https:\/\/idakorea.ee\/#organization"},"alternateName":"Beauty Shop","potentialAction":[{"@type":"SearchAction","target":{"@type":"EntryPoint","urlTemplate":"https:\/\/idakorea.ee\/?s={search_term_string}"},"query-input":{"@type":"PropertyValueSpecification","valueRequired":true,"valueName":"search_term_string"}}],"inLanguage":"fi"},{"@type":"Organization","@id":"https:\/\/idakorea.ee\/#organization","name":"IDA.KOREA","url":"https:\/\/idakorea.ee\/","logo":{"@type":"ImageObject","inLanguage":"fi","@id":"https:\/\/idakorea.ee\/#\/schema\/logo\/image\/","url":"https:\/\/idakorea.ee\/wp-content\/uploads\/2024\/05\/cropped-korea3.png","contentUrl":"https:\/\/idakorea.ee\/wp-content\/uploads\/2024\/05\/cropped-korea3.png","width":688,"height":126,"caption":"IDA.KOREA"},"image":{"@id":"https:\/\/idakorea.ee\/#\/schema\/logo\/image\/"},"sameAs":["https:\/\/www.instagram.com\/ida.korea\/"]}]}},"jetpack_sharing_enabled":true,"brands":[{"id":106,"name":"SULWHASOO","slug":"sulwhasoo"}],"_links":{"self":[{"href":"https:\/\/idakorea.ee\/fi\/wp-json\/wp\/v2\/product\/9128","targetHints":{"allow":["GET"]}}],"collection":[{"href":"https:\/\/idakorea.ee\/fi\/wp-json\/wp\/v2\/product"}],"about":[{"href":"https:\/\/idakorea.ee\/fi\/wp-json\/wp\/v2\/types\/product"}],"replies":[{"embeddable":true,"href":"https:\/\/idakorea.ee\/fi\/wp-json\/wp\/v2\/comments?post=9128"}],"version-history":[{"count":4,"href":"https:\/\/idakorea.ee\/fi\/wp-json\/wp\/v2\/product\/9128\/revisions"}],"predecessor-version":[{"id":18452,"href":"https:\/\/idakorea.ee\/fi\/wp-json\/wp\/v2\/product\/9128\/revisions\/18452"}],"wp:featuredmedia":[{"embeddable":true,"href":"https:\/\/idakorea.ee\/fi\/wp-json\/wp\/v2\/media\/9129"}],"wp:attachment":[{"href":"https:\/\/idakorea.ee\/fi\/wp-json\/wp\/v2\/media?parent=9128"}],"wp:term":[{"taxonomy":"pwb-brand","embeddable":true,"href":"https:\/\/idakorea.ee\/fi\/wp-json\/wp\/v2\/pwb-brand?post=9128"},{"taxonomy":"product_brand","embeddable":true,"href":"https:\/\/idakorea.ee\/fi\/wp-json\/wp\/v2\/product_brand?post=9128"},{"taxonomy":"product_cat","embeddable":true,"href":"https:\/\/idakorea.ee\/fi\/wp-json\/wp\/v2\/product_cat?post=9128"},{"taxonomy":"product_tag","embeddable":true,"href":"https:\/\/idakorea.ee\/fi\/wp-json\/wp\/v2\/product_tag?post=9128"}],"curies":[{"name":"wp","href":"https:\/\/api.w.org\/{rel}","templated":true}]}}