{"id":9182,"date":"2024-07-04T13:14:38","date_gmt":"2024-07-04T13:14:38","guid":{"rendered":"https:\/\/idakorea.ee\/?post_type=product&#038;p=9182"},"modified":"2025-07-05T12:03:51","modified_gmt":"2025-07-05T09:03:51","slug":"naokomplekt-o-hui-prime-advancer-pro-5pcs-miniature-kit","status":"publish","type":"product","link":"https:\/\/idakorea.ee\/fi\/product\/naokomplekt-o-hui-prime-advancer-pro-5pcs-miniature-kit\/","title":{"rendered":"Face kit O HUI Prime Advancer Pro 5kpl miniatyyripakkaus"},"content":{"rendered":"<p><strong>O HUI Prime Advancer Pro 5kpl Miniature Kit <\/strong>sis\u00e4lt\u00e4\u00e4 viisi kosteuttavaa ja nuorentavaa kasvohoitoa matkakoossa, jotka sopivat t\u00e4ydellisesti br\u00e4ndiin tutustumiseen.<\/p>\n<p>Kasvovesi, emulsio, seerumi, silm\u00e4nymp\u00e4rysvoide ja kasvovoide vahvistavat ihoa, stimuloivat ihon uudistumista, v\u00e4hent\u00e4v\u00e4t ryppyjen syvyytt\u00e4 ja hidastavat ik\u00e4\u00e4ntymisprosessia.<\/p>\n<p>Kompakti koko on k\u00e4tev\u00e4 ottaa mukaan matkoille. Ylellinen muotoilu tekee setist\u00e4 loistavan lahjan.<\/p>\n<p><strong>Pakkauksen sis\u00e4lt\u00f6:<\/strong><\/p>\n<ul>\n<li><strong>Toner Prime Advancer PRO -eteerinen vesi (20 ml)<\/strong> \u2014 virkist\u00e4\u00e4 ja kosteuttaa, palauttaa ihon pesun j\u00e4lkeen, valmistelee ihon seuraavien tuotteiden k\u00e4ytt\u00f6\u00f6n ja parantaa aktiiviaineiden imeytymist\u00e4. Poistaa kuivuutta ja kirist\u00e4v\u00e4\u00e4 tunnetta puhdistuksen j\u00e4lkeen, pehment\u00e4\u00e4 ja rauhoittaa. Vesipisaran kaltainen koostumus imeytyy nopeasti eik\u00e4 j\u00e4t\u00e4 tahmeaa tunnetta.<\/li>\n<li><strong>Prime Advancer PRO -emulsio (20 ml)<\/strong> \u2014 eritt\u00e4in kosteuttava tuote, jonka kevyt koostumus palauttaa v\u00e4litt\u00f6m\u00e4sti kosteustasapainon ja parantaa ihon kuntoa. Vahvistaa kosteussuojaa, ehk\u00e4isee kuivuutta ja nestehukkaa, suojaa ulkoisilta \u00e4rsykkeilt\u00e4. Rauhoittaa ja pehment\u00e4\u00e4, lis\u00e4\u00e4 ihon kimmoisuutta ja tiheytt\u00e4.<\/li>\n<li><strong>Serum Prime Advancer PRO -ampulliseerumi (4 ml)<\/strong> \u2014 tiivistetty tuote, joka v\u00e4hent\u00e4\u00e4 ryppyjen syvyytt\u00e4, vahvistaa kudoksia, antaa kimmoisuutta ja tasoittaa ihon pintaa. Rauhoittaa ja kosteuttaa, ehk\u00e4isee ymp\u00e4rist\u00f6tekij\u00f6iden aiheuttamia soluvaurioita. Pehment\u00e4\u00e4 ja tekee ihosta sile\u00e4n ja silkkisen.<\/li>\n<li><strong>Kasvovoide Prime Advancer PRO Ampoule Capture Cream EX (7 ml)<\/strong> \u2014 kosteuttaa ja ravitsee syv\u00e4sti, antaa kimmoisuutta, silottaa ja pehment\u00e4\u00e4, antaa terveen hehkun ja tasaisen ihonv\u00e4rin. V\u00e4hent\u00e4\u00e4 ryppyjen syvyytt\u00e4, lis\u00e4\u00e4 kudosten tiheytt\u00e4. K\u00e4ynnist\u00e4\u00e4 ihon sis\u00e4isi\u00e4 uusiutumisresursseja, rauhoittaa, tarjoaa antioksidanttisuojan, poistaa hilseily\u00e4 ja kuivuutta. S\u00e4ilytt\u00e4\u00e4 kosteuden soluissa pitk\u00e4\u00e4n. Sis\u00e4lt\u00e4\u00e4 kapseleita, jotka sulavat iholla ja kuljettavat kaikki aktiiviset aineosat epidermikseen.<\/li>\n<li><strong>Prime Advancer PRO Eye Cream (5 ml)<\/strong> \u2014 tekee herk\u00e4st\u00e4 silm\u00e4nymp\u00e4rysihosta kimmoisaa ja t\u00e4ytel\u00e4ist\u00e4, poistaa kuivuutta ja kireyden tunnetta, ei \u00e4rsyt\u00e4. V\u00e4hent\u00e4\u00e4 &quot;varisjalkoja&quot;, tasoittaa ihon s\u00e4vy\u00e4, poistaa v\u00e4symyksen merkkej\u00e4.<\/li>\n<\/ul>\n<p><strong>T\u00e4rkeimm\u00e4t vaikuttavat aineet:<\/strong><\/p>\n<ul>\n<li><strong>Skvala<\/strong> \u2014 rauhoittaa, kosteuttaa ja est\u00e4\u00e4 kosteuden haihtumista, ravitsee, hidastaa ik\u00e4\u00e4ntymisprosessia.<\/li>\n<li><strong>Oliivi\u00f6ljy<\/strong> \u2014 ravitsee syv\u00e4lt\u00e4, rikastuttaa soluja hy\u00f6dyllisill\u00e4 mikroelementeill\u00e4, antaa iholle samettisen pehmeyden.<\/li>\n<li><strong>Trehaloosi<\/strong> \u2014 polysakkaridi, joka voi sitoa vesimolekyylej\u00e4 ja yll\u00e4pit\u00e4\u00e4 optimaalista nesteytystasoa.<\/li>\n<li><strong>Pantenoli (B5-vitamiini)<\/strong> \u2014 nopeuttaa mikrovaurioiden paranemista, pehment\u00e4\u00e4 ja rauhoittaa, v\u00e4hent\u00e4\u00e4 punoitusta, parantaa epidermiksen suojamuuria.<\/li>\n<\/ul>\n<p>Sopii kaikille ihotyypeille.<\/p>\n<p><strong>K\u00e4ytt\u00f6:<\/strong> Pesun j\u00e4lkeen levit\u00e4 kasvovett\u00e4 kasvoillesi k\u00e4sin tai vanulapulla. Levit\u00e4 sitten emulsiota ihollesi lis\u00e4kosteutuksen saamiseksi. Levit\u00e4 sen j\u00e4lkeen seerumia kasvoillesi ja viimeistele hoito kasvovoiteella ja silm\u00e4nymp\u00e4rysvoiteella.<\/p>","protected":false},"excerpt":{"rendered":"<p>HUI Prime Advancer Pro 5kpl Miniature Kit sis\u00e4lt\u00e4\u00e4 viisi kosteuttavaa ja nuorentavaa kasvohoitotuotetta matkakokoisina, jotka sopivat t\u00e4ydellisesti br\u00e4ndin esittelyyn. Toner, emulsio, seerumi, silm\u00e4nymp\u00e4rysvoide ja kasvovoide tarjoavat kiinteytt\u00e4v\u00e4\u00e4 vaikutusta, stimuloivat ihon uudistumista, v\u00e4hent\u00e4v\u00e4t ryppyjen syvyytt\u00e4 ja hidastavat ik\u00e4\u00e4ntymisprosessia. Kompakti muoto on k\u00e4tev\u00e4 ottaa mukaan matkoille. Pakkauksen ylellinen muotoilu tekee siit\u00e4 loistavan lahjan. The Toner Prime....<\/p>","protected":false},"featured_media":9192,"comment_status":"open","ping_status":"closed","template":"","meta":{"_uf_show_specific_survey":0,"_uf_disable_surveys":false,"_bst_post_transparent":"default","_bst_post_title":"","_bst_post_layout":"default","_bst_post_sidebar_id":"","_bst_post_content_style":"default","_bst_post_vertical_padding":"default","_bst_post_feature":"","_bst_post_feature_position":"","_bst_post_header":false,"_bst_post_footer":false},"pwb-brand":[110],"product_brand":[],"product_cat":[95],"product_tag":[],"class_list":{"0":"post-9182","1":"product","2":"type-product","3":"status-publish","4":"has-post-thumbnail","6":"pwb-brand-o-hui","7":"product_cat-komplektid","9":"first","10":"outofstock","11":"sale","12":"shipping-taxable","13":"purchasable","14":"product-type-simple","15":"entry","16":"content-bg","17":"loop-entry"},"supplier_id":null,"supplier_sku":"","barcode":null,"atum_controlled":true,"out_stock_date":null,"out_stock_threshold":null,"inheritable":false,"inbound_stock":0,"stock_on_hold":0,"sold_today":0,"sales_last_days":0,"out_stock_days":0,"lost_sales":0,"has_location":false,"update_date":"2026-04-14T00:05:06","atum_locations":[],"atum_stock_status":"outofstock","restock_status":false,"low_stock_amount":"","sales_update_date":"2026-04-14T00:05:06","calc_backorders":null,"yoast_head":"<!-- This site is optimized with the Yoast SEO plugin v27.2 - https:\/\/yoast.com\/product\/yoast-seo-wordpress\/ -->\n<title>N\u00e4okomplekt O HUI Prime Advancer Pro 5pcs Miniature Kit - IDA.KOREA<\/title>\n<meta name=\"robots\" content=\"index, follow, max-snippet:-1, max-image-preview:large, max-video-preview:-1\" \/>\n<link rel=\"canonical\" href=\"https:\/\/idakorea.ee\/fi\/product\/naokomplekt-o-hui-prime-advancer-pro-5pcs-miniature-kit\/\" \/>\n<meta property=\"og:locale\" content=\"fi_FI\" \/>\n<meta property=\"og:type\" content=\"article\" \/>\n<meta property=\"og:title\" content=\"N\u00e4okomplekt O HUI Prime Advancer Pro 5pcs Miniature Kit - IDA.KOREA\" \/>\n<meta property=\"og:description\" content=\"O HUI Prime Advancer Pro 5pcs Miniature Kit sisaldab viit niisutavat ja noorendavat n\u00e4ohooldusvahendit reisiformaadis, mis sobivad suurep\u00e4raselt kaubam\u00e4rgiga tutvumiseks. Toner, emulsioon, seerum, silmakreem ja n\u00e4okreem pakuvad tugevdavat toimet, stimuleerivad naha regeneratsiooni, v\u00e4hendavad kortsude s\u00fcgavust ja aeglustavad vananemisprotsessi. Kompaktne formaat on mugav kaasa v\u00f5tta reisile. Luksuslik disain teeb komplektist suurep\u00e4rase kingituse. Komplekti sisu: Toner Prime...\" \/>\n<meta property=\"og:url\" content=\"https:\/\/idakorea.ee\/fi\/product\/naokomplekt-o-hui-prime-advancer-pro-5pcs-miniature-kit\/\" \/>\n<meta property=\"og:site_name\" content=\"IDA.KOREA\" \/>\n<meta property=\"article:modified_time\" content=\"2025-07-05T09:03:51+00:00\" \/>\n<meta property=\"og:image\" content=\"https:\/\/idakorea.ee\/wp-content\/uploads\/2024\/07\/s-l1200-1.webp\" \/>\n\t<meta property=\"og:image:width\" content=\"1200\" \/>\n\t<meta property=\"og:image:height\" content=\"1200\" \/>\n\t<meta property=\"og:image:type\" content=\"image\/webp\" \/>\n<meta name=\"twitter:card\" content=\"summary_large_image\" \/>\n<meta name=\"twitter:label1\" content=\"Arvioitu lukuaika\" \/>\n\t<meta name=\"twitter:data1\" content=\"2 minuuttia\" \/>\n<script type=\"application\/ld+json\" class=\"yoast-schema-graph\">{\"@context\":\"https:\/\/schema.org\",\"@graph\":[{\"@type\":\"WebPage\",\"@id\":\"https:\/\/idakorea.ee\/product\/naokomplekt-o-hui-prime-advancer-pro-5pcs-miniature-kit\/\",\"url\":\"https:\/\/idakorea.ee\/product\/naokomplekt-o-hui-prime-advancer-pro-5pcs-miniature-kit\/\",\"name\":\"N\u00e4okomplekt O HUI Prime Advancer Pro 5pcs Miniature Kit - IDA.KOREA\",\"isPartOf\":{\"@id\":\"https:\/\/idakorea.ee\/#website\"},\"primaryImageOfPage\":{\"@id\":\"https:\/\/idakorea.ee\/product\/naokomplekt-o-hui-prime-advancer-pro-5pcs-miniature-kit\/#primaryimage\"},\"image\":{\"@id\":\"https:\/\/idakorea.ee\/product\/naokomplekt-o-hui-prime-advancer-pro-5pcs-miniature-kit\/#primaryimage\"},\"thumbnailUrl\":\"https:\/\/idakorea.ee\/wp-content\/uploads\/2024\/07\/s-l1200-1.webp\",\"datePublished\":\"2024-07-04T13:14:38+00:00\",\"dateModified\":\"2025-07-05T09:03:51+00:00\",\"breadcrumb\":{\"@id\":\"https:\/\/idakorea.ee\/product\/naokomplekt-o-hui-prime-advancer-pro-5pcs-miniature-kit\/#breadcrumb\"},\"inLanguage\":\"fi\",\"potentialAction\":[{\"@type\":\"ReadAction\",\"target\":[\"https:\/\/idakorea.ee\/product\/naokomplekt-o-hui-prime-advancer-pro-5pcs-miniature-kit\/\"]}]},{\"@type\":\"ImageObject\",\"inLanguage\":\"fi\",\"@id\":\"https:\/\/idakorea.ee\/product\/naokomplekt-o-hui-prime-advancer-pro-5pcs-miniature-kit\/#primaryimage\",\"url\":\"https:\/\/idakorea.ee\/wp-content\/uploads\/2024\/07\/s-l1200-1.webp\",\"contentUrl\":\"https:\/\/idakorea.ee\/wp-content\/uploads\/2024\/07\/s-l1200-1.webp\",\"width\":1200,\"height\":1200},{\"@type\":\"BreadcrumbList\",\"@id\":\"https:\/\/idakorea.ee\/product\/naokomplekt-o-hui-prime-advancer-pro-5pcs-miniature-kit\/#breadcrumb\",\"itemListElement\":[{\"@type\":\"ListItem\",\"position\":1,\"name\":\"\u0413\u043b\u0430\u0432\u043d\u0430\u044f \u0441\u0442\u0440\u0430\u043d\u0438\u0446\u0430\",\"item\":\"https:\/\/idakorea.ee\/\"},{\"@type\":\"ListItem\",\"position\":2,\"name\":\"Shop\",\"item\":\"https:\/\/idakorea.ee\/shop-2\/\"},{\"@type\":\"ListItem\",\"position\":3,\"name\":\"N\u00e4okomplekt O HUI Prime Advancer Pro 5pcs Miniature Kit\"}]},{\"@type\":\"WebSite\",\"@id\":\"https:\/\/idakorea.ee\/#website\",\"url\":\"https:\/\/idakorea.ee\/\",\"name\":\"IDA.KOREA\",\"description\":\"Korea kosmeetika e-pood\",\"publisher\":{\"@id\":\"https:\/\/idakorea.ee\/#organization\"},\"alternateName\":\"Beauty Shop\",\"potentialAction\":[{\"@type\":\"SearchAction\",\"target\":{\"@type\":\"EntryPoint\",\"urlTemplate\":\"https:\/\/idakorea.ee\/?s={search_term_string}\"},\"query-input\":{\"@type\":\"PropertyValueSpecification\",\"valueRequired\":true,\"valueName\":\"search_term_string\"}}],\"inLanguage\":\"fi\"},{\"@type\":\"Organization\",\"@id\":\"https:\/\/idakorea.ee\/#organization\",\"name\":\"IDA.KOREA\",\"url\":\"https:\/\/idakorea.ee\/\",\"logo\":{\"@type\":\"ImageObject\",\"inLanguage\":\"fi\",\"@id\":\"https:\/\/idakorea.ee\/#\/schema\/logo\/image\/\",\"url\":\"https:\/\/idakorea.ee\/wp-content\/uploads\/2024\/05\/cropped-korea3.png\",\"contentUrl\":\"https:\/\/idakorea.ee\/wp-content\/uploads\/2024\/05\/cropped-korea3.png\",\"width\":688,\"height\":126,\"caption\":\"IDA.KOREA\"},\"image\":{\"@id\":\"https:\/\/idakorea.ee\/#\/schema\/logo\/image\/\"},\"sameAs\":[\"https:\/\/www.instagram.com\/ida.korea\/\"]}]}<\/script>\n<!-- \/ Yoast SEO plugin. -->","yoast_head_json":{"title":"O HUI Prime Advancer Pro 5kpl Miniature Kit - IDA.KOREA","robots":{"index":"index","follow":"follow","max-snippet":"max-snippet:-1","max-image-preview":"max-image-preview:large","max-video-preview":"max-video-preview:-1"},"canonical":"https:\/\/idakorea.ee\/fi\/product\/naokomplekt-o-hui-prime-advancer-pro-5pcs-miniature-kit\/","og_locale":"fi_FI","og_type":"article","og_title":"N\u00e4okomplekt O HUI Prime Advancer Pro 5pcs Miniature Kit - IDA.KOREA","og_description":"O HUI Prime Advancer Pro 5pcs Miniature Kit sisaldab viit niisutavat ja noorendavat n\u00e4ohooldusvahendit reisiformaadis, mis sobivad suurep\u00e4raselt kaubam\u00e4rgiga tutvumiseks. Toner, emulsioon, seerum, silmakreem ja n\u00e4okreem pakuvad tugevdavat toimet, stimuleerivad naha regeneratsiooni, v\u00e4hendavad kortsude s\u00fcgavust ja aeglustavad vananemisprotsessi. Kompaktne formaat on mugav kaasa v\u00f5tta reisile. Luksuslik disain teeb komplektist suurep\u00e4rase kingituse. Komplekti sisu: Toner Prime...","og_url":"https:\/\/idakorea.ee\/fi\/product\/naokomplekt-o-hui-prime-advancer-pro-5pcs-miniature-kit\/","og_site_name":"IDA.KOREA","article_modified_time":"2025-07-05T09:03:51+00:00","og_image":[{"width":1200,"height":1200,"url":"https:\/\/idakorea.ee\/wp-content\/uploads\/2024\/07\/s-l1200-1.webp","type":"image\/webp"}],"twitter_card":"summary_large_image","twitter_misc":{"Arvioitu lukuaika":"2 minuuttia"},"schema":{"@context":"https:\/\/schema.org","@graph":[{"@type":"WebPage","@id":"https:\/\/idakorea.ee\/product\/naokomplekt-o-hui-prime-advancer-pro-5pcs-miniature-kit\/","url":"https:\/\/idakorea.ee\/product\/naokomplekt-o-hui-prime-advancer-pro-5pcs-miniature-kit\/","name":"O HUI Prime Advancer Pro 5kpl Miniature Kit - IDA.KOREA","isPartOf":{"@id":"https:\/\/idakorea.ee\/#website"},"primaryImageOfPage":{"@id":"https:\/\/idakorea.ee\/product\/naokomplekt-o-hui-prime-advancer-pro-5pcs-miniature-kit\/#primaryimage"},"image":{"@id":"https:\/\/idakorea.ee\/product\/naokomplekt-o-hui-prime-advancer-pro-5pcs-miniature-kit\/#primaryimage"},"thumbnailUrl":"https:\/\/idakorea.ee\/wp-content\/uploads\/2024\/07\/s-l1200-1.webp","datePublished":"2024-07-04T13:14:38+00:00","dateModified":"2025-07-05T09:03:51+00:00","breadcrumb":{"@id":"https:\/\/idakorea.ee\/product\/naokomplekt-o-hui-prime-advancer-pro-5pcs-miniature-kit\/#breadcrumb"},"inLanguage":"fi","potentialAction":[{"@type":"ReadAction","target":["https:\/\/idakorea.ee\/product\/naokomplekt-o-hui-prime-advancer-pro-5pcs-miniature-kit\/"]}]},{"@type":"ImageObject","inLanguage":"fi","@id":"https:\/\/idakorea.ee\/product\/naokomplekt-o-hui-prime-advancer-pro-5pcs-miniature-kit\/#primaryimage","url":"https:\/\/idakorea.ee\/wp-content\/uploads\/2024\/07\/s-l1200-1.webp","contentUrl":"https:\/\/idakorea.ee\/wp-content\/uploads\/2024\/07\/s-l1200-1.webp","width":1200,"height":1200},{"@type":"BreadcrumbList","@id":"https:\/\/idakorea.ee\/product\/naokomplekt-o-hui-prime-advancer-pro-5pcs-miniature-kit\/#breadcrumb","itemListElement":[{"@type":"ListItem","position":1,"name":"\u0413\u043b\u0430\u0432\u043d\u0430\u044f \u0441\u0442\u0440\u0430\u043d\u0438\u0446\u0430","item":"https:\/\/idakorea.ee\/"},{"@type":"ListItem","position":2,"name":"Shop","item":"https:\/\/idakorea.ee\/shop-2\/"},{"@type":"ListItem","position":3,"name":"N\u00e4okomplekt O HUI Prime Advancer Pro 5pcs Miniature Kit"}]},{"@type":"WebSite","@id":"https:\/\/idakorea.ee\/#website","url":"https:\/\/idakorea.ee\/","name":"IDA.KOREA","description":"Korean kosmetiikan verkkokauppa","publisher":{"@id":"https:\/\/idakorea.ee\/#organization"},"alternateName":"Beauty Shop","potentialAction":[{"@type":"SearchAction","target":{"@type":"EntryPoint","urlTemplate":"https:\/\/idakorea.ee\/?s={search_term_string}"},"query-input":{"@type":"PropertyValueSpecification","valueRequired":true,"valueName":"search_term_string"}}],"inLanguage":"fi"},{"@type":"Organization","@id":"https:\/\/idakorea.ee\/#organization","name":"IDA.KOREA","url":"https:\/\/idakorea.ee\/","logo":{"@type":"ImageObject","inLanguage":"fi","@id":"https:\/\/idakorea.ee\/#\/schema\/logo\/image\/","url":"https:\/\/idakorea.ee\/wp-content\/uploads\/2024\/05\/cropped-korea3.png","contentUrl":"https:\/\/idakorea.ee\/wp-content\/uploads\/2024\/05\/cropped-korea3.png","width":688,"height":126,"caption":"IDA.KOREA"},"image":{"@id":"https:\/\/idakorea.ee\/#\/schema\/logo\/image\/"},"sameAs":["https:\/\/www.instagram.com\/ida.korea\/"]}]}},"jetpack_sharing_enabled":true,"brands":[{"id":110,"name":"O HUI","slug":"o-hui"}],"_links":{"self":[{"href":"https:\/\/idakorea.ee\/fi\/wp-json\/wp\/v2\/product\/9182","targetHints":{"allow":["GET"]}}],"collection":[{"href":"https:\/\/idakorea.ee\/fi\/wp-json\/wp\/v2\/product"}],"about":[{"href":"https:\/\/idakorea.ee\/fi\/wp-json\/wp\/v2\/types\/product"}],"replies":[{"embeddable":true,"href":"https:\/\/idakorea.ee\/fi\/wp-json\/wp\/v2\/comments?post=9182"}],"version-history":[{"count":1,"href":"https:\/\/idakorea.ee\/fi\/wp-json\/wp\/v2\/product\/9182\/revisions"}],"predecessor-version":[{"id":10300,"href":"https:\/\/idakorea.ee\/fi\/wp-json\/wp\/v2\/product\/9182\/revisions\/10300"}],"wp:featuredmedia":[{"embeddable":true,"href":"https:\/\/idakorea.ee\/fi\/wp-json\/wp\/v2\/media\/9192"}],"wp:attachment":[{"href":"https:\/\/idakorea.ee\/fi\/wp-json\/wp\/v2\/media?parent=9182"}],"wp:term":[{"taxonomy":"pwb-brand","embeddable":true,"href":"https:\/\/idakorea.ee\/fi\/wp-json\/wp\/v2\/pwb-brand?post=9182"},{"taxonomy":"product_brand","embeddable":true,"href":"https:\/\/idakorea.ee\/fi\/wp-json\/wp\/v2\/product_brand?post=9182"},{"taxonomy":"product_cat","embeddable":true,"href":"https:\/\/idakorea.ee\/fi\/wp-json\/wp\/v2\/product_cat?post=9182"},{"taxonomy":"product_tag","embeddable":true,"href":"https:\/\/idakorea.ee\/fi\/wp-json\/wp\/v2\/product_tag?post=9182"}],"curies":[{"name":"wp","href":"https:\/\/api.w.org\/{rel}","templated":true}]}}