{"id":9200,"date":"2024-07-04T13:36:56","date_gmt":"2024-07-04T13:36:56","guid":{"rendered":"https:\/\/idakorea.ee\/?post_type=product&#038;p=9200"},"modified":"2026-04-03T14:40:57","modified_gmt":"2026-04-03T12:40:57","slug":"noorendav-silmakreem-pyunkang-yul-black-tea-time-reverse-eye-cream-9ml","status":"publish","type":"product","link":"https:\/\/idakorea.ee\/fi\/product\/noorendav-silmakreem-pyunkang-yul-black-tea-time-reverse-eye-cream-9ml\/","title":{"rendered":"Nuorentava silm\u00e4nymp\u00e4rysvoide Pyunkang Yul Black Tea Time Reverse Eye Cream, 9ml"},"content":{"rendered":"<p><strong>Pyunkang Yul Black Tea Time Reverse silm\u00e4nymp\u00e4rysvoide<\/strong> on nuorentava silm\u00e4nymp\u00e4rysvoide, joka ravitsee, kosteuttaa ja kiinteytt\u00e4\u00e4 ihoa tehokkaasti. Niasiiniamidia sis\u00e4lt\u00e4v\u00e4 voide kirkastaa tummia silm\u00e4nalusia. Asetyyliheksapeptidi-8, jolla on botoxin kaltainen vaikutus, auttaa silottamaan ryppyj\u00e4. Voide sis\u00e4lt\u00e4\u00e4 sheavoita, macadamia\u00f6ljy\u00e4, keramideja ja niasiiniamidia.<\/p>\n<p>Tuote on turvallinen ja hypoallergeeninen, eik\u00e4 siin\u00e4 ole keinotekoisia v\u00e4ri- ja hajusteita. Se ei \u00e4rsyt\u00e4 ja sopii herk\u00e4lle iholle. Kaikki ainesosat ovat EWG Environmental Working Groupin sertifioimia.<\/p>\n<p>Pyunkang Yul on korealainen kosmetiikkamerkki, jonka on perustanut yksi Korean parhaista it\u00e4maisen l\u00e4\u00e4ketieteen klinikoista. Tuotemerkki valmistaa vain luonnonkosmetiikkaa (ilman hajusteita, alkoholia, parabeeneja ja silikoneja), joka sopii vaativimmalle, herkimm\u00e4lle ja ongelmaiholle.<\/p>\n<p>&nbsp;<\/p>\n<p><strong>T\u00e4rkeimm\u00e4t vaikuttavat aineet:<\/strong><\/p>\n<ul>\n<li><strong>Macadamia\u00f6ljy<\/strong> - on korjaava ja nuorentava vaikutus, palauttaa ihon s\u00e4vyn, kimmoisuuden ja kosteuden. Toimii antioksidanttina, ehk\u00e4isee vapaiden radikaalien haitallisia vaikutuksia ja hidastaa ik\u00e4\u00e4ntymisprosessia. Ihanteellinen kuivalle, kuivuneelle ja karhealle iholle.<\/li>\n<li><strong>Sheawi<\/strong> - vaikuttaa voimakkaasti pehment\u00e4v\u00e4sti, nopeuttaa haavojen paranemista, edist\u00e4\u00e4 ihon nopeampaa toipumista, vaikuttaa nuorentavasti ja lievitt\u00e4\u00e4 tulehdusta tukkimatta huokosia.<\/li>\n<li><strong>Keramidit<\/strong> - edist\u00e4v\u00e4t ihon uusiutumista, parantavat ihon barrieri- ja suojarakennetoimintoja, normalisoivat hydrolipiditasapainoa, suojaavat kuivumiselta ja niill\u00e4 on nuorentavia ominaisuuksia.<\/li>\n<li><strong>Kombucha<\/strong> (fermentoitu mustan teen uute) - kiinteytt\u00e4\u00e4 ja vahvistaa ihon vastustuskyky\u00e4, poistaa samean ihon s\u00e4vyn, kosteuttaa ja ravitsee ihoa. Sill\u00e4 on voimakas antioksidanttivaikutus, joka pident\u00e4\u00e4 ihon nuorekkuutta.<\/li>\n<li><strong>Niasiiniamidi<\/strong> - Stimuloi kollageenisynteesi\u00e4 ja parantaa ihon suojaavia toimintoja, auttaa v\u00e4hent\u00e4m\u00e4\u00e4n transsepidermist\u00e4 vesih\u00e4vi\u00f6t\u00e4 ja poistamaan pigmentaatiota, kosteuttaa, supistaa huokosia, rauhoittaa ja kirkastaa ihoa.<\/li>\n<li><strong>3 erilaista hyaluronihappoa<\/strong> - luovat iholle n\u00e4kym\u00e4tt\u00f6m\u00e4n esteen, joka est\u00e4\u00e4 kosteuden haihtumisen, parantaa ihon rakennetta, edist\u00e4\u00e4 ihon uusiutumista, v\u00e4hent\u00e4\u00e4 hienoja ryppyj\u00e4 ja tekee ihosta sile\u00e4n ja joustavan.<\/li>\n<li><strong>Beetaglukaani<\/strong> - kaurasta saatua luonnollista polysakkaridia ja immuunij\u00e4rjestelm\u00e4\u00e4 stimuloivaa ainetta. Sill\u00e4 on immunomoduloivia ja antioksidanttisia ominaisuuksia, jotka suojaavat ja korjaavat vaurioitunutta ihoa ja ehk\u00e4isev\u00e4t ennenaikaista ik\u00e4\u00e4ntymist\u00e4.<\/li>\n<li><strong>Asetyyliheksapeptidi-8<\/strong> - tasoittaa ryppyj\u00e4, parantaa ihon yleist\u00e4 s\u00e4vy\u00e4 ja vahvistaa kollageenikuituja. Sill\u00e4 on lihaksia rentouttava vaikutus, joka rentouttaa kasvojen lihaksia ja tekee ihopoimuista v\u00e4hemm\u00e4n n\u00e4kyvi\u00e4.<\/li>\n<\/ul>\n<p>Sopii kyps\u00e4lle ja yliherk\u00e4lle iholle.<\/p>\n<p><strong>K\u00e4ytt\u00f6opas:<\/strong> Levit\u00e4 tarvittava m\u00e4\u00e4r\u00e4 voidetta silm\u00e4nymp\u00e4rysiholle naputtelemalla sormenp\u00e4ill\u00e4.<\/p>","protected":false},"excerpt":{"rendered":"<p>Pyunkang Yul Black Tea Time Reverse Eye Cream on nuorentava silm\u00e4nymp\u00e4rysvoide, joka ravitsee, kosteuttaa ja kiinteytt\u00e4\u00e4 ihoa tehokkaasti. Niasiiniamidia sis\u00e4lt\u00e4v\u00e4 voide kirkastaa tummia silm\u00e4nalusia. Asetyyliheksapeptidi-8, jolla on botoxin kaltainen vaikutus, auttaa silottamaan ryppyj\u00e4. Voide sis\u00e4lt\u00e4\u00e4 sheavoita, macadamia\u00f6ljy\u00e4, keramideja ja niasiiniamidia. Tuote on turvallinen ja hypoallergeeninen, eik\u00e4 sis\u00e4ll\u00e4 keinotekoisia v\u00e4ri- ja hajusteita. Voide ei aiheuta \u00e4rsytyst\u00e4....<\/p>","protected":false},"featured_media":9201,"comment_status":"open","ping_status":"closed","template":"","meta":{"_uf_show_specific_survey":0,"_uf_disable_surveys":false,"_bst_post_transparent":"default","_bst_post_title":"","_bst_post_layout":"default","_bst_post_sidebar_id":"","_bst_post_content_style":"default","_bst_post_vertical_padding":"default","_bst_post_feature":"","_bst_post_feature_position":"","_bst_post_header":false,"_bst_post_footer":false},"pwb-brand":[474],"product_brand":[],"product_cat":[92,99,201],"product_tag":[202,465,247],"class_list":{"0":"post-9200","1":"product","2":"type-product","3":"status-publish","4":"has-post-thumbnail","6":"pwb-brand-pyunkang-yul","7":"product_cat-nagu","8":"product_cat-silmad-ja-huuled-2","9":"product_cat-silmakreem","10":"product_tag-korea-kosmeetika","11":"product_tag-korea-lux","12":"product_tag-korea-silmakreem","14":"first","15":"instock","16":"sale","17":"shipping-taxable","18":"purchasable","19":"product-type-simple","20":"entry","21":"content-bg","22":"loop-entry"},"supplier_id":null,"supplier_sku":"","barcode":null,"atum_controlled":true,"out_stock_date":null,"out_stock_threshold":null,"inheritable":false,"inbound_stock":0,"stock_on_hold":0,"sold_today":0,"sales_last_days":1,"out_stock_days":0,"lost_sales":0,"has_location":false,"update_date":"2026-04-15T00:05:17","atum_locations":[],"atum_stock_status":"instock","restock_status":false,"low_stock_amount":"","sales_update_date":"2026-04-15T00:05:17","calc_backorders":null,"yoast_head":"<!-- This site is optimized with the Yoast SEO plugin v27.2 - https:\/\/yoast.com\/product\/yoast-seo-wordpress\/ -->\n<title>Noorendav silmakreem Pyunkang Yul Black Tea Time Reverse Eye Cream, 9ml - IDA.KOREA<\/title>\n<meta name=\"robots\" content=\"index, follow, max-snippet:-1, max-image-preview:large, max-video-preview:-1\" \/>\n<link rel=\"canonical\" href=\"https:\/\/idakorea.ee\/fi\/product\/noorendav-silmakreem-pyunkang-yul-black-tea-time-reverse-eye-cream-9ml\/\" \/>\n<meta property=\"og:locale\" content=\"fi_FI\" \/>\n<meta property=\"og:type\" content=\"article\" \/>\n<meta property=\"og:title\" content=\"Noorendav silmakreem Pyunkang Yul Black Tea Time Reverse Eye Cream, 9ml - IDA.KOREA\" \/>\n<meta property=\"og:description\" content=\"Pyunkang Yul Black Tea Time Reverse Eye Cream on noorendav silmakreem, mis toidab, niisutab ja toniseerib nahka t\u00f5husalt. Niasiiniamiidi sisaldav kreem heledab tumedaid silmaaluseid. Acetyl Hexapeptide-8, millel on botoksisarnane toime, aitab siluda kortse. Kreem sisaldab sheav\u00f5id, makadaamia\u00f5li, ceramiide ja niatsiiniamiidi. Toode on ohutu ja h\u00fcpoallergeenne, ei sisalda kunstlikke v\u00e4rvaineid ega l\u00f5hnaaineid. Kreem ei p\u00f5hjusta \u00e4rritusi...\" \/>\n<meta property=\"og:url\" content=\"https:\/\/idakorea.ee\/fi\/product\/noorendav-silmakreem-pyunkang-yul-black-tea-time-reverse-eye-cream-9ml\/\" \/>\n<meta property=\"og:site_name\" content=\"IDA.KOREA\" \/>\n<meta property=\"article:modified_time\" content=\"2026-04-03T12:40:57+00:00\" \/>\n<meta property=\"og:image\" content=\"https:\/\/idakorea.ee\/wp-content\/uploads\/2024\/07\/7560ca3e-8801-44e1-aaf2-91805b37bf52.webp.800x800_zuztl0mlfxp8gio_pyfl5svj.jpg\" \/>\n\t<meta property=\"og:image:width\" content=\"800\" \/>\n\t<meta property=\"og:image:height\" content=\"800\" \/>\n\t<meta property=\"og:image:type\" content=\"image\/jpeg\" \/>\n<meta name=\"twitter:card\" content=\"summary_large_image\" \/>\n<meta name=\"twitter:label1\" content=\"Arvioitu lukuaika\" \/>\n\t<meta name=\"twitter:data1\" content=\"2 minuuttia\" \/>\n<script type=\"application\/ld+json\" class=\"yoast-schema-graph\">{\"@context\":\"https:\/\/schema.org\",\"@graph\":[{\"@type\":\"WebPage\",\"@id\":\"https:\/\/idakorea.ee\/product\/noorendav-silmakreem-pyunkang-yul-black-tea-time-reverse-eye-cream-9ml\/\",\"url\":\"https:\/\/idakorea.ee\/product\/noorendav-silmakreem-pyunkang-yul-black-tea-time-reverse-eye-cream-9ml\/\",\"name\":\"Noorendav silmakreem Pyunkang Yul Black Tea Time Reverse Eye Cream, 9ml - IDA.KOREA\",\"isPartOf\":{\"@id\":\"https:\/\/idakorea.ee\/#website\"},\"primaryImageOfPage\":{\"@id\":\"https:\/\/idakorea.ee\/product\/noorendav-silmakreem-pyunkang-yul-black-tea-time-reverse-eye-cream-9ml\/#primaryimage\"},\"image\":{\"@id\":\"https:\/\/idakorea.ee\/product\/noorendav-silmakreem-pyunkang-yul-black-tea-time-reverse-eye-cream-9ml\/#primaryimage\"},\"thumbnailUrl\":\"https:\/\/idakorea.ee\/wp-content\/uploads\/2024\/07\/7560ca3e-8801-44e1-aaf2-91805b37bf52.webp.800x800_zuztl0mlfxp8gio_pyfl5svj.jpg\",\"datePublished\":\"2024-07-04T13:36:56+00:00\",\"dateModified\":\"2026-04-03T12:40:57+00:00\",\"breadcrumb\":{\"@id\":\"https:\/\/idakorea.ee\/product\/noorendav-silmakreem-pyunkang-yul-black-tea-time-reverse-eye-cream-9ml\/#breadcrumb\"},\"inLanguage\":\"fi\",\"potentialAction\":[{\"@type\":\"ReadAction\",\"target\":[\"https:\/\/idakorea.ee\/product\/noorendav-silmakreem-pyunkang-yul-black-tea-time-reverse-eye-cream-9ml\/\"]}]},{\"@type\":\"ImageObject\",\"inLanguage\":\"fi\",\"@id\":\"https:\/\/idakorea.ee\/product\/noorendav-silmakreem-pyunkang-yul-black-tea-time-reverse-eye-cream-9ml\/#primaryimage\",\"url\":\"https:\/\/idakorea.ee\/wp-content\/uploads\/2024\/07\/7560ca3e-8801-44e1-aaf2-91805b37bf52.webp.800x800_zuztl0mlfxp8gio_pyfl5svj.jpg\",\"contentUrl\":\"https:\/\/idakorea.ee\/wp-content\/uploads\/2024\/07\/7560ca3e-8801-44e1-aaf2-91805b37bf52.webp.800x800_zuztl0mlfxp8gio_pyfl5svj.jpg\",\"width\":800,\"height\":800},{\"@type\":\"BreadcrumbList\",\"@id\":\"https:\/\/idakorea.ee\/product\/noorendav-silmakreem-pyunkang-yul-black-tea-time-reverse-eye-cream-9ml\/#breadcrumb\",\"itemListElement\":[{\"@type\":\"ListItem\",\"position\":1,\"name\":\"\u0413\u043b\u0430\u0432\u043d\u0430\u044f \u0441\u0442\u0440\u0430\u043d\u0438\u0446\u0430\",\"item\":\"https:\/\/idakorea.ee\/\"},{\"@type\":\"ListItem\",\"position\":2,\"name\":\"Shop\",\"item\":\"https:\/\/idakorea.ee\/shop-2\/\"},{\"@type\":\"ListItem\",\"position\":3,\"name\":\"Noorendav silmakreem Pyunkang Yul Black Tea Time Reverse Eye Cream, 9ml\"}]},{\"@type\":\"WebSite\",\"@id\":\"https:\/\/idakorea.ee\/#website\",\"url\":\"https:\/\/idakorea.ee\/\",\"name\":\"IDA.KOREA\",\"description\":\"Korea kosmeetika e-pood\",\"publisher\":{\"@id\":\"https:\/\/idakorea.ee\/#organization\"},\"alternateName\":\"Beauty Shop\",\"potentialAction\":[{\"@type\":\"SearchAction\",\"target\":{\"@type\":\"EntryPoint\",\"urlTemplate\":\"https:\/\/idakorea.ee\/?s={search_term_string}\"},\"query-input\":{\"@type\":\"PropertyValueSpecification\",\"valueRequired\":true,\"valueName\":\"search_term_string\"}}],\"inLanguage\":\"fi\"},{\"@type\":\"Organization\",\"@id\":\"https:\/\/idakorea.ee\/#organization\",\"name\":\"IDA.KOREA\",\"url\":\"https:\/\/idakorea.ee\/\",\"logo\":{\"@type\":\"ImageObject\",\"inLanguage\":\"fi\",\"@id\":\"https:\/\/idakorea.ee\/#\/schema\/logo\/image\/\",\"url\":\"https:\/\/idakorea.ee\/wp-content\/uploads\/2024\/05\/cropped-korea3.png\",\"contentUrl\":\"https:\/\/idakorea.ee\/wp-content\/uploads\/2024\/05\/cropped-korea3.png\",\"width\":688,\"height\":126,\"caption\":\"IDA.KOREA\"},\"image\":{\"@id\":\"https:\/\/idakorea.ee\/#\/schema\/logo\/image\/\"},\"sameAs\":[\"https:\/\/www.instagram.com\/ida.korea\/\"]}]}<\/script>\n<!-- \/ Yoast SEO plugin. -->","yoast_head_json":{"title":"Nuorentava silm\u00e4nymp\u00e4rysvoide Pyunkang Yul Black Tea Time Reverse Eye Cream, 9ml - It\u00e4-Korea","robots":{"index":"index","follow":"follow","max-snippet":"max-snippet:-1","max-image-preview":"max-image-preview:large","max-video-preview":"max-video-preview:-1"},"canonical":"https:\/\/idakorea.ee\/fi\/product\/noorendav-silmakreem-pyunkang-yul-black-tea-time-reverse-eye-cream-9ml\/","og_locale":"fi_FI","og_type":"article","og_title":"Noorendav silmakreem Pyunkang Yul Black Tea Time Reverse Eye Cream, 9ml - IDA.KOREA","og_description":"Pyunkang Yul Black Tea Time Reverse Eye Cream on noorendav silmakreem, mis toidab, niisutab ja toniseerib nahka t\u00f5husalt. Niasiiniamiidi sisaldav kreem heledab tumedaid silmaaluseid. Acetyl Hexapeptide-8, millel on botoksisarnane toime, aitab siluda kortse. Kreem sisaldab sheav\u00f5id, makadaamia\u00f5li, ceramiide ja niatsiiniamiidi. Toode on ohutu ja h\u00fcpoallergeenne, ei sisalda kunstlikke v\u00e4rvaineid ega l\u00f5hnaaineid. Kreem ei p\u00f5hjusta \u00e4rritusi...","og_url":"https:\/\/idakorea.ee\/fi\/product\/noorendav-silmakreem-pyunkang-yul-black-tea-time-reverse-eye-cream-9ml\/","og_site_name":"IDA.KOREA","article_modified_time":"2026-04-03T12:40:57+00:00","og_image":[{"width":800,"height":800,"url":"https:\/\/idakorea.ee\/wp-content\/uploads\/2024\/07\/7560ca3e-8801-44e1-aaf2-91805b37bf52.webp.800x800_zuztl0mlfxp8gio_pyfl5svj.jpg","type":"image\/jpeg"}],"twitter_card":"summary_large_image","twitter_misc":{"Arvioitu lukuaika":"2 minuuttia"},"schema":{"@context":"https:\/\/schema.org","@graph":[{"@type":"WebPage","@id":"https:\/\/idakorea.ee\/product\/noorendav-silmakreem-pyunkang-yul-black-tea-time-reverse-eye-cream-9ml\/","url":"https:\/\/idakorea.ee\/product\/noorendav-silmakreem-pyunkang-yul-black-tea-time-reverse-eye-cream-9ml\/","name":"Nuorentava silm\u00e4nymp\u00e4rysvoide Pyunkang Yul Black Tea Time Reverse Eye Cream, 9ml - It\u00e4-Korea","isPartOf":{"@id":"https:\/\/idakorea.ee\/#website"},"primaryImageOfPage":{"@id":"https:\/\/idakorea.ee\/product\/noorendav-silmakreem-pyunkang-yul-black-tea-time-reverse-eye-cream-9ml\/#primaryimage"},"image":{"@id":"https:\/\/idakorea.ee\/product\/noorendav-silmakreem-pyunkang-yul-black-tea-time-reverse-eye-cream-9ml\/#primaryimage"},"thumbnailUrl":"https:\/\/idakorea.ee\/wp-content\/uploads\/2024\/07\/7560ca3e-8801-44e1-aaf2-91805b37bf52.webp.800x800_zuztl0mlfxp8gio_pyfl5svj.jpg","datePublished":"2024-07-04T13:36:56+00:00","dateModified":"2026-04-03T12:40:57+00:00","breadcrumb":{"@id":"https:\/\/idakorea.ee\/product\/noorendav-silmakreem-pyunkang-yul-black-tea-time-reverse-eye-cream-9ml\/#breadcrumb"},"inLanguage":"fi","potentialAction":[{"@type":"ReadAction","target":["https:\/\/idakorea.ee\/product\/noorendav-silmakreem-pyunkang-yul-black-tea-time-reverse-eye-cream-9ml\/"]}]},{"@type":"ImageObject","inLanguage":"fi","@id":"https:\/\/idakorea.ee\/product\/noorendav-silmakreem-pyunkang-yul-black-tea-time-reverse-eye-cream-9ml\/#primaryimage","url":"https:\/\/idakorea.ee\/wp-content\/uploads\/2024\/07\/7560ca3e-8801-44e1-aaf2-91805b37bf52.webp.800x800_zuztl0mlfxp8gio_pyfl5svj.jpg","contentUrl":"https:\/\/idakorea.ee\/wp-content\/uploads\/2024\/07\/7560ca3e-8801-44e1-aaf2-91805b37bf52.webp.800x800_zuztl0mlfxp8gio_pyfl5svj.jpg","width":800,"height":800},{"@type":"BreadcrumbList","@id":"https:\/\/idakorea.ee\/product\/noorendav-silmakreem-pyunkang-yul-black-tea-time-reverse-eye-cream-9ml\/#breadcrumb","itemListElement":[{"@type":"ListItem","position":1,"name":"\u0413\u043b\u0430\u0432\u043d\u0430\u044f \u0441\u0442\u0440\u0430\u043d\u0438\u0446\u0430","item":"https:\/\/idakorea.ee\/"},{"@type":"ListItem","position":2,"name":"Shop","item":"https:\/\/idakorea.ee\/shop-2\/"},{"@type":"ListItem","position":3,"name":"Noorendav silmakreem Pyunkang Yul Black Tea Time Reverse Eye Cream, 9ml"}]},{"@type":"WebSite","@id":"https:\/\/idakorea.ee\/#website","url":"https:\/\/idakorea.ee\/","name":"IDA.KOREA","description":"Korean kosmetiikan verkkokauppa","publisher":{"@id":"https:\/\/idakorea.ee\/#organization"},"alternateName":"Beauty Shop","potentialAction":[{"@type":"SearchAction","target":{"@type":"EntryPoint","urlTemplate":"https:\/\/idakorea.ee\/?s={search_term_string}"},"query-input":{"@type":"PropertyValueSpecification","valueRequired":true,"valueName":"search_term_string"}}],"inLanguage":"fi"},{"@type":"Organization","@id":"https:\/\/idakorea.ee\/#organization","name":"IDA.KOREA","url":"https:\/\/idakorea.ee\/","logo":{"@type":"ImageObject","inLanguage":"fi","@id":"https:\/\/idakorea.ee\/#\/schema\/logo\/image\/","url":"https:\/\/idakorea.ee\/wp-content\/uploads\/2024\/05\/cropped-korea3.png","contentUrl":"https:\/\/idakorea.ee\/wp-content\/uploads\/2024\/05\/cropped-korea3.png","width":688,"height":126,"caption":"IDA.KOREA"},"image":{"@id":"https:\/\/idakorea.ee\/#\/schema\/logo\/image\/"},"sameAs":["https:\/\/www.instagram.com\/ida.korea\/"]}]}},"jetpack_sharing_enabled":true,"brands":[{"id":474,"name":"PYUNKANG YUL","slug":"pyunkang-yul"}],"_links":{"self":[{"href":"https:\/\/idakorea.ee\/fi\/wp-json\/wp\/v2\/product\/9200","targetHints":{"allow":["GET"]}}],"collection":[{"href":"https:\/\/idakorea.ee\/fi\/wp-json\/wp\/v2\/product"}],"about":[{"href":"https:\/\/idakorea.ee\/fi\/wp-json\/wp\/v2\/types\/product"}],"replies":[{"embeddable":true,"href":"https:\/\/idakorea.ee\/fi\/wp-json\/wp\/v2\/comments?post=9200"}],"version-history":[{"count":2,"href":"https:\/\/idakorea.ee\/fi\/wp-json\/wp\/v2\/product\/9200\/revisions"}],"predecessor-version":[{"id":17522,"href":"https:\/\/idakorea.ee\/fi\/wp-json\/wp\/v2\/product\/9200\/revisions\/17522"}],"wp:featuredmedia":[{"embeddable":true,"href":"https:\/\/idakorea.ee\/fi\/wp-json\/wp\/v2\/media\/9201"}],"wp:attachment":[{"href":"https:\/\/idakorea.ee\/fi\/wp-json\/wp\/v2\/media?parent=9200"}],"wp:term":[{"taxonomy":"pwb-brand","embeddable":true,"href":"https:\/\/idakorea.ee\/fi\/wp-json\/wp\/v2\/pwb-brand?post=9200"},{"taxonomy":"product_brand","embeddable":true,"href":"https:\/\/idakorea.ee\/fi\/wp-json\/wp\/v2\/product_brand?post=9200"},{"taxonomy":"product_cat","embeddable":true,"href":"https:\/\/idakorea.ee\/fi\/wp-json\/wp\/v2\/product_cat?post=9200"},{"taxonomy":"product_tag","embeddable":true,"href":"https:\/\/idakorea.ee\/fi\/wp-json\/wp\/v2\/product_tag?post=9200"}],"curies":[{"name":"wp","href":"https:\/\/api.w.org\/{rel}","templated":true}]}}