{"id":9204,"date":"2024-07-04T16:51:26","date_gmt":"2024-07-04T13:51:26","guid":{"rendered":"https:\/\/idakorea.ee\/?post_type=product&#038;p=9204"},"modified":"2026-04-03T10:58:19","modified_gmt":"2026-04-03T08:58:19","slug":"noorendav-naokreem-pyunkang-yul-black-tea-enriched-cream-60ml","status":"publish","type":"product","link":"https:\/\/idakorea.ee\/fi\/product\/noorendav-naokreem-pyunkang-yul-black-tea-enriched-cream-60ml\/","title":{"rendered":"Nuorentava kasvovoide Pyunkang Yul mustalla teell\u00e4 rikastettu voide, 60ml"},"content":{"rendered":"<p><strong>Pyunkang Yul -mustalla teell\u00e4 rikastettu kerma<\/strong> Vahvistaa ja silottaa ihoa tehden siit\u00e4 kimmoisan, v\u00e4hent\u00e4\u00e4 ryppyjen syvyytt\u00e4 ja poistaa kuivuutta tehden ihosta pehme\u00e4n ja s\u00e4teilev\u00e4n. Voide kirkastaa hell\u00e4varaisesti ja auttaa poistamaan pigmentti- ja ik\u00e4l\u00e4iski\u00e4.<\/p>\n<p>T\u00e4m\u00e4 nuorentava ja ravitseva voide parantaa ihon suojakerrosta, antaa terveen hehkun ja tasoittaa ihon s\u00e4vy\u00e4, hidastaa ik\u00e4\u00e4ntymisprosessia, ravitsee ja kosteuttaa tehokkaasti, ehk\u00e4isee hilseily\u00e4 ja stimuloi uudistumista. Voide stimuloi kollageenikuitujen synteesi\u00e4, vahvistaa ihon kudosta ja lis\u00e4\u00e4 elastisuutta.<\/p>\n<p>T\u00e4rkein vaikuttava aine on kombucha eli fermentoitu musta tee, joka on runsaasti polyfenoleja ja katekiineja, mik\u00e4 tarjoaa voimakkaan antioksidanttisen vaikutuksen ja suojaa soluja vapailta radikaaleilta.<\/p>\n<p><strong>Muita vaikuttavia aineita:<\/strong><\/p>\n<ul>\n<li><strong>Argireliini (asetyyliheksapeptidi-8)<\/strong> \u2014 peptidipohjainen lihasrelaksantti, joka rentouttaa kasvolihaksia ja ehk\u00e4isee matkivien ryppyjen muodostumista. Vaikuttaa botuliinim\u00e4isesti.<\/li>\n<li><strong>Adenos<\/strong> \u2014 yksi uuden sukupolven edistyksellisimmist\u00e4 ainesosista. Taistelee tehokkaasti ryppyj\u00e4 vastaan, tarjoaa vahvan sytoprotektiivisen vaikutuksen ja suojaa soluja hapettumiselta, vaikuttaa prokollageeni-1:n synteesiin, joka vastaa ihon kimmoisuudesta ja s\u00e4vyst\u00e4.<\/li>\n<li><strong>Ginseng-uute<\/strong> \u2014 vahvistaa vastustuskyky\u00e4, palauttaa terveyden ja nuoruuden. Stimuloi verenkiertoa, parantaa ihonv\u00e4ri\u00e4, uudistaa ja nuorentaa ihoa. Suojaa soluja vaurioilta, vahvistaa ja kiinteytt\u00e4\u00e4.<\/li>\n<li><strong>Tyrniuute<\/strong> Rauhoittaa tehokkaasti \u00e4rsytyst\u00e4, lievitt\u00e4\u00e4 tulehdusta, auttaa torjumaan kuivuutta ja hilseily\u00e4. Vahvistaa epidermiksen lipidisuojaa ja suojaa ymp\u00e4rist\u00f6n vaikutuksilta.<\/li>\n<li><strong>5 erilaista hyaluronihappoa<\/strong> auttavat s\u00e4ilytt\u00e4m\u00e4\u00e4n kosteutta ihossa, lis\u00e4\u00e4v\u00e4t sen kosteustasoa ja luovat l\u00e4pin\u00e4kyv\u00e4n suojakerroksen. Ihosta tulee tihe\u00e4mpi sis\u00e4lt\u00e4p\u00e4in, se siloittuu ja saa raikkaamman ja nuorekkaamman ulkon\u00e4\u00f6n.<\/li>\n<li><strong>3 tyyppi\u00e4 keramideja<\/strong> vahvistaa, suojaa vaurioilta, est\u00e4\u00e4 kosteuden haihtumista ja varmistaa pitk\u00e4kestoisen kosteutuksen, tukee optimaalista hydrolipiditasapainoa.<\/li>\n<\/ul>\n<p>Sopii normaalille, sekaiholle ja kuivalle iholle.<\/p>\n<p><strong>K\u00e4ytt\u00f6opas:<\/strong> Puhdistuksen, kasvoveden ja seerumin k\u00e4yt\u00f6n j\u00e4lkeen levit\u00e4 voidetta kasvoille ja kaulalle hierontalinjoja pitkin.<\/p>","protected":false},"excerpt":{"rendered":"<p>Pyunkang Yul Black Tea Enriched Cream -voide vahvistaa ja silottaa ihoa, tekee siit\u00e4 joustavan, v\u00e4hent\u00e4\u00e4 ryppyjen syvyytt\u00e4 ja poistaa kuivuutta j\u00e4tt\u00e4en ihon pehme\u00e4ksi ja s\u00e4teilev\u00e4ksi. Voide kirkastaa hell\u00e4varaisesti ja auttaa p\u00e4\u00e4sem\u00e4\u00e4n eroon pigmenttil\u00e4iskist\u00e4 ja hoitavista l\u00e4iskist\u00e4. T\u00e4m\u00e4 nuorentava ravitseva hoitoaine parantaa epidermiksen barri\u00e4\u00e4ritoimintoja, antaa terveen hehkun ja tasoittaa ihonv\u00e4ri\u00e4, hidastaa ik\u00e4\u00e4ntymisprosessia, ravitsee ja kosteuttaa intensiivisesti, ehk\u00e4isee hilseily\u00e4.....<\/p>","protected":false},"featured_media":9205,"comment_status":"open","ping_status":"closed","template":"","meta":{"_uf_show_specific_survey":0,"_uf_disable_surveys":false,"_bst_post_transparent":"default","_bst_post_title":"","_bst_post_layout":"default","_bst_post_sidebar_id":"","_bst_post_content_style":"default","_bst_post_vertical_padding":"default","_bst_post_feature":"","_bst_post_feature_position":"","_bst_post_header":false,"_bst_post_footer":false},"pwb-brand":[474],"product_brand":[],"product_cat":[92,96],"product_tag":[],"class_list":{"0":"post-9204","1":"product","2":"type-product","3":"status-publish","4":"has-post-thumbnail","6":"pwb-brand-pyunkang-yul","7":"product_cat-nagu","8":"product_cat-naokreemid","10":"first","11":"instock","12":"sale","13":"shipping-taxable","14":"purchasable","15":"product-type-simple","16":"entry","17":"content-bg","18":"loop-entry"},"supplier_id":null,"supplier_sku":"","barcode":null,"atum_controlled":true,"out_stock_date":null,"out_stock_threshold":null,"inheritable":false,"inbound_stock":0,"stock_on_hold":0,"sold_today":0,"sales_last_days":0,"out_stock_days":0,"lost_sales":0,"has_location":false,"update_date":"2026-04-14T00:05:10","atum_locations":[],"atum_stock_status":"instock","restock_status":false,"low_stock_amount":"","sales_update_date":"2026-04-14T00:05:10","calc_backorders":null,"yoast_head":"<!-- This site is optimized with the Yoast SEO plugin v27.2 - https:\/\/yoast.com\/product\/yoast-seo-wordpress\/ -->\n<title>Noorendav n\u00e4okreem Pyunkang Yul Black Tea Enriched Cream, 60ml - IDA.KOREA<\/title>\n<meta name=\"robots\" content=\"index, follow, max-snippet:-1, max-image-preview:large, max-video-preview:-1\" \/>\n<link rel=\"canonical\" href=\"https:\/\/idakorea.ee\/fi\/product\/noorendav-naokreem-pyunkang-yul-black-tea-enriched-cream-60ml\/\" \/>\n<meta property=\"og:locale\" content=\"fi_FI\" \/>\n<meta property=\"og:type\" content=\"article\" \/>\n<meta property=\"og:title\" content=\"Noorendav n\u00e4okreem Pyunkang Yul Black Tea Enriched Cream, 60ml - IDA.KOREA\" \/>\n<meta property=\"og:description\" content=\"Pyunkang Yul Black Tea Enriched Cream tugevdab ja silub nahka, muutes selle elastseks, v\u00e4hendab kortsude s\u00fcgavust ja k\u00f5rvaldab kuivust, muutes naha pehmeks ja s\u00e4ravaks. Kreem helendab \u00f5rnalt ja aitab vabaneda pigmendi- ja seisundilaikudest. See noorendav toitev vahend parandab epidermise barj\u00e4\u00e4rifunktsioone, annab terve s\u00e4ra ja \u00fchtlustab jumet, aeglustab vananemisprotsessi, toidab ja niisutab intensiivselt, hoiab \u00e4ra ketendust...\" \/>\n<meta property=\"og:url\" content=\"https:\/\/idakorea.ee\/fi\/product\/noorendav-naokreem-pyunkang-yul-black-tea-enriched-cream-60ml\/\" \/>\n<meta property=\"og:site_name\" content=\"IDA.KOREA\" \/>\n<meta property=\"article:modified_time\" content=\"2026-04-03T08:58:19+00:00\" \/>\n<meta property=\"og:image\" content=\"https:\/\/idakorea.ee\/wp-content\/uploads\/2024\/07\/pyunkang-yul-black-tea-enriched-cream.jpg\" \/>\n\t<meta property=\"og:image:width\" content=\"1000\" \/>\n\t<meta property=\"og:image:height\" content=\"1000\" \/>\n\t<meta property=\"og:image:type\" content=\"image\/jpeg\" \/>\n<meta name=\"twitter:card\" content=\"summary_large_image\" \/>\n<meta name=\"twitter:label1\" content=\"Arvioitu lukuaika\" \/>\n\t<meta name=\"twitter:data1\" content=\"2 minuuttia\" \/>\n<script type=\"application\/ld+json\" class=\"yoast-schema-graph\">{\"@context\":\"https:\/\/schema.org\",\"@graph\":[{\"@type\":\"WebPage\",\"@id\":\"https:\/\/idakorea.ee\/product\/noorendav-naokreem-pyunkang-yul-black-tea-enriched-cream-60ml\/\",\"url\":\"https:\/\/idakorea.ee\/product\/noorendav-naokreem-pyunkang-yul-black-tea-enriched-cream-60ml\/\",\"name\":\"Noorendav n\u00e4okreem Pyunkang Yul Black Tea Enriched Cream, 60ml - IDA.KOREA\",\"isPartOf\":{\"@id\":\"https:\/\/idakorea.ee\/#website\"},\"primaryImageOfPage\":{\"@id\":\"https:\/\/idakorea.ee\/product\/noorendav-naokreem-pyunkang-yul-black-tea-enriched-cream-60ml\/#primaryimage\"},\"image\":{\"@id\":\"https:\/\/idakorea.ee\/product\/noorendav-naokreem-pyunkang-yul-black-tea-enriched-cream-60ml\/#primaryimage\"},\"thumbnailUrl\":\"https:\/\/idakorea.ee\/wp-content\/uploads\/2024\/07\/pyunkang-yul-black-tea-enriched-cream.jpg\",\"datePublished\":\"2024-07-04T13:51:26+00:00\",\"dateModified\":\"2026-04-03T08:58:19+00:00\",\"breadcrumb\":{\"@id\":\"https:\/\/idakorea.ee\/product\/noorendav-naokreem-pyunkang-yul-black-tea-enriched-cream-60ml\/#breadcrumb\"},\"inLanguage\":\"fi\",\"potentialAction\":[{\"@type\":\"ReadAction\",\"target\":[\"https:\/\/idakorea.ee\/product\/noorendav-naokreem-pyunkang-yul-black-tea-enriched-cream-60ml\/\"]}]},{\"@type\":\"ImageObject\",\"inLanguage\":\"fi\",\"@id\":\"https:\/\/idakorea.ee\/product\/noorendav-naokreem-pyunkang-yul-black-tea-enriched-cream-60ml\/#primaryimage\",\"url\":\"https:\/\/idakorea.ee\/wp-content\/uploads\/2024\/07\/pyunkang-yul-black-tea-enriched-cream.jpg\",\"contentUrl\":\"https:\/\/idakorea.ee\/wp-content\/uploads\/2024\/07\/pyunkang-yul-black-tea-enriched-cream.jpg\",\"width\":1000,\"height\":1000},{\"@type\":\"BreadcrumbList\",\"@id\":\"https:\/\/idakorea.ee\/product\/noorendav-naokreem-pyunkang-yul-black-tea-enriched-cream-60ml\/#breadcrumb\",\"itemListElement\":[{\"@type\":\"ListItem\",\"position\":1,\"name\":\"\u0413\u043b\u0430\u0432\u043d\u0430\u044f \u0441\u0442\u0440\u0430\u043d\u0438\u0446\u0430\",\"item\":\"https:\/\/idakorea.ee\/\"},{\"@type\":\"ListItem\",\"position\":2,\"name\":\"Shop\",\"item\":\"https:\/\/idakorea.ee\/shop-2\/\"},{\"@type\":\"ListItem\",\"position\":3,\"name\":\"Noorendav n\u00e4okreem Pyunkang Yul Black Tea Enriched Cream, 60ml\"}]},{\"@type\":\"WebSite\",\"@id\":\"https:\/\/idakorea.ee\/#website\",\"url\":\"https:\/\/idakorea.ee\/\",\"name\":\"IDA.KOREA\",\"description\":\"Korea kosmeetika e-pood\",\"publisher\":{\"@id\":\"https:\/\/idakorea.ee\/#organization\"},\"alternateName\":\"Beauty Shop\",\"potentialAction\":[{\"@type\":\"SearchAction\",\"target\":{\"@type\":\"EntryPoint\",\"urlTemplate\":\"https:\/\/idakorea.ee\/?s={search_term_string}\"},\"query-input\":{\"@type\":\"PropertyValueSpecification\",\"valueRequired\":true,\"valueName\":\"search_term_string\"}}],\"inLanguage\":\"fi\"},{\"@type\":\"Organization\",\"@id\":\"https:\/\/idakorea.ee\/#organization\",\"name\":\"IDA.KOREA\",\"url\":\"https:\/\/idakorea.ee\/\",\"logo\":{\"@type\":\"ImageObject\",\"inLanguage\":\"fi\",\"@id\":\"https:\/\/idakorea.ee\/#\/schema\/logo\/image\/\",\"url\":\"https:\/\/idakorea.ee\/wp-content\/uploads\/2024\/05\/cropped-korea3.png\",\"contentUrl\":\"https:\/\/idakorea.ee\/wp-content\/uploads\/2024\/05\/cropped-korea3.png\",\"width\":688,\"height\":126,\"caption\":\"IDA.KOREA\"},\"image\":{\"@id\":\"https:\/\/idakorea.ee\/#\/schema\/logo\/image\/\"},\"sameAs\":[\"https:\/\/www.instagram.com\/ida.korea\/\"]}]}<\/script>\n<!-- \/ Yoast SEO plugin. -->","yoast_head_json":{"title":"Nuorentava kasvovoide Pyunkang Yul mustalla teell\u00e4 rikastettu voide, 60ml - It\u00e4-Korea","robots":{"index":"index","follow":"follow","max-snippet":"max-snippet:-1","max-image-preview":"max-image-preview:large","max-video-preview":"max-video-preview:-1"},"canonical":"https:\/\/idakorea.ee\/fi\/product\/noorendav-naokreem-pyunkang-yul-black-tea-enriched-cream-60ml\/","og_locale":"fi_FI","og_type":"article","og_title":"Noorendav n\u00e4okreem Pyunkang Yul Black Tea Enriched Cream, 60ml - IDA.KOREA","og_description":"Pyunkang Yul Black Tea Enriched Cream tugevdab ja silub nahka, muutes selle elastseks, v\u00e4hendab kortsude s\u00fcgavust ja k\u00f5rvaldab kuivust, muutes naha pehmeks ja s\u00e4ravaks. Kreem helendab \u00f5rnalt ja aitab vabaneda pigmendi- ja seisundilaikudest. See noorendav toitev vahend parandab epidermise barj\u00e4\u00e4rifunktsioone, annab terve s\u00e4ra ja \u00fchtlustab jumet, aeglustab vananemisprotsessi, toidab ja niisutab intensiivselt, hoiab \u00e4ra ketendust...","og_url":"https:\/\/idakorea.ee\/fi\/product\/noorendav-naokreem-pyunkang-yul-black-tea-enriched-cream-60ml\/","og_site_name":"IDA.KOREA","article_modified_time":"2026-04-03T08:58:19+00:00","og_image":[{"width":1000,"height":1000,"url":"https:\/\/idakorea.ee\/wp-content\/uploads\/2024\/07\/pyunkang-yul-black-tea-enriched-cream.jpg","type":"image\/jpeg"}],"twitter_card":"summary_large_image","twitter_misc":{"Arvioitu lukuaika":"2 minuuttia"},"schema":{"@context":"https:\/\/schema.org","@graph":[{"@type":"WebPage","@id":"https:\/\/idakorea.ee\/product\/noorendav-naokreem-pyunkang-yul-black-tea-enriched-cream-60ml\/","url":"https:\/\/idakorea.ee\/product\/noorendav-naokreem-pyunkang-yul-black-tea-enriched-cream-60ml\/","name":"Nuorentava kasvovoide Pyunkang Yul mustalla teell\u00e4 rikastettu voide, 60ml - It\u00e4-Korea","isPartOf":{"@id":"https:\/\/idakorea.ee\/#website"},"primaryImageOfPage":{"@id":"https:\/\/idakorea.ee\/product\/noorendav-naokreem-pyunkang-yul-black-tea-enriched-cream-60ml\/#primaryimage"},"image":{"@id":"https:\/\/idakorea.ee\/product\/noorendav-naokreem-pyunkang-yul-black-tea-enriched-cream-60ml\/#primaryimage"},"thumbnailUrl":"https:\/\/idakorea.ee\/wp-content\/uploads\/2024\/07\/pyunkang-yul-black-tea-enriched-cream.jpg","datePublished":"2024-07-04T13:51:26+00:00","dateModified":"2026-04-03T08:58:19+00:00","breadcrumb":{"@id":"https:\/\/idakorea.ee\/product\/noorendav-naokreem-pyunkang-yul-black-tea-enriched-cream-60ml\/#breadcrumb"},"inLanguage":"fi","potentialAction":[{"@type":"ReadAction","target":["https:\/\/idakorea.ee\/product\/noorendav-naokreem-pyunkang-yul-black-tea-enriched-cream-60ml\/"]}]},{"@type":"ImageObject","inLanguage":"fi","@id":"https:\/\/idakorea.ee\/product\/noorendav-naokreem-pyunkang-yul-black-tea-enriched-cream-60ml\/#primaryimage","url":"https:\/\/idakorea.ee\/wp-content\/uploads\/2024\/07\/pyunkang-yul-black-tea-enriched-cream.jpg","contentUrl":"https:\/\/idakorea.ee\/wp-content\/uploads\/2024\/07\/pyunkang-yul-black-tea-enriched-cream.jpg","width":1000,"height":1000},{"@type":"BreadcrumbList","@id":"https:\/\/idakorea.ee\/product\/noorendav-naokreem-pyunkang-yul-black-tea-enriched-cream-60ml\/#breadcrumb","itemListElement":[{"@type":"ListItem","position":1,"name":"\u0413\u043b\u0430\u0432\u043d\u0430\u044f \u0441\u0442\u0440\u0430\u043d\u0438\u0446\u0430","item":"https:\/\/idakorea.ee\/"},{"@type":"ListItem","position":2,"name":"Shop","item":"https:\/\/idakorea.ee\/shop-2\/"},{"@type":"ListItem","position":3,"name":"Noorendav n\u00e4okreem Pyunkang Yul Black Tea Enriched Cream, 60ml"}]},{"@type":"WebSite","@id":"https:\/\/idakorea.ee\/#website","url":"https:\/\/idakorea.ee\/","name":"IDA.KOREA","description":"Korean kosmetiikan verkkokauppa","publisher":{"@id":"https:\/\/idakorea.ee\/#organization"},"alternateName":"Beauty Shop","potentialAction":[{"@type":"SearchAction","target":{"@type":"EntryPoint","urlTemplate":"https:\/\/idakorea.ee\/?s={search_term_string}"},"query-input":{"@type":"PropertyValueSpecification","valueRequired":true,"valueName":"search_term_string"}}],"inLanguage":"fi"},{"@type":"Organization","@id":"https:\/\/idakorea.ee\/#organization","name":"IDA.KOREA","url":"https:\/\/idakorea.ee\/","logo":{"@type":"ImageObject","inLanguage":"fi","@id":"https:\/\/idakorea.ee\/#\/schema\/logo\/image\/","url":"https:\/\/idakorea.ee\/wp-content\/uploads\/2024\/05\/cropped-korea3.png","contentUrl":"https:\/\/idakorea.ee\/wp-content\/uploads\/2024\/05\/cropped-korea3.png","width":688,"height":126,"caption":"IDA.KOREA"},"image":{"@id":"https:\/\/idakorea.ee\/#\/schema\/logo\/image\/"},"sameAs":["https:\/\/www.instagram.com\/ida.korea\/"]}]}},"jetpack_sharing_enabled":true,"brands":[{"id":474,"name":"PYUNKANG YUL","slug":"pyunkang-yul"}],"_links":{"self":[{"href":"https:\/\/idakorea.ee\/fi\/wp-json\/wp\/v2\/product\/9204","targetHints":{"allow":["GET"]}}],"collection":[{"href":"https:\/\/idakorea.ee\/fi\/wp-json\/wp\/v2\/product"}],"about":[{"href":"https:\/\/idakorea.ee\/fi\/wp-json\/wp\/v2\/types\/product"}],"replies":[{"embeddable":true,"href":"https:\/\/idakorea.ee\/fi\/wp-json\/wp\/v2\/comments?post=9204"}],"version-history":[{"count":3,"href":"https:\/\/idakorea.ee\/fi\/wp-json\/wp\/v2\/product\/9204\/revisions"}],"predecessor-version":[{"id":14573,"href":"https:\/\/idakorea.ee\/fi\/wp-json\/wp\/v2\/product\/9204\/revisions\/14573"}],"wp:featuredmedia":[{"embeddable":true,"href":"https:\/\/idakorea.ee\/fi\/wp-json\/wp\/v2\/media\/9205"}],"wp:attachment":[{"href":"https:\/\/idakorea.ee\/fi\/wp-json\/wp\/v2\/media?parent=9204"}],"wp:term":[{"taxonomy":"pwb-brand","embeddable":true,"href":"https:\/\/idakorea.ee\/fi\/wp-json\/wp\/v2\/pwb-brand?post=9204"},{"taxonomy":"product_brand","embeddable":true,"href":"https:\/\/idakorea.ee\/fi\/wp-json\/wp\/v2\/product_brand?post=9204"},{"taxonomy":"product_cat","embeddable":true,"href":"https:\/\/idakorea.ee\/fi\/wp-json\/wp\/v2\/product_cat?post=9204"},{"taxonomy":"product_tag","embeddable":true,"href":"https:\/\/idakorea.ee\/fi\/wp-json\/wp\/v2\/product_tag?post=9204"}],"curies":[{"name":"wp","href":"https:\/\/api.w.org\/{rel}","templated":true}]}}