{"id":9210,"date":"2024-07-04T15:56:49","date_gmt":"2024-07-04T13:56:49","guid":{"rendered":"https:\/\/idakorea.ee\/?post_type=product&#038;p=9210"},"modified":"2026-02-11T18:25:31","modified_gmt":"2026-02-11T16:25:31","slug":"huulepalsaam-benton-honest-lip-balm-10ml","status":"publish","type":"product","link":"https:\/\/idakorea.ee\/fi\/product\/huulepalsaam-benton-honest-lip-balm-10ml\/","title":{"rendered":"Huulirasva Benton Honest Lip Balm, 10ml"},"content":{"rendered":"<div class=\"flex flex-grow flex-col max-w-full\">\n<div class=\"min-h-[20px] text-message flex flex-col items-start whitespace-pre-wrap break-words [.text-message+&amp;]:mt-5 juice:w-full juice:items-end overflow-x-auto gap-2\" dir=\"auto\" data-message-author-role=\"assistant\" data-message-id=\"c309311f-7ab8-48cc-b517-ca06b9f2d54d\">\n<div class=\"flex w-full flex-col gap-1 juice:empty:hidden juice:first:pt-[3px]\">\n<div class=\"markdown prose w-full break-words dark:prose-invert light\">\n<p><strong>Benton Honest Lip Balm<\/strong> kaitseb \u00f5rnade huulte nahka tuule ja k\u00fclma eest, tagab s\u00fcgava toitmise looduslike koostisosade abil, hoiab niiskust ja ennetab kuivust. Rahustab ja leevendab \u00e4rritust.<\/p>\n<p>Muudab huuled pehmeks ja elastseks, pehmendab ketendavaid piirkondi. Pooll\u00e4bipaistev geeljas tekstuur sisaldab 7 toitvat \u00f5li, ei sisalda parabeene, kunstlikke v\u00e4rvaineid ega l\u00f5hnaaineid.<\/p>\n<p>H\u00fcpoallergeenne vegan koostis ei p\u00f5hjusta \u00e4rritust. V\u00e4hendab tundlikkust v\u00e4liste \u00e4rritajate suhtes.<\/p>\n<p>Purg on valmistatud suhkruroost saadud biolagunevast kartongist ja v\u00e4rvitud soja tindiga, mis ei kahjusta keskkonda.<\/p>\n<p><strong>Peamised toimeained:<\/strong><\/p>\n<ul>\n<li><strong>P\u00e4evalille\u00f5li<\/strong> on rikastatud rasvhapete ja A-, D- ja E-vitamiinidega. Rahustab, hoiab \u00e4ra deh\u00fcdratsiooni ja avaldab antioks\u00fcdantset toimet.<\/li>\n<li><strong>Sheav\u00f5i<\/strong> pehmendab, k\u00f5rvaldab kuivuse ja ketenduse. Niisutab s\u00fcgavuti, hoiab naha siledana.<\/li>\n<li><strong>Argaania\u00f5li<\/strong> k\u00f5rvaldab ketenduse, suurendab elastsust ja tugevust, tugevdab kaitsebarj\u00e4\u00e4ri.<\/li>\n<li><strong>Jojoba\u00f5li<\/strong> kiirendab paranemist, hoiab \u00e4ra naha deh\u00fcdratsiooni ja kahjustusi, mis p\u00f5hjustavad ketendust.<\/li>\n<li><strong>Tokoferool (E-vitamiin)<\/strong> v\u00f5itleb rakkude h\u00e4vimise vastu vabade radikaalide poolt, ennetab kortsude teket, toetab elastsust ja siledust.<\/li>\n<\/ul>\n<p><strong>Kasutusjuhend:<\/strong> kandke palsam puhastele huultele. V\u00f5ib kasutada \u00f6\u00f6maskina v\u00f5i huulte ettevalmistamiseks meigiks: kandke paks kiht huultele, eemaldage 5 minuti p\u00e4rast j\u00e4\u00e4nused salvr\u00e4tikuga ja alustage meikimist. Palsamit v\u00f5ib kasutada v\u00e4ga kuivade nahapiirkondade, n\u00e4iteks ninaotsa ja -tiibade niisutamiseks.<\/p>\n<\/div>\n<\/div>\n<\/div>\n<\/div>\n","protected":false},"excerpt":{"rendered":"<p>Benton Honest Lip Balm suojaa herkkien huulten ihoa tuulelta ja kylm\u00e4lt\u00e4, ravitsee syv\u00e4llisesti luonnollisilla ainesosilla, s\u00e4ilytt\u00e4\u00e4 kosteuden ja ehk\u00e4isee kuivumista. Rauhoittaa ja lievitt\u00e4\u00e4 \u00e4rsytyst\u00e4. Tekee huulista pehme\u00e4t ja joustavat, rauhoittaa hilseilevi\u00e4 alueita. L\u00e4pikuultava geelim\u00e4inen koostumus sis\u00e4lt\u00e4\u00e4 7 ravitsevaa \u00f6ljy\u00e4 ja on vapaa parabeeneista, keinotekoisista v\u00e4riaineista ja hajusteista. Hypoallergeeninen vegaaninen koostumus ei \u00e4rsyt\u00e4.....<\/p>","protected":false},"featured_media":9211,"comment_status":"open","ping_status":"closed","template":"","meta":{"_uf_show_specific_survey":0,"_uf_disable_surveys":false,"_bst_post_transparent":"default","_bst_post_title":"","_bst_post_layout":"default","_bst_post_sidebar_id":"","_bst_post_content_style":"default","_bst_post_vertical_padding":"default","_bst_post_feature":"","_bst_post_feature_position":"","_bst_post_header":false,"_bst_post_footer":false},"pwb-brand":[475],"product_brand":[],"product_cat":[368,92,99],"product_tag":[233,377,202],"class_list":{"0":"post-9210","1":"product","2":"type-product","3":"status-publish","4":"has-post-thumbnail","6":"pwb-brand-benton","7":"product_cat-huulepalsamid-ja-hooldus","8":"product_cat-nagu","9":"product_cat-silmad-ja-huuled-2","10":"product_tag-internet-pood-eesti","11":"product_tag-k-beauty-2","12":"product_tag-korea-kosmeetika","14":"first","15":"instock","16":"sale","17":"shipping-taxable","18":"purchasable","19":"product-type-simple","20":"entry","21":"content-bg","22":"loop-entry"},"supplier_id":null,"supplier_sku":"","barcode":null,"atum_controlled":true,"out_stock_date":null,"out_stock_threshold":null,"inheritable":false,"inbound_stock":0,"stock_on_hold":0,"sold_today":0,"sales_last_days":0,"out_stock_days":0,"lost_sales":0,"has_location":false,"update_date":"2026-04-14T00:05:06","atum_locations":[],"atum_stock_status":"instock","restock_status":false,"low_stock_amount":"","sales_update_date":"2026-04-14T00:05:06","calc_backorders":null,"yoast_head":"<!-- This site is optimized with the Yoast SEO plugin v27.2 - https:\/\/yoast.com\/product\/yoast-seo-wordpress\/ -->\n<title>Huulepalsaam Benton Honest Lip Balm, 10ml - IDA.KOREA<\/title>\n<meta name=\"robots\" content=\"index, follow, max-snippet:-1, max-image-preview:large, max-video-preview:-1\" \/>\n<link rel=\"canonical\" href=\"https:\/\/idakorea.ee\/fi\/product\/huulepalsaam-benton-honest-lip-balm-10ml\/\" \/>\n<meta property=\"og:locale\" content=\"fi_FI\" \/>\n<meta property=\"og:type\" content=\"article\" \/>\n<meta property=\"og:title\" content=\"Huulepalsaam Benton Honest Lip Balm, 10ml - IDA.KOREA\" \/>\n<meta property=\"og:description\" content=\"Benton Honest Lip Balm kaitseb \u00f5rnade huulte nahka tuule ja k\u00fclma eest, tagab s\u00fcgava toitmise looduslike koostisosade abil, hoiab niiskust ja ennetab kuivust. Rahustab ja leevendab \u00e4rritust. Muudab huuled pehmeks ja elastseks, pehmendab ketendavaid piirkondi. Pooll\u00e4bipaistev geeljas tekstuur sisaldab 7 toitvat \u00f5li, ei sisalda parabeene, kunstlikke v\u00e4rvaineid ega l\u00f5hnaaineid. H\u00fcpoallergeenne vegan koostis ei p\u00f5hjusta \u00e4rritust....\" \/>\n<meta property=\"og:url\" content=\"https:\/\/idakorea.ee\/fi\/product\/huulepalsaam-benton-honest-lip-balm-10ml\/\" \/>\n<meta property=\"og:site_name\" content=\"IDA.KOREA\" \/>\n<meta property=\"article:modified_time\" content=\"2026-02-11T16:25:31+00:00\" \/>\n<meta property=\"og:image\" content=\"https:\/\/idakorea.ee\/wp-content\/uploads\/2024\/07\/benton-honest-honest-lip-balm.jpg\" \/>\n\t<meta property=\"og:image:width\" content=\"1000\" \/>\n\t<meta property=\"og:image:height\" content=\"1000\" \/>\n\t<meta property=\"og:image:type\" content=\"image\/jpeg\" \/>\n<meta name=\"twitter:card\" content=\"summary_large_image\" \/>\n<meta name=\"twitter:label1\" content=\"Arvioitu lukuaika\" \/>\n\t<meta name=\"twitter:data1\" content=\"2 minuuttia\" \/>\n<script type=\"application\/ld+json\" class=\"yoast-schema-graph\">{\"@context\":\"https:\/\/schema.org\",\"@graph\":[{\"@type\":\"WebPage\",\"@id\":\"https:\/\/idakorea.ee\/product\/huulepalsaam-benton-honest-lip-balm-10ml\/\",\"url\":\"https:\/\/idakorea.ee\/product\/huulepalsaam-benton-honest-lip-balm-10ml\/\",\"name\":\"Huulepalsaam Benton Honest Lip Balm, 10ml - IDA.KOREA\",\"isPartOf\":{\"@id\":\"https:\/\/idakorea.ee\/#website\"},\"primaryImageOfPage\":{\"@id\":\"https:\/\/idakorea.ee\/product\/huulepalsaam-benton-honest-lip-balm-10ml\/#primaryimage\"},\"image\":{\"@id\":\"https:\/\/idakorea.ee\/product\/huulepalsaam-benton-honest-lip-balm-10ml\/#primaryimage\"},\"thumbnailUrl\":\"https:\/\/idakorea.ee\/wp-content\/uploads\/2024\/07\/benton-honest-honest-lip-balm.jpg\",\"datePublished\":\"2024-07-04T13:56:49+00:00\",\"dateModified\":\"2026-02-11T16:25:31+00:00\",\"breadcrumb\":{\"@id\":\"https:\/\/idakorea.ee\/product\/huulepalsaam-benton-honest-lip-balm-10ml\/#breadcrumb\"},\"inLanguage\":\"fi\",\"potentialAction\":[{\"@type\":\"ReadAction\",\"target\":[\"https:\/\/idakorea.ee\/product\/huulepalsaam-benton-honest-lip-balm-10ml\/\"]}]},{\"@type\":\"ImageObject\",\"inLanguage\":\"fi\",\"@id\":\"https:\/\/idakorea.ee\/product\/huulepalsaam-benton-honest-lip-balm-10ml\/#primaryimage\",\"url\":\"https:\/\/idakorea.ee\/wp-content\/uploads\/2024\/07\/benton-honest-honest-lip-balm.jpg\",\"contentUrl\":\"https:\/\/idakorea.ee\/wp-content\/uploads\/2024\/07\/benton-honest-honest-lip-balm.jpg\",\"width\":1000,\"height\":1000},{\"@type\":\"BreadcrumbList\",\"@id\":\"https:\/\/idakorea.ee\/product\/huulepalsaam-benton-honest-lip-balm-10ml\/#breadcrumb\",\"itemListElement\":[{\"@type\":\"ListItem\",\"position\":1,\"name\":\"\u0413\u043b\u0430\u0432\u043d\u0430\u044f \u0441\u0442\u0440\u0430\u043d\u0438\u0446\u0430\",\"item\":\"https:\/\/idakorea.ee\/\"},{\"@type\":\"ListItem\",\"position\":2,\"name\":\"Shop\",\"item\":\"https:\/\/idakorea.ee\/shop-2\/\"},{\"@type\":\"ListItem\",\"position\":3,\"name\":\"Huulepalsaam Benton Honest Lip Balm, 10ml\"}]},{\"@type\":\"WebSite\",\"@id\":\"https:\/\/idakorea.ee\/#website\",\"url\":\"https:\/\/idakorea.ee\/\",\"name\":\"IDA.KOREA\",\"description\":\"Korea kosmeetika e-pood\",\"publisher\":{\"@id\":\"https:\/\/idakorea.ee\/#organization\"},\"alternateName\":\"Beauty Shop\",\"potentialAction\":[{\"@type\":\"SearchAction\",\"target\":{\"@type\":\"EntryPoint\",\"urlTemplate\":\"https:\/\/idakorea.ee\/?s={search_term_string}\"},\"query-input\":{\"@type\":\"PropertyValueSpecification\",\"valueRequired\":true,\"valueName\":\"search_term_string\"}}],\"inLanguage\":\"fi\"},{\"@type\":\"Organization\",\"@id\":\"https:\/\/idakorea.ee\/#organization\",\"name\":\"IDA.KOREA\",\"url\":\"https:\/\/idakorea.ee\/\",\"logo\":{\"@type\":\"ImageObject\",\"inLanguage\":\"fi\",\"@id\":\"https:\/\/idakorea.ee\/#\/schema\/logo\/image\/\",\"url\":\"https:\/\/idakorea.ee\/wp-content\/uploads\/2024\/05\/cropped-korea3.png\",\"contentUrl\":\"https:\/\/idakorea.ee\/wp-content\/uploads\/2024\/05\/cropped-korea3.png\",\"width\":688,\"height\":126,\"caption\":\"IDA.KOREA\"},\"image\":{\"@id\":\"https:\/\/idakorea.ee\/#\/schema\/logo\/image\/\"},\"sameAs\":[\"https:\/\/www.instagram.com\/ida.korea\/\"]}]}<\/script>\n<!-- \/ Yoast SEO plugin. -->","yoast_head_json":{"title":"Benton Honest huulirasva, 10ml - It\u00e4-Korea","robots":{"index":"index","follow":"follow","max-snippet":"max-snippet:-1","max-image-preview":"max-image-preview:large","max-video-preview":"max-video-preview:-1"},"canonical":"https:\/\/idakorea.ee\/fi\/product\/huulepalsaam-benton-honest-lip-balm-10ml\/","og_locale":"fi_FI","og_type":"article","og_title":"Huulepalsaam Benton Honest Lip Balm, 10ml - IDA.KOREA","og_description":"Benton Honest Lip Balm kaitseb \u00f5rnade huulte nahka tuule ja k\u00fclma eest, tagab s\u00fcgava toitmise looduslike koostisosade abil, hoiab niiskust ja ennetab kuivust. Rahustab ja leevendab \u00e4rritust. Muudab huuled pehmeks ja elastseks, pehmendab ketendavaid piirkondi. Pooll\u00e4bipaistev geeljas tekstuur sisaldab 7 toitvat \u00f5li, ei sisalda parabeene, kunstlikke v\u00e4rvaineid ega l\u00f5hnaaineid. H\u00fcpoallergeenne vegan koostis ei p\u00f5hjusta \u00e4rritust....","og_url":"https:\/\/idakorea.ee\/fi\/product\/huulepalsaam-benton-honest-lip-balm-10ml\/","og_site_name":"IDA.KOREA","article_modified_time":"2026-02-11T16:25:31+00:00","og_image":[{"width":1000,"height":1000,"url":"https:\/\/idakorea.ee\/wp-content\/uploads\/2024\/07\/benton-honest-honest-lip-balm.jpg","type":"image\/jpeg"}],"twitter_card":"summary_large_image","twitter_misc":{"Arvioitu lukuaika":"2 minuuttia"},"schema":{"@context":"https:\/\/schema.org","@graph":[{"@type":"WebPage","@id":"https:\/\/idakorea.ee\/product\/huulepalsaam-benton-honest-lip-balm-10ml\/","url":"https:\/\/idakorea.ee\/product\/huulepalsaam-benton-honest-lip-balm-10ml\/","name":"Benton Honest huulirasva, 10ml - It\u00e4-Korea","isPartOf":{"@id":"https:\/\/idakorea.ee\/#website"},"primaryImageOfPage":{"@id":"https:\/\/idakorea.ee\/product\/huulepalsaam-benton-honest-lip-balm-10ml\/#primaryimage"},"image":{"@id":"https:\/\/idakorea.ee\/product\/huulepalsaam-benton-honest-lip-balm-10ml\/#primaryimage"},"thumbnailUrl":"https:\/\/idakorea.ee\/wp-content\/uploads\/2024\/07\/benton-honest-honest-lip-balm.jpg","datePublished":"2024-07-04T13:56:49+00:00","dateModified":"2026-02-11T16:25:31+00:00","breadcrumb":{"@id":"https:\/\/idakorea.ee\/product\/huulepalsaam-benton-honest-lip-balm-10ml\/#breadcrumb"},"inLanguage":"fi","potentialAction":[{"@type":"ReadAction","target":["https:\/\/idakorea.ee\/product\/huulepalsaam-benton-honest-lip-balm-10ml\/"]}]},{"@type":"ImageObject","inLanguage":"fi","@id":"https:\/\/idakorea.ee\/product\/huulepalsaam-benton-honest-lip-balm-10ml\/#primaryimage","url":"https:\/\/idakorea.ee\/wp-content\/uploads\/2024\/07\/benton-honest-honest-lip-balm.jpg","contentUrl":"https:\/\/idakorea.ee\/wp-content\/uploads\/2024\/07\/benton-honest-honest-lip-balm.jpg","width":1000,"height":1000},{"@type":"BreadcrumbList","@id":"https:\/\/idakorea.ee\/product\/huulepalsaam-benton-honest-lip-balm-10ml\/#breadcrumb","itemListElement":[{"@type":"ListItem","position":1,"name":"\u0413\u043b\u0430\u0432\u043d\u0430\u044f \u0441\u0442\u0440\u0430\u043d\u0438\u0446\u0430","item":"https:\/\/idakorea.ee\/"},{"@type":"ListItem","position":2,"name":"Shop","item":"https:\/\/idakorea.ee\/shop-2\/"},{"@type":"ListItem","position":3,"name":"Huulepalsaam Benton Honest Lip Balm, 10ml"}]},{"@type":"WebSite","@id":"https:\/\/idakorea.ee\/#website","url":"https:\/\/idakorea.ee\/","name":"IDA.KOREA","description":"Korean kosmetiikan verkkokauppa","publisher":{"@id":"https:\/\/idakorea.ee\/#organization"},"alternateName":"Beauty Shop","potentialAction":[{"@type":"SearchAction","target":{"@type":"EntryPoint","urlTemplate":"https:\/\/idakorea.ee\/?s={search_term_string}"},"query-input":{"@type":"PropertyValueSpecification","valueRequired":true,"valueName":"search_term_string"}}],"inLanguage":"fi"},{"@type":"Organization","@id":"https:\/\/idakorea.ee\/#organization","name":"IDA.KOREA","url":"https:\/\/idakorea.ee\/","logo":{"@type":"ImageObject","inLanguage":"fi","@id":"https:\/\/idakorea.ee\/#\/schema\/logo\/image\/","url":"https:\/\/idakorea.ee\/wp-content\/uploads\/2024\/05\/cropped-korea3.png","contentUrl":"https:\/\/idakorea.ee\/wp-content\/uploads\/2024\/05\/cropped-korea3.png","width":688,"height":126,"caption":"IDA.KOREA"},"image":{"@id":"https:\/\/idakorea.ee\/#\/schema\/logo\/image\/"},"sameAs":["https:\/\/www.instagram.com\/ida.korea\/"]}]}},"jetpack_sharing_enabled":true,"brands":[{"id":475,"name":"BENTON","slug":"benton"}],"_links":{"self":[{"href":"https:\/\/idakorea.ee\/fi\/wp-json\/wp\/v2\/product\/9210","targetHints":{"allow":["GET"]}}],"collection":[{"href":"https:\/\/idakorea.ee\/fi\/wp-json\/wp\/v2\/product"}],"about":[{"href":"https:\/\/idakorea.ee\/fi\/wp-json\/wp\/v2\/types\/product"}],"replies":[{"embeddable":true,"href":"https:\/\/idakorea.ee\/fi\/wp-json\/wp\/v2\/comments?post=9210"}],"version-history":[{"count":1,"href":"https:\/\/idakorea.ee\/fi\/wp-json\/wp\/v2\/product\/9210\/revisions"}],"predecessor-version":[{"id":12164,"href":"https:\/\/idakorea.ee\/fi\/wp-json\/wp\/v2\/product\/9210\/revisions\/12164"}],"wp:featuredmedia":[{"embeddable":true,"href":"https:\/\/idakorea.ee\/fi\/wp-json\/wp\/v2\/media\/9211"}],"wp:attachment":[{"href":"https:\/\/idakorea.ee\/fi\/wp-json\/wp\/v2\/media?parent=9210"}],"wp:term":[{"taxonomy":"pwb-brand","embeddable":true,"href":"https:\/\/idakorea.ee\/fi\/wp-json\/wp\/v2\/pwb-brand?post=9210"},{"taxonomy":"product_brand","embeddable":true,"href":"https:\/\/idakorea.ee\/fi\/wp-json\/wp\/v2\/product_brand?post=9210"},{"taxonomy":"product_cat","embeddable":true,"href":"https:\/\/idakorea.ee\/fi\/wp-json\/wp\/v2\/product_cat?post=9210"},{"taxonomy":"product_tag","embeddable":true,"href":"https:\/\/idakorea.ee\/fi\/wp-json\/wp\/v2\/product_tag?post=9210"}],"curies":[{"name":"wp","href":"https:\/\/api.w.org\/{rel}","templated":true}]}}