{"id":9215,"date":"2024-07-04T14:11:07","date_gmt":"2024-07-04T14:11:07","guid":{"rendered":"https:\/\/idakorea.ee\/?post_type=product&#038;p=9215"},"modified":"2026-03-07T12:31:24","modified_gmt":"2026-03-07T10:31:24","slug":"rahustav-komplekt-pyunkang-yul-calming-line-gift-set","status":"publish","type":"product","link":"https:\/\/idakorea.ee\/fi\/product\/rahustav-komplekt-pyunkang-yul-calming-line-gift-set\/","title":{"rendered":"Rauhoittava setti Pyunkang Yul Calming Line -lahjasetti Pyunkang Yul Calming Line -lahjasetti"},"content":{"rendered":"<p class=\"changeName\"><strong>Rauhoittava setti Pyunkang Yul Calming Line -lahjasetti Pyunkang Yul Calming Line -lahjasetti <\/strong><span style=\"font-family: var(--global-body-font-family);\">t\u00e4ydellinen rasvaiselle tai sekaiholle, joka on taipuvainen ep\u00e4puhtauksiin.<\/span><\/p>\n<p><strong>Pakkauksen sis\u00e4lt\u00f6:<\/strong><\/p>\n<p><strong>1. Pyunkang Yul Calming Deep Moisture Toner p\u00e4ivitt\u00e4iseen k\u00e4ytt\u00f6\u00f6n, 150 ml<\/strong><\/p>\n<p><strong>Tuotteen ominaisuudet:<\/strong><\/p>\n<ul>\n<li>Pehment\u00e4\u00e4 ihoa hell\u00e4varaisesti.<\/li>\n<li>Supistaa ihohuokosia.<\/li>\n<li>Ravitsee ja virkist\u00e4\u00e4 ihoa.<\/li>\n<li>Kosteuttaa.<\/li>\n<\/ul>\n<p><strong>T\u00e4rkeimm\u00e4t vaikuttavat aineet:<\/strong><\/p>\n<ul>\n<li><strong>Valkopajun kuoriuute:<\/strong> s\u00e4\u00e4telee talirauhasten tuotantoa, liuottaa hell\u00e4varaisesti likaa ja mustap\u00e4it\u00e4, supistaa ihohuokosia ja on tulehdusta ehk\u00e4isev\u00e4.<\/li>\n<li><strong>Glukonolaktoni:<\/strong> kosteuttaa ihoa, tasoittaa ihon s\u00e4vy\u00e4, suojaa vapailta radikaaleilta ja sopii herk\u00e4lle iholle.<\/li>\n<li><strong>Teepuuuute ja japanilainen kuusamauute:<\/strong> auttaa lievitt\u00e4m\u00e4\u00e4n \u00e4rsytyst\u00e4, on antibakteerinen, haavanparannusta ja rauhoittava vaikutus.<\/li>\n<li><strong>5 erilaista hyaluronihappokompleksia:<\/strong> Kosteuttaa syv\u00e4sti, auttaa palauttamaan kosteustasapainon ja s\u00e4ilytt\u00e4m\u00e4\u00e4n kosteuden ihosoluissa, poistaen hilseily\u00e4 ja kuivuutta.<\/li>\n<li><strong>Aasian lumpeen uute:<\/strong> auttaa nopeasti lievitt\u00e4m\u00e4\u00e4n tulehdusta ja \u00e4rsytyst\u00e4, nopeuttaa paranemisprosessia ja sill\u00e4 on liev\u00e4 nuorentava vaikutus.<\/li>\n<\/ul>\n<p><strong>K\u00e4ytt\u00f6ohjeet:<\/strong> Kasvojen pesun j\u00e4lkeen levit\u00e4 riitt\u00e4v\u00e4 m\u00e4\u00e4r\u00e4 kasvovett\u00e4 vanulapulle tai k\u00e4siin ja taputtele kevyesti ihoon, kunnes tuote on imeytynyt kokonaan. K\u00e4ytt\u00f6 kasvonaamiona paikallisesti: levit\u00e4 kasvovett\u00e4 vanulapulle, aseta kasvoille ja poista 5\u201310 minuutin kuluttua.<\/p>\n<p>&nbsp;<\/p>\n<p><strong>2. Rauhoittava kosteusseerumi, 30 ml<\/strong><\/p>\n<p><strong>Ominaisuudet:<\/strong><\/p>\n<ul>\n<li>Pehment\u00e4\u00e4 ihoa hell\u00e4varaisesti.<\/li>\n<li>Palauttaa nestetasapainon.<\/li>\n<li>Ravitsee.<\/li>\n<li>Poistaa hilseily\u00e4.<\/li>\n<li>Kosteuttaa.<\/li>\n<\/ul>\n<p><strong>T\u00e4rkeimm\u00e4t vaikuttavat aineet:<\/strong><\/p>\n<ul>\n<li><strong>CICA-kompleksi:<\/strong> Lis\u00e4\u00e4 ihon kimmoisuutta ja elinvoimaa, kyll\u00e4st\u00e4\u00e4 ihon syvi\u00e4 kerroksia kosteudella. Muodostaa suojakerroksen, joka suojaa ihoa ultraviolettis\u00e4teilt\u00e4 ja negatiivisilta ymp\u00e4rist\u00f6tekij\u00f6ilt\u00e4.<\/li>\n<li><strong>Teepuu\u00f6ljy:<\/strong> on tehokas antimikrobinen ja haavanhoitoaine. Taistelee tukkeutuneita ihohuokosia vastaan, normalisoi talirauhasten toimintaa ja talintuotantoa, v\u00e4hent\u00e4\u00e4 rasvaista kiiltoa.<\/li>\n<li><strong>Seljanmarjauute:<\/strong> rauhoittavia, tulehdusta ehk\u00e4isevi\u00e4, antioksidanttisia ja kosteuttavia ominaisuuksia. Poistaa tulehdusta ja punoitusta, s\u00e4\u00e4telee talirauhasten tuotantoa ja poistaa rasvaista kiiltoa.<\/li>\n<li><strong>Hyaluronihappoa eri molekyylipainoilla:<\/strong> Tunkeutuu syv\u00e4lle ihokerroksiin, kosteuttaa aktiivisesti soluja ja auttaa s\u00e4ilytt\u00e4m\u00e4\u00e4n kosteuden ihossa. Muodostaa suojaavan kerroksen, joka est\u00e4\u00e4 kosteuden haihtumisen.<\/li>\n<\/ul>\n<p><strong>K\u00e4ytt\u00f6ohjeet:<\/strong> Levit\u00e4 tarvittava m\u00e4\u00e4r\u00e4 seerumia kasvoveden j\u00e4lkeen.<\/p>\n<p>&nbsp;<\/p>\n<p><strong>3. Pyunkang Yul rauhoittava kosteusvoide, 50 ml<\/strong><\/p>\n<p><strong>Ominaisuudet:<\/strong><\/p>\n<ul>\n<li>Lievitt\u00e4\u00e4 \u00e4rsytyst\u00e4, punoitusta ja tulehdusta.<\/li>\n<li>Rauhoittaa ihoa.<\/li>\n<li>Kosteuttaa tehokkaasti.<\/li>\n<li>Nopeuttaa paranemisprosesseja.<\/li>\n<li>Vahvistaa suojakerrosta.<\/li>\n<\/ul>\n<p><strong>T\u00e4rkeimm\u00e4t vaikuttavat aineet:<\/strong><\/p>\n<ul>\n<li><strong>Aasian vesinavan uutteet ja sen johdannaiset:<\/strong> lievitt\u00e4\u00e4 tulehdusta ja punoitusta, rauhoittaa ihoa, lis\u00e4\u00e4 kimmoisuutta ja sill\u00e4 on liev\u00e4sti nuorentava vaikutus.<\/li>\n<li><strong>Keramidit:<\/strong> t\u00e4ytt\u00e4\u00e4 lipidikerroksen aukot, palauttaa vaurioituneet ihoalueet ja vahvistaa suojakerrosta.<\/li>\n<li><strong>Teepuuuute:<\/strong> sill\u00e4 on antiseptisi\u00e4 ja antibakteerisia ominaisuuksia, rauhoittaa ihoa.<\/li>\n<li><strong>Japanilainen kuusama-uute:<\/strong> on yleisesti vahvistava vaikutus, torjuu aknea ja tulehdusta.<\/li>\n<li><strong>Skvalaani:<\/strong> Est\u00e4\u00e4 kosteuden haihtumista, pehment\u00e4\u00e4 ihoa, poistaa kuivuutta ja hilseily\u00e4, hidastaa ik\u00e4\u00e4ntymisprosesseja.<\/li>\n<li><strong>Hyaluronihappo:<\/strong> Kosteuttaa ihoa tehokkaasti, auttaa s\u00e4ilytt\u00e4m\u00e4\u00e4n kosteuden, ehk\u00e4isee kuivuutta ja hilseily\u00e4.<\/li>\n<li><strong>Sheavoi:<\/strong> Ravitsee ihoa tehokkaasti, parantaa uudistumisprosesseja ja sill\u00e4 on voimakas suojaava vaikutus.<\/li>\n<li><strong>Pantenoli:<\/strong> edist\u00e4\u00e4 nopeaa paranemista, nopeuttaa toipumisprosesseja, kosteuttaa ja ravitsee ihoa sek\u00e4 lis\u00e4\u00e4 elastisuutta.<\/li>\n<\/ul>\n<p><strong>K\u00e4ytt\u00f6ohjeet:<\/strong> Levit\u00e4 tarvittava m\u00e4\u00e4r\u00e4 voidetta puhdistetulle ja kasvovedelle iholle hoidon viimeisess\u00e4 vaiheessa.<\/p>","protected":false},"excerpt":{"rendered":"<p>Rauhoittava Pyunkang Yul Calming Line -lahjasetti sopii rasvaiselle tai sekaiholle, joka on altis rikkoutumisille. Setti sis\u00e4lt\u00e4\u00e4: 1. Pyunkang Yul Calming Deep Moisture Toner p\u00e4ivitt\u00e4iseen k\u00e4ytt\u00f6\u00f6n, 150 ml Tuoteominaisuudet. Kosteuttava kasvovesi. Kosteuttaa ja kiinteytt\u00e4\u00e4 ihoa. Kosteuttaa ihoa. T\u00e4rkeimm\u00e4t aktiiviset ainesosat: Valkopajunkuoriuute: s\u00e4\u00e4telee talintuotantoa,...<\/p>","protected":false},"featured_media":9216,"comment_status":"open","ping_status":"closed","template":"","meta":{"_uf_show_specific_survey":0,"_uf_disable_surveys":false,"_bst_post_transparent":"default","_bst_post_title":"","_bst_post_layout":"default","_bst_post_sidebar_id":"","_bst_post_content_style":"default","_bst_post_vertical_padding":"default","_bst_post_feature":"","_bst_post_feature_position":"","_bst_post_header":false,"_bst_post_footer":false},"pwb-brand":[474],"product_brand":[],"product_cat":[95],"product_tag":[],"class_list":{"0":"post-9215","1":"product","2":"type-product","3":"status-publish","4":"has-post-thumbnail","6":"pwb-brand-pyunkang-yul","7":"product_cat-komplektid","9":"first","10":"outofstock","11":"sale","12":"shipping-taxable","13":"purchasable","14":"product-type-simple","15":"entry","16":"content-bg","17":"loop-entry"},"supplier_id":null,"supplier_sku":"","barcode":null,"atum_controlled":true,"out_stock_date":"2026-03-07 12:31:24","out_stock_threshold":null,"inheritable":false,"inbound_stock":0,"stock_on_hold":0,"sold_today":0,"sales_last_days":0,"out_stock_days":37,"lost_sales":216,"has_location":false,"update_date":"2026-04-14T00:05:06","atum_locations":[],"atum_stock_status":"outofstock","restock_status":false,"low_stock_amount":"","sales_update_date":"2026-04-14T00:05:06","calc_backorders":null,"yoast_head":"<!-- This site is optimized with the Yoast SEO plugin v27.2 - https:\/\/yoast.com\/product\/yoast-seo-wordpress\/ -->\n<title>Rahustav komplekt Pyunkang Yul Calming Line Gift Set - IDA.KOREA<\/title>\n<meta name=\"robots\" content=\"index, follow, max-snippet:-1, max-image-preview:large, max-video-preview:-1\" \/>\n<link rel=\"canonical\" href=\"https:\/\/idakorea.ee\/fi\/product\/rahustav-komplekt-pyunkang-yul-calming-line-gift-set\/\" \/>\n<meta property=\"og:locale\" content=\"fi_FI\" \/>\n<meta property=\"og:type\" content=\"article\" \/>\n<meta property=\"og:title\" content=\"Rahustav komplekt Pyunkang Yul Calming Line Gift Set - IDA.KOREA\" \/>\n<meta property=\"og:description\" content=\"Rahustav komplekt Pyunkang Yul Calming Line Gift Set sobib suurep\u00e4raselt rasusele v\u00f5i kombineeritud nahale, mis on kalduv l\u00f6\u00f6bele. Komplekti koosseis: 1. Igap\u00e4evaseks kasutamiseks m\u00f5eldud niisutav toonik Pyunkang Yul Calming Deep Moisture Toner, 150 ml Toote omadused: Pehmendab \u00f5rnalt nahka. Ahendab poore. Toidab ja toniseerib nahka. Niisutab. Peamised toimeained: Valge paju koore ekstrakt: reguleerib rasu tootmist,...\" \/>\n<meta property=\"og:url\" content=\"https:\/\/idakorea.ee\/fi\/product\/rahustav-komplekt-pyunkang-yul-calming-line-gift-set\/\" \/>\n<meta property=\"og:site_name\" content=\"IDA.KOREA\" \/>\n<meta property=\"article:modified_time\" content=\"2026-03-07T10:31:24+00:00\" \/>\n<meta property=\"og:image\" content=\"https:\/\/idakorea.ee\/wp-content\/uploads\/2024\/07\/pyunkang-yul-calming-line-gift-set.jpg\" \/>\n\t<meta property=\"og:image:width\" content=\"600\" \/>\n\t<meta property=\"og:image:height\" content=\"600\" \/>\n\t<meta property=\"og:image:type\" content=\"image\/jpeg\" \/>\n<meta name=\"twitter:card\" content=\"summary_large_image\" \/>\n<meta name=\"twitter:label1\" content=\"Arvioitu lukuaika\" \/>\n\t<meta name=\"twitter:data1\" content=\"3 minuuttia\" \/>\n<script type=\"application\/ld+json\" class=\"yoast-schema-graph\">{\"@context\":\"https:\/\/schema.org\",\"@graph\":[{\"@type\":\"WebPage\",\"@id\":\"https:\/\/idakorea.ee\/product\/rahustav-komplekt-pyunkang-yul-calming-line-gift-set\/\",\"url\":\"https:\/\/idakorea.ee\/product\/rahustav-komplekt-pyunkang-yul-calming-line-gift-set\/\",\"name\":\"Rahustav komplekt Pyunkang Yul Calming Line Gift Set - IDA.KOREA\",\"isPartOf\":{\"@id\":\"https:\/\/idakorea.ee\/#website\"},\"primaryImageOfPage\":{\"@id\":\"https:\/\/idakorea.ee\/product\/rahustav-komplekt-pyunkang-yul-calming-line-gift-set\/#primaryimage\"},\"image\":{\"@id\":\"https:\/\/idakorea.ee\/product\/rahustav-komplekt-pyunkang-yul-calming-line-gift-set\/#primaryimage\"},\"thumbnailUrl\":\"https:\/\/idakorea.ee\/wp-content\/uploads\/2024\/07\/pyunkang-yul-calming-line-gift-set.jpg\",\"datePublished\":\"2024-07-04T14:11:07+00:00\",\"dateModified\":\"2026-03-07T10:31:24+00:00\",\"breadcrumb\":{\"@id\":\"https:\/\/idakorea.ee\/product\/rahustav-komplekt-pyunkang-yul-calming-line-gift-set\/#breadcrumb\"},\"inLanguage\":\"fi\",\"potentialAction\":[{\"@type\":\"ReadAction\",\"target\":[\"https:\/\/idakorea.ee\/product\/rahustav-komplekt-pyunkang-yul-calming-line-gift-set\/\"]}]},{\"@type\":\"ImageObject\",\"inLanguage\":\"fi\",\"@id\":\"https:\/\/idakorea.ee\/product\/rahustav-komplekt-pyunkang-yul-calming-line-gift-set\/#primaryimage\",\"url\":\"https:\/\/idakorea.ee\/wp-content\/uploads\/2024\/07\/pyunkang-yul-calming-line-gift-set.jpg\",\"contentUrl\":\"https:\/\/idakorea.ee\/wp-content\/uploads\/2024\/07\/pyunkang-yul-calming-line-gift-set.jpg\",\"width\":600,\"height\":600},{\"@type\":\"BreadcrumbList\",\"@id\":\"https:\/\/idakorea.ee\/product\/rahustav-komplekt-pyunkang-yul-calming-line-gift-set\/#breadcrumb\",\"itemListElement\":[{\"@type\":\"ListItem\",\"position\":1,\"name\":\"\u0413\u043b\u0430\u0432\u043d\u0430\u044f \u0441\u0442\u0440\u0430\u043d\u0438\u0446\u0430\",\"item\":\"https:\/\/idakorea.ee\/\"},{\"@type\":\"ListItem\",\"position\":2,\"name\":\"Shop\",\"item\":\"https:\/\/idakorea.ee\/shop-2\/\"},{\"@type\":\"ListItem\",\"position\":3,\"name\":\"Rahustav komplekt Pyunkang Yul Calming Line Gift Set\"}]},{\"@type\":\"WebSite\",\"@id\":\"https:\/\/idakorea.ee\/#website\",\"url\":\"https:\/\/idakorea.ee\/\",\"name\":\"IDA.KOREA\",\"description\":\"Korea kosmeetika e-pood\",\"publisher\":{\"@id\":\"https:\/\/idakorea.ee\/#organization\"},\"alternateName\":\"Beauty Shop\",\"potentialAction\":[{\"@type\":\"SearchAction\",\"target\":{\"@type\":\"EntryPoint\",\"urlTemplate\":\"https:\/\/idakorea.ee\/?s={search_term_string}\"},\"query-input\":{\"@type\":\"PropertyValueSpecification\",\"valueRequired\":true,\"valueName\":\"search_term_string\"}}],\"inLanguage\":\"fi\"},{\"@type\":\"Organization\",\"@id\":\"https:\/\/idakorea.ee\/#organization\",\"name\":\"IDA.KOREA\",\"url\":\"https:\/\/idakorea.ee\/\",\"logo\":{\"@type\":\"ImageObject\",\"inLanguage\":\"fi\",\"@id\":\"https:\/\/idakorea.ee\/#\/schema\/logo\/image\/\",\"url\":\"https:\/\/idakorea.ee\/wp-content\/uploads\/2024\/05\/cropped-korea3.png\",\"contentUrl\":\"https:\/\/idakorea.ee\/wp-content\/uploads\/2024\/05\/cropped-korea3.png\",\"width\":688,\"height\":126,\"caption\":\"IDA.KOREA\"},\"image\":{\"@id\":\"https:\/\/idakorea.ee\/#\/schema\/logo\/image\/\"},\"sameAs\":[\"https:\/\/www.instagram.com\/ida.korea\/\"]}]}<\/script>\n<!-- \/ Yoast SEO plugin. -->","yoast_head_json":{"title":"Pyunkang Yul -rauhoittava lahjasetti - It\u00e4-Korea","robots":{"index":"index","follow":"follow","max-snippet":"max-snippet:-1","max-image-preview":"max-image-preview:large","max-video-preview":"max-video-preview:-1"},"canonical":"https:\/\/idakorea.ee\/fi\/product\/rahustav-komplekt-pyunkang-yul-calming-line-gift-set\/","og_locale":"fi_FI","og_type":"article","og_title":"Rahustav komplekt Pyunkang Yul Calming Line Gift Set - IDA.KOREA","og_description":"Rahustav komplekt Pyunkang Yul Calming Line Gift Set sobib suurep\u00e4raselt rasusele v\u00f5i kombineeritud nahale, mis on kalduv l\u00f6\u00f6bele. Komplekti koosseis: 1. Igap\u00e4evaseks kasutamiseks m\u00f5eldud niisutav toonik Pyunkang Yul Calming Deep Moisture Toner, 150 ml Toote omadused: Pehmendab \u00f5rnalt nahka. Ahendab poore. Toidab ja toniseerib nahka. Niisutab. Peamised toimeained: Valge paju koore ekstrakt: reguleerib rasu tootmist,...","og_url":"https:\/\/idakorea.ee\/fi\/product\/rahustav-komplekt-pyunkang-yul-calming-line-gift-set\/","og_site_name":"IDA.KOREA","article_modified_time":"2026-03-07T10:31:24+00:00","og_image":[{"width":600,"height":600,"url":"https:\/\/idakorea.ee\/wp-content\/uploads\/2024\/07\/pyunkang-yul-calming-line-gift-set.jpg","type":"image\/jpeg"}],"twitter_card":"summary_large_image","twitter_misc":{"Arvioitu lukuaika":"3 minuuttia"},"schema":{"@context":"https:\/\/schema.org","@graph":[{"@type":"WebPage","@id":"https:\/\/idakorea.ee\/product\/rahustav-komplekt-pyunkang-yul-calming-line-gift-set\/","url":"https:\/\/idakorea.ee\/product\/rahustav-komplekt-pyunkang-yul-calming-line-gift-set\/","name":"Pyunkang Yul -rauhoittava lahjasetti - It\u00e4-Korea","isPartOf":{"@id":"https:\/\/idakorea.ee\/#website"},"primaryImageOfPage":{"@id":"https:\/\/idakorea.ee\/product\/rahustav-komplekt-pyunkang-yul-calming-line-gift-set\/#primaryimage"},"image":{"@id":"https:\/\/idakorea.ee\/product\/rahustav-komplekt-pyunkang-yul-calming-line-gift-set\/#primaryimage"},"thumbnailUrl":"https:\/\/idakorea.ee\/wp-content\/uploads\/2024\/07\/pyunkang-yul-calming-line-gift-set.jpg","datePublished":"2024-07-04T14:11:07+00:00","dateModified":"2026-03-07T10:31:24+00:00","breadcrumb":{"@id":"https:\/\/idakorea.ee\/product\/rahustav-komplekt-pyunkang-yul-calming-line-gift-set\/#breadcrumb"},"inLanguage":"fi","potentialAction":[{"@type":"ReadAction","target":["https:\/\/idakorea.ee\/product\/rahustav-komplekt-pyunkang-yul-calming-line-gift-set\/"]}]},{"@type":"ImageObject","inLanguage":"fi","@id":"https:\/\/idakorea.ee\/product\/rahustav-komplekt-pyunkang-yul-calming-line-gift-set\/#primaryimage","url":"https:\/\/idakorea.ee\/wp-content\/uploads\/2024\/07\/pyunkang-yul-calming-line-gift-set.jpg","contentUrl":"https:\/\/idakorea.ee\/wp-content\/uploads\/2024\/07\/pyunkang-yul-calming-line-gift-set.jpg","width":600,"height":600},{"@type":"BreadcrumbList","@id":"https:\/\/idakorea.ee\/product\/rahustav-komplekt-pyunkang-yul-calming-line-gift-set\/#breadcrumb","itemListElement":[{"@type":"ListItem","position":1,"name":"\u0413\u043b\u0430\u0432\u043d\u0430\u044f \u0441\u0442\u0440\u0430\u043d\u0438\u0446\u0430","item":"https:\/\/idakorea.ee\/"},{"@type":"ListItem","position":2,"name":"Shop","item":"https:\/\/idakorea.ee\/shop-2\/"},{"@type":"ListItem","position":3,"name":"Rahustav komplekt Pyunkang Yul Calming Line Gift Set"}]},{"@type":"WebSite","@id":"https:\/\/idakorea.ee\/#website","url":"https:\/\/idakorea.ee\/","name":"IDA.KOREA","description":"Korean kosmetiikan verkkokauppa","publisher":{"@id":"https:\/\/idakorea.ee\/#organization"},"alternateName":"Beauty Shop","potentialAction":[{"@type":"SearchAction","target":{"@type":"EntryPoint","urlTemplate":"https:\/\/idakorea.ee\/?s={search_term_string}"},"query-input":{"@type":"PropertyValueSpecification","valueRequired":true,"valueName":"search_term_string"}}],"inLanguage":"fi"},{"@type":"Organization","@id":"https:\/\/idakorea.ee\/#organization","name":"IDA.KOREA","url":"https:\/\/idakorea.ee\/","logo":{"@type":"ImageObject","inLanguage":"fi","@id":"https:\/\/idakorea.ee\/#\/schema\/logo\/image\/","url":"https:\/\/idakorea.ee\/wp-content\/uploads\/2024\/05\/cropped-korea3.png","contentUrl":"https:\/\/idakorea.ee\/wp-content\/uploads\/2024\/05\/cropped-korea3.png","width":688,"height":126,"caption":"IDA.KOREA"},"image":{"@id":"https:\/\/idakorea.ee\/#\/schema\/logo\/image\/"},"sameAs":["https:\/\/www.instagram.com\/ida.korea\/"]}]}},"jetpack_sharing_enabled":true,"brands":[{"id":474,"name":"PYUNKANG YUL","slug":"pyunkang-yul"}],"_links":{"self":[{"href":"https:\/\/idakorea.ee\/fi\/wp-json\/wp\/v2\/product\/9215","targetHints":{"allow":["GET"]}}],"collection":[{"href":"https:\/\/idakorea.ee\/fi\/wp-json\/wp\/v2\/product"}],"about":[{"href":"https:\/\/idakorea.ee\/fi\/wp-json\/wp\/v2\/types\/product"}],"replies":[{"embeddable":true,"href":"https:\/\/idakorea.ee\/fi\/wp-json\/wp\/v2\/comments?post=9215"}],"version-history":[{"count":1,"href":"https:\/\/idakorea.ee\/fi\/wp-json\/wp\/v2\/product\/9215\/revisions"}],"predecessor-version":[{"id":13971,"href":"https:\/\/idakorea.ee\/fi\/wp-json\/wp\/v2\/product\/9215\/revisions\/13971"}],"wp:featuredmedia":[{"embeddable":true,"href":"https:\/\/idakorea.ee\/fi\/wp-json\/wp\/v2\/media\/9216"}],"wp:attachment":[{"href":"https:\/\/idakorea.ee\/fi\/wp-json\/wp\/v2\/media?parent=9215"}],"wp:term":[{"taxonomy":"pwb-brand","embeddable":true,"href":"https:\/\/idakorea.ee\/fi\/wp-json\/wp\/v2\/pwb-brand?post=9215"},{"taxonomy":"product_brand","embeddable":true,"href":"https:\/\/idakorea.ee\/fi\/wp-json\/wp\/v2\/product_brand?post=9215"},{"taxonomy":"product_cat","embeddable":true,"href":"https:\/\/idakorea.ee\/fi\/wp-json\/wp\/v2\/product_cat?post=9215"},{"taxonomy":"product_tag","embeddable":true,"href":"https:\/\/idakorea.ee\/fi\/wp-json\/wp\/v2\/product_tag?post=9215"}],"curies":[{"name":"wp","href":"https:\/\/api.w.org\/{rel}","templated":true}]}}