{"id":9306,"date":"2024-07-06T11:35:13","date_gmt":"2024-07-06T08:35:13","guid":{"rendered":"https:\/\/idakorea.ee\/?post_type=product&#038;p=9306"},"modified":"2026-04-14T00:24:07","modified_gmt":"2026-04-13T22:24:07","slug":"sum37-water-full-cc-cushion-perfect-finish","status":"publish","type":"product","link":"https:\/\/idakorea.ee\/fi\/product\/sum37-water-full-cc-cushion-perfect-finish\/","title":{"rendered":"Su:m37 Water-Full CC Cushion Perfect Finish -vedet\u00f6n CC-tyyny"},"content":{"rendered":"<p><strong>Setti sis\u00e4lt\u00e4\u00e4:<\/strong><\/p>\n<ul>\n<li><strong>Vesit\u00e4ytel\u00e4inen CC-pehmuste, t\u00e4ydellinen viimeistely, 15 g<\/strong> \u2013 tyyny<\/li>\n<li><strong>Vesit\u00e4ytel\u00e4inen CC-pehmuste, t\u00e4ydellinen viimeistely, 15 g<\/strong> \u2013 vaihtolohko<\/li>\n<\/ul>\n<p><strong>Kosteuttava meikkivoide<\/strong>\u00a0\u2013 kirkastaa, v\u00e4hent\u00e4\u00e4 ryppyj\u00e4, suojaa UV-s\u00e4teilt\u00e4 SPF50+\/PA+++. Heti kun voide koskettaa ihoa, se antaa kosteutuksen tunteen, joka saa ihon s\u00e4teilem\u00e4\u00e4n puhtaalla elinvoimalla, ja peitt\u00e4\u00e4 pigmentin ja ihon ep\u00e4tasaisuudet tehokkaasti s\u00e4ilytt\u00e4en ihon hehkun pitk\u00e4\u00e4n ilman \u00e4rtymist\u00e4. Bambumehu ja fermentoitu lootuskukkauute kosteuttavat ihoa ja pit\u00e4v\u00e4t meikin paikallaan koko p\u00e4iv\u00e4n. Koostumus sis\u00e4lt\u00e4\u00e4 fermentoituja uutteita, jotka viilent\u00e4v\u00e4t, kosteuttavat ja rauhoittavat iho\u00e4rsytyst\u00e4.<\/p>\n<p>CC-pehmusteella on virkist\u00e4v\u00e4 vaikutus, se antaa pehme\u00e4n mattapinnan samalla kosteuttaen ihoa ja yll\u00e4pit\u00e4en sen kosteustasapainoa. Tarjoaa vahvan suojan ultraviolettis\u00e4teily\u00e4 vastaan SPF 50+PA+++ ja t\u00e4yden peitt\u00e4vyyden luonnolliselle, virheett\u00f6m\u00e4lle iholle. Tasoittaa ihon s\u00e4vy\u00e4 ja peitt\u00e4\u00e4 ep\u00e4tasapainoja. Suojaa UV-s\u00e4teilyn haitallisilta vaikutuksilta. Pitk\u00e4aikainen k\u00e4ytt\u00f6 kirkastaa ihon s\u00e4vy\u00e4 ja v\u00e4hent\u00e4\u00e4 ryppyj\u00e4. Tekee ihosta sile\u00e4n ja s\u00e4teilev\u00e4n.<\/p>\n<p>Tyyny\u00e4 on saatavilla kahdessa s\u00e4vyss\u00e4:<\/p>\n<ul>\n<li><strong>01 Vaalea beige<\/strong> \u2013 vaalea beige<\/li>\n<li><strong>02 Luonnonbeige<\/strong> \u2013 luonnonbeige<\/li>\n<\/ul>\n<p><strong>K\u00e4ytt\u00f6opas:<\/strong> Levit\u00e4 tasaisesti koko kasvoille kevyin taputtelevin liikkein mukana tulevalla sienell\u00e4.<\/p>\n<p>&nbsp;<\/p>","protected":false},"excerpt":{"rendered":"<p>Setti sis\u00e4lt\u00e4\u00e4 Water-Full CC Cushion Perfect Finish 15g - tyyny Water-Full CC Cushion Perfect Finish 15g - vaihdettava lohko Kosteuttava meikkivoide - kirkastaa, v\u00e4hent\u00e4\u00e4 ryppyj\u00e4, suojaa UV-s\u00e4teilt\u00e4 SPF50+\/PA+++. Heti kun tyyny koskettaa ihoa, se kosteuttaa, jotta iho hehkuu puhdasta elinvoimaa ja peitt\u00e4\u00e4 perusteellisesti pigmenttimuutokset ja ihon ep\u00e4tasaisuudet, s\u00e4ilytt\u00e4en ihon s\u00e4teilyn pitk\u00e4\u00e4n rikkoutumatta. Bambu...<\/p>","protected":false},"featured_media":9307,"comment_status":"open","ping_status":"closed","template":"","meta":{"_uf_show_specific_survey":0,"_uf_disable_surveys":false,"_bst_post_transparent":"default","_bst_post_title":"","_bst_post_layout":"default","_bst_post_sidebar_id":"","_bst_post_content_style":"default","_bst_post_vertical_padding":"default","_bst_post_feature":"","_bst_post_feature_position":"","_bst_post_header":false,"_bst_post_footer":false},"pwb-brand":[109],"product_brand":[],"product_cat":[500,499],"product_tag":[233,377,202,465,473],"class_list":{"0":"post-9306","1":"product","2":"type-product","3":"status-publish","4":"has-post-thumbnail","6":"pwb-brand-sum37","7":"product_cat-jumestuskreemid","8":"product_cat-meik","9":"product_tag-internet-pood-eesti","10":"product_tag-k-beauty-2","11":"product_tag-korea-kosmeetika","12":"product_tag-korea-lux","13":"product_tag-korea-premium","15":"first","16":"instock","17":"sale","18":"shipping-taxable","19":"purchasable","20":"product-type-variable","21":"has-default-attributes","22":"entry","23":"content-bg","24":"loop-entry"},"supplier_id":null,"supplier_sku":"","barcode":null,"atum_controlled":true,"out_stock_date":null,"out_stock_threshold":null,"inheritable":true,"inbound_stock":0,"stock_on_hold":0,"sold_today":0,"sales_last_days":2,"out_stock_days":0,"lost_sales":0,"has_location":false,"update_date":"2026-04-13T22:24:08","atum_locations":[],"atum_stock_status":"instock","restock_status":false,"low_stock_amount":"","sales_update_date":"2026-03-01T00:12:55","calc_backorders":null,"yoast_head":"<!-- This site is optimized with the Yoast SEO plugin v27.2 - https:\/\/yoast.com\/product\/yoast-seo-wordpress\/ -->\n<title>Su:m37 Water-Full CC Cushion Perfect Finish - IDA.KOREA<\/title>\n<meta name=\"robots\" content=\"index, follow, max-snippet:-1, max-image-preview:large, max-video-preview:-1\" \/>\n<link rel=\"canonical\" href=\"https:\/\/idakorea.ee\/fi\/product\/sum37-water-full-cc-cushion-perfect-finish\/\" \/>\n<meta property=\"og:locale\" content=\"fi_FI\" \/>\n<meta property=\"og:type\" content=\"article\" \/>\n<meta property=\"og:title\" content=\"Su:m37 Water-Full CC Cushion Perfect Finish - IDA.KOREA\" \/>\n<meta property=\"og:description\" content=\"Komplekt sisaldab: Water-Full CC Cushion Perfect Finish 15g &#8211; cushion Water-Full CC Cushion Perfect Finish 15g &#8211; vahetusplokk Niisutav jumestuskreem\u00a0&#8211; helendab, v\u00e4hendab kortse, kaitseb UV-kiirguse eest SPF50+\/PA+++. Niipea kui kushoon puutub nahka, annab see niiskustunde, et nahk s\u00e4raks puhta eluj\u00f5uga, ning katab p\u00f5hjalikult pigmendi ja naha eba\u00fchtlused, s\u00e4ilitades naha s\u00e4ra pikaks ajaks ilma lagunemata. Bambuse...\" \/>\n<meta property=\"og:url\" content=\"https:\/\/idakorea.ee\/fi\/product\/sum37-water-full-cc-cushion-perfect-finish\/\" \/>\n<meta property=\"og:site_name\" content=\"IDA.KOREA\" \/>\n<meta property=\"article:modified_time\" content=\"2026-04-13T22:24:07+00:00\" \/>\n<meta property=\"og:image\" content=\"https:\/\/idakorea.ee\/wp-content\/uploads\/2024\/07\/max_50282.jpg\" \/>\n\t<meta property=\"og:image:width\" content=\"750\" \/>\n\t<meta property=\"og:image:height\" content=\"750\" \/>\n\t<meta property=\"og:image:type\" content=\"image\/jpeg\" \/>\n<meta name=\"twitter:card\" content=\"summary_large_image\" \/>\n<meta name=\"twitter:label1\" content=\"Arvioitu lukuaika\" \/>\n\t<meta name=\"twitter:data1\" content=\"2 minuuttia\" \/>\n<script type=\"application\/ld+json\" class=\"yoast-schema-graph\">{\"@context\":\"https:\/\/schema.org\",\"@graph\":[{\"@type\":\"WebPage\",\"@id\":\"https:\/\/idakorea.ee\/product\/sum37-water-full-cc-cushion-perfect-finish\/\",\"url\":\"https:\/\/idakorea.ee\/product\/sum37-water-full-cc-cushion-perfect-finish\/\",\"name\":\"Su:m37 Water-Full CC Cushion Perfect Finish - IDA.KOREA\",\"isPartOf\":{\"@id\":\"https:\/\/idakorea.ee\/#website\"},\"primaryImageOfPage\":{\"@id\":\"https:\/\/idakorea.ee\/product\/sum37-water-full-cc-cushion-perfect-finish\/#primaryimage\"},\"image\":{\"@id\":\"https:\/\/idakorea.ee\/product\/sum37-water-full-cc-cushion-perfect-finish\/#primaryimage\"},\"thumbnailUrl\":\"https:\/\/idakorea.ee\/wp-content\/uploads\/2024\/07\/max_50282.jpg\",\"datePublished\":\"2024-07-06T08:35:13+00:00\",\"dateModified\":\"2026-04-13T22:24:07+00:00\",\"breadcrumb\":{\"@id\":\"https:\/\/idakorea.ee\/product\/sum37-water-full-cc-cushion-perfect-finish\/#breadcrumb\"},\"inLanguage\":\"fi\",\"potentialAction\":[{\"@type\":\"ReadAction\",\"target\":[\"https:\/\/idakorea.ee\/product\/sum37-water-full-cc-cushion-perfect-finish\/\"]}]},{\"@type\":\"ImageObject\",\"inLanguage\":\"fi\",\"@id\":\"https:\/\/idakorea.ee\/product\/sum37-water-full-cc-cushion-perfect-finish\/#primaryimage\",\"url\":\"https:\/\/idakorea.ee\/wp-content\/uploads\/2024\/07\/max_50282.jpg\",\"contentUrl\":\"https:\/\/idakorea.ee\/wp-content\/uploads\/2024\/07\/max_50282.jpg\",\"width\":750,\"height\":750},{\"@type\":\"BreadcrumbList\",\"@id\":\"https:\/\/idakorea.ee\/product\/sum37-water-full-cc-cushion-perfect-finish\/#breadcrumb\",\"itemListElement\":[{\"@type\":\"ListItem\",\"position\":1,\"name\":\"\u0413\u043b\u0430\u0432\u043d\u0430\u044f \u0441\u0442\u0440\u0430\u043d\u0438\u0446\u0430\",\"item\":\"https:\/\/idakorea.ee\/\"},{\"@type\":\"ListItem\",\"position\":2,\"name\":\"Shop\",\"item\":\"https:\/\/idakorea.ee\/shop-2\/\"},{\"@type\":\"ListItem\",\"position\":3,\"name\":\"Su:m37 Water-Full CC Cushion Perfect Finish\"}]},{\"@type\":\"WebSite\",\"@id\":\"https:\/\/idakorea.ee\/#website\",\"url\":\"https:\/\/idakorea.ee\/\",\"name\":\"IDA.KOREA\",\"description\":\"Korea kosmeetika e-pood\",\"publisher\":{\"@id\":\"https:\/\/idakorea.ee\/#organization\"},\"alternateName\":\"Beauty Shop\",\"potentialAction\":[{\"@type\":\"SearchAction\",\"target\":{\"@type\":\"EntryPoint\",\"urlTemplate\":\"https:\/\/idakorea.ee\/?s={search_term_string}\"},\"query-input\":{\"@type\":\"PropertyValueSpecification\",\"valueRequired\":true,\"valueName\":\"search_term_string\"}}],\"inLanguage\":\"fi\"},{\"@type\":\"Organization\",\"@id\":\"https:\/\/idakorea.ee\/#organization\",\"name\":\"IDA.KOREA\",\"url\":\"https:\/\/idakorea.ee\/\",\"logo\":{\"@type\":\"ImageObject\",\"inLanguage\":\"fi\",\"@id\":\"https:\/\/idakorea.ee\/#\/schema\/logo\/image\/\",\"url\":\"https:\/\/idakorea.ee\/wp-content\/uploads\/2024\/05\/cropped-korea3.png\",\"contentUrl\":\"https:\/\/idakorea.ee\/wp-content\/uploads\/2024\/05\/cropped-korea3.png\",\"width\":688,\"height\":126,\"caption\":\"IDA.KOREA\"},\"image\":{\"@id\":\"https:\/\/idakorea.ee\/#\/schema\/logo\/image\/\"},\"sameAs\":[\"https:\/\/www.instagram.com\/ida.korea\/\"]}]}<\/script>\n<!-- \/ Yoast SEO plugin. -->","yoast_head_json":{"title":"Su:m37 Vesit\u00e4ytel\u00e4inen CC-tyyny, t\u00e4ydellinen viimeistely - IDA.KOREA","robots":{"index":"index","follow":"follow","max-snippet":"max-snippet:-1","max-image-preview":"max-image-preview:large","max-video-preview":"max-video-preview:-1"},"canonical":"https:\/\/idakorea.ee\/fi\/product\/sum37-water-full-cc-cushion-perfect-finish\/","og_locale":"fi_FI","og_type":"article","og_title":"Su:m37 Water-Full CC Cushion Perfect Finish - IDA.KOREA","og_description":"Komplekt sisaldab: Water-Full CC Cushion Perfect Finish 15g &#8211; cushion Water-Full CC Cushion Perfect Finish 15g &#8211; vahetusplokk Niisutav jumestuskreem\u00a0&#8211; helendab, v\u00e4hendab kortse, kaitseb UV-kiirguse eest SPF50+\/PA+++. Niipea kui kushoon puutub nahka, annab see niiskustunde, et nahk s\u00e4raks puhta eluj\u00f5uga, ning katab p\u00f5hjalikult pigmendi ja naha eba\u00fchtlused, s\u00e4ilitades naha s\u00e4ra pikaks ajaks ilma lagunemata. Bambuse...","og_url":"https:\/\/idakorea.ee\/fi\/product\/sum37-water-full-cc-cushion-perfect-finish\/","og_site_name":"IDA.KOREA","article_modified_time":"2026-04-13T22:24:07+00:00","og_image":[{"width":750,"height":750,"url":"https:\/\/idakorea.ee\/wp-content\/uploads\/2024\/07\/max_50282.jpg","type":"image\/jpeg"}],"twitter_card":"summary_large_image","twitter_misc":{"Arvioitu lukuaika":"2 minuuttia"},"schema":{"@context":"https:\/\/schema.org","@graph":[{"@type":"WebPage","@id":"https:\/\/idakorea.ee\/product\/sum37-water-full-cc-cushion-perfect-finish\/","url":"https:\/\/idakorea.ee\/product\/sum37-water-full-cc-cushion-perfect-finish\/","name":"Su:m37 Vesit\u00e4ytel\u00e4inen CC-tyyny, t\u00e4ydellinen viimeistely - IDA.KOREA","isPartOf":{"@id":"https:\/\/idakorea.ee\/#website"},"primaryImageOfPage":{"@id":"https:\/\/idakorea.ee\/product\/sum37-water-full-cc-cushion-perfect-finish\/#primaryimage"},"image":{"@id":"https:\/\/idakorea.ee\/product\/sum37-water-full-cc-cushion-perfect-finish\/#primaryimage"},"thumbnailUrl":"https:\/\/idakorea.ee\/wp-content\/uploads\/2024\/07\/max_50282.jpg","datePublished":"2024-07-06T08:35:13+00:00","dateModified":"2026-04-13T22:24:07+00:00","breadcrumb":{"@id":"https:\/\/idakorea.ee\/product\/sum37-water-full-cc-cushion-perfect-finish\/#breadcrumb"},"inLanguage":"fi","potentialAction":[{"@type":"ReadAction","target":["https:\/\/idakorea.ee\/product\/sum37-water-full-cc-cushion-perfect-finish\/"]}]},{"@type":"ImageObject","inLanguage":"fi","@id":"https:\/\/idakorea.ee\/product\/sum37-water-full-cc-cushion-perfect-finish\/#primaryimage","url":"https:\/\/idakorea.ee\/wp-content\/uploads\/2024\/07\/max_50282.jpg","contentUrl":"https:\/\/idakorea.ee\/wp-content\/uploads\/2024\/07\/max_50282.jpg","width":750,"height":750},{"@type":"BreadcrumbList","@id":"https:\/\/idakorea.ee\/product\/sum37-water-full-cc-cushion-perfect-finish\/#breadcrumb","itemListElement":[{"@type":"ListItem","position":1,"name":"\u0413\u043b\u0430\u0432\u043d\u0430\u044f \u0441\u0442\u0440\u0430\u043d\u0438\u0446\u0430","item":"https:\/\/idakorea.ee\/"},{"@type":"ListItem","position":2,"name":"Shop","item":"https:\/\/idakorea.ee\/shop-2\/"},{"@type":"ListItem","position":3,"name":"Su:m37 Water-Full CC Cushion Perfect Finish"}]},{"@type":"WebSite","@id":"https:\/\/idakorea.ee\/#website","url":"https:\/\/idakorea.ee\/","name":"IDA.KOREA","description":"Korean kosmetiikan verkkokauppa","publisher":{"@id":"https:\/\/idakorea.ee\/#organization"},"alternateName":"Beauty Shop","potentialAction":[{"@type":"SearchAction","target":{"@type":"EntryPoint","urlTemplate":"https:\/\/idakorea.ee\/?s={search_term_string}"},"query-input":{"@type":"PropertyValueSpecification","valueRequired":true,"valueName":"search_term_string"}}],"inLanguage":"fi"},{"@type":"Organization","@id":"https:\/\/idakorea.ee\/#organization","name":"IDA.KOREA","url":"https:\/\/idakorea.ee\/","logo":{"@type":"ImageObject","inLanguage":"fi","@id":"https:\/\/idakorea.ee\/#\/schema\/logo\/image\/","url":"https:\/\/idakorea.ee\/wp-content\/uploads\/2024\/05\/cropped-korea3.png","contentUrl":"https:\/\/idakorea.ee\/wp-content\/uploads\/2024\/05\/cropped-korea3.png","width":688,"height":126,"caption":"IDA.KOREA"},"image":{"@id":"https:\/\/idakorea.ee\/#\/schema\/logo\/image\/"},"sameAs":["https:\/\/www.instagram.com\/ida.korea\/"]}]}},"jetpack_sharing_enabled":true,"brands":[{"id":109,"name":"SUM37","slug":"sum37"}],"_links":{"self":[{"href":"https:\/\/idakorea.ee\/fi\/wp-json\/wp\/v2\/product\/9306","targetHints":{"allow":["GET"]}}],"collection":[{"href":"https:\/\/idakorea.ee\/fi\/wp-json\/wp\/v2\/product"}],"about":[{"href":"https:\/\/idakorea.ee\/fi\/wp-json\/wp\/v2\/types\/product"}],"replies":[{"embeddable":true,"href":"https:\/\/idakorea.ee\/fi\/wp-json\/wp\/v2\/comments?post=9306"}],"version-history":[{"count":2,"href":"https:\/\/idakorea.ee\/fi\/wp-json\/wp\/v2\/product\/9306\/revisions"}],"predecessor-version":[{"id":17688,"href":"https:\/\/idakorea.ee\/fi\/wp-json\/wp\/v2\/product\/9306\/revisions\/17688"}],"wp:featuredmedia":[{"embeddable":true,"href":"https:\/\/idakorea.ee\/fi\/wp-json\/wp\/v2\/media\/9307"}],"wp:attachment":[{"href":"https:\/\/idakorea.ee\/fi\/wp-json\/wp\/v2\/media?parent=9306"}],"wp:term":[{"taxonomy":"pwb-brand","embeddable":true,"href":"https:\/\/idakorea.ee\/fi\/wp-json\/wp\/v2\/pwb-brand?post=9306"},{"taxonomy":"product_brand","embeddable":true,"href":"https:\/\/idakorea.ee\/fi\/wp-json\/wp\/v2\/product_brand?post=9306"},{"taxonomy":"product_cat","embeddable":true,"href":"https:\/\/idakorea.ee\/fi\/wp-json\/wp\/v2\/product_cat?post=9306"},{"taxonomy":"product_tag","embeddable":true,"href":"https:\/\/idakorea.ee\/fi\/wp-json\/wp\/v2\/product_tag?post=9306"}],"curies":[{"name":"wp","href":"https:\/\/api.w.org\/{rel}","templated":true}]}}