{"id":9355,"date":"2024-07-06T13:55:17","date_gmt":"2024-07-06T10:55:17","guid":{"rendered":"https:\/\/idakorea.ee\/?post_type=product&#038;p=9355"},"modified":"2026-03-27T12:04:58","modified_gmt":"2026-03-27T10:04:58","slug":"probiotikumid-lacto-fit-probiotics-slim","status":"publish","type":"product","link":"https:\/\/idakorea.ee\/fi\/product\/probiotikumid-lacto-fit-probiotics-slim\/","title":{"rendered":"Probiootit LACTO-FIT Probiootit Laiha"},"content":{"rendered":"<p><strong>LACTO-FIT Probiootit Slim<\/strong> on v\u00e4line, jota k\u00e4ytet\u00e4\u00e4n laihduttamiseen terveellisell\u00e4 tavalla, joka ei ole haitallinen keholle, edist\u00e4m\u00e4ll\u00e4 luonnollista painonpudotusta ja v\u00e4hent\u00e4m\u00e4ll\u00e4 kehon tilavuutta.<\/p>\n<p>Jos haluat lis\u00e4t\u00e4 suoliston hy\u00f6dyllisten bakteerien m\u00e4\u00e4r\u00e4\u00e4 ja v\u00e4hent\u00e4\u00e4 ylipainoa, sinun kannattaa ehdottomasti harkita t\u00e4t\u00e4 tuotetta, sill\u00e4 se on saanut numero 1 -tunnustuksen Koreassa. Mist\u00e4 t\u00e4m\u00e4 johtuu? Monet korealaiset ymm\u00e4rt\u00e4v\u00e4t, miten t\u00e4rke\u00e4\u00e4 on huolehtia suolistoterveydest\u00e4\u00e4n. LACTO-FIT Probiotics Slim on alkuper\u00e4inen kultaisen kaavan variantti, jota on t\u00e4ydennetty kambod\u017ealaisella garcinia-hedelm\u00e4uutteella.<\/p>\n<p>Kambod\u017ean garcinia on eksoottinen trooppinen hedelm\u00e4, joka kasvaa Intiassa, Indonesiassa ja joissakin osissa Afrikkaa. Mik\u00e4 t\u00e4rkeint\u00e4, hedelm\u00e4n kuori sis\u00e4lt\u00e4\u00e4 runsaasti hydroksisitruunahappoa (HCA).<\/p>\n<p>HCA lis\u00e4\u00e4 kehon serotoniinipitoisuutta, mik\u00e4 puolestaan v\u00e4hent\u00e4\u00e4 ruokahalua ja v\u00e4hent\u00e4\u00e4 n\u00e4lk\u00e4\u00e4. HCA taistelee my\u00f6s rasvaa tuottavaa entsyymi\u00e4 sitraattilyaasia vastaan ja v\u00e4hent\u00e4\u00e4 huonon kolesterolin tuotantoa. Kaiken kaikkiaan se auttaa v\u00e4hent\u00e4m\u00e4\u00e4n mielihaluja ja auttaa sinua laihtumaan.<\/p>\n<p><strong>Tuotteen ominaisuudet:<\/strong><\/p>\n<ul>\n<li>Lis\u00e4\u00e4 maitohappobakteerien m\u00e4\u00e4r\u00e4\u00e4.<\/li>\n<li>Tehostaa immuniteettia, palauttaa mikroflooran.<\/li>\n<li>Auttaa hajottamaan rasvoja, auttaa v\u00e4hent\u00e4m\u00e4\u00e4n: kehon kokonaispainoa, vy\u00f6t\u00e4r\u00f6n ymp\u00e4rysmittaa, lonkkien ymp\u00e4rysmittaa, vatsan rasvaa ja sis\u00e4isi\u00e4 rasvakertymi\u00e4.<\/li>\n<li>Sis\u00e4lt\u00e4\u00e4 kambod\u017ealaista garciniaa, symbiootteja (pro- ja prebiootteja), postbiootteja, sinkki\u00e4.<\/li>\n<li>Tukee huonojen ja hyvien bakteerien tasapainoa ihmisen ruoansulatuskanavassa.<\/li>\n<li>Parantaa ruoansulatuskanavan toimintaa.<\/li>\n<li>Poistaa kaasuja, lievitt\u00e4\u00e4 ilmavaivoja, lievitt\u00e4\u00e4 laktoosi-intoleranssin oireita.<\/li>\n<li>Tuhoaa suoliston patogeeniset bakteerit.<\/li>\n<li>Parantaa yleist\u00e4 hyvinvointia (v\u00e4ltt\u00e4m\u00e4t\u00f6n osana dysbioosin, ummetuksen, ripulin, gastriitin, haavaumien jne. yleist\u00e4 hoitoa).<\/li>\n<\/ul>\n<p>LACTO-FIT Probiotics Slim -valmistetta suositellaan niille, jotka:<\/p>\n<ul>\n<li>haluat yll\u00e4pit\u00e4\u00e4 suoliston terveytt\u00e4 ja v\u00e4hent\u00e4\u00e4 rasvavarastoja;<\/li>\n<li>haluavat laihtua ja v\u00e4hent\u00e4\u00e4 kehon tilavuutta;<\/li>\n<li>haluavat parantaa terveytt\u00e4\u00e4n;<\/li>\n<li>el\u00e4\u00e4 istumatonta el\u00e4m\u00e4ntapaa;<\/li>\n<li>haluat tuntea keveytt\u00e4 kehossasi;<\/li>\n<li>ei tunne oloaan kevyeksi WC:n k\u00e4yt\u00f6n j\u00e4lkeen;<\/li>\n<li>haluavat palauttaa suoliston mikroflooran;<\/li>\n<li>parantaa immuniteettia.<\/li>\n<\/ul>\n<p>Tuote sis\u00e4lt\u00e4\u00e4 6 probioottikantaa:<\/p>\n<ol>\n<li>Lactobacillus acidopilus poistaa kaasuja ja turvotusta, lievitt\u00e4\u00e4 laktoosi-intoleranssia. Se v\u00e4hent\u00e4\u00e4 E.coli-bakteeria 61%, v\u00e4hent\u00e4\u00e4 kolesterolia verisuonissa ja kiihdytt\u00e4\u00e4 elimist\u00f6n K-vitamiinin tuotantoa.<\/li>\n<li>Streptococcus thermophilus vahvistaa ihmisen immuniteettia ja normalisoi paksusuolen toimintaa.<\/li>\n<li>Bifidobacterium bifidum pakottaa ruoansulatuskanavan imeytym\u00e4\u00e4n vitamiineja aktiivisemmin, est\u00e4\u00e4 haitallisten bakteerien lis\u00e4\u00e4ntymist\u00e4, ehk\u00e4isee ja lopettaa ripulin.<\/li>\n<li>Lactobacillus plantarum reagoi immuunij\u00e4rjestelm\u00e4n kanssa, poistaa patogeenisi\u00e4 bakteereja suolistosta, normalisoi ruoansulatusta ja ruoansulatuskanavan toimintoja, ja sill\u00e4 on insuliiniresistenssi\u00e4 ja glukogeenisuutta est\u00e4vi\u00e4 vaikutuksia.<\/li>\n<li>Lactobacillus fermentum ehk\u00e4isee ja ehk\u00e4isee kariesta ja on v\u00e4ltt\u00e4m\u00e4t\u00f6n naisten urogenitaalisten infektioiden hoidossa.<\/li>\n<li>Bifidobacterium animalis ssp. lactis tukee suoliston kolonisaatiota hy\u00f6dyllisill\u00e4 bakteereilla ja puhdistaa sen haitallisista aineista.<\/li>\n<\/ol>\n<p>Probioottien lis\u00e4ksi tuote sis\u00e4lt\u00e4\u00e4 my\u00f6s prebiootteja, jotka yhdess\u00e4 probioottien kanssa muodostavat symbiootteja. Symbiootit ovat valmisteita, joissa yhdistet\u00e4\u00e4n prebiootteja ja probiootteja niiden mikrobistoa hy\u00f6dytt\u00e4vien vaikutusten tehostamiseksi. Olemme jo puhuneet probioottien ominaisuuksista, mutta prebiootit tarjoavat bakteerien kasvuun tarvittavaa energiaa.<\/p>\n<p>LACTO-FIT sis\u00e4lt\u00e4\u00e4 my\u00f6s postbiootteja - yhdisteit\u00e4, jotka muodostuvat, kun probiootteja nautitaan erilaisen prebioottisen ruoan, kuten selluloosan, kanssa paksusuolessa. Vaikka n\u00e4it\u00e4 yhdisteit\u00e4 pidet\u00e4\u00e4nkin probioottien elinehtona, niill\u00e4 on hy\u00f6ty\u00e4 elimist\u00f6lle. T\u00e4m\u00e4 liittyy moniin symbiootteihin liittyviin hy\u00f6dyllisiin terveysvaikutuksiin, itse asiassa se liittyy my\u00f6s postbioottien tuotantoon.<\/p>\n<p>Tuotetta on t\u00e4ydennetty sinkill\u00e4 (2,55 mg) osana uutta koostumusta. T\u00e4m\u00e4 elementti kuuluu antioksidanttien ryhm\u00e4\u00e4n. Alkiokehityksest\u00e4 l\u00e4htien se osallistuu kudosten muodostumiseen ja elimist\u00f6n aineenvaihduntaprosesseihin. Sinkki\u00e4 tarvitaan vahvalle immuunij\u00e4rjestelm\u00e4lle, kilpirauhashormonien eritykselle, ihon ja limakalvojen normaalille uusiutumiselle, keskushermostolle ja suoliston toiminnalle. Sinkki\u00e4 tarvitaan glukoosiaineenvaihduntaan, ter\u00e4v\u00e4\u00e4n n\u00e4k\u00f6kykyyn ja hyv\u00e4\u00e4n kuuloon. Mineraali on v\u00e4ltt\u00e4m\u00e4t\u00f6n luukudossolujen kasvulle ja jakautumiselle, mik\u00e4 on erityisen t\u00e4rke\u00e4\u00e4 lapsuudessa.<\/p>\n<p><strong>K\u00e4ytt\u00f6ohjeet:<\/strong> suositeltu harjoituskurssi on 3 kuukautta. Ota 1 annospussi 2 kertaa p\u00e4iv\u00e4ss\u00e4 ennen ateriaa tai aterian j\u00e4lkeen. T\u00e4m\u00e4 mangonmakuinen jauhe liukenee heti suussa.<\/p>\n<p>T\u00e4t\u00e4 kuuria on noudatettava koko hoidon ajan ja v\u00e4hint\u00e4\u00e4n 1-2 viikkoa hoidon lopettamisen j\u00e4lkeen. Vain n\u00e4in voit olla varma, ett\u00e4 ruoansulatuskanavan mikrofloora on palautunut ja suojattu.<\/p>\n<p>Raskauden ja imetyksen aikana on otettava yhteys l\u00e4\u00e4k\u00e4riin. Keskeyt\u00e4 tuotteen k\u00e4ytt\u00f6 ja k\u00e4\u00e4nny l\u00e4\u00e4k\u00e4rin puoleen, jos havaitset haittavaikutuksia.<\/p>","protected":false},"excerpt":{"rendered":"<p>LACTO-FIT Probiotics Slim on ty\u00f6kalu, jota k\u00e4ytet\u00e4\u00e4n laihduttamiseen terveellisell\u00e4 tavalla, joka ei ole haitallista keholle, ja joka edist\u00e4\u00e4 luonnollista painonpudotusta ja kehon tilavuuden v\u00e4hent\u00e4mist\u00e4. Jos haluat lis\u00e4t\u00e4 hy\u00f6dyllisi\u00e4 suolistobakteereja ja v\u00e4hent\u00e4\u00e4 ylipainoa, sinun tulisi ehdottomasti harkita t\u00e4t\u00e4 tuotetta, koska se on saanut numero 1 -tunnustuksen Koreassa. Mist\u00e4 t\u00e4m\u00e4 johtuu? Monet korealaiset ymm\u00e4rt\u00e4v\u00e4t, miten t\u00e4rke\u00e4\u00e4 on huolehtia suolistoterveydest\u00e4\u00e4n.....<\/p>","protected":false},"featured_media":9356,"comment_status":"open","ping_status":"closed","template":"","meta":{"_uf_show_specific_survey":0,"_uf_disable_surveys":false,"_bst_post_transparent":"default","_bst_post_title":"","_bst_post_layout":"default","_bst_post_sidebar_id":"","_bst_post_content_style":"default","_bst_post_vertical_padding":"default","_bst_post_feature":"","_bst_post_feature_position":"","_bst_post_header":false,"_bst_post_footer":false},"pwb-brand":[522],"product_brand":[],"product_cat":[370],"product_tag":[525,523,524],"class_list":{"0":"post-9355","1":"product","2":"type-product","3":"status-publish","4":"has-post-thumbnail","6":"pwb-brand-lacto-fit","7":"product_cat-toidulisandid","8":"product_tag-korean-health","9":"product_tag-lacto-fit","10":"product_tag-probiotics","12":"first","13":"instock","14":"sale","15":"shipping-taxable","16":"purchasable","17":"product-type-variable","18":"has-default-attributes","19":"entry","20":"content-bg","21":"loop-entry"},"supplier_id":null,"supplier_sku":"","barcode":null,"atum_controlled":true,"out_stock_date":null,"out_stock_threshold":null,"inheritable":true,"inbound_stock":0,"stock_on_hold":0,"sold_today":0,"sales_last_days":1,"out_stock_days":0,"lost_sales":0,"has_location":false,"update_date":"2026-04-14T00:05:06","atum_locations":[],"atum_stock_status":"instock","restock_status":false,"low_stock_amount":"","sales_update_date":"2026-04-14T00:05:06","calc_backorders":null,"yoast_head":"<!-- This site is optimized with the Yoast SEO plugin v27.2 - https:\/\/yoast.com\/product\/yoast-seo-wordpress\/ -->\n<title>LACTO-FIT Probiotics Slim - IDA.KOREA<\/title>\n<meta name=\"description\" content=\"LACTO-FIT Probiotics Slim on vahend, mida kasutatakse tervislikult ja kehale kahjustamata kaalu langetamiseks, soodustades loomulikku kehakaalu langust ja keha mahu v\u00e4henemist.\" \/>\n<meta name=\"robots\" content=\"index, follow, max-snippet:-1, max-image-preview:large, max-video-preview:-1\" \/>\n<link rel=\"canonical\" href=\"https:\/\/idakorea.ee\/fi\/product\/probiotikumid-lacto-fit-probiotics-slim\/\" \/>\n<meta property=\"og:locale\" content=\"fi_FI\" \/>\n<meta property=\"og:type\" content=\"article\" \/>\n<meta property=\"og:title\" content=\"LACTO-FIT Probiotics Slim - IDA.KOREA\" \/>\n<meta property=\"og:description\" content=\"LACTO-FIT Probiotics Slim on vahend, mida kasutatakse tervislikult ja kehale kahjustamata kaalu langetamiseks, soodustades loomulikku kehakaalu langust ja keha mahu v\u00e4henemist.\" \/>\n<meta property=\"og:url\" content=\"https:\/\/idakorea.ee\/fi\/product\/probiotikumid-lacto-fit-probiotics-slim\/\" \/>\n<meta property=\"og:site_name\" content=\"IDA.KOREA\" \/>\n<meta property=\"article:modified_time\" content=\"2026-03-27T10:04:58+00:00\" \/>\n<meta property=\"og:image\" content=\"https:\/\/idakorea.ee\/wp-content\/uploads\/2024\/07\/pdsnwcqd3hs1r2f7soe1n59dgbbmx977.jpg\" \/>\n\t<meta property=\"og:image:width\" content=\"646\" \/>\n\t<meta property=\"og:image:height\" content=\"689\" \/>\n\t<meta property=\"og:image:type\" content=\"image\/jpeg\" \/>\n<meta name=\"twitter:card\" content=\"summary_large_image\" \/>\n<meta name=\"twitter:label1\" content=\"Arvioitu lukuaika\" \/>\n\t<meta name=\"twitter:data1\" content=\"4 minuuttia\" \/>\n<script type=\"application\/ld+json\" class=\"yoast-schema-graph\">{\"@context\":\"https:\/\/schema.org\",\"@graph\":[{\"@type\":\"WebPage\",\"@id\":\"https:\/\/idakorea.ee\/product\/probiotikumid-lacto-fit-probiotics-slim\/\",\"url\":\"https:\/\/idakorea.ee\/product\/probiotikumid-lacto-fit-probiotics-slim\/\",\"name\":\"LACTO-FIT Probiotics Slim - IDA.KOREA\",\"isPartOf\":{\"@id\":\"https:\/\/idakorea.ee\/#website\"},\"primaryImageOfPage\":{\"@id\":\"https:\/\/idakorea.ee\/product\/probiotikumid-lacto-fit-probiotics-slim\/#primaryimage\"},\"image\":{\"@id\":\"https:\/\/idakorea.ee\/product\/probiotikumid-lacto-fit-probiotics-slim\/#primaryimage\"},\"thumbnailUrl\":\"https:\/\/idakorea.ee\/wp-content\/uploads\/2024\/07\/pdsnwcqd3hs1r2f7soe1n59dgbbmx977.jpg\",\"datePublished\":\"2024-07-06T10:55:17+00:00\",\"dateModified\":\"2026-03-27T10:04:58+00:00\",\"description\":\"LACTO-FIT Probiotics Slim on vahend, mida kasutatakse tervislikult ja kehale kahjustamata kaalu langetamiseks, soodustades loomulikku kehakaalu langust ja keha mahu v\u00e4henemist.\",\"breadcrumb\":{\"@id\":\"https:\/\/idakorea.ee\/product\/probiotikumid-lacto-fit-probiotics-slim\/#breadcrumb\"},\"inLanguage\":\"fi\",\"potentialAction\":[{\"@type\":\"ReadAction\",\"target\":[\"https:\/\/idakorea.ee\/product\/probiotikumid-lacto-fit-probiotics-slim\/\"]}]},{\"@type\":\"ImageObject\",\"inLanguage\":\"fi\",\"@id\":\"https:\/\/idakorea.ee\/product\/probiotikumid-lacto-fit-probiotics-slim\/#primaryimage\",\"url\":\"https:\/\/idakorea.ee\/wp-content\/uploads\/2024\/07\/pdsnwcqd3hs1r2f7soe1n59dgbbmx977.jpg\",\"contentUrl\":\"https:\/\/idakorea.ee\/wp-content\/uploads\/2024\/07\/pdsnwcqd3hs1r2f7soe1n59dgbbmx977.jpg\",\"width\":646,\"height\":689},{\"@type\":\"BreadcrumbList\",\"@id\":\"https:\/\/idakorea.ee\/product\/probiotikumid-lacto-fit-probiotics-slim\/#breadcrumb\",\"itemListElement\":[{\"@type\":\"ListItem\",\"position\":1,\"name\":\"\u0413\u043b\u0430\u0432\u043d\u0430\u044f \u0441\u0442\u0440\u0430\u043d\u0438\u0446\u0430\",\"item\":\"https:\/\/idakorea.ee\/\"},{\"@type\":\"ListItem\",\"position\":2,\"name\":\"Shop\",\"item\":\"https:\/\/idakorea.ee\/shop-2\/\"},{\"@type\":\"ListItem\",\"position\":3,\"name\":\"Probiotikumid LACTO-FIT Probiotics Slim\"}]},{\"@type\":\"WebSite\",\"@id\":\"https:\/\/idakorea.ee\/#website\",\"url\":\"https:\/\/idakorea.ee\/\",\"name\":\"IDA.KOREA\",\"description\":\"Korea kosmeetika e-pood\",\"publisher\":{\"@id\":\"https:\/\/idakorea.ee\/#organization\"},\"alternateName\":\"Beauty Shop\",\"potentialAction\":[{\"@type\":\"SearchAction\",\"target\":{\"@type\":\"EntryPoint\",\"urlTemplate\":\"https:\/\/idakorea.ee\/?s={search_term_string}\"},\"query-input\":{\"@type\":\"PropertyValueSpecification\",\"valueRequired\":true,\"valueName\":\"search_term_string\"}}],\"inLanguage\":\"fi\"},{\"@type\":\"Organization\",\"@id\":\"https:\/\/idakorea.ee\/#organization\",\"name\":\"IDA.KOREA\",\"url\":\"https:\/\/idakorea.ee\/\",\"logo\":{\"@type\":\"ImageObject\",\"inLanguage\":\"fi\",\"@id\":\"https:\/\/idakorea.ee\/#\/schema\/logo\/image\/\",\"url\":\"https:\/\/idakorea.ee\/wp-content\/uploads\/2024\/05\/cropped-korea3.png\",\"contentUrl\":\"https:\/\/idakorea.ee\/wp-content\/uploads\/2024\/05\/cropped-korea3.png\",\"width\":688,\"height\":126,\"caption\":\"IDA.KOREA\"},\"image\":{\"@id\":\"https:\/\/idakorea.ee\/#\/schema\/logo\/image\/\"},\"sameAs\":[\"https:\/\/www.instagram.com\/ida.korea\/\"]}]}<\/script>\n<!-- \/ Yoast SEO plugin. -->","yoast_head_json":{"title":"LACTO-FIT Probiotics Slim - IDA.KOREA","description":"LACTO-FIT Probiotics Slim on ty\u00f6kalu painonpudotukseen terveellisell\u00e4 ja vaarattomalla tavalla, edist\u00e4en luonnollista painonpudotusta ja kehon tilavuuden pienenemist\u00e4.","robots":{"index":"index","follow":"follow","max-snippet":"max-snippet:-1","max-image-preview":"max-image-preview:large","max-video-preview":"max-video-preview:-1"},"canonical":"https:\/\/idakorea.ee\/fi\/product\/probiotikumid-lacto-fit-probiotics-slim\/","og_locale":"fi_FI","og_type":"article","og_title":"LACTO-FIT Probiotics Slim - IDA.KOREA","og_description":"LACTO-FIT Probiotics Slim on vahend, mida kasutatakse tervislikult ja kehale kahjustamata kaalu langetamiseks, soodustades loomulikku kehakaalu langust ja keha mahu v\u00e4henemist.","og_url":"https:\/\/idakorea.ee\/fi\/product\/probiotikumid-lacto-fit-probiotics-slim\/","og_site_name":"IDA.KOREA","article_modified_time":"2026-03-27T10:04:58+00:00","og_image":[{"width":646,"height":689,"url":"https:\/\/idakorea.ee\/wp-content\/uploads\/2024\/07\/pdsnwcqd3hs1r2f7soe1n59dgbbmx977.jpg","type":"image\/jpeg"}],"twitter_card":"summary_large_image","twitter_misc":{"Arvioitu lukuaika":"4 minuuttia"},"schema":{"@context":"https:\/\/schema.org","@graph":[{"@type":"WebPage","@id":"https:\/\/idakorea.ee\/product\/probiotikumid-lacto-fit-probiotics-slim\/","url":"https:\/\/idakorea.ee\/product\/probiotikumid-lacto-fit-probiotics-slim\/","name":"LACTO-FIT Probiotics Slim - IDA.KOREA","isPartOf":{"@id":"https:\/\/idakorea.ee\/#website"},"primaryImageOfPage":{"@id":"https:\/\/idakorea.ee\/product\/probiotikumid-lacto-fit-probiotics-slim\/#primaryimage"},"image":{"@id":"https:\/\/idakorea.ee\/product\/probiotikumid-lacto-fit-probiotics-slim\/#primaryimage"},"thumbnailUrl":"https:\/\/idakorea.ee\/wp-content\/uploads\/2024\/07\/pdsnwcqd3hs1r2f7soe1n59dgbbmx977.jpg","datePublished":"2024-07-06T10:55:17+00:00","dateModified":"2026-03-27T10:04:58+00:00","description":"LACTO-FIT Probiotics Slim on ty\u00f6kalu painonpudotukseen terveellisell\u00e4 ja vaarattomalla tavalla, edist\u00e4en luonnollista painonpudotusta ja kehon tilavuuden pienenemist\u00e4.","breadcrumb":{"@id":"https:\/\/idakorea.ee\/product\/probiotikumid-lacto-fit-probiotics-slim\/#breadcrumb"},"inLanguage":"fi","potentialAction":[{"@type":"ReadAction","target":["https:\/\/idakorea.ee\/product\/probiotikumid-lacto-fit-probiotics-slim\/"]}]},{"@type":"ImageObject","inLanguage":"fi","@id":"https:\/\/idakorea.ee\/product\/probiotikumid-lacto-fit-probiotics-slim\/#primaryimage","url":"https:\/\/idakorea.ee\/wp-content\/uploads\/2024\/07\/pdsnwcqd3hs1r2f7soe1n59dgbbmx977.jpg","contentUrl":"https:\/\/idakorea.ee\/wp-content\/uploads\/2024\/07\/pdsnwcqd3hs1r2f7soe1n59dgbbmx977.jpg","width":646,"height":689},{"@type":"BreadcrumbList","@id":"https:\/\/idakorea.ee\/product\/probiotikumid-lacto-fit-probiotics-slim\/#breadcrumb","itemListElement":[{"@type":"ListItem","position":1,"name":"\u0413\u043b\u0430\u0432\u043d\u0430\u044f \u0441\u0442\u0440\u0430\u043d\u0438\u0446\u0430","item":"https:\/\/idakorea.ee\/"},{"@type":"ListItem","position":2,"name":"Shop","item":"https:\/\/idakorea.ee\/shop-2\/"},{"@type":"ListItem","position":3,"name":"Probiotikumid LACTO-FIT Probiotics Slim"}]},{"@type":"WebSite","@id":"https:\/\/idakorea.ee\/#website","url":"https:\/\/idakorea.ee\/","name":"IDA.KOREA","description":"Korean kosmetiikan verkkokauppa","publisher":{"@id":"https:\/\/idakorea.ee\/#organization"},"alternateName":"Beauty Shop","potentialAction":[{"@type":"SearchAction","target":{"@type":"EntryPoint","urlTemplate":"https:\/\/idakorea.ee\/?s={search_term_string}"},"query-input":{"@type":"PropertyValueSpecification","valueRequired":true,"valueName":"search_term_string"}}],"inLanguage":"fi"},{"@type":"Organization","@id":"https:\/\/idakorea.ee\/#organization","name":"IDA.KOREA","url":"https:\/\/idakorea.ee\/","logo":{"@type":"ImageObject","inLanguage":"fi","@id":"https:\/\/idakorea.ee\/#\/schema\/logo\/image\/","url":"https:\/\/idakorea.ee\/wp-content\/uploads\/2024\/05\/cropped-korea3.png","contentUrl":"https:\/\/idakorea.ee\/wp-content\/uploads\/2024\/05\/cropped-korea3.png","width":688,"height":126,"caption":"IDA.KOREA"},"image":{"@id":"https:\/\/idakorea.ee\/#\/schema\/logo\/image\/"},"sameAs":["https:\/\/www.instagram.com\/ida.korea\/"]}]}},"jetpack_sharing_enabled":true,"brands":[{"id":522,"name":"LACTO-FIT","slug":"lacto-fit"}],"_links":{"self":[{"href":"https:\/\/idakorea.ee\/fi\/wp-json\/wp\/v2\/product\/9355","targetHints":{"allow":["GET"]}}],"collection":[{"href":"https:\/\/idakorea.ee\/fi\/wp-json\/wp\/v2\/product"}],"about":[{"href":"https:\/\/idakorea.ee\/fi\/wp-json\/wp\/v2\/types\/product"}],"replies":[{"embeddable":true,"href":"https:\/\/idakorea.ee\/fi\/wp-json\/wp\/v2\/comments?post=9355"}],"version-history":[{"count":2,"href":"https:\/\/idakorea.ee\/fi\/wp-json\/wp\/v2\/product\/9355\/revisions"}],"predecessor-version":[{"id":12864,"href":"https:\/\/idakorea.ee\/fi\/wp-json\/wp\/v2\/product\/9355\/revisions\/12864"}],"wp:featuredmedia":[{"embeddable":true,"href":"https:\/\/idakorea.ee\/fi\/wp-json\/wp\/v2\/media\/9356"}],"wp:attachment":[{"href":"https:\/\/idakorea.ee\/fi\/wp-json\/wp\/v2\/media?parent=9355"}],"wp:term":[{"taxonomy":"pwb-brand","embeddable":true,"href":"https:\/\/idakorea.ee\/fi\/wp-json\/wp\/v2\/pwb-brand?post=9355"},{"taxonomy":"product_brand","embeddable":true,"href":"https:\/\/idakorea.ee\/fi\/wp-json\/wp\/v2\/product_brand?post=9355"},{"taxonomy":"product_cat","embeddable":true,"href":"https:\/\/idakorea.ee\/fi\/wp-json\/wp\/v2\/product_cat?post=9355"},{"taxonomy":"product_tag","embeddable":true,"href":"https:\/\/idakorea.ee\/fi\/wp-json\/wp\/v2\/product_tag?post=9355"}],"curies":[{"name":"wp","href":"https:\/\/api.w.org\/{rel}","templated":true}]}}