{"id":9372,"date":"2024-07-09T09:08:33","date_gmt":"2024-07-09T06:08:33","guid":{"rendered":"https:\/\/idakorea.ee\/?post_type=product&#038;p=9372"},"modified":"2026-02-16T18:20:00","modified_gmt":"2026-02-16T16:20:00","slug":"silmakreem-ahc-ten-revolution-real-eye-cream-for-face","status":"publish","type":"product","link":"https:\/\/idakorea.ee\/fi\/product\/silmakreem-ahc-ten-revolution-real-eye-cream-for-face\/","title":{"rendered":"Silm\u00e4nymp\u00e4rysvoide AHC Ten Revolution Real silm\u00e4nymp\u00e4rysvoide kasvoille"},"content":{"rendered":"<p>Ik\u00e4\u00e4ntymist\u00e4 est\u00e4v\u00e4 <strong>AHC Ten Revolution Real -silm\u00e4nymp\u00e4rysvoide kasvoille<\/strong> Kiinteytt\u00e4v\u00e4ll\u00e4 silm\u00e4nymp\u00e4rysvoiteella on monimutkainen vaikutus: se tasoittaa ja v\u00e4hent\u00e4\u00e4 ilmejuonteita, lis\u00e4\u00e4 kudosten kimmoisuutta, hidastaa ik\u00e4\u00e4ntymisprosesseja, kosteuttaa tehokkaasti ja auttaa v\u00e4hent\u00e4m\u00e4\u00e4n tummia silm\u00e4nalusia.<\/p>\n<p>Voiteen valmistuksessa k\u00e4ytetyn erityisen patentoidun teknologian ansiosta tuotteen aktiiviset ainesosat pystyv\u00e4t tunkeutumaan ihon syvempiin kerroksiin ja imeytym\u00e4\u00e4n paremmin, mik\u00e4 lis\u00e4\u00e4 sen tehokkuutta.<\/p>\n<p>Voide on valmistettu vedett\u00f6m\u00e4sti, jossa vesi on korvattu hydrolysoidulla kollageenilla, joka paitsi tehokkaasti palauttaa vaurioituneita kudoksia, my\u00f6s lis\u00e4\u00e4 niiden elastisuutta ja vahvistaa turgoria. Se edist\u00e4\u00e4 kollageeni- ja elastiinikuitujen synteesi\u00e4 epidermiksen soluissa.<\/p>\n<p>Yksi voidepakkaus sis\u00e4lt\u00e4\u00e4 84 erilaista proteiinia, 10 erilaista kasvutekij\u00e4\u00e4, 16 vitamiinia ja 11 erilaista hyaluronihappoa \u2013 kaikki n\u00e4m\u00e4 ainesosat on tarkoitettu ihon nuorentamiseen ja parantamiseen.<\/p>\n<p>Tuotetta voidaan k\u00e4ytt\u00e4\u00e4 silm\u00e4nymp\u00e4rysvoiteena, paikallisesti (kulmakarvojen v\u00e4liin, nen\u00e4n ja huulien poimuihin) tai koko kasvoille.<\/p>\n<p><strong>T\u00e4rkeimm\u00e4t vaikuttavat aineet:<\/strong><strong>Hydrolysoitu kollageeni<\/strong> Palauttaa ihon rakenteen sis\u00e4lt\u00e4p\u00e4in, vahvistaa soluseini\u00e4, parantaa proteiinisynteesi\u00e4. Tukee ihon matriisia, silottaa ryppyj\u00e4 ja juonteita.<br \/>\n<strong>Peptidikompleksi<\/strong> vastaa solujen jatkuvasta uudistumisesta ja uudistumisesta, sill\u00e4 on syv\u00e4 ik\u00e4\u00e4ntymist\u00e4 ehk\u00e4isev\u00e4 vaikutus, se v\u00e4hent\u00e4\u00e4 ryppyjen n\u00e4kyvyytt\u00e4 ja est\u00e4\u00e4 uusien syntymist\u00e4, stimuloi uusiutumisprosesseja, hidastaa solujen ik\u00e4\u00e4ntymist\u00e4. Normalisoi kollageenin ja elastiinin tuotantoa, tasoittaa ja tasoittaa ihons\u00e4vy\u00e4. Parantaa ihoa, antaa sille terveen hehkun ja kimmoisuuden.<br \/>\n<strong>Hyaluronihappokompleksi<\/strong> Tunkeutuu syv\u00e4lle epidermiksen kerroksiin, kosteuttaa aktiivisesti soluja ja edist\u00e4\u00e4 kosteuden s\u00e4ilymist\u00e4. Muodostaa suojaavan kerroksen, joka est\u00e4\u00e4 kosteuden haihtumisen.<br \/>\n<strong>Niasiini<\/strong> Lis\u00e4\u00e4 keramidien synteesi\u00e4, poistaa kuivuutta, hilseily\u00e4 ja hilseily\u00e4. Hidastaa melaniinin tunkeutumista ihoon, est\u00e4\u00e4 pigmenttil\u00e4iskien muodostumista. V\u00e4hent\u00e4\u00e4 herkkyytt\u00e4 ulkoisille \u00e4rsykkeille, edist\u00e4\u00e4 kollageenin tuotantoa ja lis\u00e4\u00e4 tiheytt\u00e4.<br \/>\n<strong>Probioottikompleksi<\/strong> palauttaa epidermiksen mikroflooran, parantaa solujen uudistumista ja uusiutumista, lis\u00e4\u00e4 suojaavia ominaisuuksia, muodostaa esteen, joka suojaa aggressiivisilta ymp\u00e4rist\u00f6tekij\u00f6ilt\u00e4.<br \/>\n<strong>Skvala<\/strong> rauhoittaa vaurioitunutta ja \u00e4rtynytt\u00e4 ihoa, omaa antioksidanttisia ominaisuuksia, kosteuttaa ja suojaa ymp\u00e4rist\u00f6n negatiivisilta vaikutuksilta.<br \/>\n<strong>Aasian vesikrassiuute<\/strong> lis\u00e4\u00e4 kudosten elastisuutta ja kosteuttaa dermis-soluja. Muodostaa suojaavan kerroksen, joka suojaa UV-s\u00e4teilylt\u00e4 ja negatiivisilta ymp\u00e4rist\u00f6tekij\u00f6ilt\u00e4.<\/p>\n<p>Sopii kaikille ihotyypeille.<\/p>\n<p>&nbsp;<\/p>\n<p><strong>K\u00e4ytt\u00f6opas:<\/strong> Levit\u00e4 pieni m\u00e4\u00e4r\u00e4 voidetta sormenp\u00e4ill\u00e4 puhdistetuille kasvoille ja silm\u00e4nymp\u00e4rysiholle hoitorutiinisi viimeisen\u00e4 vaiheena ja odota, kunnes voide on imeytynyt.<\/p>","protected":false},"excerpt":{"rendered":"<p>Vanhenemista ehk\u00e4isev\u00e4ll\u00e4 AHC Ten Revolution Real Eye Cream For Face -kasvovoiteella, jolla on kiinteytt\u00e4v\u00e4 vaikutus, on monitahoinen vaikutus: se tasoittaa ja v\u00e4hent\u00e4\u00e4 juonteita ja ryppyj\u00e4, lis\u00e4\u00e4 kudosten kimmoisuutta, hidastaa ik\u00e4\u00e4ntymisprosessia, kosteuttaa intensiivisesti ja auttaa v\u00e4hent\u00e4m\u00e4\u00e4n tummien silm\u00e4nalusien ulkon\u00e4k\u00f6\u00e4. Voiteen koostumuksessa k\u00e4ytetyn erityisen patentoidun teknologian ansiosta tuotteen aktiiviset ainesosat pystyv\u00e4t tunkeutumaan ihon syvempiin kerroksiin ja imeytyv\u00e4t paremmin, mik\u00e4 lis\u00e4\u00e4 sen tehoa. ...<\/p>","protected":false},"featured_media":9376,"comment_status":"open","ping_status":"closed","template":"","meta":{"_uf_show_specific_survey":0,"_uf_disable_surveys":false,"_bst_post_transparent":"default","_bst_post_title":"","_bst_post_layout":"default","_bst_post_sidebar_id":"","_bst_post_content_style":"default","_bst_post_vertical_padding":"default","_bst_post_feature":"","_bst_post_feature_position":"","_bst_post_header":false,"_bst_post_footer":false},"pwb-brand":[236],"product_brand":[],"product_cat":[92,99,201],"product_tag":[526,247],"class_list":{"0":"post-9372","1":"product","2":"type-product","3":"status-publish","4":"has-post-thumbnail","6":"pwb-brand-ahc","7":"product_cat-nagu","8":"product_cat-silmad-ja-huuled-2","9":"product_cat-silmakreem","10":"product_tag-ahc","11":"product_tag-korea-silmakreem","13":"first","14":"instock","15":"sale","16":"shipping-taxable","17":"purchasable","18":"product-type-variable","19":"has-default-attributes","20":"entry","21":"content-bg","22":"loop-entry"},"supplier_id":null,"supplier_sku":"","barcode":null,"atum_controlled":true,"out_stock_date":null,"out_stock_threshold":null,"inheritable":true,"inbound_stock":0,"stock_on_hold":0,"sold_today":0,"sales_last_days":0,"out_stock_days":0,"lost_sales":0,"has_location":false,"update_date":"2026-04-14T00:05:06","atum_locations":[],"atum_stock_status":"instock","restock_status":false,"low_stock_amount":"","sales_update_date":"2026-04-14T00:05:06","calc_backorders":null,"yoast_head":"<!-- This site is optimized with the Yoast SEO plugin v27.2 - https:\/\/yoast.com\/product\/yoast-seo-wordpress\/ -->\n<title>AHC Ten Revolution Real Eye Cream For Face - IDA.KOREA<\/title>\n<meta name=\"description\" content=\"Vananemisvastane AHC Ten Revolution Real Eye Cream For Face silmakreem pinguldava efektiga - silub ja v\u00e4hendab miimikakortse, aeglustab vananemisprotsesse.\" \/>\n<meta name=\"robots\" content=\"index, follow, max-snippet:-1, max-image-preview:large, max-video-preview:-1\" \/>\n<link rel=\"canonical\" href=\"https:\/\/idakorea.ee\/fi\/product\/silmakreem-ahc-ten-revolution-real-eye-cream-for-face\/\" \/>\n<meta property=\"og:locale\" content=\"fi_FI\" \/>\n<meta property=\"og:type\" content=\"article\" \/>\n<meta property=\"og:title\" content=\"AHC Ten Revolution Real Eye Cream For Face - IDA.KOREA\" \/>\n<meta property=\"og:description\" content=\"Vananemisvastane AHC Ten Revolution Real Eye Cream For Face silmakreem pinguldava efektiga - silub ja v\u00e4hendab miimikakortse, aeglustab vananemisprotsesse.\" \/>\n<meta property=\"og:url\" content=\"https:\/\/idakorea.ee\/fi\/product\/silmakreem-ahc-ten-revolution-real-eye-cream-for-face\/\" \/>\n<meta property=\"og:site_name\" content=\"IDA.KOREA\" \/>\n<meta property=\"article:modified_time\" content=\"2026-02-16T16:20:00+00:00\" \/>\n<meta property=\"og:image\" content=\"https:\/\/idakorea.ee\/wp-content\/uploads\/2024\/07\/6246263870.jpg\" \/>\n\t<meta property=\"og:image:width\" content=\"1000\" \/>\n\t<meta property=\"og:image:height\" content=\"1000\" \/>\n\t<meta property=\"og:image:type\" content=\"image\/jpeg\" \/>\n<meta name=\"twitter:card\" content=\"summary_large_image\" \/>\n<meta name=\"twitter:label1\" content=\"Arvioitu lukuaika\" \/>\n\t<meta name=\"twitter:data1\" content=\"2 minuuttia\" \/>\n<script type=\"application\/ld+json\" class=\"yoast-schema-graph\">{\"@context\":\"https:\/\/schema.org\",\"@graph\":[{\"@type\":\"WebPage\",\"@id\":\"https:\/\/idakorea.ee\/product\/silmakreem-ahc-ten-revolution-real-eye-cream-for-face\/\",\"url\":\"https:\/\/idakorea.ee\/product\/silmakreem-ahc-ten-revolution-real-eye-cream-for-face\/\",\"name\":\"AHC Ten Revolution Real Eye Cream For Face - IDA.KOREA\",\"isPartOf\":{\"@id\":\"https:\/\/idakorea.ee\/#website\"},\"primaryImageOfPage\":{\"@id\":\"https:\/\/idakorea.ee\/product\/silmakreem-ahc-ten-revolution-real-eye-cream-for-face\/#primaryimage\"},\"image\":{\"@id\":\"https:\/\/idakorea.ee\/product\/silmakreem-ahc-ten-revolution-real-eye-cream-for-face\/#primaryimage\"},\"thumbnailUrl\":\"https:\/\/idakorea.ee\/wp-content\/uploads\/2024\/07\/6246263870.jpg\",\"datePublished\":\"2024-07-09T06:08:33+00:00\",\"dateModified\":\"2026-02-16T16:20:00+00:00\",\"description\":\"Vananemisvastane AHC Ten Revolution Real Eye Cream For Face silmakreem pinguldava efektiga - silub ja v\u00e4hendab miimikakortse, aeglustab vananemisprotsesse.\",\"breadcrumb\":{\"@id\":\"https:\/\/idakorea.ee\/product\/silmakreem-ahc-ten-revolution-real-eye-cream-for-face\/#breadcrumb\"},\"inLanguage\":\"fi\",\"potentialAction\":[{\"@type\":\"ReadAction\",\"target\":[\"https:\/\/idakorea.ee\/product\/silmakreem-ahc-ten-revolution-real-eye-cream-for-face\/\"]}]},{\"@type\":\"ImageObject\",\"inLanguage\":\"fi\",\"@id\":\"https:\/\/idakorea.ee\/product\/silmakreem-ahc-ten-revolution-real-eye-cream-for-face\/#primaryimage\",\"url\":\"https:\/\/idakorea.ee\/wp-content\/uploads\/2024\/07\/6246263870.jpg\",\"contentUrl\":\"https:\/\/idakorea.ee\/wp-content\/uploads\/2024\/07\/6246263870.jpg\",\"width\":1000,\"height\":1000},{\"@type\":\"BreadcrumbList\",\"@id\":\"https:\/\/idakorea.ee\/product\/silmakreem-ahc-ten-revolution-real-eye-cream-for-face\/#breadcrumb\",\"itemListElement\":[{\"@type\":\"ListItem\",\"position\":1,\"name\":\"\u0413\u043b\u0430\u0432\u043d\u0430\u044f \u0441\u0442\u0440\u0430\u043d\u0438\u0446\u0430\",\"item\":\"https:\/\/idakorea.ee\/\"},{\"@type\":\"ListItem\",\"position\":2,\"name\":\"Shop\",\"item\":\"https:\/\/idakorea.ee\/shop-2\/\"},{\"@type\":\"ListItem\",\"position\":3,\"name\":\"Silmakreem AHC Ten Revolution Real Eye Cream For Face\"}]},{\"@type\":\"WebSite\",\"@id\":\"https:\/\/idakorea.ee\/#website\",\"url\":\"https:\/\/idakorea.ee\/\",\"name\":\"IDA.KOREA\",\"description\":\"Korea kosmeetika e-pood\",\"publisher\":{\"@id\":\"https:\/\/idakorea.ee\/#organization\"},\"alternateName\":\"Beauty Shop\",\"potentialAction\":[{\"@type\":\"SearchAction\",\"target\":{\"@type\":\"EntryPoint\",\"urlTemplate\":\"https:\/\/idakorea.ee\/?s={search_term_string}\"},\"query-input\":{\"@type\":\"PropertyValueSpecification\",\"valueRequired\":true,\"valueName\":\"search_term_string\"}}],\"inLanguage\":\"fi\"},{\"@type\":\"Organization\",\"@id\":\"https:\/\/idakorea.ee\/#organization\",\"name\":\"IDA.KOREA\",\"url\":\"https:\/\/idakorea.ee\/\",\"logo\":{\"@type\":\"ImageObject\",\"inLanguage\":\"fi\",\"@id\":\"https:\/\/idakorea.ee\/#\/schema\/logo\/image\/\",\"url\":\"https:\/\/idakorea.ee\/wp-content\/uploads\/2024\/05\/cropped-korea3.png\",\"contentUrl\":\"https:\/\/idakorea.ee\/wp-content\/uploads\/2024\/05\/cropped-korea3.png\",\"width\":688,\"height\":126,\"caption\":\"IDA.KOREA\"},\"image\":{\"@id\":\"https:\/\/idakorea.ee\/#\/schema\/logo\/image\/\"},\"sameAs\":[\"https:\/\/www.instagram.com\/ida.korea\/\"]}]}<\/script>\n<!-- \/ Yoast SEO plugin. -->","yoast_head_json":{"title":"AHC Ten Revolution Real -silm\u00e4nymp\u00e4rysvoide kasvoille - IDA.KOREA","description":"Ik\u00e4\u00e4ntymist\u00e4 ehk\u00e4isev\u00e4 AHC Ten Revolution Real Eye Cream For Face -silm\u00e4nymp\u00e4rysvoide kiinteytt\u00e4v\u00e4ll\u00e4 vaikutuksella - silottaa ja v\u00e4hent\u00e4\u00e4 ilmejuonteita, hidastaa ik\u00e4\u00e4ntymisprosessia.","robots":{"index":"index","follow":"follow","max-snippet":"max-snippet:-1","max-image-preview":"max-image-preview:large","max-video-preview":"max-video-preview:-1"},"canonical":"https:\/\/idakorea.ee\/fi\/product\/silmakreem-ahc-ten-revolution-real-eye-cream-for-face\/","og_locale":"fi_FI","og_type":"article","og_title":"AHC Ten Revolution Real Eye Cream For Face - IDA.KOREA","og_description":"Vananemisvastane AHC Ten Revolution Real Eye Cream For Face silmakreem pinguldava efektiga - silub ja v\u00e4hendab miimikakortse, aeglustab vananemisprotsesse.","og_url":"https:\/\/idakorea.ee\/fi\/product\/silmakreem-ahc-ten-revolution-real-eye-cream-for-face\/","og_site_name":"IDA.KOREA","article_modified_time":"2026-02-16T16:20:00+00:00","og_image":[{"width":1000,"height":1000,"url":"https:\/\/idakorea.ee\/wp-content\/uploads\/2024\/07\/6246263870.jpg","type":"image\/jpeg"}],"twitter_card":"summary_large_image","twitter_misc":{"Arvioitu lukuaika":"2 minuuttia"},"schema":{"@context":"https:\/\/schema.org","@graph":[{"@type":"WebPage","@id":"https:\/\/idakorea.ee\/product\/silmakreem-ahc-ten-revolution-real-eye-cream-for-face\/","url":"https:\/\/idakorea.ee\/product\/silmakreem-ahc-ten-revolution-real-eye-cream-for-face\/","name":"AHC Ten Revolution Real -silm\u00e4nymp\u00e4rysvoide kasvoille - IDA.KOREA","isPartOf":{"@id":"https:\/\/idakorea.ee\/#website"},"primaryImageOfPage":{"@id":"https:\/\/idakorea.ee\/product\/silmakreem-ahc-ten-revolution-real-eye-cream-for-face\/#primaryimage"},"image":{"@id":"https:\/\/idakorea.ee\/product\/silmakreem-ahc-ten-revolution-real-eye-cream-for-face\/#primaryimage"},"thumbnailUrl":"https:\/\/idakorea.ee\/wp-content\/uploads\/2024\/07\/6246263870.jpg","datePublished":"2024-07-09T06:08:33+00:00","dateModified":"2026-02-16T16:20:00+00:00","description":"Ik\u00e4\u00e4ntymist\u00e4 ehk\u00e4isev\u00e4 AHC Ten Revolution Real Eye Cream For Face -silm\u00e4nymp\u00e4rysvoide kiinteytt\u00e4v\u00e4ll\u00e4 vaikutuksella - silottaa ja v\u00e4hent\u00e4\u00e4 ilmejuonteita, hidastaa ik\u00e4\u00e4ntymisprosessia.","breadcrumb":{"@id":"https:\/\/idakorea.ee\/product\/silmakreem-ahc-ten-revolution-real-eye-cream-for-face\/#breadcrumb"},"inLanguage":"fi","potentialAction":[{"@type":"ReadAction","target":["https:\/\/idakorea.ee\/product\/silmakreem-ahc-ten-revolution-real-eye-cream-for-face\/"]}]},{"@type":"ImageObject","inLanguage":"fi","@id":"https:\/\/idakorea.ee\/product\/silmakreem-ahc-ten-revolution-real-eye-cream-for-face\/#primaryimage","url":"https:\/\/idakorea.ee\/wp-content\/uploads\/2024\/07\/6246263870.jpg","contentUrl":"https:\/\/idakorea.ee\/wp-content\/uploads\/2024\/07\/6246263870.jpg","width":1000,"height":1000},{"@type":"BreadcrumbList","@id":"https:\/\/idakorea.ee\/product\/silmakreem-ahc-ten-revolution-real-eye-cream-for-face\/#breadcrumb","itemListElement":[{"@type":"ListItem","position":1,"name":"\u0413\u043b\u0430\u0432\u043d\u0430\u044f \u0441\u0442\u0440\u0430\u043d\u0438\u0446\u0430","item":"https:\/\/idakorea.ee\/"},{"@type":"ListItem","position":2,"name":"Shop","item":"https:\/\/idakorea.ee\/shop-2\/"},{"@type":"ListItem","position":3,"name":"Silmakreem AHC Ten Revolution Real Eye Cream For Face"}]},{"@type":"WebSite","@id":"https:\/\/idakorea.ee\/#website","url":"https:\/\/idakorea.ee\/","name":"IDA.KOREA","description":"Korean kosmetiikan verkkokauppa","publisher":{"@id":"https:\/\/idakorea.ee\/#organization"},"alternateName":"Beauty Shop","potentialAction":[{"@type":"SearchAction","target":{"@type":"EntryPoint","urlTemplate":"https:\/\/idakorea.ee\/?s={search_term_string}"},"query-input":{"@type":"PropertyValueSpecification","valueRequired":true,"valueName":"search_term_string"}}],"inLanguage":"fi"},{"@type":"Organization","@id":"https:\/\/idakorea.ee\/#organization","name":"IDA.KOREA","url":"https:\/\/idakorea.ee\/","logo":{"@type":"ImageObject","inLanguage":"fi","@id":"https:\/\/idakorea.ee\/#\/schema\/logo\/image\/","url":"https:\/\/idakorea.ee\/wp-content\/uploads\/2024\/05\/cropped-korea3.png","contentUrl":"https:\/\/idakorea.ee\/wp-content\/uploads\/2024\/05\/cropped-korea3.png","width":688,"height":126,"caption":"IDA.KOREA"},"image":{"@id":"https:\/\/idakorea.ee\/#\/schema\/logo\/image\/"},"sameAs":["https:\/\/www.instagram.com\/ida.korea\/"]}]}},"jetpack_sharing_enabled":true,"brands":[{"id":236,"name":"AHC","slug":"ahc"}],"_links":{"self":[{"href":"https:\/\/idakorea.ee\/fi\/wp-json\/wp\/v2\/product\/9372","targetHints":{"allow":["GET"]}}],"collection":[{"href":"https:\/\/idakorea.ee\/fi\/wp-json\/wp\/v2\/product"}],"about":[{"href":"https:\/\/idakorea.ee\/fi\/wp-json\/wp\/v2\/types\/product"}],"replies":[{"embeddable":true,"href":"https:\/\/idakorea.ee\/fi\/wp-json\/wp\/v2\/comments?post=9372"}],"version-history":[{"count":1,"href":"https:\/\/idakorea.ee\/fi\/wp-json\/wp\/v2\/product\/9372\/revisions"}],"predecessor-version":[{"id":11339,"href":"https:\/\/idakorea.ee\/fi\/wp-json\/wp\/v2\/product\/9372\/revisions\/11339"}],"wp:featuredmedia":[{"embeddable":true,"href":"https:\/\/idakorea.ee\/fi\/wp-json\/wp\/v2\/media\/9376"}],"wp:attachment":[{"href":"https:\/\/idakorea.ee\/fi\/wp-json\/wp\/v2\/media?parent=9372"}],"wp:term":[{"taxonomy":"pwb-brand","embeddable":true,"href":"https:\/\/idakorea.ee\/fi\/wp-json\/wp\/v2\/pwb-brand?post=9372"},{"taxonomy":"product_brand","embeddable":true,"href":"https:\/\/idakorea.ee\/fi\/wp-json\/wp\/v2\/product_brand?post=9372"},{"taxonomy":"product_cat","embeddable":true,"href":"https:\/\/idakorea.ee\/fi\/wp-json\/wp\/v2\/product_cat?post=9372"},{"taxonomy":"product_tag","embeddable":true,"href":"https:\/\/idakorea.ee\/fi\/wp-json\/wp\/v2\/product_tag?post=9372"}],"curies":[{"name":"wp","href":"https:\/\/api.w.org\/{rel}","templated":true}]}}