{"id":9492,"date":"2024-07-16T13:02:09","date_gmt":"2024-07-16T10:02:09","guid":{"rendered":"https:\/\/idakorea.ee\/?post_type=product&#038;p=9492"},"modified":"2026-04-13T20:27:23","modified_gmt":"2026-04-13T18:27:23","slug":"hambapasta-median-dental-iq-93-white-120g","status":"publish","type":"product","link":"https:\/\/idakorea.ee\/fi\/product\/hambapasta-median-dental-iq-93-white-120g\/","title":{"rendered":"Hammastahna Median Dental IQ 93% Valkoinen, 120g."},"content":{"rendered":"<p><strong>Mediaanihammas\u00e4lykkyysosam\u00e4\u00e4r\u00e4 93% Valkoinen<\/strong> \u2013 ammattimainen korealainen valkaiseva hammastahna. Tuotteella on korkea hankauskyky, RDA-90, jonka avulla voit tehokkaasti poistaa hammastahroja (kiillepinnoite), hammaskive\u00e4, ruokaj\u00e4\u00e4mi\u00e4 ja ep\u00e4miellytt\u00e4vi\u00e4 hajuja. Tahnan tarkoituksena on kiillottaa ja valkaista hampaita ohentamatta tai vahingoittamatta kiillett\u00e4.<br \/>\nZeoliitti, vulkaaninen mineraali, tehostaa hajuja poistavia ja puhdistavia vaikutuksia, sill\u00e4 on imukykyinen vaikutus ja se kiillottaa hampaiden pintaa hell\u00e4varaisesti vahingoittamatta emalia.<br \/>\nTahnassa on sitrusmintun maku ja pehme\u00e4, kermainen koostumus.<\/p>\n<p><strong>K\u00e4ytt\u00f6opas:<\/strong> Purista tarvittava m\u00e4\u00e4r\u00e4 tahnaa hammasharjalle. Puhdista hampaat perusteellisesti 2 minuutin ajan. Huuhtele suu vedell\u00e4.<\/p>\n<p><strong>NB!<\/strong> Alle kuusivuotiaille lapsille: ota herneen kokoinen m\u00e4\u00e4r\u00e4 ja harjaa hampaat aikuisen valvonnassa nielemisen v\u00e4ltt\u00e4miseksi. Ota yhteytt\u00e4 hammasl\u00e4\u00e4k\u00e4riin tai l\u00e4\u00e4k\u00e4riin, jos saat fluoridia muista l\u00e4hteist\u00e4.<\/p>","protected":false},"excerpt":{"rendered":"<p>Median Dental IQ 93% White \u2013 ammattimainen korealainen valkaiseva hammastahna. Tuotteella on korkea hankauskyky, RDA-90, jonka avulla voit tehokkaasti poistaa hammastahroja (kiillepinnoite), hammaskive\u00e4, ruokaj\u00e4\u00e4mi\u00e4 ja ep\u00e4miellytt\u00e4v\u00e4\u00e4 hajua. Tahnan tarkoituksena on kiillottaa ja valkaista hampaita ohentamatta tai vahingoittamatta kiillett\u00e4. Vulkaaninen mineraali zeoliitti tehostaa hajuja poistavaa ja puhdistavaa vaikutusta ja sill\u00e4 on imukykyinen vaikutus. Se kiillottaa hampaita hell\u00e4varaisesti\u2026<\/p>","protected":false},"featured_media":9493,"comment_status":"open","ping_status":"closed","template":"","meta":{"_uf_show_specific_survey":0,"_uf_disable_surveys":false,"_bst_post_transparent":"default","_bst_post_title":"","_bst_post_layout":"default","_bst_post_sidebar_id":"","_bst_post_content_style":"default","_bst_post_vertical_padding":"default","_bst_post_feature":"","_bst_post_feature_position":"","_bst_post_header":false,"_bst_post_footer":false},"pwb-brand":[539],"product_brand":[],"product_cat":[371],"product_tag":[233,377,202,465,473,525,540],"class_list":{"0":"post-9492","1":"product","2":"type-product","3":"status-publish","4":"has-post-thumbnail","6":"pwb-brand-median","7":"product_cat-suuhugieen","8":"product_tag-internet-pood-eesti","9":"product_tag-k-beauty-2","10":"product_tag-korea-kosmeetika","11":"product_tag-korea-lux","12":"product_tag-korea-premium","13":"product_tag-korean-health","14":"product_tag-median-white","16":"first","17":"instock","18":"sale","19":"shipping-taxable","20":"purchasable","21":"product-type-simple","22":"entry","23":"content-bg","24":"loop-entry"},"supplier_id":null,"supplier_sku":"","barcode":null,"atum_controlled":true,"out_stock_date":null,"out_stock_threshold":null,"inheritable":false,"inbound_stock":0,"stock_on_hold":0,"sold_today":0,"sales_last_days":6,"out_stock_days":0,"lost_sales":0,"has_location":false,"update_date":"2026-04-14T12:37:28","atum_locations":[],"atum_stock_status":"instock","restock_status":false,"low_stock_amount":"","sales_update_date":"2026-04-14T12:37:28","calc_backorders":null,"yoast_head":"<!-- This site is optimized with the Yoast SEO plugin v27.2 - https:\/\/yoast.com\/product\/yoast-seo-wordpress\/ -->\n<title>Median Dental IQ 93% White, 120g<\/title>\n<meta name=\"description\" content=\"Median Dental IQ 93% White \u2013 professionaalne Korea valgendav hambapasta. - Tasuta tarne Eesti piires al. 48\u20ac, L\u00e4ti ja Leedu al. 55\u20ac, Soome al. 85\u20ac\" \/>\n<meta name=\"robots\" content=\"index, follow, max-snippet:-1, max-image-preview:large, max-video-preview:-1\" \/>\n<link rel=\"canonical\" href=\"https:\/\/idakorea.ee\/fi\/product\/hambapasta-median-dental-iq-93-white-120g\/\" \/>\n<meta property=\"og:locale\" content=\"fi_FI\" \/>\n<meta property=\"og:type\" content=\"article\" \/>\n<meta property=\"og:title\" content=\"Median Dental IQ 93% White, 120g\" \/>\n<meta property=\"og:description\" content=\"Median Dental IQ 93% White \u2013 professionaalne Korea valgendav hambapasta. - Tasuta tarne Eesti piires al. 48\u20ac, L\u00e4ti ja Leedu al. 55\u20ac, Soome al. 85\u20ac\" \/>\n<meta property=\"og:url\" content=\"https:\/\/idakorea.ee\/fi\/product\/hambapasta-median-dental-iq-93-white-120g\/\" \/>\n<meta property=\"og:site_name\" content=\"IDA.KOREA\" \/>\n<meta property=\"article:modified_time\" content=\"2026-04-13T18:27:23+00:00\" \/>\n<meta property=\"og:image\" content=\"https:\/\/idakorea.ee\/wp-content\/uploads\/2024\/07\/product_2680_0_image-600x600-1.png\" \/>\n\t<meta property=\"og:image:width\" content=\"600\" \/>\n\t<meta property=\"og:image:height\" content=\"610\" \/>\n\t<meta property=\"og:image:type\" content=\"image\/png\" \/>\n<meta name=\"twitter:card\" content=\"summary_large_image\" \/>\n<meta name=\"twitter:label1\" content=\"Arvioitu lukuaika\" \/>\n\t<meta name=\"twitter:data1\" content=\"1 minuutti\" \/>\n<script type=\"application\/ld+json\" class=\"yoast-schema-graph\">{\"@context\":\"https:\/\/schema.org\",\"@graph\":[{\"@type\":\"WebPage\",\"@id\":\"https:\/\/idakorea.ee\/product\/hambapasta-median-dental-iq-93-white-120g\/\",\"url\":\"https:\/\/idakorea.ee\/product\/hambapasta-median-dental-iq-93-white-120g\/\",\"name\":\"Median Dental IQ 93% White, 120g\",\"isPartOf\":{\"@id\":\"https:\/\/idakorea.ee\/#website\"},\"primaryImageOfPage\":{\"@id\":\"https:\/\/idakorea.ee\/product\/hambapasta-median-dental-iq-93-white-120g\/#primaryimage\"},\"image\":{\"@id\":\"https:\/\/idakorea.ee\/product\/hambapasta-median-dental-iq-93-white-120g\/#primaryimage\"},\"thumbnailUrl\":\"https:\/\/idakorea.ee\/wp-content\/uploads\/2024\/07\/product_2680_0_image-600x600-1.png\",\"datePublished\":\"2024-07-16T10:02:09+00:00\",\"dateModified\":\"2026-04-13T18:27:23+00:00\",\"description\":\"Median Dental IQ 93% White \u2013 professionaalne Korea valgendav hambapasta. - Tasuta tarne Eesti piires al. 48\u20ac, L\u00e4ti ja Leedu al. 55\u20ac, Soome al. 85\u20ac\",\"breadcrumb\":{\"@id\":\"https:\/\/idakorea.ee\/product\/hambapasta-median-dental-iq-93-white-120g\/#breadcrumb\"},\"inLanguage\":\"fi\",\"potentialAction\":[{\"@type\":\"ReadAction\",\"target\":[\"https:\/\/idakorea.ee\/product\/hambapasta-median-dental-iq-93-white-120g\/\"]}]},{\"@type\":\"ImageObject\",\"inLanguage\":\"fi\",\"@id\":\"https:\/\/idakorea.ee\/product\/hambapasta-median-dental-iq-93-white-120g\/#primaryimage\",\"url\":\"https:\/\/idakorea.ee\/wp-content\/uploads\/2024\/07\/product_2680_0_image-600x600-1.png\",\"contentUrl\":\"https:\/\/idakorea.ee\/wp-content\/uploads\/2024\/07\/product_2680_0_image-600x600-1.png\",\"width\":600,\"height\":610},{\"@type\":\"BreadcrumbList\",\"@id\":\"https:\/\/idakorea.ee\/product\/hambapasta-median-dental-iq-93-white-120g\/#breadcrumb\",\"itemListElement\":[{\"@type\":\"ListItem\",\"position\":1,\"name\":\"\u0413\u043b\u0430\u0432\u043d\u0430\u044f \u0441\u0442\u0440\u0430\u043d\u0438\u0446\u0430\",\"item\":\"https:\/\/idakorea.ee\/\"},{\"@type\":\"ListItem\",\"position\":2,\"name\":\"Shop\",\"item\":\"https:\/\/idakorea.ee\/shop-2\/\"},{\"@type\":\"ListItem\",\"position\":3,\"name\":\"Hambapasta Median Dental IQ 93% White, 120g\"}]},{\"@type\":\"WebSite\",\"@id\":\"https:\/\/idakorea.ee\/#website\",\"url\":\"https:\/\/idakorea.ee\/\",\"name\":\"IDA.KOREA\",\"description\":\"Korea kosmeetika e-pood\",\"publisher\":{\"@id\":\"https:\/\/idakorea.ee\/#organization\"},\"alternateName\":\"Beauty Shop\",\"potentialAction\":[{\"@type\":\"SearchAction\",\"target\":{\"@type\":\"EntryPoint\",\"urlTemplate\":\"https:\/\/idakorea.ee\/?s={search_term_string}\"},\"query-input\":{\"@type\":\"PropertyValueSpecification\",\"valueRequired\":true,\"valueName\":\"search_term_string\"}}],\"inLanguage\":\"fi\"},{\"@type\":\"Organization\",\"@id\":\"https:\/\/idakorea.ee\/#organization\",\"name\":\"IDA.KOREA\",\"url\":\"https:\/\/idakorea.ee\/\",\"logo\":{\"@type\":\"ImageObject\",\"inLanguage\":\"fi\",\"@id\":\"https:\/\/idakorea.ee\/#\/schema\/logo\/image\/\",\"url\":\"https:\/\/idakorea.ee\/wp-content\/uploads\/2024\/05\/cropped-korea3.png\",\"contentUrl\":\"https:\/\/idakorea.ee\/wp-content\/uploads\/2024\/05\/cropped-korea3.png\",\"width\":688,\"height\":126,\"caption\":\"IDA.KOREA\"},\"image\":{\"@id\":\"https:\/\/idakorea.ee\/#\/schema\/logo\/image\/\"},\"sameAs\":[\"https:\/\/www.instagram.com\/ida.korea\/\"]}]}<\/script>\n<!-- \/ Yoast SEO plugin. -->","yoast_head_json":{"title":"Median Dental IQ 93% Valkoinen, 120 g","description":"Median Dental IQ 93% White \u2013 ammattimainen korealainen valkaiseva hammastahna. - Ilmainen toimitus Virossa alkaen 48 \u20ac, Latviassa ja Liettuassa alkaen 55 \u20ac, Suomessa alkaen 85 \u20ac","robots":{"index":"index","follow":"follow","max-snippet":"max-snippet:-1","max-image-preview":"max-image-preview:large","max-video-preview":"max-video-preview:-1"},"canonical":"https:\/\/idakorea.ee\/fi\/product\/hambapasta-median-dental-iq-93-white-120g\/","og_locale":"fi_FI","og_type":"article","og_title":"Median Dental IQ 93% White, 120g","og_description":"Median Dental IQ 93% White \u2013 professionaalne Korea valgendav hambapasta. - Tasuta tarne Eesti piires al. 48\u20ac, L\u00e4ti ja Leedu al. 55\u20ac, Soome al. 85\u20ac","og_url":"https:\/\/idakorea.ee\/fi\/product\/hambapasta-median-dental-iq-93-white-120g\/","og_site_name":"IDA.KOREA","article_modified_time":"2026-04-13T18:27:23+00:00","og_image":[{"width":600,"height":610,"url":"https:\/\/idakorea.ee\/wp-content\/uploads\/2024\/07\/product_2680_0_image-600x600-1.png","type":"image\/png"}],"twitter_card":"summary_large_image","twitter_misc":{"Arvioitu lukuaika":"1 minuutti"},"schema":{"@context":"https:\/\/schema.org","@graph":[{"@type":"WebPage","@id":"https:\/\/idakorea.ee\/product\/hambapasta-median-dental-iq-93-white-120g\/","url":"https:\/\/idakorea.ee\/product\/hambapasta-median-dental-iq-93-white-120g\/","name":"Median Dental IQ 93% Valkoinen, 120 g","isPartOf":{"@id":"https:\/\/idakorea.ee\/#website"},"primaryImageOfPage":{"@id":"https:\/\/idakorea.ee\/product\/hambapasta-median-dental-iq-93-white-120g\/#primaryimage"},"image":{"@id":"https:\/\/idakorea.ee\/product\/hambapasta-median-dental-iq-93-white-120g\/#primaryimage"},"thumbnailUrl":"https:\/\/idakorea.ee\/wp-content\/uploads\/2024\/07\/product_2680_0_image-600x600-1.png","datePublished":"2024-07-16T10:02:09+00:00","dateModified":"2026-04-13T18:27:23+00:00","description":"Median Dental IQ 93% White \u2013 ammattimainen korealainen valkaiseva hammastahna. - Ilmainen toimitus Virossa alkaen 48 \u20ac, Latviassa ja Liettuassa alkaen 55 \u20ac, Suomessa alkaen 85 \u20ac","breadcrumb":{"@id":"https:\/\/idakorea.ee\/product\/hambapasta-median-dental-iq-93-white-120g\/#breadcrumb"},"inLanguage":"fi","potentialAction":[{"@type":"ReadAction","target":["https:\/\/idakorea.ee\/product\/hambapasta-median-dental-iq-93-white-120g\/"]}]},{"@type":"ImageObject","inLanguage":"fi","@id":"https:\/\/idakorea.ee\/product\/hambapasta-median-dental-iq-93-white-120g\/#primaryimage","url":"https:\/\/idakorea.ee\/wp-content\/uploads\/2024\/07\/product_2680_0_image-600x600-1.png","contentUrl":"https:\/\/idakorea.ee\/wp-content\/uploads\/2024\/07\/product_2680_0_image-600x600-1.png","width":600,"height":610},{"@type":"BreadcrumbList","@id":"https:\/\/idakorea.ee\/product\/hambapasta-median-dental-iq-93-white-120g\/#breadcrumb","itemListElement":[{"@type":"ListItem","position":1,"name":"\u0413\u043b\u0430\u0432\u043d\u0430\u044f \u0441\u0442\u0440\u0430\u043d\u0438\u0446\u0430","item":"https:\/\/idakorea.ee\/"},{"@type":"ListItem","position":2,"name":"Shop","item":"https:\/\/idakorea.ee\/shop-2\/"},{"@type":"ListItem","position":3,"name":"Hambapasta Median Dental IQ 93% White, 120g"}]},{"@type":"WebSite","@id":"https:\/\/idakorea.ee\/#website","url":"https:\/\/idakorea.ee\/","name":"IDA.KOREA","description":"Korean kosmetiikan verkkokauppa","publisher":{"@id":"https:\/\/idakorea.ee\/#organization"},"alternateName":"Beauty Shop","potentialAction":[{"@type":"SearchAction","target":{"@type":"EntryPoint","urlTemplate":"https:\/\/idakorea.ee\/?s={search_term_string}"},"query-input":{"@type":"PropertyValueSpecification","valueRequired":true,"valueName":"search_term_string"}}],"inLanguage":"fi"},{"@type":"Organization","@id":"https:\/\/idakorea.ee\/#organization","name":"IDA.KOREA","url":"https:\/\/idakorea.ee\/","logo":{"@type":"ImageObject","inLanguage":"fi","@id":"https:\/\/idakorea.ee\/#\/schema\/logo\/image\/","url":"https:\/\/idakorea.ee\/wp-content\/uploads\/2024\/05\/cropped-korea3.png","contentUrl":"https:\/\/idakorea.ee\/wp-content\/uploads\/2024\/05\/cropped-korea3.png","width":688,"height":126,"caption":"IDA.KOREA"},"image":{"@id":"https:\/\/idakorea.ee\/#\/schema\/logo\/image\/"},"sameAs":["https:\/\/www.instagram.com\/ida.korea\/"]}]}},"jetpack_sharing_enabled":true,"brands":[{"id":539,"name":"MEDIA","slug":"median"}],"_links":{"self":[{"href":"https:\/\/idakorea.ee\/fi\/wp-json\/wp\/v2\/product\/9492","targetHints":{"allow":["GET"]}}],"collection":[{"href":"https:\/\/idakorea.ee\/fi\/wp-json\/wp\/v2\/product"}],"about":[{"href":"https:\/\/idakorea.ee\/fi\/wp-json\/wp\/v2\/types\/product"}],"replies":[{"embeddable":true,"href":"https:\/\/idakorea.ee\/fi\/wp-json\/wp\/v2\/comments?post=9492"}],"version-history":[{"count":3,"href":"https:\/\/idakorea.ee\/fi\/wp-json\/wp\/v2\/product\/9492\/revisions"}],"predecessor-version":[{"id":17521,"href":"https:\/\/idakorea.ee\/fi\/wp-json\/wp\/v2\/product\/9492\/revisions\/17521"}],"wp:featuredmedia":[{"embeddable":true,"href":"https:\/\/idakorea.ee\/fi\/wp-json\/wp\/v2\/media\/9493"}],"wp:attachment":[{"href":"https:\/\/idakorea.ee\/fi\/wp-json\/wp\/v2\/media?parent=9492"}],"wp:term":[{"taxonomy":"pwb-brand","embeddable":true,"href":"https:\/\/idakorea.ee\/fi\/wp-json\/wp\/v2\/pwb-brand?post=9492"},{"taxonomy":"product_brand","embeddable":true,"href":"https:\/\/idakorea.ee\/fi\/wp-json\/wp\/v2\/product_brand?post=9492"},{"taxonomy":"product_cat","embeddable":true,"href":"https:\/\/idakorea.ee\/fi\/wp-json\/wp\/v2\/product_cat?post=9492"},{"taxonomy":"product_tag","embeddable":true,"href":"https:\/\/idakorea.ee\/fi\/wp-json\/wp\/v2\/product_tag?post=9492"}],"curies":[{"name":"wp","href":"https:\/\/api.w.org\/{rel}","templated":true}]}}