{"id":9496,"date":"2024-07-16T13:25:52","date_gmt":"2024-07-16T10:25:52","guid":{"rendered":"https:\/\/idakorea.ee\/?post_type=product&#038;p=9496"},"modified":"2026-04-06T21:14:26","modified_gmt":"2026-04-06T19:14:26","slug":"hambapasta-median-dental-iq-93-prevent-gingivitis-120g","status":"publish","type":"product","link":"https:\/\/idakorea.ee\/fi\/product\/hambapasta-median-dental-iq-93-prevent-gingivitis-120g\/","title":{"rendered":"Hammastahna Median Dental IQ 93% Prevent Gingivitis, 120g"},"content":{"rendered":"<p>Hammastahna ientulehduksen ehk\u00e4isyyn <b>Median Dental IQ 93% Ehk\u00e4ise ientulehdus<\/b><\/p>\n<p>Ammattik\u00e4ytt\u00f6\u00f6n tarkoitettu hammastahna, jonka pehme\u00e4 koostumus suojaa tehokkaasti ikeni\u00e4 verenvuodolta ja tulehdukselta, ravitsee hammasv\u00e4li\u00e4 kivenn\u00e4isaineilla ja est\u00e4\u00e4 plakkia aiheuttavien bakteerien lis\u00e4\u00e4ntymist\u00e4.<\/p>\n<p>Ikenien suojaamiseksi tahna sis\u00e4lt\u00e4\u00e4 vihre\u00e4n teen ja piparminttuuutteita, jotka tunnetaan vahvoista tulehdusta ehk\u00e4isevist\u00e4 ja antioksidanttisista ominaisuuksistaan.<\/p>\n<p>Tahna on v\u00e4h\u00e4n hankaava, mink\u00e4 ansiosta sit\u00e4 voivat k\u00e4ytt\u00e4\u00e4 henkil\u00f6t, joilla on herk\u00e4t hampaat ja kiilteen vikoja. Raikastaa tehokkaasti hengityst\u00e4. Tulehdusta v\u00e4hent\u00e4v\u00e4 indeksi on 71%.<\/p>\n<ul>\n<li>Soveltuu s\u00e4\u00e4nn\u00f6lliseen hygieniahoitoon<\/li>\n<li>Suojaa ikeni\u00e4 verenvuodolta ja tulehdukselta.<\/li>\n<li>Ravitsee hammaskuoppaa mineraaleilla<\/li>\n<li>Ehk\u00e4isee hammasplakkia aiheuttavien bakteerien lis\u00e4\u00e4ntymist\u00e4.<\/li>\n<\/ul>","protected":false},"excerpt":{"rendered":"<p>Ientulehdus Prevent Gingivitis Hammastahna Median Dental IQ 93% Prevent Gingivitis Ammattik\u00e4ytt\u00f6\u00f6n tarkoitettu hammastahna, jonka pehme\u00e4 koostumus suojaa tehokkaasti ikeni\u00e4 verenvuodolta ja tulehdukselta, ravitsee hammasv\u00e4li\u00e4 kivenn\u00e4isaineilla ja est\u00e4\u00e4 plakkia aiheuttavien bakteerien lis\u00e4\u00e4ntymist\u00e4. Vihre\u00e4n teen ja piparminttuuutteet, jotka tunnetaan voimakkaista tulehdusta ehk\u00e4isevist\u00e4 ja antioksidanttisista ominaisuuksistaan, suojaavat ikeni\u00e4. ...<\/p>","protected":false},"featured_media":9497,"comment_status":"open","ping_status":"closed","template":"","meta":{"_uf_show_specific_survey":0,"_uf_disable_surveys":false,"_bst_post_transparent":"default","_bst_post_title":"","_bst_post_layout":"default","_bst_post_sidebar_id":"","_bst_post_content_style":"default","_bst_post_vertical_padding":"default","_bst_post_feature":"","_bst_post_feature_position":"","_bst_post_header":false,"_bst_post_footer":false},"pwb-brand":[539],"product_brand":[],"product_cat":[371],"product_tag":[233,377,541,202,465,525,542],"class_list":{"0":"post-9496","1":"product","2":"type-product","3":"status-publish","4":"has-post-thumbnail","6":"pwb-brand-median","7":"product_cat-suuhugieen","8":"product_tag-internet-pood-eesti","9":"product_tag-k-beauty-2","10":"product_tag-korea-hambapasta","11":"product_tag-korea-kosmeetika","12":"product_tag-korea-lux","13":"product_tag-korean-health","14":"product_tag-median","16":"first","17":"instock","18":"sale","19":"shipping-taxable","20":"purchasable","21":"product-type-simple","22":"entry","23":"content-bg","24":"loop-entry"},"supplier_id":null,"supplier_sku":"","barcode":null,"atum_controlled":true,"out_stock_date":null,"out_stock_threshold":null,"inheritable":false,"inbound_stock":0,"stock_on_hold":0,"sold_today":0,"sales_last_days":6,"out_stock_days":0,"lost_sales":0,"has_location":false,"update_date":"2026-04-14T00:05:12","atum_locations":[],"atum_stock_status":"instock","restock_status":false,"low_stock_amount":"","sales_update_date":"2026-04-14T00:05:12","calc_backorders":null,"yoast_head":"<!-- This site is optimized with the Yoast SEO plugin v27.2 - https:\/\/yoast.com\/product\/yoast-seo-wordpress\/ -->\n<title>Median Dental IQ 93% Prevent Gingivitis<\/title>\n<meta name=\"description\" content=\"Professionaalne hambapasta, millel on pehme koostis, kaitseb t\u00f5husalt igemeid veritsuse ja p\u00f5letiku eest, toidab hambavaapa mineraalidega, kiire tarne!\" \/>\n<meta name=\"robots\" content=\"index, follow, max-snippet:-1, max-image-preview:large, max-video-preview:-1\" \/>\n<link rel=\"canonical\" href=\"https:\/\/idakorea.ee\/fi\/product\/hambapasta-median-dental-iq-93-prevent-gingivitis-120g\/\" \/>\n<meta property=\"og:locale\" content=\"fi_FI\" \/>\n<meta property=\"og:type\" content=\"article\" \/>\n<meta property=\"og:title\" content=\"Median Dental IQ 93% Prevent Gingivitis\" \/>\n<meta property=\"og:description\" content=\"Professionaalne hambapasta, millel on pehme koostis, kaitseb t\u00f5husalt igemeid veritsuse ja p\u00f5letiku eest, toidab hambavaapa mineraalidega, kiire tarne!\" \/>\n<meta property=\"og:url\" content=\"https:\/\/idakorea.ee\/fi\/product\/hambapasta-median-dental-iq-93-prevent-gingivitis-120g\/\" \/>\n<meta property=\"og:site_name\" content=\"IDA.KOREA\" \/>\n<meta property=\"article:modified_time\" content=\"2026-04-06T19:14:26+00:00\" \/>\n<meta property=\"og:image\" content=\"https:\/\/idakorea.ee\/wp-content\/uploads\/2024\/07\/med.jpg\" \/>\n\t<meta property=\"og:image:width\" content=\"650\" \/>\n\t<meta property=\"og:image:height\" content=\"650\" \/>\n\t<meta property=\"og:image:type\" content=\"image\/jpeg\" \/>\n<meta name=\"twitter:card\" content=\"summary_large_image\" \/>\n<meta name=\"twitter:label1\" content=\"Arvioitu lukuaika\" \/>\n\t<meta name=\"twitter:data1\" content=\"1 minuutti\" \/>\n<script type=\"application\/ld+json\" class=\"yoast-schema-graph\">{\"@context\":\"https:\/\/schema.org\",\"@graph\":[{\"@type\":\"WebPage\",\"@id\":\"https:\/\/idakorea.ee\/product\/hambapasta-median-dental-iq-93-prevent-gingivitis-120g\/\",\"url\":\"https:\/\/idakorea.ee\/product\/hambapasta-median-dental-iq-93-prevent-gingivitis-120g\/\",\"name\":\"Median Dental IQ 93% Prevent Gingivitis\",\"isPartOf\":{\"@id\":\"https:\/\/idakorea.ee\/#website\"},\"primaryImageOfPage\":{\"@id\":\"https:\/\/idakorea.ee\/product\/hambapasta-median-dental-iq-93-prevent-gingivitis-120g\/#primaryimage\"},\"image\":{\"@id\":\"https:\/\/idakorea.ee\/product\/hambapasta-median-dental-iq-93-prevent-gingivitis-120g\/#primaryimage\"},\"thumbnailUrl\":\"https:\/\/idakorea.ee\/wp-content\/uploads\/2024\/07\/med.jpg\",\"datePublished\":\"2024-07-16T10:25:52+00:00\",\"dateModified\":\"2026-04-06T19:14:26+00:00\",\"description\":\"Professionaalne hambapasta, millel on pehme koostis, kaitseb t\u00f5husalt igemeid veritsuse ja p\u00f5letiku eest, toidab hambavaapa mineraalidega, kiire tarne!\",\"breadcrumb\":{\"@id\":\"https:\/\/idakorea.ee\/product\/hambapasta-median-dental-iq-93-prevent-gingivitis-120g\/#breadcrumb\"},\"inLanguage\":\"fi\",\"potentialAction\":[{\"@type\":\"ReadAction\",\"target\":[\"https:\/\/idakorea.ee\/product\/hambapasta-median-dental-iq-93-prevent-gingivitis-120g\/\"]}]},{\"@type\":\"ImageObject\",\"inLanguage\":\"fi\",\"@id\":\"https:\/\/idakorea.ee\/product\/hambapasta-median-dental-iq-93-prevent-gingivitis-120g\/#primaryimage\",\"url\":\"https:\/\/idakorea.ee\/wp-content\/uploads\/2024\/07\/med.jpg\",\"contentUrl\":\"https:\/\/idakorea.ee\/wp-content\/uploads\/2024\/07\/med.jpg\",\"width\":650,\"height\":650},{\"@type\":\"BreadcrumbList\",\"@id\":\"https:\/\/idakorea.ee\/product\/hambapasta-median-dental-iq-93-prevent-gingivitis-120g\/#breadcrumb\",\"itemListElement\":[{\"@type\":\"ListItem\",\"position\":1,\"name\":\"\u0413\u043b\u0430\u0432\u043d\u0430\u044f \u0441\u0442\u0440\u0430\u043d\u0438\u0446\u0430\",\"item\":\"https:\/\/idakorea.ee\/\"},{\"@type\":\"ListItem\",\"position\":2,\"name\":\"Shop\",\"item\":\"https:\/\/idakorea.ee\/shop-2\/\"},{\"@type\":\"ListItem\",\"position\":3,\"name\":\"Hambapasta Median Dental IQ 93% Prevent Gingivitis, 120g\"}]},{\"@type\":\"WebSite\",\"@id\":\"https:\/\/idakorea.ee\/#website\",\"url\":\"https:\/\/idakorea.ee\/\",\"name\":\"IDA.KOREA\",\"description\":\"Korea kosmeetika e-pood\",\"publisher\":{\"@id\":\"https:\/\/idakorea.ee\/#organization\"},\"alternateName\":\"Beauty Shop\",\"potentialAction\":[{\"@type\":\"SearchAction\",\"target\":{\"@type\":\"EntryPoint\",\"urlTemplate\":\"https:\/\/idakorea.ee\/?s={search_term_string}\"},\"query-input\":{\"@type\":\"PropertyValueSpecification\",\"valueRequired\":true,\"valueName\":\"search_term_string\"}}],\"inLanguage\":\"fi\"},{\"@type\":\"Organization\",\"@id\":\"https:\/\/idakorea.ee\/#organization\",\"name\":\"IDA.KOREA\",\"url\":\"https:\/\/idakorea.ee\/\",\"logo\":{\"@type\":\"ImageObject\",\"inLanguage\":\"fi\",\"@id\":\"https:\/\/idakorea.ee\/#\/schema\/logo\/image\/\",\"url\":\"https:\/\/idakorea.ee\/wp-content\/uploads\/2024\/05\/cropped-korea3.png\",\"contentUrl\":\"https:\/\/idakorea.ee\/wp-content\/uploads\/2024\/05\/cropped-korea3.png\",\"width\":688,\"height\":126,\"caption\":\"IDA.KOREA\"},\"image\":{\"@id\":\"https:\/\/idakorea.ee\/#\/schema\/logo\/image\/\"},\"sameAs\":[\"https:\/\/www.instagram.com\/ida.korea\/\"]}]}<\/script>\n<!-- \/ Yoast SEO plugin. -->","yoast_head_json":{"title":"Median Dental IQ 93% Ehk\u00e4ise ientulehdus","description":"Ammattimainen hammastahna pehme\u00e4ll\u00e4 koostumuksella, suojaa tehokkaasti ikeni\u00e4 verenvuodolta ja tulehdukselta, ravitsee hammaskalvoa mineraaleilla, nopea toimitus!","robots":{"index":"index","follow":"follow","max-snippet":"max-snippet:-1","max-image-preview":"max-image-preview:large","max-video-preview":"max-video-preview:-1"},"canonical":"https:\/\/idakorea.ee\/fi\/product\/hambapasta-median-dental-iq-93-prevent-gingivitis-120g\/","og_locale":"fi_FI","og_type":"article","og_title":"Median Dental IQ 93% Prevent Gingivitis","og_description":"Professionaalne hambapasta, millel on pehme koostis, kaitseb t\u00f5husalt igemeid veritsuse ja p\u00f5letiku eest, toidab hambavaapa mineraalidega, kiire tarne!","og_url":"https:\/\/idakorea.ee\/fi\/product\/hambapasta-median-dental-iq-93-prevent-gingivitis-120g\/","og_site_name":"IDA.KOREA","article_modified_time":"2026-04-06T19:14:26+00:00","og_image":[{"width":650,"height":650,"url":"https:\/\/idakorea.ee\/wp-content\/uploads\/2024\/07\/med.jpg","type":"image\/jpeg"}],"twitter_card":"summary_large_image","twitter_misc":{"Arvioitu lukuaika":"1 minuutti"},"schema":{"@context":"https:\/\/schema.org","@graph":[{"@type":"WebPage","@id":"https:\/\/idakorea.ee\/product\/hambapasta-median-dental-iq-93-prevent-gingivitis-120g\/","url":"https:\/\/idakorea.ee\/product\/hambapasta-median-dental-iq-93-prevent-gingivitis-120g\/","name":"Median Dental IQ 93% Ehk\u00e4ise ientulehdus","isPartOf":{"@id":"https:\/\/idakorea.ee\/#website"},"primaryImageOfPage":{"@id":"https:\/\/idakorea.ee\/product\/hambapasta-median-dental-iq-93-prevent-gingivitis-120g\/#primaryimage"},"image":{"@id":"https:\/\/idakorea.ee\/product\/hambapasta-median-dental-iq-93-prevent-gingivitis-120g\/#primaryimage"},"thumbnailUrl":"https:\/\/idakorea.ee\/wp-content\/uploads\/2024\/07\/med.jpg","datePublished":"2024-07-16T10:25:52+00:00","dateModified":"2026-04-06T19:14:26+00:00","description":"Ammattimainen hammastahna pehme\u00e4ll\u00e4 koostumuksella, suojaa tehokkaasti ikeni\u00e4 verenvuodolta ja tulehdukselta, ravitsee hammaskalvoa mineraaleilla, nopea toimitus!","breadcrumb":{"@id":"https:\/\/idakorea.ee\/product\/hambapasta-median-dental-iq-93-prevent-gingivitis-120g\/#breadcrumb"},"inLanguage":"fi","potentialAction":[{"@type":"ReadAction","target":["https:\/\/idakorea.ee\/product\/hambapasta-median-dental-iq-93-prevent-gingivitis-120g\/"]}]},{"@type":"ImageObject","inLanguage":"fi","@id":"https:\/\/idakorea.ee\/product\/hambapasta-median-dental-iq-93-prevent-gingivitis-120g\/#primaryimage","url":"https:\/\/idakorea.ee\/wp-content\/uploads\/2024\/07\/med.jpg","contentUrl":"https:\/\/idakorea.ee\/wp-content\/uploads\/2024\/07\/med.jpg","width":650,"height":650},{"@type":"BreadcrumbList","@id":"https:\/\/idakorea.ee\/product\/hambapasta-median-dental-iq-93-prevent-gingivitis-120g\/#breadcrumb","itemListElement":[{"@type":"ListItem","position":1,"name":"\u0413\u043b\u0430\u0432\u043d\u0430\u044f \u0441\u0442\u0440\u0430\u043d\u0438\u0446\u0430","item":"https:\/\/idakorea.ee\/"},{"@type":"ListItem","position":2,"name":"Shop","item":"https:\/\/idakorea.ee\/shop-2\/"},{"@type":"ListItem","position":3,"name":"Hambapasta Median Dental IQ 93% Prevent Gingivitis, 120g"}]},{"@type":"WebSite","@id":"https:\/\/idakorea.ee\/#website","url":"https:\/\/idakorea.ee\/","name":"IDA.KOREA","description":"Korean kosmetiikan verkkokauppa","publisher":{"@id":"https:\/\/idakorea.ee\/#organization"},"alternateName":"Beauty Shop","potentialAction":[{"@type":"SearchAction","target":{"@type":"EntryPoint","urlTemplate":"https:\/\/idakorea.ee\/?s={search_term_string}"},"query-input":{"@type":"PropertyValueSpecification","valueRequired":true,"valueName":"search_term_string"}}],"inLanguage":"fi"},{"@type":"Organization","@id":"https:\/\/idakorea.ee\/#organization","name":"IDA.KOREA","url":"https:\/\/idakorea.ee\/","logo":{"@type":"ImageObject","inLanguage":"fi","@id":"https:\/\/idakorea.ee\/#\/schema\/logo\/image\/","url":"https:\/\/idakorea.ee\/wp-content\/uploads\/2024\/05\/cropped-korea3.png","contentUrl":"https:\/\/idakorea.ee\/wp-content\/uploads\/2024\/05\/cropped-korea3.png","width":688,"height":126,"caption":"IDA.KOREA"},"image":{"@id":"https:\/\/idakorea.ee\/#\/schema\/logo\/image\/"},"sameAs":["https:\/\/www.instagram.com\/ida.korea\/"]}]}},"jetpack_sharing_enabled":true,"brands":[{"id":539,"name":"MEDIA","slug":"median"}],"_links":{"self":[{"href":"https:\/\/idakorea.ee\/fi\/wp-json\/wp\/v2\/product\/9496","targetHints":{"allow":["GET"]}}],"collection":[{"href":"https:\/\/idakorea.ee\/fi\/wp-json\/wp\/v2\/product"}],"about":[{"href":"https:\/\/idakorea.ee\/fi\/wp-json\/wp\/v2\/types\/product"}],"replies":[{"embeddable":true,"href":"https:\/\/idakorea.ee\/fi\/wp-json\/wp\/v2\/comments?post=9496"}],"version-history":[{"count":1,"href":"https:\/\/idakorea.ee\/fi\/wp-json\/wp\/v2\/product\/9496\/revisions"}],"predecessor-version":[{"id":9498,"href":"https:\/\/idakorea.ee\/fi\/wp-json\/wp\/v2\/product\/9496\/revisions\/9498"}],"wp:featuredmedia":[{"embeddable":true,"href":"https:\/\/idakorea.ee\/fi\/wp-json\/wp\/v2\/media\/9497"}],"wp:attachment":[{"href":"https:\/\/idakorea.ee\/fi\/wp-json\/wp\/v2\/media?parent=9496"}],"wp:term":[{"taxonomy":"pwb-brand","embeddable":true,"href":"https:\/\/idakorea.ee\/fi\/wp-json\/wp\/v2\/pwb-brand?post=9496"},{"taxonomy":"product_brand","embeddable":true,"href":"https:\/\/idakorea.ee\/fi\/wp-json\/wp\/v2\/product_brand?post=9496"},{"taxonomy":"product_cat","embeddable":true,"href":"https:\/\/idakorea.ee\/fi\/wp-json\/wp\/v2\/product_cat?post=9496"},{"taxonomy":"product_tag","embeddable":true,"href":"https:\/\/idakorea.ee\/fi\/wp-json\/wp\/v2\/product_tag?post=9496"}],"curies":[{"name":"wp","href":"https:\/\/api.w.org\/{rel}","templated":true}]}}