{"id":9505,"date":"2024-07-18T12:43:07","date_gmt":"2024-07-18T09:43:07","guid":{"rendered":"https:\/\/idakorea.ee\/?post_type=product&#038;p=9505"},"modified":"2026-02-03T23:02:34","modified_gmt":"2026-02-03T21:02:34","slug":"mediheal-watermide-toner-pad","status":"publish","type":"product","link":"https:\/\/idakorea.ee\/fi\/product\/mediheal-watermide-toner-pad\/","title":{"rendered":"Intensiivisesti kosteuttavat kasvovedet Mediheal Watermide Toner Pad -kasvovedet"},"content":{"rendered":"<p>Tehokkaasti kosteuttava <strong>Mediheal Watermide -kasvovesityyny<\/strong> J\u00e4\u00e4vedell\u00e4 tehdyt kasvovedet t\u00e4ydent\u00e4v\u00e4t nopeasti kasvojen pesun j\u00e4lkeen kertyneen kosteusvajeen ja normalisoivat ihon optimaalisen happotasapainon. Tuote torjuu tehokkaasti kuivuutta ja nestehukkaa, kosteuttaa runsaasti ja poistaa kirist\u00e4v\u00e4n tunteen.<\/p>\n<p>Laikuilla on liev\u00e4sti viilent\u00e4v\u00e4 vaikutus, ne lievitt\u00e4v\u00e4t v\u00e4litt\u00f6m\u00e4sti kutinaa ja punoitusta sek\u00e4 rauhoittavat \u00e4rtynytt\u00e4 ihoa.<\/p>\n<p>Tuotteen p\u00e4\u00e4komponentti on Islannista per\u00e4isin oleva eritt\u00e4in tiivistetty j\u00e4\u00e4tikk\u00f6vesi, jolla on pitk\u00e4kestoinen kosteuttava vaikutus ja kyky s\u00e4ilytt\u00e4\u00e4 kosteutta soluissa jopa 24 tuntia. T\u00e4m\u00e4n vaikuttavan ainesosan rakenne on samanlainen kuin kuusikulmaisella vedell\u00e4, mik\u00e4 on eritt\u00e4in hy\u00f6dyllinen ihon terveydelle. Sis\u00e4lt\u00e4\u00e4 mineraalikompleksin syv\u00e4kosteutukseen. J\u00e4\u00e4tikk\u00f6vedell\u00e4 on kuusikulmainen rakenne ja korkea stabiilius. T\u00e4m\u00e4 muoto edist\u00e4\u00e4 syv\u00e4\u00e4 tunkeutumista soluihin ja lis\u00e4\u00e4 vastustuskyky\u00e4. Runsaasti mineraaleja ja hy\u00f6dyllisi\u00e4 hivenaineita sis\u00e4lt\u00e4v\u00e4 aine stimuloi uusiutumis- ja palautumisprosesseja.<\/p>\n<p>Erityinen liposomiteknologia auttaa aktiivisia ainesosia tunkeutumaan syv\u00e4lle ihoon, imeytym\u00e4\u00e4n paremmin ja vaikuttamaan erityisen tehokkaasti ihoon.<\/p>\n<p><strong>Lis\u00e4komponentit:<\/strong><\/p>\n<ul>\n<li><strong>Antarktiinis (Pseudoalteromonas-fermenttiuute)<\/strong> \u2013 Etel\u00e4mantereella el\u00e4vien meribakteerien fermentoinnista saatu komponentti. Palauttaa ihoa, sill\u00e4 on tulehdusta est\u00e4v\u00e4 vaikutus, ehk\u00e4isee kuivuutta ja rauhoittaa \u00e4rsytyst\u00e4, s\u00e4\u00e4telee talin erityst\u00e4.<\/li>\n<li><strong>Natrium-PCA<\/strong> \u2013 yksi luonnollisen kosteustekij\u00e4n (NMF) osatekij\u00f6ist\u00e4, jolla on kyky toimittaa iholle ilmasta saatavaa kosteutta ja auttaa yll\u00e4pit\u00e4m\u00e4\u00e4n optimaalisia kosteustasoja.<\/li>\n<li><strong>Betaiini<\/strong> \u2013 kosteuttaa, rauhoittaa, lievitt\u00e4\u00e4 \u00e4rsytyst\u00e4, palauttaa ihon suojatoiminnot, hoitaa ja parantaa ihon ulkon\u00e4k\u00f6\u00e4.<\/li>\n<li><strong>Urea<\/strong> \u2013 yll\u00e4pit\u00e4\u00e4 luonnollista kosteustasapainoa. Sill\u00e4 on antibakteerisia, antiviraalisia ja antimikrobisia vaikutuksia. Parantaa muiden ainesosien imeytymist\u00e4.<\/li>\n<li><strong>Oliivi\u00f6ljy<\/strong> \u2013 ravitsee syv\u00e4lt\u00e4, toimittaa soluille hy\u00f6dyllisi\u00e4 mikroelementtej\u00e4, tekee ihosta silkkisen pehme\u00e4n ja silkkisen.<\/li>\n<li><strong>Passionkukkauute<\/strong> \u2013 rauhoittaa ja est\u00e4\u00e4 tulehdusprosesseja, lievitt\u00e4\u00e4 kutinaa ja sill\u00e4 on voimakkaita tulehdusta est\u00e4vi\u00e4 ominaisuuksia.<\/li>\n<\/ul>\n<p>Sopii normaalille, kuivalle ja sekaiholle.<\/p>\n<p><strong>K\u00e4ytt\u00f6opas:<\/strong> Kasvojen pesun j\u00e4lkeen pyyhi iho hell\u00e4varaisesti vanulla. Voidaan k\u00e4ytt\u00e4\u00e4 p\u00e4ivitt\u00e4in aamuin illoin. K\u00e4ytt\u00f6 paikallisena naamiona: aseta vanu halutulle alueelle, anna vaikuttaa 10\u201315 minuuttia ja poista.<\/p>","protected":false},"excerpt":{"rendered":"<p>Intensiivisesti kosteuttava Mediheal Watermide Toner Pad santelivedell\u00e4 t\u00e4ytt\u00e4\u00e4 nopeasti kasvojen pesun j\u00e4lkeisen kosteusvajeen ja normalisoi ihon optimaalisen happotasapainon. Tuote torjuu tehokkaasti kuivuutta ja kuivumista, kosteuttaa runsaasti ja poistaa nykiv\u00e4n tunteen. Tyynyill\u00e4 on mieto viilent\u00e4v\u00e4 vaikutus, joka lievitt\u00e4\u00e4 kutinaa ja punoitusta v\u00e4litt\u00f6m\u00e4sti ja rauhoittaa \u00e4rtynytt\u00e4 ihoa. Tuotteen p\u00e4\u00e4ainesosa on korkea pitoisuus Islannista per\u00e4isin olevaa j\u00e4\u00e4tikk\u00f6vett\u00e4, jolla on pitk\u00e4kestoinen kosteuttava...<\/p>","protected":false},"featured_media":9506,"comment_status":"open","ping_status":"closed","template":"","meta":{"_uf_show_specific_survey":0,"_uf_disable_surveys":false,"_bst_post_transparent":"default","_bst_post_title":"","_bst_post_layout":"default","_bst_post_sidebar_id":"","_bst_post_content_style":"default","_bst_post_vertical_padding":"default","_bst_post_feature":"","_bst_post_feature_position":"","_bst_post_header":false,"_bst_post_footer":false},"pwb-brand":[446],"product_brand":[],"product_cat":[158],"product_tag":[518,233,202,465,246,525,447,509,543,538],"class_list":{"0":"post-9505","1":"product","2":"type-product","3":"status-publish","4":"has-post-thumbnail","6":"pwb-brand-mediheal","7":"product_cat-toonik","8":"product_tag-enough-collagen","9":"product_tag-internet-pood-eesti","10":"product_tag-korea-kosmeetika","11":"product_tag-korea-lux","12":"product_tag-korea-naomaskid","13":"product_tag-korean-health","14":"product_tag-mediheal","15":"product_tag-tiktok","16":"product_tag-trend","17":"product_tag-viral","19":"first","20":"outofstock","21":"sale","22":"shipping-taxable","23":"purchasable","24":"product-type-simple","25":"entry","26":"content-bg","27":"loop-entry"},"supplier_id":null,"supplier_sku":"","barcode":null,"atum_controlled":true,"out_stock_date":"2026-02-03 23:02:34","out_stock_threshold":null,"inheritable":false,"inbound_stock":0,"stock_on_hold":0,"sold_today":0,"sales_last_days":0,"out_stock_days":69,"lost_sales":383,"has_location":false,"update_date":"2026-04-14T00:05:08","atum_locations":[],"atum_stock_status":"outofstock","restock_status":false,"low_stock_amount":"","sales_update_date":"2026-04-14T00:05:08","calc_backorders":null,"yoast_head":"<!-- This site is optimized with the Yoast SEO plugin v27.2 - https:\/\/yoast.com\/product\/yoast-seo-wordpress\/ -->\n<title>Intensiivselt niisutavad toonikpadjad Mediheal Watermide Toner Pad - IDA.KOREA<\/title>\n<meta name=\"description\" content=\"Intensiivselt niisutavad Mediheal Watermide Toner Pad toonikupadjad liustikuveega t\u00e4idavad kiiresti niiskuse puuduj\u00e4\u00e4gi p\u00e4rast n\u00e4opesu. Kiire tarne!\" \/>\n<meta name=\"robots\" content=\"index, follow, max-snippet:-1, max-image-preview:large, max-video-preview:-1\" \/>\n<link rel=\"canonical\" href=\"https:\/\/idakorea.ee\/fi\/product\/mediheal-watermide-toner-pad\/\" \/>\n<meta property=\"og:locale\" content=\"fi_FI\" \/>\n<meta property=\"og:type\" content=\"article\" \/>\n<meta property=\"og:title\" content=\"Intensiivselt niisutavad toonikpadjad Mediheal Watermide Toner Pad - IDA.KOREA\" \/>\n<meta property=\"og:description\" content=\"Intensiivselt niisutavad Mediheal Watermide Toner Pad toonikupadjad liustikuveega t\u00e4idavad kiiresti niiskuse puuduj\u00e4\u00e4gi p\u00e4rast n\u00e4opesu. Kiire tarne!\" \/>\n<meta property=\"og:url\" content=\"https:\/\/idakorea.ee\/fi\/product\/mediheal-watermide-toner-pad\/\" \/>\n<meta property=\"og:site_name\" content=\"IDA.KOREA\" \/>\n<meta property=\"article:modified_time\" content=\"2026-02-03T21:02:34+00:00\" \/>\n<meta property=\"og:image\" content=\"https:\/\/idakorea.ee\/wp-content\/uploads\/2024\/07\/watermide-_1_.png\" \/>\n\t<meta property=\"og:image:width\" content=\"1000\" \/>\n\t<meta property=\"og:image:height\" content=\"1000\" \/>\n\t<meta property=\"og:image:type\" content=\"image\/png\" \/>\n<meta name=\"twitter:card\" content=\"summary_large_image\" \/>\n<meta name=\"twitter:label1\" content=\"Arvioitu lukuaika\" \/>\n\t<meta name=\"twitter:data1\" content=\"2 minuuttia\" \/>\n<script type=\"application\/ld+json\" class=\"yoast-schema-graph\">{\"@context\":\"https:\/\/schema.org\",\"@graph\":[{\"@type\":\"WebPage\",\"@id\":\"https:\/\/idakorea.ee\/product\/mediheal-watermide-toner-pad\/\",\"url\":\"https:\/\/idakorea.ee\/product\/mediheal-watermide-toner-pad\/\",\"name\":\"Intensiivselt niisutavad toonikpadjad Mediheal Watermide Toner Pad - IDA.KOREA\",\"isPartOf\":{\"@id\":\"https:\/\/idakorea.ee\/#website\"},\"primaryImageOfPage\":{\"@id\":\"https:\/\/idakorea.ee\/product\/mediheal-watermide-toner-pad\/#primaryimage\"},\"image\":{\"@id\":\"https:\/\/idakorea.ee\/product\/mediheal-watermide-toner-pad\/#primaryimage\"},\"thumbnailUrl\":\"https:\/\/idakorea.ee\/wp-content\/uploads\/2024\/07\/watermide-_1_.png\",\"datePublished\":\"2024-07-18T09:43:07+00:00\",\"dateModified\":\"2026-02-03T21:02:34+00:00\",\"description\":\"Intensiivselt niisutavad Mediheal Watermide Toner Pad toonikupadjad liustikuveega t\u00e4idavad kiiresti niiskuse puuduj\u00e4\u00e4gi p\u00e4rast n\u00e4opesu. Kiire tarne!\",\"breadcrumb\":{\"@id\":\"https:\/\/idakorea.ee\/product\/mediheal-watermide-toner-pad\/#breadcrumb\"},\"inLanguage\":\"fi\",\"potentialAction\":[{\"@type\":\"ReadAction\",\"target\":[\"https:\/\/idakorea.ee\/product\/mediheal-watermide-toner-pad\/\"]}]},{\"@type\":\"ImageObject\",\"inLanguage\":\"fi\",\"@id\":\"https:\/\/idakorea.ee\/product\/mediheal-watermide-toner-pad\/#primaryimage\",\"url\":\"https:\/\/idakorea.ee\/wp-content\/uploads\/2024\/07\/watermide-_1_.png\",\"contentUrl\":\"https:\/\/idakorea.ee\/wp-content\/uploads\/2024\/07\/watermide-_1_.png\",\"width\":1000,\"height\":1000},{\"@type\":\"BreadcrumbList\",\"@id\":\"https:\/\/idakorea.ee\/product\/mediheal-watermide-toner-pad\/#breadcrumb\",\"itemListElement\":[{\"@type\":\"ListItem\",\"position\":1,\"name\":\"\u0413\u043b\u0430\u0432\u043d\u0430\u044f \u0441\u0442\u0440\u0430\u043d\u0438\u0446\u0430\",\"item\":\"https:\/\/idakorea.ee\/\"},{\"@type\":\"ListItem\",\"position\":2,\"name\":\"Shop\",\"item\":\"https:\/\/idakorea.ee\/shop-2\/\"},{\"@type\":\"ListItem\",\"position\":3,\"name\":\"Intensiivselt niisutavad toonikpadjad Mediheal Watermide Toner Pad\"}]},{\"@type\":\"WebSite\",\"@id\":\"https:\/\/idakorea.ee\/#website\",\"url\":\"https:\/\/idakorea.ee\/\",\"name\":\"IDA.KOREA\",\"description\":\"Korea kosmeetika e-pood\",\"publisher\":{\"@id\":\"https:\/\/idakorea.ee\/#organization\"},\"alternateName\":\"Beauty Shop\",\"potentialAction\":[{\"@type\":\"SearchAction\",\"target\":{\"@type\":\"EntryPoint\",\"urlTemplate\":\"https:\/\/idakorea.ee\/?s={search_term_string}\"},\"query-input\":{\"@type\":\"PropertyValueSpecification\",\"valueRequired\":true,\"valueName\":\"search_term_string\"}}],\"inLanguage\":\"fi\"},{\"@type\":\"Organization\",\"@id\":\"https:\/\/idakorea.ee\/#organization\",\"name\":\"IDA.KOREA\",\"url\":\"https:\/\/idakorea.ee\/\",\"logo\":{\"@type\":\"ImageObject\",\"inLanguage\":\"fi\",\"@id\":\"https:\/\/idakorea.ee\/#\/schema\/logo\/image\/\",\"url\":\"https:\/\/idakorea.ee\/wp-content\/uploads\/2024\/05\/cropped-korea3.png\",\"contentUrl\":\"https:\/\/idakorea.ee\/wp-content\/uploads\/2024\/05\/cropped-korea3.png\",\"width\":688,\"height\":126,\"caption\":\"IDA.KOREA\"},\"image\":{\"@id\":\"https:\/\/idakorea.ee\/#\/schema\/logo\/image\/\"},\"sameAs\":[\"https:\/\/www.instagram.com\/ida.korea\/\"]}]}<\/script>\n<!-- \/ Yoast SEO plugin. -->","yoast_head_json":{"title":"Tehokkaasti kosteuttavat kasvovesityynyt Mediheal Watermide Toner Pad - IDA.KOREA","description":"Tehokkaasti kosteuttavat Mediheal Watermide -kasvovesilaput j\u00e4\u00e4kylm\u00e4ll\u00e4 vedell\u00e4 palauttavat nopeasti kasvojen pesun j\u00e4lkeen menetetyn kosteuden. Nopea toimitus!","robots":{"index":"index","follow":"follow","max-snippet":"max-snippet:-1","max-image-preview":"max-image-preview:large","max-video-preview":"max-video-preview:-1"},"canonical":"https:\/\/idakorea.ee\/fi\/product\/mediheal-watermide-toner-pad\/","og_locale":"fi_FI","og_type":"article","og_title":"Intensiivselt niisutavad toonikpadjad Mediheal Watermide Toner Pad - IDA.KOREA","og_description":"Intensiivselt niisutavad Mediheal Watermide Toner Pad toonikupadjad liustikuveega t\u00e4idavad kiiresti niiskuse puuduj\u00e4\u00e4gi p\u00e4rast n\u00e4opesu. Kiire tarne!","og_url":"https:\/\/idakorea.ee\/fi\/product\/mediheal-watermide-toner-pad\/","og_site_name":"IDA.KOREA","article_modified_time":"2026-02-03T21:02:34+00:00","og_image":[{"width":1000,"height":1000,"url":"https:\/\/idakorea.ee\/wp-content\/uploads\/2024\/07\/watermide-_1_.png","type":"image\/png"}],"twitter_card":"summary_large_image","twitter_misc":{"Arvioitu lukuaika":"2 minuuttia"},"schema":{"@context":"https:\/\/schema.org","@graph":[{"@type":"WebPage","@id":"https:\/\/idakorea.ee\/product\/mediheal-watermide-toner-pad\/","url":"https:\/\/idakorea.ee\/product\/mediheal-watermide-toner-pad\/","name":"Tehokkaasti kosteuttavat kasvovesityynyt Mediheal Watermide Toner Pad - IDA.KOREA","isPartOf":{"@id":"https:\/\/idakorea.ee\/#website"},"primaryImageOfPage":{"@id":"https:\/\/idakorea.ee\/product\/mediheal-watermide-toner-pad\/#primaryimage"},"image":{"@id":"https:\/\/idakorea.ee\/product\/mediheal-watermide-toner-pad\/#primaryimage"},"thumbnailUrl":"https:\/\/idakorea.ee\/wp-content\/uploads\/2024\/07\/watermide-_1_.png","datePublished":"2024-07-18T09:43:07+00:00","dateModified":"2026-02-03T21:02:34+00:00","description":"Tehokkaasti kosteuttavat Mediheal Watermide -kasvovesilaput j\u00e4\u00e4kylm\u00e4ll\u00e4 vedell\u00e4 palauttavat nopeasti kasvojen pesun j\u00e4lkeen menetetyn kosteuden. Nopea toimitus!","breadcrumb":{"@id":"https:\/\/idakorea.ee\/product\/mediheal-watermide-toner-pad\/#breadcrumb"},"inLanguage":"fi","potentialAction":[{"@type":"ReadAction","target":["https:\/\/idakorea.ee\/product\/mediheal-watermide-toner-pad\/"]}]},{"@type":"ImageObject","inLanguage":"fi","@id":"https:\/\/idakorea.ee\/product\/mediheal-watermide-toner-pad\/#primaryimage","url":"https:\/\/idakorea.ee\/wp-content\/uploads\/2024\/07\/watermide-_1_.png","contentUrl":"https:\/\/idakorea.ee\/wp-content\/uploads\/2024\/07\/watermide-_1_.png","width":1000,"height":1000},{"@type":"BreadcrumbList","@id":"https:\/\/idakorea.ee\/product\/mediheal-watermide-toner-pad\/#breadcrumb","itemListElement":[{"@type":"ListItem","position":1,"name":"\u0413\u043b\u0430\u0432\u043d\u0430\u044f \u0441\u0442\u0440\u0430\u043d\u0438\u0446\u0430","item":"https:\/\/idakorea.ee\/"},{"@type":"ListItem","position":2,"name":"Shop","item":"https:\/\/idakorea.ee\/shop-2\/"},{"@type":"ListItem","position":3,"name":"Intensiivselt niisutavad toonikpadjad Mediheal Watermide Toner Pad"}]},{"@type":"WebSite","@id":"https:\/\/idakorea.ee\/#website","url":"https:\/\/idakorea.ee\/","name":"IDA.KOREA","description":"Korean kosmetiikan verkkokauppa","publisher":{"@id":"https:\/\/idakorea.ee\/#organization"},"alternateName":"Beauty Shop","potentialAction":[{"@type":"SearchAction","target":{"@type":"EntryPoint","urlTemplate":"https:\/\/idakorea.ee\/?s={search_term_string}"},"query-input":{"@type":"PropertyValueSpecification","valueRequired":true,"valueName":"search_term_string"}}],"inLanguage":"fi"},{"@type":"Organization","@id":"https:\/\/idakorea.ee\/#organization","name":"IDA.KOREA","url":"https:\/\/idakorea.ee\/","logo":{"@type":"ImageObject","inLanguage":"fi","@id":"https:\/\/idakorea.ee\/#\/schema\/logo\/image\/","url":"https:\/\/idakorea.ee\/wp-content\/uploads\/2024\/05\/cropped-korea3.png","contentUrl":"https:\/\/idakorea.ee\/wp-content\/uploads\/2024\/05\/cropped-korea3.png","width":688,"height":126,"caption":"IDA.KOREA"},"image":{"@id":"https:\/\/idakorea.ee\/#\/schema\/logo\/image\/"},"sameAs":["https:\/\/www.instagram.com\/ida.korea\/"]}]}},"jetpack_sharing_enabled":true,"brands":[{"id":446,"name":"MEDIHEAL","slug":"mediheal"}],"_links":{"self":[{"href":"https:\/\/idakorea.ee\/fi\/wp-json\/wp\/v2\/product\/9505","targetHints":{"allow":["GET"]}}],"collection":[{"href":"https:\/\/idakorea.ee\/fi\/wp-json\/wp\/v2\/product"}],"about":[{"href":"https:\/\/idakorea.ee\/fi\/wp-json\/wp\/v2\/types\/product"}],"replies":[{"embeddable":true,"href":"https:\/\/idakorea.ee\/fi\/wp-json\/wp\/v2\/comments?post=9505"}],"version-history":[{"count":1,"href":"https:\/\/idakorea.ee\/fi\/wp-json\/wp\/v2\/product\/9505\/revisions"}],"predecessor-version":[{"id":9512,"href":"https:\/\/idakorea.ee\/fi\/wp-json\/wp\/v2\/product\/9505\/revisions\/9512"}],"wp:featuredmedia":[{"embeddable":true,"href":"https:\/\/idakorea.ee\/fi\/wp-json\/wp\/v2\/media\/9506"}],"wp:attachment":[{"href":"https:\/\/idakorea.ee\/fi\/wp-json\/wp\/v2\/media?parent=9505"}],"wp:term":[{"taxonomy":"pwb-brand","embeddable":true,"href":"https:\/\/idakorea.ee\/fi\/wp-json\/wp\/v2\/pwb-brand?post=9505"},{"taxonomy":"product_brand","embeddable":true,"href":"https:\/\/idakorea.ee\/fi\/wp-json\/wp\/v2\/product_brand?post=9505"},{"taxonomy":"product_cat","embeddable":true,"href":"https:\/\/idakorea.ee\/fi\/wp-json\/wp\/v2\/product_cat?post=9505"},{"taxonomy":"product_tag","embeddable":true,"href":"https:\/\/idakorea.ee\/fi\/wp-json\/wp\/v2\/product_tag?post=9505"}],"curies":[{"name":"wp","href":"https:\/\/api.w.org\/{rel}","templated":true}]}}