{"id":9513,"date":"2024-07-18T13:28:55","date_gmt":"2024-07-18T10:28:55","guid":{"rendered":"https:\/\/idakorea.ee\/?post_type=product&#038;p=9513"},"modified":"2026-01-30T16:39:24","modified_gmt":"2026-01-30T14:39:24","slug":"puhastavad-toonikpadjad-manyo-galactomy-clearskin-pad-60tk","status":"publish","type":"product","link":"https:\/\/idakorea.ee\/fi\/product\/puhastavad-toonikpadjad-manyo-galactomy-clearskin-pad-60tk\/","title":{"rendered":"Manyo Galactomy Clearskin Clearskin Cleansing Toner Pads, 60kpl"},"content":{"rendered":"<p><strong>Manyo Galactomy Clearskin -tyyny<\/strong> Galaktomysetiini\u00e4 sis\u00e4lt\u00e4v\u00e4t puhdistuslaput kuorivat ihoa hell\u00e4varaisesti, poistavat likaa ja hilseily\u00e4, kiillottavat epidermiksen pintakerrosta ja ehk\u00e4isev\u00e4t kuivumista.<\/p>\n<p>Laipat ovat ihonhoidon ensimm\u00e4inen vaihe. Ne viimeistelev\u00e4t ihon puhdistuksen poistamalla kaikki ep\u00e4puhtaudet ja normalisoimalla kosteus- ja \u00f6ljytasapainon, poistaen kuivuutta ja kirist\u00e4v\u00e4n tunteen.<\/p>\n<p>Poistaa ylim\u00e4\u00e4r\u00e4ist\u00e4 talia, tasoittaa ihon s\u00e4vy\u00e4 ja auttaa vaalentamaan pigmenttil\u00e4iski\u00e4.<\/p>\n<p><strong>Puhdistustyynyjen ominaisuudet:<\/strong><\/p>\n<ul>\n<li>Puhdistaa ihohuokoset, poistaa ylim\u00e4\u00e4r\u00e4ist\u00e4 talirauhasten eritett\u00e4 ja liuottaa komedoneja;<\/li>\n<li>Normalisoi talirauhasten tuotantoa ja kuorii ihoa;<\/li>\n<li>Erityinen koostumus, jossa on fermentoituja komponentteja ihon terveyden edist\u00e4miseksi;<\/li>\n<li>Turvallinen herk\u00e4lle iholle eik\u00e4 aiheuta \u00e4rsytyst\u00e4;<\/li>\n<li>Mukava, suuri tyynypinta-ala \u2013 8 cm.<\/li>\n<\/ul>\n<p>Lapussa on kaksi puolta \u2013 sile\u00e4 ja teksturoitu puoli. Teksturoitu puoli auttaa viimeistelem\u00e4\u00e4n puhdistuksen ja kuorii ihoa, kun taas sile\u00e4 puoli rauhoittaa ja kosteuttaa ihoa. Lapujen suuri pinta-ala mahdollistaa niiden k\u00e4yt\u00f6n paitsi kasvoilla my\u00f6s vartalolla, kuten kyyn\u00e4rp\u00e4iss\u00e4, polvissa, kantap\u00e4iss\u00e4 ja niskassa.<\/p>\n<p><strong>T\u00e4rkeimm\u00e4t vaikuttavat aineet:<\/strong><\/p>\n<ul>\n<li><strong>Valkopajun kuoriuute<\/strong> normalisoi talirauhasten toimintaa, supistaa ihohuokosia, stimuloi solujen uusiutumista, puhdistaa kuolleita ihosoluja, parantaa ihon kuntoa ja s\u00e4vy\u00e4. Hoitaa ja palauttaa ihon suojakertoimet.<\/li>\n<li><strong>10% galaktomysidinen fermentti<\/strong> Ravitsee ja kosteuttaa ihoa t\u00e4ydellisesti, nopeuttaa solujen uusiutumista, uudistaa, puhdistaa, tasoittaa mikroreliefi\u00e4, lis\u00e4\u00e4 ihon s\u00e4vy\u00e4, nuorentaa, v\u00e4hent\u00e4\u00e4 tulehdusta ja parantaa ihonv\u00e4ri\u00e4.<\/li>\n<li><strong>Riisileseiden uute<\/strong> \u2013 perinteinen aasialainen valkaiseva aine. Erinomainen vitamiinien, kaliumin, kalsiumin, magnesiumin, fosforin, raudan ja muiden mineraalien ja hivenaineiden l\u00e4hde. Riisin aminohapot lis\u00e4\u00e4v\u00e4t kollageenisynteesi\u00e4, mik\u00e4 on v\u00e4ltt\u00e4m\u00e4t\u00f6nt\u00e4 ihon kimmoisuuden yll\u00e4pit\u00e4miseksi.<\/li>\n<li><strong>PHA-happo<\/strong> Tasoittaa ihon s\u00e4vy\u00e4 ja mikroreliefi\u00e4, sill\u00e4 on valolta suojaava ja tulehdusta ehk\u00e4isev\u00e4 vaikutus, ja se s\u00e4\u00e4telee ihon luonnollista keratinisaatioprosessia.<\/li>\n<li><strong>LHA-happo<\/strong> \u2013 salisyylihapon johdannainen. Suurempien molekyylien ansiosta se toimii hitaammin ja paljon hell\u00e4varaisemmin. Ei aiheuta \u00e4rsytyst\u00e4. Hidastaa solujen keratinisaatioprosessia ihohuokosissa, sill\u00e4 on antibakteerinen vaikutus.<\/li>\n<\/ul>\n<p>Sopii kaikille ihotyypeille.<\/p>\n<p><strong>K\u00e4ytt\u00e4j\u00e4n k\u00e4sikirja<\/strong>Kasvojen pesun j\u00e4lkeen pyyhi iho (silmienymp\u00e4rysihoa lukuun ottamatta) ensin pinnan karhennettulla puolella lian poistamiseksi ja sitten tyynyn sile\u00e4ll\u00e4 puolella.<\/p>","protected":false},"excerpt":{"rendered":"<p>Manyo Galactomy Clearskin Pad -puhdistustyynyt, joissa on galaktomysiini\u00e4, kuorivat ihoa hell\u00e4varaisesti, poistavat likaa ja hilseily\u00e4, kiillottavat ihon pintaa ja ehk\u00e4isev\u00e4t kuivumista. Tyynyt ovat ihonhoitorutiinisi ensimm\u00e4inen vaihe. Ne viimeistelev\u00e4t ihon puhdistuksen, poistavat t\u00e4ydellisesti kaikki ep\u00e4puhtaudet ja normalisoivat vesi- ja rasvatasapainon, poistavat kuivuuden ja nyppimisen tunteen. Ne poistavat ylim\u00e4\u00e4r\u00e4isen \u00f6ljyn, tasoittavat ihon s\u00e4vy\u00e4 ja auttavat vaalentamaan pigmenttil\u00e4iski\u00e4. Puhdistustyynyt...<\/p>","protected":false},"featured_media":9514,"comment_status":"open","ping_status":"closed","template":"","meta":{"_uf_show_specific_survey":0,"_uf_disable_surveys":false,"_bst_post_transparent":"default","_bst_post_title":"","_bst_post_layout":"default","_bst_post_sidebar_id":"","_bst_post_content_style":"default","_bst_post_vertical_padding":"default","_bst_post_feature":"","_bst_post_feature_position":"","_bst_post_header":false,"_bst_post_footer":false},"pwb-brand":[448],"product_brand":[],"product_cat":[92,158],"product_tag":[233,377,202,465,473,450],"class_list":{"0":"post-9513","1":"product","2":"type-product","3":"status-publish","4":"has-post-thumbnail","6":"pwb-brand-manyo","7":"product_cat-nagu","8":"product_cat-toonik","9":"product_tag-internet-pood-eesti","10":"product_tag-k-beauty-2","11":"product_tag-korea-kosmeetika","12":"product_tag-korea-lux","13":"product_tag-korea-premium","14":"product_tag-manyo","16":"first","17":"instock","18":"sale","19":"shipping-taxable","20":"purchasable","21":"product-type-simple","22":"entry","23":"content-bg","24":"loop-entry"},"supplier_id":null,"supplier_sku":"","barcode":null,"atum_controlled":true,"out_stock_date":null,"out_stock_threshold":null,"inheritable":false,"inbound_stock":0,"stock_on_hold":0,"sold_today":0,"sales_last_days":0,"out_stock_days":0,"lost_sales":0,"has_location":false,"update_date":"2026-04-14T00:05:06","atum_locations":[],"atum_stock_status":"instock","restock_status":false,"low_stock_amount":"","sales_update_date":"2026-04-14T00:05:06","calc_backorders":null,"yoast_head":"<!-- This site is optimized with the Yoast SEO plugin v27.2 - https:\/\/yoast.com\/product\/yoast-seo-wordpress\/ -->\n<title>Puhastavad toonikpadjad Manyo Galactomy Clearskin Pad, 60tk - IDA.KOREA<\/title>\n<meta name=\"description\" content=\"Manyo Galactomy Clearskin Pad puhastavad padjad galaktom\u00fctsiidiga koorivad \u00f5rnalt nahka, eemaldavad mustuse ja ketenduse, poleerivad epidermise pinnakihti ja ennetavad kuivuse tekkimist.Padjad on esimene hooldusetapp. Need l\u00f5petavad naha puhastamise, eemaldades t\u00e4ielikult k\u00f5ik mustused ja normaliseerides vee- ja rasutasakaalu, k\u00f5rvaldades kuivuse ja kiskuva tunde.\" \/>\n<meta name=\"robots\" content=\"index, follow, max-snippet:-1, max-image-preview:large, max-video-preview:-1\" \/>\n<link rel=\"canonical\" href=\"https:\/\/idakorea.ee\/fi\/product\/puhastavad-toonikpadjad-manyo-galactomy-clearskin-pad-60tk\/\" \/>\n<meta property=\"og:locale\" content=\"fi_FI\" \/>\n<meta property=\"og:type\" content=\"article\" \/>\n<meta property=\"og:title\" content=\"Puhastavad toonikpadjad Manyo Galactomy Clearskin Pad, 60tk - IDA.KOREA\" \/>\n<meta property=\"og:description\" content=\"Manyo Galactomy Clearskin Pad puhastavad padjad galaktom\u00fctsiidiga koorivad \u00f5rnalt nahka, eemaldavad mustuse ja ketenduse, poleerivad epidermise pinnakihti ja ennetavad kuivuse tekkimist.Padjad on esimene hooldusetapp. Need l\u00f5petavad naha puhastamise, eemaldades t\u00e4ielikult k\u00f5ik mustused ja normaliseerides vee- ja rasutasakaalu, k\u00f5rvaldades kuivuse ja kiskuva tunde.\" \/>\n<meta property=\"og:url\" content=\"https:\/\/idakorea.ee\/fi\/product\/puhastavad-toonikpadjad-manyo-galactomy-clearskin-pad-60tk\/\" \/>\n<meta property=\"og:site_name\" content=\"IDA.KOREA\" \/>\n<meta property=\"article:modified_time\" content=\"2026-01-30T14:39:24+00:00\" \/>\n<meta property=\"og:image\" content=\"https:\/\/idakorea.ee\/wp-content\/uploads\/2024\/07\/manyo-galactomy-clearskin-pad-1.jpg\" \/>\n\t<meta property=\"og:image:width\" content=\"1000\" \/>\n\t<meta property=\"og:image:height\" content=\"1000\" \/>\n\t<meta property=\"og:image:type\" content=\"image\/jpeg\" \/>\n<meta name=\"twitter:card\" content=\"summary_large_image\" \/>\n<meta name=\"twitter:label1\" content=\"Arvioitu lukuaika\" \/>\n\t<meta name=\"twitter:data1\" content=\"2 minuuttia\" \/>\n<script type=\"application\/ld+json\" class=\"yoast-schema-graph\">{\"@context\":\"https:\/\/schema.org\",\"@graph\":[{\"@type\":\"WebPage\",\"@id\":\"https:\/\/idakorea.ee\/product\/puhastavad-toonikpadjad-manyo-galactomy-clearskin-pad-60tk\/\",\"url\":\"https:\/\/idakorea.ee\/product\/puhastavad-toonikpadjad-manyo-galactomy-clearskin-pad-60tk\/\",\"name\":\"Puhastavad toonikpadjad Manyo Galactomy Clearskin Pad, 60tk - IDA.KOREA\",\"isPartOf\":{\"@id\":\"https:\/\/idakorea.ee\/#website\"},\"primaryImageOfPage\":{\"@id\":\"https:\/\/idakorea.ee\/product\/puhastavad-toonikpadjad-manyo-galactomy-clearskin-pad-60tk\/#primaryimage\"},\"image\":{\"@id\":\"https:\/\/idakorea.ee\/product\/puhastavad-toonikpadjad-manyo-galactomy-clearskin-pad-60tk\/#primaryimage\"},\"thumbnailUrl\":\"https:\/\/idakorea.ee\/wp-content\/uploads\/2024\/07\/manyo-galactomy-clearskin-pad-1.jpg\",\"datePublished\":\"2024-07-18T10:28:55+00:00\",\"dateModified\":\"2026-01-30T14:39:24+00:00\",\"description\":\"Manyo Galactomy Clearskin Pad puhastavad padjad galaktom\u00fctsiidiga koorivad \u00f5rnalt nahka, eemaldavad mustuse ja ketenduse, poleerivad epidermise pinnakihti ja ennetavad kuivuse tekkimist.Padjad on esimene hooldusetapp. Need l\u00f5petavad naha puhastamise, eemaldades t\u00e4ielikult k\u00f5ik mustused ja normaliseerides vee- ja rasutasakaalu, k\u00f5rvaldades kuivuse ja kiskuva tunde.\",\"breadcrumb\":{\"@id\":\"https:\/\/idakorea.ee\/product\/puhastavad-toonikpadjad-manyo-galactomy-clearskin-pad-60tk\/#breadcrumb\"},\"inLanguage\":\"fi\",\"potentialAction\":[{\"@type\":\"ReadAction\",\"target\":[\"https:\/\/idakorea.ee\/product\/puhastavad-toonikpadjad-manyo-galactomy-clearskin-pad-60tk\/\"]}]},{\"@type\":\"ImageObject\",\"inLanguage\":\"fi\",\"@id\":\"https:\/\/idakorea.ee\/product\/puhastavad-toonikpadjad-manyo-galactomy-clearskin-pad-60tk\/#primaryimage\",\"url\":\"https:\/\/idakorea.ee\/wp-content\/uploads\/2024\/07\/manyo-galactomy-clearskin-pad-1.jpg\",\"contentUrl\":\"https:\/\/idakorea.ee\/wp-content\/uploads\/2024\/07\/manyo-galactomy-clearskin-pad-1.jpg\",\"width\":1000,\"height\":1000},{\"@type\":\"BreadcrumbList\",\"@id\":\"https:\/\/idakorea.ee\/product\/puhastavad-toonikpadjad-manyo-galactomy-clearskin-pad-60tk\/#breadcrumb\",\"itemListElement\":[{\"@type\":\"ListItem\",\"position\":1,\"name\":\"\u0413\u043b\u0430\u0432\u043d\u0430\u044f \u0441\u0442\u0440\u0430\u043d\u0438\u0446\u0430\",\"item\":\"https:\/\/idakorea.ee\/\"},{\"@type\":\"ListItem\",\"position\":2,\"name\":\"Shop\",\"item\":\"https:\/\/idakorea.ee\/shop-2\/\"},{\"@type\":\"ListItem\",\"position\":3,\"name\":\"Puhastavad toonikpadjad Manyo Galactomy Clearskin Pad, 60tk\"}]},{\"@type\":\"WebSite\",\"@id\":\"https:\/\/idakorea.ee\/#website\",\"url\":\"https:\/\/idakorea.ee\/\",\"name\":\"IDA.KOREA\",\"description\":\"Korea kosmeetika e-pood\",\"publisher\":{\"@id\":\"https:\/\/idakorea.ee\/#organization\"},\"alternateName\":\"Beauty Shop\",\"potentialAction\":[{\"@type\":\"SearchAction\",\"target\":{\"@type\":\"EntryPoint\",\"urlTemplate\":\"https:\/\/idakorea.ee\/?s={search_term_string}\"},\"query-input\":{\"@type\":\"PropertyValueSpecification\",\"valueRequired\":true,\"valueName\":\"search_term_string\"}}],\"inLanguage\":\"fi\"},{\"@type\":\"Organization\",\"@id\":\"https:\/\/idakorea.ee\/#organization\",\"name\":\"IDA.KOREA\",\"url\":\"https:\/\/idakorea.ee\/\",\"logo\":{\"@type\":\"ImageObject\",\"inLanguage\":\"fi\",\"@id\":\"https:\/\/idakorea.ee\/#\/schema\/logo\/image\/\",\"url\":\"https:\/\/idakorea.ee\/wp-content\/uploads\/2024\/05\/cropped-korea3.png\",\"contentUrl\":\"https:\/\/idakorea.ee\/wp-content\/uploads\/2024\/05\/cropped-korea3.png\",\"width\":688,\"height\":126,\"caption\":\"IDA.KOREA\"},\"image\":{\"@id\":\"https:\/\/idakorea.ee\/#\/schema\/logo\/image\/\"},\"sameAs\":[\"https:\/\/www.instagram.com\/ida.korea\/\"]}]}<\/script>\n<!-- \/ Yoast SEO plugin. -->","yoast_head_json":{"title":"Manyo Galactomy Clearskin -puhdistuslaput, 60 kpl - It\u00e4-Korea","description":"Manyo Galactomy Clearskin Pad -puhdistuslaput galaktomysetiini\u00e4 sis\u00e4lt\u00e4v\u00e4t kuorivat ihoa hell\u00e4varaisesti, poistavat likaa ja hilseily\u00e4, kiillottavat epidermiksen pintakerrosta ja ehk\u00e4isev\u00e4t kuivumista. Lapujen k\u00e4ytt\u00f6 on ihonhoidon ensimm\u00e4inen vaihe. Ne viimeistelev\u00e4t ihon puhdistuksen poistamalla kaiken lian ja normalisoimalla kosteus- ja \u00f6ljytasapainon, poistaen kuivuutta ja kirist\u00e4v\u00e4n tunteen.","robots":{"index":"index","follow":"follow","max-snippet":"max-snippet:-1","max-image-preview":"max-image-preview:large","max-video-preview":"max-video-preview:-1"},"canonical":"https:\/\/idakorea.ee\/fi\/product\/puhastavad-toonikpadjad-manyo-galactomy-clearskin-pad-60tk\/","og_locale":"fi_FI","og_type":"article","og_title":"Puhastavad toonikpadjad Manyo Galactomy Clearskin Pad, 60tk - IDA.KOREA","og_description":"Manyo Galactomy Clearskin Pad puhastavad padjad galaktom\u00fctsiidiga koorivad \u00f5rnalt nahka, eemaldavad mustuse ja ketenduse, poleerivad epidermise pinnakihti ja ennetavad kuivuse tekkimist.Padjad on esimene hooldusetapp. Need l\u00f5petavad naha puhastamise, eemaldades t\u00e4ielikult k\u00f5ik mustused ja normaliseerides vee- ja rasutasakaalu, k\u00f5rvaldades kuivuse ja kiskuva tunde.","og_url":"https:\/\/idakorea.ee\/fi\/product\/puhastavad-toonikpadjad-manyo-galactomy-clearskin-pad-60tk\/","og_site_name":"IDA.KOREA","article_modified_time":"2026-01-30T14:39:24+00:00","og_image":[{"width":1000,"height":1000,"url":"https:\/\/idakorea.ee\/wp-content\/uploads\/2024\/07\/manyo-galactomy-clearskin-pad-1.jpg","type":"image\/jpeg"}],"twitter_card":"summary_large_image","twitter_misc":{"Arvioitu lukuaika":"2 minuuttia"},"schema":{"@context":"https:\/\/schema.org","@graph":[{"@type":"WebPage","@id":"https:\/\/idakorea.ee\/product\/puhastavad-toonikpadjad-manyo-galactomy-clearskin-pad-60tk\/","url":"https:\/\/idakorea.ee\/product\/puhastavad-toonikpadjad-manyo-galactomy-clearskin-pad-60tk\/","name":"Manyo Galactomy Clearskin -puhdistuslaput, 60 kpl - It\u00e4-Korea","isPartOf":{"@id":"https:\/\/idakorea.ee\/#website"},"primaryImageOfPage":{"@id":"https:\/\/idakorea.ee\/product\/puhastavad-toonikpadjad-manyo-galactomy-clearskin-pad-60tk\/#primaryimage"},"image":{"@id":"https:\/\/idakorea.ee\/product\/puhastavad-toonikpadjad-manyo-galactomy-clearskin-pad-60tk\/#primaryimage"},"thumbnailUrl":"https:\/\/idakorea.ee\/wp-content\/uploads\/2024\/07\/manyo-galactomy-clearskin-pad-1.jpg","datePublished":"2024-07-18T10:28:55+00:00","dateModified":"2026-01-30T14:39:24+00:00","description":"Manyo Galactomy Clearskin Pad -puhdistuslaput galaktomysetiini\u00e4 sis\u00e4lt\u00e4v\u00e4t kuorivat ihoa hell\u00e4varaisesti, poistavat likaa ja hilseily\u00e4, kiillottavat epidermiksen pintakerrosta ja ehk\u00e4isev\u00e4t kuivumista. Lapujen k\u00e4ytt\u00f6 on ihonhoidon ensimm\u00e4inen vaihe. Ne viimeistelev\u00e4t ihon puhdistuksen poistamalla kaiken lian ja normalisoimalla kosteus- ja \u00f6ljytasapainon, poistaen kuivuutta ja kirist\u00e4v\u00e4n tunteen.","breadcrumb":{"@id":"https:\/\/idakorea.ee\/product\/puhastavad-toonikpadjad-manyo-galactomy-clearskin-pad-60tk\/#breadcrumb"},"inLanguage":"fi","potentialAction":[{"@type":"ReadAction","target":["https:\/\/idakorea.ee\/product\/puhastavad-toonikpadjad-manyo-galactomy-clearskin-pad-60tk\/"]}]},{"@type":"ImageObject","inLanguage":"fi","@id":"https:\/\/idakorea.ee\/product\/puhastavad-toonikpadjad-manyo-galactomy-clearskin-pad-60tk\/#primaryimage","url":"https:\/\/idakorea.ee\/wp-content\/uploads\/2024\/07\/manyo-galactomy-clearskin-pad-1.jpg","contentUrl":"https:\/\/idakorea.ee\/wp-content\/uploads\/2024\/07\/manyo-galactomy-clearskin-pad-1.jpg","width":1000,"height":1000},{"@type":"BreadcrumbList","@id":"https:\/\/idakorea.ee\/product\/puhastavad-toonikpadjad-manyo-galactomy-clearskin-pad-60tk\/#breadcrumb","itemListElement":[{"@type":"ListItem","position":1,"name":"\u0413\u043b\u0430\u0432\u043d\u0430\u044f \u0441\u0442\u0440\u0430\u043d\u0438\u0446\u0430","item":"https:\/\/idakorea.ee\/"},{"@type":"ListItem","position":2,"name":"Shop","item":"https:\/\/idakorea.ee\/shop-2\/"},{"@type":"ListItem","position":3,"name":"Puhastavad toonikpadjad Manyo Galactomy Clearskin Pad, 60tk"}]},{"@type":"WebSite","@id":"https:\/\/idakorea.ee\/#website","url":"https:\/\/idakorea.ee\/","name":"IDA.KOREA","description":"Korean kosmetiikan verkkokauppa","publisher":{"@id":"https:\/\/idakorea.ee\/#organization"},"alternateName":"Beauty Shop","potentialAction":[{"@type":"SearchAction","target":{"@type":"EntryPoint","urlTemplate":"https:\/\/idakorea.ee\/?s={search_term_string}"},"query-input":{"@type":"PropertyValueSpecification","valueRequired":true,"valueName":"search_term_string"}}],"inLanguage":"fi"},{"@type":"Organization","@id":"https:\/\/idakorea.ee\/#organization","name":"IDA.KOREA","url":"https:\/\/idakorea.ee\/","logo":{"@type":"ImageObject","inLanguage":"fi","@id":"https:\/\/idakorea.ee\/#\/schema\/logo\/image\/","url":"https:\/\/idakorea.ee\/wp-content\/uploads\/2024\/05\/cropped-korea3.png","contentUrl":"https:\/\/idakorea.ee\/wp-content\/uploads\/2024\/05\/cropped-korea3.png","width":688,"height":126,"caption":"IDA.KOREA"},"image":{"@id":"https:\/\/idakorea.ee\/#\/schema\/logo\/image\/"},"sameAs":["https:\/\/www.instagram.com\/ida.korea\/"]}]}},"jetpack_sharing_enabled":true,"brands":[{"id":448,"name":"MANYO","slug":"manyo"}],"_links":{"self":[{"href":"https:\/\/idakorea.ee\/fi\/wp-json\/wp\/v2\/product\/9513","targetHints":{"allow":["GET"]}}],"collection":[{"href":"https:\/\/idakorea.ee\/fi\/wp-json\/wp\/v2\/product"}],"about":[{"href":"https:\/\/idakorea.ee\/fi\/wp-json\/wp\/v2\/types\/product"}],"replies":[{"embeddable":true,"href":"https:\/\/idakorea.ee\/fi\/wp-json\/wp\/v2\/comments?post=9513"}],"version-history":[{"count":1,"href":"https:\/\/idakorea.ee\/fi\/wp-json\/wp\/v2\/product\/9513\/revisions"}],"predecessor-version":[{"id":9517,"href":"https:\/\/idakorea.ee\/fi\/wp-json\/wp\/v2\/product\/9513\/revisions\/9517"}],"wp:featuredmedia":[{"embeddable":true,"href":"https:\/\/idakorea.ee\/fi\/wp-json\/wp\/v2\/media\/9514"}],"wp:attachment":[{"href":"https:\/\/idakorea.ee\/fi\/wp-json\/wp\/v2\/media?parent=9513"}],"wp:term":[{"taxonomy":"pwb-brand","embeddable":true,"href":"https:\/\/idakorea.ee\/fi\/wp-json\/wp\/v2\/pwb-brand?post=9513"},{"taxonomy":"product_brand","embeddable":true,"href":"https:\/\/idakorea.ee\/fi\/wp-json\/wp\/v2\/product_brand?post=9513"},{"taxonomy":"product_cat","embeddable":true,"href":"https:\/\/idakorea.ee\/fi\/wp-json\/wp\/v2\/product_cat?post=9513"},{"taxonomy":"product_tag","embeddable":true,"href":"https:\/\/idakorea.ee\/fi\/wp-json\/wp\/v2\/product_tag?post=9513"}],"curies":[{"name":"wp","href":"https:\/\/api.w.org\/{rel}","templated":true}]}}