{"id":9523,"date":"2024-07-19T13:26:03","date_gmt":"2024-07-19T10:26:03","guid":{"rendered":"https:\/\/idakorea.ee\/?post_type=product&#038;p=9523"},"modified":"2026-04-08T13:06:27","modified_gmt":"2026-04-08T11:06:27","slug":"lemona-kyung-nam-pharm-gyeol-collagen","status":"publish","type":"product","link":"https:\/\/idakorea.ee\/fi\/product\/lemona-kyung-nam-pharm-gyeol-collagen\/","title":{"rendered":"Kollageenin juominen C-vitamiinin kanssa Lemona Kyung Nam Pharm Gyeol Kollageeni"},"content":{"rendered":"<p>Kollageenin juominen C-vitamiinin kera <strong>Lemona Kyung Nam Pharm Gyeol kollageeni<\/strong> Sill\u00e4 on monimutkainen vaikutus ihon ja koko kehon terveytt\u00e4 parantavaan vaikutukseen: se vahvistaa luita, hiuksia, hampaita ja kynsi\u00e4, lis\u00e4\u00e4 nivelten liikkuvuutta ja joustavuutta, edist\u00e4\u00e4 ihon nuorentamista, lis\u00e4\u00e4 kudosten kimmoisuutta, v\u00e4hent\u00e4\u00e4 raskausarpien ja selluliitin n\u00e4kyvyytt\u00e4, v\u00e4hent\u00e4\u00e4 ryppyjen syvyytt\u00e4 ja kosteuttaa tehokkaasti.<\/p>\n<p><strong>C-vitamiinilla t\u00e4ytetty kollageenijauhe, joka perustuu kalan kollageeniin<\/strong><\/p>\n<p>Kollageeni on yleisin rakenneproteiini kehossamme (301 % kehossamme olevasta proteiinista on kollageenia).<\/p>\n<p>Kollageeni vastaa ihomme kauneudesta ja kimmoisuudesta sek\u00e4 vahvistaa luita, niveli\u00e4 ja nivelsiteit\u00e4, tehden hiuksista ja kynsist\u00e4 vahvemmat.<\/p>\n<p>I\u00e4n my\u00f6t\u00e4 kollageenin synteesi kehossamme v\u00e4henee, jolloin iho menett\u00e4\u00e4 kimmoisuuttaan, karheutuu ja kuivuu, lihakset menett\u00e4v\u00e4t kiinteytt\u00e4\u00e4n ja luut haurastuvat.<\/p>\n<p><strong>Kollageenin t\u00e4rkeimm\u00e4t ominaisuudet:<\/strong><\/p>\n<ul>\n<li>Hidastaa ik\u00e4\u00e4ntymisprosessia<\/li>\n<li>Parantaa ihon, hiusten ja kynsien kuntoa<\/li>\n<li>Vaikuttaa positiivisesti nivelnesteen tuotantoon<\/li>\n<li>Vahvistaa luustoa ja sidekudosta<\/li>\n<li>Parantaa nivelten toimintaa<\/li>\n<\/ul>\n<p>Tuote on rikastettu C-vitamiinilla ja hyaluronihapolla, jotka auttavat kollageenin imeytymist\u00e4 paremmin ja parantavat ihon s\u00e4vy\u00e4 ja kiinteytt\u00e4. Kollageenijauheella on miellytt\u00e4v\u00e4 sitrushedelmien maku.<\/p>\n<p><strong>Tulokset taataan tuotteen ainutlaatuisen ja t\u00e4ydellisen koostumuksen ansiosta:<\/strong><\/p>\n<ul>\n<li>Pienimolekyylipainoinen merikollageeni<\/li>\n<li>C-vitamiini<\/li>\n<li>Aloe-uute<\/li>\n<li>Hyaluronihappo<\/li>\n<li>B-vitamiinit ja kivenn\u00e4isaineet<\/li>\n<\/ul>\n<p><strong>T\u00e4rke\u00e4\u00e4!<\/strong><\/p>\n<p>S\u00e4ilyt\u00e4 lasten ulottumattomissa. Kuten kaikkien ravintolisien kanssa, ota yhteytt\u00e4 l\u00e4\u00e4k\u00e4riin ennen k\u00e4ytt\u00f6\u00e4, jos olet raskaana, imet\u00e4t tai sinulla on jokin sairaus (kuten diabetes jne.).<\/p>\n<p>Tuote ei sovellu kasvissy\u00f6jille, koska se sis\u00e4lt\u00e4\u00e4 kalakollageenia!<\/p>\n<p><strong>K\u00e4ytt\u00f6opas:<\/strong> K\u00e4yt\u00e4 30 minuuttia ennen ateriaa! Liuota pakkauksen sis\u00e4lt\u00f6 lasilliseen EI-kuumaa, proteiinitonta juomaa, kuten mehua tai vett\u00e4.<\/p>\n<p><strong>K\u00e4ytt\u00f6kurssi: 2 kuukautta<\/strong><\/p>\n<ol>\n<li>Ennaltaehk\u00e4isev\u00e4sti \u2014 ota yksi pussi p\u00e4iv\u00e4ss\u00e4.<\/li>\n<li>L\u00e4\u00e4kinn\u00e4llisiin tarkoituksiin \u2014 2 pussia p\u00e4iv\u00e4ss\u00e4!<\/li>\n<\/ol>","protected":false},"excerpt":{"rendered":"<p>Juomalla kollageenia C-vitamiinilla Lemona Kyung Nam Pharm Gyeol Kollageenilla terveelle iholle ja koko keholle on monimutkainen vaikutus: vahvistaa luita, hiuksia, hampaita ja kynsi\u00e4, lis\u00e4\u00e4 nivelten liikkuvuutta ja joustavuutta, edist\u00e4\u00e4 ihon nuorentumista, lis\u00e4\u00e4 kudosten kimmoisuutta, v\u00e4hent\u00e4\u00e4 venytysj\u00e4lkien ja selluliitin n\u00e4kyvyytt\u00e4, v\u00e4hent\u00e4\u00e4 ryppyjen syvyytt\u00e4 ja kosteuttaa intensiivisesti. Kollageenijauhe C-vitamiinilla perustuu kalakollageeniin Kollageeni on elimist\u00f6mme runsain kollageeni,...<\/p>","protected":false},"featured_media":17114,"comment_status":"open","ping_status":"closed","template":"","meta":{"_uf_show_specific_survey":0,"_uf_disable_surveys":false,"_bst_post_transparent":"default","_bst_post_title":"","_bst_post_layout":"default","_bst_post_sidebar_id":"","_bst_post_content_style":"default","_bst_post_vertical_padding":"default","_bst_post_feature":"","_bst_post_feature_position":"","_bst_post_header":false,"_bst_post_footer":false},"pwb-brand":[],"product_brand":[],"product_cat":[370],"product_tag":[233,377,208,202,465,525],"class_list":{"0":"post-9523","1":"product","2":"type-product","3":"status-publish","4":"has-post-thumbnail","6":"product_cat-toidulisandid","7":"product_tag-internet-pood-eesti","8":"product_tag-k-beauty-2","9":"product_tag-kollageen","10":"product_tag-korea-kosmeetika","11":"product_tag-korea-lux","12":"product_tag-korean-health","14":"first","15":"instock","16":"sale","17":"shipping-taxable","18":"purchasable","19":"product-type-variable","20":"entry","21":"content-bg","22":"loop-entry"},"supplier_id":null,"supplier_sku":"","barcode":null,"atum_controlled":true,"out_stock_date":null,"out_stock_threshold":null,"inheritable":true,"inbound_stock":0,"stock_on_hold":0,"sold_today":0,"sales_last_days":1,"out_stock_days":0,"lost_sales":0,"has_location":false,"update_date":"2026-04-14T00:05:11","atum_locations":[],"atum_stock_status":"instock","restock_status":false,"low_stock_amount":"","sales_update_date":"2026-04-14T00:05:11","calc_backorders":null,"yoast_head":"<!-- This site is optimized with the Yoast SEO plugin v27.2 - https:\/\/yoast.com\/product\/yoast-seo-wordpress\/ -->\n<title>Lemona Kyung Nam Pharm Gyeol Collagen - IDA.KOREA<\/title>\n<meta name=\"description\" content=\"Joogikollageen C-vitamiiniga Lemona Kyung Nam Pharm Gyeol Collagen tervisliku naha ja kogu organismi parandamiseks omab kompleksset toimet.\" \/>\n<meta name=\"robots\" content=\"index, follow, max-snippet:-1, max-image-preview:large, max-video-preview:-1\" \/>\n<link rel=\"canonical\" href=\"https:\/\/idakorea.ee\/fi\/product\/lemona-kyung-nam-pharm-gyeol-collagen\/\" \/>\n<meta property=\"og:locale\" content=\"fi_FI\" \/>\n<meta property=\"og:type\" content=\"article\" \/>\n<meta property=\"og:title\" content=\"Lemona Kyung Nam Pharm Gyeol Collagen - IDA.KOREA\" \/>\n<meta property=\"og:description\" content=\"Joogikollageen C-vitamiiniga Lemona Kyung Nam Pharm Gyeol Collagen tervisliku naha ja kogu organismi parandamiseks omab kompleksset toimet.\" \/>\n<meta property=\"og:url\" content=\"https:\/\/idakorea.ee\/fi\/product\/lemona-kyung-nam-pharm-gyeol-collagen\/\" \/>\n<meta property=\"og:site_name\" content=\"IDA.KOREA\" \/>\n<meta property=\"article:modified_time\" content=\"2026-04-08T11:06:27+00:00\" \/>\n<meta property=\"og:image\" content=\"https:\/\/idakorea.ee\/wp-content\/uploads\/2024\/07\/LEMONA_KyungnamGyeolCollagen60ea-idakorea.webp\" \/>\n\t<meta property=\"og:image:width\" content=\"606\" \/>\n\t<meta property=\"og:image:height\" content=\"706\" \/>\n\t<meta property=\"og:image:type\" content=\"image\/webp\" \/>\n<meta name=\"twitter:card\" content=\"summary_large_image\" \/>\n<meta name=\"twitter:label1\" content=\"Arvioitu lukuaika\" \/>\n\t<meta name=\"twitter:data1\" content=\"2 minuuttia\" \/>\n<script type=\"application\/ld+json\" class=\"yoast-schema-graph\">{\"@context\":\"https:\/\/schema.org\",\"@graph\":[{\"@type\":\"WebPage\",\"@id\":\"https:\/\/idakorea.ee\/product\/lemona-kyung-nam-pharm-gyeol-collagen\/\",\"url\":\"https:\/\/idakorea.ee\/product\/lemona-kyung-nam-pharm-gyeol-collagen\/\",\"name\":\"Lemona Kyung Nam Pharm Gyeol Collagen - IDA.KOREA\",\"isPartOf\":{\"@id\":\"https:\/\/idakorea.ee\/#website\"},\"primaryImageOfPage\":{\"@id\":\"https:\/\/idakorea.ee\/product\/lemona-kyung-nam-pharm-gyeol-collagen\/#primaryimage\"},\"image\":{\"@id\":\"https:\/\/idakorea.ee\/product\/lemona-kyung-nam-pharm-gyeol-collagen\/#primaryimage\"},\"thumbnailUrl\":\"https:\/\/idakorea.ee\/wp-content\/uploads\/2024\/07\/LEMONA_KyungnamGyeolCollagen60ea-idakorea.webp\",\"datePublished\":\"2024-07-19T10:26:03+00:00\",\"dateModified\":\"2026-04-08T11:06:27+00:00\",\"description\":\"Joogikollageen C-vitamiiniga Lemona Kyung Nam Pharm Gyeol Collagen tervisliku naha ja kogu organismi parandamiseks omab kompleksset toimet.\",\"breadcrumb\":{\"@id\":\"https:\/\/idakorea.ee\/product\/lemona-kyung-nam-pharm-gyeol-collagen\/#breadcrumb\"},\"inLanguage\":\"fi\",\"potentialAction\":[{\"@type\":\"ReadAction\",\"target\":[\"https:\/\/idakorea.ee\/product\/lemona-kyung-nam-pharm-gyeol-collagen\/\"]}]},{\"@type\":\"ImageObject\",\"inLanguage\":\"fi\",\"@id\":\"https:\/\/idakorea.ee\/product\/lemona-kyung-nam-pharm-gyeol-collagen\/#primaryimage\",\"url\":\"https:\/\/idakorea.ee\/wp-content\/uploads\/2024\/07\/LEMONA_KyungnamGyeolCollagen60ea-idakorea.webp\",\"contentUrl\":\"https:\/\/idakorea.ee\/wp-content\/uploads\/2024\/07\/LEMONA_KyungnamGyeolCollagen60ea-idakorea.webp\",\"width\":606,\"height\":706},{\"@type\":\"BreadcrumbList\",\"@id\":\"https:\/\/idakorea.ee\/product\/lemona-kyung-nam-pharm-gyeol-collagen\/#breadcrumb\",\"itemListElement\":[{\"@type\":\"ListItem\",\"position\":1,\"name\":\"\u0413\u043b\u0430\u0432\u043d\u0430\u044f \u0441\u0442\u0440\u0430\u043d\u0438\u0446\u0430\",\"item\":\"https:\/\/idakorea.ee\/\"},{\"@type\":\"ListItem\",\"position\":2,\"name\":\"Shop\",\"item\":\"https:\/\/idakorea.ee\/shop-2\/\"},{\"@type\":\"ListItem\",\"position\":3,\"name\":\"Joogikollageen C-vitamiiniga Lemona Kyung Nam Pharm Gyeol Collagen\"}]},{\"@type\":\"WebSite\",\"@id\":\"https:\/\/idakorea.ee\/#website\",\"url\":\"https:\/\/idakorea.ee\/\",\"name\":\"IDA.KOREA\",\"description\":\"Korea kosmeetika e-pood\",\"publisher\":{\"@id\":\"https:\/\/idakorea.ee\/#organization\"},\"alternateName\":\"Beauty Shop\",\"potentialAction\":[{\"@type\":\"SearchAction\",\"target\":{\"@type\":\"EntryPoint\",\"urlTemplate\":\"https:\/\/idakorea.ee\/?s={search_term_string}\"},\"query-input\":{\"@type\":\"PropertyValueSpecification\",\"valueRequired\":true,\"valueName\":\"search_term_string\"}}],\"inLanguage\":\"fi\"},{\"@type\":\"Organization\",\"@id\":\"https:\/\/idakorea.ee\/#organization\",\"name\":\"IDA.KOREA\",\"url\":\"https:\/\/idakorea.ee\/\",\"logo\":{\"@type\":\"ImageObject\",\"inLanguage\":\"fi\",\"@id\":\"https:\/\/idakorea.ee\/#\/schema\/logo\/image\/\",\"url\":\"https:\/\/idakorea.ee\/wp-content\/uploads\/2024\/05\/cropped-korea3.png\",\"contentUrl\":\"https:\/\/idakorea.ee\/wp-content\/uploads\/2024\/05\/cropped-korea3.png\",\"width\":688,\"height\":126,\"caption\":\"IDA.KOREA\"},\"image\":{\"@id\":\"https:\/\/idakorea.ee\/#\/schema\/logo\/image\/\"},\"sameAs\":[\"https:\/\/www.instagram.com\/ida.korea\/\"]}]}<\/script>\n<!-- \/ Yoast SEO plugin. -->","yoast_head_json":{"title":"Lemona Kyung Nam Pharm Gyeol Kollageeni - IT\u00c4.KOREA","description":"Lemona Kyung Nam Pharm Gyeol -kollageenin juominen C-vitamiinilla parantaa monimutkaisesti ihon ja koko kehon terveytt\u00e4.","robots":{"index":"index","follow":"follow","max-snippet":"max-snippet:-1","max-image-preview":"max-image-preview:large","max-video-preview":"max-video-preview:-1"},"canonical":"https:\/\/idakorea.ee\/fi\/product\/lemona-kyung-nam-pharm-gyeol-collagen\/","og_locale":"fi_FI","og_type":"article","og_title":"Lemona Kyung Nam Pharm Gyeol Collagen - IDA.KOREA","og_description":"Joogikollageen C-vitamiiniga Lemona Kyung Nam Pharm Gyeol Collagen tervisliku naha ja kogu organismi parandamiseks omab kompleksset toimet.","og_url":"https:\/\/idakorea.ee\/fi\/product\/lemona-kyung-nam-pharm-gyeol-collagen\/","og_site_name":"IDA.KOREA","article_modified_time":"2026-04-08T11:06:27+00:00","og_image":[{"width":606,"height":706,"url":"https:\/\/idakorea.ee\/wp-content\/uploads\/2024\/07\/LEMONA_KyungnamGyeolCollagen60ea-idakorea.webp","type":"image\/webp"}],"twitter_card":"summary_large_image","twitter_misc":{"Arvioitu lukuaika":"2 minuuttia"},"schema":{"@context":"https:\/\/schema.org","@graph":[{"@type":"WebPage","@id":"https:\/\/idakorea.ee\/product\/lemona-kyung-nam-pharm-gyeol-collagen\/","url":"https:\/\/idakorea.ee\/product\/lemona-kyung-nam-pharm-gyeol-collagen\/","name":"Lemona Kyung Nam Pharm Gyeol Kollageeni - IT\u00c4.KOREA","isPartOf":{"@id":"https:\/\/idakorea.ee\/#website"},"primaryImageOfPage":{"@id":"https:\/\/idakorea.ee\/product\/lemona-kyung-nam-pharm-gyeol-collagen\/#primaryimage"},"image":{"@id":"https:\/\/idakorea.ee\/product\/lemona-kyung-nam-pharm-gyeol-collagen\/#primaryimage"},"thumbnailUrl":"https:\/\/idakorea.ee\/wp-content\/uploads\/2024\/07\/LEMONA_KyungnamGyeolCollagen60ea-idakorea.webp","datePublished":"2024-07-19T10:26:03+00:00","dateModified":"2026-04-08T11:06:27+00:00","description":"Lemona Kyung Nam Pharm Gyeol -kollageenin juominen C-vitamiinilla parantaa monimutkaisesti ihon ja koko kehon terveytt\u00e4.","breadcrumb":{"@id":"https:\/\/idakorea.ee\/product\/lemona-kyung-nam-pharm-gyeol-collagen\/#breadcrumb"},"inLanguage":"fi","potentialAction":[{"@type":"ReadAction","target":["https:\/\/idakorea.ee\/product\/lemona-kyung-nam-pharm-gyeol-collagen\/"]}]},{"@type":"ImageObject","inLanguage":"fi","@id":"https:\/\/idakorea.ee\/product\/lemona-kyung-nam-pharm-gyeol-collagen\/#primaryimage","url":"https:\/\/idakorea.ee\/wp-content\/uploads\/2024\/07\/LEMONA_KyungnamGyeolCollagen60ea-idakorea.webp","contentUrl":"https:\/\/idakorea.ee\/wp-content\/uploads\/2024\/07\/LEMONA_KyungnamGyeolCollagen60ea-idakorea.webp","width":606,"height":706},{"@type":"BreadcrumbList","@id":"https:\/\/idakorea.ee\/product\/lemona-kyung-nam-pharm-gyeol-collagen\/#breadcrumb","itemListElement":[{"@type":"ListItem","position":1,"name":"\u0413\u043b\u0430\u0432\u043d\u0430\u044f \u0441\u0442\u0440\u0430\u043d\u0438\u0446\u0430","item":"https:\/\/idakorea.ee\/"},{"@type":"ListItem","position":2,"name":"Shop","item":"https:\/\/idakorea.ee\/shop-2\/"},{"@type":"ListItem","position":3,"name":"Joogikollageen C-vitamiiniga Lemona Kyung Nam Pharm Gyeol Collagen"}]},{"@type":"WebSite","@id":"https:\/\/idakorea.ee\/#website","url":"https:\/\/idakorea.ee\/","name":"IDA.KOREA","description":"Korean kosmetiikan verkkokauppa","publisher":{"@id":"https:\/\/idakorea.ee\/#organization"},"alternateName":"Beauty Shop","potentialAction":[{"@type":"SearchAction","target":{"@type":"EntryPoint","urlTemplate":"https:\/\/idakorea.ee\/?s={search_term_string}"},"query-input":{"@type":"PropertyValueSpecification","valueRequired":true,"valueName":"search_term_string"}}],"inLanguage":"fi"},{"@type":"Organization","@id":"https:\/\/idakorea.ee\/#organization","name":"IDA.KOREA","url":"https:\/\/idakorea.ee\/","logo":{"@type":"ImageObject","inLanguage":"fi","@id":"https:\/\/idakorea.ee\/#\/schema\/logo\/image\/","url":"https:\/\/idakorea.ee\/wp-content\/uploads\/2024\/05\/cropped-korea3.png","contentUrl":"https:\/\/idakorea.ee\/wp-content\/uploads\/2024\/05\/cropped-korea3.png","width":688,"height":126,"caption":"IDA.KOREA"},"image":{"@id":"https:\/\/idakorea.ee\/#\/schema\/logo\/image\/"},"sameAs":["https:\/\/www.instagram.com\/ida.korea\/"]}]}},"jetpack_sharing_enabled":true,"brands":[],"_links":{"self":[{"href":"https:\/\/idakorea.ee\/fi\/wp-json\/wp\/v2\/product\/9523","targetHints":{"allow":["GET"]}}],"collection":[{"href":"https:\/\/idakorea.ee\/fi\/wp-json\/wp\/v2\/product"}],"about":[{"href":"https:\/\/idakorea.ee\/fi\/wp-json\/wp\/v2\/types\/product"}],"replies":[{"embeddable":true,"href":"https:\/\/idakorea.ee\/fi\/wp-json\/wp\/v2\/comments?post=9523"}],"version-history":[{"count":3,"href":"https:\/\/idakorea.ee\/fi\/wp-json\/wp\/v2\/product\/9523\/revisions"}],"predecessor-version":[{"id":15055,"href":"https:\/\/idakorea.ee\/fi\/wp-json\/wp\/v2\/product\/9523\/revisions\/15055"}],"wp:featuredmedia":[{"embeddable":true,"href":"https:\/\/idakorea.ee\/fi\/wp-json\/wp\/v2\/media\/17114"}],"wp:attachment":[{"href":"https:\/\/idakorea.ee\/fi\/wp-json\/wp\/v2\/media?parent=9523"}],"wp:term":[{"taxonomy":"pwb-brand","embeddable":true,"href":"https:\/\/idakorea.ee\/fi\/wp-json\/wp\/v2\/pwb-brand?post=9523"},{"taxonomy":"product_brand","embeddable":true,"href":"https:\/\/idakorea.ee\/fi\/wp-json\/wp\/v2\/product_brand?post=9523"},{"taxonomy":"product_cat","embeddable":true,"href":"https:\/\/idakorea.ee\/fi\/wp-json\/wp\/v2\/product_cat?post=9523"},{"taxonomy":"product_tag","embeddable":true,"href":"https:\/\/idakorea.ee\/fi\/wp-json\/wp\/v2\/product_tag?post=9523"}],"curies":[{"name":"wp","href":"https:\/\/api.w.org\/{rel}","templated":true}]}}