{"id":9570,"date":"2024-07-23T10:11:04","date_gmt":"2024-07-23T07:11:04","guid":{"rendered":"https:\/\/idakorea.ee\/?post_type=product&#038;p=9570"},"modified":"2026-03-27T12:01:00","modified_gmt":"2026-03-27T10:01:00","slug":"rahustavad-toonikpadjad-mediheal-madecassoside-blemish-pad","status":"publish","type":"product","link":"https:\/\/idakorea.ee\/fi\/product\/rahustavad-toonikpadjad-mediheal-madecassoside-blemish-pad\/","title":{"rendered":"Mediheal Madecassoside -finnilappu, 100 kpl"},"content":{"rendered":"<p>Rauhoittavat tonic-tyynyt Madecassos<span style=\"font-family: var(--global-body-font-family);\">idean kanssa <\/span><strong><span style=\"font-family: var(--global-body-font-family);\">Mediheal Madecassoside -finnityyny<\/span><\/strong><span style=\"font-family: var(--global-body-font-family);\">\u00a0Niill\u00e4 on antiseptinen vaikutus, ne korjaavat vaurioitunutta ihoa ja vahvistavat lipidikerrosta. Ne stimuloivat tulehduksen paranemista ja nopeuttavat aknen hoitoa. Kosteuttavat tehokkaasti, lievitt\u00e4v\u00e4t kuivuutta ja hilseily\u00e4, palauttavat kosteuden pesun j\u00e4lkeen ja normalisoivat pH-tasapainon.<\/span><\/p>\n<p>Tuotteen p\u00e4\u00e4ainesosa on runsas madecassoside-pitoisuus \u2014 puhdas isolaatti ja aktiivinen ainesosa, jota saadaan aasialaisesta vesinapalakasvista. Se sopii kaikille ihotyypeille, sen tarkoituksena on parantaa yleist\u00e4 terveytt\u00e4 ja lis\u00e4t\u00e4 vastustuskyky\u00e4, ja sen t\u00e4rkeimm\u00e4t ominaisuudet ovat tulehdusta est\u00e4v\u00e4t, haavaumia parantavat ja nuorentavat ominaisuudet. Madecassoside tiivist\u00e4\u00e4 kudoksia ja vahvistaa kapillaarien sein\u00e4mi\u00e4, v\u00e4hent\u00e4\u00e4 ruusufinnin ja h\u00e4m\u00e4h\u00e4kkisuonten n\u00e4kyvyytt\u00e4. Stimuloi kollageenikuitujen uudistumis- ja synteesiprosesseja lis\u00e4\u00e4m\u00e4ll\u00e4 ihon kimmoisuutta ja kiinteytt\u00e4.<\/p>\n<p>Erityinen liposomiteknologia auttaa aktiivisia ainesosia tunkeutumaan syv\u00e4lle ihoon, imeytym\u00e4\u00e4n paremmin ja vaikuttamaan poikkeuksellisen tehokkaasti ihoon.<\/p>\n<p><strong>Muita vaikuttavia aineita:<\/strong><\/p>\n<ul>\n<li><strong>Aasian vesikrassiuute<\/strong> on tulehdusta ehk\u00e4isev\u00e4 ja haavan paranemista edist\u00e4v\u00e4 vaikutus, edist\u00e4\u00e4 ihon suojatoiminnon palautumista ja kosteuden s\u00e4ilymist\u00e4, v\u00e4hent\u00e4\u00e4 ihon herkkyytt\u00e4, v\u00e4hent\u00e4\u00e4 turvotusta, vahvistaa verisuonia ja v\u00e4hent\u00e4\u00e4 ruusufinnin n\u00e4kyvyytt\u00e4.<\/li>\n<li><strong>CICA-kompleksi<\/strong> Lis\u00e4\u00e4 ihon kimmoisuutta ja kiinteytt\u00e4, t\u00e4ytt\u00e4\u00e4 solut kosteudella. Muodostaa suojaavan kerroksen, joka suojaa ihoa UV-s\u00e4teilylt\u00e4 ja haitallisilta ymp\u00e4rist\u00f6tekij\u00f6ilt\u00e4.<\/li>\n<li><strong>Kadaka-\u00f6ljy<\/strong> Virkist\u00e4\u00e4 ja parantaa ihonv\u00e4ri\u00e4, poistaa veltostunutta ja v\u00e4synytt\u00e4 ulkon\u00e4k\u00f6\u00e4. Parantaa mikroverenkiertoa ja poistaa kuona-aineita.<\/li>\n<li><strong>Koiranliha \u00f6ljy<\/strong> rauhoittavia, tulehdusta ehk\u00e4isevi\u00e4, antioksidanttisia ja kosteuttavia ominaisuuksia. Poistaa tulehdusta ja punoitusta, s\u00e4\u00e4telee talirauhasten tuotantoa ja poistaa rasvaista kiiltoa.<\/li>\n<li><strong>Patchouli\u00f6ljy<\/strong> Parantaa pieni\u00e4 haavoja ja aknearpia, raikastaa, antaa terveemm\u00e4n ulkon\u00e4\u00f6n, uudistaa ja silottaa ihoa. Supistaa laajentuneita ihohuokosia, sill\u00e4 on antiseptisi\u00e4 ja kosteuttavia vaikutuksia.<\/li>\n<li><strong>Saccharomyces-k\u00e4ymisuute<\/strong> Rikastaa ihoa mineraaleilla, aminohapoilla, beetaglukaanilla ja vitamiineilla. Kosteuttaa aktiivisesti, auttaa kirkastamaan ihoa ja v\u00e4hent\u00e4m\u00e4\u00e4n ryppyj\u00e4. Vaikuttaa rauhoittavasti.<\/li>\n<\/ul>\n<p>Sopii normaalille, sekaiholle ja herk\u00e4lle iholle.<\/p>\n<p><strong>K\u00e4ytt\u00f6opas:<\/strong> Pesun j\u00e4lkeen pyyhi iho huolellisesti vanulapalla. Voidaan k\u00e4ytt\u00e4\u00e4 p\u00e4ivitt\u00e4in aamuin illoin. K\u00e4ytt\u00f6 paikallisena naamiona: aseta vanulappu halutulle alueelle, anna vaikuttaa 10\u201315 minuuttia ja poista.<\/p>","protected":false},"excerpt":{"rendered":"<p>Rauhoittavilla madecassosidia sis\u00e4lt\u00e4vill\u00e4 Mediheal Madecassoside Blemish Pad -hoitotyynyill\u00e4 on antiseptinen vaikutus, ne palauttavat vaurioituneen ihon ja vahvistavat lipidikerrosta. Ne stimuloivat tulehduksen paranemista ja nopeuttavat aknen hoitoa. Intensiivisesti kosteuttavat, lievitt\u00e4v\u00e4t kuivuutta ja hilseily\u00e4, t\u00e4ydent\u00e4v\u00e4t kosteusvajetta pesun j\u00e4lkeen ja normalisoivat pH-tasapainoa. Tuotteen t\u00e4rkein ainesosa on korkea pitoisuus madecassosidia - puhdas isolaatti ja aktiivinen ainesosa, joka on per\u00e4isin aasialaisesta vedett\u00f6m\u00e4st\u00e4 kasvista......<\/p>","protected":false},"featured_media":9573,"comment_status":"open","ping_status":"closed","template":"","meta":{"_uf_show_specific_survey":0,"_uf_disable_surveys":false,"_bst_post_transparent":"default","_bst_post_title":"","_bst_post_layout":"default","_bst_post_sidebar_id":"","_bst_post_content_style":"default","_bst_post_vertical_padding":"default","_bst_post_feature":"","_bst_post_feature_position":"","_bst_post_header":false,"_bst_post_footer":false},"pwb-brand":[446],"product_brand":[],"product_cat":[158],"product_tag":[233,377,202,465,473,525,216,447,509,544,543,538,203],"class_list":{"0":"post-9570","1":"product","2":"type-product","3":"status-publish","4":"has-post-thumbnail","6":"pwb-brand-mediheal","7":"product_cat-toonik","8":"product_tag-internet-pood-eesti","9":"product_tag-k-beauty-2","10":"product_tag-korea-kosmeetika","11":"product_tag-korea-lux","12":"product_tag-korea-premium","13":"product_tag-korean-health","14":"product_tag-kuiv-nahk","15":"product_tag-mediheal","16":"product_tag-tiktok","17":"product_tag-toner-pads","18":"product_tag-trend","19":"product_tag-viral","20":"product_tag-korejskaya-kosmetika","22":"first","23":"outofstock","24":"sale","25":"shipping-taxable","26":"purchasable","27":"product-type-simple","28":"entry","29":"content-bg","30":"loop-entry"},"supplier_id":null,"supplier_sku":"","barcode":null,"atum_controlled":true,"out_stock_date":"2026-03-27 12:01:00","out_stock_threshold":null,"inheritable":false,"inbound_stock":0,"stock_on_hold":0,"sold_today":0,"sales_last_days":1,"out_stock_days":17,"lost_sales":84,"has_location":false,"update_date":"2026-04-14T00:05:11","atum_locations":[],"atum_stock_status":"outofstock","restock_status":false,"low_stock_amount":"","sales_update_date":"2026-04-14T00:05:11","calc_backorders":null,"yoast_head":"<!-- This site is optimized with the Yoast SEO plugin v27.2 - https:\/\/yoast.com\/product\/yoast-seo-wordpress\/ -->\n<title>Mediheal Madecassoside Blemish Pad - IDA.KOREA<\/title>\n<meta name=\"description\" content=\"Rahustavad toonikpadjad Mediheal Madecassoside Blemish Pad\u00a0omavad antiseptilist toimet, taastavad kahjustatud nahka ja tugevdavad lipiidkihti.\" \/>\n<meta name=\"robots\" content=\"index, follow, max-snippet:-1, max-image-preview:large, max-video-preview:-1\" \/>\n<link rel=\"canonical\" href=\"https:\/\/idakorea.ee\/fi\/product\/rahustavad-toonikpadjad-mediheal-madecassoside-blemish-pad\/\" \/>\n<meta property=\"og:locale\" content=\"fi_FI\" \/>\n<meta property=\"og:type\" content=\"article\" \/>\n<meta property=\"og:title\" content=\"Mediheal Madecassoside Blemish Pad - IDA.KOREA\" \/>\n<meta property=\"og:description\" content=\"Rahustavad toonikpadjad Mediheal Madecassoside Blemish Pad\u00a0omavad antiseptilist toimet, taastavad kahjustatud nahka ja tugevdavad lipiidkihti.\" \/>\n<meta property=\"og:url\" content=\"https:\/\/idakorea.ee\/fi\/product\/rahustavad-toonikpadjad-mediheal-madecassoside-blemish-pad\/\" \/>\n<meta property=\"og:site_name\" content=\"IDA.KOREA\" \/>\n<meta property=\"article:modified_time\" content=\"2026-03-27T10:01:00+00:00\" \/>\n<meta property=\"og:image\" content=\"https:\/\/idakorea.ee\/wp-content\/uploads\/2024\/07\/mediheal-madecassoside-blemish-pads-_1_.png\" \/>\n\t<meta property=\"og:image:width\" content=\"1000\" \/>\n\t<meta property=\"og:image:height\" content=\"1000\" \/>\n\t<meta property=\"og:image:type\" content=\"image\/png\" \/>\n<meta name=\"twitter:card\" content=\"summary_large_image\" \/>\n<meta name=\"twitter:label1\" content=\"Arvioitu lukuaika\" \/>\n\t<meta name=\"twitter:data1\" content=\"2 minuuttia\" \/>\n<script type=\"application\/ld+json\" class=\"yoast-schema-graph\">{\"@context\":\"https:\/\/schema.org\",\"@graph\":[{\"@type\":\"WebPage\",\"@id\":\"https:\/\/idakorea.ee\/product\/rahustavad-toonikpadjad-mediheal-madecassoside-blemish-pad\/\",\"url\":\"https:\/\/idakorea.ee\/product\/rahustavad-toonikpadjad-mediheal-madecassoside-blemish-pad\/\",\"name\":\"Mediheal Madecassoside Blemish Pad - IDA.KOREA\",\"isPartOf\":{\"@id\":\"https:\/\/idakorea.ee\/#website\"},\"primaryImageOfPage\":{\"@id\":\"https:\/\/idakorea.ee\/product\/rahustavad-toonikpadjad-mediheal-madecassoside-blemish-pad\/#primaryimage\"},\"image\":{\"@id\":\"https:\/\/idakorea.ee\/product\/rahustavad-toonikpadjad-mediheal-madecassoside-blemish-pad\/#primaryimage\"},\"thumbnailUrl\":\"https:\/\/idakorea.ee\/wp-content\/uploads\/2024\/07\/mediheal-madecassoside-blemish-pads-_1_.png\",\"datePublished\":\"2024-07-23T07:11:04+00:00\",\"dateModified\":\"2026-03-27T10:01:00+00:00\",\"description\":\"Rahustavad toonikpadjad Mediheal Madecassoside Blemish Pad\u00a0omavad antiseptilist toimet, taastavad kahjustatud nahka ja tugevdavad lipiidkihti.\",\"breadcrumb\":{\"@id\":\"https:\/\/idakorea.ee\/product\/rahustavad-toonikpadjad-mediheal-madecassoside-blemish-pad\/#breadcrumb\"},\"inLanguage\":\"fi\",\"potentialAction\":[{\"@type\":\"ReadAction\",\"target\":[\"https:\/\/idakorea.ee\/product\/rahustavad-toonikpadjad-mediheal-madecassoside-blemish-pad\/\"]}]},{\"@type\":\"ImageObject\",\"inLanguage\":\"fi\",\"@id\":\"https:\/\/idakorea.ee\/product\/rahustavad-toonikpadjad-mediheal-madecassoside-blemish-pad\/#primaryimage\",\"url\":\"https:\/\/idakorea.ee\/wp-content\/uploads\/2024\/07\/mediheal-madecassoside-blemish-pads-_1_.png\",\"contentUrl\":\"https:\/\/idakorea.ee\/wp-content\/uploads\/2024\/07\/mediheal-madecassoside-blemish-pads-_1_.png\",\"width\":1000,\"height\":1000},{\"@type\":\"BreadcrumbList\",\"@id\":\"https:\/\/idakorea.ee\/product\/rahustavad-toonikpadjad-mediheal-madecassoside-blemish-pad\/#breadcrumb\",\"itemListElement\":[{\"@type\":\"ListItem\",\"position\":1,\"name\":\"\u0413\u043b\u0430\u0432\u043d\u0430\u044f \u0441\u0442\u0440\u0430\u043d\u0438\u0446\u0430\",\"item\":\"https:\/\/idakorea.ee\/\"},{\"@type\":\"ListItem\",\"position\":2,\"name\":\"Shop\",\"item\":\"https:\/\/idakorea.ee\/shop-2\/\"},{\"@type\":\"ListItem\",\"position\":3,\"name\":\"Rahustavad toonikpadjad Mediheal Madecassoside Blemish Pad, 100tk\"}]},{\"@type\":\"WebSite\",\"@id\":\"https:\/\/idakorea.ee\/#website\",\"url\":\"https:\/\/idakorea.ee\/\",\"name\":\"IDA.KOREA\",\"description\":\"Korea kosmeetika e-pood\",\"publisher\":{\"@id\":\"https:\/\/idakorea.ee\/#organization\"},\"alternateName\":\"Beauty Shop\",\"potentialAction\":[{\"@type\":\"SearchAction\",\"target\":{\"@type\":\"EntryPoint\",\"urlTemplate\":\"https:\/\/idakorea.ee\/?s={search_term_string}\"},\"query-input\":{\"@type\":\"PropertyValueSpecification\",\"valueRequired\":true,\"valueName\":\"search_term_string\"}}],\"inLanguage\":\"fi\"},{\"@type\":\"Organization\",\"@id\":\"https:\/\/idakorea.ee\/#organization\",\"name\":\"IDA.KOREA\",\"url\":\"https:\/\/idakorea.ee\/\",\"logo\":{\"@type\":\"ImageObject\",\"inLanguage\":\"fi\",\"@id\":\"https:\/\/idakorea.ee\/#\/schema\/logo\/image\/\",\"url\":\"https:\/\/idakorea.ee\/wp-content\/uploads\/2024\/05\/cropped-korea3.png\",\"contentUrl\":\"https:\/\/idakorea.ee\/wp-content\/uploads\/2024\/05\/cropped-korea3.png\",\"width\":688,\"height\":126,\"caption\":\"IDA.KOREA\"},\"image\":{\"@id\":\"https:\/\/idakorea.ee\/#\/schema\/logo\/image\/\"},\"sameAs\":[\"https:\/\/www.instagram.com\/ida.korea\/\"]}]}<\/script>\n<!-- \/ Yoast SEO plugin. -->","yoast_head_json":{"title":"Mediheal Madecassoside Blemish Pad - IDA.KOREA","description":"Mediheal Madecassoside -finnilapuilla on antiseptinen vaikutus, ne korjaavat vaurioitunutta ihoa ja vahvistavat lipidikerrosta.","robots":{"index":"index","follow":"follow","max-snippet":"max-snippet:-1","max-image-preview":"max-image-preview:large","max-video-preview":"max-video-preview:-1"},"canonical":"https:\/\/idakorea.ee\/fi\/product\/rahustavad-toonikpadjad-mediheal-madecassoside-blemish-pad\/","og_locale":"fi_FI","og_type":"article","og_title":"Mediheal Madecassoside Blemish Pad - IDA.KOREA","og_description":"Rahustavad toonikpadjad Mediheal Madecassoside Blemish Pad\u00a0omavad antiseptilist toimet, taastavad kahjustatud nahka ja tugevdavad lipiidkihti.","og_url":"https:\/\/idakorea.ee\/fi\/product\/rahustavad-toonikpadjad-mediheal-madecassoside-blemish-pad\/","og_site_name":"IDA.KOREA","article_modified_time":"2026-03-27T10:01:00+00:00","og_image":[{"width":1000,"height":1000,"url":"https:\/\/idakorea.ee\/wp-content\/uploads\/2024\/07\/mediheal-madecassoside-blemish-pads-_1_.png","type":"image\/png"}],"twitter_card":"summary_large_image","twitter_misc":{"Arvioitu lukuaika":"2 minuuttia"},"schema":{"@context":"https:\/\/schema.org","@graph":[{"@type":"WebPage","@id":"https:\/\/idakorea.ee\/product\/rahustavad-toonikpadjad-mediheal-madecassoside-blemish-pad\/","url":"https:\/\/idakorea.ee\/product\/rahustavad-toonikpadjad-mediheal-madecassoside-blemish-pad\/","name":"Mediheal Madecassoside Blemish Pad - IDA.KOREA","isPartOf":{"@id":"https:\/\/idakorea.ee\/#website"},"primaryImageOfPage":{"@id":"https:\/\/idakorea.ee\/product\/rahustavad-toonikpadjad-mediheal-madecassoside-blemish-pad\/#primaryimage"},"image":{"@id":"https:\/\/idakorea.ee\/product\/rahustavad-toonikpadjad-mediheal-madecassoside-blemish-pad\/#primaryimage"},"thumbnailUrl":"https:\/\/idakorea.ee\/wp-content\/uploads\/2024\/07\/mediheal-madecassoside-blemish-pads-_1_.png","datePublished":"2024-07-23T07:11:04+00:00","dateModified":"2026-03-27T10:01:00+00:00","description":"Mediheal Madecassoside -finnilapuilla on antiseptinen vaikutus, ne korjaavat vaurioitunutta ihoa ja vahvistavat lipidikerrosta.","breadcrumb":{"@id":"https:\/\/idakorea.ee\/product\/rahustavad-toonikpadjad-mediheal-madecassoside-blemish-pad\/#breadcrumb"},"inLanguage":"fi","potentialAction":[{"@type":"ReadAction","target":["https:\/\/idakorea.ee\/product\/rahustavad-toonikpadjad-mediheal-madecassoside-blemish-pad\/"]}]},{"@type":"ImageObject","inLanguage":"fi","@id":"https:\/\/idakorea.ee\/product\/rahustavad-toonikpadjad-mediheal-madecassoside-blemish-pad\/#primaryimage","url":"https:\/\/idakorea.ee\/wp-content\/uploads\/2024\/07\/mediheal-madecassoside-blemish-pads-_1_.png","contentUrl":"https:\/\/idakorea.ee\/wp-content\/uploads\/2024\/07\/mediheal-madecassoside-blemish-pads-_1_.png","width":1000,"height":1000},{"@type":"BreadcrumbList","@id":"https:\/\/idakorea.ee\/product\/rahustavad-toonikpadjad-mediheal-madecassoside-blemish-pad\/#breadcrumb","itemListElement":[{"@type":"ListItem","position":1,"name":"\u0413\u043b\u0430\u0432\u043d\u0430\u044f \u0441\u0442\u0440\u0430\u043d\u0438\u0446\u0430","item":"https:\/\/idakorea.ee\/"},{"@type":"ListItem","position":2,"name":"Shop","item":"https:\/\/idakorea.ee\/shop-2\/"},{"@type":"ListItem","position":3,"name":"Rahustavad toonikpadjad Mediheal Madecassoside Blemish Pad, 100tk"}]},{"@type":"WebSite","@id":"https:\/\/idakorea.ee\/#website","url":"https:\/\/idakorea.ee\/","name":"IDA.KOREA","description":"Korean kosmetiikan verkkokauppa","publisher":{"@id":"https:\/\/idakorea.ee\/#organization"},"alternateName":"Beauty Shop","potentialAction":[{"@type":"SearchAction","target":{"@type":"EntryPoint","urlTemplate":"https:\/\/idakorea.ee\/?s={search_term_string}"},"query-input":{"@type":"PropertyValueSpecification","valueRequired":true,"valueName":"search_term_string"}}],"inLanguage":"fi"},{"@type":"Organization","@id":"https:\/\/idakorea.ee\/#organization","name":"IDA.KOREA","url":"https:\/\/idakorea.ee\/","logo":{"@type":"ImageObject","inLanguage":"fi","@id":"https:\/\/idakorea.ee\/#\/schema\/logo\/image\/","url":"https:\/\/idakorea.ee\/wp-content\/uploads\/2024\/05\/cropped-korea3.png","contentUrl":"https:\/\/idakorea.ee\/wp-content\/uploads\/2024\/05\/cropped-korea3.png","width":688,"height":126,"caption":"IDA.KOREA"},"image":{"@id":"https:\/\/idakorea.ee\/#\/schema\/logo\/image\/"},"sameAs":["https:\/\/www.instagram.com\/ida.korea\/"]}]}},"jetpack_sharing_enabled":true,"brands":[{"id":446,"name":"MEDIHEAL","slug":"mediheal"}],"_links":{"self":[{"href":"https:\/\/idakorea.ee\/fi\/wp-json\/wp\/v2\/product\/9570","targetHints":{"allow":["GET"]}}],"collection":[{"href":"https:\/\/idakorea.ee\/fi\/wp-json\/wp\/v2\/product"}],"about":[{"href":"https:\/\/idakorea.ee\/fi\/wp-json\/wp\/v2\/types\/product"}],"replies":[{"embeddable":true,"href":"https:\/\/idakorea.ee\/fi\/wp-json\/wp\/v2\/comments?post=9570"}],"version-history":[{"count":3,"href":"https:\/\/idakorea.ee\/fi\/wp-json\/wp\/v2\/product\/9570\/revisions"}],"predecessor-version":[{"id":9757,"href":"https:\/\/idakorea.ee\/fi\/wp-json\/wp\/v2\/product\/9570\/revisions\/9757"}],"wp:featuredmedia":[{"embeddable":true,"href":"https:\/\/idakorea.ee\/fi\/wp-json\/wp\/v2\/media\/9573"}],"wp:attachment":[{"href":"https:\/\/idakorea.ee\/fi\/wp-json\/wp\/v2\/media?parent=9570"}],"wp:term":[{"taxonomy":"pwb-brand","embeddable":true,"href":"https:\/\/idakorea.ee\/fi\/wp-json\/wp\/v2\/pwb-brand?post=9570"},{"taxonomy":"product_brand","embeddable":true,"href":"https:\/\/idakorea.ee\/fi\/wp-json\/wp\/v2\/product_brand?post=9570"},{"taxonomy":"product_cat","embeddable":true,"href":"https:\/\/idakorea.ee\/fi\/wp-json\/wp\/v2\/product_cat?post=9570"},{"taxonomy":"product_tag","embeddable":true,"href":"https:\/\/idakorea.ee\/fi\/wp-json\/wp\/v2\/product_tag?post=9570"}],"curies":[{"name":"wp","href":"https:\/\/api.w.org\/{rel}","templated":true}]}}