{"id":9579,"date":"2024-07-23T10:21:43","date_gmt":"2024-07-23T07:21:43","guid":{"rendered":"https:\/\/idakorea.ee\/?post_type=product&#038;p=9579"},"modified":"2026-03-20T10:09:02","modified_gmt":"2026-03-20T08:09:02","slug":"minikomplekt-skin1004-madagascar-centella-travel-kit","status":"publish","type":"product","link":"https:\/\/idakorea.ee\/fi\/product\/minikomplekt-skin1004-madagascar-centella-travel-kit\/","title":{"rendered":"Minipakkaus SKIN1004 Madagaskar Centella Travel Kit Matkapakkaus"},"content":{"rendered":"<p><strong>SKIN1004 Madagascar Centella Travel Kit sis\u00e4lt\u00e4\u00e4 seuraavat Madagascar Centella -ihonhoitosarjan tuotteet: hydrofiilinen \u00f6ljy, puhdistusvaahto, kasvovesi, ampulli ja voide.<\/strong><\/p>\n<p>Kaikki tuotteet sis\u00e4lt\u00e4v\u00e4t suuria pitoisuuksia Aasian vesibobab-uutetta, joka on per\u00e4isin Madagaskarin ekologiselta alueelta. Tuotemerkin luojat uskovat, ett\u00e4 kosmetiikkatuotteiden valmistuksessa on t\u00e4rke\u00e4\u00e4 k\u00e4ytt\u00e4\u00e4 vain hienoimpia ja puhtaimpia ainesosia.<\/p>\n<p>Kompaktin minikokoelman avulla voit tutustua legendaariseen sarjaan maistelemalla SKIN1004:n hittituotteita. Tuotteet takaavat t\u00e4ydellisen huolenpidon matkoilla.<\/p>\n<p>Setti sis\u00e4lt\u00e4\u00e4 viisi minituotetta:<\/p>\n<p><strong>Rauhoittava hydrofiilinen \u00f6ljy, jossa on sentellaa SKIN1004 Madagascar Centella Light Cleansing Oil 30ml<\/strong><\/p>\n<p>\u00d6ljy poistaa jopa pysyv\u00e4n meikin ja puhdistaa ihohuokoset hell\u00e4varaisesti mutta tehokkaasti est\u00e4en huokosten tukkeutumista ja komedojen muodostumista. Tuote emulgoituu nopeasti, imee lian ja talin ja lyhent\u00e4\u00e4 pesuaikaa. Sis\u00e4lt\u00e4\u00e4 10% Aasian vesiuutetta, auringonkukka\u00f6ljy\u00e4, oliivi\u00f6ljy\u00e4, jojoba\u00f6ljy\u00e4 ja Damaskoksen ruusu\u00f6ljy\u00e4.<\/p>\n<p><strong>Rauhoittava puhdistusvaahto, jossa on sentellaa SKIN1004 Madagascar Centella Ampoule Foam 20ml<\/strong><\/p>\n<p>Tarjoaa hell\u00e4varaisen puhdistuksen, joka poistaa lian, sarvit ja ylim\u00e4\u00e4r\u00e4isen \u00f6ljyn huokosista kuivattamatta ihoa tai j\u00e4tt\u00e4m\u00e4tt\u00e4 nykiv\u00e4\u00e4 tunnetta. Miedosti hapan koostumus perustuu 30% Aasian Water Naba -uutteeseen ja sis\u00e4lt\u00e4\u00e4 kookospohjaisia tensidej\u00e4, jotka eiv\u00e4t \u00e4rsyt\u00e4 ihoa.<\/p>\n<p><strong>Hell\u00e4varainen kuoriva kasvovesi, jossa on sentellaa SKIN1004 Madagascar Centella Toning Toner 30ml<\/strong><\/p>\n<p>Rauhoittaa ja pehment\u00e4\u00e4, poistaa hell\u00e4varaisesti karkeat hiukkaset ja rasvaiset j\u00e4\u00e4m\u00e4t, tasoittaa ihon pintaa ja parantaa ihon yleist\u00e4 ilmett\u00e4, yll\u00e4pit\u00e4\u00e4 puhdasta ja sile\u00e4\u00e4 ihoa. Kaava perustuu 84% aasialaiseen vesitahrauutteeseen ja sis\u00e4lt\u00e4\u00e4 niasiiniamidia, PHA-happoa, adenosiinia ja hyaluronihappoa.<\/p>\n<p><strong>Ampulli 100% Aasialainen vesililjauute SKIN1004 Madagaskar Centella Ampulli 30ml<\/strong><\/p>\n<p>Rauhoittaa ja elvytt\u00e4\u00e4 herkk\u00e4\u00e4 ihoa, vahvistaa verisuonia ja auttaa ruusufinni\u00e4 vastaan, lis\u00e4\u00e4 ihon esteen toimintaa, v\u00e4hent\u00e4\u00e4 punoitusta ja tulehdusta. Madagaskarilla kasvatettuun 100% Aasian Water Naba -uutteeseen perustuva v\u00e4h\u00e4happoinen koostumus sis\u00e4lt\u00e4\u00e4 7 kertaa enemm\u00e4n asiaticosidia, joka s\u00e4\u00e4telee vesi- ja talitasapainoa, kiihdytt\u00e4\u00e4 kollageeni- ja elastiinis\u00e4ikeiden synteesi\u00e4 ja lis\u00e4\u00e4 ihon hehkua.<\/p>\n<p><strong>Viilent\u00e4v\u00e4 suojavoide, jossa on sentellaa SKIN1004 Madagascar Centella Soothing Cream 30ml<\/strong><\/p>\n<p>V\u00e4hent\u00e4\u00e4 \u00e4rsytyst\u00e4 ja punoitusta, pehment\u00e4\u00e4, stimuloi uudistumisprosessia ja poistaa hilseily\u00e4, vahvistaa ihon luonnollista hydrolipidikerrosta. Sis\u00e4lt\u00e4\u00e4 aasialaista hiilivetyuutetta, keramideja, traneksaamihappoa, fytosfingosiinia, trehaloosia ja kasviuutteita.<\/p>\n<p><strong>T\u00e4rkeimm\u00e4t vaikuttavat aineet:<\/strong><\/p>\n<ul>\n<li><strong>Aasian vesikrassiuute<\/strong> vahvistaa verisuonia, v\u00e4hent\u00e4\u00e4 tulehdusta, auttaa ekseemaa ja ruusufinni\u00e4 vastaan, ehk\u00e4isee verisuonten l\u00e4iskien muodostumista ja v\u00e4hent\u00e4\u00e4 ihon herkkyytt\u00e4.<\/li>\n<li><strong>Niasiiniamidi (B3-vitamiini)<\/strong> on monik\u00e4ytt\u00f6inen: se s\u00e4\u00e4telee talintuotantoa poistamalla rasvoittuvaa kiiltoa, kirkastaa ja ehk\u00e4isee pigmenttil\u00e4iski\u00e4 sek\u00e4 stimuloi kollageenin tuotantoa, mik\u00e4 lis\u00e4\u00e4 ihon s\u00e4teilevyytt\u00e4 ja kimmoisuutta.<\/li>\n<li><strong>Hyaluronihappo<\/strong> tunkeutuu syv\u00e4lle epidermikseen, kosteuttaa aktiivisesti soluja ja yll\u00e4pit\u00e4\u00e4 optimaalista kosteustasoa. Muodostaa suojakerroksen, joka est\u00e4\u00e4 kosteuden haihtumista.<\/li>\n<\/ul>\n<p>Sopii kaikille ihotyypeille.<\/p>\n<p><strong>K\u00e4ytt\u00f6opas:<\/strong><\/p>\n<p>Poista meikki tai aurinkovoide Madagascar Centella Light Cleansing Oililla: levit\u00e4 kuivalle iholle, emulgoi vedell\u00e4 ja huuhtele pois. Pese kasvot Madagascar Centella Ampoule Foam Cleanser -puhdistusvaahdolla ja sen j\u00e4lkeen Madagascar Centella Toning Toner -kasvoveden avulla. Kun kasvovesi on imeytynyt, levit\u00e4 tiivistynytt\u00e4 Madagascar Centella Ampoulea ja viimeistele kosteuttavalla Madagascar Centella Soothing Cream -voiteella.<\/p>","protected":false},"excerpt":{"rendered":"<p>SKIN1004 Madagascar Centella Travel Kit sis\u00e4lt\u00e4\u00e4 seuraavat Madagascar Centella -ihonhoitosarjan tuotteet: hydrofiilinen \u00f6ljy, puhdistusvaahto, kasvovesi, ampulli ja voide. Kaikki tuotteet sis\u00e4lt\u00e4v\u00e4t korkeita pitoisuuksia Aasian vesibobab-uutetta Madagaskarin ekologiselta alueelta. Tuotemerkin luojat pit\u00e4v\u00e4t t\u00e4rke\u00e4n\u00e4, ett\u00e4 kosmetiikkatuotteissa k\u00e4ytet\u00e4\u00e4n vain hienoimpia ja puhtaimpia ainesosia. Kompaktin minimuodon avulla voit tutustua legendaariseen valikoimaan kokeilemalla...<\/p>","protected":false},"featured_media":9580,"comment_status":"open","ping_status":"closed","template":"","meta":{"_uf_show_specific_survey":0,"_uf_disable_surveys":false,"_bst_post_transparent":"default","_bst_post_title":"","_bst_post_layout":"default","_bst_post_sidebar_id":"","_bst_post_content_style":"default","_bst_post_vertical_padding":"default","_bst_post_feature":"","_bst_post_feature_position":"","_bst_post_header":false,"_bst_post_footer":false},"pwb-brand":[186],"product_brand":[],"product_cat":[95],"product_tag":[546,545,441,547,543,538],"class_list":{"0":"post-9579","1":"product","2":"type-product","3":"status-publish","4":"has-post-thumbnail","6":"pwb-brand-skin1004","7":"product_cat-komplektid","8":"product_tag-centella","9":"product_tag-cica","10":"product_tag-skin1004","11":"product_tag-travel-kit","12":"product_tag-trend","13":"product_tag-viral","15":"first","16":"instock","17":"sale","18":"shipping-taxable","19":"purchasable","20":"product-type-simple","21":"entry","22":"content-bg","23":"loop-entry"},"supplier_id":null,"supplier_sku":"","barcode":null,"atum_controlled":true,"out_stock_date":null,"out_stock_threshold":null,"inheritable":false,"inbound_stock":0,"stock_on_hold":0,"sold_today":0,"sales_last_days":0,"out_stock_days":0,"lost_sales":0,"has_location":false,"update_date":"2026-04-14T00:05:07","atum_locations":[],"atum_stock_status":"instock","restock_status":false,"low_stock_amount":"","sales_update_date":"2026-04-14T00:05:07","calc_backorders":null,"yoast_head":"<!-- This site is optimized with the Yoast SEO plugin v27.2 - https:\/\/yoast.com\/product\/yoast-seo-wordpress\/ -->\n<title>Minikomplekt SKIN1004 Madagascar Centella Travel Kit - IDA.KOREA<\/title>\n<meta name=\"description\" content=\"K\u00f5ik tooted sisaldavad k\u00f5rgeid kontsentratsioone Aasia vesinaba ekstraktist, mis on saadud \u00f6koloogilisest piirkonnast Madagaskaril. Br\u00e4ndi loojaid usuvad, et kosmeetikatoodete valmistamisel on oluline kasutada ainult parimaid ja puhtamaid koostisosi.\" \/>\n<meta name=\"robots\" content=\"index, follow, max-snippet:-1, max-image-preview:large, max-video-preview:-1\" \/>\n<link rel=\"canonical\" href=\"https:\/\/idakorea.ee\/fi\/product\/minikomplekt-skin1004-madagascar-centella-travel-kit\/\" \/>\n<meta property=\"og:locale\" content=\"fi_FI\" \/>\n<meta property=\"og:type\" content=\"article\" \/>\n<meta property=\"og:title\" content=\"Minikomplekt SKIN1004 Madagascar Centella Travel Kit - IDA.KOREA\" \/>\n<meta property=\"og:description\" content=\"K\u00f5ik tooted sisaldavad k\u00f5rgeid kontsentratsioone Aasia vesinaba ekstraktist, mis on saadud \u00f6koloogilisest piirkonnast Madagaskaril. Br\u00e4ndi loojaid usuvad, et kosmeetikatoodete valmistamisel on oluline kasutada ainult parimaid ja puhtamaid koostisosi.\" \/>\n<meta property=\"og:url\" content=\"https:\/\/idakorea.ee\/fi\/product\/minikomplekt-skin1004-madagascar-centella-travel-kit\/\" \/>\n<meta property=\"og:site_name\" content=\"IDA.KOREA\" \/>\n<meta property=\"article:modified_time\" content=\"2026-03-20T08:09:02+00:00\" \/>\n<meta property=\"og:image\" content=\"https:\/\/idakorea.ee\/wp-content\/uploads\/2024\/07\/skin1004-madagascar-centella-travel-kit.jpg\" \/>\n\t<meta property=\"og:image:width\" content=\"1000\" \/>\n\t<meta property=\"og:image:height\" content=\"1000\" \/>\n\t<meta property=\"og:image:type\" content=\"image\/jpeg\" \/>\n<meta name=\"twitter:card\" content=\"summary_large_image\" \/>\n<meta name=\"twitter:label1\" content=\"Arvioitu lukuaika\" \/>\n\t<meta name=\"twitter:data1\" content=\"3 minuuttia\" \/>\n<script type=\"application\/ld+json\" class=\"yoast-schema-graph\">{\"@context\":\"https:\/\/schema.org\",\"@graph\":[{\"@type\":\"WebPage\",\"@id\":\"https:\/\/idakorea.ee\/product\/minikomplekt-skin1004-madagascar-centella-travel-kit\/\",\"url\":\"https:\/\/idakorea.ee\/product\/minikomplekt-skin1004-madagascar-centella-travel-kit\/\",\"name\":\"Minikomplekt SKIN1004 Madagascar Centella Travel Kit - IDA.KOREA\",\"isPartOf\":{\"@id\":\"https:\/\/idakorea.ee\/#website\"},\"primaryImageOfPage\":{\"@id\":\"https:\/\/idakorea.ee\/product\/minikomplekt-skin1004-madagascar-centella-travel-kit\/#primaryimage\"},\"image\":{\"@id\":\"https:\/\/idakorea.ee\/product\/minikomplekt-skin1004-madagascar-centella-travel-kit\/#primaryimage\"},\"thumbnailUrl\":\"https:\/\/idakorea.ee\/wp-content\/uploads\/2024\/07\/skin1004-madagascar-centella-travel-kit.jpg\",\"datePublished\":\"2024-07-23T07:21:43+00:00\",\"dateModified\":\"2026-03-20T08:09:02+00:00\",\"description\":\"K\u00f5ik tooted sisaldavad k\u00f5rgeid kontsentratsioone Aasia vesinaba ekstraktist, mis on saadud \u00f6koloogilisest piirkonnast Madagaskaril. Br\u00e4ndi loojaid usuvad, et kosmeetikatoodete valmistamisel on oluline kasutada ainult parimaid ja puhtamaid koostisosi.\",\"breadcrumb\":{\"@id\":\"https:\/\/idakorea.ee\/product\/minikomplekt-skin1004-madagascar-centella-travel-kit\/#breadcrumb\"},\"inLanguage\":\"fi\",\"potentialAction\":[{\"@type\":\"ReadAction\",\"target\":[\"https:\/\/idakorea.ee\/product\/minikomplekt-skin1004-madagascar-centella-travel-kit\/\"]}]},{\"@type\":\"ImageObject\",\"inLanguage\":\"fi\",\"@id\":\"https:\/\/idakorea.ee\/product\/minikomplekt-skin1004-madagascar-centella-travel-kit\/#primaryimage\",\"url\":\"https:\/\/idakorea.ee\/wp-content\/uploads\/2024\/07\/skin1004-madagascar-centella-travel-kit.jpg\",\"contentUrl\":\"https:\/\/idakorea.ee\/wp-content\/uploads\/2024\/07\/skin1004-madagascar-centella-travel-kit.jpg\",\"width\":1000,\"height\":1000},{\"@type\":\"BreadcrumbList\",\"@id\":\"https:\/\/idakorea.ee\/product\/minikomplekt-skin1004-madagascar-centella-travel-kit\/#breadcrumb\",\"itemListElement\":[{\"@type\":\"ListItem\",\"position\":1,\"name\":\"\u0413\u043b\u0430\u0432\u043d\u0430\u044f \u0441\u0442\u0440\u0430\u043d\u0438\u0446\u0430\",\"item\":\"https:\/\/idakorea.ee\/\"},{\"@type\":\"ListItem\",\"position\":2,\"name\":\"Shop\",\"item\":\"https:\/\/idakorea.ee\/shop-2\/\"},{\"@type\":\"ListItem\",\"position\":3,\"name\":\"Minikomplekt SKIN1004 Madagascar Centella Travel Kit\"}]},{\"@type\":\"WebSite\",\"@id\":\"https:\/\/idakorea.ee\/#website\",\"url\":\"https:\/\/idakorea.ee\/\",\"name\":\"IDA.KOREA\",\"description\":\"Korea kosmeetika e-pood\",\"publisher\":{\"@id\":\"https:\/\/idakorea.ee\/#organization\"},\"alternateName\":\"Beauty Shop\",\"potentialAction\":[{\"@type\":\"SearchAction\",\"target\":{\"@type\":\"EntryPoint\",\"urlTemplate\":\"https:\/\/idakorea.ee\/?s={search_term_string}\"},\"query-input\":{\"@type\":\"PropertyValueSpecification\",\"valueRequired\":true,\"valueName\":\"search_term_string\"}}],\"inLanguage\":\"fi\"},{\"@type\":\"Organization\",\"@id\":\"https:\/\/idakorea.ee\/#organization\",\"name\":\"IDA.KOREA\",\"url\":\"https:\/\/idakorea.ee\/\",\"logo\":{\"@type\":\"ImageObject\",\"inLanguage\":\"fi\",\"@id\":\"https:\/\/idakorea.ee\/#\/schema\/logo\/image\/\",\"url\":\"https:\/\/idakorea.ee\/wp-content\/uploads\/2024\/05\/cropped-korea3.png\",\"contentUrl\":\"https:\/\/idakorea.ee\/wp-content\/uploads\/2024\/05\/cropped-korea3.png\",\"width\":688,\"height\":126,\"caption\":\"IDA.KOREA\"},\"image\":{\"@id\":\"https:\/\/idakorea.ee\/#\/schema\/logo\/image\/\"},\"sameAs\":[\"https:\/\/www.instagram.com\/ida.korea\/\"]}]}<\/script>\n<!-- \/ Yoast SEO plugin. -->","yoast_head_json":{"title":"Minipakkaus SKIN1004 Madagaskar Centella Travel Kit - IDA.KOREA","description":"Kaikki tuotteet sis\u00e4lt\u00e4v\u00e4t suuria pitoisuuksia Aasian vesibobab-uutetta, joka on per\u00e4isin Madagaskarin ekologiselta alueelta. Tuotemerkin luojat uskovat, ett\u00e4 kosmetiikkatuotteiden valmistuksessa on t\u00e4rke\u00e4\u00e4 k\u00e4ytt\u00e4\u00e4 vain hienoimpia ja puhtaimpia ainesosia.","robots":{"index":"index","follow":"follow","max-snippet":"max-snippet:-1","max-image-preview":"max-image-preview:large","max-video-preview":"max-video-preview:-1"},"canonical":"https:\/\/idakorea.ee\/fi\/product\/minikomplekt-skin1004-madagascar-centella-travel-kit\/","og_locale":"fi_FI","og_type":"article","og_title":"Minikomplekt SKIN1004 Madagascar Centella Travel Kit - IDA.KOREA","og_description":"K\u00f5ik tooted sisaldavad k\u00f5rgeid kontsentratsioone Aasia vesinaba ekstraktist, mis on saadud \u00f6koloogilisest piirkonnast Madagaskaril. Br\u00e4ndi loojaid usuvad, et kosmeetikatoodete valmistamisel on oluline kasutada ainult parimaid ja puhtamaid koostisosi.","og_url":"https:\/\/idakorea.ee\/fi\/product\/minikomplekt-skin1004-madagascar-centella-travel-kit\/","og_site_name":"IDA.KOREA","article_modified_time":"2026-03-20T08:09:02+00:00","og_image":[{"width":1000,"height":1000,"url":"https:\/\/idakorea.ee\/wp-content\/uploads\/2024\/07\/skin1004-madagascar-centella-travel-kit.jpg","type":"image\/jpeg"}],"twitter_card":"summary_large_image","twitter_misc":{"Arvioitu lukuaika":"3 minuuttia"},"schema":{"@context":"https:\/\/schema.org","@graph":[{"@type":"WebPage","@id":"https:\/\/idakorea.ee\/product\/minikomplekt-skin1004-madagascar-centella-travel-kit\/","url":"https:\/\/idakorea.ee\/product\/minikomplekt-skin1004-madagascar-centella-travel-kit\/","name":"Minipakkaus SKIN1004 Madagaskar Centella Travel Kit - IDA.KOREA","isPartOf":{"@id":"https:\/\/idakorea.ee\/#website"},"primaryImageOfPage":{"@id":"https:\/\/idakorea.ee\/product\/minikomplekt-skin1004-madagascar-centella-travel-kit\/#primaryimage"},"image":{"@id":"https:\/\/idakorea.ee\/product\/minikomplekt-skin1004-madagascar-centella-travel-kit\/#primaryimage"},"thumbnailUrl":"https:\/\/idakorea.ee\/wp-content\/uploads\/2024\/07\/skin1004-madagascar-centella-travel-kit.jpg","datePublished":"2024-07-23T07:21:43+00:00","dateModified":"2026-03-20T08:09:02+00:00","description":"Kaikki tuotteet sis\u00e4lt\u00e4v\u00e4t suuria pitoisuuksia Aasian vesibobab-uutetta, joka on per\u00e4isin Madagaskarin ekologiselta alueelta. Tuotemerkin luojat uskovat, ett\u00e4 kosmetiikkatuotteiden valmistuksessa on t\u00e4rke\u00e4\u00e4 k\u00e4ytt\u00e4\u00e4 vain hienoimpia ja puhtaimpia ainesosia.","breadcrumb":{"@id":"https:\/\/idakorea.ee\/product\/minikomplekt-skin1004-madagascar-centella-travel-kit\/#breadcrumb"},"inLanguage":"fi","potentialAction":[{"@type":"ReadAction","target":["https:\/\/idakorea.ee\/product\/minikomplekt-skin1004-madagascar-centella-travel-kit\/"]}]},{"@type":"ImageObject","inLanguage":"fi","@id":"https:\/\/idakorea.ee\/product\/minikomplekt-skin1004-madagascar-centella-travel-kit\/#primaryimage","url":"https:\/\/idakorea.ee\/wp-content\/uploads\/2024\/07\/skin1004-madagascar-centella-travel-kit.jpg","contentUrl":"https:\/\/idakorea.ee\/wp-content\/uploads\/2024\/07\/skin1004-madagascar-centella-travel-kit.jpg","width":1000,"height":1000},{"@type":"BreadcrumbList","@id":"https:\/\/idakorea.ee\/product\/minikomplekt-skin1004-madagascar-centella-travel-kit\/#breadcrumb","itemListElement":[{"@type":"ListItem","position":1,"name":"\u0413\u043b\u0430\u0432\u043d\u0430\u044f \u0441\u0442\u0440\u0430\u043d\u0438\u0446\u0430","item":"https:\/\/idakorea.ee\/"},{"@type":"ListItem","position":2,"name":"Shop","item":"https:\/\/idakorea.ee\/shop-2\/"},{"@type":"ListItem","position":3,"name":"Minikomplekt SKIN1004 Madagascar Centella Travel Kit"}]},{"@type":"WebSite","@id":"https:\/\/idakorea.ee\/#website","url":"https:\/\/idakorea.ee\/","name":"IDA.KOREA","description":"Korean kosmetiikan verkkokauppa","publisher":{"@id":"https:\/\/idakorea.ee\/#organization"},"alternateName":"Beauty Shop","potentialAction":[{"@type":"SearchAction","target":{"@type":"EntryPoint","urlTemplate":"https:\/\/idakorea.ee\/?s={search_term_string}"},"query-input":{"@type":"PropertyValueSpecification","valueRequired":true,"valueName":"search_term_string"}}],"inLanguage":"fi"},{"@type":"Organization","@id":"https:\/\/idakorea.ee\/#organization","name":"IDA.KOREA","url":"https:\/\/idakorea.ee\/","logo":{"@type":"ImageObject","inLanguage":"fi","@id":"https:\/\/idakorea.ee\/#\/schema\/logo\/image\/","url":"https:\/\/idakorea.ee\/wp-content\/uploads\/2024\/05\/cropped-korea3.png","contentUrl":"https:\/\/idakorea.ee\/wp-content\/uploads\/2024\/05\/cropped-korea3.png","width":688,"height":126,"caption":"IDA.KOREA"},"image":{"@id":"https:\/\/idakorea.ee\/#\/schema\/logo\/image\/"},"sameAs":["https:\/\/www.instagram.com\/ida.korea\/"]}]}},"jetpack_sharing_enabled":true,"brands":[{"id":186,"name":"SKIN1004","slug":"skin1004"}],"_links":{"self":[{"href":"https:\/\/idakorea.ee\/fi\/wp-json\/wp\/v2\/product\/9579","targetHints":{"allow":["GET"]}}],"collection":[{"href":"https:\/\/idakorea.ee\/fi\/wp-json\/wp\/v2\/product"}],"about":[{"href":"https:\/\/idakorea.ee\/fi\/wp-json\/wp\/v2\/types\/product"}],"replies":[{"embeddable":true,"href":"https:\/\/idakorea.ee\/fi\/wp-json\/wp\/v2\/comments?post=9579"}],"version-history":[{"count":1,"href":"https:\/\/idakorea.ee\/fi\/wp-json\/wp\/v2\/product\/9579\/revisions"}],"predecessor-version":[{"id":9583,"href":"https:\/\/idakorea.ee\/fi\/wp-json\/wp\/v2\/product\/9579\/revisions\/9583"}],"wp:featuredmedia":[{"embeddable":true,"href":"https:\/\/idakorea.ee\/fi\/wp-json\/wp\/v2\/media\/9580"}],"wp:attachment":[{"href":"https:\/\/idakorea.ee\/fi\/wp-json\/wp\/v2\/media?parent=9579"}],"wp:term":[{"taxonomy":"pwb-brand","embeddable":true,"href":"https:\/\/idakorea.ee\/fi\/wp-json\/wp\/v2\/pwb-brand?post=9579"},{"taxonomy":"product_brand","embeddable":true,"href":"https:\/\/idakorea.ee\/fi\/wp-json\/wp\/v2\/product_brand?post=9579"},{"taxonomy":"product_cat","embeddable":true,"href":"https:\/\/idakorea.ee\/fi\/wp-json\/wp\/v2\/product_cat?post=9579"},{"taxonomy":"product_tag","embeddable":true,"href":"https:\/\/idakorea.ee\/fi\/wp-json\/wp\/v2\/product_tag?post=9579"}],"curies":[{"name":"wp","href":"https:\/\/api.w.org\/{rel}","templated":true}]}}