{"id":9639,"date":"2024-08-10T09:54:14","date_gmt":"2024-08-10T07:54:14","guid":{"rendered":"https:\/\/idakorea.ee\/?post_type=product&#038;p=9639"},"modified":"2026-04-08T11:38:56","modified_gmt":"2026-04-08T09:38:56","slug":"savimask-anua-heartleaf-pore-clay-pack-100ml","status":"publish","type":"product","link":"https:\/\/idakorea.ee\/fi\/product\/savimask-anua-heartleaf-pore-clay-pack-100ml\/","title":{"rendered":"Savinaamio Anua Heartleaf Pore Clay Pack, 100ml, viimeinen k\u00e4ytt\u00f6p\u00e4iv\u00e4 13.09.2026"},"content":{"rendered":"<p><strong>Anua Heartleaf Pore Savipakkaus<\/strong> Savihuokosia puhdistava naamio imee lian huokosista, poistaa ylim\u00e4\u00e4r\u00e4isen \u00f6ljyn ja kuolleet ihosolut, kirkastaa rasvoittuvia ihokierteit\u00e4 ja ehk\u00e4isee komedojen muodostumista.<\/p>\n<p>Normalisoi \u00f6ljyntuotantoa, ehk\u00e4isee rasvaista kiiltoa ja supistaa huokosia kuivattamatta ihoa. Rauhoittaa ja pehment\u00e4\u00e4, kiillottaa ihon pintaa hell\u00e4varaisesti ja j\u00e4tt\u00e4\u00e4 sen pehme\u00e4ksi ja sile\u00e4ksi. Valmistelee ihon meikin levitt\u00e4mist\u00e4 varten.<\/p>\n<p>Tuote sis\u00e4lt\u00e4\u00e4 hienoja tai keskikokoisia hiomahiukkasia, jotka kuorivat ihoa ja poistavat karheat alueet. Siin\u00e4 on hento kermainen koostumus ja eukalyptuksen tuoksu.<\/p>\n<p>&nbsp;<\/p>\n<p><strong>Muut vaikuttavat aineet<\/strong>:<\/p>\n<ul>\n<li><strong>20% kaoliini<\/strong> - savityyppi, joka poistaa ylim\u00e4\u00e4r\u00e4ist\u00e4 \u00f6ljy\u00e4, mattaa ja puhdistaa ihoa ja kyll\u00e4st\u00e4\u00e4 sen mineraaleilla.<\/li>\n<li><strong>Bentoniitti (35 000 ppm)<\/strong> - savityyppi, joka puhdistaa tehokkaasti, poistaa lian huokosista, ehk\u00e4isee liiallista rasvoittumista, mattaa ja tasoittaa ihon rakennetta.<\/li>\n<li><strong>10,1%-uute sammakon syd\u00e4men suolesta<\/strong> - lievitt\u00e4\u00e4 tulehdusta, nopeuttaa paranemista, vahvistaa paikallista immuniteettia ja v\u00e4hent\u00e4\u00e4 herkkyytt\u00e4 ulkoisille \u00e4rsytt\u00e4ville tekij\u00f6ille.<\/li>\n<li><strong>Proteaasi (20 000 ppb)<\/strong> - entsyymi, joka hajottaa proteiiniyhdisteit\u00e4 ja edist\u00e4\u00e4 kuolleiden solujen poistamista ja ihon puhdistumista.<\/li>\n<li><strong>Kalamataan<\/strong> rauhoittaa tulehdusta, kuivattaa, v\u00e4hent\u00e4\u00e4 rasvaisuutta ja s\u00e4\u00e4telee talirauhasia.<\/li>\n<li><strong>Aasian vesikrassiuute<\/strong> vahvistaa verisuonten sein\u00e4mi\u00e4, v\u00e4hent\u00e4\u00e4 kapillaarien n\u00e4kyvyytt\u00e4, lievitt\u00e4\u00e4 punoitusta, rauhoittaa ja parantaa ihon kimmoisuutta.<\/li>\n<li><strong>Kollaasit<\/strong> kosteuttaa, auttaa s\u00e4ilytt\u00e4m\u00e4\u00e4n kosteutta epidermiksess\u00e4, parantaa ihon kimmoisuutta ja tasoittaa ihon rakennetta.<\/li>\n<li><strong>Palmitoyylitripeptidi-5<\/strong> vahvistaa solunulkoista matriisia, jolloin iho on tiiviimpi ja kimmoisampi, mik\u00e4 auttaa kirist\u00e4m\u00e4\u00e4n huokosia ja pienent\u00e4m\u00e4\u00e4n niiden kokoa.<\/li>\n<li><strong>Viigiekstrakt<\/strong> sis\u00e4lt\u00e4\u00e4 ainutlaatuista fisine-nimist\u00e4 entsyymi\u00e4, joka poistaa hell\u00e4varaisesti ja \u00e4rsytt\u00e4m\u00e4tt\u00e4 kuolleita ihosoluja, tasoittaa ihon rakennetta ja tekee ihosta sile\u00e4mm\u00e4n ja tasaisemman.<\/li>\n<\/ul>\n<p>Sopii kaikille ihotyypeille.<\/p>\n<p><strong>K\u00e4ytt\u00f6ohjeet<\/strong>: Levit\u00e4 naamio kasvojen pesun j\u00e4lkeen kuivalle iholle tai vain T-alueelle. Hiero halutessasi. Huuhtele 3-5 minuutin kuluttua, jatka ihonhoitoa. Suositeltu k\u00e4ytt\u00f6 1-2 kertaa viikossa.<\/p>","protected":false},"excerpt":{"rendered":"<p>Anua Heartleaf Pore Clay Pack -savinaamio huokosten puhdistukseen imee likaa huokosista, poistaa ylim\u00e4\u00e4r\u00e4ist\u00e4 \u00f6ljy\u00e4 ja kuolleita ihosoluja, kirkastaa rasvoittuvia kierteit\u00e4 ja ehk\u00e4isee komedojen muodostumista. Normalisoi talintuotantoa, ehk\u00e4isee rasvaista kiiltoa ja supistaa huokosia kuivattamatta ihoa. Rauhoittaa ja pehment\u00e4\u00e4, kiillottaa hell\u00e4varaisesti ihon pintaa j\u00e4tt\u00e4en sen pehme\u00e4ksi ja sile\u00e4ksi. Valmistelee ihon meikin levitt\u00e4mist\u00e4 varten....<\/p>","protected":false},"featured_media":9640,"comment_status":"open","ping_status":"closed","template":"","meta":{"_uf_show_specific_survey":0,"_uf_disable_surveys":false,"_bst_post_transparent":"default","_bst_post_title":"","_bst_post_layout":"default","_bst_post_sidebar_id":"","_bst_post_content_style":"default","_bst_post_vertical_padding":"default","_bst_post_feature":"","_bst_post_feature_position":"","_bst_post_header":false,"_bst_post_footer":false},"pwb-brand":[104],"product_brand":[],"product_cat":[92,98,100],"product_tag":[102,551,233,377,202,465,473,221,203],"class_list":{"0":"post-9639","1":"product","2":"type-product","3":"status-publish","4":"has-post-thumbnail","6":"pwb-brand-anua","7":"product_cat-nagu","8":"product_cat-naomaskid","9":"product_cat-puhastusvahendid","10":"product_tag-anua","11":"product_tag-clay-mask","12":"product_tag-internet-pood-eesti","13":"product_tag-k-beauty-2","14":"product_tag-korea-kosmeetika","15":"product_tag-korea-lux","16":"product_tag-korea-premium","17":"product_tag-tundlik-nahk","18":"product_tag-korejskaya-kosmetika","20":"first","21":"instock","22":"sale","23":"shipping-taxable","24":"purchasable","25":"product-type-simple","26":"entry","27":"content-bg","28":"loop-entry"},"supplier_id":null,"supplier_sku":"","barcode":null,"atum_controlled":true,"out_stock_date":null,"out_stock_threshold":null,"inheritable":false,"inbound_stock":0,"stock_on_hold":0,"sold_today":0,"sales_last_days":1,"out_stock_days":0,"lost_sales":0,"has_location":false,"update_date":"2026-04-14T00:05:13","atum_locations":[],"atum_stock_status":"instock","restock_status":false,"low_stock_amount":"","sales_update_date":"2026-04-14T00:05:13","calc_backorders":null,"yoast_head":"<!-- This site is optimized with the Yoast SEO plugin v27.2 - https:\/\/yoast.com\/product\/yoast-seo-wordpress\/ -->\n<title>Savimask Anua Heartleaf Pore Clay Pack, 100ml EXP 13.09.2026 - IDA.KOREA<\/title>\n<meta name=\"description\" content=\"Anua Heartleaf Pore Clay Pack savimask pooride puhastamiseks imab poorest mustuse, eemaldab \u00fcleliigse rasu ja surnud naharakud, helendab rasuseid niite ja takistab komedoonide tekkimist.\" \/>\n<meta name=\"robots\" content=\"index, follow, max-snippet:-1, max-image-preview:large, max-video-preview:-1\" \/>\n<link rel=\"canonical\" href=\"https:\/\/idakorea.ee\/fi\/product\/savimask-anua-heartleaf-pore-clay-pack-100ml\/\" \/>\n<meta property=\"og:locale\" content=\"fi_FI\" \/>\n<meta property=\"og:type\" content=\"article\" \/>\n<meta property=\"og:title\" content=\"Savimask Anua Heartleaf Pore Clay Pack, 100ml EXP 13.09.2026 - IDA.KOREA\" \/>\n<meta property=\"og:description\" content=\"Anua Heartleaf Pore Clay Pack savimask pooride puhastamiseks imab poorest mustuse, eemaldab \u00fcleliigse rasu ja surnud naharakud, helendab rasuseid niite ja takistab komedoonide tekkimist.\" \/>\n<meta property=\"og:url\" content=\"https:\/\/idakorea.ee\/fi\/product\/savimask-anua-heartleaf-pore-clay-pack-100ml\/\" \/>\n<meta property=\"og:site_name\" content=\"IDA.KOREA\" \/>\n<meta property=\"article:modified_time\" content=\"2026-04-08T09:38:56+00:00\" \/>\n<meta property=\"og:image\" content=\"https:\/\/idakorea.ee\/wp-content\/uploads\/2024\/08\/anua_-heartleaf-pore-clay-pack.jpg\" \/>\n\t<meta property=\"og:image:width\" content=\"1000\" \/>\n\t<meta property=\"og:image:height\" content=\"1000\" \/>\n\t<meta property=\"og:image:type\" content=\"image\/jpeg\" \/>\n<meta name=\"twitter:card\" content=\"summary_large_image\" \/>\n<meta name=\"twitter:label1\" content=\"Arvioitu lukuaika\" \/>\n\t<meta name=\"twitter:data1\" content=\"2 minuuttia\" \/>\n<script type=\"application\/ld+json\" class=\"yoast-schema-graph\">{\"@context\":\"https:\/\/schema.org\",\"@graph\":[{\"@type\":\"WebPage\",\"@id\":\"https:\/\/idakorea.ee\/product\/savimask-anua-heartleaf-pore-clay-pack-100ml\/\",\"url\":\"https:\/\/idakorea.ee\/product\/savimask-anua-heartleaf-pore-clay-pack-100ml\/\",\"name\":\"Savimask Anua Heartleaf Pore Clay Pack, 100ml EXP 13.09.2026 - IDA.KOREA\",\"isPartOf\":{\"@id\":\"https:\/\/idakorea.ee\/#website\"},\"primaryImageOfPage\":{\"@id\":\"https:\/\/idakorea.ee\/product\/savimask-anua-heartleaf-pore-clay-pack-100ml\/#primaryimage\"},\"image\":{\"@id\":\"https:\/\/idakorea.ee\/product\/savimask-anua-heartleaf-pore-clay-pack-100ml\/#primaryimage\"},\"thumbnailUrl\":\"https:\/\/idakorea.ee\/wp-content\/uploads\/2024\/08\/anua_-heartleaf-pore-clay-pack.jpg\",\"datePublished\":\"2024-08-10T07:54:14+00:00\",\"dateModified\":\"2026-04-08T09:38:56+00:00\",\"description\":\"Anua Heartleaf Pore Clay Pack savimask pooride puhastamiseks imab poorest mustuse, eemaldab \u00fcleliigse rasu ja surnud naharakud, helendab rasuseid niite ja takistab komedoonide tekkimist.\",\"breadcrumb\":{\"@id\":\"https:\/\/idakorea.ee\/product\/savimask-anua-heartleaf-pore-clay-pack-100ml\/#breadcrumb\"},\"inLanguage\":\"fi\",\"potentialAction\":[{\"@type\":\"ReadAction\",\"target\":[\"https:\/\/idakorea.ee\/product\/savimask-anua-heartleaf-pore-clay-pack-100ml\/\"]}]},{\"@type\":\"ImageObject\",\"inLanguage\":\"fi\",\"@id\":\"https:\/\/idakorea.ee\/product\/savimask-anua-heartleaf-pore-clay-pack-100ml\/#primaryimage\",\"url\":\"https:\/\/idakorea.ee\/wp-content\/uploads\/2024\/08\/anua_-heartleaf-pore-clay-pack.jpg\",\"contentUrl\":\"https:\/\/idakorea.ee\/wp-content\/uploads\/2024\/08\/anua_-heartleaf-pore-clay-pack.jpg\",\"width\":1000,\"height\":1000},{\"@type\":\"BreadcrumbList\",\"@id\":\"https:\/\/idakorea.ee\/product\/savimask-anua-heartleaf-pore-clay-pack-100ml\/#breadcrumb\",\"itemListElement\":[{\"@type\":\"ListItem\",\"position\":1,\"name\":\"\u0413\u043b\u0430\u0432\u043d\u0430\u044f \u0441\u0442\u0440\u0430\u043d\u0438\u0446\u0430\",\"item\":\"https:\/\/idakorea.ee\/\"},{\"@type\":\"ListItem\",\"position\":2,\"name\":\"Shop\",\"item\":\"https:\/\/idakorea.ee\/shop-2\/\"},{\"@type\":\"ListItem\",\"position\":3,\"name\":\"Savimask Anua Heartleaf Pore Clay Pack, 100ml EXP 13.09.2026\"}]},{\"@type\":\"WebSite\",\"@id\":\"https:\/\/idakorea.ee\/#website\",\"url\":\"https:\/\/idakorea.ee\/\",\"name\":\"IDA.KOREA\",\"description\":\"Korea kosmeetika e-pood\",\"publisher\":{\"@id\":\"https:\/\/idakorea.ee\/#organization\"},\"alternateName\":\"Beauty Shop\",\"potentialAction\":[{\"@type\":\"SearchAction\",\"target\":{\"@type\":\"EntryPoint\",\"urlTemplate\":\"https:\/\/idakorea.ee\/?s={search_term_string}\"},\"query-input\":{\"@type\":\"PropertyValueSpecification\",\"valueRequired\":true,\"valueName\":\"search_term_string\"}}],\"inLanguage\":\"fi\"},{\"@type\":\"Organization\",\"@id\":\"https:\/\/idakorea.ee\/#organization\",\"name\":\"IDA.KOREA\",\"url\":\"https:\/\/idakorea.ee\/\",\"logo\":{\"@type\":\"ImageObject\",\"inLanguage\":\"fi\",\"@id\":\"https:\/\/idakorea.ee\/#\/schema\/logo\/image\/\",\"url\":\"https:\/\/idakorea.ee\/wp-content\/uploads\/2024\/05\/cropped-korea3.png\",\"contentUrl\":\"https:\/\/idakorea.ee\/wp-content\/uploads\/2024\/05\/cropped-korea3.png\",\"width\":688,\"height\":126,\"caption\":\"IDA.KOREA\"},\"image\":{\"@id\":\"https:\/\/idakorea.ee\/#\/schema\/logo\/image\/\"},\"sameAs\":[\"https:\/\/www.instagram.com\/ida.korea\/\"]}]}<\/script>\n<!-- \/ Yoast SEO plugin. -->","yoast_head_json":{"title":"Savimask Anua Heartleaf Pore Clay Pack, 100ml EXP 13.09.2026 - IDA.KOREA","description":"Anua Heartleaf Pore Clay Pack -savinaamio huokosten puhdistukseen imee likaa huokosista, poistaa ylim\u00e4\u00e4r\u00e4ist\u00e4 \u00f6ljy\u00e4 ja kuolleita ihosoluja, kirkastaa rasvoittuvia kierteit\u00e4 ja ehk\u00e4isee komedojen muodostumista.","robots":{"index":"index","follow":"follow","max-snippet":"max-snippet:-1","max-image-preview":"max-image-preview:large","max-video-preview":"max-video-preview:-1"},"canonical":"https:\/\/idakorea.ee\/fi\/product\/savimask-anua-heartleaf-pore-clay-pack-100ml\/","og_locale":"fi_FI","og_type":"article","og_title":"Savimask Anua Heartleaf Pore Clay Pack, 100ml EXP 13.09.2026 - IDA.KOREA","og_description":"Anua Heartleaf Pore Clay Pack savimask pooride puhastamiseks imab poorest mustuse, eemaldab \u00fcleliigse rasu ja surnud naharakud, helendab rasuseid niite ja takistab komedoonide tekkimist.","og_url":"https:\/\/idakorea.ee\/fi\/product\/savimask-anua-heartleaf-pore-clay-pack-100ml\/","og_site_name":"IDA.KOREA","article_modified_time":"2026-04-08T09:38:56+00:00","og_image":[{"width":1000,"height":1000,"url":"https:\/\/idakorea.ee\/wp-content\/uploads\/2024\/08\/anua_-heartleaf-pore-clay-pack.jpg","type":"image\/jpeg"}],"twitter_card":"summary_large_image","twitter_misc":{"Arvioitu lukuaika":"2 minuuttia"},"schema":{"@context":"https:\/\/schema.org","@graph":[{"@type":"WebPage","@id":"https:\/\/idakorea.ee\/product\/savimask-anua-heartleaf-pore-clay-pack-100ml\/","url":"https:\/\/idakorea.ee\/product\/savimask-anua-heartleaf-pore-clay-pack-100ml\/","name":"Savimask Anua Heartleaf Pore Clay Pack, 100ml EXP 13.09.2026 - IDA.KOREA","isPartOf":{"@id":"https:\/\/idakorea.ee\/#website"},"primaryImageOfPage":{"@id":"https:\/\/idakorea.ee\/product\/savimask-anua-heartleaf-pore-clay-pack-100ml\/#primaryimage"},"image":{"@id":"https:\/\/idakorea.ee\/product\/savimask-anua-heartleaf-pore-clay-pack-100ml\/#primaryimage"},"thumbnailUrl":"https:\/\/idakorea.ee\/wp-content\/uploads\/2024\/08\/anua_-heartleaf-pore-clay-pack.jpg","datePublished":"2024-08-10T07:54:14+00:00","dateModified":"2026-04-08T09:38:56+00:00","description":"Anua Heartleaf Pore Clay Pack -savinaamio huokosten puhdistukseen imee likaa huokosista, poistaa ylim\u00e4\u00e4r\u00e4ist\u00e4 \u00f6ljy\u00e4 ja kuolleita ihosoluja, kirkastaa rasvoittuvia kierteit\u00e4 ja ehk\u00e4isee komedojen muodostumista.","breadcrumb":{"@id":"https:\/\/idakorea.ee\/product\/savimask-anua-heartleaf-pore-clay-pack-100ml\/#breadcrumb"},"inLanguage":"fi","potentialAction":[{"@type":"ReadAction","target":["https:\/\/idakorea.ee\/product\/savimask-anua-heartleaf-pore-clay-pack-100ml\/"]}]},{"@type":"ImageObject","inLanguage":"fi","@id":"https:\/\/idakorea.ee\/product\/savimask-anua-heartleaf-pore-clay-pack-100ml\/#primaryimage","url":"https:\/\/idakorea.ee\/wp-content\/uploads\/2024\/08\/anua_-heartleaf-pore-clay-pack.jpg","contentUrl":"https:\/\/idakorea.ee\/wp-content\/uploads\/2024\/08\/anua_-heartleaf-pore-clay-pack.jpg","width":1000,"height":1000},{"@type":"BreadcrumbList","@id":"https:\/\/idakorea.ee\/product\/savimask-anua-heartleaf-pore-clay-pack-100ml\/#breadcrumb","itemListElement":[{"@type":"ListItem","position":1,"name":"\u0413\u043b\u0430\u0432\u043d\u0430\u044f \u0441\u0442\u0440\u0430\u043d\u0438\u0446\u0430","item":"https:\/\/idakorea.ee\/"},{"@type":"ListItem","position":2,"name":"Shop","item":"https:\/\/idakorea.ee\/shop-2\/"},{"@type":"ListItem","position":3,"name":"Savimask Anua Heartleaf Pore Clay Pack, 100ml EXP 13.09.2026"}]},{"@type":"WebSite","@id":"https:\/\/idakorea.ee\/#website","url":"https:\/\/idakorea.ee\/","name":"IDA.KOREA","description":"Korean kosmetiikan verkkokauppa","publisher":{"@id":"https:\/\/idakorea.ee\/#organization"},"alternateName":"Beauty Shop","potentialAction":[{"@type":"SearchAction","target":{"@type":"EntryPoint","urlTemplate":"https:\/\/idakorea.ee\/?s={search_term_string}"},"query-input":{"@type":"PropertyValueSpecification","valueRequired":true,"valueName":"search_term_string"}}],"inLanguage":"fi"},{"@type":"Organization","@id":"https:\/\/idakorea.ee\/#organization","name":"IDA.KOREA","url":"https:\/\/idakorea.ee\/","logo":{"@type":"ImageObject","inLanguage":"fi","@id":"https:\/\/idakorea.ee\/#\/schema\/logo\/image\/","url":"https:\/\/idakorea.ee\/wp-content\/uploads\/2024\/05\/cropped-korea3.png","contentUrl":"https:\/\/idakorea.ee\/wp-content\/uploads\/2024\/05\/cropped-korea3.png","width":688,"height":126,"caption":"IDA.KOREA"},"image":{"@id":"https:\/\/idakorea.ee\/#\/schema\/logo\/image\/"},"sameAs":["https:\/\/www.instagram.com\/ida.korea\/"]}]}},"jetpack_sharing_enabled":true,"brands":[{"id":104,"name":"ANUA","slug":"anua"}],"_links":{"self":[{"href":"https:\/\/idakorea.ee\/fi\/wp-json\/wp\/v2\/product\/9639","targetHints":{"allow":["GET"]}}],"collection":[{"href":"https:\/\/idakorea.ee\/fi\/wp-json\/wp\/v2\/product"}],"about":[{"href":"https:\/\/idakorea.ee\/fi\/wp-json\/wp\/v2\/types\/product"}],"replies":[{"embeddable":true,"href":"https:\/\/idakorea.ee\/fi\/wp-json\/wp\/v2\/comments?post=9639"}],"version-history":[{"count":3,"href":"https:\/\/idakorea.ee\/fi\/wp-json\/wp\/v2\/product\/9639\/revisions"}],"predecessor-version":[{"id":17782,"href":"https:\/\/idakorea.ee\/fi\/wp-json\/wp\/v2\/product\/9639\/revisions\/17782"}],"wp:featuredmedia":[{"embeddable":true,"href":"https:\/\/idakorea.ee\/fi\/wp-json\/wp\/v2\/media\/9640"}],"wp:attachment":[{"href":"https:\/\/idakorea.ee\/fi\/wp-json\/wp\/v2\/media?parent=9639"}],"wp:term":[{"taxonomy":"pwb-brand","embeddable":true,"href":"https:\/\/idakorea.ee\/fi\/wp-json\/wp\/v2\/pwb-brand?post=9639"},{"taxonomy":"product_brand","embeddable":true,"href":"https:\/\/idakorea.ee\/fi\/wp-json\/wp\/v2\/product_brand?post=9639"},{"taxonomy":"product_cat","embeddable":true,"href":"https:\/\/idakorea.ee\/fi\/wp-json\/wp\/v2\/product_cat?post=9639"},{"taxonomy":"product_tag","embeddable":true,"href":"https:\/\/idakorea.ee\/fi\/wp-json\/wp\/v2\/product_tag?post=9639"}],"curies":[{"name":"wp","href":"https:\/\/api.w.org\/{rel}","templated":true}]}}