{"id":9646,"date":"2024-08-10T11:38:05","date_gmt":"2024-08-10T08:38:05","guid":{"rendered":"https:\/\/idakorea.ee\/?post_type=product&#038;p=9646"},"modified":"2026-03-16T12:13:36","modified_gmt":"2026-03-16T10:13:36","slug":"essents-the-history-of-whoo-illuminating-refining-essence","status":"publish","type":"product","link":"https:\/\/idakorea.ee\/fi\/product\/essents-the-history-of-whoo-illuminating-refining-essence\/","title":{"rendered":"Essents Whoo Illuminating Refining Essence -esanssin historiaa"},"content":{"rendered":"<p><strong>Whoo Illuminating Refining Essencen historia<\/strong><\/p>\n<p>Kevyt geelim\u00e4inen voide on t\u00e4ynn\u00e4 kosteuttavia ja ravitsevia ainesosia, jotka tasapainottavat ja kirkastavat ihoa miellytt\u00e4v\u00e4ll\u00e4 tavalla. Se varmistaa puhtaan ja kirkkaan ihons\u00e4vyn sek\u00e4 pehme\u00e4n koostumuksen.<\/p>\n<p>Puhdistava, kirkastava ja uudistava voide \u2013 antaa iholle hehkua ja lis\u00e4\u00e4 elinvoimaa. Taistelee tehokkaasti ryppyj\u00e4 vastaan, palauttaa ja kirkastaa sameaa ihoa. Voide rikastuttaa ihoa hell\u00e4varaisesti aktiivisilla ainesosilla, edist\u00e4\u00e4 syv\u00e4imeytymist\u00e4, t\u00e4ydent\u00e4\u00e4 ravinteiden ja kosteuttajien varastoja sek\u00e4 vahvistaa ihon kimmoisuutta.<\/p>\n<p>S\u00e4\u00e4nn\u00f6llisesti k\u00e4ytettyn\u00e4 ihosta tulee kimmoisampi, kiinte\u00e4mpi ja kirkkaampi. Auttaa ratkaisemaan iho-ongelmia ja v\u00e4hent\u00e4m\u00e4\u00e4n tulehdusprosesseja.<\/p>\n<p>Seerumi kuuluu <strong>Cheongidan Regenerating (Hwa Hyun) \u201cKiiltoa ja terveytt\u00e4\u201d<\/strong> sarja \u2013 t\u00e4m\u00e4 on palauttava, nuorentava ja terveytt\u00e4 parantava sarja, joka perustuu 30 erityyppiseen it\u00e4maiseen rohtoon. T\u00e4m\u00e4n sarjan tuotteet on valmistettu kuningatar Ja-Heen salaisen reseptin mukaan, joka tunnettiin virheett\u00f6m\u00e4st\u00e4 ihostaan jo 80-vuotiaana. Sarjan tuotteiden s\u00e4\u00e4nn\u00f6llisen k\u00e4yt\u00f6n seurauksena ihosta tulee silkinpehme\u00e4, s\u00e4teilev\u00e4 ja terve.<\/p>\n<p>Luonnollisten ainesosien, kuten villin ginsengin juuriuutteen, sikurin juuriuutteen, jackfruit-uutteen, villisitruunauutteen, peuransarviuutteen, magnolia-uutteen, aprikoosin ydin\u00f6ljyn, oliivi\u00f6ljyn, vadelmauutteen, poria-kookosuutteen ja helmijauheen, ansiosta t\u00e4ll\u00e4 tuotteella on palauttavia ja nuorentavia ominaisuuksia.<\/p>\n<p><strong>Hwa Hyun<\/strong> Sarjalla on nuorentavia ominaisuuksia, se v\u00e4hent\u00e4\u00e4 ryppyjen syvyytt\u00e4 ja est\u00e4\u00e4 uusien muodostumista sek\u00e4 vahvistaa tehokkaasti ihon kimmoisuutta.<\/p>\n<p>Optimoi hydrolipiditasapainoa, tasoittaa ihon rakennetta. Palauttaa elinvoiman, kosteuttaa ja puhdistaa. Tasoittaa ihon s\u00e4vy\u00e4 ja auttaa selviytym\u00e4\u00e4n ik\u00e4\u00e4ntymisen aiheuttamista iho-ongelmista (kuivuus, pigmenttimuutokset jne.), parantaa ihon kyky\u00e4 sitoa kosteutta.<\/p>\n<p>Vahvistaa verisuonten sein\u00e4mi\u00e4, auttaa poistamaan myrkyllisi\u00e4 aineita ja ylim\u00e4\u00e4r\u00e4ist\u00e4 nestett\u00e4 soluista. Tuote normalisoi kudosten kosteustasapainon, auttaa s\u00e4ilytt\u00e4m\u00e4\u00e4n kosteutta ihossa, poistaa kuivuutta, parantaa ulkon\u00e4k\u00f6\u00e4 ja v\u00e4hent\u00e4\u00e4 v\u00e4symyksen merkkej\u00e4. Palauttaa ihon elinvoiman. Imeytyy helposti.<\/p>\n<p>Essenssin k\u00e4yt\u00f6n j\u00e4lkeen iho n\u00e4ytt\u00e4\u00e4 lev\u00e4nneelt\u00e4, raikkaalta ja muuttuu pehme\u00e4ksi ja silkkisen pehme\u00e4ksi.<\/p>\n<p>&nbsp;<\/p>\n<p>Sopii kaikille ihotyypeille.<\/p>\n<p>&nbsp;<\/p>\n<p><strong>K\u00e4ytt\u00f6ohjeet<\/strong>K\u00e4yt\u00e4 aamuin illoin. Levit\u00e4 pieni m\u00e4\u00e4r\u00e4 tuotetta kasvoveden j\u00e4lkeen vanulapulla tai k\u00e4sin kasvojen keskelt\u00e4 ulosp\u00e4in v\u00e4ltt\u00e4en silm\u00e4nymp\u00e4rysihoa.<\/p>","protected":false},"excerpt":{"rendered":"<p>Whoo Illuminating Refining Essencen historiaa Kevyt geelim\u00e4inen uute sis\u00e4lt\u00e4\u00e4 runsaasti kosteuttavia ja ravitsevia ainesosia, jotka tasapainottavat ja kirkastavat ihoa mukavasti. Antaa puhtaan, l\u00e4pikuultavan ihon ja tasaisen koostumuksen. Puhdistava, kirkastava ja uudistava olemus - kirkastaa ja elvytt\u00e4\u00e4 ihoa. Torjuu tehokkaasti ryppyj\u00e4, elvytt\u00e4\u00e4 ja kirkastaa sameaa ihoa. Eteesi rikastuttaa ihoa hell\u00e4varaisesti aktiivisilla...<\/p>","protected":false},"featured_media":9647,"comment_status":"open","ping_status":"closed","template":"","meta":{"_uf_show_specific_survey":0,"_uf_disable_surveys":false,"_bst_post_transparent":"default","_bst_post_title":"","_bst_post_layout":"default","_bst_post_sidebar_id":"","_bst_post_content_style":"default","_bst_post_vertical_padding":"default","_bst_post_feature":"","_bst_post_feature_position":"","_bst_post_header":false,"_bst_post_footer":false},"pwb-brand":[494],"product_brand":[],"product_cat":[92,97],"product_tag":[233,377,202,465,473,216,554,214,555,553,221],"class_list":{"0":"post-9646","1":"product","2":"type-product","3":"status-publish","4":"has-post-thumbnail","6":"pwb-brand-the-history-of-whoo","7":"product_cat-nagu","8":"product_cat-naoseerumid-ja-olid","9":"product_tag-internet-pood-eesti","10":"product_tag-k-beauty-2","11":"product_tag-korea-kosmeetika","12":"product_tag-korea-lux","13":"product_tag-korea-premium","14":"product_tag-kuiv-nahk","15":"product_tag-lux","16":"product_tag-rasune-nahk","17":"product_tag-the-history-of-whoo","18":"product_tag-the-whoo","19":"product_tag-tundlik-nahk","21":"first","22":"instock","23":"sale","24":"shipping-taxable","25":"purchasable","26":"product-type-variable","27":"has-default-attributes","28":"entry","29":"content-bg","30":"loop-entry"},"supplier_id":null,"supplier_sku":"","barcode":null,"atum_controlled":true,"out_stock_date":null,"out_stock_threshold":null,"inheritable":true,"inbound_stock":0,"stock_on_hold":0,"sold_today":0,"sales_last_days":1,"out_stock_days":0,"lost_sales":0,"has_location":false,"update_date":"2026-04-14T00:05:07","atum_locations":[],"atum_stock_status":"instock","restock_status":false,"low_stock_amount":"","sales_update_date":"2026-04-14T00:05:07","calc_backorders":null,"yoast_head":"<!-- This site is optimized with the Yoast SEO plugin v27.2 - https:\/\/yoast.com\/product\/yoast-seo-wordpress\/ -->\n<title>The History of Whoo Illuminating Refining Essence - IDA.KOREA<\/title>\n<meta name=\"description\" content=\"Kerge geelit\u00fc\u00fcpi essents on rikkalikult niisutavate ja toitvate ainetega, tasakaalustab ja helendab nahka mugavalt. - Kiire tarne!\" \/>\n<meta name=\"robots\" content=\"index, follow, max-snippet:-1, max-image-preview:large, max-video-preview:-1\" \/>\n<link rel=\"canonical\" href=\"https:\/\/idakorea.ee\/fi\/product\/essents-the-history-of-whoo-illuminating-refining-essence\/\" \/>\n<meta property=\"og:locale\" content=\"fi_FI\" \/>\n<meta property=\"og:type\" content=\"article\" \/>\n<meta property=\"og:title\" content=\"The History of Whoo Illuminating Refining Essence - IDA.KOREA\" \/>\n<meta property=\"og:description\" content=\"Kerge geelit\u00fc\u00fcpi essents on rikkalikult niisutavate ja toitvate ainetega, tasakaalustab ja helendab nahka mugavalt. - Kiire tarne!\" \/>\n<meta property=\"og:url\" content=\"https:\/\/idakorea.ee\/fi\/product\/essents-the-history-of-whoo-illuminating-refining-essence\/\" \/>\n<meta property=\"og:site_name\" content=\"IDA.KOREA\" \/>\n<meta property=\"article:modified_time\" content=\"2026-03-16T10:13:36+00:00\" \/>\n<meta property=\"og:image\" content=\"https:\/\/idakorea.ee\/wp-content\/uploads\/2024\/08\/who.jpg\" \/>\n\t<meta property=\"og:image:width\" content=\"600\" \/>\n\t<meta property=\"og:image:height\" content=\"600\" \/>\n\t<meta property=\"og:image:type\" content=\"image\/jpeg\" \/>\n<meta name=\"twitter:card\" content=\"summary_large_image\" \/>\n<meta name=\"twitter:label1\" content=\"Arvioitu lukuaika\" \/>\n\t<meta name=\"twitter:data1\" content=\"2 minuuttia\" \/>\n<script type=\"application\/ld+json\" class=\"yoast-schema-graph\">{\"@context\":\"https:\/\/schema.org\",\"@graph\":[{\"@type\":\"WebPage\",\"@id\":\"https:\/\/idakorea.ee\/product\/essents-the-history-of-whoo-illuminating-refining-essence\/\",\"url\":\"https:\/\/idakorea.ee\/product\/essents-the-history-of-whoo-illuminating-refining-essence\/\",\"name\":\"The History of Whoo Illuminating Refining Essence - IDA.KOREA\",\"isPartOf\":{\"@id\":\"https:\/\/idakorea.ee\/#website\"},\"primaryImageOfPage\":{\"@id\":\"https:\/\/idakorea.ee\/product\/essents-the-history-of-whoo-illuminating-refining-essence\/#primaryimage\"},\"image\":{\"@id\":\"https:\/\/idakorea.ee\/product\/essents-the-history-of-whoo-illuminating-refining-essence\/#primaryimage\"},\"thumbnailUrl\":\"https:\/\/idakorea.ee\/wp-content\/uploads\/2024\/08\/who.jpg\",\"datePublished\":\"2024-08-10T08:38:05+00:00\",\"dateModified\":\"2026-03-16T10:13:36+00:00\",\"description\":\"Kerge geelit\u00fc\u00fcpi essents on rikkalikult niisutavate ja toitvate ainetega, tasakaalustab ja helendab nahka mugavalt. - Kiire tarne!\",\"breadcrumb\":{\"@id\":\"https:\/\/idakorea.ee\/product\/essents-the-history-of-whoo-illuminating-refining-essence\/#breadcrumb\"},\"inLanguage\":\"fi\",\"potentialAction\":[{\"@type\":\"ReadAction\",\"target\":[\"https:\/\/idakorea.ee\/product\/essents-the-history-of-whoo-illuminating-refining-essence\/\"]}]},{\"@type\":\"ImageObject\",\"inLanguage\":\"fi\",\"@id\":\"https:\/\/idakorea.ee\/product\/essents-the-history-of-whoo-illuminating-refining-essence\/#primaryimage\",\"url\":\"https:\/\/idakorea.ee\/wp-content\/uploads\/2024\/08\/who.jpg\",\"contentUrl\":\"https:\/\/idakorea.ee\/wp-content\/uploads\/2024\/08\/who.jpg\",\"width\":600,\"height\":600},{\"@type\":\"BreadcrumbList\",\"@id\":\"https:\/\/idakorea.ee\/product\/essents-the-history-of-whoo-illuminating-refining-essence\/#breadcrumb\",\"itemListElement\":[{\"@type\":\"ListItem\",\"position\":1,\"name\":\"\u0413\u043b\u0430\u0432\u043d\u0430\u044f \u0441\u0442\u0440\u0430\u043d\u0438\u0446\u0430\",\"item\":\"https:\/\/idakorea.ee\/\"},{\"@type\":\"ListItem\",\"position\":2,\"name\":\"Shop\",\"item\":\"https:\/\/idakorea.ee\/shop-2\/\"},{\"@type\":\"ListItem\",\"position\":3,\"name\":\"Essents The History of Whoo Illuminating Refining Essence\"}]},{\"@type\":\"WebSite\",\"@id\":\"https:\/\/idakorea.ee\/#website\",\"url\":\"https:\/\/idakorea.ee\/\",\"name\":\"IDA.KOREA\",\"description\":\"Korea kosmeetika e-pood\",\"publisher\":{\"@id\":\"https:\/\/idakorea.ee\/#organization\"},\"alternateName\":\"Beauty Shop\",\"potentialAction\":[{\"@type\":\"SearchAction\",\"target\":{\"@type\":\"EntryPoint\",\"urlTemplate\":\"https:\/\/idakorea.ee\/?s={search_term_string}\"},\"query-input\":{\"@type\":\"PropertyValueSpecification\",\"valueRequired\":true,\"valueName\":\"search_term_string\"}}],\"inLanguage\":\"fi\"},{\"@type\":\"Organization\",\"@id\":\"https:\/\/idakorea.ee\/#organization\",\"name\":\"IDA.KOREA\",\"url\":\"https:\/\/idakorea.ee\/\",\"logo\":{\"@type\":\"ImageObject\",\"inLanguage\":\"fi\",\"@id\":\"https:\/\/idakorea.ee\/#\/schema\/logo\/image\/\",\"url\":\"https:\/\/idakorea.ee\/wp-content\/uploads\/2024\/05\/cropped-korea3.png\",\"contentUrl\":\"https:\/\/idakorea.ee\/wp-content\/uploads\/2024\/05\/cropped-korea3.png\",\"width\":688,\"height\":126,\"caption\":\"IDA.KOREA\"},\"image\":{\"@id\":\"https:\/\/idakorea.ee\/#\/schema\/logo\/image\/\"},\"sameAs\":[\"https:\/\/www.instagram.com\/ida.korea\/\"]}]}<\/script>\n<!-- \/ Yoast SEO plugin. -->","yoast_head_json":{"title":"Whoo Illuminating Refining Essencen historia - IDA.KOREA","description":"Kevyt geelim\u00e4inen voide on t\u00e4ynn\u00e4 kosteuttavia ja ravitsevia ainesosia, ja se tasapainottaa ja kirkastaa ihoa miellytt\u00e4v\u00e4sti. - Nopea toimitus!","robots":{"index":"index","follow":"follow","max-snippet":"max-snippet:-1","max-image-preview":"max-image-preview:large","max-video-preview":"max-video-preview:-1"},"canonical":"https:\/\/idakorea.ee\/fi\/product\/essents-the-history-of-whoo-illuminating-refining-essence\/","og_locale":"fi_FI","og_type":"article","og_title":"The History of Whoo Illuminating Refining Essence - IDA.KOREA","og_description":"Kerge geelit\u00fc\u00fcpi essents on rikkalikult niisutavate ja toitvate ainetega, tasakaalustab ja helendab nahka mugavalt. - Kiire tarne!","og_url":"https:\/\/idakorea.ee\/fi\/product\/essents-the-history-of-whoo-illuminating-refining-essence\/","og_site_name":"IDA.KOREA","article_modified_time":"2026-03-16T10:13:36+00:00","og_image":[{"width":600,"height":600,"url":"https:\/\/idakorea.ee\/wp-content\/uploads\/2024\/08\/who.jpg","type":"image\/jpeg"}],"twitter_card":"summary_large_image","twitter_misc":{"Arvioitu lukuaika":"2 minuuttia"},"schema":{"@context":"https:\/\/schema.org","@graph":[{"@type":"WebPage","@id":"https:\/\/idakorea.ee\/product\/essents-the-history-of-whoo-illuminating-refining-essence\/","url":"https:\/\/idakorea.ee\/product\/essents-the-history-of-whoo-illuminating-refining-essence\/","name":"Whoo Illuminating Refining Essencen historia - IDA.KOREA","isPartOf":{"@id":"https:\/\/idakorea.ee\/#website"},"primaryImageOfPage":{"@id":"https:\/\/idakorea.ee\/product\/essents-the-history-of-whoo-illuminating-refining-essence\/#primaryimage"},"image":{"@id":"https:\/\/idakorea.ee\/product\/essents-the-history-of-whoo-illuminating-refining-essence\/#primaryimage"},"thumbnailUrl":"https:\/\/idakorea.ee\/wp-content\/uploads\/2024\/08\/who.jpg","datePublished":"2024-08-10T08:38:05+00:00","dateModified":"2026-03-16T10:13:36+00:00","description":"Kevyt geelim\u00e4inen voide on t\u00e4ynn\u00e4 kosteuttavia ja ravitsevia ainesosia, ja se tasapainottaa ja kirkastaa ihoa miellytt\u00e4v\u00e4sti. - Nopea toimitus!","breadcrumb":{"@id":"https:\/\/idakorea.ee\/product\/essents-the-history-of-whoo-illuminating-refining-essence\/#breadcrumb"},"inLanguage":"fi","potentialAction":[{"@type":"ReadAction","target":["https:\/\/idakorea.ee\/product\/essents-the-history-of-whoo-illuminating-refining-essence\/"]}]},{"@type":"ImageObject","inLanguage":"fi","@id":"https:\/\/idakorea.ee\/product\/essents-the-history-of-whoo-illuminating-refining-essence\/#primaryimage","url":"https:\/\/idakorea.ee\/wp-content\/uploads\/2024\/08\/who.jpg","contentUrl":"https:\/\/idakorea.ee\/wp-content\/uploads\/2024\/08\/who.jpg","width":600,"height":600},{"@type":"BreadcrumbList","@id":"https:\/\/idakorea.ee\/product\/essents-the-history-of-whoo-illuminating-refining-essence\/#breadcrumb","itemListElement":[{"@type":"ListItem","position":1,"name":"\u0413\u043b\u0430\u0432\u043d\u0430\u044f \u0441\u0442\u0440\u0430\u043d\u0438\u0446\u0430","item":"https:\/\/idakorea.ee\/"},{"@type":"ListItem","position":2,"name":"Shop","item":"https:\/\/idakorea.ee\/shop-2\/"},{"@type":"ListItem","position":3,"name":"Essents The History of Whoo Illuminating Refining Essence"}]},{"@type":"WebSite","@id":"https:\/\/idakorea.ee\/#website","url":"https:\/\/idakorea.ee\/","name":"IDA.KOREA","description":"Korean kosmetiikan verkkokauppa","publisher":{"@id":"https:\/\/idakorea.ee\/#organization"},"alternateName":"Beauty Shop","potentialAction":[{"@type":"SearchAction","target":{"@type":"EntryPoint","urlTemplate":"https:\/\/idakorea.ee\/?s={search_term_string}"},"query-input":{"@type":"PropertyValueSpecification","valueRequired":true,"valueName":"search_term_string"}}],"inLanguage":"fi"},{"@type":"Organization","@id":"https:\/\/idakorea.ee\/#organization","name":"IDA.KOREA","url":"https:\/\/idakorea.ee\/","logo":{"@type":"ImageObject","inLanguage":"fi","@id":"https:\/\/idakorea.ee\/#\/schema\/logo\/image\/","url":"https:\/\/idakorea.ee\/wp-content\/uploads\/2024\/05\/cropped-korea3.png","contentUrl":"https:\/\/idakorea.ee\/wp-content\/uploads\/2024\/05\/cropped-korea3.png","width":688,"height":126,"caption":"IDA.KOREA"},"image":{"@id":"https:\/\/idakorea.ee\/#\/schema\/logo\/image\/"},"sameAs":["https:\/\/www.instagram.com\/ida.korea\/"]}]}},"jetpack_sharing_enabled":true,"brands":[{"id":494,"name":"WHOON HISTORIA","slug":"the-history-of-whoo"}],"_links":{"self":[{"href":"https:\/\/idakorea.ee\/fi\/wp-json\/wp\/v2\/product\/9646","targetHints":{"allow":["GET"]}}],"collection":[{"href":"https:\/\/idakorea.ee\/fi\/wp-json\/wp\/v2\/product"}],"about":[{"href":"https:\/\/idakorea.ee\/fi\/wp-json\/wp\/v2\/types\/product"}],"replies":[{"embeddable":true,"href":"https:\/\/idakorea.ee\/fi\/wp-json\/wp\/v2\/comments?post=9646"}],"version-history":[{"count":3,"href":"https:\/\/idakorea.ee\/fi\/wp-json\/wp\/v2\/product\/9646\/revisions"}],"predecessor-version":[{"id":9654,"href":"https:\/\/idakorea.ee\/fi\/wp-json\/wp\/v2\/product\/9646\/revisions\/9654"}],"wp:featuredmedia":[{"embeddable":true,"href":"https:\/\/idakorea.ee\/fi\/wp-json\/wp\/v2\/media\/9647"}],"wp:attachment":[{"href":"https:\/\/idakorea.ee\/fi\/wp-json\/wp\/v2\/media?parent=9646"}],"wp:term":[{"taxonomy":"pwb-brand","embeddable":true,"href":"https:\/\/idakorea.ee\/fi\/wp-json\/wp\/v2\/pwb-brand?post=9646"},{"taxonomy":"product_brand","embeddable":true,"href":"https:\/\/idakorea.ee\/fi\/wp-json\/wp\/v2\/product_brand?post=9646"},{"taxonomy":"product_cat","embeddable":true,"href":"https:\/\/idakorea.ee\/fi\/wp-json\/wp\/v2\/product_cat?post=9646"},{"taxonomy":"product_tag","embeddable":true,"href":"https:\/\/idakorea.ee\/fi\/wp-json\/wp\/v2\/product_tag?post=9646"}],"curies":[{"name":"wp","href":"https:\/\/api.w.org\/{rel}","templated":true}]}}