{"id":9766,"date":"2024-08-14T10:27:07","date_gmt":"2024-08-14T08:27:07","guid":{"rendered":"https:\/\/idakorea.ee\/?post_type=product&#038;p=9766"},"modified":"2026-03-01T10:47:55","modified_gmt":"2026-03-01T08:47:55","slug":"pinguldav-kollageenimask-ckd-retino-collagen-small-molecule-300-pore-elasticity-mask","status":"publish","type":"product","link":"https:\/\/idakorea.ee\/fi\/product\/pinguldav-kollageenimask-ckd-retino-collagen-small-molecule-300-pore-elasticity-mask\/","title":{"rendered":"Kiinteytt\u00e4v\u00e4 kollageeninaamio CKD Retino Collagen Small Molecule 300 Pore &amp; Elasticity Mask"},"content":{"rendered":"<p>Kiinteytt\u00e4v\u00e4 kollageeninaamio <strong>CKD Retino Collagen Small Molecule 300 Pore &amp; Elasticity Mask -kasvonaamio<\/strong> auttaa vahvistamaan verisuonten sein\u00e4mi\u00e4, parantamaan ihon turgoria ja tasoittamaan ryppyj\u00e4. Naamio auttaa supistamaan laajentuneita ihohuokosia, jolloin iho on ravitsevampi ja kire\u00e4mpi. Se vahvistaa ohutta ihoa, ehk\u00e4isee ihon veltostumista ja ryppyj\u00e4.<\/p>\n<p>Tuotteella on monipuolinen vaikutus: se poistaa kuivuutta ja kiristyst\u00e4 lyhyess\u00e4 ajassa, kosteuttaa aktiivisesti, tasoittaa ihon s\u00e4vy\u00e4 ja hidastaa ik\u00e4\u00e4ntymisprosessia. Naamiolla on voimakas antioksidanttivaikutus, joka vahvistaa ihon suojatoimintoja ja nuorentaa sit\u00e4. Stimuloi ihon omien kollageeni- ja elastiinikuitujen synteesi\u00e4, palauttaa lipidikalvon eheyden ja lis\u00e4\u00e4 kudoksen kimmoisuutta.<\/p>\n<p>Naamion pohja on valmistettu hydrolysoidusta kollageenista, joka mukautuu tiiviisti ihon \u00e4\u00e4riviivoihin ja kiinnittyy tiukasti. K\u00e4yt\u00f6n aikana naamio kuljettaa aktiivisia ainesosia, joilla se on kyll\u00e4stetty, ja muuttuu l\u00e4pin\u00e4kyv\u00e4mm\u00e4ksi.<\/p>\n<p><strong>T\u00e4rkeimm\u00e4t vaikuttavat aineet:<\/strong><\/p>\n<ul>\n<li><strong>Matalamolekyylipainoinen hydrolysoitu kollageeni (55%)<\/strong> vahvistaa solusein\u00e4mi\u00e4, parantaa proteiiniaineenvaihduntaa, tasoittaa hienoja ryppyj\u00e4 ja poimuja.<\/li>\n<li><strong>Stabiloitu kolmannen sukupolven verkkokalvo (200 ppm)<\/strong> - yksi tehokkaimmista kosmetiikassa saatavilla olevista A-vitamiinimuodoista. Retinal stimuloi solujen uusiutumista, tasoittaa ihon rakennetta, v\u00e4hent\u00e4\u00e4 ryppyjen ja laajentuneiden huokosten n\u00e4kyvyytt\u00e4 sek\u00e4 lis\u00e4\u00e4 kollageenin ja hyaluronihapon synteesi\u00e4.<\/li>\n<li><strong>Hyaluronihappo<\/strong> kosteuttaa, poistaa kuivuutta ja kiristyst\u00e4, silottaa \u00e4\u00e4riviivoja ja yll\u00e4pit\u00e4\u00e4 kimmoisuutta.<\/li>\n<li><strong>Adenos<\/strong> on soluja suojaava vaikutus, joka suojaa soluja hapettumiselta, hidastaa ik\u00e4\u00e4ntymist\u00e4 ja stimuloi prokollageeni-1:n synteesi\u00e4, joka on vastuussa kimmoisuudesta ja sileydest\u00e4.<\/li>\n<li><strong>Argireline<\/strong> - botuliinin kaltainen peptidi, joka rentouttaa kasvojen lihaksia ja ehk\u00e4isee ryppyjen ja ihopoimujen muodostumista.<\/li>\n<li><strong>\u00d6ljykompleksi<\/strong> pehment\u00e4\u00e4, poistaa kuivuutta ja hilseily\u00e4, kosteuttaa syv\u00e4sti, lis\u00e4\u00e4 elastisuutta, sileytt\u00e4 ja kiinteytt\u00e4.<\/li>\n<li><strong>SYN-Coll<\/strong> - Tehokas anti-ageing-kompleksi, joka stimuloi aktiivisesti kollageenisynteesi\u00e4 ja ehk\u00e4isee kollageenin hajoamista, parantaa turgoria, v\u00e4hent\u00e4\u00e4 syvi\u00e4 ryppyj\u00e4 ja ik\u00e4\u00e4ntymisjuonteita, tasoittaa ihon \u00e4\u00e4riviivoja ja kiinteytt\u00e4\u00e4.<\/li>\n<\/ul>\n<p>Sopii kaikille ihotyypeille.<\/p>\n<p>&nbsp;<\/p>\n<p><strong>K\u00e4ytt\u00f6ohjeet<\/strong>: Puhdista ja kosteuta iho kasvovedell\u00e4. Poista naamion hydrogeelikerros suojakalvosta. Aseta naamion molemmat osat kasvoille, tasoita ja paina kevyesti. Anna naamion vaikuttaa 30-40 minuuttia ja poista se sitten. Hiero j\u00e4ljelle j\u00e4\u00e4nyt tuote varovasti iholle. K\u00e4yt\u00e4 p\u00e4iv\u00e4n aikana aurinkovoidetta SPF50+ PA++++.<\/p>","protected":false},"excerpt":{"rendered":"<p>Kirist\u00e4v\u00e4 kollageeninaamio CKD Retino Collagen Small Molecule 300 Pore &amp; Elasticity Mask auttaa vahvistamaan verisuonten sein\u00e4mi\u00e4, parantamaan ihon turgoria ja silottamaan ryppyj\u00e4. Naamio auttaa kirist\u00e4m\u00e4\u00e4n laajentuneita ihohuokosia, jolloin iho on ravitsevampi ja kiinte\u00e4mpi. Se vahvistaa ohutta ihoa, ehk\u00e4isee ihon veltostumista ja ryppyj\u00e4. Tuotteella on monitoiminen vaikutus: se poistaa kuivuutta ja kiristyst\u00e4 lyhyess\u00e4 ajassa, kosteuttaa ihoa,...<\/p>","protected":false},"featured_media":9767,"comment_status":"open","ping_status":"closed","template":"","meta":{"_uf_show_specific_survey":0,"_uf_disable_surveys":false,"_bst_post_transparent":"default","_bst_post_title":"","_bst_post_layout":"default","_bst_post_sidebar_id":"","_bst_post_content_style":"default","_bst_post_vertical_padding":"default","_bst_post_feature":"","_bst_post_feature_position":"","_bst_post_header":false,"_bst_post_footer":false},"pwb-brand":[560],"product_brand":[],"product_cat":[98],"product_tag":[445,561,233,377,202,246,562,563],"class_list":{"0":"post-9766","1":"product","2":"type-product","3":"status-publish","4":"has-post-thumbnail","6":"pwb-brand-ckd","7":"product_cat-naomaskid","8":"product_tag-biodance","9":"product_tag-ckd","10":"product_tag-internet-pood-eesti","11":"product_tag-k-beauty-2","12":"product_tag-korea-kosmeetika","13":"product_tag-korea-naomaskid","14":"product_tag-trend-mask","15":"product_tag-viral-mask","17":"first","18":"instock","19":"sale","20":"shipping-taxable","21":"purchasable","22":"product-type-simple","23":"entry","24":"content-bg","25":"loop-entry"},"supplier_id":null,"supplier_sku":"","barcode":null,"atum_controlled":true,"out_stock_date":null,"out_stock_threshold":null,"inheritable":false,"inbound_stock":0,"stock_on_hold":0,"sold_today":0,"sales_last_days":0,"out_stock_days":0,"lost_sales":0,"has_location":false,"update_date":"2026-04-14T00:05:07","atum_locations":[],"atum_stock_status":"instock","restock_status":false,"low_stock_amount":"","sales_update_date":"2026-04-14T00:05:07","calc_backorders":null,"yoast_head":"<!-- This site is optimized with the Yoast SEO plugin v27.2 - https:\/\/yoast.com\/product\/yoast-seo-wordpress\/ -->\n<title>Pinguldav kollageenimask CKD Retino Collagen Small Molecule 300 Pore &amp; Elasticity Mask - IDA.KOREA<\/title>\n<meta name=\"description\" content=\"Tootel on mitmek\u00fclgne toime: see k\u00f5rvaldab l\u00fchikese aja jooksul kuivuse ja pinguloleku, niisutab aktiivselt, \u00fchtlustab nahatooni ja aeglustab vananemisprotsesse. Maskil on v\u00e4ljendunud antioks\u00fcdantne toime, tugevdades naha kaitsefunktsioone ja noorendades seda.\" \/>\n<meta name=\"robots\" content=\"index, follow, max-snippet:-1, max-image-preview:large, max-video-preview:-1\" \/>\n<link rel=\"canonical\" href=\"https:\/\/idakorea.ee\/fi\/product\/pinguldav-kollageenimask-ckd-retino-collagen-small-molecule-300-pore-elasticity-mask\/\" \/>\n<meta property=\"og:locale\" content=\"fi_FI\" \/>\n<meta property=\"og:type\" content=\"article\" \/>\n<meta property=\"og:title\" content=\"Pinguldav kollageenimask CKD Retino Collagen Small Molecule 300 Pore &amp; Elasticity Mask - IDA.KOREA\" \/>\n<meta property=\"og:description\" content=\"Tootel on mitmek\u00fclgne toime: see k\u00f5rvaldab l\u00fchikese aja jooksul kuivuse ja pinguloleku, niisutab aktiivselt, \u00fchtlustab nahatooni ja aeglustab vananemisprotsesse. Maskil on v\u00e4ljendunud antioks\u00fcdantne toime, tugevdades naha kaitsefunktsioone ja noorendades seda.\" \/>\n<meta property=\"og:url\" content=\"https:\/\/idakorea.ee\/fi\/product\/pinguldav-kollageenimask-ckd-retino-collagen-small-molecule-300-pore-elasticity-mask\/\" \/>\n<meta property=\"og:site_name\" content=\"IDA.KOREA\" \/>\n<meta property=\"article:modified_time\" content=\"2026-03-01T08:47:55+00:00\" \/>\n<meta property=\"og:image\" content=\"https:\/\/idakorea.ee\/wp-content\/uploads\/2024\/08\/anons-rozovaya.jpg\" \/>\n\t<meta property=\"og:image:width\" content=\"1000\" \/>\n\t<meta property=\"og:image:height\" content=\"1000\" \/>\n\t<meta property=\"og:image:type\" content=\"image\/jpeg\" \/>\n<meta name=\"twitter:card\" content=\"summary_large_image\" \/>\n<meta name=\"twitter:label1\" content=\"Arvioitu lukuaika\" \/>\n\t<meta name=\"twitter:data1\" content=\"2 minuuttia\" \/>\n<script type=\"application\/ld+json\" class=\"yoast-schema-graph\">{\"@context\":\"https:\/\/schema.org\",\"@graph\":[{\"@type\":\"WebPage\",\"@id\":\"https:\/\/idakorea.ee\/product\/pinguldav-kollageenimask-ckd-retino-collagen-small-molecule-300-pore-elasticity-mask\/\",\"url\":\"https:\/\/idakorea.ee\/product\/pinguldav-kollageenimask-ckd-retino-collagen-small-molecule-300-pore-elasticity-mask\/\",\"name\":\"Pinguldav kollageenimask CKD Retino Collagen Small Molecule 300 Pore & Elasticity Mask - IDA.KOREA\",\"isPartOf\":{\"@id\":\"https:\/\/idakorea.ee\/#website\"},\"primaryImageOfPage\":{\"@id\":\"https:\/\/idakorea.ee\/product\/pinguldav-kollageenimask-ckd-retino-collagen-small-molecule-300-pore-elasticity-mask\/#primaryimage\"},\"image\":{\"@id\":\"https:\/\/idakorea.ee\/product\/pinguldav-kollageenimask-ckd-retino-collagen-small-molecule-300-pore-elasticity-mask\/#primaryimage\"},\"thumbnailUrl\":\"https:\/\/idakorea.ee\/wp-content\/uploads\/2024\/08\/anons-rozovaya.jpg\",\"datePublished\":\"2024-08-14T08:27:07+00:00\",\"dateModified\":\"2026-03-01T08:47:55+00:00\",\"description\":\"Tootel on mitmek\u00fclgne toime: see k\u00f5rvaldab l\u00fchikese aja jooksul kuivuse ja pinguloleku, niisutab aktiivselt, \u00fchtlustab nahatooni ja aeglustab vananemisprotsesse. Maskil on v\u00e4ljendunud antioks\u00fcdantne toime, tugevdades naha kaitsefunktsioone ja noorendades seda.\",\"breadcrumb\":{\"@id\":\"https:\/\/idakorea.ee\/product\/pinguldav-kollageenimask-ckd-retino-collagen-small-molecule-300-pore-elasticity-mask\/#breadcrumb\"},\"inLanguage\":\"fi\",\"potentialAction\":[{\"@type\":\"ReadAction\",\"target\":[\"https:\/\/idakorea.ee\/product\/pinguldav-kollageenimask-ckd-retino-collagen-small-molecule-300-pore-elasticity-mask\/\"]}]},{\"@type\":\"ImageObject\",\"inLanguage\":\"fi\",\"@id\":\"https:\/\/idakorea.ee\/product\/pinguldav-kollageenimask-ckd-retino-collagen-small-molecule-300-pore-elasticity-mask\/#primaryimage\",\"url\":\"https:\/\/idakorea.ee\/wp-content\/uploads\/2024\/08\/anons-rozovaya.jpg\",\"contentUrl\":\"https:\/\/idakorea.ee\/wp-content\/uploads\/2024\/08\/anons-rozovaya.jpg\",\"width\":1000,\"height\":1000},{\"@type\":\"BreadcrumbList\",\"@id\":\"https:\/\/idakorea.ee\/product\/pinguldav-kollageenimask-ckd-retino-collagen-small-molecule-300-pore-elasticity-mask\/#breadcrumb\",\"itemListElement\":[{\"@type\":\"ListItem\",\"position\":1,\"name\":\"\u0413\u043b\u0430\u0432\u043d\u0430\u044f \u0441\u0442\u0440\u0430\u043d\u0438\u0446\u0430\",\"item\":\"https:\/\/idakorea.ee\/\"},{\"@type\":\"ListItem\",\"position\":2,\"name\":\"Shop\",\"item\":\"https:\/\/idakorea.ee\/shop-2\/\"},{\"@type\":\"ListItem\",\"position\":3,\"name\":\"Pinguldav kollageenimask CKD Retino Collagen Small Molecule 300 Pore &#038; Elasticity Mask\"}]},{\"@type\":\"WebSite\",\"@id\":\"https:\/\/idakorea.ee\/#website\",\"url\":\"https:\/\/idakorea.ee\/\",\"name\":\"IDA.KOREA\",\"description\":\"Korea kosmeetika e-pood\",\"publisher\":{\"@id\":\"https:\/\/idakorea.ee\/#organization\"},\"alternateName\":\"Beauty Shop\",\"potentialAction\":[{\"@type\":\"SearchAction\",\"target\":{\"@type\":\"EntryPoint\",\"urlTemplate\":\"https:\/\/idakorea.ee\/?s={search_term_string}\"},\"query-input\":{\"@type\":\"PropertyValueSpecification\",\"valueRequired\":true,\"valueName\":\"search_term_string\"}}],\"inLanguage\":\"fi\"},{\"@type\":\"Organization\",\"@id\":\"https:\/\/idakorea.ee\/#organization\",\"name\":\"IDA.KOREA\",\"url\":\"https:\/\/idakorea.ee\/\",\"logo\":{\"@type\":\"ImageObject\",\"inLanguage\":\"fi\",\"@id\":\"https:\/\/idakorea.ee\/#\/schema\/logo\/image\/\",\"url\":\"https:\/\/idakorea.ee\/wp-content\/uploads\/2024\/05\/cropped-korea3.png\",\"contentUrl\":\"https:\/\/idakorea.ee\/wp-content\/uploads\/2024\/05\/cropped-korea3.png\",\"width\":688,\"height\":126,\"caption\":\"IDA.KOREA\"},\"image\":{\"@id\":\"https:\/\/idakorea.ee\/#\/schema\/logo\/image\/\"},\"sameAs\":[\"https:\/\/www.instagram.com\/ida.korea\/\"]}]}<\/script>\n<!-- \/ Yoast SEO plugin. -->","yoast_head_json":{"title":"Kiinteytt\u00e4v\u00e4 kollageeninaamio CKD Retino Collagen Small Molecule 300 Pore &amp; Elasticity Mask - IDA.KOREA","description":"Tuotteella on monipuolinen vaikutus: se poistaa kuivuutta ja kiristyst\u00e4 lyhyess\u00e4 ajassa, kosteuttaa aktiivisesti, tasoittaa ihon s\u00e4vy\u00e4 ja hidastaa ik\u00e4\u00e4ntymisprosessia. Naamiolla on voimakas antioksidanttivaikutus, joka vahvistaa ihon suojatoimintoja ja nuorentaa sit\u00e4.","robots":{"index":"index","follow":"follow","max-snippet":"max-snippet:-1","max-image-preview":"max-image-preview:large","max-video-preview":"max-video-preview:-1"},"canonical":"https:\/\/idakorea.ee\/fi\/product\/pinguldav-kollageenimask-ckd-retino-collagen-small-molecule-300-pore-elasticity-mask\/","og_locale":"fi_FI","og_type":"article","og_title":"Pinguldav kollageenimask CKD Retino Collagen Small Molecule 300 Pore & Elasticity Mask - IDA.KOREA","og_description":"Tootel on mitmek\u00fclgne toime: see k\u00f5rvaldab l\u00fchikese aja jooksul kuivuse ja pinguloleku, niisutab aktiivselt, \u00fchtlustab nahatooni ja aeglustab vananemisprotsesse. Maskil on v\u00e4ljendunud antioks\u00fcdantne toime, tugevdades naha kaitsefunktsioone ja noorendades seda.","og_url":"https:\/\/idakorea.ee\/fi\/product\/pinguldav-kollageenimask-ckd-retino-collagen-small-molecule-300-pore-elasticity-mask\/","og_site_name":"IDA.KOREA","article_modified_time":"2026-03-01T08:47:55+00:00","og_image":[{"width":1000,"height":1000,"url":"https:\/\/idakorea.ee\/wp-content\/uploads\/2024\/08\/anons-rozovaya.jpg","type":"image\/jpeg"}],"twitter_card":"summary_large_image","twitter_misc":{"Arvioitu lukuaika":"2 minuuttia"},"schema":{"@context":"https:\/\/schema.org","@graph":[{"@type":"WebPage","@id":"https:\/\/idakorea.ee\/product\/pinguldav-kollageenimask-ckd-retino-collagen-small-molecule-300-pore-elasticity-mask\/","url":"https:\/\/idakorea.ee\/product\/pinguldav-kollageenimask-ckd-retino-collagen-small-molecule-300-pore-elasticity-mask\/","name":"Kiinteytt\u00e4v\u00e4 kollageeninaamio CKD Retino Collagen Small Molecule 300 Pore &amp; Elasticity Mask - IDA.KOREA","isPartOf":{"@id":"https:\/\/idakorea.ee\/#website"},"primaryImageOfPage":{"@id":"https:\/\/idakorea.ee\/product\/pinguldav-kollageenimask-ckd-retino-collagen-small-molecule-300-pore-elasticity-mask\/#primaryimage"},"image":{"@id":"https:\/\/idakorea.ee\/product\/pinguldav-kollageenimask-ckd-retino-collagen-small-molecule-300-pore-elasticity-mask\/#primaryimage"},"thumbnailUrl":"https:\/\/idakorea.ee\/wp-content\/uploads\/2024\/08\/anons-rozovaya.jpg","datePublished":"2024-08-14T08:27:07+00:00","dateModified":"2026-03-01T08:47:55+00:00","description":"Tuotteella on monipuolinen vaikutus: se poistaa kuivuutta ja kiristyst\u00e4 lyhyess\u00e4 ajassa, kosteuttaa aktiivisesti, tasoittaa ihon s\u00e4vy\u00e4 ja hidastaa ik\u00e4\u00e4ntymisprosessia. Naamiolla on voimakas antioksidanttivaikutus, joka vahvistaa ihon suojatoimintoja ja nuorentaa sit\u00e4.","breadcrumb":{"@id":"https:\/\/idakorea.ee\/product\/pinguldav-kollageenimask-ckd-retino-collagen-small-molecule-300-pore-elasticity-mask\/#breadcrumb"},"inLanguage":"fi","potentialAction":[{"@type":"ReadAction","target":["https:\/\/idakorea.ee\/product\/pinguldav-kollageenimask-ckd-retino-collagen-small-molecule-300-pore-elasticity-mask\/"]}]},{"@type":"ImageObject","inLanguage":"fi","@id":"https:\/\/idakorea.ee\/product\/pinguldav-kollageenimask-ckd-retino-collagen-small-molecule-300-pore-elasticity-mask\/#primaryimage","url":"https:\/\/idakorea.ee\/wp-content\/uploads\/2024\/08\/anons-rozovaya.jpg","contentUrl":"https:\/\/idakorea.ee\/wp-content\/uploads\/2024\/08\/anons-rozovaya.jpg","width":1000,"height":1000},{"@type":"BreadcrumbList","@id":"https:\/\/idakorea.ee\/product\/pinguldav-kollageenimask-ckd-retino-collagen-small-molecule-300-pore-elasticity-mask\/#breadcrumb","itemListElement":[{"@type":"ListItem","position":1,"name":"\u0413\u043b\u0430\u0432\u043d\u0430\u044f \u0441\u0442\u0440\u0430\u043d\u0438\u0446\u0430","item":"https:\/\/idakorea.ee\/"},{"@type":"ListItem","position":2,"name":"Shop","item":"https:\/\/idakorea.ee\/shop-2\/"},{"@type":"ListItem","position":3,"name":"Pinguldav kollageenimask CKD Retino Collagen Small Molecule 300 Pore &#038; Elasticity Mask"}]},{"@type":"WebSite","@id":"https:\/\/idakorea.ee\/#website","url":"https:\/\/idakorea.ee\/","name":"IDA.KOREA","description":"Korean kosmetiikan verkkokauppa","publisher":{"@id":"https:\/\/idakorea.ee\/#organization"},"alternateName":"Beauty Shop","potentialAction":[{"@type":"SearchAction","target":{"@type":"EntryPoint","urlTemplate":"https:\/\/idakorea.ee\/?s={search_term_string}"},"query-input":{"@type":"PropertyValueSpecification","valueRequired":true,"valueName":"search_term_string"}}],"inLanguage":"fi"},{"@type":"Organization","@id":"https:\/\/idakorea.ee\/#organization","name":"IDA.KOREA","url":"https:\/\/idakorea.ee\/","logo":{"@type":"ImageObject","inLanguage":"fi","@id":"https:\/\/idakorea.ee\/#\/schema\/logo\/image\/","url":"https:\/\/idakorea.ee\/wp-content\/uploads\/2024\/05\/cropped-korea3.png","contentUrl":"https:\/\/idakorea.ee\/wp-content\/uploads\/2024\/05\/cropped-korea3.png","width":688,"height":126,"caption":"IDA.KOREA"},"image":{"@id":"https:\/\/idakorea.ee\/#\/schema\/logo\/image\/"},"sameAs":["https:\/\/www.instagram.com\/ida.korea\/"]}]}},"jetpack_sharing_enabled":true,"brands":[{"id":560,"name":"CKD","slug":"ckd"}],"_links":{"self":[{"href":"https:\/\/idakorea.ee\/fi\/wp-json\/wp\/v2\/product\/9766","targetHints":{"allow":["GET"]}}],"collection":[{"href":"https:\/\/idakorea.ee\/fi\/wp-json\/wp\/v2\/product"}],"about":[{"href":"https:\/\/idakorea.ee\/fi\/wp-json\/wp\/v2\/types\/product"}],"replies":[{"embeddable":true,"href":"https:\/\/idakorea.ee\/fi\/wp-json\/wp\/v2\/comments?post=9766"}],"version-history":[{"count":3,"href":"https:\/\/idakorea.ee\/fi\/wp-json\/wp\/v2\/product\/9766\/revisions"}],"predecessor-version":[{"id":17519,"href":"https:\/\/idakorea.ee\/fi\/wp-json\/wp\/v2\/product\/9766\/revisions\/17519"}],"wp:featuredmedia":[{"embeddable":true,"href":"https:\/\/idakorea.ee\/fi\/wp-json\/wp\/v2\/media\/9767"}],"wp:attachment":[{"href":"https:\/\/idakorea.ee\/fi\/wp-json\/wp\/v2\/media?parent=9766"}],"wp:term":[{"taxonomy":"pwb-brand","embeddable":true,"href":"https:\/\/idakorea.ee\/fi\/wp-json\/wp\/v2\/pwb-brand?post=9766"},{"taxonomy":"product_brand","embeddable":true,"href":"https:\/\/idakorea.ee\/fi\/wp-json\/wp\/v2\/product_brand?post=9766"},{"taxonomy":"product_cat","embeddable":true,"href":"https:\/\/idakorea.ee\/fi\/wp-json\/wp\/v2\/product_cat?post=9766"},{"taxonomy":"product_tag","embeddable":true,"href":"https:\/\/idakorea.ee\/fi\/wp-json\/wp\/v2\/product_tag?post=9766"}],"curies":[{"name":"wp","href":"https:\/\/api.w.org\/{rel}","templated":true}]}}