{"id":9875,"date":"2024-08-15T14:44:47","date_gmt":"2024-08-15T12:44:47","guid":{"rendered":"https:\/\/idakorea.ee\/?post_type=product&#038;p=9875"},"modified":"2026-04-03T11:32:58","modified_gmt":"2026-04-03T09:32:58","slug":"ssence-mist-manyo-factory-galactomy-essence-mist-120ml","status":"publish","type":"product","link":"https:\/\/idakorea.ee\/fi\/product\/ssence-mist-manyo-factory-galactomy-essence-mist-120ml\/","title":{"rendered":"Essence-suihke Manyo Factory Galactomy Essence -suihke, 120 ml. Viimeinen k\u00e4ytt\u00f6p\u00e4iv\u00e4 27.11.2026."},"content":{"rendered":"<div class=\"flex-shrink-0 flex flex-col relative items-end\">\n<div>\n<div class=\"pt-0\">\n<div class=\"gizmo-bot-avatar flex h-8 w-8 items-center justify-center overflow-hidden rounded-full\">\n<div class=\"relative p-1 rounded-sm flex items-center justify-center bg-token-main-surface-primary text-token-text-primary h-8 w-8\"><\/div>\n<\/div>\n<\/div>\n<\/div>\n<\/div>\n<div class=\"group\/conversation-turn relative flex w-full min-w-0 flex-col agent-turn\">\n<div class=\"flex-col gap-1 md:gap-3\">\n<div class=\"flex max-w-full flex-col flex-grow\">\n<div class=\"min-h-[20px] text-message flex w-full flex-col items-end gap-2 whitespace-pre-wrap break-words [.text-message+&amp;]:mt-5 overflow-x-auto\" dir=\"auto\" data-message-author-role=\"assistant\" data-message-id=\"79d0a559-f970-43d7-a409-4725c8739a27\">\n<div class=\"flex w-full flex-col gap-1 empty:hidden first:pt-[3px]\">\n<div class=\"markdown prose w-full break-words dark:prose-invert light\">\n<p>Niisutav galaktom\u00fctsiisi sisaldav essence-mist <strong>Manyo Factory Galactomy Essence Mist<\/strong> koheseks naha taastamiseks. Toode rahustab ja niisutab kiiresti kuiva ja \u00e4rritunud nahka, taastab optimaalse niiskustaseme, aitab v\u00f5idelda ketenduse ja s\u00fcgelusega ning v\u00e4hendab punetust.<\/p>\n<p>Eemaldab tuhmuse, helendab \u00f5rnalt naha \u00fcldist tooni, v\u00e4hendab aknej\u00e4rgsete laikude ja pigmentatsiooni n\u00e4htavust.<\/p>\n<p><strong>Toode toimib neljas suunas:<\/strong><\/p>\n<ol>\n<li>Taastab niiskuse puuduse. Niisutab s\u00fcgavamaid nahakihte, hoiab optimaalset niiskustaset ja ennetab naha deh\u00fcdratsiooni. Normaliseerib naha vee- ja rasutasakaalu.<\/li>\n<li>Toidab t\u00f5husalt. Rahustab \u00e4rritunud nahka, aitab s\u00e4ilitada niiskust, v\u00f5itleb kuivuse ja ketendusega ning toidab nahka vajalike toitainetega.<\/li>\n<li>Helendab ja annab nahale s\u00e4ra. Niatsiinamiidi ja galaktom\u00fctsiisi ens\u00fc\u00fcmi s\u00fcnergia parandab naha tervist, eemaldades tuhmuse, helendades \u00f5rnalt ja parandades jumet.<\/li>\n<li>Aitab v\u00f5idelda aknega. Aasia vesinaba ekstrakt ja k\u00fcpressilehe ekstrakt rahustavad, v\u00e4hendavad \u00e4rritusi, kiirendavad naha paranemis- ja uuendusprotsesse ning omavad ravivat m\u00f5ju, v\u00e4hendades akne n\u00e4htavust.<\/li>\n<\/ol>\n<p>Mist-essentsil on kerge konsistents, see imendub kiiresti, niisutab intensiivselt, ei j\u00e4ta kleepuvust ega rasvast l\u00e4iget.<\/p>\n<p><strong>Peamised toimeained:<\/strong><\/p>\n<ul>\n<li><strong>Galaktom\u00fctsiisi ferment<\/strong> suudab lagundada toitaineid ja suurendada nende imendumist naharakkudesse. Selle tulemusel taastab rakkude terviklikkuse, parandab vereringet, kiirendab ainevahetusprotsesse, puhastab nahka, \u00fchtlustab mikroreljeefi, t\u00f5stab naha toonust, v\u00e4hendab p\u00f5letikke ja parandab jumet.<\/li>\n<li><strong>Aasia vesinaba ekstrakt<\/strong> omab p\u00f5letikuvastast ja haavu parandavat toimet, aitab taastada naha kaitseomadusi ja s\u00e4ilitada niiskust, v\u00e4hendab naha tundlikkust, v\u00e4hendab turset, tugevdab veresooni ja v\u00e4hendab kuperoosi.<\/li>\n<li><strong>K\u00fcpressilehe ekstrakt<\/strong> niisutab s\u00fcgavalt epidermist, hoiab niiskustasakaalu, m\u00f5jutab raku ainevahetust, rahustab tundlikku ja \u00e4rritunud nahka. Toniseerib, aitab siluda kortse ja t\u00f5sta naha elastsust.<\/li>\n<li><strong>Rohelise tee lehe ekstrakt<\/strong> leevendab \u00e4rritusi, rahustab nahka, omab antibakteriaalseid omadusi, muudab naha elastseks ja pinguldatuks, silub kortse, parandab jumet.<\/li>\n<li><strong>Niatsiinamiid<\/strong> stimuleerib kollageeni s\u00fcnteesi, suurendab naha kaitsefunktsioone, v\u00e4hendab transdermaalset veekadu, ahendab poore, parandab nahatooni ja rahustab.<\/li>\n<\/ul>\n<p>&nbsp;<\/p>\n<p>Soovitatav tuhmile nahale, millel on pigmentatsioon.<\/p>\n<p><strong>Kasutusjuhend:<\/strong> Sulgege silmad ja pihustage misti 15-20 cm kauguselt, seej\u00e4rel aidake tootel imenduda, patsutades nahka \u00f5rnalt.<\/p>\n<\/div>\n<\/div>\n<\/div>\n<\/div>\n<\/div>\n<\/div>\n","protected":false},"excerpt":{"rendered":"<p>Kosteuttava galaktomyces-essenssisumu Manyo Factory Galactomy Essence Mist ihon v\u00e4litt\u00f6m\u00e4\u00e4n uudistumiseen. Se rauhoittaa ja kosteuttaa nopeasti kuivaa ja \u00e4rtynytt\u00e4 ihoa, palauttaa optimaalisen kosteustasapainon, auttaa torjumaan hilseily\u00e4 ja kutinaa sek\u00e4 v\u00e4hent\u00e4\u00e4 punoitusta. Poistaa sameutta, kirkastaa hell\u00e4varaisesti ihon yleist\u00e4 s\u00e4vy\u00e4, v\u00e4hent\u00e4\u00e4 aknepilkkujen ja pigmenttil\u00e4iskien n\u00e4kyvyytt\u00e4. Tuote toimii nelj\u00e4ll\u00e4 tavalla. Kosteuttaa ihon syvempi\u00e4 kerroksia,...<\/p>","protected":false},"featured_media":9889,"comment_status":"open","ping_status":"closed","template":"","meta":{"_uf_show_specific_survey":0,"_uf_disable_surveys":false,"_bst_post_transparent":"default","_bst_post_title":"","_bst_post_layout":"default","_bst_post_sidebar_id":"","_bst_post_content_style":"default","_bst_post_vertical_padding":"default","_bst_post_feature":"","_bst_post_feature_position":"","_bst_post_header":false,"_bst_post_footer":false},"pwb-brand":[448],"product_brand":[],"product_cat":[92,97,158],"product_tag":[233,202,216,450,230],"class_list":{"0":"post-9875","1":"product","2":"type-product","3":"status-publish","4":"has-post-thumbnail","6":"pwb-brand-manyo","7":"product_cat-nagu","8":"product_cat-naoseerumid-ja-olid","9":"product_cat-toonik","10":"product_tag-internet-pood-eesti","11":"product_tag-korea-kosmeetika","12":"product_tag-kuiv-nahk","13":"product_tag-manyo","14":"product_tag-pigment","16":"first","17":"instock","18":"sale","19":"shipping-taxable","20":"purchasable","21":"product-type-simple","22":"entry","23":"content-bg","24":"loop-entry"},"supplier_id":null,"supplier_sku":"","barcode":null,"atum_controlled":true,"out_stock_date":null,"out_stock_threshold":null,"inheritable":false,"inbound_stock":0,"stock_on_hold":0,"sold_today":0,"sales_last_days":0,"out_stock_days":0,"lost_sales":0,"has_location":false,"update_date":"2026-04-14T00:05:11","atum_locations":[],"atum_stock_status":"instock","restock_status":false,"low_stock_amount":"","sales_update_date":"2026-04-14T00:05:11","calc_backorders":null,"yoast_head":"<!-- This site is optimized with the Yoast SEO plugin v27.2 - https:\/\/yoast.com\/product\/yoast-seo-wordpress\/ -->\n<title>Essence-mist Manyo Factory Galactomy Essence Mist, 120ml EXP 27.11.2026 - IDA.KOREA<\/title>\n<meta name=\"description\" content=\"Niisutav galaktom\u00fctsiisi sisaldav essence-mist Manyo Factory Galactomy Essence Mist koheseks naha taastamiseks. Toode rahustab ja niisutab kiiresti kuiva ja \u00e4rritunud nahka, taastab optimaalse niiskustaseme, aitab v\u00f5idelda ketenduse ja s\u00fcgelusega ning v\u00e4hendab punetust.\" \/>\n<meta name=\"robots\" content=\"index, follow, max-snippet:-1, max-image-preview:large, max-video-preview:-1\" \/>\n<link rel=\"canonical\" href=\"https:\/\/idakorea.ee\/fi\/product\/ssence-mist-manyo-factory-galactomy-essence-mist-120ml\/\" \/>\n<meta property=\"og:locale\" content=\"fi_FI\" \/>\n<meta property=\"og:type\" content=\"article\" \/>\n<meta property=\"og:title\" content=\"Essence-mist Manyo Factory Galactomy Essence Mist, 120ml EXP 27.11.2026 - IDA.KOREA\" \/>\n<meta property=\"og:description\" content=\"Niisutav galaktom\u00fctsiisi sisaldav essence-mist Manyo Factory Galactomy Essence Mist koheseks naha taastamiseks. Toode rahustab ja niisutab kiiresti kuiva ja \u00e4rritunud nahka, taastab optimaalse niiskustaseme, aitab v\u00f5idelda ketenduse ja s\u00fcgelusega ning v\u00e4hendab punetust.\" \/>\n<meta property=\"og:url\" content=\"https:\/\/idakorea.ee\/fi\/product\/ssence-mist-manyo-factory-galactomy-essence-mist-120ml\/\" \/>\n<meta property=\"og:site_name\" content=\"IDA.KOREA\" \/>\n<meta property=\"article:modified_time\" content=\"2026-04-03T09:32:58+00:00\" \/>\n<meta property=\"og:image\" content=\"https:\/\/idakorea.ee\/wp-content\/uploads\/2024\/08\/hollyshop-_30_-_1_.jpg\" \/>\n\t<meta property=\"og:image:width\" content=\"1000\" \/>\n\t<meta property=\"og:image:height\" content=\"1000\" \/>\n\t<meta property=\"og:image:type\" content=\"image\/jpeg\" \/>\n<meta name=\"twitter:card\" content=\"summary_large_image\" \/>\n<meta name=\"twitter:label1\" content=\"Arvioitu lukuaika\" \/>\n\t<meta name=\"twitter:data1\" content=\"2 minuuttia\" \/>\n<script type=\"application\/ld+json\" class=\"yoast-schema-graph\">{\"@context\":\"https:\/\/schema.org\",\"@graph\":[{\"@type\":\"WebPage\",\"@id\":\"https:\/\/idakorea.ee\/product\/ssence-mist-manyo-factory-galactomy-essence-mist-120ml\/\",\"url\":\"https:\/\/idakorea.ee\/product\/ssence-mist-manyo-factory-galactomy-essence-mist-120ml\/\",\"name\":\"Essence-mist Manyo Factory Galactomy Essence Mist, 120ml EXP 27.11.2026 - IDA.KOREA\",\"isPartOf\":{\"@id\":\"https:\/\/idakorea.ee\/#website\"},\"primaryImageOfPage\":{\"@id\":\"https:\/\/idakorea.ee\/product\/ssence-mist-manyo-factory-galactomy-essence-mist-120ml\/#primaryimage\"},\"image\":{\"@id\":\"https:\/\/idakorea.ee\/product\/ssence-mist-manyo-factory-galactomy-essence-mist-120ml\/#primaryimage\"},\"thumbnailUrl\":\"https:\/\/idakorea.ee\/wp-content\/uploads\/2024\/08\/hollyshop-_30_-_1_.jpg\",\"datePublished\":\"2024-08-15T12:44:47+00:00\",\"dateModified\":\"2026-04-03T09:32:58+00:00\",\"description\":\"Niisutav galaktom\u00fctsiisi sisaldav essence-mist Manyo Factory Galactomy Essence Mist koheseks naha taastamiseks. Toode rahustab ja niisutab kiiresti kuiva ja \u00e4rritunud nahka, taastab optimaalse niiskustaseme, aitab v\u00f5idelda ketenduse ja s\u00fcgelusega ning v\u00e4hendab punetust.\",\"breadcrumb\":{\"@id\":\"https:\/\/idakorea.ee\/product\/ssence-mist-manyo-factory-galactomy-essence-mist-120ml\/#breadcrumb\"},\"inLanguage\":\"fi\",\"potentialAction\":[{\"@type\":\"ReadAction\",\"target\":[\"https:\/\/idakorea.ee\/product\/ssence-mist-manyo-factory-galactomy-essence-mist-120ml\/\"]}]},{\"@type\":\"ImageObject\",\"inLanguage\":\"fi\",\"@id\":\"https:\/\/idakorea.ee\/product\/ssence-mist-manyo-factory-galactomy-essence-mist-120ml\/#primaryimage\",\"url\":\"https:\/\/idakorea.ee\/wp-content\/uploads\/2024\/08\/hollyshop-_30_-_1_.jpg\",\"contentUrl\":\"https:\/\/idakorea.ee\/wp-content\/uploads\/2024\/08\/hollyshop-_30_-_1_.jpg\",\"width\":1000,\"height\":1000},{\"@type\":\"BreadcrumbList\",\"@id\":\"https:\/\/idakorea.ee\/product\/ssence-mist-manyo-factory-galactomy-essence-mist-120ml\/#breadcrumb\",\"itemListElement\":[{\"@type\":\"ListItem\",\"position\":1,\"name\":\"\u0413\u043b\u0430\u0432\u043d\u0430\u044f \u0441\u0442\u0440\u0430\u043d\u0438\u0446\u0430\",\"item\":\"https:\/\/idakorea.ee\/\"},{\"@type\":\"ListItem\",\"position\":2,\"name\":\"Shop\",\"item\":\"https:\/\/idakorea.ee\/shop-2\/\"},{\"@type\":\"ListItem\",\"position\":3,\"name\":\"Essence-mist Manyo Factory Galactomy Essence Mist, 120ml EXP 27.11.2026\"}]},{\"@type\":\"WebSite\",\"@id\":\"https:\/\/idakorea.ee\/#website\",\"url\":\"https:\/\/idakorea.ee\/\",\"name\":\"IDA.KOREA\",\"description\":\"Korea kosmeetika e-pood\",\"publisher\":{\"@id\":\"https:\/\/idakorea.ee\/#organization\"},\"alternateName\":\"Beauty Shop\",\"potentialAction\":[{\"@type\":\"SearchAction\",\"target\":{\"@type\":\"EntryPoint\",\"urlTemplate\":\"https:\/\/idakorea.ee\/?s={search_term_string}\"},\"query-input\":{\"@type\":\"PropertyValueSpecification\",\"valueRequired\":true,\"valueName\":\"search_term_string\"}}],\"inLanguage\":\"fi\"},{\"@type\":\"Organization\",\"@id\":\"https:\/\/idakorea.ee\/#organization\",\"name\":\"IDA.KOREA\",\"url\":\"https:\/\/idakorea.ee\/\",\"logo\":{\"@type\":\"ImageObject\",\"inLanguage\":\"fi\",\"@id\":\"https:\/\/idakorea.ee\/#\/schema\/logo\/image\/\",\"url\":\"https:\/\/idakorea.ee\/wp-content\/uploads\/2024\/05\/cropped-korea3.png\",\"contentUrl\":\"https:\/\/idakorea.ee\/wp-content\/uploads\/2024\/05\/cropped-korea3.png\",\"width\":688,\"height\":126,\"caption\":\"IDA.KOREA\"},\"image\":{\"@id\":\"https:\/\/idakorea.ee\/#\/schema\/logo\/image\/\"},\"sameAs\":[\"https:\/\/www.instagram.com\/ida.korea\/\"]}]}<\/script>\n<!-- \/ Yoast SEO plugin. -->","yoast_head_json":{"title":"Essence-mist Manyo Factory Galactomy Essence Mist, 120ml EXP 27.11.2026 - IDA.KOREA","description":"Manyo Factory Galactomy Essence Mist on kosteuttava esanssisuihke, joka sis\u00e4lt\u00e4\u00e4 galaktomyces-uutetta ihon v\u00e4litt\u00f6m\u00e4\u00e4n elvytt\u00e4miseen. Tuote rauhoittaa ja kosteuttaa nopeasti kuivaa ja \u00e4rtynytt\u00e4 ihoa, palauttaa optimaalisen kosteustason, auttaa torjumaan hilseily\u00e4 ja kutinaa sek\u00e4 v\u00e4hent\u00e4\u00e4 punoitusta.","robots":{"index":"index","follow":"follow","max-snippet":"max-snippet:-1","max-image-preview":"max-image-preview:large","max-video-preview":"max-video-preview:-1"},"canonical":"https:\/\/idakorea.ee\/fi\/product\/ssence-mist-manyo-factory-galactomy-essence-mist-120ml\/","og_locale":"fi_FI","og_type":"article","og_title":"Essence-mist Manyo Factory Galactomy Essence Mist, 120ml EXP 27.11.2026 - IDA.KOREA","og_description":"Niisutav galaktom\u00fctsiisi sisaldav essence-mist Manyo Factory Galactomy Essence Mist koheseks naha taastamiseks. Toode rahustab ja niisutab kiiresti kuiva ja \u00e4rritunud nahka, taastab optimaalse niiskustaseme, aitab v\u00f5idelda ketenduse ja s\u00fcgelusega ning v\u00e4hendab punetust.","og_url":"https:\/\/idakorea.ee\/fi\/product\/ssence-mist-manyo-factory-galactomy-essence-mist-120ml\/","og_site_name":"IDA.KOREA","article_modified_time":"2026-04-03T09:32:58+00:00","og_image":[{"width":1000,"height":1000,"url":"https:\/\/idakorea.ee\/wp-content\/uploads\/2024\/08\/hollyshop-_30_-_1_.jpg","type":"image\/jpeg"}],"twitter_card":"summary_large_image","twitter_misc":{"Arvioitu lukuaika":"2 minuuttia"},"schema":{"@context":"https:\/\/schema.org","@graph":[{"@type":"WebPage","@id":"https:\/\/idakorea.ee\/product\/ssence-mist-manyo-factory-galactomy-essence-mist-120ml\/","url":"https:\/\/idakorea.ee\/product\/ssence-mist-manyo-factory-galactomy-essence-mist-120ml\/","name":"Essence-mist Manyo Factory Galactomy Essence Mist, 120ml EXP 27.11.2026 - IDA.KOREA","isPartOf":{"@id":"https:\/\/idakorea.ee\/#website"},"primaryImageOfPage":{"@id":"https:\/\/idakorea.ee\/product\/ssence-mist-manyo-factory-galactomy-essence-mist-120ml\/#primaryimage"},"image":{"@id":"https:\/\/idakorea.ee\/product\/ssence-mist-manyo-factory-galactomy-essence-mist-120ml\/#primaryimage"},"thumbnailUrl":"https:\/\/idakorea.ee\/wp-content\/uploads\/2024\/08\/hollyshop-_30_-_1_.jpg","datePublished":"2024-08-15T12:44:47+00:00","dateModified":"2026-04-03T09:32:58+00:00","description":"Manyo Factory Galactomy Essence Mist on kosteuttava esanssisuihke, joka sis\u00e4lt\u00e4\u00e4 galaktomyces-uutetta ihon v\u00e4litt\u00f6m\u00e4\u00e4n elvytt\u00e4miseen. Tuote rauhoittaa ja kosteuttaa nopeasti kuivaa ja \u00e4rtynytt\u00e4 ihoa, palauttaa optimaalisen kosteustason, auttaa torjumaan hilseily\u00e4 ja kutinaa sek\u00e4 v\u00e4hent\u00e4\u00e4 punoitusta.","breadcrumb":{"@id":"https:\/\/idakorea.ee\/product\/ssence-mist-manyo-factory-galactomy-essence-mist-120ml\/#breadcrumb"},"inLanguage":"fi","potentialAction":[{"@type":"ReadAction","target":["https:\/\/idakorea.ee\/product\/ssence-mist-manyo-factory-galactomy-essence-mist-120ml\/"]}]},{"@type":"ImageObject","inLanguage":"fi","@id":"https:\/\/idakorea.ee\/product\/ssence-mist-manyo-factory-galactomy-essence-mist-120ml\/#primaryimage","url":"https:\/\/idakorea.ee\/wp-content\/uploads\/2024\/08\/hollyshop-_30_-_1_.jpg","contentUrl":"https:\/\/idakorea.ee\/wp-content\/uploads\/2024\/08\/hollyshop-_30_-_1_.jpg","width":1000,"height":1000},{"@type":"BreadcrumbList","@id":"https:\/\/idakorea.ee\/product\/ssence-mist-manyo-factory-galactomy-essence-mist-120ml\/#breadcrumb","itemListElement":[{"@type":"ListItem","position":1,"name":"\u0413\u043b\u0430\u0432\u043d\u0430\u044f \u0441\u0442\u0440\u0430\u043d\u0438\u0446\u0430","item":"https:\/\/idakorea.ee\/"},{"@type":"ListItem","position":2,"name":"Shop","item":"https:\/\/idakorea.ee\/shop-2\/"},{"@type":"ListItem","position":3,"name":"Essence-mist Manyo Factory Galactomy Essence Mist, 120ml EXP 27.11.2026"}]},{"@type":"WebSite","@id":"https:\/\/idakorea.ee\/#website","url":"https:\/\/idakorea.ee\/","name":"IDA.KOREA","description":"Korean kosmetiikan verkkokauppa","publisher":{"@id":"https:\/\/idakorea.ee\/#organization"},"alternateName":"Beauty Shop","potentialAction":[{"@type":"SearchAction","target":{"@type":"EntryPoint","urlTemplate":"https:\/\/idakorea.ee\/?s={search_term_string}"},"query-input":{"@type":"PropertyValueSpecification","valueRequired":true,"valueName":"search_term_string"}}],"inLanguage":"fi"},{"@type":"Organization","@id":"https:\/\/idakorea.ee\/#organization","name":"IDA.KOREA","url":"https:\/\/idakorea.ee\/","logo":{"@type":"ImageObject","inLanguage":"fi","@id":"https:\/\/idakorea.ee\/#\/schema\/logo\/image\/","url":"https:\/\/idakorea.ee\/wp-content\/uploads\/2024\/05\/cropped-korea3.png","contentUrl":"https:\/\/idakorea.ee\/wp-content\/uploads\/2024\/05\/cropped-korea3.png","width":688,"height":126,"caption":"IDA.KOREA"},"image":{"@id":"https:\/\/idakorea.ee\/#\/schema\/logo\/image\/"},"sameAs":["https:\/\/www.instagram.com\/ida.korea\/"]}]}},"jetpack_sharing_enabled":true,"brands":[{"id":448,"name":"MANYO","slug":"manyo"}],"_links":{"self":[{"href":"https:\/\/idakorea.ee\/fi\/wp-json\/wp\/v2\/product\/9875","targetHints":{"allow":["GET"]}}],"collection":[{"href":"https:\/\/idakorea.ee\/fi\/wp-json\/wp\/v2\/product"}],"about":[{"href":"https:\/\/idakorea.ee\/fi\/wp-json\/wp\/v2\/types\/product"}],"replies":[{"embeddable":true,"href":"https:\/\/idakorea.ee\/fi\/wp-json\/wp\/v2\/comments?post=9875"}],"version-history":[{"count":6,"href":"https:\/\/idakorea.ee\/fi\/wp-json\/wp\/v2\/product\/9875\/revisions"}],"predecessor-version":[{"id":18348,"href":"https:\/\/idakorea.ee\/fi\/wp-json\/wp\/v2\/product\/9875\/revisions\/18348"}],"wp:featuredmedia":[{"embeddable":true,"href":"https:\/\/idakorea.ee\/fi\/wp-json\/wp\/v2\/media\/9889"}],"wp:attachment":[{"href":"https:\/\/idakorea.ee\/fi\/wp-json\/wp\/v2\/media?parent=9875"}],"wp:term":[{"taxonomy":"pwb-brand","embeddable":true,"href":"https:\/\/idakorea.ee\/fi\/wp-json\/wp\/v2\/pwb-brand?post=9875"},{"taxonomy":"product_brand","embeddable":true,"href":"https:\/\/idakorea.ee\/fi\/wp-json\/wp\/v2\/product_brand?post=9875"},{"taxonomy":"product_cat","embeddable":true,"href":"https:\/\/idakorea.ee\/fi\/wp-json\/wp\/v2\/product_cat?post=9875"},{"taxonomy":"product_tag","embeddable":true,"href":"https:\/\/idakorea.ee\/fi\/wp-json\/wp\/v2\/product_tag?post=9875"}],"curies":[{"name":"wp","href":"https:\/\/api.w.org\/{rel}","templated":true}]}}