{"id":9937,"date":"2024-08-16T11:58:16","date_gmt":"2024-08-16T08:58:16","guid":{"rendered":"https:\/\/idakorea.ee\/?post_type=product&#038;p=9937"},"modified":"2026-01-30T16:31:51","modified_gmt":"2026-01-30T14:31:51","slug":"kahetoimeline-niisutav-naokreem-axis-y-cera-heart-my-type-duo-cream-60ml","status":"publish","type":"product","link":"https:\/\/idakorea.ee\/fi\/product\/kahetoimeline-niisutav-naokreem-axis-y-cera-heart-my-type-duo-cream-60ml\/","title":{"rendered":"AXIS-Y Cera-Heart My Type Duo Duo kasvovoide, 60ml"},"content":{"rendered":"<p><strong>AXIS-Y Cera-Heart My Type Duo -voide T- ja U-alueelle<\/strong> on erityisesti suunniteltu sekaiholle, joka tarvitsee erityist\u00e4 hoitoa. Sekaiho on yleens\u00e4 rasvoittuvaa T-alueella ja normaalia tai kuivuuteen taipuvaista U-alueella.<\/p>\n<p>Historian ensimm\u00e4inen voide, jossa on kaksi ainutlaatuista koostumusta, jotka vastaavat U- ja T-alueiden hoitotarpeisiin<\/p>\n<p><strong>T\u00e4rkeimm\u00e4t vaikuttavat aineet:<\/strong><\/p>\n<ul>\n<li>Aasialainen lumpeen uute kiihdytt\u00e4\u00e4 kudosten uudistumista, rauhoittaa ja edist\u00e4\u00e4 mikrohalkeamien, aknen ja haavojen paranemista.<\/li>\n<li>Jojobansiemen\u00f6ljy pehment\u00e4\u00e4 ja kosteuttaa ihoa t\u00e4ydellisesti.<\/li>\n<li>Natriumhyaluronaatti voi v\u00e4hent\u00e4\u00e4 tulehdusta, ei tuki ihohuokosia ja tarjoaa syv\u00e4kosteutusta.<\/li>\n<li>Betaiini suojaa ihoa negatiivisilta vaikutuksilta ja edist\u00e4\u00e4 kudosten uudistumista.<\/li>\n<li>Salviauute rauhoittaa tulehtunutta ihoa, normalisoi talirauhasten toimintaa ja auttaa v\u00e4hent\u00e4m\u00e4\u00e4n hienoja ryppyj\u00e4.<\/li>\n<li>Durranlehtiuute auttaa tekem\u00e4\u00e4n ihosta kimmoisamman ja s\u00e4teilev\u00e4mm\u00e4n.<\/li>\n<\/ul>\n<p><strong>Voide toimii kahteen suuntaan:<\/strong><\/p>\n<ol>\n<li>Tehokas kosteutus. Voide kosteuttaa ihoa v\u00e4litt\u00f6m\u00e4sti, lievitt\u00e4\u00e4 kuivuutta, kutinaa ja hilseily\u00e4, hidastaa kosteuden haihtumista, auttaa suojaamaan soluja kuivumiselta ja hidastaa ik\u00e4\u00e4ntymisen merkkej\u00e4.<\/li>\n<li>Parantava vaikutus. Voide torjuu tehokkaasti patogeenisi\u00e4 bakteereja ja haitallisia ilmi\u00f6it\u00e4. Se nopeuttaa haavaumien paranemista, lievitt\u00e4\u00e4 tulehdusta ja \u00e4rsytyst\u00e4, v\u00e4hent\u00e4\u00e4 ihon rasvaisuutta, normalisoi kosteustasapainon ja tekee ihosta tasaisemman, s\u00e4teilev\u00e4mm\u00e4n ja t\u00e4ytel\u00e4isemm\u00e4n.<\/li>\n<\/ol>\n<p>U-vy\u00f6hykevoiteella on t\u00e4ytel\u00e4inen valkoinen koostumus. Se ei j\u00e4t\u00e4 iholle tahmeaa tunnetta levityksen j\u00e4lkeen. T-vy\u00f6hykevoiteella on vaaleampi, sinivihre\u00e4 geelim\u00e4inen koostumus, joka j\u00e4tt\u00e4\u00e4 iholle miellytt\u00e4v\u00e4n kosteuttavan vaikutuksen.<\/p>\n<p>Tuote on dermatologisesti testattu ja sertifioitu turvalliseksi herk\u00e4lle kasvojen iholle. Se EI sis\u00e4ll\u00e4 haitallisia kemikaaleja, jotka voivat aiheuttaa allergisia reaktioita tai \u00e4rsytyst\u00e4, kuten synteettisi\u00e4 hajusteita, v\u00e4riaineita, parabeeneja, etanolia, mineraali\u00f6ljyj\u00e4, pinta-aktiivisia aineita ja muita vastaavia ainesosia. Tuotetta ei ole testattu el\u00e4imill\u00e4 (Cruelty Free).<\/p>\n<p>&nbsp;<\/p>\n<p>Sopii sekaiholle.<\/p>\n<p>&nbsp;<\/p>\n<p><strong>K\u00e4ytt\u00e4j\u00e4n k\u00e4sikirja<\/strong>K\u00e4yt\u00e4 pakkauksessa olevaa lastaa ottaaksesi halutun m\u00e4\u00e4r\u00e4n tuotetta ja levitt\u00e4\u00e4ksesi sen haluamillesi alueille. T-alueen voide sopii rasvoittuville alueille, U-alueen voide kuivemmille alueille ja seosta k\u00e4ytet\u00e4\u00e4n alueille, jotka tarvitsevat kosteutusta ja kosteuden s\u00e4ilytt\u00e4mist\u00e4.<\/p>","protected":false},"excerpt":{"rendered":"<p>AXIS-Y Cera-Heart My Type Duo Cream T- ja U-alueille on suunniteltu erityisesti erityist\u00e4 hoitoa tarvitsevalle sekaiholle. Yhdistelm\u00e4iho on yleens\u00e4 rasvaisempi T-alueella ja normaali tai kuivuuteen taipuvainen U-alueella. Historian ensimm\u00e4inen voide, jossa on kaksi ainutlaatuista koostumusta, jotka pystyv\u00e4t vastaamaan U- ja T-alueen hoitotarpeisiin T\u00e4rkeimm\u00e4t aktiiviset ainesosat: - T- ja U-alueen hoitovoiteet.<\/p>","protected":false},"featured_media":9938,"comment_status":"open","ping_status":"closed","template":"","meta":{"_uf_show_specific_survey":0,"_uf_disable_surveys":false,"_bst_post_transparent":"default","_bst_post_title":"","_bst_post_layout":"default","_bst_post_sidebar_id":"","_bst_post_content_style":"default","_bst_post_vertical_padding":"default","_bst_post_feature":"","_bst_post_feature_position":"","_bst_post_header":false,"_bst_post_footer":false},"pwb-brand":[565],"product_brand":[],"product_cat":[96],"product_tag":[566,570,233,377,569,568,202,216,538],"class_list":{"0":"post-9937","1":"product","2":"type-product","3":"status-publish","4":"has-post-thumbnail","6":"pwb-brand-axis-y","7":"product_cat-naokreemid","8":"product_tag-axis","9":"product_tag-estonia","10":"product_tag-internet-pood-eesti","11":"product_tag-k-beauty-2","12":"product_tag-kombi","13":"product_tag-korea","14":"product_tag-korea-kosmeetika","15":"product_tag-kuiv-nahk","16":"product_tag-viral","18":"first","19":"instock","20":"sale","21":"shipping-taxable","22":"purchasable","23":"product-type-simple","24":"entry","25":"content-bg","26":"loop-entry"},"supplier_id":null,"supplier_sku":"","barcode":null,"atum_controlled":true,"out_stock_date":null,"out_stock_threshold":null,"inheritable":false,"inbound_stock":0,"stock_on_hold":0,"sold_today":0,"sales_last_days":0,"out_stock_days":0,"lost_sales":0,"has_location":false,"update_date":"2026-04-15T00:05:10","atum_locations":[],"atum_stock_status":"instock","restock_status":false,"low_stock_amount":"","sales_update_date":"2026-04-15T00:05:10","calc_backorders":null,"yoast_head":"<!-- This site is optimized with the Yoast SEO plugin v27.2 - https:\/\/yoast.com\/product\/yoast-seo-wordpress\/ -->\n<title>Kahetoimeline niisutav n\u00e4okreem AXIS-Y Cera-Heart My Type Duo Cream, 60ml - IDA.KOREA<\/title>\n<meta name=\"description\" content=\"AXIS-Y Cera-Heart My Type Duo Cream kreem T- ja U-tsoonidele on spetsiaalselt loodud kombineeritud nahale, mis vajab erilist hooldust. Kombineeritud nahk on tavaliselt T-tsoonis rasusem ja U-tsoonis normaalne v\u00f5i kuivusele kalduv.\" \/>\n<meta name=\"robots\" content=\"index, follow, max-snippet:-1, max-image-preview:large, max-video-preview:-1\" \/>\n<link rel=\"canonical\" href=\"https:\/\/idakorea.ee\/fi\/product\/kahetoimeline-niisutav-naokreem-axis-y-cera-heart-my-type-duo-cream-60ml\/\" \/>\n<meta property=\"og:locale\" content=\"fi_FI\" \/>\n<meta property=\"og:type\" content=\"article\" \/>\n<meta property=\"og:title\" content=\"Kahetoimeline niisutav n\u00e4okreem AXIS-Y Cera-Heart My Type Duo Cream, 60ml - IDA.KOREA\" \/>\n<meta property=\"og:description\" content=\"AXIS-Y Cera-Heart My Type Duo Cream kreem T- ja U-tsoonidele on spetsiaalselt loodud kombineeritud nahale, mis vajab erilist hooldust. Kombineeritud nahk on tavaliselt T-tsoonis rasusem ja U-tsoonis normaalne v\u00f5i kuivusele kalduv.\" \/>\n<meta property=\"og:url\" content=\"https:\/\/idakorea.ee\/fi\/product\/kahetoimeline-niisutav-naokreem-axis-y-cera-heart-my-type-duo-cream-60ml\/\" \/>\n<meta property=\"og:site_name\" content=\"IDA.KOREA\" \/>\n<meta property=\"article:modified_time\" content=\"2026-01-30T14:31:51+00:00\" \/>\n<meta property=\"og:image\" content=\"https:\/\/idakorea.ee\/wp-content\/uploads\/2024\/08\/e0f8a0d919ead7b915662cfbfea589c1a8c2d2c7_1024_1024.jpeg\" \/>\n\t<meta property=\"og:image:width\" content=\"1024\" \/>\n\t<meta property=\"og:image:height\" content=\"1024\" \/>\n\t<meta property=\"og:image:type\" content=\"image\/jpeg\" \/>\n<meta name=\"twitter:card\" content=\"summary_large_image\" \/>\n<meta name=\"twitter:label1\" content=\"Arvioitu lukuaika\" \/>\n\t<meta name=\"twitter:data1\" content=\"2 minuuttia\" \/>\n<script type=\"application\/ld+json\" class=\"yoast-schema-graph\">{\"@context\":\"https:\/\/schema.org\",\"@graph\":[{\"@type\":\"WebPage\",\"@id\":\"https:\/\/idakorea.ee\/product\/kahetoimeline-niisutav-naokreem-axis-y-cera-heart-my-type-duo-cream-60ml\/\",\"url\":\"https:\/\/idakorea.ee\/product\/kahetoimeline-niisutav-naokreem-axis-y-cera-heart-my-type-duo-cream-60ml\/\",\"name\":\"Kahetoimeline niisutav n\u00e4okreem AXIS-Y Cera-Heart My Type Duo Cream, 60ml - IDA.KOREA\",\"isPartOf\":{\"@id\":\"https:\/\/idakorea.ee\/#website\"},\"primaryImageOfPage\":{\"@id\":\"https:\/\/idakorea.ee\/product\/kahetoimeline-niisutav-naokreem-axis-y-cera-heart-my-type-duo-cream-60ml\/#primaryimage\"},\"image\":{\"@id\":\"https:\/\/idakorea.ee\/product\/kahetoimeline-niisutav-naokreem-axis-y-cera-heart-my-type-duo-cream-60ml\/#primaryimage\"},\"thumbnailUrl\":\"https:\/\/idakorea.ee\/wp-content\/uploads\/2024\/08\/e0f8a0d919ead7b915662cfbfea589c1a8c2d2c7_1024_1024.jpeg\",\"datePublished\":\"2024-08-16T08:58:16+00:00\",\"dateModified\":\"2026-01-30T14:31:51+00:00\",\"description\":\"AXIS-Y Cera-Heart My Type Duo Cream kreem T- ja U-tsoonidele on spetsiaalselt loodud kombineeritud nahale, mis vajab erilist hooldust. Kombineeritud nahk on tavaliselt T-tsoonis rasusem ja U-tsoonis normaalne v\u00f5i kuivusele kalduv.\",\"breadcrumb\":{\"@id\":\"https:\/\/idakorea.ee\/product\/kahetoimeline-niisutav-naokreem-axis-y-cera-heart-my-type-duo-cream-60ml\/#breadcrumb\"},\"inLanguage\":\"fi\",\"potentialAction\":[{\"@type\":\"ReadAction\",\"target\":[\"https:\/\/idakorea.ee\/product\/kahetoimeline-niisutav-naokreem-axis-y-cera-heart-my-type-duo-cream-60ml\/\"]}]},{\"@type\":\"ImageObject\",\"inLanguage\":\"fi\",\"@id\":\"https:\/\/idakorea.ee\/product\/kahetoimeline-niisutav-naokreem-axis-y-cera-heart-my-type-duo-cream-60ml\/#primaryimage\",\"url\":\"https:\/\/idakorea.ee\/wp-content\/uploads\/2024\/08\/e0f8a0d919ead7b915662cfbfea589c1a8c2d2c7_1024_1024.jpeg\",\"contentUrl\":\"https:\/\/idakorea.ee\/wp-content\/uploads\/2024\/08\/e0f8a0d919ead7b915662cfbfea589c1a8c2d2c7_1024_1024.jpeg\",\"width\":1024,\"height\":1024},{\"@type\":\"BreadcrumbList\",\"@id\":\"https:\/\/idakorea.ee\/product\/kahetoimeline-niisutav-naokreem-axis-y-cera-heart-my-type-duo-cream-60ml\/#breadcrumb\",\"itemListElement\":[{\"@type\":\"ListItem\",\"position\":1,\"name\":\"\u0413\u043b\u0430\u0432\u043d\u0430\u044f \u0441\u0442\u0440\u0430\u043d\u0438\u0446\u0430\",\"item\":\"https:\/\/idakorea.ee\/\"},{\"@type\":\"ListItem\",\"position\":2,\"name\":\"Shop\",\"item\":\"https:\/\/idakorea.ee\/shop-2\/\"},{\"@type\":\"ListItem\",\"position\":3,\"name\":\"Kahetoimeline niisutav n\u00e4okreem AXIS-Y Cera-Heart My Type Duo Cream, 60ml\"}]},{\"@type\":\"WebSite\",\"@id\":\"https:\/\/idakorea.ee\/#website\",\"url\":\"https:\/\/idakorea.ee\/\",\"name\":\"IDA.KOREA\",\"description\":\"Korea kosmeetika e-pood\",\"publisher\":{\"@id\":\"https:\/\/idakorea.ee\/#organization\"},\"alternateName\":\"Beauty Shop\",\"potentialAction\":[{\"@type\":\"SearchAction\",\"target\":{\"@type\":\"EntryPoint\",\"urlTemplate\":\"https:\/\/idakorea.ee\/?s={search_term_string}\"},\"query-input\":{\"@type\":\"PropertyValueSpecification\",\"valueRequired\":true,\"valueName\":\"search_term_string\"}}],\"inLanguage\":\"fi\"},{\"@type\":\"Organization\",\"@id\":\"https:\/\/idakorea.ee\/#organization\",\"name\":\"IDA.KOREA\",\"url\":\"https:\/\/idakorea.ee\/\",\"logo\":{\"@type\":\"ImageObject\",\"inLanguage\":\"fi\",\"@id\":\"https:\/\/idakorea.ee\/#\/schema\/logo\/image\/\",\"url\":\"https:\/\/idakorea.ee\/wp-content\/uploads\/2024\/05\/cropped-korea3.png\",\"contentUrl\":\"https:\/\/idakorea.ee\/wp-content\/uploads\/2024\/05\/cropped-korea3.png\",\"width\":688,\"height\":126,\"caption\":\"IDA.KOREA\"},\"image\":{\"@id\":\"https:\/\/idakorea.ee\/#\/schema\/logo\/image\/\"},\"sameAs\":[\"https:\/\/www.instagram.com\/ida.korea\/\"]}]}<\/script>\n<!-- \/ Yoast SEO plugin. -->","yoast_head_json":{"title":"Kaksoisvaikutteinen kosteuttava kasvovoide AXIS-Y Cera-Heart My Type Duo Cream, 60ml - IDA.KOREA","description":"AXIS-Y Cera-Heart My Type Duo -voide T- ja U-alueille on erityisesti kehitetty sekaiholle, joka tarvitsee erityist\u00e4 hoitoa. Sekaiho on yleens\u00e4 rasvoittuvaa T-alueella ja normaalia tai kuivuuteen taipuvaista U-alueella.","robots":{"index":"index","follow":"follow","max-snippet":"max-snippet:-1","max-image-preview":"max-image-preview:large","max-video-preview":"max-video-preview:-1"},"canonical":"https:\/\/idakorea.ee\/fi\/product\/kahetoimeline-niisutav-naokreem-axis-y-cera-heart-my-type-duo-cream-60ml\/","og_locale":"fi_FI","og_type":"article","og_title":"Kahetoimeline niisutav n\u00e4okreem AXIS-Y Cera-Heart My Type Duo Cream, 60ml - IDA.KOREA","og_description":"AXIS-Y Cera-Heart My Type Duo Cream kreem T- ja U-tsoonidele on spetsiaalselt loodud kombineeritud nahale, mis vajab erilist hooldust. Kombineeritud nahk on tavaliselt T-tsoonis rasusem ja U-tsoonis normaalne v\u00f5i kuivusele kalduv.","og_url":"https:\/\/idakorea.ee\/fi\/product\/kahetoimeline-niisutav-naokreem-axis-y-cera-heart-my-type-duo-cream-60ml\/","og_site_name":"IDA.KOREA","article_modified_time":"2026-01-30T14:31:51+00:00","og_image":[{"width":1024,"height":1024,"url":"https:\/\/idakorea.ee\/wp-content\/uploads\/2024\/08\/e0f8a0d919ead7b915662cfbfea589c1a8c2d2c7_1024_1024.jpeg","type":"image\/jpeg"}],"twitter_card":"summary_large_image","twitter_misc":{"Arvioitu lukuaika":"2 minuuttia"},"schema":{"@context":"https:\/\/schema.org","@graph":[{"@type":"WebPage","@id":"https:\/\/idakorea.ee\/product\/kahetoimeline-niisutav-naokreem-axis-y-cera-heart-my-type-duo-cream-60ml\/","url":"https:\/\/idakorea.ee\/product\/kahetoimeline-niisutav-naokreem-axis-y-cera-heart-my-type-duo-cream-60ml\/","name":"Kaksoisvaikutteinen kosteuttava kasvovoide AXIS-Y Cera-Heart My Type Duo Cream, 60ml - IDA.KOREA","isPartOf":{"@id":"https:\/\/idakorea.ee\/#website"},"primaryImageOfPage":{"@id":"https:\/\/idakorea.ee\/product\/kahetoimeline-niisutav-naokreem-axis-y-cera-heart-my-type-duo-cream-60ml\/#primaryimage"},"image":{"@id":"https:\/\/idakorea.ee\/product\/kahetoimeline-niisutav-naokreem-axis-y-cera-heart-my-type-duo-cream-60ml\/#primaryimage"},"thumbnailUrl":"https:\/\/idakorea.ee\/wp-content\/uploads\/2024\/08\/e0f8a0d919ead7b915662cfbfea589c1a8c2d2c7_1024_1024.jpeg","datePublished":"2024-08-16T08:58:16+00:00","dateModified":"2026-01-30T14:31:51+00:00","description":"AXIS-Y Cera-Heart My Type Duo -voide T- ja U-alueille on erityisesti kehitetty sekaiholle, joka tarvitsee erityist\u00e4 hoitoa. Sekaiho on yleens\u00e4 rasvoittuvaa T-alueella ja normaalia tai kuivuuteen taipuvaista U-alueella.","breadcrumb":{"@id":"https:\/\/idakorea.ee\/product\/kahetoimeline-niisutav-naokreem-axis-y-cera-heart-my-type-duo-cream-60ml\/#breadcrumb"},"inLanguage":"fi","potentialAction":[{"@type":"ReadAction","target":["https:\/\/idakorea.ee\/product\/kahetoimeline-niisutav-naokreem-axis-y-cera-heart-my-type-duo-cream-60ml\/"]}]},{"@type":"ImageObject","inLanguage":"fi","@id":"https:\/\/idakorea.ee\/product\/kahetoimeline-niisutav-naokreem-axis-y-cera-heart-my-type-duo-cream-60ml\/#primaryimage","url":"https:\/\/idakorea.ee\/wp-content\/uploads\/2024\/08\/e0f8a0d919ead7b915662cfbfea589c1a8c2d2c7_1024_1024.jpeg","contentUrl":"https:\/\/idakorea.ee\/wp-content\/uploads\/2024\/08\/e0f8a0d919ead7b915662cfbfea589c1a8c2d2c7_1024_1024.jpeg","width":1024,"height":1024},{"@type":"BreadcrumbList","@id":"https:\/\/idakorea.ee\/product\/kahetoimeline-niisutav-naokreem-axis-y-cera-heart-my-type-duo-cream-60ml\/#breadcrumb","itemListElement":[{"@type":"ListItem","position":1,"name":"\u0413\u043b\u0430\u0432\u043d\u0430\u044f \u0441\u0442\u0440\u0430\u043d\u0438\u0446\u0430","item":"https:\/\/idakorea.ee\/"},{"@type":"ListItem","position":2,"name":"Shop","item":"https:\/\/idakorea.ee\/shop-2\/"},{"@type":"ListItem","position":3,"name":"Kahetoimeline niisutav n\u00e4okreem AXIS-Y Cera-Heart My Type Duo Cream, 60ml"}]},{"@type":"WebSite","@id":"https:\/\/idakorea.ee\/#website","url":"https:\/\/idakorea.ee\/","name":"IDA.KOREA","description":"Korean kosmetiikan verkkokauppa","publisher":{"@id":"https:\/\/idakorea.ee\/#organization"},"alternateName":"Beauty Shop","potentialAction":[{"@type":"SearchAction","target":{"@type":"EntryPoint","urlTemplate":"https:\/\/idakorea.ee\/?s={search_term_string}"},"query-input":{"@type":"PropertyValueSpecification","valueRequired":true,"valueName":"search_term_string"}}],"inLanguage":"fi"},{"@type":"Organization","@id":"https:\/\/idakorea.ee\/#organization","name":"IDA.KOREA","url":"https:\/\/idakorea.ee\/","logo":{"@type":"ImageObject","inLanguage":"fi","@id":"https:\/\/idakorea.ee\/#\/schema\/logo\/image\/","url":"https:\/\/idakorea.ee\/wp-content\/uploads\/2024\/05\/cropped-korea3.png","contentUrl":"https:\/\/idakorea.ee\/wp-content\/uploads\/2024\/05\/cropped-korea3.png","width":688,"height":126,"caption":"IDA.KOREA"},"image":{"@id":"https:\/\/idakorea.ee\/#\/schema\/logo\/image\/"},"sameAs":["https:\/\/www.instagram.com\/ida.korea\/"]}]}},"jetpack_sharing_enabled":true,"brands":[{"id":565,"name":"AXIS-Y","slug":"axis-y"}],"_links":{"self":[{"href":"https:\/\/idakorea.ee\/fi\/wp-json\/wp\/v2\/product\/9937","targetHints":{"allow":["GET"]}}],"collection":[{"href":"https:\/\/idakorea.ee\/fi\/wp-json\/wp\/v2\/product"}],"about":[{"href":"https:\/\/idakorea.ee\/fi\/wp-json\/wp\/v2\/types\/product"}],"replies":[{"embeddable":true,"href":"https:\/\/idakorea.ee\/fi\/wp-json\/wp\/v2\/comments?post=9937"}],"version-history":[{"count":3,"href":"https:\/\/idakorea.ee\/fi\/wp-json\/wp\/v2\/product\/9937\/revisions"}],"predecessor-version":[{"id":13420,"href":"https:\/\/idakorea.ee\/fi\/wp-json\/wp\/v2\/product\/9937\/revisions\/13420"}],"wp:featuredmedia":[{"embeddable":true,"href":"https:\/\/idakorea.ee\/fi\/wp-json\/wp\/v2\/media\/9938"}],"wp:attachment":[{"href":"https:\/\/idakorea.ee\/fi\/wp-json\/wp\/v2\/media?parent=9937"}],"wp:term":[{"taxonomy":"pwb-brand","embeddable":true,"href":"https:\/\/idakorea.ee\/fi\/wp-json\/wp\/v2\/pwb-brand?post=9937"},{"taxonomy":"product_brand","embeddable":true,"href":"https:\/\/idakorea.ee\/fi\/wp-json\/wp\/v2\/product_brand?post=9937"},{"taxonomy":"product_cat","embeddable":true,"href":"https:\/\/idakorea.ee\/fi\/wp-json\/wp\/v2\/product_cat?post=9937"},{"taxonomy":"product_tag","embeddable":true,"href":"https:\/\/idakorea.ee\/fi\/wp-json\/wp\/v2\/product_tag?post=9937"}],"curies":[{"name":"wp","href":"https:\/\/api.w.org\/{rel}","templated":true}]}}