{"id":9977,"date":"2024-08-19T11:29:30","date_gmt":"2024-08-19T08:29:30","guid":{"rendered":"https:\/\/idakorea.ee\/?post_type=product&#038;p=9977"},"modified":"2026-03-27T12:03:09","modified_gmt":"2026-03-27T10:03:09","slug":"rahustav-kreem-dr-g-red-blemish-clear-cream","status":"publish","type":"product","link":"https:\/\/idakorea.ee\/fi\/product\/rahustav-kreem-dr-g-red-blemish-clear-cream\/","title":{"rendered":"Dr.G Red Blemish Clear Soothing Cream, 70ml"},"content":{"rendered":"<div class=\"flex-shrink-0 flex flex-col relative items-end\">\n<div>\n<div class=\"pt-0\">\n<div class=\"gizmo-bot-avatar flex h-8 w-8 items-center justify-center overflow-hidden rounded-full\">\n<div class=\"relative p-1 rounded-sm flex items-center justify-center bg-token-main-surface-primary text-token-text-primary h-8 w-8\"><span style=\"font-family: var(--global-body-font-family);\">Punetust n\u00e4ol neutraliseerida, nahka rahustada ja \u00fchtlast jumet taastada aitavad spetsiaalsed Dr.G Red-Blemish sarja kosmeetikatooted. Need tooted rahustavad ja l\u00f5\u00f5gastavad nahka, taastavad optimaalse niiskustaseme ning pakuvad usaldusv\u00e4\u00e4rset antioks\u00fcdantset kaitset, muutes naha v\u00e4hem vastuv\u00f5tlikuks erinevatele ebasoodsatele keskkonnateguritele, nagu n\u00e4iteks temperatuurimuutustele jne.<\/span><\/div>\n<\/div>\n<\/div>\n<\/div>\n<\/div>\n<div class=\"group\/conversation-turn relative flex w-full min-w-0 flex-col agent-turn\">\n<div class=\"flex-col gap-1 md:gap-3\">\n<div class=\"flex max-w-full flex-col flex-grow\">\n<div class=\"min-h-[20px] text-message flex w-full flex-col items-end gap-2 whitespace-pre-wrap break-words [.text-message+&amp;]:mt-5 overflow-x-auto\" dir=\"auto\" data-message-author-role=\"assistant\" data-message-id=\"8a5ed6a9-2231-4877-8469-765f8a5b2159\">\n<div class=\"flex w-full flex-col gap-1 empty:hidden first:pt-[3px]\">\n<div class=\"markdown prose w-full break-words dark:prose-invert light\">\n<p><strong>Dr.G Red Blemish Clear Soothing Cream<\/strong>\u00a0 &#8211;\u00a0 v\u00e4rskendav koostis rahustab, leevendab s\u00fcgelust ja kiskuvat tunnet, andes nahale meeldiva mugavustunde. Seda v\u00f5ib kasutada nii rahustava p\u00e4evakreemina kui ka \u00f6ise raviva maskina.<\/p>\n<ul>\n<li data-start=\"62\" data-end=\"442\"><strong>10 cica<\/strong> koostisosa pakuvad intensiivset rahustavat hooldust \u00e4rritunud nahale ja leevendavad igap\u00e4evast \u00e4rritust, mis v\u00f5ib tekkida koduste tugevatoimeliste nahahooldustoodete kasutamisel.<br data-start=\"248\" data-end=\"251\" \/>10 CICA-COMPLEX sisaldab k\u00fcmmet kontsentreeritud koostisosa, sealhulgas madecassoside\u2019i, asiaticoside\u2019i ja Centella Asiatica ekstrakti, tagades t\u00f5husa rahustava toime tundlikule nahale.<\/li>\n<li data-start=\"444\" data-end=\"590\"><strong data-start=\"444\" data-end=\"457\">Pantenool<\/strong> tugevdab naha niiskusbarj\u00e4\u00e4ri.<\/li>\n<\/ul>\n<p>Kreemi j\u00e4rjepideval kasutamisel paraneb kahjustatud barj\u00e4\u00e4r m\u00e4rgatavalt.<\/p>\n<p data-start=\"592\" data-end=\"671\"><strong>Korea nr 1 rahustav kreem<\/strong><\/p>\n<p data-start=\"592\" data-end=\"671\"><strong data-start=\"592\" data-end=\"620\">100 tundi p\u00fcsiv niisutus<\/strong><\/p>\n<p><strong>Kasutusjuhend:<\/strong> Kandke puhastatud ja toniseeritud nahale.<\/p>\n<\/div>\n<\/div>\n<\/div>\n<\/div>\n<\/div>\n<\/div>\n","protected":false},"excerpt":{"rendered":"<p>Dr.G Red-Blemish -sarjan erityiskosmetiikkatuotteet auttavat neutraloimaan kasvojen punoitusta, rauhoittamaan ihoa ja palauttamaan tasaisen ihonv\u00e4rin. N\u00e4m\u00e4 tuotteet rauhoittavat ja rentouttavat ihoa, palauttavat optimaalisen kosteustason ja tarjoavat luotettavan antioksidanttisuojan, mik\u00e4 tekee ihosta v\u00e4hemm\u00e4n alttiin erilaisille haitallisille ymp\u00e4rist\u00f6tekij\u00f6ille, kuten l\u00e4mp\u00f6tilan muutoksille jne. Dr.G Red Blemish Clear Soothing Cream \u2013 virkist\u00e4v\u00e4 koostumus rauhoittaa, lievitt\u00e4\u00e4 kutinaa ja kirist\u00e4v\u00e4n tunnetta,\u2026<\/p>","protected":false},"featured_media":16549,"comment_status":"open","ping_status":"closed","template":"","meta":{"_uf_show_specific_survey":0,"_uf_disable_surveys":false,"_bst_post_transparent":"default","_bst_post_title":"","_bst_post_layout":"default","_bst_post_sidebar_id":"","_bst_post_content_style":"default","_bst_post_vertical_padding":"default","_bst_post_feature":"","_bst_post_feature_position":"","_bst_post_header":false,"_bst_post_footer":false},"pwb-brand":[458],"product_brand":[],"product_cat":[96],"product_tag":[574,202,216,439,221],"class_list":{"0":"post-9977","1":"product","2":"type-product","3":"status-publish","4":"has-post-thumbnail","6":"pwb-brand-dr-g","7":"product_cat-naokreemid","8":"product_tag-dr-g","9":"product_tag-korea-kosmeetika","10":"product_tag-kuiv-nahk","11":"product_tag-rahustav","12":"product_tag-tundlik-nahk","14":"first","15":"instock","16":"sale","17":"shipping-taxable","18":"purchasable","19":"product-type-simple","20":"entry","21":"content-bg","22":"loop-entry"},"supplier_id":null,"supplier_sku":"","barcode":null,"atum_controlled":true,"out_stock_date":null,"out_stock_threshold":null,"inheritable":false,"inbound_stock":0,"stock_on_hold":0,"sold_today":0,"sales_last_days":1,"out_stock_days":0,"lost_sales":0,"has_location":false,"update_date":"2026-04-14T00:05:04","atum_locations":[],"atum_stock_status":"instock","restock_status":false,"low_stock_amount":"","sales_update_date":"2026-04-14T00:05:04","calc_backorders":null,"yoast_head":"<!-- This site is optimized with the Yoast SEO plugin v27.2 - https:\/\/yoast.com\/product\/yoast-seo-wordpress\/ -->\n<title>Dr.G Red Blemish Clear Soothing Cream, 70ml - IDA.KOREA<\/title>\n<meta name=\"description\" content=\"10 cica koostisosa pakuvad intensiivset rahustavat hooldust \u00e4rritunud nahale ja leevendavad igap\u00e4evast \u00e4rritust. - Korea nr 1 rahustav kreem!\" \/>\n<meta name=\"robots\" content=\"index, follow, max-snippet:-1, max-image-preview:large, max-video-preview:-1\" \/>\n<link rel=\"canonical\" href=\"https:\/\/idakorea.ee\/fi\/product\/rahustav-kreem-dr-g-red-blemish-clear-cream\/\" \/>\n<meta property=\"og:locale\" content=\"fi_FI\" \/>\n<meta property=\"og:type\" content=\"article\" \/>\n<meta property=\"og:title\" content=\"Dr.G Red Blemish Clear Soothing Cream, 70ml - IDA.KOREA\" \/>\n<meta property=\"og:description\" content=\"10 cica koostisosa pakuvad intensiivset rahustavat hooldust \u00e4rritunud nahale ja leevendavad igap\u00e4evast \u00e4rritust. - Korea nr 1 rahustav kreem!\" \/>\n<meta property=\"og:url\" content=\"https:\/\/idakorea.ee\/fi\/product\/rahustav-kreem-dr-g-red-blemish-clear-cream\/\" \/>\n<meta property=\"og:site_name\" content=\"IDA.KOREA\" \/>\n<meta property=\"article:modified_time\" content=\"2026-03-27T10:03:09+00:00\" \/>\n<meta property=\"og:image\" content=\"https:\/\/idakorea.ee\/wp-content\/uploads\/2024\/08\/Dr.G-R.E.DBlemishClearSoothingCream_idakorea.webp\" \/>\n\t<meta property=\"og:image:width\" content=\"844\" \/>\n\t<meta property=\"og:image:height\" content=\"846\" \/>\n\t<meta property=\"og:image:type\" content=\"image\/webp\" \/>\n<meta name=\"twitter:card\" content=\"summary_large_image\" \/>\n<meta name=\"twitter:label1\" content=\"Arvioitu lukuaika\" \/>\n\t<meta name=\"twitter:data1\" content=\"1 minuutti\" \/>\n<script type=\"application\/ld+json\" class=\"yoast-schema-graph\">{\"@context\":\"https:\/\/schema.org\",\"@graph\":[{\"@type\":\"WebPage\",\"@id\":\"https:\/\/idakorea.ee\/product\/rahustav-kreem-dr-g-red-blemish-clear-cream\/\",\"url\":\"https:\/\/idakorea.ee\/product\/rahustav-kreem-dr-g-red-blemish-clear-cream\/\",\"name\":\"Dr.G Red Blemish Clear Soothing Cream, 70ml - IDA.KOREA\",\"isPartOf\":{\"@id\":\"https:\/\/idakorea.ee\/#website\"},\"primaryImageOfPage\":{\"@id\":\"https:\/\/idakorea.ee\/product\/rahustav-kreem-dr-g-red-blemish-clear-cream\/#primaryimage\"},\"image\":{\"@id\":\"https:\/\/idakorea.ee\/product\/rahustav-kreem-dr-g-red-blemish-clear-cream\/#primaryimage\"},\"thumbnailUrl\":\"https:\/\/idakorea.ee\/wp-content\/uploads\/2024\/08\/Dr.G-R.E.DBlemishClearSoothingCream_idakorea.webp\",\"datePublished\":\"2024-08-19T08:29:30+00:00\",\"dateModified\":\"2026-03-27T10:03:09+00:00\",\"description\":\"10 cica koostisosa pakuvad intensiivset rahustavat hooldust \u00e4rritunud nahale ja leevendavad igap\u00e4evast \u00e4rritust. - Korea nr 1 rahustav kreem!\",\"breadcrumb\":{\"@id\":\"https:\/\/idakorea.ee\/product\/rahustav-kreem-dr-g-red-blemish-clear-cream\/#breadcrumb\"},\"inLanguage\":\"fi\",\"potentialAction\":[{\"@type\":\"ReadAction\",\"target\":[\"https:\/\/idakorea.ee\/product\/rahustav-kreem-dr-g-red-blemish-clear-cream\/\"]}]},{\"@type\":\"ImageObject\",\"inLanguage\":\"fi\",\"@id\":\"https:\/\/idakorea.ee\/product\/rahustav-kreem-dr-g-red-blemish-clear-cream\/#primaryimage\",\"url\":\"https:\/\/idakorea.ee\/wp-content\/uploads\/2024\/08\/Dr.G-R.E.DBlemishClearSoothingCream_idakorea.webp\",\"contentUrl\":\"https:\/\/idakorea.ee\/wp-content\/uploads\/2024\/08\/Dr.G-R.E.DBlemishClearSoothingCream_idakorea.webp\",\"width\":844,\"height\":846},{\"@type\":\"BreadcrumbList\",\"@id\":\"https:\/\/idakorea.ee\/product\/rahustav-kreem-dr-g-red-blemish-clear-cream\/#breadcrumb\",\"itemListElement\":[{\"@type\":\"ListItem\",\"position\":1,\"name\":\"\u0413\u043b\u0430\u0432\u043d\u0430\u044f \u0441\u0442\u0440\u0430\u043d\u0438\u0446\u0430\",\"item\":\"https:\/\/idakorea.ee\/\"},{\"@type\":\"ListItem\",\"position\":2,\"name\":\"Shop\",\"item\":\"https:\/\/idakorea.ee\/shop-2\/\"},{\"@type\":\"ListItem\",\"position\":3,\"name\":\"Rahustav kreem Dr.G Red Blemish Clear Soothing Cream, 70ml\"}]},{\"@type\":\"WebSite\",\"@id\":\"https:\/\/idakorea.ee\/#website\",\"url\":\"https:\/\/idakorea.ee\/\",\"name\":\"IDA.KOREA\",\"description\":\"Korea kosmeetika e-pood\",\"publisher\":{\"@id\":\"https:\/\/idakorea.ee\/#organization\"},\"alternateName\":\"Beauty Shop\",\"potentialAction\":[{\"@type\":\"SearchAction\",\"target\":{\"@type\":\"EntryPoint\",\"urlTemplate\":\"https:\/\/idakorea.ee\/?s={search_term_string}\"},\"query-input\":{\"@type\":\"PropertyValueSpecification\",\"valueRequired\":true,\"valueName\":\"search_term_string\"}}],\"inLanguage\":\"fi\"},{\"@type\":\"Organization\",\"@id\":\"https:\/\/idakorea.ee\/#organization\",\"name\":\"IDA.KOREA\",\"url\":\"https:\/\/idakorea.ee\/\",\"logo\":{\"@type\":\"ImageObject\",\"inLanguage\":\"fi\",\"@id\":\"https:\/\/idakorea.ee\/#\/schema\/logo\/image\/\",\"url\":\"https:\/\/idakorea.ee\/wp-content\/uploads\/2024\/05\/cropped-korea3.png\",\"contentUrl\":\"https:\/\/idakorea.ee\/wp-content\/uploads\/2024\/05\/cropped-korea3.png\",\"width\":688,\"height\":126,\"caption\":\"IDA.KOREA\"},\"image\":{\"@id\":\"https:\/\/idakorea.ee\/#\/schema\/logo\/image\/\"},\"sameAs\":[\"https:\/\/www.instagram.com\/ida.korea\/\"]}]}<\/script>\n<!-- \/ Yoast SEO plugin. -->","yoast_head_json":{"title":"Dr.G Red Blemish Clear Soothing Cream -voide, 70ml - IDA.KOREA","description":"10 cica-ainesosaa tarjoavat tehokasta rauhoittavaa hoitoa \u00e4rtyneelle iholle ja lievitt\u00e4v\u00e4t p\u00e4ivitt\u00e4ist\u00e4 \u00e4rsytyst\u00e4. - Korean rauhoittava voide numero yksi!","robots":{"index":"index","follow":"follow","max-snippet":"max-snippet:-1","max-image-preview":"max-image-preview:large","max-video-preview":"max-video-preview:-1"},"canonical":"https:\/\/idakorea.ee\/fi\/product\/rahustav-kreem-dr-g-red-blemish-clear-cream\/","og_locale":"fi_FI","og_type":"article","og_title":"Dr.G Red Blemish Clear Soothing Cream, 70ml - IDA.KOREA","og_description":"10 cica koostisosa pakuvad intensiivset rahustavat hooldust \u00e4rritunud nahale ja leevendavad igap\u00e4evast \u00e4rritust. - Korea nr 1 rahustav kreem!","og_url":"https:\/\/idakorea.ee\/fi\/product\/rahustav-kreem-dr-g-red-blemish-clear-cream\/","og_site_name":"IDA.KOREA","article_modified_time":"2026-03-27T10:03:09+00:00","og_image":[{"width":844,"height":846,"url":"https:\/\/idakorea.ee\/wp-content\/uploads\/2024\/08\/Dr.G-R.E.DBlemishClearSoothingCream_idakorea.webp","type":"image\/webp"}],"twitter_card":"summary_large_image","twitter_misc":{"Arvioitu lukuaika":"1 minuutti"},"schema":{"@context":"https:\/\/schema.org","@graph":[{"@type":"WebPage","@id":"https:\/\/idakorea.ee\/product\/rahustav-kreem-dr-g-red-blemish-clear-cream\/","url":"https:\/\/idakorea.ee\/product\/rahustav-kreem-dr-g-red-blemish-clear-cream\/","name":"Dr.G Red Blemish Clear Soothing Cream -voide, 70ml - IDA.KOREA","isPartOf":{"@id":"https:\/\/idakorea.ee\/#website"},"primaryImageOfPage":{"@id":"https:\/\/idakorea.ee\/product\/rahustav-kreem-dr-g-red-blemish-clear-cream\/#primaryimage"},"image":{"@id":"https:\/\/idakorea.ee\/product\/rahustav-kreem-dr-g-red-blemish-clear-cream\/#primaryimage"},"thumbnailUrl":"https:\/\/idakorea.ee\/wp-content\/uploads\/2024\/08\/Dr.G-R.E.DBlemishClearSoothingCream_idakorea.webp","datePublished":"2024-08-19T08:29:30+00:00","dateModified":"2026-03-27T10:03:09+00:00","description":"10 cica-ainesosaa tarjoavat tehokasta rauhoittavaa hoitoa \u00e4rtyneelle iholle ja lievitt\u00e4v\u00e4t p\u00e4ivitt\u00e4ist\u00e4 \u00e4rsytyst\u00e4. - Korean rauhoittava voide numero yksi!","breadcrumb":{"@id":"https:\/\/idakorea.ee\/product\/rahustav-kreem-dr-g-red-blemish-clear-cream\/#breadcrumb"},"inLanguage":"fi","potentialAction":[{"@type":"ReadAction","target":["https:\/\/idakorea.ee\/product\/rahustav-kreem-dr-g-red-blemish-clear-cream\/"]}]},{"@type":"ImageObject","inLanguage":"fi","@id":"https:\/\/idakorea.ee\/product\/rahustav-kreem-dr-g-red-blemish-clear-cream\/#primaryimage","url":"https:\/\/idakorea.ee\/wp-content\/uploads\/2024\/08\/Dr.G-R.E.DBlemishClearSoothingCream_idakorea.webp","contentUrl":"https:\/\/idakorea.ee\/wp-content\/uploads\/2024\/08\/Dr.G-R.E.DBlemishClearSoothingCream_idakorea.webp","width":844,"height":846},{"@type":"BreadcrumbList","@id":"https:\/\/idakorea.ee\/product\/rahustav-kreem-dr-g-red-blemish-clear-cream\/#breadcrumb","itemListElement":[{"@type":"ListItem","position":1,"name":"\u0413\u043b\u0430\u0432\u043d\u0430\u044f \u0441\u0442\u0440\u0430\u043d\u0438\u0446\u0430","item":"https:\/\/idakorea.ee\/"},{"@type":"ListItem","position":2,"name":"Shop","item":"https:\/\/idakorea.ee\/shop-2\/"},{"@type":"ListItem","position":3,"name":"Rahustav kreem Dr.G Red Blemish Clear Soothing Cream, 70ml"}]},{"@type":"WebSite","@id":"https:\/\/idakorea.ee\/#website","url":"https:\/\/idakorea.ee\/","name":"IDA.KOREA","description":"Korean kosmetiikan verkkokauppa","publisher":{"@id":"https:\/\/idakorea.ee\/#organization"},"alternateName":"Beauty Shop","potentialAction":[{"@type":"SearchAction","target":{"@type":"EntryPoint","urlTemplate":"https:\/\/idakorea.ee\/?s={search_term_string}"},"query-input":{"@type":"PropertyValueSpecification","valueRequired":true,"valueName":"search_term_string"}}],"inLanguage":"fi"},{"@type":"Organization","@id":"https:\/\/idakorea.ee\/#organization","name":"IDA.KOREA","url":"https:\/\/idakorea.ee\/","logo":{"@type":"ImageObject","inLanguage":"fi","@id":"https:\/\/idakorea.ee\/#\/schema\/logo\/image\/","url":"https:\/\/idakorea.ee\/wp-content\/uploads\/2024\/05\/cropped-korea3.png","contentUrl":"https:\/\/idakorea.ee\/wp-content\/uploads\/2024\/05\/cropped-korea3.png","width":688,"height":126,"caption":"IDA.KOREA"},"image":{"@id":"https:\/\/idakorea.ee\/#\/schema\/logo\/image\/"},"sameAs":["https:\/\/www.instagram.com\/ida.korea\/"]}]}},"jetpack_sharing_enabled":true,"brands":[{"id":458,"name":"Dr.G","slug":"dr-g"}],"_links":{"self":[{"href":"https:\/\/idakorea.ee\/fi\/wp-json\/wp\/v2\/product\/9977","targetHints":{"allow":["GET"]}}],"collection":[{"href":"https:\/\/idakorea.ee\/fi\/wp-json\/wp\/v2\/product"}],"about":[{"href":"https:\/\/idakorea.ee\/fi\/wp-json\/wp\/v2\/types\/product"}],"replies":[{"embeddable":true,"href":"https:\/\/idakorea.ee\/fi\/wp-json\/wp\/v2\/comments?post=9977"}],"version-history":[{"count":5,"href":"https:\/\/idakorea.ee\/fi\/wp-json\/wp\/v2\/product\/9977\/revisions"}],"predecessor-version":[{"id":16552,"href":"https:\/\/idakorea.ee\/fi\/wp-json\/wp\/v2\/product\/9977\/revisions\/16552"}],"wp:featuredmedia":[{"embeddable":true,"href":"https:\/\/idakorea.ee\/fi\/wp-json\/wp\/v2\/media\/16549"}],"wp:attachment":[{"href":"https:\/\/idakorea.ee\/fi\/wp-json\/wp\/v2\/media?parent=9977"}],"wp:term":[{"taxonomy":"pwb-brand","embeddable":true,"href":"https:\/\/idakorea.ee\/fi\/wp-json\/wp\/v2\/pwb-brand?post=9977"},{"taxonomy":"product_brand","embeddable":true,"href":"https:\/\/idakorea.ee\/fi\/wp-json\/wp\/v2\/product_brand?post=9977"},{"taxonomy":"product_cat","embeddable":true,"href":"https:\/\/idakorea.ee\/fi\/wp-json\/wp\/v2\/product_cat?post=9977"},{"taxonomy":"product_tag","embeddable":true,"href":"https:\/\/idakorea.ee\/fi\/wp-json\/wp\/v2\/product_tag?post=9977"}],"curies":[{"name":"wp","href":"https:\/\/api.w.org\/{rel}","templated":true}]}}