{"id":9983,"date":"2024-08-19T15:48:37","date_gmt":"2024-08-19T12:48:37","guid":{"rendered":"https:\/\/idakorea.ee\/?post_type=product&#038;p=9983"},"modified":"2026-01-30T16:30:28","modified_gmt":"2026-01-30T14:30:28","slug":"vibro-rullmassaaziseade-wellderma-face-lifting-vibrating-roller","status":"publish","type":"product","link":"https:\/\/idakorea.ee\/fi\/product\/vibro-rullmassaaziseade-wellderma-face-lifting-vibrating-roller\/","title":{"rendered":"Vibro-rolleri hierontalaite Wellderma Face Lifting Vibrating Roller"},"content":{"rendered":"<div class=\"flex-shrink-0 flex flex-col relative items-end\">\n<div>\n<div class=\"pt-0\">\n<div class=\"gizmo-bot-avatar flex h-8 w-8 items-center justify-center overflow-hidden rounded-full\">\n<div class=\"relative p-1 rounded-sm flex items-center justify-center bg-token-main-surface-primary text-token-text-primary h-8 w-8\"><strong style=\"font-family: var(--global-body-font-family);\">Vibro-rullmassaa\u017eiseade<\/strong><span style=\"font-family: var(--global-body-font-family);\"> teostab minutis 6000 v\u00e4ikest vibratsiooni, v\u00f5imaldades intensiivset ja kompleksset n\u00e4omassaa\u017ei, mis stimuleerib \u00f5rnalt lihaste toonust ja normaliseerib vereringet. T\u00e4nu vibratsioonile paraneb lihaskoe t\u00f6\u00f6tlemise efektiivsus, kiirenevad ainevahetusprotsessid ja n\u00e4onahk saab v\u00e4rskema jume ning turse v\u00e4heneb.<\/span><\/div>\n<div><\/div>\n<\/div>\n<\/div>\n<\/div>\n<\/div>\n<div class=\"group\/conversation-turn relative flex w-full min-w-0 flex-col agent-turn\">\n<div class=\"flex-col gap-1 md:gap-3\">\n<div class=\"flex max-w-full flex-col flex-grow\">\n<div class=\"min-h-[20px] text-message flex w-full flex-col items-end gap-2 whitespace-pre-wrap break-words [.text-message+&amp;]:mt-5 overflow-x-auto\" dir=\"auto\" data-message-author-role=\"assistant\" data-message-id=\"4c1f3fff-730e-406b-9c18-d4dd7d34b14a\">\n<div class=\"flex w-full flex-col gap-1 empty:hidden first:pt-[3px]\">\n<div class=\"markdown prose w-full break-words dark:prose-invert light\">\n<p><strong>Toime:<\/strong><\/p>\n<ul>\n<li>Parandab lokaalselt vereringet ja l\u00fcmfivoolu.<\/li>\n<li>Eemaldab turset ja \u00fchtlustab nahatooni.<\/li>\n<li>Toetab n\u00e4oovaali t\u00f5stmist.<\/li>\n<li>T\u00f5stab naha elastsust ja toonust.<\/li>\n<li>Parandab kosmeetikatoodete aktiivsete koostisosade imendumist.<\/li>\n<\/ul>\n<p>&nbsp;<\/p>\n<p><strong>Massaa\u017eiseadme kasutamise p\u00f5hireeglid:<\/strong><\/p>\n<p><strong>T\u00e4helepanu!<\/strong> \u00c4rge kasutage massaa\u017eiseadet tugeva survega, see v\u00f5ib kahjustada nahka v\u00f5i p\u00f5hjustada seadme rikke.<\/p>\n<ol>\n<li>\u00c4rge kasutage massaa\u017eiseadet \u00f5hukese nahaga piirkondades: s\u00f5rmed, kilpn\u00e4\u00e4rme piirkond, Achilleuse k\u00f5\u00f5lus jne.<\/li>\n<li>Vale kasutamine v\u00f5ib p\u00f5hjustada naha vigastusi, kuna seade on ette n\u00e4htud naha voldi haaramiseks.<\/li>\n<li>Hoidke massaa\u017eiseadet naha suhtes nurga all, kergelt t\u00f5stes selle k\u00e4epidet. Nahk v\u00f5ib punaseks muutuda, kui j\u00e4tkate massaa\u017eiseadme kasutamist valuliku tunde v\u00f5i tugeva survega.<\/li>\n<li>Tehke massaa\u017e puhastatud nahal. Enne protseduuri on soovitatav kanda kreemi, seerumit v\u00f5i \u00f5li; samuti v\u00f5ib massaa\u017eiseadet kasutada kuivale nahale.<\/li>\n<li>Liigutage massaa\u017eiseadet ainult piki massaa\u017eijooni\/l\u00fcmfivoolu suunas.<\/li>\n<li>Protseduuri kogukestus ei tohiks \u00fcletada 5\u201310 minutit. Soovitatav on teha massaa\u017ei kuuridena 10\u201314 p\u00e4eva j\u00e4rjest v\u00f5i 1\u20133 korda n\u00e4dalas.<\/li>\n<li>Tursumisvastase efekti suurendamiseks soovitatakse kasutada massaa\u017eiseadet jahutatuna: enne kasutamist asetage see 15\u201330 minutiks k\u00fclmikusse.<\/li>\n<\/ol>\n<p><strong>N\u00e4o massaa\u017eijooned:<\/strong> \u2022 Soovitatav on alustada massaa\u017ei n\u00e4o alumisest osast ja liikuda massaa\u017eijoonte j\u00e4rgi \u00fclespoole. \u2022 Otsmiku keskelt meelekohtade poole. \u2022 Ninajuurest \u00fclespoole otsmiku keskpaika. \u2022 Nina tiibadest meelekohtade poole. Suunurkadest k\u00f5rvakeskmesse. \u2022 L\u00f5ua keskelt m\u00f6\u00f6da alal\u00f5uga k\u00f5rvapulgani.<\/p>\n<p><strong>Ettevaatusabin\u00f5ud:<\/strong><\/p>\n<ol>\n<li>\u00c4rge kasutage massaa\u017eiseadet, kui teil on metallide suhtes allergia. See v\u00f5ib p\u00f5hjustada soovimatuid nahareaktsioone ja terviseprobleeme.<\/li>\n<li>Enne massaa\u017eiseadme kasutamist testige seda v\u00e4ikesel nahapiirkonnal, et veenduda negatiivsete reaktsioonide puudumises. Kui massaa\u017ei ajal v\u00f5i p\u00e4rast seda tekib punetus, turse, s\u00fcgelus v\u00f5i muud soovimatud nahareaktsioonid, l\u00f5petage kasutamine ja p\u00f6\u00f6rduge dermatoloogi poole.<\/li>\n<li>Alustage massaa\u017eiseadme kasutamist l\u00fchikese aja jooksul, suurendades j\u00e4rk-j\u00e4rgult massaa\u017ei kestust. Pikaajaline kasutamine v\u00f5ib p\u00f5hjustada soovimatuid nahareaktsioone.<\/li>\n<li>Hoidke massaa\u017eiseadet kuivas kohas toatemperatuuril. Hoidke eemal otsesest p\u00e4ikesevalgusest.<\/li>\n<li>Hoidke massaa\u017eiseadet laste eest k\u00e4ttesaamatus kohas nende ohutuse tagamiseks.<\/li>\n<\/ol>\n<p><strong>Vastun\u00e4idustused:<\/strong> \u2022 Nahap\u00f5letikud (p\u00f5letikud, herpes, ekseemid jne). \u2022 Nahakahjustused massaa\u017eipiirkondades (kriimustused, avatud haavad, marrastused). \u2022 Uusmoodustised massaa\u017eipiirkondades (papilloomid, s\u00fcnnim\u00e4rgid, fibroomid, t\u00fc\u00fckad). \u2022 Implantaadid massaa\u017eipiirkondades. \u2022 Seisund p\u00e4rast erinevaid koorimisi. \u2022 Kirurgilised sekkumised (sealhulgas invasiivsed noorendusmeetodid: kuldsed niidid, meso- ja biorevitalisatsiooni protseduurid, botuliintoksiini v\u00f5i t\u00e4iteainete s\u00fcstid). \u2022 Nahatundlikkuse h\u00e4ired trauma v\u00f5i n\u00e4rvis\u00fcsteemi haiguse t\u00f5ttu. \u2022 Metallide suhtes \u00fclitundlikkusest tingitud allergilised reaktsioonid.<\/p>\n<p><strong>Kasutamine:<\/strong> Vibratsiooni sissel\u00fclitamiseks\/v\u00e4ljal\u00fclitamiseks keerake massaa\u017eiseadme k\u00e4epideme otsas olevat ketast \u201eON\/OFF\u201c. Patarei paigaldamiseks v\u00f5i vahetamiseks keerake massaa\u017eiseadme k\u00e4epideme otsas olevat ketast \u201eOFF\u201c, et vibratsioon v\u00e4lja l\u00fclitada, seej\u00e4rel keerake kate lahti ja sisestage 1 AA-patarei \u00f5iges suunas, keerake kate kinni. Kasutage massaa\u017eiseadet kuivale nahale v\u00f5i tehke massaa\u017ei \u00f5li, kreemi v\u00f5i seerumi abil paremaks libisemiseks. Liikuge massaa\u017eijoonte suunas \u2013 keskelt perifeeriasse ja\/v\u00f5i alt \u00fcles.<\/p>\n<p>Massaa\u017ei kestus ei tohiks \u00fcletada 8\u201310 minutit. Kui te ei kasuta massaa\u017eiseadet pikka aega, hoidke seda ilma patareita. Massaa\u017eiseade EI ole veekindel \u2013 \u00c4RGE kastke seda vette ega muudesse vedelikesse. Vajadusel puhastage massaa\u017eiseadet pehme niiske salvr\u00e4tikuga ja kuivatage see korralikult. Patareid ei kuulu komplekti. Hoidke lastest k\u00e4ttesaamatus kohas. \u00c4rrituse tekkimisel l\u00f5petage koheselt kasutamine.<\/p>\n<p>&nbsp;<\/p>\n<\/div>\n<p><strong>Oluline! Massaa\u017eiseade EI OLE veekindel \u2013 \u00c4RGE KASTKE seda vette ega muudesse vedelikesse. Vajadusel puhastage massaa\u017eiseadet pehme niiske salvr\u00e4tikuga ja kuivatage see korralikult.<\/strong><\/p>\n<\/div>\n<\/div>\n<\/div>\n<\/div>\n<\/div>\n","protected":false},"excerpt":{"rendered":"<p>Vibro Roller -hierontalaite tuottaa 6 000 pient\u00e4 v\u00e4r\u00e4htely\u00e4 minuutissa, mik\u00e4 tarjoaa intensiivisen ja monimutkaisen kasvohieronnan, joka stimuloi hell\u00e4varaisesti lihasten s\u00e4vy\u00e4 ja normalisoi verenkiertoa. V\u00e4r\u00e4htelyjen ansiosta lihaskudoksen k\u00e4sittelyn tehokkuus paranee, aineenvaihduntaprosessit nopeutuvat ja kasvojen iho saa raikkaamman ilmeen ja v\u00e4hemm\u00e4n turvotusta. Toiminta: Parantaa paikallista verenkiertoa ja imunesteen virtausta. Parantaa lymfakiertoa ja imunesteen poistumista. Auttaa parantamaan kasvojen s\u00e4vy\u00e4. Parantaa ihon kimmoisuutta ja s\u00e4vy\u00e4. ...<\/p>","protected":false},"featured_media":9984,"comment_status":"open","ping_status":"closed","template":"","meta":{"_uf_show_specific_survey":0,"_uf_disable_surveys":false,"_bst_post_transparent":"default","_bst_post_title":"","_bst_post_layout":"default","_bst_post_sidebar_id":"","_bst_post_content_style":"default","_bst_post_vertical_padding":"default","_bst_post_feature":"","_bst_post_feature_position":"","_bst_post_header":false,"_bst_post_footer":false},"pwb-brand":[575],"product_brand":[],"product_cat":[463],"product_tag":[577,568,578,576],"class_list":{"0":"post-9983","1":"product","2":"type-product","3":"status-publish","4":"has-post-thumbnail","6":"pwb-brand-wellderma","7":"product_cat-tarvikud","8":"product_tag-face-lifting","9":"product_tag-korea","10":"product_tag-vibrating-roller","11":"product_tag-wellderma","13":"first","14":"outofstock","15":"sale","16":"shipping-taxable","17":"purchasable","18":"product-type-simple","19":"entry","20":"content-bg","21":"loop-entry"},"supplier_id":null,"supplier_sku":"","barcode":null,"atum_controlled":true,"out_stock_date":null,"out_stock_threshold":null,"inheritable":false,"inbound_stock":0,"stock_on_hold":0,"sold_today":0,"sales_last_days":0,"out_stock_days":0,"lost_sales":0,"has_location":false,"update_date":"2026-04-14T00:05:06","atum_locations":[],"atum_stock_status":"outofstock","restock_status":false,"low_stock_amount":"","sales_update_date":"2026-04-14T00:05:06","calc_backorders":null,"yoast_head":"<!-- This site is optimized with the Yoast SEO plugin v27.2 - https:\/\/yoast.com\/product\/yoast-seo-wordpress\/ -->\n<title>Vibro-rullmassaa\u017eiseade Wellderma Face Lifting Vibrating Roller - IDA.KOREA<\/title>\n<meta name=\"description\" content=\"Vibro-rullmassaa\u017eiseade teostab minutis 6000 v\u00e4ikest vibratsiooni, v\u00f5imaldades intensiivset ja kompleksset n\u00e4omassaa\u017ei, mis stimuleerib \u00f5rnalt lihaste toonust ja normaliseerib vereringet. T\u00e4nu vibratsioonile paraneb lihaskoe t\u00f6\u00f6tlemise efektiivsus, kiirenevad ainevahetusprotsessid ja n\u00e4onahk saab v\u00e4rskema jume ning turse v\u00e4heneb.\" \/>\n<meta name=\"robots\" content=\"index, follow, max-snippet:-1, max-image-preview:large, max-video-preview:-1\" \/>\n<link rel=\"canonical\" href=\"https:\/\/idakorea.ee\/fi\/product\/vibro-rullmassaaziseade-wellderma-face-lifting-vibrating-roller\/\" \/>\n<meta property=\"og:locale\" content=\"fi_FI\" \/>\n<meta property=\"og:type\" content=\"article\" \/>\n<meta property=\"og:title\" content=\"Vibro-rullmassaa\u017eiseade Wellderma Face Lifting Vibrating Roller - IDA.KOREA\" \/>\n<meta property=\"og:description\" content=\"Vibro-rullmassaa\u017eiseade teostab minutis 6000 v\u00e4ikest vibratsiooni, v\u00f5imaldades intensiivset ja kompleksset n\u00e4omassaa\u017ei, mis stimuleerib \u00f5rnalt lihaste toonust ja normaliseerib vereringet. T\u00e4nu vibratsioonile paraneb lihaskoe t\u00f6\u00f6tlemise efektiivsus, kiirenevad ainevahetusprotsessid ja n\u00e4onahk saab v\u00e4rskema jume ning turse v\u00e4heneb.\" \/>\n<meta property=\"og:url\" content=\"https:\/\/idakorea.ee\/fi\/product\/vibro-rullmassaaziseade-wellderma-face-lifting-vibrating-roller\/\" \/>\n<meta property=\"og:site_name\" content=\"IDA.KOREA\" \/>\n<meta property=\"article:modified_time\" content=\"2026-01-30T14:30:28+00:00\" \/>\n<meta property=\"og:image\" content=\"https:\/\/idakorea.ee\/wp-content\/uploads\/2024\/08\/b4zd3pahs75j463q9nr5ooltflqztsfp.jpg\" \/>\n\t<meta property=\"og:image:width\" content=\"600\" \/>\n\t<meta property=\"og:image:height\" content=\"600\" \/>\n\t<meta property=\"og:image:type\" content=\"image\/jpeg\" \/>\n<meta name=\"twitter:card\" content=\"summary_large_image\" \/>\n<meta name=\"twitter:label1\" content=\"Arvioitu lukuaika\" \/>\n\t<meta name=\"twitter:data1\" content=\"3 minuuttia\" \/>\n<script type=\"application\/ld+json\" class=\"yoast-schema-graph\">{\"@context\":\"https:\/\/schema.org\",\"@graph\":[{\"@type\":\"WebPage\",\"@id\":\"https:\/\/idakorea.ee\/product\/vibro-rullmassaaziseade-wellderma-face-lifting-vibrating-roller\/\",\"url\":\"https:\/\/idakorea.ee\/product\/vibro-rullmassaaziseade-wellderma-face-lifting-vibrating-roller\/\",\"name\":\"Vibro-rullmassaa\u017eiseade Wellderma Face Lifting Vibrating Roller - IDA.KOREA\",\"isPartOf\":{\"@id\":\"https:\/\/idakorea.ee\/#website\"},\"primaryImageOfPage\":{\"@id\":\"https:\/\/idakorea.ee\/product\/vibro-rullmassaaziseade-wellderma-face-lifting-vibrating-roller\/#primaryimage\"},\"image\":{\"@id\":\"https:\/\/idakorea.ee\/product\/vibro-rullmassaaziseade-wellderma-face-lifting-vibrating-roller\/#primaryimage\"},\"thumbnailUrl\":\"https:\/\/idakorea.ee\/wp-content\/uploads\/2024\/08\/b4zd3pahs75j463q9nr5ooltflqztsfp.jpg\",\"datePublished\":\"2024-08-19T12:48:37+00:00\",\"dateModified\":\"2026-01-30T14:30:28+00:00\",\"description\":\"Vibro-rullmassaa\u017eiseade teostab minutis 6000 v\u00e4ikest vibratsiooni, v\u00f5imaldades intensiivset ja kompleksset n\u00e4omassaa\u017ei, mis stimuleerib \u00f5rnalt lihaste toonust ja normaliseerib vereringet. T\u00e4nu vibratsioonile paraneb lihaskoe t\u00f6\u00f6tlemise efektiivsus, kiirenevad ainevahetusprotsessid ja n\u00e4onahk saab v\u00e4rskema jume ning turse v\u00e4heneb.\",\"breadcrumb\":{\"@id\":\"https:\/\/idakorea.ee\/product\/vibro-rullmassaaziseade-wellderma-face-lifting-vibrating-roller\/#breadcrumb\"},\"inLanguage\":\"fi\",\"potentialAction\":[{\"@type\":\"ReadAction\",\"target\":[\"https:\/\/idakorea.ee\/product\/vibro-rullmassaaziseade-wellderma-face-lifting-vibrating-roller\/\"]}]},{\"@type\":\"ImageObject\",\"inLanguage\":\"fi\",\"@id\":\"https:\/\/idakorea.ee\/product\/vibro-rullmassaaziseade-wellderma-face-lifting-vibrating-roller\/#primaryimage\",\"url\":\"https:\/\/idakorea.ee\/wp-content\/uploads\/2024\/08\/b4zd3pahs75j463q9nr5ooltflqztsfp.jpg\",\"contentUrl\":\"https:\/\/idakorea.ee\/wp-content\/uploads\/2024\/08\/b4zd3pahs75j463q9nr5ooltflqztsfp.jpg\",\"width\":600,\"height\":600},{\"@type\":\"BreadcrumbList\",\"@id\":\"https:\/\/idakorea.ee\/product\/vibro-rullmassaaziseade-wellderma-face-lifting-vibrating-roller\/#breadcrumb\",\"itemListElement\":[{\"@type\":\"ListItem\",\"position\":1,\"name\":\"\u0413\u043b\u0430\u0432\u043d\u0430\u044f \u0441\u0442\u0440\u0430\u043d\u0438\u0446\u0430\",\"item\":\"https:\/\/idakorea.ee\/\"},{\"@type\":\"ListItem\",\"position\":2,\"name\":\"Shop\",\"item\":\"https:\/\/idakorea.ee\/shop-2\/\"},{\"@type\":\"ListItem\",\"position\":3,\"name\":\"Vibro-rullmassaa\u017eiseade Wellderma Face Lifting Vibrating Roller\"}]},{\"@type\":\"WebSite\",\"@id\":\"https:\/\/idakorea.ee\/#website\",\"url\":\"https:\/\/idakorea.ee\/\",\"name\":\"IDA.KOREA\",\"description\":\"Korea kosmeetika e-pood\",\"publisher\":{\"@id\":\"https:\/\/idakorea.ee\/#organization\"},\"alternateName\":\"Beauty Shop\",\"potentialAction\":[{\"@type\":\"SearchAction\",\"target\":{\"@type\":\"EntryPoint\",\"urlTemplate\":\"https:\/\/idakorea.ee\/?s={search_term_string}\"},\"query-input\":{\"@type\":\"PropertyValueSpecification\",\"valueRequired\":true,\"valueName\":\"search_term_string\"}}],\"inLanguage\":\"fi\"},{\"@type\":\"Organization\",\"@id\":\"https:\/\/idakorea.ee\/#organization\",\"name\":\"IDA.KOREA\",\"url\":\"https:\/\/idakorea.ee\/\",\"logo\":{\"@type\":\"ImageObject\",\"inLanguage\":\"fi\",\"@id\":\"https:\/\/idakorea.ee\/#\/schema\/logo\/image\/\",\"url\":\"https:\/\/idakorea.ee\/wp-content\/uploads\/2024\/05\/cropped-korea3.png\",\"contentUrl\":\"https:\/\/idakorea.ee\/wp-content\/uploads\/2024\/05\/cropped-korea3.png\",\"width\":688,\"height\":126,\"caption\":\"IDA.KOREA\"},\"image\":{\"@id\":\"https:\/\/idakorea.ee\/#\/schema\/logo\/image\/\"},\"sameAs\":[\"https:\/\/www.instagram.com\/ida.korea\/\"]}]}<\/script>\n<!-- \/ Yoast SEO plugin. -->","yoast_head_json":{"title":"Wellderma Face Lifting Vibrating Roller - IDA.KOREA","description":"Vibrorullahierontalaite suorittaa 6000 pient\u00e4 v\u00e4r\u00e4htely\u00e4 minuutissa, mik\u00e4 mahdollistaa intensiivisen ja monimutkaisen kasvohieronnan, joka stimuloi hell\u00e4varaisesti lihastonusta ja normalisoi verenkiertoa. V\u00e4r\u00e4htelyn ansiosta lihaskudoksen prosessoinnin tehokkuus paranee, aineenvaihduntaprosessit kiihtyv\u00e4t, kasvojen iho saa raikkaamman s\u00e4vyn ja turvotus v\u00e4henee.","robots":{"index":"index","follow":"follow","max-snippet":"max-snippet:-1","max-image-preview":"max-image-preview:large","max-video-preview":"max-video-preview:-1"},"canonical":"https:\/\/idakorea.ee\/fi\/product\/vibro-rullmassaaziseade-wellderma-face-lifting-vibrating-roller\/","og_locale":"fi_FI","og_type":"article","og_title":"Vibro-rullmassaa\u017eiseade Wellderma Face Lifting Vibrating Roller - IDA.KOREA","og_description":"Vibro-rullmassaa\u017eiseade teostab minutis 6000 v\u00e4ikest vibratsiooni, v\u00f5imaldades intensiivset ja kompleksset n\u00e4omassaa\u017ei, mis stimuleerib \u00f5rnalt lihaste toonust ja normaliseerib vereringet. T\u00e4nu vibratsioonile paraneb lihaskoe t\u00f6\u00f6tlemise efektiivsus, kiirenevad ainevahetusprotsessid ja n\u00e4onahk saab v\u00e4rskema jume ning turse v\u00e4heneb.","og_url":"https:\/\/idakorea.ee\/fi\/product\/vibro-rullmassaaziseade-wellderma-face-lifting-vibrating-roller\/","og_site_name":"IDA.KOREA","article_modified_time":"2026-01-30T14:30:28+00:00","og_image":[{"width":600,"height":600,"url":"https:\/\/idakorea.ee\/wp-content\/uploads\/2024\/08\/b4zd3pahs75j463q9nr5ooltflqztsfp.jpg","type":"image\/jpeg"}],"twitter_card":"summary_large_image","twitter_misc":{"Arvioitu lukuaika":"3 minuuttia"},"schema":{"@context":"https:\/\/schema.org","@graph":[{"@type":"WebPage","@id":"https:\/\/idakorea.ee\/product\/vibro-rullmassaaziseade-wellderma-face-lifting-vibrating-roller\/","url":"https:\/\/idakorea.ee\/product\/vibro-rullmassaaziseade-wellderma-face-lifting-vibrating-roller\/","name":"Wellderma Face Lifting Vibrating Roller - IDA.KOREA","isPartOf":{"@id":"https:\/\/idakorea.ee\/#website"},"primaryImageOfPage":{"@id":"https:\/\/idakorea.ee\/product\/vibro-rullmassaaziseade-wellderma-face-lifting-vibrating-roller\/#primaryimage"},"image":{"@id":"https:\/\/idakorea.ee\/product\/vibro-rullmassaaziseade-wellderma-face-lifting-vibrating-roller\/#primaryimage"},"thumbnailUrl":"https:\/\/idakorea.ee\/wp-content\/uploads\/2024\/08\/b4zd3pahs75j463q9nr5ooltflqztsfp.jpg","datePublished":"2024-08-19T12:48:37+00:00","dateModified":"2026-01-30T14:30:28+00:00","description":"Vibrorullahierontalaite suorittaa 6000 pient\u00e4 v\u00e4r\u00e4htely\u00e4 minuutissa, mik\u00e4 mahdollistaa intensiivisen ja monimutkaisen kasvohieronnan, joka stimuloi hell\u00e4varaisesti lihastonusta ja normalisoi verenkiertoa. V\u00e4r\u00e4htelyn ansiosta lihaskudoksen prosessoinnin tehokkuus paranee, aineenvaihduntaprosessit kiihtyv\u00e4t, kasvojen iho saa raikkaamman s\u00e4vyn ja turvotus v\u00e4henee.","breadcrumb":{"@id":"https:\/\/idakorea.ee\/product\/vibro-rullmassaaziseade-wellderma-face-lifting-vibrating-roller\/#breadcrumb"},"inLanguage":"fi","potentialAction":[{"@type":"ReadAction","target":["https:\/\/idakorea.ee\/product\/vibro-rullmassaaziseade-wellderma-face-lifting-vibrating-roller\/"]}]},{"@type":"ImageObject","inLanguage":"fi","@id":"https:\/\/idakorea.ee\/product\/vibro-rullmassaaziseade-wellderma-face-lifting-vibrating-roller\/#primaryimage","url":"https:\/\/idakorea.ee\/wp-content\/uploads\/2024\/08\/b4zd3pahs75j463q9nr5ooltflqztsfp.jpg","contentUrl":"https:\/\/idakorea.ee\/wp-content\/uploads\/2024\/08\/b4zd3pahs75j463q9nr5ooltflqztsfp.jpg","width":600,"height":600},{"@type":"BreadcrumbList","@id":"https:\/\/idakorea.ee\/product\/vibro-rullmassaaziseade-wellderma-face-lifting-vibrating-roller\/#breadcrumb","itemListElement":[{"@type":"ListItem","position":1,"name":"\u0413\u043b\u0430\u0432\u043d\u0430\u044f \u0441\u0442\u0440\u0430\u043d\u0438\u0446\u0430","item":"https:\/\/idakorea.ee\/"},{"@type":"ListItem","position":2,"name":"Shop","item":"https:\/\/idakorea.ee\/shop-2\/"},{"@type":"ListItem","position":3,"name":"Vibro-rullmassaa\u017eiseade Wellderma Face Lifting Vibrating Roller"}]},{"@type":"WebSite","@id":"https:\/\/idakorea.ee\/#website","url":"https:\/\/idakorea.ee\/","name":"IDA.KOREA","description":"Korean kosmetiikan verkkokauppa","publisher":{"@id":"https:\/\/idakorea.ee\/#organization"},"alternateName":"Beauty Shop","potentialAction":[{"@type":"SearchAction","target":{"@type":"EntryPoint","urlTemplate":"https:\/\/idakorea.ee\/?s={search_term_string}"},"query-input":{"@type":"PropertyValueSpecification","valueRequired":true,"valueName":"search_term_string"}}],"inLanguage":"fi"},{"@type":"Organization","@id":"https:\/\/idakorea.ee\/#organization","name":"IDA.KOREA","url":"https:\/\/idakorea.ee\/","logo":{"@type":"ImageObject","inLanguage":"fi","@id":"https:\/\/idakorea.ee\/#\/schema\/logo\/image\/","url":"https:\/\/idakorea.ee\/wp-content\/uploads\/2024\/05\/cropped-korea3.png","contentUrl":"https:\/\/idakorea.ee\/wp-content\/uploads\/2024\/05\/cropped-korea3.png","width":688,"height":126,"caption":"IDA.KOREA"},"image":{"@id":"https:\/\/idakorea.ee\/#\/schema\/logo\/image\/"},"sameAs":["https:\/\/www.instagram.com\/ida.korea\/"]}]}},"jetpack_sharing_enabled":true,"brands":[{"id":575,"name":"WELLDERMA","slug":"wellderma"}],"_links":{"self":[{"href":"https:\/\/idakorea.ee\/fi\/wp-json\/wp\/v2\/product\/9983","targetHints":{"allow":["GET"]}}],"collection":[{"href":"https:\/\/idakorea.ee\/fi\/wp-json\/wp\/v2\/product"}],"about":[{"href":"https:\/\/idakorea.ee\/fi\/wp-json\/wp\/v2\/types\/product"}],"replies":[{"embeddable":true,"href":"https:\/\/idakorea.ee\/fi\/wp-json\/wp\/v2\/comments?post=9983"}],"version-history":[{"count":3,"href":"https:\/\/idakorea.ee\/fi\/wp-json\/wp\/v2\/product\/9983\/revisions"}],"predecessor-version":[{"id":9990,"href":"https:\/\/idakorea.ee\/fi\/wp-json\/wp\/v2\/product\/9983\/revisions\/9990"}],"wp:featuredmedia":[{"embeddable":true,"href":"https:\/\/idakorea.ee\/fi\/wp-json\/wp\/v2\/media\/9984"}],"wp:attachment":[{"href":"https:\/\/idakorea.ee\/fi\/wp-json\/wp\/v2\/media?parent=9983"}],"wp:term":[{"taxonomy":"pwb-brand","embeddable":true,"href":"https:\/\/idakorea.ee\/fi\/wp-json\/wp\/v2\/pwb-brand?post=9983"},{"taxonomy":"product_brand","embeddable":true,"href":"https:\/\/idakorea.ee\/fi\/wp-json\/wp\/v2\/product_brand?post=9983"},{"taxonomy":"product_cat","embeddable":true,"href":"https:\/\/idakorea.ee\/fi\/wp-json\/wp\/v2\/product_cat?post=9983"},{"taxonomy":"product_tag","embeddable":true,"href":"https:\/\/idakorea.ee\/fi\/wp-json\/wp\/v2\/product_tag?post=9983"}],"curies":[{"name":"wp","href":"https:\/\/api.w.org\/{rel}","templated":true}]}}