{"id":9993,"date":"2024-08-21T12:58:56","date_gmt":"2024-08-21T09:58:56","guid":{"rendered":"https:\/\/idakorea.ee\/?post_type=product&#038;p=9993"},"modified":"2026-03-19T20:11:05","modified_gmt":"2026-03-19T18:11:05","slug":"toonikpadjad-dalba-daily-mild-cica-calming-pad-50tk","status":"publish","type":"product","link":"https:\/\/idakorea.ee\/fi\/product\/toonikpadjad-dalba-daily-mild-cica-calming-pad-50tk\/","title":{"rendered":"D'Alba Daily Mild Cats Calming Pad, 50kpl"},"content":{"rendered":"<div class=\"flex-1 overflow-hidden\">\n<div class=\"h-full\">\n<div class=\"react-scroll-to-bottom--css-tlnhf-79elbk h-full\">\n<div class=\"react-scroll-to-bottom--css-tlnhf-1n7m0yu\">\n<div class=\"flex flex-col text-sm md:pb-9\">\n<article class=\"w-full text-token-text-primary focus-visible:outline-2 focus-visible:outline-offset-[-4px]\" dir=\"auto\" tabindex=\"0\" data-testid=\"conversation-turn-5\" data-scroll-anchor=\"true\">\n<div class=\"text-base py-[18px] px-3 md:px-4 m-auto md:px-5\">\n<div class=\"mx-auto flex flex-1 gap-4 text-base md:gap-5 lg:gap-6 md:max-w-3xl lg:max-w-[40rem] xl:max-w-[48rem]\">\n<div class=\"group\/conversation-turn relative flex w-full min-w-0 flex-col agent-turn\">\n<div class=\"flex-col gap-1 md:gap-3\">\n<div class=\"flex max-w-full flex-col flex-grow\">\n<div class=\"min-h-[20px] text-message flex w-full flex-col items-end gap-2 break-words [.text-message+&amp;]:mt-5 overflow-x-auto whitespace-pre-wrap\" dir=\"auto\" data-message-author-role=\"assistant\" data-message-id=\"ea878a45-ef68-492f-a1e5-f8be21308af4\">\n<div class=\"flex w-full flex-col gap-1 empty:hidden first:pt-[3px]\">\n<div class=\"markdown prose w-full break-words dark:prose-invert light\">\n<p><strong>D\u2019Alba Daily Mild Cica Calming Pad toonikpadjad<\/strong> on n\u00e4ohooldusvahend, mis sisaldab Aasia vesinaba ekstrakti ja on m\u00f5eldud naha rahustamiseks ning pehmendamiseks. Need padjad sobivad ideaalselt k\u00f5ikidele nahat\u00fc\u00fcpidele tooniku kasutamise etapis, eriti tundlikule ja \u00e4rritunud nahale, kuna aitavad v\u00e4hendada p\u00f5letikke, tugevdada naha kaitsebarj\u00e4\u00e4ri ja niisutada nahka t\u00f5husalt.<\/p>\n<p>Padjad sisaldavad \u00f5rna puhastuskompleksi, mis aitab delikaatselt eemaldada surnud naharakke ja omab antibakteriaalset toimet. Lisaks sisaldavad padjad niisutavaid ja toitvaid komponente, mis muudavad naha veelgi niisutatumaks, pehmemaks ja tervemaks.<\/p>\n<p>Mugav kasutamine ja pehme tekstuur teevad nahahoolduse kiireks ja meeldivaks. Lihtsalt p\u00fchi n\u00e4gu selle v\u00f5luva padjaga p\u00e4rast pesemist, et tunda t\u00e4ielikku niisutust, rahustavat toimet ja naha paranemist. <strong>D\u2019Alba Daily Mild Cica Calming Pad<\/strong> on suurep\u00e4rane valik neile, kes vajavad \u00f5rna ja t\u00f5husat n\u00e4ohooldust!<\/p>\n<p><strong>Tulemused p\u00e4rast kasutamist:<\/strong> \u2013 intensiivne niisutus \u2013 naha uuendamine \u2013 \u00f5rn kooriv efekt \u2013 aktiivne rahustav toime \u2013 p\u00f5letike, l\u00f5hede ja haavade paranemine \u2013 antioks\u00fcdantne ja tugevdav toime \u2013 v\u00e4rske jume<\/p>\n<p>&nbsp;<\/p>\n<p><strong>Peamised koostisosad:<\/strong><\/p>\n<ul>\n<li><strong>Aasia vesinaba ekstrakt<\/strong> on taastavate ekstraktide liider. See kiirendab kudede uuenemist, tugevdab veresoonte ja kapillaaride seinu, taastab naha elastsuse, ennetab patogeense mikrofloora teket ning hoiab niiskust naha s\u00fcgavamates kihtides. Samuti stimuleerib Aasia vesinaba kollageeni tootmist, noorendades nahka ja andes n\u00e4ole kauni, terve jume.<\/li>\n<li><strong>Valge tr\u00fchvli ekstrakt<\/strong> on rikas B-vitamiinide allikas, sisaldades ka vajalikul hulgal aminohappeid, mis aitavad nahal toime tulla igap\u00e4evase kahjuliku keskkonnam\u00f5juga. See t\u00f5stab naha turgorit, normaliseerib veetasakaalu, toetab rakkude ainevahetusprotsesse, soodustades nende uuenemist, niisutab ja toidab nahka, \u00fchtlustab jumet ja omab p\u00f5letikuvastast toimet.<\/li>\n<li><strong>Rohelise tee ekstrakt<\/strong> omab antiseptilist toimet, rikastab nahka vitamiinidega, parandab mikrotsirkulatsiooni, puhastab \u00f5rnalt poore ja v\u00e4rskendab jumet.<\/li>\n<li><strong>Houttuynia ekstrakt<\/strong> kiirendab regenereerimisprotsesse, kaitseb p\u00f5letike tekke eest ja neutraliseerib vabu radikaale.<\/li>\n<li><strong>Hibiskuse ekstrakt<\/strong> on rikkalik pol\u00fcfenoolide, vitamiinide, orgaaniliste hapete ja antioks\u00fcdantide allikas. See aitab kaitsta nahka vabade radikaalide ja enneaegse vananemise eest. Lisaks sisaldab hibiskus looduslikke alfa-h\u00fcdroks\u00fchappeid (AHA), nagu \u00f5un- ja sidrunhape, mis aitavad eemaldada surnud naharakke ja stimuleerida rakkude uuenemist.<\/li>\n<li><strong>H\u00fcaluroonhape<\/strong> hoiab niiskust, tagades naha raamistiku elastsuse ja tugevdamise. H\u00fcaluroonhappe molekulid t\u00e4idavad kortsud ja ennetavad nende teket.<\/li>\n<\/ul>\n<p>&nbsp;<\/p>\n<p>Sobib k\u00f5ikidele nahat\u00fc\u00fcpidele, isegi tundlikule nahale.<\/p>\n<p>&nbsp;<\/p>\n<\/div>\n<\/div>\n<p><strong>Kasutusjuhend:<\/strong><\/p>\n<ol>\n<li>Nahahoolduse esimese etapi ajal p\u00fchi ettevaatlikult kogu n\u00e4gu, v\u00e4ltides silmade ja suu \u00fcmbrust.<\/li>\n<li>P\u00e4rast kasutamist sulge kindlasti tihedalt kaas, et v\u00e4ltida toote kuivamist.<\/li>\n<\/ol>\n<div class=\"flex w-full flex-col gap-1 empty:hidden first:pt-[3px]\">\n<div class=\"markdown prose w-full break-words dark:prose-invert light\">\n<p>&nbsp;<\/p>\n<\/div>\n<\/div>\n<\/div>\n<\/div>\n<\/div>\n<\/div>\n<\/div>\n<\/div>\n<\/article>\n<\/div>\n<\/div>\n<\/div>\n<\/div>\n<\/div>\n","protected":false},"excerpt":{"rendered":"<p>D'Alba Daily Mild Kitty Calming Pad on kasvojenpuhdistusaine, joka sis\u00e4lt\u00e4\u00e4 aasialaista Water Naba -uutetta, joka on suunniteltu rauhoittamaan ja pehment\u00e4m\u00e4\u00e4n ihoa. Tyynyt sopivat kaikille ihotyypeille tonisointivaiheessa, erityisesti herk\u00e4lle ja \u00e4rtyneelle iholle, sill\u00e4 ne auttavat v\u00e4hent\u00e4m\u00e4\u00e4n tulehdusta, vahvistavat ihon suojamuuria ja kosteuttavat ihoa tehokkaasti. Tyynyt sis\u00e4lt\u00e4v\u00e4t hell\u00e4varaisen puhdistuskompleksin, joka poistaa hell\u00e4varaisesti kuolleet ihosolut ja...<\/p>","protected":false},"featured_media":9994,"comment_status":"open","ping_status":"closed","template":"","meta":{"_uf_show_specific_survey":0,"_uf_disable_surveys":false,"_bst_post_transparent":"default","_bst_post_title":"","_bst_post_layout":"default","_bst_post_sidebar_id":"","_bst_post_content_style":"default","_bst_post_vertical_padding":"default","_bst_post_feature":"","_bst_post_feature_position":"","_bst_post_header":false,"_bst_post_footer":false},"pwb-brand":[105],"product_brand":[],"product_cat":[158],"product_tag":[580,127,233,202,579,221,559,145,203],"class_list":{"0":"post-9993","1":"product","2":"type-product","3":"status-publish","4":"has-post-thumbnail","6":"pwb-brand-dalba","7":"product_cat-toonik","8":"product_tag-calming","9":"product_tag-dalba","10":"product_tag-internet-pood-eesti","11":"product_tag-korea-kosmeetika","12":"product_tag-trend-pads","13":"product_tag-tundlik-nahk","14":"product_tag-white-truffle","15":"product_tag-belyj-tryufel","16":"product_tag-korejskaya-kosmetika","18":"first","19":"instock","20":"sale","21":"shipping-taxable","22":"purchasable","23":"product-type-simple","24":"entry","25":"content-bg","26":"loop-entry"},"supplier_id":null,"supplier_sku":"","barcode":null,"atum_controlled":true,"out_stock_date":null,"out_stock_threshold":null,"inheritable":false,"inbound_stock":0,"stock_on_hold":0,"sold_today":0,"sales_last_days":0,"out_stock_days":0,"lost_sales":0,"has_location":false,"update_date":"2026-04-14T00:05:07","atum_locations":[],"atum_stock_status":"instock","restock_status":false,"low_stock_amount":"","sales_update_date":"2026-04-14T00:05:07","calc_backorders":null,"yoast_head":"<!-- This site is optimized with the Yoast SEO plugin v27.2 - https:\/\/yoast.com\/product\/yoast-seo-wordpress\/ -->\n<title>Toonikpadjad D\u2019Alba Daily Mild Cica Calming Pad, 50tk - IDA.KOREA<\/title>\n<meta name=\"description\" content=\"D\u2019Alba Daily Mild Cica Calming Pad toonikpadjad on n\u00e4ohooldusvahend, mis sisaldab Aasia vesinaba ekstrakti ja on m\u00f5eldud naha rahustamiseks ning pehmendamiseks. Need padjad sobivad ideaalselt k\u00f5ikidele nahat\u00fc\u00fcpidele tooniku kasutamise etapis, eriti tundlikule ja \u00e4rritunud nahale, kuna aitavad v\u00e4hendada p\u00f5letikke, tugevdada naha kaitsebarj\u00e4\u00e4ri ja niisutada nahka t\u00f5husalt.\" \/>\n<meta name=\"robots\" content=\"index, follow, max-snippet:-1, max-image-preview:large, max-video-preview:-1\" \/>\n<link rel=\"canonical\" href=\"https:\/\/idakorea.ee\/fi\/product\/toonikpadjad-dalba-daily-mild-cica-calming-pad-50tk\/\" \/>\n<meta property=\"og:locale\" content=\"fi_FI\" \/>\n<meta property=\"og:type\" content=\"article\" \/>\n<meta property=\"og:title\" content=\"Toonikpadjad D\u2019Alba Daily Mild Cica Calming Pad, 50tk - IDA.KOREA\" \/>\n<meta property=\"og:description\" content=\"D\u2019Alba Daily Mild Cica Calming Pad toonikpadjad on n\u00e4ohooldusvahend, mis sisaldab Aasia vesinaba ekstrakti ja on m\u00f5eldud naha rahustamiseks ning pehmendamiseks. Need padjad sobivad ideaalselt k\u00f5ikidele nahat\u00fc\u00fcpidele tooniku kasutamise etapis, eriti tundlikule ja \u00e4rritunud nahale, kuna aitavad v\u00e4hendada p\u00f5letikke, tugevdada naha kaitsebarj\u00e4\u00e4ri ja niisutada nahka t\u00f5husalt.\" \/>\n<meta property=\"og:url\" content=\"https:\/\/idakorea.ee\/fi\/product\/toonikpadjad-dalba-daily-mild-cica-calming-pad-50tk\/\" \/>\n<meta property=\"og:site_name\" content=\"IDA.KOREA\" \/>\n<meta property=\"article:modified_time\" content=\"2026-03-19T18:11:05+00:00\" \/>\n<meta property=\"og:image\" content=\"https:\/\/idakorea.ee\/wp-content\/uploads\/2024\/08\/dlb076-1-600x600-1.png\" \/>\n\t<meta property=\"og:image:width\" content=\"600\" \/>\n\t<meta property=\"og:image:height\" content=\"600\" \/>\n\t<meta property=\"og:image:type\" content=\"image\/png\" \/>\n<meta name=\"twitter:card\" content=\"summary_large_image\" \/>\n<meta name=\"twitter:label1\" content=\"Arvioitu lukuaika\" \/>\n\t<meta name=\"twitter:data1\" content=\"2 minuuttia\" \/>\n<script type=\"application\/ld+json\" class=\"yoast-schema-graph\">{\"@context\":\"https:\/\/schema.org\",\"@graph\":[{\"@type\":\"WebPage\",\"@id\":\"https:\/\/idakorea.ee\/product\/toonikpadjad-dalba-daily-mild-cica-calming-pad-50tk\/\",\"url\":\"https:\/\/idakorea.ee\/product\/toonikpadjad-dalba-daily-mild-cica-calming-pad-50tk\/\",\"name\":\"Toonikpadjad D\u2019Alba Daily Mild Cica Calming Pad, 50tk - IDA.KOREA\",\"isPartOf\":{\"@id\":\"https:\/\/idakorea.ee\/#website\"},\"primaryImageOfPage\":{\"@id\":\"https:\/\/idakorea.ee\/product\/toonikpadjad-dalba-daily-mild-cica-calming-pad-50tk\/#primaryimage\"},\"image\":{\"@id\":\"https:\/\/idakorea.ee\/product\/toonikpadjad-dalba-daily-mild-cica-calming-pad-50tk\/#primaryimage\"},\"thumbnailUrl\":\"https:\/\/idakorea.ee\/wp-content\/uploads\/2024\/08\/dlb076-1-600x600-1.png\",\"datePublished\":\"2024-08-21T09:58:56+00:00\",\"dateModified\":\"2026-03-19T18:11:05+00:00\",\"description\":\"D\u2019Alba Daily Mild Cica Calming Pad toonikpadjad on n\u00e4ohooldusvahend, mis sisaldab Aasia vesinaba ekstrakti ja on m\u00f5eldud naha rahustamiseks ning pehmendamiseks. Need padjad sobivad ideaalselt k\u00f5ikidele nahat\u00fc\u00fcpidele tooniku kasutamise etapis, eriti tundlikule ja \u00e4rritunud nahale, kuna aitavad v\u00e4hendada p\u00f5letikke, tugevdada naha kaitsebarj\u00e4\u00e4ri ja niisutada nahka t\u00f5husalt.\",\"breadcrumb\":{\"@id\":\"https:\/\/idakorea.ee\/product\/toonikpadjad-dalba-daily-mild-cica-calming-pad-50tk\/#breadcrumb\"},\"inLanguage\":\"fi\",\"potentialAction\":[{\"@type\":\"ReadAction\",\"target\":[\"https:\/\/idakorea.ee\/product\/toonikpadjad-dalba-daily-mild-cica-calming-pad-50tk\/\"]}]},{\"@type\":\"ImageObject\",\"inLanguage\":\"fi\",\"@id\":\"https:\/\/idakorea.ee\/product\/toonikpadjad-dalba-daily-mild-cica-calming-pad-50tk\/#primaryimage\",\"url\":\"https:\/\/idakorea.ee\/wp-content\/uploads\/2024\/08\/dlb076-1-600x600-1.png\",\"contentUrl\":\"https:\/\/idakorea.ee\/wp-content\/uploads\/2024\/08\/dlb076-1-600x600-1.png\",\"width\":600,\"height\":600},{\"@type\":\"BreadcrumbList\",\"@id\":\"https:\/\/idakorea.ee\/product\/toonikpadjad-dalba-daily-mild-cica-calming-pad-50tk\/#breadcrumb\",\"itemListElement\":[{\"@type\":\"ListItem\",\"position\":1,\"name\":\"\u0413\u043b\u0430\u0432\u043d\u0430\u044f \u0441\u0442\u0440\u0430\u043d\u0438\u0446\u0430\",\"item\":\"https:\/\/idakorea.ee\/\"},{\"@type\":\"ListItem\",\"position\":2,\"name\":\"Shop\",\"item\":\"https:\/\/idakorea.ee\/shop-2\/\"},{\"@type\":\"ListItem\",\"position\":3,\"name\":\"Toonikpadjad D\u2019Alba Daily Mild Cica Calming Pad, 50tk\"}]},{\"@type\":\"WebSite\",\"@id\":\"https:\/\/idakorea.ee\/#website\",\"url\":\"https:\/\/idakorea.ee\/\",\"name\":\"IDA.KOREA\",\"description\":\"Korea kosmeetika e-pood\",\"publisher\":{\"@id\":\"https:\/\/idakorea.ee\/#organization\"},\"alternateName\":\"Beauty Shop\",\"potentialAction\":[{\"@type\":\"SearchAction\",\"target\":{\"@type\":\"EntryPoint\",\"urlTemplate\":\"https:\/\/idakorea.ee\/?s={search_term_string}\"},\"query-input\":{\"@type\":\"PropertyValueSpecification\",\"valueRequired\":true,\"valueName\":\"search_term_string\"}}],\"inLanguage\":\"fi\"},{\"@type\":\"Organization\",\"@id\":\"https:\/\/idakorea.ee\/#organization\",\"name\":\"IDA.KOREA\",\"url\":\"https:\/\/idakorea.ee\/\",\"logo\":{\"@type\":\"ImageObject\",\"inLanguage\":\"fi\",\"@id\":\"https:\/\/idakorea.ee\/#\/schema\/logo\/image\/\",\"url\":\"https:\/\/idakorea.ee\/wp-content\/uploads\/2024\/05\/cropped-korea3.png\",\"contentUrl\":\"https:\/\/idakorea.ee\/wp-content\/uploads\/2024\/05\/cropped-korea3.png\",\"width\":688,\"height\":126,\"caption\":\"IDA.KOREA\"},\"image\":{\"@id\":\"https:\/\/idakorea.ee\/#\/schema\/logo\/image\/\"},\"sameAs\":[\"https:\/\/www.instagram.com\/ida.korea\/\"]}]}<\/script>\n<!-- \/ Yoast SEO plugin. -->","yoast_head_json":{"title":"Tonic-tyynyt D&#039;Alba Daily Mild Cica Calming Pad, 50 kpl - It\u00e4-Korea","description":"D&#039;Alba Daily Mild Cica Calming Pad on aasialaista lumpeenuutetta sis\u00e4lt\u00e4v\u00e4 kasvojenhoitotuote, joka on suunniteltu rauhoittamaan ja pehment\u00e4m\u00e4\u00e4n ihoa. N\u00e4m\u00e4 tyynyt sopivat ihanteellisesti kaikille ihotyypeille kiinteytysvaiheessa, erityisesti herk\u00e4lle ja \u00e4rtyneelle iholle, sill\u00e4 ne auttavat v\u00e4hent\u00e4m\u00e4\u00e4n tulehdusta, vahvistamaan ihon suojakerrosta ja kosteuttamaan ihoa tehokkaasti.","robots":{"index":"index","follow":"follow","max-snippet":"max-snippet:-1","max-image-preview":"max-image-preview:large","max-video-preview":"max-video-preview:-1"},"canonical":"https:\/\/idakorea.ee\/fi\/product\/toonikpadjad-dalba-daily-mild-cica-calming-pad-50tk\/","og_locale":"fi_FI","og_type":"article","og_title":"Toonikpadjad D\u2019Alba Daily Mild Cica Calming Pad, 50tk - IDA.KOREA","og_description":"D\u2019Alba Daily Mild Cica Calming Pad toonikpadjad on n\u00e4ohooldusvahend, mis sisaldab Aasia vesinaba ekstrakti ja on m\u00f5eldud naha rahustamiseks ning pehmendamiseks. Need padjad sobivad ideaalselt k\u00f5ikidele nahat\u00fc\u00fcpidele tooniku kasutamise etapis, eriti tundlikule ja \u00e4rritunud nahale, kuna aitavad v\u00e4hendada p\u00f5letikke, tugevdada naha kaitsebarj\u00e4\u00e4ri ja niisutada nahka t\u00f5husalt.","og_url":"https:\/\/idakorea.ee\/fi\/product\/toonikpadjad-dalba-daily-mild-cica-calming-pad-50tk\/","og_site_name":"IDA.KOREA","article_modified_time":"2026-03-19T18:11:05+00:00","og_image":[{"width":600,"height":600,"url":"https:\/\/idakorea.ee\/wp-content\/uploads\/2024\/08\/dlb076-1-600x600-1.png","type":"image\/png"}],"twitter_card":"summary_large_image","twitter_misc":{"Arvioitu lukuaika":"2 minuuttia"},"schema":{"@context":"https:\/\/schema.org","@graph":[{"@type":"WebPage","@id":"https:\/\/idakorea.ee\/product\/toonikpadjad-dalba-daily-mild-cica-calming-pad-50tk\/","url":"https:\/\/idakorea.ee\/product\/toonikpadjad-dalba-daily-mild-cica-calming-pad-50tk\/","name":"Tonic-tyynyt D&#039;Alba Daily Mild Cica Calming Pad, 50 kpl - It\u00e4-Korea","isPartOf":{"@id":"https:\/\/idakorea.ee\/#website"},"primaryImageOfPage":{"@id":"https:\/\/idakorea.ee\/product\/toonikpadjad-dalba-daily-mild-cica-calming-pad-50tk\/#primaryimage"},"image":{"@id":"https:\/\/idakorea.ee\/product\/toonikpadjad-dalba-daily-mild-cica-calming-pad-50tk\/#primaryimage"},"thumbnailUrl":"https:\/\/idakorea.ee\/wp-content\/uploads\/2024\/08\/dlb076-1-600x600-1.png","datePublished":"2024-08-21T09:58:56+00:00","dateModified":"2026-03-19T18:11:05+00:00","description":"D&#039;Alba Daily Mild Cica Calming Pad on aasialaista lumpeenuutetta sis\u00e4lt\u00e4v\u00e4 kasvojenhoitotuote, joka on suunniteltu rauhoittamaan ja pehment\u00e4m\u00e4\u00e4n ihoa. N\u00e4m\u00e4 tyynyt sopivat ihanteellisesti kaikille ihotyypeille kiinteytysvaiheessa, erityisesti herk\u00e4lle ja \u00e4rtyneelle iholle, sill\u00e4 ne auttavat v\u00e4hent\u00e4m\u00e4\u00e4n tulehdusta, vahvistamaan ihon suojakerrosta ja kosteuttamaan ihoa tehokkaasti.","breadcrumb":{"@id":"https:\/\/idakorea.ee\/product\/toonikpadjad-dalba-daily-mild-cica-calming-pad-50tk\/#breadcrumb"},"inLanguage":"fi","potentialAction":[{"@type":"ReadAction","target":["https:\/\/idakorea.ee\/product\/toonikpadjad-dalba-daily-mild-cica-calming-pad-50tk\/"]}]},{"@type":"ImageObject","inLanguage":"fi","@id":"https:\/\/idakorea.ee\/product\/toonikpadjad-dalba-daily-mild-cica-calming-pad-50tk\/#primaryimage","url":"https:\/\/idakorea.ee\/wp-content\/uploads\/2024\/08\/dlb076-1-600x600-1.png","contentUrl":"https:\/\/idakorea.ee\/wp-content\/uploads\/2024\/08\/dlb076-1-600x600-1.png","width":600,"height":600},{"@type":"BreadcrumbList","@id":"https:\/\/idakorea.ee\/product\/toonikpadjad-dalba-daily-mild-cica-calming-pad-50tk\/#breadcrumb","itemListElement":[{"@type":"ListItem","position":1,"name":"\u0413\u043b\u0430\u0432\u043d\u0430\u044f \u0441\u0442\u0440\u0430\u043d\u0438\u0446\u0430","item":"https:\/\/idakorea.ee\/"},{"@type":"ListItem","position":2,"name":"Shop","item":"https:\/\/idakorea.ee\/shop-2\/"},{"@type":"ListItem","position":3,"name":"Toonikpadjad D\u2019Alba Daily Mild Cica Calming Pad, 50tk"}]},{"@type":"WebSite","@id":"https:\/\/idakorea.ee\/#website","url":"https:\/\/idakorea.ee\/","name":"IDA.KOREA","description":"Korean kosmetiikan verkkokauppa","publisher":{"@id":"https:\/\/idakorea.ee\/#organization"},"alternateName":"Beauty Shop","potentialAction":[{"@type":"SearchAction","target":{"@type":"EntryPoint","urlTemplate":"https:\/\/idakorea.ee\/?s={search_term_string}"},"query-input":{"@type":"PropertyValueSpecification","valueRequired":true,"valueName":"search_term_string"}}],"inLanguage":"fi"},{"@type":"Organization","@id":"https:\/\/idakorea.ee\/#organization","name":"IDA.KOREA","url":"https:\/\/idakorea.ee\/","logo":{"@type":"ImageObject","inLanguage":"fi","@id":"https:\/\/idakorea.ee\/#\/schema\/logo\/image\/","url":"https:\/\/idakorea.ee\/wp-content\/uploads\/2024\/05\/cropped-korea3.png","contentUrl":"https:\/\/idakorea.ee\/wp-content\/uploads\/2024\/05\/cropped-korea3.png","width":688,"height":126,"caption":"IDA.KOREA"},"image":{"@id":"https:\/\/idakorea.ee\/#\/schema\/logo\/image\/"},"sameAs":["https:\/\/www.instagram.com\/ida.korea\/"]}]}},"jetpack_sharing_enabled":true,"brands":[{"id":105,"name":"d'ALBA","slug":"dalba"}],"_links":{"self":[{"href":"https:\/\/idakorea.ee\/fi\/wp-json\/wp\/v2\/product\/9993","targetHints":{"allow":["GET"]}}],"collection":[{"href":"https:\/\/idakorea.ee\/fi\/wp-json\/wp\/v2\/product"}],"about":[{"href":"https:\/\/idakorea.ee\/fi\/wp-json\/wp\/v2\/types\/product"}],"replies":[{"embeddable":true,"href":"https:\/\/idakorea.ee\/fi\/wp-json\/wp\/v2\/comments?post=9993"}],"version-history":[{"count":4,"href":"https:\/\/idakorea.ee\/fi\/wp-json\/wp\/v2\/product\/9993\/revisions"}],"predecessor-version":[{"id":10252,"href":"https:\/\/idakorea.ee\/fi\/wp-json\/wp\/v2\/product\/9993\/revisions\/10252"}],"wp:featuredmedia":[{"embeddable":true,"href":"https:\/\/idakorea.ee\/fi\/wp-json\/wp\/v2\/media\/9994"}],"wp:attachment":[{"href":"https:\/\/idakorea.ee\/fi\/wp-json\/wp\/v2\/media?parent=9993"}],"wp:term":[{"taxonomy":"pwb-brand","embeddable":true,"href":"https:\/\/idakorea.ee\/fi\/wp-json\/wp\/v2\/pwb-brand?post=9993"},{"taxonomy":"product_brand","embeddable":true,"href":"https:\/\/idakorea.ee\/fi\/wp-json\/wp\/v2\/product_brand?post=9993"},{"taxonomy":"product_cat","embeddable":true,"href":"https:\/\/idakorea.ee\/fi\/wp-json\/wp\/v2\/product_cat?post=9993"},{"taxonomy":"product_tag","embeddable":true,"href":"https:\/\/idakorea.ee\/fi\/wp-json\/wp\/v2\/product_tag?post=9993"}],"curies":[{"name":"wp","href":"https:\/\/api.w.org\/{rel}","templated":true}]}}