{"id":16200,"date":"2025-10-22T14:38:31","date_gmt":"2025-10-22T11:38:31","guid":{"rendered":"https:\/\/idakorea.ee\/?page_id=16200"},"modified":"2025-10-22T14:50:21","modified_gmt":"2025-10-22T11:50:21","slug":"beauty-advent-calendar-2025","status":"publish","type":"page","link":"https:\/\/idakorea.ee\/ru\/beauty-advent-calendar-2025\/","title":{"rendered":"\u0410\u0434\u0432\u0435\u043d\u0442-\u043a\u0430\u043b\u0435\u043d\u0434\u0430\u0440\u044c 2025"},"content":{"rendered":"<div data-block-name=\"woocommerce\/single-product\" data-product-id=\"16202\" data-wp-context=\"{&quot;productId&quot;:16202,&quot;variationId&quot;:null}\" data-wp-interactive=\"woocommerce\/single-product\" class=\"wp-block-woocommerce-single-product woocommerce\">\n<div class=\"wp-block-columns is-layout-flex wp-container-core-columns-is-layout-9d6595d7 wp-block-columns-is-layout-flex\">\n<div class=\"wp-block-column is-layout-flow wp-block-column-is-layout-flow\"><div style=\"position:relative;\"><div data-block-name=\"woocommerce\/product-image\" data-is-descendent-of-single-product-block=\"true\" data-show-sale-badge=\"false\" class=\"wc-block-components-product-image wc-block-grid__product-image wc-block-components-product-image--aspect-ratio-auto wp-block-woocommerce-product-image\"><a href=\"https:\/\/idakorea.ee\/ru\/product\/beauty-advent-calendar-2025\/\" style=\"\" data-wp-on--click=\"woocommerce\/product-collection::actions.viewProduct\"><img loading=\"lazy\" decoding=\"async\" width=\"600\" height=\"600\" src=\"https:\/\/idakorea.ee\/wp-content\/uploads\/2025\/10\/calendario_adv2-600x600.webp\" class=\"attachment-woocommerce_single size-woocommerce_single\" alt=\"Beauty Advent Calendar 2025\" data-testid=\"product-image\" data-image-id=\"16201\" style=\"object-fit:cover;\" srcset=\"https:\/\/idakorea.ee\/wp-content\/uploads\/2025\/10\/calendario_adv2-600x600.webp 600w, https:\/\/idakorea.ee\/wp-content\/uploads\/2025\/10\/calendario_adv2-444x444.webp 444w, https:\/\/idakorea.ee\/wp-content\/uploads\/2025\/10\/calendario_adv2-500x500.webp 500w, https:\/\/idakorea.ee\/wp-content\/uploads\/2025\/10\/calendario_adv2-324x324.webp 324w, https:\/\/idakorea.ee\/wp-content\/uploads\/2025\/10\/calendario_adv2-768x768.webp 768w, https:\/\/idakorea.ee\/wp-content\/uploads\/2025\/10\/calendario_adv2-12x12.webp 12w, https:\/\/idakorea.ee\/wp-content\/uploads\/2025\/10\/calendario_adv2-100x100.webp 100w, https:\/\/idakorea.ee\/wp-content\/uploads\/2025\/10\/calendario_adv2-50x50.webp 50w, https:\/\/idakorea.ee\/wp-content\/uploads\/2025\/10\/calendario_adv2-460x460.webp 460w, https:\/\/idakorea.ee\/wp-content\/uploads\/2025\/10\/calendario_adv2-240x240.webp 240w, https:\/\/idakorea.ee\/wp-content\/uploads\/2025\/10\/calendario_adv2-120x120.webp 120w, https:\/\/idakorea.ee\/wp-content\/uploads\/2025\/10\/calendario_adv2.webp 1200w\" sizes=\"auto, (max-width: 600px) 100vw, 600px\" \/><div class=\"wc-block-components-product-image__inner-container\">\n\n<\/div><\/a><\/div><\/div><\/div>\n\n\n\n<div class=\"wp-block-column is-layout-flow wp-block-column-is-layout-flow\"><h2 class=\"wp-block-post-title\"><a href=\"https:\/\/idakorea.ee\/ru\/product\/beauty-advent-calendar-2025\/\" target=\"_self\" >Beauty Advent Calendar 2025<\/a><\/h2>\n\n\n\n<div data-block-name=\"woocommerce\/product-price\" data-font-size=\"medium\" data-is-descendent-of-single-product-block=\"true\" class=\"has-font-size has-medium-font-size wp-block-woocommerce-product-price has-medium-font-size\" ><div class=\"wc-block-components-product-price wc-block-grid__product-price\" >\n\t\t\t\t\t<span class=\"price\"><span class=\"woocommerce-Price-amount amount\"><bdi>140&nbsp;<span class=\"woocommerce-Price-currencySymbol\">\u20ac<\/span><\/bdi><\/span><\/span>\n\t\t\t\t<\/div><\/div>\n\n\n\n<div data-block-name=\"woocommerce\/add-to-cart-form\" class=\"wp-block-add-to-cart-form wc-block-add-to-cart-form wc-block-add-to-cart-form--input wp-block-woocommerce-add-to-cart-form\" >\n<div class=\"stock out-of-stock entry-product-stock\">\n\t\u041d\u0435\u0442 \u0432 \u043d\u0430\u043b\u0438\u0447\u0438\u0438\n\t<\/div>\n<\/div>\n\n\n<div data-block-name=\"woocommerce\/product-meta\" class=\"wp-block-woocommerce-product-meta\">\n<div class=\"wp-block-group is-nowrap is-layout-flex wp-container-core-group-is-layout-ad2f72ca wp-block-group-is-layout-flex\">\n\n<div class=\"taxonomy-product_cat wp-block-post-terms\"><span class=\"wp-block-post-terms__prefix\">\u041a\u0430\u0442\u0435\u0433\u043e\u0440\u0438\u044f: <\/span><a href=\"https:\/\/idakorea.ee\/ru\/product-category\/komplektid\/\" rel=\"tag\">\u041f\u043e\u0434\u0430\u0440\u043e\u0447\u043d\u044b\u0435 \u043d\u0430\u0431\u043e\u0440\u044b<\/a><\/div>\n\n<\/div>\n<\/div>\n<\/div>\n<\/div>\n<\/div>\n\n\n<div class=\"wp-block-image\">\n<figure class=\"alignright size-large\"><img fetchpriority=\"high\" decoding=\"async\" width=\"800\" height=\"450\" src=\"https:\/\/idakorea.ee\/wp-content\/uploads\/2025\/10\/nib-articulosentradas-a-retocar-2025-09-04t084550-000-800x450.png\" alt=\"\" class=\"wp-image-16204\" srcset=\"https:\/\/idakorea.ee\/wp-content\/uploads\/2025\/10\/nib-articulosentradas-a-retocar-2025-09-04t084550-000-800x450.png 800w, https:\/\/idakorea.ee\/wp-content\/uploads\/2025\/10\/nib-articulosentradas-a-retocar-2025-09-04t084550-000-555x312.png 555w, https:\/\/idakorea.ee\/wp-content\/uploads\/2025\/10\/nib-articulosentradas-a-retocar-2025-09-04t084550-000-435x245.png 435w, https:\/\/idakorea.ee\/wp-content\/uploads\/2025\/10\/nib-articulosentradas-a-retocar-2025-09-04t084550-000-768x432.png 768w, https:\/\/idakorea.ee\/wp-content\/uploads\/2025\/10\/nib-articulosentradas-a-retocar-2025-09-04t084550-000-1536x864.png 1536w, https:\/\/idakorea.ee\/wp-content\/uploads\/2025\/10\/nib-articulosentradas-a-retocar-2025-09-04t084550-000-18x10.png 18w, https:\/\/idakorea.ee\/wp-content\/uploads\/2025\/10\/nib-articulosentradas-a-retocar-2025-09-04t084550-000-600x338.png 600w, https:\/\/idakorea.ee\/wp-content\/uploads\/2025\/10\/nib-articulosentradas-a-retocar-2025-09-04t084550-000-100x56.png 100w, https:\/\/idakorea.ee\/wp-content\/uploads\/2025\/10\/nib-articulosentradas-a-retocar-2025-09-04t084550-000.png 1920w\" sizes=\"(max-width: 800px) 100vw, 800px\" \/><\/figure>\n<\/div>\n\n\n<p><\/p>\n\n\n\n<p><strong>MiiN Advent Calendar 2025<\/strong> \u0421\u043e\u0447\u0435\u0442\u0430\u0435\u0442 \u0432 \u0441\u0435\u0431\u0435 \u043b\u0443\u0447\u0448\u0435\u0435 \u043e\u0442 \u043a\u043e\u0440\u0435\u0439\u0441\u043a\u043e\u0439 \u043a\u043e\u0441\u043c\u0435\u0442\u0438\u043a\u0438: 24 \u043f\u0440\u043e\u0434\u0443\u043a\u0442\u0430 \u0441 \u044d\u0444\u0444\u0435\u043a\u0442\u0438\u0432\u043d\u044b\u043c\u0438 \u0430\u043a\u0442\u0438\u0432\u043d\u044b\u043c\u0438 \u0438\u043d\u0433\u0440\u0435\u0434\u0438\u0435\u043d\u0442\u0430\u043c\u0438, \u0434\u0435\u0439\u0441\u0442\u0432\u0438\u0435 \u043a\u043e\u0442\u043e\u0440\u044b\u0445 \u043d\u0430\u0443\u0447\u043d\u043e \u0434\u043e\u043a\u0430\u0437\u0430\u043d\u043e \u2014 \u0440\u0435\u0442\u0438\u043d\u043e\u043b, \u043c\u0438\u043d\u0434\u0430\u043b\u044c\u043d\u0430\u044f \u043a\u0438\u0441\u043b\u043e\u0442\u0430, \u043d\u0435\u0441\u043a\u043e\u043b\u044c\u043a\u043e \u043a\u0438\u0441\u043b\u043e\u0442\u043d\u044b\u0445 \u043a\u043e\u043c\u043f\u043b\u0435\u043a\u0441\u043e\u0432, \u043f\u0435\u043f\u0442\u0438\u0434\u044b \u0438 \u043c\u043d\u043e\u0433\u043e\u0435 \u0434\u0440\u0443\u0433\u043e\u0435. \u0412 \u043d\u0430\u0431\u043e\u0440 \u0432\u0445\u043e\u0434\u044f\u0442 \u043a\u0430\u043a \u043f\u043e\u043b\u043d\u043e\u0440\u0430\u0437\u043c\u0435\u0440\u043d\u044b\u0435, \u0442\u0430\u043a \u0438 \u0434\u043e\u0440\u043e\u0436\u043d\u044b\u0435 \u0441\u0440\u0435\u0434\u0441\u0442\u0432\u0430 \u0434\u043b\u044f \u043b\u0438\u0446\u0430, \u0442\u0435\u043b\u0430, \u0432\u043e\u043b\u043e\u0441 \u0438 \u043c\u0430\u043a\u0438\u044f\u0436\u0430. \u041b\u0438\u043c\u0438\u0442\u0438\u0440\u043e\u0432\u0430\u043d\u043d\u0430\u044f \u0441\u0435\u0440\u0438\u044f. <strong>\u043f\u0443\u0445\u043b\u0430\u044f \u0441\u0443\u043c\u043a\u0430<\/strong>, \u0433\u0434\u0435 \u0432\u044b \u043c\u043e\u0436\u0435\u0442\u0435 \u0443\u0434\u043e\u0431\u043d\u043e \u0432\u0437\u044f\u0442\u044c \u0432\u0441\u0451 \u0441 \u0441\u043e\u0431\u043e\u0439. \u042d\u043a\u0441\u043a\u043b\u044e\u0437\u0438\u0432\u043d\u043e\u0435 \u0438\u0437\u0434\u0430\u043d\u0438\u0435, \u043a\u043e\u0442\u043e\u0440\u043e\u0435 \u043f\u043e\u043c\u043e\u0436\u0435\u0442 \u0432\u0430\u043c \u043e\u0442\u043a\u0440\u044b\u0442\u044c \u043e\u0431\u043d\u043e\u0432\u043b\u0451\u043d\u043d\u0443\u044e, \u0441\u0438\u044f\u044e\u0449\u0443\u044e \u0438 \u0437\u0430\u0449\u0438\u0449\u0451\u043d\u043d\u0443\u044e \u043a\u043e\u0436\u0443.<\/p>\n\n\n\n<p><\/p>\n\n\n\n<p><\/p>\n\n\n\n<p><\/p>\n\n\n\n<h3 class=\"wp-block-heading\" id=\"h-omadused-ja-koostis\"><strong>\u0421\u0412\u041e\u0419\u0421\u0422\u0412\u0410 \u0418 \u0421\u041e\u0421\u0422\u0410\u0412<\/strong><\/h3>\n\n\n\n<ul class=\"wp-block-list\">\n<li>\u0421\u043e\u0434\u0435\u0440\u0436\u0438\u0442 \u043d\u0435 \u043c\u0435\u043d\u0435\u0435 24 \u0442\u043e\u0432\u0430\u0440\u043e\u0432 (\u0441\u0440\u0435\u0434\u0441\u0442\u0432\u0430 \u043f\u043e \u0443\u0445\u043e\u0434\u0443 \u0437\u0430 \u043b\u0438\u0446\u043e\u043c, \u0442\u0435\u043b\u043e\u043c, \u0432\u043e\u043b\u043e\u0441\u0430\u043c\u0438 \u0438 \u0434\u0435\u043a\u043e\u0440\u0430\u0442\u0438\u0432\u043d\u0430\u044f \u043a\u043e\u0441\u043c\u0435\u0442\u0438\u043a\u0430, \u0430 \u0442\u0430\u043a\u0436\u0435 \u0430\u043a\u0441\u0435\u0441\u0441\u0443\u0430\u0440\u044b) \u0432 \u043f\u043e\u043b\u043d\u043e\u043c \u0438\u043b\u0438 \u0434\u043e\u0440\u043e\u0436\u043d\u043e\u043c \u0440\u0430\u0437\u043c\u0435\u0440\u0435.<\/li>\n\n\n\n<li>\u041e\u0441\u043d\u043e\u0432\u043d\u044b\u0435 \u0434\u0435\u0439\u0441\u0442\u0432\u0443\u044e\u0449\u0438\u0435 \u0432\u0435\u0449\u0435\u0441\u0442\u0432\u0430: <strong>0,1% \u0440\u0435\u0442\u0438\u043d\u043e\u043b<\/strong>, <strong>5% \u043c\u0438\u043d\u0434\u0430\u043b\u044c\u043d\u0430\u044f \u043a\u0438\u0441\u043b\u043e\u0442\u0430<\/strong>, \u043d\u0435\u0441\u043a\u043e\u043b\u044c\u043a\u043e \u043e\u0442\u0448\u0435\u043b\u0443\u0448\u0438\u0432\u0430\u044e\u0449\u0438\u0445 \u043a\u0438\u0441\u043b\u043e\u0442, <strong>\u043f\u0435\u043f\u0442\u0438\u0434\u044b<\/strong>\u0438 \u0443\u0441\u043f\u043e\u043a\u0430\u0438\u0432\u0430\u044e\u0449\u0438\u0435 \u044d\u043a\u0441\u0442\u0440\u0430\u043a\u0442\u044b, \u0442\u0430\u043a\u0438\u0435 \u043a\u0430\u043a <strong>\u0430\u043b\u043e\u044d<\/strong> \u0438 <strong>\u043b\u043e\u0442\u043e\u0441<\/strong> \u044d\u043a\u0441\u0442\u0440\u0430\u043a\u0442, \u0430 \u0442\u0430\u043a\u0436\u0435 <strong>\u0431\u0430\u043a\u0443\u0447\u0438\u043e\u043b<\/strong>.<\/li>\n\n\n\n<li>\u0420\u0430\u0437\u0440\u0430\u0431\u043e\u0442\u0430\u043d \u0434\u043b\u044f \u043e\u0445\u0432\u0430\u0442\u0430 \u0432\u0441\u0435\u0445 \u044d\u0442\u0430\u043f\u043e\u0432 \u043a\u043e\u0440\u0435\u0439\u0441\u043a\u043e\u0433\u043e \u0440\u0438\u0442\u0443\u0430\u043b\u0430 \u043a\u0440\u0430\u0441\u043e\u0442\u044b: \u043e\u0447\u0438\u0449\u0435\u043d\u0438\u0435, \u043e\u0442\u0448\u0435\u043b\u0443\u0448\u0438\u0432\u0430\u043d\u0438\u0435, \u0442\u043e\u043d\u0438\u0437\u0438\u0440\u043e\u0432\u0430\u043d\u0438\u0435, \u043b\u0435\u0447\u0435\u043d\u0438\u0435, \u043c\u0430\u0441\u043a\u0430, \u0437\u0430\u0449\u0438\u0442\u0430 \u043e\u0442 \u0441\u043e\u043b\u043d\u0446\u0430, \u0443\u0445\u043e\u0434 \u0437\u0430 \u0433\u043b\u0430\u0437\u0430\u043c\u0438, \u0430 \u0442\u0430\u043a\u0436\u0435 \u0443\u0445\u043e\u0434 \u0437\u0430 \u0442\u0435\u043b\u043e\u043c \u0438 \u0432\u043e\u043b\u043e\u0441\u0430\u043c\u0438.<\/li>\n\n\n\n<li>\u0412\u043a\u043b\u044e\u0447\u0435\u043d\u043e <strong>\u043e\u0433\u0440\u0430\u043d\u0438\u0447\u0435\u043d\u043d\u044b\u0439 \u0442\u0438\u0440\u0430\u0436 \u043f\u0443\u0445\u043e\u0432\u043e\u0439 \u0441\u0443\u043c\u043a\u0438<\/strong>, \u043a\u043e\u0442\u043e\u0440\u044b\u0435 \u043c\u043e\u0436\u043d\u043e \u0438\u0441\u043f\u043e\u043b\u044c\u0437\u043e\u0432\u0430\u0442\u044c \u0434\u043b\u044f \u043f\u0435\u0440\u0435\u043d\u043e\u0441\u043a\u0438 \u0438\u043b\u0438 \u043f\u043e\u0432\u0442\u043e\u0440\u043d\u043e\u0433\u043e \u0438\u0441\u043f\u043e\u043b\u044c\u0437\u043e\u0432\u0430\u043d\u0438\u044f \u043f\u0440\u043e\u0434\u0443\u043a\u0446\u0438\u0438.<\/li>\n\n\n\n<li>\u041f\u0440\u0435\u0434\u043f\u043e\u043b\u0430\u0433\u0430\u0435\u043c\u0430\u044f \u0440\u044b\u043d\u043e\u0447\u043d\u0430\u044f \u0441\u0442\u043e\u0438\u043c\u043e\u0441\u0442\u044c: <strong>440 \u20ac<\/strong>.<\/li>\n\n\n\n<li><strong>\u041e\u0433\u0440\u0430\u043d\u0438\u0447\u0435\u043d\u043d\u043e\u0435 \u043a\u043e\u043b\u0438\u0447\u0435\u0441\u0442\u0432\u043e<\/strong>, \u0434\u043e\u0441\u0442\u0443\u043f\u043d\u043e \u0442\u043e\u043b\u044c\u043a\u043e \u044d\u043a\u0441\u043a\u043b\u044e\u0437\u0438\u0432\u043d\u043e.<\/li>\n<\/ul>\n\n\n\n<p><\/p>\n\n\n\n<div data-block-name=\"woocommerce\/single-product\" data-wp-context=\"{&quot;productId&quot;:16202,&quot;variationId&quot;:null}\" data-wp-interactive=\"woocommerce\/single-product\" class=\"wp-block-woocommerce-single-product woocommerce\"><\/div>","protected":false},"excerpt":{"rendered":"<p>\u0410\u0434\u0432\u0435\u043d\u0442-\u043a\u0430\u043b\u0435\u043d\u0434\u0430\u0440\u044c MiiN 2025 \u0441\u043e\u0447\u0435\u0442\u0430\u0435\u0442 \u0432 \u0441\u0435\u0431\u0435 \u043b\u0443\u0447\u0448\u0435\u0435 \u0438\u0437 \u043a\u043e\u0440\u0435\u0439\u0441\u043a\u043e\u0439 \u043a\u043e\u0441\u043c\u0435\u0442\u0438\u043a\u0438: 24 \u043f\u0440\u043e\u0434\u0443\u043a\u0442\u0430 \u0441 \u044d\u0444\u0444\u0435\u043a\u0442\u0438\u0432\u043d\u044b\u043c\u0438 \u0430\u043a\u0442\u0438\u0432\u043d\u044b\u043c\u0438 \u0438\u043d\u0433\u0440\u0435\u0434\u0438\u0435\u043d\u0442\u0430\u043c\u0438, \u0434\u0435\u0439\u0441\u0442\u0432\u0438\u0435 \u043a\u043e\u0442\u043e\u0440\u044b\u0445 \u043d\u0430\u0443\u0447\u043d\u043e \u0434\u043e\u043a\u0430\u0437\u0430\u043d\u043e \u2014 \u0440\u0435\u0442\u0438\u043d\u043e\u043b, \u043c\u0438\u043d\u0434\u0430\u043b\u044c\u043d\u0430\u044f \u043a\u0438\u0441\u043b\u043e\u0442\u0430, \u043d\u0435\u0441\u043a\u043e\u043b\u044c\u043a\u043e \u043a\u0438\u0441\u043b\u043e\u0442\u043d\u044b\u0445 \u043a\u043e\u043c\u043f\u043b\u0435\u043a\u0441\u043e\u0432, \u043f\u0435\u043f\u0442\u0438\u0434\u044b \u0438 \u043c\u043d\u043e\u0433\u043e\u0435 \u0434\u0440\u0443\u0433\u043e\u0435. \u0412 \u043d\u0430\u0431\u043e\u0440 \u0432\u0445\u043e\u0434\u044f\u0442 \u043a\u0430\u043a \u043f\u043e\u043b\u043d\u043e\u0440\u0430\u0437\u043c\u0435\u0440\u043d\u044b\u0435, \u0442\u0430\u043a \u0438 \u0434\u043e\u0440\u043e\u0436\u043d\u044b\u0435 \u0441\u0440\u0435\u0434\u0441\u0442\u0432\u0430 \u0434\u043b\u044f \u043b\u0438\u0446\u0430, \u0442\u0435\u043b\u0430, \u0432\u043e\u043b\u043e\u0441 \u0438 \u043c\u0430\u043a\u0438\u044f\u0436\u0430. \u0412 \u043d\u0430\u0431\u043e\u0440 \u0432\u0445\u043e\u0434\u0438\u0442 \u043b\u0438\u043c\u0438\u0442\u0438\u0440\u043e\u0432\u0430\u043d\u043d\u0430\u044f \u0441\u0443\u043c\u043a\u0430-\u043c\u0435\u0448\u043e\u043a \u0441 \u043f\u0443\u0445\u043b\u043e\u0439 \u0442\u0435\u043a\u0441\u0442\u0443\u0440\u043e\u0439, \u0432 \u043a\u043e\u0442\u043e\u0440\u043e\u0439 \u0443\u0434\u043e\u0431\u043d\u043e \u043d\u043e\u0441\u0438\u0442\u044c \u0432\u0441\u0451 \u0441 \u0441\u043e\u0431\u043e\u0439. \u042d\u043a\u0441\u043a\u043b\u044e\u0437\u0438\u0432\u043d\u043e\u0435 \u0438\u0437\u0434\u0430\u043d\u0438\u0435, \u043a\u043e\u0442\u043e\u0440\u043e\u0435\u2026<\/p>","protected":false},"author":1,"featured_media":0,"parent":0,"menu_order":0,"comment_status":"closed","ping_status":"closed","template":"","meta":{"_uf_show_specific_survey":0,"_uf_disable_surveys":false,"_bst_post_transparent":"","_bst_post_title":"","_bst_post_layout":"","_bst_post_sidebar_id":"","_bst_post_content_style":"","_bst_post_vertical_padding":"","_bst_post_feature":"","_bst_post_feature_position":"","_bst_post_header":false,"_bst_post_footer":false,"footnotes":""},"class_list":["post-16200","page","type-page","status-publish","hentry"],"yoast_head":"<!-- This site is optimized with the Yoast SEO plugin v27.2 - https:\/\/yoast.com\/product\/yoast-seo-wordpress\/ -->\n<title>Advent Calendar 2025 - IDA.KOREA<\/title>\n<meta name=\"robots\" content=\"index, follow, max-snippet:-1, max-image-preview:large, max-video-preview:-1\" \/>\n<link rel=\"canonical\" href=\"https:\/\/idakorea.ee\/ru\/beauty-advent-calendar-2025\/\" \/>\n<meta property=\"og:locale\" content=\"ru_RU\" \/>\n<meta property=\"og:type\" content=\"article\" \/>\n<meta property=\"og:title\" content=\"Advent Calendar 2025 - IDA.KOREA\" \/>\n<meta property=\"og:description\" content=\"MiiN Advent Calendar 2025 \u00fchendab endas parima Korea kosmeetikast: 24 t\u00f5husate toimeainetega toodet, mille m\u00f5ju on teaduslikult t\u00f5estatud \u2014 retinool, mandelhape, mitmed happekompleksid, peptiidid ja palju muud. Komplektis on nii t\u00e4issuuruses kui ka reisiformaadis tooteid n\u00e4ole, kehale, juustele ja meigile. Kaasas on piiratud koguses puhvis kott, kuhu saad k\u00f5ik mugavalt kaasa v\u00f5tta. Eksklusiivne v\u00e4ljaanne, mis...\" \/>\n<meta property=\"og:url\" content=\"https:\/\/idakorea.ee\/ru\/beauty-advent-calendar-2025\/\" \/>\n<meta property=\"og:site_name\" content=\"IDA.KOREA\" \/>\n<meta property=\"article:modified_time\" content=\"2025-10-22T11:50:21+00:00\" \/>\n<meta property=\"og:image\" content=\"https:\/\/idakorea.ee\/wp-content\/uploads\/2025\/10\/nib-articulosentradas-a-retocar-2025-09-04t084550-000-800x450.png\" \/>\n<meta name=\"twitter:card\" content=\"summary_large_image\" \/>\n<meta name=\"twitter:label1\" content=\"\u041f\u0440\u0438\u043c\u0435\u0440\u043d\u043e\u0435 \u0432\u0440\u0435\u043c\u044f \u0434\u043b\u044f \u0447\u0442\u0435\u043d\u0438\u044f\" \/>\n\t<meta name=\"twitter:data1\" content=\"1 \u043c\u0438\u043d\u0443\u0442\u0430\" \/>\n<script type=\"application\/ld+json\" class=\"yoast-schema-graph\">{\"@context\":\"https:\/\/schema.org\",\"@graph\":[{\"@type\":\"WebPage\",\"@id\":\"https:\/\/idakorea.ee\/beauty-advent-calendar-2025\/\",\"url\":\"https:\/\/idakorea.ee\/beauty-advent-calendar-2025\/\",\"name\":\"Advent Calendar 2025 - IDA.KOREA\",\"isPartOf\":{\"@id\":\"https:\/\/idakorea.ee\/#website\"},\"primaryImageOfPage\":{\"@id\":\"https:\/\/idakorea.ee\/beauty-advent-calendar-2025\/#primaryimage\"},\"image\":{\"@id\":\"https:\/\/idakorea.ee\/beauty-advent-calendar-2025\/#primaryimage\"},\"thumbnailUrl\":\"https:\/\/idakorea.ee\/wp-content\/uploads\/2025\/10\/nib-articulosentradas-a-retocar-2025-09-04t084550-000-800x450.png\",\"datePublished\":\"2025-10-22T11:38:31+00:00\",\"dateModified\":\"2025-10-22T11:50:21+00:00\",\"breadcrumb\":{\"@id\":\"https:\/\/idakorea.ee\/beauty-advent-calendar-2025\/#breadcrumb\"},\"inLanguage\":\"ru-RU\",\"potentialAction\":[{\"@type\":\"ReadAction\",\"target\":[\"https:\/\/idakorea.ee\/beauty-advent-calendar-2025\/\"]}]},{\"@type\":\"ImageObject\",\"inLanguage\":\"ru-RU\",\"@id\":\"https:\/\/idakorea.ee\/beauty-advent-calendar-2025\/#primaryimage\",\"url\":\"https:\/\/idakorea.ee\/wp-content\/uploads\/2025\/10\/nib-articulosentradas-a-retocar-2025-09-04t084550-000-800x450.png\",\"contentUrl\":\"https:\/\/idakorea.ee\/wp-content\/uploads\/2025\/10\/nib-articulosentradas-a-retocar-2025-09-04t084550-000-800x450.png\"},{\"@type\":\"BreadcrumbList\",\"@id\":\"https:\/\/idakorea.ee\/beauty-advent-calendar-2025\/#breadcrumb\",\"itemListElement\":[{\"@type\":\"ListItem\",\"position\":1,\"name\":\"\u0413\u043b\u0430\u0432\u043d\u0430\u044f \u0441\u0442\u0440\u0430\u043d\u0438\u0446\u0430\",\"item\":\"https:\/\/idakorea.ee\/\"},{\"@type\":\"ListItem\",\"position\":2,\"name\":\"Advent Calendar 2025\"}]},{\"@type\":\"WebSite\",\"@id\":\"https:\/\/idakorea.ee\/#website\",\"url\":\"https:\/\/idakorea.ee\/\",\"name\":\"IDA.KOREA\",\"description\":\"Korea kosmeetika e-pood\",\"publisher\":{\"@id\":\"https:\/\/idakorea.ee\/#organization\"},\"alternateName\":\"Beauty Shop\",\"potentialAction\":[{\"@type\":\"SearchAction\",\"target\":{\"@type\":\"EntryPoint\",\"urlTemplate\":\"https:\/\/idakorea.ee\/?s={search_term_string}\"},\"query-input\":{\"@type\":\"PropertyValueSpecification\",\"valueRequired\":true,\"valueName\":\"search_term_string\"}}],\"inLanguage\":\"ru-RU\"},{\"@type\":\"Organization\",\"@id\":\"https:\/\/idakorea.ee\/#organization\",\"name\":\"IDA.KOREA\",\"url\":\"https:\/\/idakorea.ee\/\",\"logo\":{\"@type\":\"ImageObject\",\"inLanguage\":\"ru-RU\",\"@id\":\"https:\/\/idakorea.ee\/#\/schema\/logo\/image\/\",\"url\":\"https:\/\/idakorea.ee\/wp-content\/uploads\/2024\/05\/cropped-korea3.png\",\"contentUrl\":\"https:\/\/idakorea.ee\/wp-content\/uploads\/2024\/05\/cropped-korea3.png\",\"width\":688,\"height\":126,\"caption\":\"IDA.KOREA\"},\"image\":{\"@id\":\"https:\/\/idakorea.ee\/#\/schema\/logo\/image\/\"},\"sameAs\":[\"https:\/\/www.instagram.com\/ida.korea\/\"]}]}<\/script>\n<!-- \/ Yoast SEO plugin. -->","yoast_head_json":{"title":"\u0410\u0434\u0432\u0435\u043d\u0442-\u043a\u0430\u043b\u0435\u043d\u0434\u0430\u0440\u044c 2025 \u2014 \u0412\u041e\u0421\u0422\u041e\u0427\u041d\u0410\u042f \u041a\u041e\u0420\u0415\u042f","robots":{"index":"index","follow":"follow","max-snippet":"max-snippet:-1","max-image-preview":"max-image-preview:large","max-video-preview":"max-video-preview:-1"},"canonical":"https:\/\/idakorea.ee\/ru\/beauty-advent-calendar-2025\/","og_locale":"ru_RU","og_type":"article","og_title":"Advent Calendar 2025 - IDA.KOREA","og_description":"MiiN Advent Calendar 2025 \u00fchendab endas parima Korea kosmeetikast: 24 t\u00f5husate toimeainetega toodet, mille m\u00f5ju on teaduslikult t\u00f5estatud \u2014 retinool, mandelhape, mitmed happekompleksid, peptiidid ja palju muud. Komplektis on nii t\u00e4issuuruses kui ka reisiformaadis tooteid n\u00e4ole, kehale, juustele ja meigile. Kaasas on piiratud koguses puhvis kott, kuhu saad k\u00f5ik mugavalt kaasa v\u00f5tta. Eksklusiivne v\u00e4ljaanne, mis...","og_url":"https:\/\/idakorea.ee\/ru\/beauty-advent-calendar-2025\/","og_site_name":"IDA.KOREA","article_modified_time":"2025-10-22T11:50:21+00:00","og_image":[{"url":"https:\/\/idakorea.ee\/wp-content\/uploads\/2025\/10\/nib-articulosentradas-a-retocar-2025-09-04t084550-000-800x450.png","type":"","width":"","height":""}],"twitter_card":"summary_large_image","twitter_misc":{"\u041f\u0440\u0438\u043c\u0435\u0440\u043d\u043e\u0435 \u0432\u0440\u0435\u043c\u044f \u0434\u043b\u044f \u0447\u0442\u0435\u043d\u0438\u044f":"1 \u043c\u0438\u043d\u0443\u0442\u0430"},"schema":{"@context":"https:\/\/schema.org","@graph":[{"@type":"WebPage","@id":"https:\/\/idakorea.ee\/beauty-advent-calendar-2025\/","url":"https:\/\/idakorea.ee\/beauty-advent-calendar-2025\/","name":"\u0410\u0434\u0432\u0435\u043d\u0442-\u043a\u0430\u043b\u0435\u043d\u0434\u0430\u0440\u044c 2025 \u2014 \u0412\u041e\u0421\u0422\u041e\u0427\u041d\u0410\u042f \u041a\u041e\u0420\u0415\u042f","isPartOf":{"@id":"https:\/\/idakorea.ee\/#website"},"primaryImageOfPage":{"@id":"https:\/\/idakorea.ee\/beauty-advent-calendar-2025\/#primaryimage"},"image":{"@id":"https:\/\/idakorea.ee\/beauty-advent-calendar-2025\/#primaryimage"},"thumbnailUrl":"https:\/\/idakorea.ee\/wp-content\/uploads\/2025\/10\/nib-articulosentradas-a-retocar-2025-09-04t084550-000-800x450.png","datePublished":"2025-10-22T11:38:31+00:00","dateModified":"2025-10-22T11:50:21+00:00","breadcrumb":{"@id":"https:\/\/idakorea.ee\/beauty-advent-calendar-2025\/#breadcrumb"},"inLanguage":"ru-RU","potentialAction":[{"@type":"ReadAction","target":["https:\/\/idakorea.ee\/beauty-advent-calendar-2025\/"]}]},{"@type":"ImageObject","inLanguage":"ru-RU","@id":"https:\/\/idakorea.ee\/beauty-advent-calendar-2025\/#primaryimage","url":"https:\/\/idakorea.ee\/wp-content\/uploads\/2025\/10\/nib-articulosentradas-a-retocar-2025-09-04t084550-000-800x450.png","contentUrl":"https:\/\/idakorea.ee\/wp-content\/uploads\/2025\/10\/nib-articulosentradas-a-retocar-2025-09-04t084550-000-800x450.png"},{"@type":"BreadcrumbList","@id":"https:\/\/idakorea.ee\/beauty-advent-calendar-2025\/#breadcrumb","itemListElement":[{"@type":"ListItem","position":1,"name":"\u0413\u043b\u0430\u0432\u043d\u0430\u044f \u0441\u0442\u0440\u0430\u043d\u0438\u0446\u0430","item":"https:\/\/idakorea.ee\/"},{"@type":"ListItem","position":2,"name":"Advent Calendar 2025"}]},{"@type":"WebSite","@id":"https:\/\/idakorea.ee\/#website","url":"https:\/\/idakorea.ee\/","name":"\u0418\u0414\u0410.\u041a\u041e\u0420\u0415\u042f","description":"\u0418\u043d\u0442\u0435\u0440\u043d\u0435\u0442-\u043c\u0430\u0433\u0430\u0437\u0438\u043d \u043a\u043e\u0440\u0435\u0439\u0441\u043a\u043e\u0439 \u043a\u043e\u0441\u043c\u0435\u0442\u0438\u043a\u0438","publisher":{"@id":"https:\/\/idakorea.ee\/#organization"},"alternateName":"Beauty Shop","potentialAction":[{"@type":"SearchAction","target":{"@type":"EntryPoint","urlTemplate":"https:\/\/idakorea.ee\/?s={search_term_string}"},"query-input":{"@type":"PropertyValueSpecification","valueRequired":true,"valueName":"search_term_string"}}],"inLanguage":"ru-RU"},{"@type":"Organization","@id":"https:\/\/idakorea.ee\/#organization","name":"\u0418\u0414\u0410.\u041a\u041e\u0420\u0415\u042f","url":"https:\/\/idakorea.ee\/","logo":{"@type":"ImageObject","inLanguage":"ru-RU","@id":"https:\/\/idakorea.ee\/#\/schema\/logo\/image\/","url":"https:\/\/idakorea.ee\/wp-content\/uploads\/2024\/05\/cropped-korea3.png","contentUrl":"https:\/\/idakorea.ee\/wp-content\/uploads\/2024\/05\/cropped-korea3.png","width":688,"height":126,"caption":"IDA.KOREA"},"image":{"@id":"https:\/\/idakorea.ee\/#\/schema\/logo\/image\/"},"sameAs":["https:\/\/www.instagram.com\/ida.korea\/"]}]}},"jetpack_sharing_enabled":true,"_links":{"self":[{"href":"https:\/\/idakorea.ee\/ru\/wp-json\/wp\/v2\/pages\/16200","targetHints":{"allow":["GET"]}}],"collection":[{"href":"https:\/\/idakorea.ee\/ru\/wp-json\/wp\/v2\/pages"}],"about":[{"href":"https:\/\/idakorea.ee\/ru\/wp-json\/wp\/v2\/types\/page"}],"author":[{"embeddable":true,"href":"https:\/\/idakorea.ee\/ru\/wp-json\/wp\/v2\/users\/1"}],"replies":[{"embeddable":true,"href":"https:\/\/idakorea.ee\/ru\/wp-json\/wp\/v2\/comments?post=16200"}],"version-history":[{"count":3,"href":"https:\/\/idakorea.ee\/ru\/wp-json\/wp\/v2\/pages\/16200\/revisions"}],"predecessor-version":[{"id":16209,"href":"https:\/\/idakorea.ee\/ru\/wp-json\/wp\/v2\/pages\/16200\/revisions\/16209"}],"wp:attachment":[{"href":"https:\/\/idakorea.ee\/ru\/wp-json\/wp\/v2\/media?parent=16200"}],"curies":[{"name":"WP","href":"https:\/\/api.w.org\/{rel}","templated":true}]}}