{"id":4818,"date":"2024-06-11T12:24:00","date_gmt":"2024-06-11T12:24:00","guid":{"rendered":"https:\/\/idakorea.ee\/?page_id=4818"},"modified":"2024-06-11T12:31:14","modified_gmt":"2024-06-11T12:31:14","slug":"tagastamisoigus","status":"publish","type":"page","link":"https:\/\/idakorea.ee\/ru\/tagastamisoigus\/","title":{"rendered":"\u0412\u043e\u0437\u0432\u0440\u0430\u0442"},"content":{"rendered":"<p class=\"has-text-align-center has-larger-font-size\"><strong>\u0412\u043e\u0437\u0432\u0440\u0430\u0442<\/strong><\/p>\n\n\n\n<p><\/p>\n\n\n\n<p>\u041d\u0430 \u0442\u043e\u0432\u0430\u0440\u044b, \u043f\u0440\u0438\u043e\u0431\u0440\u0435\u0442\u0435\u043d\u043d\u044b\u0435 \u0432 \u0438\u043d\u0442\u0435\u0440\u043d\u0435\u0442-\u043c\u0430\u0433\u0430\u0437\u0438\u043d\u0435 Idakorea.ee, \u0440\u0430\u0441\u043f\u0440\u043e\u0441\u0442\u0440\u0430\u043d\u044f\u044e\u0442\u0441\u044f \u0443\u0441\u043b\u043e\u0432\u0438\u044f \u0433\u0430\u0440\u0430\u043d\u0442\u0438\u0438 \u0438 \u0432\u043e\u0437\u0432\u0440\u0430\u0442\u0430, \u043f\u0440\u0435\u0434\u0443\u0441\u043c\u043e\u0442\u0440\u0435\u043d\u043d\u044b\u0435 \u0437\u0430\u043a\u043e\u043d\u043e\u0434\u0430\u0442\u0435\u043b\u044c\u0441\u0442\u0432\u043e\u043c \u042d\u0441\u0442\u043e\u043d\u0441\u043a\u043e\u0439 \u0420\u0435\u0441\u043f\u0443\u0431\u043b\u0438\u043a\u0438.<\/p>\n\n\n\n<p>\u041d\u0430 \u043f\u0440\u0438\u043e\u0431\u0440\u0435\u0442\u0435\u043d\u043d\u044b\u0435 \u0442\u043e\u0432\u0430\u0440\u044b \u0434\u0435\u0439\u0441\u0442\u0432\u0443\u0435\u0442 \u043f\u0440\u0430\u0432\u043e \u0432\u043e\u0437\u0432\u0440\u0430\u0442\u0430 \u0432 \u0442\u0435\u0447\u0435\u043d\u0438\u0435 14 \u0434\u043d\u0435\u0439 \u0441 \u043c\u043e\u043c\u0435\u043d\u0442\u0430 \u043f\u043e\u043b\u0443\u0447\u0435\u043d\u0438\u044f.<\/p>\n\n\n\n<hr class=\"wp-block-separator has-alpha-channel-opacity\"\/>\n\n\n\n<h4 class=\"wp-block-heading\">\u0412\u043e\u0437\u0432\u0440\u0430\u0442 \u0442\u043e\u0432\u0430\u0440\u0430:<\/h4>\n\n\n\n<ul class=\"wp-block-list\">\n<li>\u041f\u043e\u043a\u0443\u043f\u0430\u0442\u0435\u043b\u044c \u0434\u043e\u043b\u0436\u0435\u043d \u0441\u043e\u043e\u0431\u0449\u0438\u0442\u044c \u043e \u0441\u0432\u043e\u0435\u043c \u0436\u0435\u043b\u0430\u043d\u0438\u0438 \u0432\u0435\u0440\u043d\u0443\u0442\u044c \u0442\u043e\u0432\u0430\u0440 \u0432 \u0442\u0435\u0447\u0435\u043d\u0438\u0435 14 \u0434\u043d\u0435\u0439 \u0441 \u043c\u043e\u043c\u0435\u043d\u0442\u0430 \u043f\u043e\u043b\u0443\u0447\u0435\u043d\u0438\u044f \u0442\u043e\u0432\u0430\u0440\u0430, \u043d\u0430\u043f\u0438\u0441\u0430\u0432 \u043f\u0438\u0441\u044c\u043c\u043e \u043d\u0430 \u0430\u0434\u0440\u0435\u0441 info@idakorea.ee.<\/li>\n\n\n\n<li>\u0412\u043e\u0437\u0432\u0440\u0430\u0449\u0430\u0435\u043c\u044b\u0435 \u0442\u043e\u0432\u0430\u0440\u044b \u0434\u043e\u043b\u0436\u043d\u044b \u0431\u044b\u0442\u044c \u043d\u0435\u0438\u0441\u043f\u043e\u043b\u044c\u0437\u043e\u0432\u0430\u043d\u043d\u044b\u043c\u0438, \u043d\u0435\u043f\u043e\u0432\u0440\u0435\u0436\u0434\u0435\u043d\u043d\u044b\u043c\u0438 \u0438 \u0432 \u043e\u0440\u0438\u0433\u0438\u043d\u0430\u043b\u044c\u043d\u043e\u0439 \u0443\u043f\u0430\u043a\u043e\u0432\u043a\u0435.<\/li>\n\n\n\n<li>\u0420\u0430\u0441\u0445\u043e\u0434\u044b \u043f\u043e \u0432\u043e\u0437\u0432\u0440\u0430\u0442\u0443 \u0442\u043e\u0432\u0430\u0440\u0430 \u043d\u0435\u0441\u0435\u0442 \u043f\u043e\u043a\u0443\u043f\u0430\u0442\u0435\u043b\u044c, \u0437\u0430 \u0438\u0441\u043a\u043b\u044e\u0447\u0435\u043d\u0438\u0435\u043c \u0441\u043b\u0443\u0447\u0430\u0435\u0432, \u043a\u043e\u0433\u0434\u0430 \u043f\u0440\u0438\u0447\u0438\u043d\u043e\u0439 \u0432\u043e\u0437\u0432\u0440\u0430\u0442\u0430 \u044f\u0432\u043b\u044f\u0435\u0442\u0441\u044f \u043d\u0435\u0441\u043e\u043e\u0442\u0432\u0435\u0442\u0441\u0442\u0432\u0438\u0435 \u0437\u0430\u043a\u0430\u0437\u0443 \u0438\u043b\u0438 \u0431\u0440\u0430\u043a\u043e\u0432\u0430\u043d\u043d\u044b\u0439 \u0442\u043e\u0432\u0430\u0440.<\/li>\n\n\n\n<li>\u041a\u043b\u0438\u0435\u043d\u0442\u0443 \u0431\u0443\u0434\u0443\u0442 \u0432\u043e\u0437\u0432\u0440\u0430\u0449\u0435\u043d\u044b \u0434\u0435\u043d\u044c\u0433\u0438 \u0437\u0430 \u0432\u043e\u0437\u0432\u0440\u0430\u0449\u0435\u043d\u043d\u044b\u0439 \u0442\u043e\u0432\u0430\u0440 \u043d\u0435\u043c\u0435\u0434\u043b\u0435\u043d\u043d\u043e, \u043d\u043e \u043d\u0435 \u043f\u043e\u0437\u0434\u043d\u0435\u0435 \u0447\u0435\u043c \u0447\u0435\u0440\u0435\u0437 14 \u0434\u043d\u0435\u0439 \u043f\u043e\u0441\u043b\u0435 \u043f\u043e\u043b\u0443\u0447\u0435\u043d\u0438\u044f \u043e\u0442\u0437\u044b\u0432\u0430. \u041f\u043e\u043c\u0438\u043c\u043e \u0441\u0442\u043e\u0438\u043c\u043e\u0441\u0442\u0438 \u0432\u043e\u0437\u0432\u0440\u0430\u0449\u0435\u043d\u043d\u043e\u0433\u043e \u0442\u043e\u0432\u0430\u0440\u0430, \u0432\u043e\u0437\u043c\u0435\u0449\u0430\u044e\u0442\u0441\u044f \u0442\u0430\u043a\u0436\u0435 \u0440\u0430\u0441\u0445\u043e\u0434\u044b \u043d\u0430 \u0434\u043e\u0441\u0442\u0430\u0432\u043a\u0443.<\/li>\n\n\n\n<li>\u041a\u043e\u0441\u043c\u0435\u0442\u0438\u043a\u0430 \u0438 \u043f\u0430\u0440\u0444\u044e\u043c\u0435\u0440\u0438\u044f \u0432 \u043e\u0442\u043a\u0440\u044b\u0442\u043e\u0439 \u0443\u043f\u0430\u043a\u043e\u0432\u043a\u0435 \u0432\u043e\u0437\u0432\u0440\u0430\u0442\u0443 \u043d\u0435 \u043f\u043e\u0434\u043b\u0435\u0436\u0430\u0442. \u041f\u0440\u043e\u0434\u0443\u043a\u0442\u044b, \u043a\u043e\u0442\u043e\u0440\u044b\u0435 \u043d\u0435\u043b\u044c\u0437\u044f \u043f\u0440\u043e\u0432\u0435\u0440\u0438\u0442\u044c \u043d\u0430 \u043f\u0440\u0435\u0434\u043c\u0435\u0442 \u0438\u0441\u043f\u043e\u043b\u044c\u0437\u043e\u0432\u0430\u043d\u0438\u044f (\u0438\u043b\u0438 \u043d\u0435\u0438\u0441\u043f\u043e\u043b\u044c\u0437\u043e\u0432\u0430\u043d\u0438\u044f), \u0442\u0430\u043a\u0436\u0435 \u043d\u0435 \u043f\u043e\u0434\u043b\u0435\u0436\u0430\u0442 \u0432\u043e\u0437\u0432\u0440\u0430\u0442\u0443. \u041d\u0430\u043f\u0440\u0438\u043c\u0435\u0440, \u0442\u0443\u0448\u044c \u0434\u043b\u044f \u0440\u0435\u0441\u043d\u0438\u0446, \u0441\u0440\u043e\u043a \u0433\u043e\u0434\u043d\u043e\u0441\u0442\u0438 \u043a\u043e\u0442\u043e\u0440\u043e\u0439 \u043e\u0442\u043d\u043e\u0441\u0438\u0442\u0435\u043b\u044c\u043d\u043e \u043d\u0435\u0432\u0435\u043b\u0438\u043a \u0438 \u043d\u0430\u043f\u0440\u044f\u043c\u0443\u044e \u0437\u0430\u0432\u0438\u0441\u0438\u0442 \u043e\u0442 \u0432\u0440\u0435\u043c\u0435\u043d\u0438 \u043e\u0442\u043a\u0440\u044b\u0442\u0438\u044f.<\/li>\n\n\n\n<li>\u041a\u043b\u0438\u0435\u043d\u0442 \u043c\u043e\u0436\u0435\u0442 \u043e\u0431\u0440\u0430\u0442\u0438\u0442\u044c\u0441\u044f \u0432 \u041a\u043e\u043c\u0438\u0442\u0435\u0442 \u043f\u043e \u0440\u0430\u0441\u0441\u043c\u043e\u0442\u0440\u0435\u043d\u0438\u044e \u0436\u0430\u043b\u043e\u0431 \u043f\u043e\u0442\u0440\u0435\u0431\u0438\u0442\u0435\u043b\u0435\u0439 \u043f\u0440\u0438 \u0421\u043e\u0432\u0435\u0442\u0435 \u043f\u043e \u0437\u0430\u0449\u0438\u0442\u0435 \u043f\u0440\u0430\u0432 \u043f\u043e\u0442\u0440\u0435\u0431\u0438\u0442\u0435\u043b\u0435\u0439, \u043a\u043e\u0442\u043e\u0440\u044b\u0439 \u0443\u043f\u043e\u043b\u043d\u043e\u043c\u043e\u0447\u0435\u043d \u0440\u0430\u0437\u0440\u0435\u0448\u0430\u0442\u044c \u0441\u043f\u043e\u0440\u044b, \u0432\u044b\u0442\u0435\u043a\u0430\u044e\u0449\u0438\u0435 \u0438\u0437 \u0434\u043e\u0433\u043e\u0432\u043e\u0440\u0430, \u0435\u0441\u043b\u0438 \u0441\u0442\u043e\u0438\u043c\u043e\u0441\u0442\u044c \u0441\u043f\u043e\u0440\u043d\u043e\u0433\u043e \u0442\u043e\u0432\u0430\u0440\u0430 \u043f\u0440\u0435\u0432\u044b\u0448\u0430\u0435\u0442 20 \u0435\u0432\u0440\u043e (\u0440\u0430\u0441\u0441\u043c\u043e\u0442\u0440\u0435\u043d\u0438\u0435 \u0436\u0430\u043b\u043e\u0431\u044b \u0432 \u041a\u043e\u043c\u0438\u0442\u0435\u0442\u0435 \u0431\u0435\u0441\u043f\u043b\u0430\u0442\u043d\u043e).<\/li>\n<\/ul>\n\n\n\n<p><\/p>\n\n\n\n<p>Verona Baltic O\u00dc<\/p>\n\n\n\n<p><\/p>\n\n\n\n<p><\/p>","protected":false},"excerpt":{"rendered":"<p>\u041f\u0440\u0430\u0432\u043e \u043d\u0430 \u0432\u043e\u0437\u0432\u0440\u0430\u0442 \u041d\u0430 \u0442\u043e\u0432\u0430\u0440\u044b, \u043f\u0440\u0438\u043e\u0431\u0440\u0435\u0442\u0435\u043d\u043d\u044b\u0435 \u0432 \u0438\u043d\u0442\u0435\u0440\u043d\u0435\u0442-\u043c\u0430\u0433\u0430\u0437\u0438\u043d\u0435 Idakorea.ee, \u0440\u0430\u0441\u043f\u0440\u043e\u0441\u0442\u0440\u0430\u043d\u044f\u044e\u0442\u0441\u044f \u0433\u0430\u0440\u0430\u043d\u0442\u0438\u0439\u043d\u044b\u0435 \u043e\u0431\u044f\u0437\u0430\u0442\u0435\u043b\u044c\u0441\u0442\u0432\u0430 \u0438 \u043f\u0440\u043e\u0446\u0435\u0434\u0443\u0440\u044b \u0432\u043e\u0437\u0432\u0440\u0430\u0442\u0430, \u043f\u0440\u0435\u0434\u0443\u0441\u043c\u043e\u0442\u0440\u0435\u043d\u043d\u044b\u0435 \u0437\u0430\u043a\u043e\u043d\u043e\u0434\u0430\u0442\u0435\u043b\u044c\u0441\u0442\u0432\u043e\u043c \u042d\u0441\u0442\u043e\u043d\u0441\u043a\u043e\u0439 \u0420\u0435\u0441\u043f\u0443\u0431\u043b\u0438\u043a\u0438. \u041f\u0440\u0430\u0432\u043e \u043d\u0430 \u0432\u043e\u0437\u0432\u0440\u0430\u0442 \u0434\u0435\u0439\u0441\u0442\u0432\u0443\u0435\u0442 \u0432 \u0442\u0435\u0447\u0435\u043d\u0438\u0435 14 \u0434\u043d\u0435\u0439 \u0441 \u043c\u043e\u043c\u0435\u043d\u0442\u0430 \u043f\u043e\u043b\u0443\u0447\u0435\u043d\u0438\u044f \u043a\u0443\u043f\u043b\u0435\u043d\u043d\u043e\u0433\u043e \u0442\u043e\u0432\u0430\u0440\u0430. Verona Baltic O\u00dc<\/p>","protected":false},"author":1,"featured_media":0,"parent":0,"menu_order":0,"comment_status":"closed","ping_status":"closed","template":"","meta":{"_uf_show_specific_survey":0,"_uf_disable_surveys":false,"_bst_post_transparent":"","_bst_post_title":"","_bst_post_layout":"","_bst_post_sidebar_id":"","_bst_post_content_style":"","_bst_post_vertical_padding":"","_bst_post_feature":"","_bst_post_feature_position":"","_bst_post_header":false,"_bst_post_footer":false,"footnotes":""},"class_list":["post-4818","page","type-page","status-publish","hentry"],"yoast_head":"<!-- This site is optimized with the Yoast SEO plugin v27.2 - https:\/\/yoast.com\/product\/yoast-seo-wordpress\/ -->\n<title>Tagastamis\u00f5igus - IDA.KOREA<\/title>\n<meta name=\"robots\" content=\"index, follow, max-snippet:-1, max-image-preview:large, max-video-preview:-1\" \/>\n<link rel=\"canonical\" href=\"https:\/\/idakorea.ee\/ru\/tagastamisoigus\/\" \/>\n<meta property=\"og:locale\" content=\"ru_RU\" \/>\n<meta property=\"og:type\" content=\"article\" \/>\n<meta property=\"og:title\" content=\"Tagastamis\u00f5igus - IDA.KOREA\" \/>\n<meta property=\"og:description\" content=\"Tagastamis\u00f5igus Idakorea.ee veebipoest ostetud kaubale kehtivad Eesti Vabariigi seadustes etten\u00e4htud garantii ja tagastamise kord. Ostetud kaubale kehtib alates kauba k\u00e4ttesaamisest 14 p\u00e4evane kauba tagastamis\u00f5igus. Toote tagastamine: Verona Baltic O\u00dc\" \/>\n<meta property=\"og:url\" content=\"https:\/\/idakorea.ee\/ru\/tagastamisoigus\/\" \/>\n<meta property=\"og:site_name\" content=\"IDA.KOREA\" \/>\n<meta property=\"article:modified_time\" content=\"2024-06-11T12:31:14+00:00\" \/>\n<meta property=\"og:image\" content=\"https:\/\/idakorea.ee\/wp-content\/uploads\/2024\/07\/logo.png\" \/>\n\t<meta property=\"og:image:width\" content=\"813\" \/>\n\t<meta property=\"og:image:height\" content=\"813\" \/>\n\t<meta property=\"og:image:type\" content=\"image\/png\" \/>\n<meta name=\"twitter:card\" content=\"summary_large_image\" \/>\n<meta name=\"twitter:label1\" content=\"\u041f\u0440\u0438\u043c\u0435\u0440\u043d\u043e\u0435 \u0432\u0440\u0435\u043c\u044f \u0434\u043b\u044f \u0447\u0442\u0435\u043d\u0438\u044f\" \/>\n\t<meta name=\"twitter:data1\" content=\"1 \u043c\u0438\u043d\u0443\u0442\u0430\" \/>\n<script type=\"application\/ld+json\" class=\"yoast-schema-graph\">{\"@context\":\"https:\/\/schema.org\",\"@graph\":[{\"@type\":\"WebPage\",\"@id\":\"https:\/\/idakorea.ee\/tagastamisoigus\/\",\"url\":\"https:\/\/idakorea.ee\/tagastamisoigus\/\",\"name\":\"Tagastamis\u00f5igus - IDA.KOREA\",\"isPartOf\":{\"@id\":\"https:\/\/idakorea.ee\/#website\"},\"datePublished\":\"2024-06-11T12:24:00+00:00\",\"dateModified\":\"2024-06-11T12:31:14+00:00\",\"breadcrumb\":{\"@id\":\"https:\/\/idakorea.ee\/tagastamisoigus\/#breadcrumb\"},\"inLanguage\":\"ru-RU\",\"potentialAction\":[{\"@type\":\"ReadAction\",\"target\":[\"https:\/\/idakorea.ee\/tagastamisoigus\/\"]}]},{\"@type\":\"BreadcrumbList\",\"@id\":\"https:\/\/idakorea.ee\/tagastamisoigus\/#breadcrumb\",\"itemListElement\":[{\"@type\":\"ListItem\",\"position\":1,\"name\":\"\u0413\u043b\u0430\u0432\u043d\u0430\u044f \u0441\u0442\u0440\u0430\u043d\u0438\u0446\u0430\",\"item\":\"https:\/\/idakorea.ee\/\"},{\"@type\":\"ListItem\",\"position\":2,\"name\":\"Tagastamis\u00f5igus\"}]},{\"@type\":\"WebSite\",\"@id\":\"https:\/\/idakorea.ee\/#website\",\"url\":\"https:\/\/idakorea.ee\/\",\"name\":\"IDA.KOREA\",\"description\":\"Korea kosmeetika e-pood\",\"publisher\":{\"@id\":\"https:\/\/idakorea.ee\/#organization\"},\"alternateName\":\"Beauty Shop\",\"potentialAction\":[{\"@type\":\"SearchAction\",\"target\":{\"@type\":\"EntryPoint\",\"urlTemplate\":\"https:\/\/idakorea.ee\/?s={search_term_string}\"},\"query-input\":{\"@type\":\"PropertyValueSpecification\",\"valueRequired\":true,\"valueName\":\"search_term_string\"}}],\"inLanguage\":\"ru-RU\"},{\"@type\":\"Organization\",\"@id\":\"https:\/\/idakorea.ee\/#organization\",\"name\":\"IDA.KOREA\",\"url\":\"https:\/\/idakorea.ee\/\",\"logo\":{\"@type\":\"ImageObject\",\"inLanguage\":\"ru-RU\",\"@id\":\"https:\/\/idakorea.ee\/#\/schema\/logo\/image\/\",\"url\":\"https:\/\/idakorea.ee\/wp-content\/uploads\/2024\/05\/cropped-korea3.png\",\"contentUrl\":\"https:\/\/idakorea.ee\/wp-content\/uploads\/2024\/05\/cropped-korea3.png\",\"width\":688,\"height\":126,\"caption\":\"IDA.KOREA\"},\"image\":{\"@id\":\"https:\/\/idakorea.ee\/#\/schema\/logo\/image\/\"},\"sameAs\":[\"https:\/\/www.instagram.com\/ida.korea\/\"]}]}<\/script>\n<!-- \/ Yoast SEO plugin. -->","yoast_head_json":{"title":"\u041f\u0440\u0430\u0432\u043e \u043d\u0430 \u0432\u043e\u0437\u0432\u0440\u0430\u0449\u0435\u043d\u0438\u0435 - IDA.KOREA","robots":{"index":"index","follow":"follow","max-snippet":"max-snippet:-1","max-image-preview":"max-image-preview:large","max-video-preview":"max-video-preview:-1"},"canonical":"https:\/\/idakorea.ee\/ru\/tagastamisoigus\/","og_locale":"ru_RU","og_type":"article","og_title":"Tagastamis\u00f5igus - IDA.KOREA","og_description":"Tagastamis\u00f5igus Idakorea.ee veebipoest ostetud kaubale kehtivad Eesti Vabariigi seadustes etten\u00e4htud garantii ja tagastamise kord. Ostetud kaubale kehtib alates kauba k\u00e4ttesaamisest 14 p\u00e4evane kauba tagastamis\u00f5igus. Toote tagastamine: Verona Baltic O\u00dc","og_url":"https:\/\/idakorea.ee\/ru\/tagastamisoigus\/","og_site_name":"IDA.KOREA","article_modified_time":"2024-06-11T12:31:14+00:00","og_image":[{"width":813,"height":813,"url":"https:\/\/idakorea.ee\/wp-content\/uploads\/2024\/07\/logo.png","type":"image\/png"}],"twitter_card":"summary_large_image","twitter_misc":{"\u041f\u0440\u0438\u043c\u0435\u0440\u043d\u043e\u0435 \u0432\u0440\u0435\u043c\u044f \u0434\u043b\u044f \u0447\u0442\u0435\u043d\u0438\u044f":"1 \u043c\u0438\u043d\u0443\u0442\u0430"},"schema":{"@context":"https:\/\/schema.org","@graph":[{"@type":"WebPage","@id":"https:\/\/idakorea.ee\/tagastamisoigus\/","url":"https:\/\/idakorea.ee\/tagastamisoigus\/","name":"\u041f\u0440\u0430\u0432\u043e \u043d\u0430 \u0432\u043e\u0437\u0432\u0440\u0430\u0449\u0435\u043d\u0438\u0435 - IDA.KOREA","isPartOf":{"@id":"https:\/\/idakorea.ee\/#website"},"datePublished":"2024-06-11T12:24:00+00:00","dateModified":"2024-06-11T12:31:14+00:00","breadcrumb":{"@id":"https:\/\/idakorea.ee\/tagastamisoigus\/#breadcrumb"},"inLanguage":"ru-RU","potentialAction":[{"@type":"ReadAction","target":["https:\/\/idakorea.ee\/tagastamisoigus\/"]}]},{"@type":"BreadcrumbList","@id":"https:\/\/idakorea.ee\/tagastamisoigus\/#breadcrumb","itemListElement":[{"@type":"ListItem","position":1,"name":"\u0413\u043b\u0430\u0432\u043d\u0430\u044f \u0441\u0442\u0440\u0430\u043d\u0438\u0446\u0430","item":"https:\/\/idakorea.ee\/"},{"@type":"ListItem","position":2,"name":"Tagastamis\u00f5igus"}]},{"@type":"WebSite","@id":"https:\/\/idakorea.ee\/#website","url":"https:\/\/idakorea.ee\/","name":"\u0418\u0414\u0410.\u041a\u041e\u0420\u0415\u042f","description":"\u0418\u043d\u0442\u0435\u0440\u043d\u0435\u0442-\u043c\u0430\u0433\u0430\u0437\u0438\u043d \u043a\u043e\u0440\u0435\u0439\u0441\u043a\u043e\u0439 \u043a\u043e\u0441\u043c\u0435\u0442\u0438\u043a\u0438","publisher":{"@id":"https:\/\/idakorea.ee\/#organization"},"alternateName":"Beauty Shop","potentialAction":[{"@type":"SearchAction","target":{"@type":"EntryPoint","urlTemplate":"https:\/\/idakorea.ee\/?s={search_term_string}"},"query-input":{"@type":"PropertyValueSpecification","valueRequired":true,"valueName":"search_term_string"}}],"inLanguage":"ru-RU"},{"@type":"Organization","@id":"https:\/\/idakorea.ee\/#organization","name":"\u0418\u0414\u0410.\u041a\u041e\u0420\u0415\u042f","url":"https:\/\/idakorea.ee\/","logo":{"@type":"ImageObject","inLanguage":"ru-RU","@id":"https:\/\/idakorea.ee\/#\/schema\/logo\/image\/","url":"https:\/\/idakorea.ee\/wp-content\/uploads\/2024\/05\/cropped-korea3.png","contentUrl":"https:\/\/idakorea.ee\/wp-content\/uploads\/2024\/05\/cropped-korea3.png","width":688,"height":126,"caption":"IDA.KOREA"},"image":{"@id":"https:\/\/idakorea.ee\/#\/schema\/logo\/image\/"},"sameAs":["https:\/\/www.instagram.com\/ida.korea\/"]}]}},"jetpack_sharing_enabled":true,"_links":{"self":[{"href":"https:\/\/idakorea.ee\/ru\/wp-json\/wp\/v2\/pages\/4818","targetHints":{"allow":["GET"]}}],"collection":[{"href":"https:\/\/idakorea.ee\/ru\/wp-json\/wp\/v2\/pages"}],"about":[{"href":"https:\/\/idakorea.ee\/ru\/wp-json\/wp\/v2\/types\/page"}],"author":[{"embeddable":true,"href":"https:\/\/idakorea.ee\/ru\/wp-json\/wp\/v2\/users\/1"}],"replies":[{"embeddable":true,"href":"https:\/\/idakorea.ee\/ru\/wp-json\/wp\/v2\/comments?post=4818"}],"version-history":[{"count":0,"href":"https:\/\/idakorea.ee\/ru\/wp-json\/wp\/v2\/pages\/4818\/revisions"}],"wp:attachment":[{"href":"https:\/\/idakorea.ee\/ru\/wp-json\/wp\/v2\/media?parent=4818"}],"curies":[{"name":"WP","href":"https:\/\/api.w.org\/{rel}","templated":true}]}}