{"id":9059,"date":"2024-07-01T10:00:26","date_gmt":"2024-07-01T10:00:26","guid":{"rendered":"https:\/\/idakorea.ee\/?page_id=9059"},"modified":"2024-10-04T16:04:00","modified_gmt":"2024-10-04T13:04:00","slug":"miniatuurid","status":"publish","type":"page","link":"https:\/\/idakorea.ee\/ru\/miniatuurid\/","title":{"rendered":"\u041c\u0438\u043d\u0438\u0430\u0442\u044e\u0440\u044b"},"content":{"rendered":"<p><\/p>\n\n\n\n<p><img fetchpriority=\"high\" decoding=\"async\" src=\"https:\/\/idakorea.ee\/wp-content\/uploads\/2024\/07\/ftyggf.png\" alt=\"Kas olete kunagi m\u00f5elnud, mis tunne oleks proovida Korea tooteid, ostmata kohe t\u00e4ism\u00f5\u00f5dus pakendit? Idakorea.ee siin selleks, et muuta see protsess v\u00f5imalikult mugavaks ja meeldivaks!\" width=\"2106\" height=\"738\"><\/p>\n\n\n\n<h3 class=\"wp-block-heading\">\u041f\u043e\u0447\u0435\u043c\u0443 \u0441\u0442\u043e\u0438\u0442 \u0432\u044b\u0431\u0440\u0430\u0442\u044c \u043c\u0438\u043d\u0438\u0430\u0442\u044e\u0440\u0443?<\/h3>\n\n\n\n<p><\/p>\n\n\n\n<p><strong>\u041c\u0438\u043d\u0438\u0430\u0442\u044e\u0440\u044b:<\/strong> \u041c\u044b \u0431\u0435\u0440\u0435\u043c \u043e\u0440\u0438\u0433\u0438\u043d\u0430\u043b\u044c\u043d\u0443\u044e \u0443\u043f\u0430\u043a\u043e\u0432\u043a\u0443 \u0438 \u0440\u0430\u0441\u0444\u0430\u0441\u043e\u0432\u044b\u0432\u0430\u0435\u043c \u043f\u0440\u043e\u0434\u0443\u043a\u0442\u044b \u0432 \u043c\u0438\u043d\u0438\u0430\u0442\u044e\u0440\u044b \u043f\u043e 20, 10 \u0438\u043b\u0438 5 \u043c\u043b. \u042d\u0442\u043e \u043f\u043e\u0437\u0432\u043e\u043b\u044f\u0435\u0442 \u043f\u0440\u043e\u0442\u0435\u0441\u0442\u0438\u0440\u043e\u0432\u0430\u0442\u044c \u043f\u0440\u043e\u0434\u0443\u043a\u0442 \u043f\u0435\u0440\u0435\u0434 \u043f\u043e\u043a\u0443\u043f\u043a\u043e\u0439 \u043f\u043e\u043b\u043d\u043e\u0440\u0430\u0437\u043c\u0435\u0440\u043d\u043e\u0439 \u0443\u043f\u0430\u043a\u043e\u0432\u043a\u0438.<\/p>\n\n\n\n<p><strong>\u0421\u0442\u0435\u0440\u0438\u043b\u0438\u0437\u0430\u0446\u0438\u044f \u0438 \u0431\u0435\u0437\u043e\u043f\u0430\u0441\u043d\u043e\u0441\u0442\u044c:<\/strong> \u0412\u0441\u0435 \u043c\u0438\u043d\u0438\u0430\u0442\u044e\u0440\u044b \u0443\u043f\u0430\u043a\u043e\u0432\u044b\u0432\u0430\u044e\u0442\u0441\u044f \u0432 \u0441\u0442\u0435\u0440\u0438\u043b\u044c\u043d\u044b\u0445 \u0443\u0441\u043b\u043e\u0432\u0438\u044f\u0445, \u0447\u0442\u043e\u0431\u044b \u0433\u0430\u0440\u0430\u043d\u0442\u0438\u0440\u043e\u0432\u0430\u0442\u044c \u0441\u043e\u0445\u0440\u0430\u043d\u0435\u043d\u0438\u0435 \u0432\u0441\u0435\u0445 \u043f\u043e\u043b\u0435\u0437\u043d\u044b\u0445 \u0441\u0432\u043e\u0439\u0441\u0442\u0432 \u0438 \u0431\u0435\u0437\u043e\u043f\u0430\u0441\u043d\u043e\u0441\u0442\u044c \u0438\u0441\u043f\u043e\u043b\u044c\u0437\u043e\u0432\u0430\u043d\u0438\u044f.<\/p>\n\n\n\n<p><strong>\u0423\u0434\u043e\u0431\u0441\u0442\u0432\u043e \u0438 \u044d\u043a\u043e\u043d\u043e\u043c\u0438\u044f:<\/strong> \u0422\u0435\u043f\u0435\u0440\u044c \u0432\u0430\u043c \u043d\u0435 \u043d\u0443\u0436\u043d\u043e \u0442\u0440\u0430\u0442\u0438\u0442\u044c \u0431\u043e\u043b\u044c\u0448\u0438\u0435 \u0441\u0443\u043c\u043c\u044b \u0434\u0435\u043d\u0435\u0433 \u043d\u0430 \u043f\u043e\u043b\u043d\u043e\u0440\u0430\u0437\u043c\u0435\u0440\u043d\u044b\u0435 \u0441\u0440\u0435\u0434\u0441\u0442\u0432\u0430, \u043a\u043e\u0442\u043e\u0440\u044b\u0435 \u043c\u043e\u0433\u0443\u0442 \u0432\u0430\u043c \u043d\u0435 \u043f\u043e\u0434\u043e\u0439\u0442\u0438. \u0421 \u043d\u0430\u0448\u0438\u043c\u0438 \u043c\u0438\u043d\u0438\u0430\u0442\u044e\u0440\u0430\u043c\u0438 \u0432\u044b \u0441\u043c\u043e\u0436\u0435\u0442\u0435 \u0441\u044d\u043a\u043e\u043d\u043e\u043c\u0438\u0442\u044c \u0434\u0435\u043d\u044c\u0433\u0438 \u0438 \u0432\u044b\u0431\u0440\u0430\u0442\u044c \u0442\u0435 \u0441\u0440\u0435\u0434\u0441\u0442\u0432\u0430, \u043a\u043e\u0442\u043e\u0440\u044b\u0435 \u0438\u0434\u0435\u0430\u043b\u044c\u043d\u043e \u043f\u043e\u0434\u0445\u043e\u0434\u044f\u0442 \u0432\u0430\u0448\u0435\u0439 \u043a\u043e\u0436\u0435.<\/p>\n\n\n\n<h3 class=\"wp-block-heading\">\u00a0<\/h3>\n<h3>\u041a\u0430\u043a \u0432\u044b\u0433\u043b\u044f\u0434\u044f\u0442 \u043c\u0438\u043d\u0438\u0430\u0442\u044e\u0440\u044b?<\/h3>\n<p>\u00a0<\/p>\n<p><img decoding=\"async\" src=\"https:\/\/idakorea.ee\/wp-content\/uploads\/2024\/07\/41vd83jvl9s._ac_uf8941000_ql80_-1-555x132.jpg\" alt=\"\" width=\"555\" height=\"132\" \/><\/p>\n\n\n\n<p>&nbsp;<\/p>\n\n\n\n<h3 class=\"wp-block-heading\">\u041a\u0430\u043a \u044d\u0442\u043e \u0440\u0430\u0431\u043e\u0442\u0430\u0435\u0442?<\/h3>\n\n\n\n<ol class=\"wp-block-list\">\n<li><strong>\u0412\u044b\u0431\u0435\u0440\u0438\u0442\u0435 \u043f\u0440\u043e\u0434\u0443\u043a\u0442:<\/strong> \u0412 \u043d\u0430\u0448\u0435\u043c \u043a\u0430\u0442\u0430\u043b\u043e\u0433\u0435 \u0432\u044b \u043d\u0430\u0439\u0434\u0435\u0442\u0435 \u0448\u0438\u0440\u043e\u043a\u0438\u0439 \u0430\u0441\u0441\u043e\u0440\u0442\u0438\u043c\u0435\u043d\u0442 \u0438\u0437\u0432\u0435\u0441\u0442\u043d\u044b\u0445 \u0438 \u043f\u0440\u043e\u0432\u0435\u0440\u0435\u043d\u043d\u044b\u0445 \u0431\u0440\u0435\u043d\u0434\u043e\u0432 \u043f\u043e \u0443\u0445\u043e\u0434\u0443 \u0437\u0430 \u043b\u0438\u0446\u043e\u043c.<\/li>\n\n\n\n<li><strong>\u0412\u044b\u0431\u0435\u0440\u0438\u0442\u0435 \u0433\u0440\u043e\u043c\u043a\u043e\u0441\u0442\u044c:<\/strong> \u041c\u044b \u043f\u0440\u0435\u0434\u043b\u0430\u0433\u0430\u0435\u043c \u043c\u0438\u043d\u0438\u0430\u0442\u044e\u0440\u044b \u043e\u0431\u044a\u0435\u043c\u043e\u043c 20 \u043c\u043b, 10 \u043c\u043b \u0438 5 \u043c\u043b. \u042d\u0442\u043e \u0443\u0434\u043e\u0431\u043d\u044b\u0439 \u0441\u043f\u043e\u0441\u043e\u0431 \u043f\u043e\u043f\u0440\u043e\u0431\u043e\u0432\u0430\u0442\u044c \u0441\u0440\u0430\u0437\u0443 \u043d\u0435\u0441\u043a\u043e\u043b\u044c\u043a\u043e \u043f\u0440\u043e\u0434\u0443\u043a\u0442\u043e\u0432.<\/li>\n\n\n\n<li><strong>\u0412\u043e\u0437\u044c\u043c\u0438\u0442\u0435 \u0441\u0432\u043e\u0439 \u043f\u0430\u043a\u0435\u0442:<\/strong> \u041c\u044b \u0442\u0449\u0430\u0442\u0435\u043b\u044c\u043d\u043e \u0443\u043f\u0430\u043a\u0443\u0435\u043c \u0432\u0430\u0448 \u0437\u0430\u043a\u0430\u0437 \u0438 \u0434\u043e\u0441\u0442\u0430\u0432\u0438\u043c \u0435\u0433\u043e \u0432\u0430\u043c \u043a\u0430\u043a \u043c\u043e\u0436\u043d\u043e \u0431\u044b\u0441\u0442\u0440\u0435\u0435.<\/li>\n<\/ol>\n\n\n\n<h3 class=\"wp-block-heading\">\u00a0<\/h3>\n<h3>\u041f\u0440\u0435\u0438\u043c\u0443\u0449\u0435\u0441\u0442\u0432\u0430 \u043c\u0438\u043d\u0438\u0430\u0442\u044e\u0440<\/h3>\n\n\n\n<ul class=\"wp-block-list\">\n<li><strong>\u042d\u043a\u043e\u043d\u043e\u043c\u0438\u043a\u0430:<\/strong> \u0412\u044b \u043c\u043e\u0436\u0435\u0442\u0435 \u043f\u043e\u043f\u0440\u043e\u0431\u043e\u0432\u0430\u0442\u044c \u043d\u0435\u0441\u043a\u043e\u043b\u044c\u043a\u043e \u0441\u0440\u0435\u0434\u0441\u0442\u0432, \u043d\u0435 \u0442\u0440\u0430\u0442\u044f \u043c\u043d\u043e\u0433\u043e \u0434\u0435\u043d\u0435\u0433, \u0447\u0442\u043e \u043f\u043e\u0437\u0432\u043e\u043b\u0438\u0442 \u0432\u0430\u043c \u043d\u0430\u0439\u0442\u0438 \u0438\u0434\u0435\u0430\u043b\u044c\u043d\u044b\u0439 \u0443\u0445\u043e\u0434 \u0434\u043b\u044f \u0432\u0430\u0448\u0435\u0439 \u043a\u043e\u0436\u0438 \u0431\u0435\u0437 \u043b\u0438\u0448\u043d\u0438\u0445 \u0437\u0430\u0442\u0440\u0430\u0442.<\/li>\n\n\n\n<li><strong>\u0413\u0438\u0431\u043a\u043e\u0441\u0442\u044c:<\/strong> \u041c\u0438\u043d\u0438\u0430\u0442\u044e\u0440\u044b \u0434\u0430\u044e\u0442 \u0432\u0430\u043c \u0432\u043e\u0437\u043c\u043e\u0436\u043d\u043e\u0441\u0442\u044c \u043f\u0440\u043e\u0442\u0435\u0441\u0442\u0438\u0440\u043e\u0432\u0430\u0442\u044c \u0440\u0430\u0437\u043b\u0438\u0447\u043d\u044b\u0435 \u043f\u0440\u043e\u0434\u0443\u043a\u0442\u044b \u0438 \u0432\u044b\u0431\u0440\u0430\u0442\u044c \u0442\u0435, \u043a\u043e\u0442\u043e\u0440\u044b\u0435 \u0432\u0430\u043c \u0434\u0435\u0439\u0441\u0442\u0432\u0438\u0442\u0435\u043b\u044c\u043d\u043e \u043d\u0440\u0430\u0432\u044f\u0442\u0441\u044f, \u0431\u0435\u0437 \u043d\u0435\u043e\u0431\u0445\u043e\u0434\u0438\u043c\u043e\u0441\u0442\u0438 \u043f\u043e\u043a\u0443\u043f\u0430\u0442\u044c \u043f\u043e\u043b\u043d\u043e\u0440\u0430\u0437\u043c\u0435\u0440\u043d\u044b\u0435 \u0432\u0435\u0440\u0441\u0438\u0438.<\/li>\n\n\n\n<li><strong>\u041f\u043e\u0440\u0442\u0430\u0442\u0438\u0432\u043d\u043e\u0441\u0442\u044c:<\/strong> \u041a\u043e\u043c\u043f\u0430\u043a\u0442\u043d\u044b\u0439 \u0440\u0430\u0437\u043c\u0435\u0440 \u043c\u0438\u043d\u0438\u0430\u0442\u044e\u0440 \u0434\u0435\u043b\u0430\u0435\u0442 \u0438\u0445 \u0438\u0434\u0435\u0430\u043b\u044c\u043d\u044b\u043c\u0438 \u0434\u043b\u044f \u043a\u043e\u0441\u043c\u0435\u0442\u0438\u0447\u043a\u0438, \u043f\u0443\u0442\u0435\u0448\u0435\u0441\u0442\u0432\u0438\u0439 \u0438 \u043f\u043e\u0432\u0441\u0435\u0434\u043d\u0435\u0432\u043d\u043e\u0433\u043e \u0438\u0441\u043f\u043e\u043b\u044c\u0437\u043e\u0432\u0430\u043d\u0438\u044f.<\/li>\n<\/ul>\n\n\n\n<h3 class=\"wp-block-heading\">\u00a0<\/h3>\n<h3>\u041f\u043e\u043f\u0440\u043e\u0431\u0443\u0439\u0442\u0435 \u0438 \u0440\u0435\u0448\u0438\u0442\u0435<\/h3>\n\n\n\n<p>\u0422\u0435\u043f\u0435\u0440\u044c \u0432\u044b \u043c\u043e\u0436\u0435\u0442\u0435 \u0431\u044b\u0442\u044c \u0443\u0432\u0435\u0440\u0435\u043d\u044b \u0432 \u0441\u0432\u043e\u0435\u043c \u0432\u044b\u0431\u043e\u0440\u0435 \u0435\u0449\u0435 \u0434\u043e \u043f\u043e\u043a\u0443\u043f\u043a\u0438 \u043f\u043e\u043b\u043d\u043e\u0440\u0430\u0437\u043c\u0435\u0440\u043d\u043e\u0433\u043e \u043f\u0440\u043e\u0434\u0443\u043a\u0442\u0430. \u041d\u0430\u0441\u043b\u0430\u0436\u0434\u0430\u0439\u0442\u0435\u0441\u044c \u0438\u0441\u043f\u043e\u043b\u044c\u0437\u043e\u0432\u0430\u043d\u0438\u0435\u043c \u043a\u0430\u0447\u0435\u0441\u0442\u0432\u0435\u043d\u043d\u043e\u0439 \u043a\u043e\u0441\u043c\u0435\u0442\u0438\u043a\u0438 \u0438 \u043d\u0430\u0439\u0434\u0438\u0442\u0435 \u0438\u0434\u0435\u0430\u043b\u044c\u043d\u044b\u0439 \u0443\u0445\u043e\u0434 \u0434\u043b\u044f \u0441\u0432\u043e\u0435\u0439 \u043a\u043e\u0436\u0438!<\/p>\n\n\n\n<p>&nbsp;<\/p>\n\n\n\n<h3>\u041c\u044b \u0440\u0430\u0434\u044b \u0432\u0438\u0434\u0435\u0442\u044c \u0432\u0430\u0441 \u0432 \u043d\u0430\u0448\u0435\u043c \u0438\u043d\u0442\u0435\u0440\u043d\u0435\u0442-\u043c\u0430\u0433\u0430\u0437\u0438\u043d\u0435 \u0438 \u0443\u0432\u0435\u0440\u0435\u043d\u044b, \u0447\u0442\u043e \u0432\u044b \u043e\u0441\u0442\u0430\u043d\u0435\u0442\u0435\u0441\u044c \u0434\u043e\u0432\u043e\u043b\u044c\u043d\u044b \u043d\u0430\u0448\u0438\u043c \u0441\u0435\u0440\u0432\u0438\u0441\u043e\u043c \u0438 \u043f\u0440\u043e\u0434\u0443\u043a\u0446\u0438\u0435\u0439!<\/h3>\n<p><strong>\n\n\n\n<\/strong><\/p>\n<p>\u00a0<\/p>\n<p><strong>\n\n\n\n<\/strong><\/p>\n<p>\u00a0<\/p>\n\n\n\n<p>&nbsp;<\/p>\n\n\n\n<p><\/p>","protected":false},"excerpt":{"rendered":"<p>\u041f\u043e\u0447\u0435\u043c\u0443 \u0441\u0442\u043e\u0438\u0442 \u0432\u044b\u0431\u0440\u0430\u0442\u044c \u043c\u0438\u043d\u0438\u0430\u0442\u044e\u0440\u0443? \u041c\u0438\u043d\u0438\u0430\u0442\u044e\u0440\u044b: \u043c\u044b \u0431\u0435\u0440\u0435\u043c \u043e\u0440\u0438\u0433\u0438\u043d\u0430\u043b\u044c\u043d\u0443\u044e \u0443\u043f\u0430\u043a\u043e\u0432\u043a\u0443 \u0438 \u0440\u0430\u0441\u0444\u0430\u0441\u043e\u0432\u044b\u0432\u0430\u0435\u043c \u043f\u0440\u043e\u0434\u0443\u043a\u0442\u044b \u0432 \u043c\u0438\u043d\u0438\u0430\u0442\u044e\u0440\u044b \u043f\u043e 20, 10 \u0438\u043b\u0438 5 \u043c\u043b. \u042d\u0442\u043e \u043f\u043e\u0437\u0432\u043e\u043b\u044f\u0435\u0442 \u043f\u0440\u043e\u0442\u0435\u0441\u0442\u0438\u0440\u043e\u0432\u0430\u0442\u044c \u043f\u0440\u043e\u0434\u0443\u043a\u0442 \u043f\u0435\u0440\u0435\u0434 \u043f\u043e\u043a\u0443\u043f\u043a\u043e\u0439 \u043f\u043e\u043b\u043d\u043e\u0440\u0430\u0437\u043c\u0435\u0440\u043d\u043e\u0439 \u0443\u043f\u0430\u043a\u043e\u0432\u043a\u0438. \u0421\u0442\u0435\u0440\u0438\u043b\u0438\u0437\u0430\u0446\u0438\u044f \u0438 \u0431\u0435\u0437\u043e\u043f\u0430\u0441\u043d\u043e\u0441\u0442\u044c: \u0432\u0441\u0435 \u043c\u0438\u043d\u0438\u0430\u0442\u044e\u0440\u044b \u0443\u043f\u0430\u043a\u043e\u0432\u044b\u0432\u0430\u044e\u0442\u0441\u044f \u0432 \u0441\u0442\u0435\u0440\u0438\u043b\u044c\u043d\u044b\u0445 \u0443\u0441\u043b\u043e\u0432\u0438\u044f\u0445, \u0447\u0442\u043e\u0431\u044b \u0433\u0430\u0440\u0430\u043d\u0442\u0438\u0440\u043e\u0432\u0430\u0442\u044c \u0441\u043e\u0445\u0440\u0430\u043d\u0435\u043d\u0438\u0435 \u0432\u0441\u0435\u0445 \u043f\u043e\u043b\u0435\u0437\u043d\u044b\u0445 \u0441\u0432\u043e\u0439\u0441\u0442\u0432 \u0438 \u0431\u0435\u0437\u043e\u043f\u0430\u0441\u043d\u043e\u0441\u0442\u044c \u0438\u0441\u043f\u043e\u043b\u044c\u0437\u043e\u0432\u0430\u043d\u0438\u044f. \u0423\u0434\u043e\u0431\u0441\u0442\u0432\u043e \u0438 \u044d\u043a\u043e\u043d\u043e\u043c\u0438\u044f....<\/p>","protected":false},"author":1,"featured_media":9070,"parent":0,"menu_order":0,"comment_status":"closed","ping_status":"closed","template":"","meta":{"_uf_show_specific_survey":0,"_uf_disable_surveys":false,"_bst_post_transparent":"","_bst_post_title":"","_bst_post_layout":"","_bst_post_sidebar_id":"","_bst_post_content_style":"","_bst_post_vertical_padding":"","_bst_post_feature":"","_bst_post_feature_position":"","_bst_post_header":false,"_bst_post_footer":false,"footnotes":""},"class_list":["post-9059","page","type-page","status-publish","has-post-thumbnail","hentry"],"yoast_head":"<!-- This site is optimized with the Yoast SEO plugin v27.2 - https:\/\/yoast.com\/product\/yoast-seo-wordpress\/ -->\n<title>Miniatuurid - IDA.KOREA<\/title>\n<meta name=\"description\" content=\"N\u00fc\u00fcd saate olla oma valikus kindel enne t\u00e4ism\u00f5\u00f5dus toote ostmist. Nautige kvaliteetse kosmeetika kasutamist ja leidke oma nahale ideaalne hooldus!\" \/>\n<meta name=\"robots\" content=\"index, follow, max-snippet:-1, max-image-preview:large, max-video-preview:-1\" \/>\n<link rel=\"canonical\" href=\"https:\/\/idakorea.ee\/ru\/miniatuurid\/\" \/>\n<meta property=\"og:locale\" content=\"ru_RU\" \/>\n<meta property=\"og:type\" content=\"article\" \/>\n<meta property=\"og:title\" content=\"Miniatuurid - IDA.KOREA\" \/>\n<meta property=\"og:description\" content=\"N\u00fc\u00fcd saate olla oma valikus kindel enne t\u00e4ism\u00f5\u00f5dus toote ostmist. Nautige kvaliteetse kosmeetika kasutamist ja leidke oma nahale ideaalne hooldus!\" \/>\n<meta property=\"og:url\" content=\"https:\/\/idakorea.ee\/ru\/miniatuurid\/\" \/>\n<meta property=\"og:site_name\" content=\"IDA.KOREA\" \/>\n<meta property=\"article:modified_time\" content=\"2024-10-04T13:04:00+00:00\" \/>\n<meta property=\"og:image\" content=\"https:\/\/idakorea.ee\/wp-content\/uploads\/2024\/07\/ddsaa-e1725444218132.png\" \/>\n\t<meta property=\"og:image:width\" content=\"997\" \/>\n\t<meta property=\"og:image:height\" content=\"744\" \/>\n\t<meta property=\"og:image:type\" content=\"image\/png\" \/>\n<meta name=\"twitter:card\" content=\"summary_large_image\" \/>\n<meta name=\"twitter:label1\" content=\"\u041f\u0440\u0438\u043c\u0435\u0440\u043d\u043e\u0435 \u0432\u0440\u0435\u043c\u044f \u0434\u043b\u044f \u0447\u0442\u0435\u043d\u0438\u044f\" \/>\n\t<meta name=\"twitter:data1\" content=\"2 \u043c\u0438\u043d\u0443\u0442\u044b\" \/>\n<script type=\"application\/ld+json\" class=\"yoast-schema-graph\">{\"@context\":\"https:\/\/schema.org\",\"@graph\":[{\"@type\":\"WebPage\",\"@id\":\"https:\/\/idakorea.ee\/miniatuurid\/\",\"url\":\"https:\/\/idakorea.ee\/miniatuurid\/\",\"name\":\"Miniatuurid - IDA.KOREA\",\"isPartOf\":{\"@id\":\"https:\/\/idakorea.ee\/#website\"},\"primaryImageOfPage\":{\"@id\":\"https:\/\/idakorea.ee\/miniatuurid\/#primaryimage\"},\"image\":{\"@id\":\"https:\/\/idakorea.ee\/miniatuurid\/#primaryimage\"},\"thumbnailUrl\":\"https:\/\/idakorea.ee\/wp-content\/uploads\/2024\/07\/ddsaa-e1725444218132.png\",\"datePublished\":\"2024-07-01T10:00:26+00:00\",\"dateModified\":\"2024-10-04T13:04:00+00:00\",\"description\":\"N\u00fc\u00fcd saate olla oma valikus kindel enne t\u00e4ism\u00f5\u00f5dus toote ostmist. Nautige kvaliteetse kosmeetika kasutamist ja leidke oma nahale ideaalne hooldus!\",\"breadcrumb\":{\"@id\":\"https:\/\/idakorea.ee\/miniatuurid\/#breadcrumb\"},\"inLanguage\":\"ru-RU\",\"potentialAction\":[{\"@type\":\"ReadAction\",\"target\":[\"https:\/\/idakorea.ee\/miniatuurid\/\"]}]},{\"@type\":\"ImageObject\",\"inLanguage\":\"ru-RU\",\"@id\":\"https:\/\/idakorea.ee\/miniatuurid\/#primaryimage\",\"url\":\"https:\/\/idakorea.ee\/wp-content\/uploads\/2024\/07\/ddsaa-e1725444218132.png\",\"contentUrl\":\"https:\/\/idakorea.ee\/wp-content\/uploads\/2024\/07\/ddsaa-e1725444218132.png\",\"width\":997,\"height\":744,\"caption\":\"miniatuurid Korea\"},{\"@type\":\"BreadcrumbList\",\"@id\":\"https:\/\/idakorea.ee\/miniatuurid\/#breadcrumb\",\"itemListElement\":[{\"@type\":\"ListItem\",\"position\":1,\"name\":\"\u0413\u043b\u0430\u0432\u043d\u0430\u044f \u0441\u0442\u0440\u0430\u043d\u0438\u0446\u0430\",\"item\":\"https:\/\/idakorea.ee\/\"},{\"@type\":\"ListItem\",\"position\":2,\"name\":\"Miniatuurid\"}]},{\"@type\":\"WebSite\",\"@id\":\"https:\/\/idakorea.ee\/#website\",\"url\":\"https:\/\/idakorea.ee\/\",\"name\":\"IDA.KOREA\",\"description\":\"Korea kosmeetika e-pood\",\"publisher\":{\"@id\":\"https:\/\/idakorea.ee\/#organization\"},\"alternateName\":\"Beauty Shop\",\"potentialAction\":[{\"@type\":\"SearchAction\",\"target\":{\"@type\":\"EntryPoint\",\"urlTemplate\":\"https:\/\/idakorea.ee\/?s={search_term_string}\"},\"query-input\":{\"@type\":\"PropertyValueSpecification\",\"valueRequired\":true,\"valueName\":\"search_term_string\"}}],\"inLanguage\":\"ru-RU\"},{\"@type\":\"Organization\",\"@id\":\"https:\/\/idakorea.ee\/#organization\",\"name\":\"IDA.KOREA\",\"url\":\"https:\/\/idakorea.ee\/\",\"logo\":{\"@type\":\"ImageObject\",\"inLanguage\":\"ru-RU\",\"@id\":\"https:\/\/idakorea.ee\/#\/schema\/logo\/image\/\",\"url\":\"https:\/\/idakorea.ee\/wp-content\/uploads\/2024\/05\/cropped-korea3.png\",\"contentUrl\":\"https:\/\/idakorea.ee\/wp-content\/uploads\/2024\/05\/cropped-korea3.png\",\"width\":688,\"height\":126,\"caption\":\"IDA.KOREA\"},\"image\":{\"@id\":\"https:\/\/idakorea.ee\/#\/schema\/logo\/image\/\"},\"sameAs\":[\"https:\/\/www.instagram.com\/ida.korea\/\"]}]}<\/script>\n<!-- \/ Yoast SEO plugin. -->","yoast_head_json":{"title":"\u041c\u0438\u043d\u0438\u0430\u0442\u044e\u0440\u044b - IDA.KOREA","description":"\u0422\u0435\u043f\u0435\u0440\u044c \u0432\u044b \u043c\u043e\u0436\u0435\u0442\u0435 \u0431\u044b\u0442\u044c \u0443\u0432\u0435\u0440\u0435\u043d\u044b \u0432 \u0441\u0432\u043e\u0435\u043c \u0432\u044b\u0431\u043e\u0440\u0435 \u0435\u0449\u0435 \u0434\u043e \u043f\u043e\u043a\u0443\u043f\u043a\u0438 \u043f\u043e\u043b\u043d\u043e\u0440\u0430\u0437\u043c\u0435\u0440\u043d\u043e\u0433\u043e \u043f\u0440\u043e\u0434\u0443\u043a\u0442\u0430. \u041d\u0430\u0441\u043b\u0430\u0436\u0434\u0430\u0439\u0442\u0435\u0441\u044c \u0438\u0441\u043f\u043e\u043b\u044c\u0437\u043e\u0432\u0430\u043d\u0438\u0435\u043c \u043a\u0430\u0447\u0435\u0441\u0442\u0432\u0435\u043d\u043d\u043e\u0439 \u043a\u043e\u0441\u043c\u0435\u0442\u0438\u043a\u0438 \u0438 \u043d\u0430\u0439\u0434\u0438\u0442\u0435 \u0438\u0434\u0435\u0430\u043b\u044c\u043d\u044b\u0439 \u0443\u0445\u043e\u0434 \u0434\u043b\u044f \u0441\u0432\u043e\u0435\u0439 \u043a\u043e\u0436\u0438!","robots":{"index":"index","follow":"follow","max-snippet":"max-snippet:-1","max-image-preview":"max-image-preview:large","max-video-preview":"max-video-preview:-1"},"canonical":"https:\/\/idakorea.ee\/ru\/miniatuurid\/","og_locale":"ru_RU","og_type":"article","og_title":"Miniatuurid - IDA.KOREA","og_description":"N\u00fc\u00fcd saate olla oma valikus kindel enne t\u00e4ism\u00f5\u00f5dus toote ostmist. Nautige kvaliteetse kosmeetika kasutamist ja leidke oma nahale ideaalne hooldus!","og_url":"https:\/\/idakorea.ee\/ru\/miniatuurid\/","og_site_name":"IDA.KOREA","article_modified_time":"2024-10-04T13:04:00+00:00","og_image":[{"width":997,"height":744,"url":"https:\/\/idakorea.ee\/wp-content\/uploads\/2024\/07\/ddsaa-e1725444218132.png","type":"image\/png"}],"twitter_card":"summary_large_image","twitter_misc":{"\u041f\u0440\u0438\u043c\u0435\u0440\u043d\u043e\u0435 \u0432\u0440\u0435\u043c\u044f \u0434\u043b\u044f \u0447\u0442\u0435\u043d\u0438\u044f":"2 \u043c\u0438\u043d\u0443\u0442\u044b"},"schema":{"@context":"https:\/\/schema.org","@graph":[{"@type":"WebPage","@id":"https:\/\/idakorea.ee\/miniatuurid\/","url":"https:\/\/idakorea.ee\/miniatuurid\/","name":"\u041c\u0438\u043d\u0438\u0430\u0442\u044e\u0440\u044b - IDA.KOREA","isPartOf":{"@id":"https:\/\/idakorea.ee\/#website"},"primaryImageOfPage":{"@id":"https:\/\/idakorea.ee\/miniatuurid\/#primaryimage"},"image":{"@id":"https:\/\/idakorea.ee\/miniatuurid\/#primaryimage"},"thumbnailUrl":"https:\/\/idakorea.ee\/wp-content\/uploads\/2024\/07\/ddsaa-e1725444218132.png","datePublished":"2024-07-01T10:00:26+00:00","dateModified":"2024-10-04T13:04:00+00:00","description":"\u0422\u0435\u043f\u0435\u0440\u044c \u0432\u044b \u043c\u043e\u0436\u0435\u0442\u0435 \u0431\u044b\u0442\u044c \u0443\u0432\u0435\u0440\u0435\u043d\u044b \u0432 \u0441\u0432\u043e\u0435\u043c \u0432\u044b\u0431\u043e\u0440\u0435 \u0435\u0449\u0435 \u0434\u043e \u043f\u043e\u043a\u0443\u043f\u043a\u0438 \u043f\u043e\u043b\u043d\u043e\u0440\u0430\u0437\u043c\u0435\u0440\u043d\u043e\u0433\u043e \u043f\u0440\u043e\u0434\u0443\u043a\u0442\u0430. \u041d\u0430\u0441\u043b\u0430\u0436\u0434\u0430\u0439\u0442\u0435\u0441\u044c \u0438\u0441\u043f\u043e\u043b\u044c\u0437\u043e\u0432\u0430\u043d\u0438\u0435\u043c \u043a\u0430\u0447\u0435\u0441\u0442\u0432\u0435\u043d\u043d\u043e\u0439 \u043a\u043e\u0441\u043c\u0435\u0442\u0438\u043a\u0438 \u0438 \u043d\u0430\u0439\u0434\u0438\u0442\u0435 \u0438\u0434\u0435\u0430\u043b\u044c\u043d\u044b\u0439 \u0443\u0445\u043e\u0434 \u0434\u043b\u044f \u0441\u0432\u043e\u0435\u0439 \u043a\u043e\u0436\u0438!","breadcrumb":{"@id":"https:\/\/idakorea.ee\/miniatuurid\/#breadcrumb"},"inLanguage":"ru-RU","potentialAction":[{"@type":"ReadAction","target":["https:\/\/idakorea.ee\/miniatuurid\/"]}]},{"@type":"ImageObject","inLanguage":"ru-RU","@id":"https:\/\/idakorea.ee\/miniatuurid\/#primaryimage","url":"https:\/\/idakorea.ee\/wp-content\/uploads\/2024\/07\/ddsaa-e1725444218132.png","contentUrl":"https:\/\/idakorea.ee\/wp-content\/uploads\/2024\/07\/ddsaa-e1725444218132.png","width":997,"height":744,"caption":"miniatuurid Korea"},{"@type":"BreadcrumbList","@id":"https:\/\/idakorea.ee\/miniatuurid\/#breadcrumb","itemListElement":[{"@type":"ListItem","position":1,"name":"\u0413\u043b\u0430\u0432\u043d\u0430\u044f \u0441\u0442\u0440\u0430\u043d\u0438\u0446\u0430","item":"https:\/\/idakorea.ee\/"},{"@type":"ListItem","position":2,"name":"Miniatuurid"}]},{"@type":"WebSite","@id":"https:\/\/idakorea.ee\/#website","url":"https:\/\/idakorea.ee\/","name":"\u0418\u0414\u0410.\u041a\u041e\u0420\u0415\u042f","description":"\u0418\u043d\u0442\u0435\u0440\u043d\u0435\u0442-\u043c\u0430\u0433\u0430\u0437\u0438\u043d \u043a\u043e\u0440\u0435\u0439\u0441\u043a\u043e\u0439 \u043a\u043e\u0441\u043c\u0435\u0442\u0438\u043a\u0438","publisher":{"@id":"https:\/\/idakorea.ee\/#organization"},"alternateName":"Beauty Shop","potentialAction":[{"@type":"SearchAction","target":{"@type":"EntryPoint","urlTemplate":"https:\/\/idakorea.ee\/?s={search_term_string}"},"query-input":{"@type":"PropertyValueSpecification","valueRequired":true,"valueName":"search_term_string"}}],"inLanguage":"ru-RU"},{"@type":"Organization","@id":"https:\/\/idakorea.ee\/#organization","name":"\u0418\u0414\u0410.\u041a\u041e\u0420\u0415\u042f","url":"https:\/\/idakorea.ee\/","logo":{"@type":"ImageObject","inLanguage":"ru-RU","@id":"https:\/\/idakorea.ee\/#\/schema\/logo\/image\/","url":"https:\/\/idakorea.ee\/wp-content\/uploads\/2024\/05\/cropped-korea3.png","contentUrl":"https:\/\/idakorea.ee\/wp-content\/uploads\/2024\/05\/cropped-korea3.png","width":688,"height":126,"caption":"IDA.KOREA"},"image":{"@id":"https:\/\/idakorea.ee\/#\/schema\/logo\/image\/"},"sameAs":["https:\/\/www.instagram.com\/ida.korea\/"]}]}},"jetpack_sharing_enabled":true,"_links":{"self":[{"href":"https:\/\/idakorea.ee\/ru\/wp-json\/wp\/v2\/pages\/9059","targetHints":{"allow":["GET"]}}],"collection":[{"href":"https:\/\/idakorea.ee\/ru\/wp-json\/wp\/v2\/pages"}],"about":[{"href":"https:\/\/idakorea.ee\/ru\/wp-json\/wp\/v2\/types\/page"}],"author":[{"embeddable":true,"href":"https:\/\/idakorea.ee\/ru\/wp-json\/wp\/v2\/users\/1"}],"replies":[{"embeddable":true,"href":"https:\/\/idakorea.ee\/ru\/wp-json\/wp\/v2\/comments?post=9059"}],"version-history":[{"count":3,"href":"https:\/\/idakorea.ee\/ru\/wp-json\/wp\/v2\/pages\/9059\/revisions"}],"predecessor-version":[{"id":13454,"href":"https:\/\/idakorea.ee\/ru\/wp-json\/wp\/v2\/pages\/9059\/revisions\/13454"}],"wp:featuredmedia":[{"embeddable":true,"href":"https:\/\/idakorea.ee\/ru\/wp-json\/wp\/v2\/media\/9070"}],"wp:attachment":[{"href":"https:\/\/idakorea.ee\/ru\/wp-json\/wp\/v2\/media?parent=9059"}],"curies":[{"name":"WP","href":"https:\/\/api.w.org\/{rel}","templated":true}]}}