{"id":10216,"date":"2024-08-27T14:30:13","date_gmt":"2024-08-27T11:30:13","guid":{"rendered":"https:\/\/idakorea.ee\/?post_type=product&#038;p=10216"},"modified":"2026-01-30T16:27:37","modified_gmt":"2026-01-30T14:27:37","slug":"komplekt-sum37-sun-away-multi-effect-sun-block-ad-special-set","status":"publish","type":"product","link":"https:\/\/idakorea.ee\/ru\/product\/komplekt-sum37-sun-away-multi-effect-sun-block-ad-special-set\/","title":{"rendered":"\u041d\u0430\u0431\u043e\u0440 SU:M37 Sun Away Multi Effect Sun Block AD Special Set"},"content":{"rendered":"<div class=\"flex-shrink-0 flex flex-col relative items-end\">\n<div>\n<div class=\"pt-0\">\n<div class=\"gizmo-bot-avatar flex h-8 w-8 items-center justify-center overflow-hidden rounded-full\"><\/div>\n<\/div>\n<\/div>\n<\/div>\n<div class=\"group\/conversation-turn relative flex w-full min-w-0 flex-col agent-turn\">\n<div class=\"flex-col gap-1 md:gap-3\">\n<div class=\"flex max-w-full flex-col flex-grow\">\n<div class=\"min-h-[20px] text-message flex w-full flex-col items-end gap-2 break-words [.text-message+&amp;]:mt-5 overflow-x-auto whitespace-normal\" dir=\"auto\" data-message-author-role=\"assistant\" data-message-id=\"88a3ce84-6e47-400a-a1b9-a6e107ba6876\">\n<div class=\"flex w-full flex-col gap-1 empty:hidden first:pt-[3px]\">\n<div class=\"markdown prose w-full break-words dark:prose-invert light\">\n<p><strong>Sun-Away Multi Effect Sun Block AD Set<\/strong> on t\u00e4iuslik p\u00e4ikesekaitses\u00fcsteem, mis on loodud naha kaitsmiseks kahjuliku ultraviolettkiirguse eest. Komplekt sisaldab j\u00e4rgmisi tooteid:<\/p>\n<p><strong>P\u00e4ikesekaitse kreem Su:m37 <\/strong><strong>Sun-Away Multi Effect Sun Block AD 50 ml + 35 ml:<\/strong><\/p>\n<ul>\n<li>K\u00f5rge kaitse tase UVA- ja UVB-kiirguse eest.<\/li>\n<li>Tagab naha niisutuse ja toitmise.<\/li>\n<li>Kerge tekstuur, mis ei j\u00e4ta nahale kleepuvat tunnet.<\/li>\n<\/ul>\n<p><strong style=\"font-family: var(--global-body-font-family);\">N\u00e4opuhastusvaht Su:m37 <\/strong><strong style=\"font-family: var(--global-body-font-family);\">Sun-Away Multi Effect Sun Block AD Cleansing Foam 40 ml:<\/strong><\/p>\n<ul>\n<li>Efektiivne naha puhastamine mustusest ja p\u00e4ikesekaitsekreemi j\u00e4\u00e4kidest.<\/li>\n<li>S\u00e4ilitab naha loomuliku niiskustasakaalu.<\/li>\n<li>Meeldiv tekstuur, mis hoolitseb \u00f5rnalt naha eest.<\/li>\n<\/ul>\n<p><strong>Mitsellaarvesi Su:m37 <\/strong><strong style=\"font-family: var(--global-body-font-family);\">Skin Saver Essential Pure Cleansing Water 100 ml\u00a0<\/strong><\/p>\n<ul>\n<li>Innovaatiline ja multifunktsionaalne puhastustoode. Selle \u00f5rn koostis eemaldab t\u00f5husalt meigi, mustuse ja p\u00e4ikesekaitsetoodete j\u00e4\u00e4gid, j\u00e4tmata nahka kuivaks v\u00f5i kiskuvaks.<\/li>\n<li>\u00dcks selle puhastusvee peamisi eeliseid on v\u00f5ime s\u00fcgavalt puhastada poore ja eemaldada liigset rasu, ennetades vistrike ja akne tekkimist.<\/li>\n<li>See aitab tasakaalustada naha loomulikku pH-taset, andes sellele terve ja v\u00e4rske v\u00e4ljan\u00e4gemise.<\/li>\n<\/ul>\n<\/div>\n<\/div>\n<\/div>\n<\/div>\n<\/div>\n<\/div>\n","protected":false},"excerpt":{"rendered":"<p>Sun-Away Multi Effect Sun Block AD Set - \u044d\u0442\u043e \u0438\u0434\u0435\u0430\u043b\u044c\u043d\u0430\u044f \u0441\u043e\u043b\u043d\u0446\u0435\u0437\u0430\u0449\u0438\u0442\u043d\u0430\u044f \u0441\u0438\u0441\u0442\u0435\u043c\u0430, \u043f\u0440\u0435\u0434\u043d\u0430\u0437\u043d\u0430\u0447\u0435\u043d\u043d\u0430\u044f \u0434\u043b\u044f \u0437\u0430\u0449\u0438\u0442\u044b \u043a\u043e\u0436\u0438 \u043e\u0442 \u0432\u0440\u0435\u0434\u043d\u044b\u0445 \u0443\u043b\u044c\u0442\u0440\u0430\u0444\u0438\u043e\u043b\u0435\u0442\u043e\u0432\u044b\u0445 \u043b\u0443\u0447\u0435\u0439. \u0412 \u043d\u0430\u0431\u043e\u0440 \u0432\u0445\u043e\u0434\u044f\u0442 \u0441\u043b\u0435\u0434\u0443\u044e\u0449\u0438\u0435 \u0441\u0440\u0435\u0434\u0441\u0442\u0432\u0430.  \u0417\u0430\u0449\u0438\u0442\u0430 \u043e\u0442 \u0443\u043b\u044c\u0442\u0440\u0430\u0444\u0438\u043e\u043b\u0435\u0442\u043e\u0432\u044b\u0445 \u043b\u0443\u0447\u0435\u0439 UVA, UVB \u0438 UVB.....<\/p>","protected":false},"featured_media":10218,"comment_status":"open","ping_status":"closed","template":"","meta":{"_uf_show_specific_survey":0,"_uf_disable_surveys":false,"_bst_post_transparent":"default","_bst_post_title":"","_bst_post_layout":"default","_bst_post_sidebar_id":"","_bst_post_content_style":"default","_bst_post_vertical_padding":"default","_bst_post_feature":"","_bst_post_feature_position":"","_bst_post_header":false,"_bst_post_footer":false},"pwb-brand":[109],"product_brand":[],"product_cat":[95,92,101],"product_tag":[233,377,202,465,473,591,589],"class_list":{"0":"post-10216","1":"product","2":"type-product","3":"status-publish","4":"has-post-thumbnail","6":"pwb-brand-sum37","7":"product_cat-komplektid","8":"product_cat-nagu","9":"product_cat-paikesekaitse","10":"product_tag-internet-pood-eesti","11":"product_tag-k-beauty-2","12":"product_tag-korea-kosmeetika","13":"product_tag-korea-lux","14":"product_tag-korea-premium","15":"product_tag-sum37","16":"product_tag-suncream","18":"first","19":"instock","20":"sale","21":"shipping-taxable","22":"purchasable","23":"product-type-simple","24":"entry","25":"content-bg","26":"loop-entry"},"supplier_id":null,"supplier_sku":"","barcode":null,"atum_controlled":true,"out_stock_date":null,"out_stock_threshold":null,"inheritable":false,"inbound_stock":0,"stock_on_hold":0,"sold_today":0,"sales_last_days":0,"out_stock_days":0,"lost_sales":0,"has_location":false,"update_date":"2026-04-14T00:05:04","atum_locations":[],"atum_stock_status":"instock","restock_status":false,"low_stock_amount":"","sales_update_date":"2026-04-14T00:05:04","calc_backorders":null,"yoast_head":"<!-- This site is optimized with the Yoast SEO plugin v27.2 - https:\/\/yoast.com\/product\/yoast-seo-wordpress\/ -->\n<title>Komplekt SU:M37 Sun Away Multi Effect Sun Block AD Special Set - IDA.KOREA<\/title>\n<meta name=\"description\" content=\"Sun-Away Multi Effect Sun Block AD Set on t\u00e4iuslik p\u00e4ikesekaitses\u00fcsteem, mis on loodud naha kaitsmiseks kahjuliku ultraviolettkiirguse eest.\" \/>\n<meta name=\"robots\" content=\"index, follow, max-snippet:-1, max-image-preview:large, max-video-preview:-1\" \/>\n<link rel=\"canonical\" href=\"https:\/\/idakorea.ee\/ru\/product\/komplekt-sum37-sun-away-multi-effect-sun-block-ad-special-set\/\" \/>\n<meta property=\"og:locale\" content=\"ru_RU\" \/>\n<meta property=\"og:type\" content=\"article\" \/>\n<meta property=\"og:title\" content=\"Komplekt SU:M37 Sun Away Multi Effect Sun Block AD Special Set - IDA.KOREA\" \/>\n<meta property=\"og:description\" content=\"Sun-Away Multi Effect Sun Block AD Set on t\u00e4iuslik p\u00e4ikesekaitses\u00fcsteem, mis on loodud naha kaitsmiseks kahjuliku ultraviolettkiirguse eest.\" \/>\n<meta property=\"og:url\" content=\"https:\/\/idakorea.ee\/ru\/product\/komplekt-sum37-sun-away-multi-effect-sun-block-ad-special-set\/\" \/>\n<meta property=\"og:site_name\" content=\"IDA.KOREA\" \/>\n<meta property=\"article:modified_time\" content=\"2026-01-30T14:27:37+00:00\" \/>\n<meta property=\"og:image\" content=\"https:\/\/idakorea.ee\/wp-content\/uploads\/2024\/08\/sum.jpg\" \/>\n\t<meta property=\"og:image:width\" content=\"800\" \/>\n\t<meta property=\"og:image:height\" content=\"677\" \/>\n\t<meta property=\"og:image:type\" content=\"image\/jpeg\" \/>\n<meta name=\"twitter:card\" content=\"summary_large_image\" \/>\n<meta name=\"twitter:label1\" content=\"\u041f\u0440\u0438\u043c\u0435\u0440\u043d\u043e\u0435 \u0432\u0440\u0435\u043c\u044f \u0434\u043b\u044f \u0447\u0442\u0435\u043d\u0438\u044f\" \/>\n\t<meta name=\"twitter:data1\" content=\"1 \u043c\u0438\u043d\u0443\u0442\u0430\" \/>\n<script type=\"application\/ld+json\" class=\"yoast-schema-graph\">{\"@context\":\"https:\/\/schema.org\",\"@graph\":[{\"@type\":\"WebPage\",\"@id\":\"https:\/\/idakorea.ee\/product\/komplekt-sum37-sun-away-multi-effect-sun-block-ad-special-set\/\",\"url\":\"https:\/\/idakorea.ee\/product\/komplekt-sum37-sun-away-multi-effect-sun-block-ad-special-set\/\",\"name\":\"Komplekt SU:M37 Sun Away Multi Effect Sun Block AD Special Set - IDA.KOREA\",\"isPartOf\":{\"@id\":\"https:\/\/idakorea.ee\/#website\"},\"primaryImageOfPage\":{\"@id\":\"https:\/\/idakorea.ee\/product\/komplekt-sum37-sun-away-multi-effect-sun-block-ad-special-set\/#primaryimage\"},\"image\":{\"@id\":\"https:\/\/idakorea.ee\/product\/komplekt-sum37-sun-away-multi-effect-sun-block-ad-special-set\/#primaryimage\"},\"thumbnailUrl\":\"https:\/\/idakorea.ee\/wp-content\/uploads\/2024\/08\/sum.jpg\",\"datePublished\":\"2024-08-27T11:30:13+00:00\",\"dateModified\":\"2026-01-30T14:27:37+00:00\",\"description\":\"Sun-Away Multi Effect Sun Block AD Set on t\u00e4iuslik p\u00e4ikesekaitses\u00fcsteem, mis on loodud naha kaitsmiseks kahjuliku ultraviolettkiirguse eest.\",\"breadcrumb\":{\"@id\":\"https:\/\/idakorea.ee\/product\/komplekt-sum37-sun-away-multi-effect-sun-block-ad-special-set\/#breadcrumb\"},\"inLanguage\":\"ru-RU\",\"potentialAction\":[{\"@type\":\"ReadAction\",\"target\":[\"https:\/\/idakorea.ee\/product\/komplekt-sum37-sun-away-multi-effect-sun-block-ad-special-set\/\"]}]},{\"@type\":\"ImageObject\",\"inLanguage\":\"ru-RU\",\"@id\":\"https:\/\/idakorea.ee\/product\/komplekt-sum37-sun-away-multi-effect-sun-block-ad-special-set\/#primaryimage\",\"url\":\"https:\/\/idakorea.ee\/wp-content\/uploads\/2024\/08\/sum.jpg\",\"contentUrl\":\"https:\/\/idakorea.ee\/wp-content\/uploads\/2024\/08\/sum.jpg\",\"width\":800,\"height\":677},{\"@type\":\"BreadcrumbList\",\"@id\":\"https:\/\/idakorea.ee\/product\/komplekt-sum37-sun-away-multi-effect-sun-block-ad-special-set\/#breadcrumb\",\"itemListElement\":[{\"@type\":\"ListItem\",\"position\":1,\"name\":\"\u0413\u043b\u0430\u0432\u043d\u0430\u044f \u0441\u0442\u0440\u0430\u043d\u0438\u0446\u0430\",\"item\":\"https:\/\/idakorea.ee\/\"},{\"@type\":\"ListItem\",\"position\":2,\"name\":\"Shop\",\"item\":\"https:\/\/idakorea.ee\/shop-2\/\"},{\"@type\":\"ListItem\",\"position\":3,\"name\":\"Komplekt SU:M37 Sun Away Multi Effect Sun Block AD Special Set\"}]},{\"@type\":\"WebSite\",\"@id\":\"https:\/\/idakorea.ee\/#website\",\"url\":\"https:\/\/idakorea.ee\/\",\"name\":\"IDA.KOREA\",\"description\":\"Korea kosmeetika e-pood\",\"publisher\":{\"@id\":\"https:\/\/idakorea.ee\/#organization\"},\"alternateName\":\"Beauty Shop\",\"potentialAction\":[{\"@type\":\"SearchAction\",\"target\":{\"@type\":\"EntryPoint\",\"urlTemplate\":\"https:\/\/idakorea.ee\/?s={search_term_string}\"},\"query-input\":{\"@type\":\"PropertyValueSpecification\",\"valueRequired\":true,\"valueName\":\"search_term_string\"}}],\"inLanguage\":\"ru-RU\"},{\"@type\":\"Organization\",\"@id\":\"https:\/\/idakorea.ee\/#organization\",\"name\":\"IDA.KOREA\",\"url\":\"https:\/\/idakorea.ee\/\",\"logo\":{\"@type\":\"ImageObject\",\"inLanguage\":\"ru-RU\",\"@id\":\"https:\/\/idakorea.ee\/#\/schema\/logo\/image\/\",\"url\":\"https:\/\/idakorea.ee\/wp-content\/uploads\/2024\/05\/cropped-korea3.png\",\"contentUrl\":\"https:\/\/idakorea.ee\/wp-content\/uploads\/2024\/05\/cropped-korea3.png\",\"width\":688,\"height\":126,\"caption\":\"IDA.KOREA\"},\"image\":{\"@id\":\"https:\/\/idakorea.ee\/#\/schema\/logo\/image\/\"},\"sameAs\":[\"https:\/\/www.instagram.com\/ida.korea\/\"]}]}<\/script>\n<!-- \/ Yoast SEO plugin. -->","yoast_head_json":{"title":"\u041d\u0430\u0431\u043e\u0440 SU:M37 Sun Away Multi Effect Sun Block AD Special Set - IDA.KOREA","description":"Sun-Away Multi Effect Sun Block AD Set - \u0438\u0434\u0435\u0430\u043b\u044c\u043d\u0430\u044f \u0441\u043e\u043b\u043d\u0446\u0435\u0437\u0430\u0449\u0438\u0442\u043d\u0430\u044f \u0441\u0438\u0441\u0442\u0435\u043c\u0430, \u043f\u0440\u0435\u0434\u043d\u0430\u0437\u043d\u0430\u0447\u0435\u043d\u043d\u0430\u044f \u0434\u043b\u044f \u0437\u0430\u0449\u0438\u0442\u044b \u043a\u043e\u0436\u0438 \u043e\u0442 \u0432\u0440\u0435\u0434\u043d\u044b\u0445 \u0443\u043b\u044c\u0442\u0440\u0430\u0444\u0438\u043e\u043b\u0435\u0442\u043e\u0432\u044b\u0445 \u043b\u0443\u0447\u0435\u0439.","robots":{"index":"index","follow":"follow","max-snippet":"max-snippet:-1","max-image-preview":"max-image-preview:large","max-video-preview":"max-video-preview:-1"},"canonical":"https:\/\/idakorea.ee\/ru\/product\/komplekt-sum37-sun-away-multi-effect-sun-block-ad-special-set\/","og_locale":"ru_RU","og_type":"article","og_title":"Komplekt SU:M37 Sun Away Multi Effect Sun Block AD Special Set - IDA.KOREA","og_description":"Sun-Away Multi Effect Sun Block AD Set on t\u00e4iuslik p\u00e4ikesekaitses\u00fcsteem, mis on loodud naha kaitsmiseks kahjuliku ultraviolettkiirguse eest.","og_url":"https:\/\/idakorea.ee\/ru\/product\/komplekt-sum37-sun-away-multi-effect-sun-block-ad-special-set\/","og_site_name":"IDA.KOREA","article_modified_time":"2026-01-30T14:27:37+00:00","og_image":[{"width":800,"height":677,"url":"https:\/\/idakorea.ee\/wp-content\/uploads\/2024\/08\/sum.jpg","type":"image\/jpeg"}],"twitter_card":"summary_large_image","twitter_misc":{"\u041f\u0440\u0438\u043c\u0435\u0440\u043d\u043e\u0435 \u0432\u0440\u0435\u043c\u044f \u0434\u043b\u044f \u0447\u0442\u0435\u043d\u0438\u044f":"1 \u043c\u0438\u043d\u0443\u0442\u0430"},"schema":{"@context":"https:\/\/schema.org","@graph":[{"@type":"WebPage","@id":"https:\/\/idakorea.ee\/product\/komplekt-sum37-sun-away-multi-effect-sun-block-ad-special-set\/","url":"https:\/\/idakorea.ee\/product\/komplekt-sum37-sun-away-multi-effect-sun-block-ad-special-set\/","name":"\u041d\u0430\u0431\u043e\u0440 SU:M37 Sun Away Multi Effect Sun Block AD Special Set - IDA.KOREA","isPartOf":{"@id":"https:\/\/idakorea.ee\/#website"},"primaryImageOfPage":{"@id":"https:\/\/idakorea.ee\/product\/komplekt-sum37-sun-away-multi-effect-sun-block-ad-special-set\/#primaryimage"},"image":{"@id":"https:\/\/idakorea.ee\/product\/komplekt-sum37-sun-away-multi-effect-sun-block-ad-special-set\/#primaryimage"},"thumbnailUrl":"https:\/\/idakorea.ee\/wp-content\/uploads\/2024\/08\/sum.jpg","datePublished":"2024-08-27T11:30:13+00:00","dateModified":"2026-01-30T14:27:37+00:00","description":"Sun-Away Multi Effect Sun Block AD Set - \u0438\u0434\u0435\u0430\u043b\u044c\u043d\u0430\u044f \u0441\u043e\u043b\u043d\u0446\u0435\u0437\u0430\u0449\u0438\u0442\u043d\u0430\u044f \u0441\u0438\u0441\u0442\u0435\u043c\u0430, \u043f\u0440\u0435\u0434\u043d\u0430\u0437\u043d\u0430\u0447\u0435\u043d\u043d\u0430\u044f \u0434\u043b\u044f \u0437\u0430\u0449\u0438\u0442\u044b \u043a\u043e\u0436\u0438 \u043e\u0442 \u0432\u0440\u0435\u0434\u043d\u044b\u0445 \u0443\u043b\u044c\u0442\u0440\u0430\u0444\u0438\u043e\u043b\u0435\u0442\u043e\u0432\u044b\u0445 \u043b\u0443\u0447\u0435\u0439.","breadcrumb":{"@id":"https:\/\/idakorea.ee\/product\/komplekt-sum37-sun-away-multi-effect-sun-block-ad-special-set\/#breadcrumb"},"inLanguage":"ru-RU","potentialAction":[{"@type":"ReadAction","target":["https:\/\/idakorea.ee\/product\/komplekt-sum37-sun-away-multi-effect-sun-block-ad-special-set\/"]}]},{"@type":"ImageObject","inLanguage":"ru-RU","@id":"https:\/\/idakorea.ee\/product\/komplekt-sum37-sun-away-multi-effect-sun-block-ad-special-set\/#primaryimage","url":"https:\/\/idakorea.ee\/wp-content\/uploads\/2024\/08\/sum.jpg","contentUrl":"https:\/\/idakorea.ee\/wp-content\/uploads\/2024\/08\/sum.jpg","width":800,"height":677},{"@type":"BreadcrumbList","@id":"https:\/\/idakorea.ee\/product\/komplekt-sum37-sun-away-multi-effect-sun-block-ad-special-set\/#breadcrumb","itemListElement":[{"@type":"ListItem","position":1,"name":"\u0413\u043b\u0430\u0432\u043d\u0430\u044f \u0441\u0442\u0440\u0430\u043d\u0438\u0446\u0430","item":"https:\/\/idakorea.ee\/"},{"@type":"ListItem","position":2,"name":"Shop","item":"https:\/\/idakorea.ee\/shop-2\/"},{"@type":"ListItem","position":3,"name":"Komplekt SU:M37 Sun Away Multi Effect Sun Block AD Special Set"}]},{"@type":"WebSite","@id":"https:\/\/idakorea.ee\/#website","url":"https:\/\/idakorea.ee\/","name":"\u0418\u0414\u0410.\u041a\u041e\u0420\u0415\u042f","description":"\u0418\u043d\u0442\u0435\u0440\u043d\u0435\u0442-\u043c\u0430\u0433\u0430\u0437\u0438\u043d \u043a\u043e\u0440\u0435\u0439\u0441\u043a\u043e\u0439 \u043a\u043e\u0441\u043c\u0435\u0442\u0438\u043a\u0438","publisher":{"@id":"https:\/\/idakorea.ee\/#organization"},"alternateName":"Beauty Shop","potentialAction":[{"@type":"SearchAction","target":{"@type":"EntryPoint","urlTemplate":"https:\/\/idakorea.ee\/?s={search_term_string}"},"query-input":{"@type":"PropertyValueSpecification","valueRequired":true,"valueName":"search_term_string"}}],"inLanguage":"ru-RU"},{"@type":"Organization","@id":"https:\/\/idakorea.ee\/#organization","name":"\u0418\u0414\u0410.\u041a\u041e\u0420\u0415\u042f","url":"https:\/\/idakorea.ee\/","logo":{"@type":"ImageObject","inLanguage":"ru-RU","@id":"https:\/\/idakorea.ee\/#\/schema\/logo\/image\/","url":"https:\/\/idakorea.ee\/wp-content\/uploads\/2024\/05\/cropped-korea3.png","contentUrl":"https:\/\/idakorea.ee\/wp-content\/uploads\/2024\/05\/cropped-korea3.png","width":688,"height":126,"caption":"IDA.KOREA"},"image":{"@id":"https:\/\/idakorea.ee\/#\/schema\/logo\/image\/"},"sameAs":["https:\/\/www.instagram.com\/ida.korea\/"]}]}},"jetpack_sharing_enabled":true,"brands":[{"id":109,"name":"SUM37","slug":"sum37"}],"_links":{"self":[{"href":"https:\/\/idakorea.ee\/ru\/wp-json\/wp\/v2\/product\/10216","targetHints":{"allow":["GET"]}}],"collection":[{"href":"https:\/\/idakorea.ee\/ru\/wp-json\/wp\/v2\/product"}],"about":[{"href":"https:\/\/idakorea.ee\/ru\/wp-json\/wp\/v2\/types\/product"}],"replies":[{"embeddable":true,"href":"https:\/\/idakorea.ee\/ru\/wp-json\/wp\/v2\/comments?post=10216"}],"version-history":[{"count":2,"href":"https:\/\/idakorea.ee\/ru\/wp-json\/wp\/v2\/product\/10216\/revisions"}],"predecessor-version":[{"id":15517,"href":"https:\/\/idakorea.ee\/ru\/wp-json\/wp\/v2\/product\/10216\/revisions\/15517"}],"wp:featuredmedia":[{"embeddable":true,"href":"https:\/\/idakorea.ee\/ru\/wp-json\/wp\/v2\/media\/10218"}],"wp:attachment":[{"href":"https:\/\/idakorea.ee\/ru\/wp-json\/wp\/v2\/media?parent=10216"}],"wp:term":[{"taxonomy":"pwb-brand","embeddable":true,"href":"https:\/\/idakorea.ee\/ru\/wp-json\/wp\/v2\/pwb-brand?post=10216"},{"taxonomy":"product_brand","embeddable":true,"href":"https:\/\/idakorea.ee\/ru\/wp-json\/wp\/v2\/product_brand?post=10216"},{"taxonomy":"product_cat","embeddable":true,"href":"https:\/\/idakorea.ee\/ru\/wp-json\/wp\/v2\/product_cat?post=10216"},{"taxonomy":"product_tag","embeddable":true,"href":"https:\/\/idakorea.ee\/ru\/wp-json\/wp\/v2\/product_tag?post=10216"}],"curies":[{"name":"WP","href":"https:\/\/api.w.org\/{rel}","templated":true}]}}