{"id":10525,"date":"2024-09-09T10:56:45","date_gmt":"2024-09-09T08:56:45","guid":{"rendered":"https:\/\/idakorea.ee\/?post_type=product&#038;p=10525"},"modified":"2026-04-13T18:59:25","modified_gmt":"2026-04-13T16:59:25","slug":"savimask-skin1004-poremizing-quick-clay-stick-mask-27g","status":"publish","type":"product","link":"https:\/\/idakorea.ee\/ru\/product\/savimask-skin1004-poremizing-quick-clay-stick-mask-27g\/","title":{"rendered":"\u0413\u043b\u0438\u043d\u044f\u043d\u0430\u044f \u043c\u0430\u0441\u043a\u0430 \u0434\u043b\u044f \u043e\u0447\u0438\u0449\u0435\u043d\u0438\u044f \u043f\u043e\u0440 \u0432 \u0444\u043e\u0440\u043c\u0430\u0442\u0435 \u0441\u0442\u0438\u043a\u0430 SKIN1004 Poremizing Quick Clay Stick Mask, 27 \u0433"},"content":{"rendered":"<div class=\"flex max-w-full flex-col flex-grow\">\n<div class=\"min-h-[20px] text-message flex w-full flex-col items-end gap-2 whitespace-normal break-words [.text-message+&amp;]:mt-5\" dir=\"auto\" data-message-author-role=\"assistant\" data-message-id=\"042c9992-88ee-4f4f-91df-6de1cb679a9a\">\n<div class=\"flex w-full flex-col gap-1 empty:hidden first:pt-[3px]\">\n<div class=\"markdown prose w-full break-words dark:prose-invert light\">\n<p><strong>SKIN1004 Poremizing Quick Clay Stick Mask<\/strong> pooride puhastamiseks m\u00f5eldud savimask pulga formaadis sobib ideaalselt ekspresshooldusena, tuues naha kiiresti korda, siludes mikroleevendust ja pehmendades nahka. Mask tungib s\u00fcgavale pooridesse, ahendab neid, eemaldab mustuse, lahustab komedoone ja rasukorke. Samuti helendab rasuj\u00e4lgi ning aitab t\u00f5husalt v\u00f5idelda mustade t\u00e4ppidega.<\/p>\n<p>Toode reguleerib rasun\u00e4\u00e4rmete t\u00f6\u00f6d, v\u00e4hendab rasueritust p\u00e4eva jooksul ning annab suurep\u00e4rase matistava efekti. Sellel on tugev p\u00f5letikuvastane toime ja see soodustab p\u00f5letike paranemist.<\/p>\n<p>Unikaalne pulgakujuline vorm v\u00f5imaldab maski mugavalt nahale kanda ja \u00fchtlaselt jaotada, samuti teha \u00f5rna massaa\u017ei piirkondades, mis vajavad erilist t\u00e4helepanu. Kerge ja kompaktne pulk sobib ideaalselt reisile kaasa v\u00f5tmiseks, v\u00f5tab minimaalselt ruumi ning on v\u00e4ga lihtne kasutada.<\/p>\n<p><strong>Peamised toimeained:<\/strong><\/p>\n<ul>\n<li><strong>Kaoliin (18%)<\/strong> puhastab t\u00f5husalt, kuivatab ja leevendab p\u00f5letikke, stimuleerib rakkude uuenemist, imab toksiine ja teisi kahjulikke aineid naha pinnalt. Pehmendab, parandab jume ning rikastab nahka kasulike mineraalidega.<\/li>\n<li><strong>Kalamiiin<\/strong> v\u00e4hendab liigset rasueritust, rahustab \u00e4rritust ja p\u00f5letikke. Sellel on desinfitseeriv ja antiseptiline toime ning see aitab t\u00f5husalt aknet ravida.<\/li>\n<li><strong>Peeneks jahvatatud adzukioad<\/strong> reguleerivad rasueritust, parandavad naha elastsust ja kaitsevad vabade radikaalide eest.<\/li>\n<li><strong>Aasia vesinaba ekstrakt (4.9%)<\/strong>, mis on kogutud \u00f6koloogiliselt puhtalt Madagaskari alalt, rahustab, leevendab \u00e4rritust ja punetust, tugevdab veresoonte seinu, v\u00e4hendab turseid ja kuperoosa m\u00e4rke ning parandab naha elastsust.<\/li>\n<li><strong>Aaloe vera ekstrakt<\/strong> niisutab, rahustab ja pehmendab nahka, omab p\u00f5letikuvastast toimet ja kiirendab mikrokahjustuste ning haavade paranemist.<\/li>\n<li><strong>Mineraalsoolad<\/strong> eemaldavad mustuse, tolmu, surnud naharakud ja liigse rasu naha pinnalt ja s\u00fcgavatest kihtidest, tugevdavad naha kaitsefunktsioone ning rikastavad seda mineraalide ja mikroelementidega, et s\u00e4ilitada naha tervis.<\/li>\n<\/ul>\n<p>Sobib kombineeritud ja rasusele nahale.<\/p>\n<p><strong>Kasutamine:<\/strong> kandke vajalik kogus toodet nahale, p\u00f6\u00f6rates erilist t\u00e4helepanu T-tsoonile. J\u00e4tke nahale 2-3 minutiks, kuni mask on t\u00e4ielikult kuivanud, seej\u00e4rel loputage j\u00e4\u00e4gid veega. Tugevama tulemuse saavutamiseks v\u00f5ib maski nahal hoida 10-15 minutit<\/p>\n<\/div>\n<\/div>\n<\/div>\n<\/div>\n","protected":false},"excerpt":{"rendered":"<p>SKIN1004 Poremizing Quick Clay Stick Mask - \u0433\u043b\u0438\u043d\u044f\u043d\u0430\u044f \u043c\u0430\u0441\u043a\u0430 \u0432 \u0444\u043e\u0440\u043c\u0430\u0442\u0435 \u0441\u0442\u0438\u043a\u0430 \u0434\u043b\u044f \u043e\u0447\u0438\u0449\u0435\u043d\u0438\u044f \u043f\u043e\u0440, \u0438\u0434\u0435\u0430\u043b\u044c\u043d\u0430 \u0432 \u043a\u0430\u0447\u0435\u0441\u0442\u0432\u0435 \u044d\u043a\u0441\u043f\u0440\u0435\u0441\u0441-\u0443\u0445\u043e\u0434\u0430, \u0431\u044b\u0441\u0442\u0440\u043e \u043f\u0440\u0438\u0432\u043e\u0434\u0438\u0442 \u043a\u043e\u0436\u0443 \u0432 \u043f\u043e\u0440\u044f\u0434\u043e\u043a, \u0440\u0430\u0437\u0433\u043b\u0430\u0436\u0438\u0432\u0430\u0435\u0442 \u043c\u0438\u043a\u0440\u043e\u043d\u0435\u0440\u043e\u0432\u043d\u043e\u0441\u0442\u0438 \u0438 \u0441\u043c\u044f\u0433\u0447\u0430\u0435\u0442 \u0435\u0435. \u041c\u0430\u0441\u043a\u0430 \u043f\u0440\u043e\u043d\u0438\u043a\u0430\u0435\u0442 \u0433\u043b\u0443\u0431\u043e\u043a\u043e \u0432 \u043f\u043e\u0440\u044b, \u0441\u0442\u044f\u0433\u0438\u0432\u0430\u0435\u0442 \u0438\u0445, \u0443\u0434\u0430\u043b\u044f\u0435\u0442 \u0437\u0430\u0433\u0440\u044f\u0437\u043d\u0435\u043d\u0438\u044f, \u0440\u0430\u0441\u0442\u0432\u043e\u0440\u044f\u0435\u0442 \u043a\u043e\u043c\u0435\u0434\u043e\u043d\u044b \u0438 \u0436\u0438\u0440\u043e\u0432\u044b\u0435 \u043e\u0442\u043b\u043e\u0436\u0435\u043d\u0438\u044f. \u041e\u043d\u0430 \u0442\u0430\u043a\u0436\u0435 \u043e\u0441\u0432\u0435\u0442\u043b\u044f\u0435\u0442 \u0436\u0438\u0440\u043d\u044b\u0435 \u043f\u044f\u0442\u043d\u0430 \u0438 \u044d\u0444\u0444\u0435\u043a\u0442\u0438\u0432\u043d\u043e \u0431\u043e\u0440\u0435\u0442\u0441\u044f \u0441 \u0443\u0433\u0440\u044f\u043c\u0438. \u0421\u0440\u0435\u0434\u0441\u0442\u0432\u043e \u0440\u0435\u0433\u0443\u043b\u0438\u0440\u0443\u0435\u0442 \u0440\u0430\u0431\u043e\u0442\u0443 \u0441\u0430\u043b\u044c\u043d\u044b\u0445 \u0436\u0435\u043b\u0435\u0437, \u0443\u043c\u0435\u043d\u044c\u0448\u0430\u0435\u0442 \u0432\u044b\u0434\u0435\u043b\u0435\u043d\u0438\u0435 \u0436\u0438\u0440\u0430 \u0432 \u0442\u0435\u0447\u0435\u043d\u0438\u0435 \u0434\u043d\u044f \u0438...<\/p>","protected":false},"featured_media":10526,"comment_status":"open","ping_status":"closed","template":"","meta":{"_uf_show_specific_survey":0,"_uf_disable_surveys":false,"_bst_post_transparent":"default","_bst_post_title":"","_bst_post_layout":"default","_bst_post_sidebar_id":"","_bst_post_content_style":"default","_bst_post_vertical_padding":"default","_bst_post_feature":"","_bst_post_feature_position":"","_bst_post_header":false,"_bst_post_footer":false},"pwb-brand":[186],"product_brand":[],"product_cat":[92,98],"product_tag":[609,441],"class_list":{"0":"post-10525","1":"product","2":"type-product","3":"status-publish","4":"has-post-thumbnail","6":"pwb-brand-skin1004","7":"product_cat-nagu","8":"product_cat-naomaskid","9":"product_tag-pore-mask-clay-mask","10":"product_tag-skin1004","12":"first","13":"instock","14":"sale","15":"shipping-taxable","16":"purchasable","17":"product-type-simple","18":"entry","19":"content-bg","20":"loop-entry"},"supplier_id":null,"supplier_sku":"","barcode":null,"atum_controlled":true,"out_stock_date":null,"out_stock_threshold":null,"inheritable":false,"inbound_stock":0,"stock_on_hold":0,"sold_today":0,"sales_last_days":2,"out_stock_days":0,"lost_sales":0,"has_location":false,"update_date":"2026-04-14T12:20:14","atum_locations":[],"atum_stock_status":"instock","restock_status":false,"low_stock_amount":"","sales_update_date":"2026-04-14T12:20:14","calc_backorders":null,"yoast_head":"<!-- This site is optimized with the Yoast SEO plugin v27.2 - https:\/\/yoast.com\/product\/yoast-seo-wordpress\/ -->\n<title>Savimask SKIN1004 Poremizing Quick Clay Stick Mask, 27g - IDA.KOREA<\/title>\n<meta name=\"description\" content=\"SKIN1004 Poremizing Quick Clay Stick Mask pooride puhastamiseks m\u00f5eldud savimask pulga formaadis sobib ideaalselt ekspresshooldusena, tuues naha kiiresti korda, siludes mikroleevendust ja pehmendades nahka. Mask tungib s\u00fcgavale pooridesse, ahendab neid, eemaldab mustuse, lahustab komedoone ja rasukorke.\" \/>\n<meta name=\"robots\" content=\"index, follow, max-snippet:-1, max-image-preview:large, max-video-preview:-1\" \/>\n<link rel=\"canonical\" href=\"https:\/\/idakorea.ee\/ru\/product\/savimask-skin1004-poremizing-quick-clay-stick-mask-27g\/\" \/>\n<meta property=\"og:locale\" content=\"ru_RU\" \/>\n<meta property=\"og:type\" content=\"article\" \/>\n<meta property=\"og:title\" content=\"Savimask SKIN1004 Poremizing Quick Clay Stick Mask, 27g - IDA.KOREA\" \/>\n<meta property=\"og:description\" content=\"SKIN1004 Poremizing Quick Clay Stick Mask pooride puhastamiseks m\u00f5eldud savimask pulga formaadis sobib ideaalselt ekspresshooldusena, tuues naha kiiresti korda, siludes mikroleevendust ja pehmendades nahka. Mask tungib s\u00fcgavale pooridesse, ahendab neid, eemaldab mustuse, lahustab komedoone ja rasukorke.\" \/>\n<meta property=\"og:url\" content=\"https:\/\/idakorea.ee\/ru\/product\/savimask-skin1004-poremizing-quick-clay-stick-mask-27g\/\" \/>\n<meta property=\"og:site_name\" content=\"IDA.KOREA\" \/>\n<meta property=\"article:modified_time\" content=\"2026-04-13T16:59:25+00:00\" \/>\n<meta property=\"og:image\" content=\"https:\/\/idakorea.ee\/wp-content\/uploads\/2024\/09\/ezgif-3-b87ba58a46.jpg\" \/>\n\t<meta property=\"og:image:width\" content=\"809\" \/>\n\t<meta property=\"og:image:height\" content=\"675\" \/>\n\t<meta property=\"og:image:type\" content=\"image\/jpeg\" \/>\n<meta name=\"twitter:card\" content=\"summary_large_image\" \/>\n<meta name=\"twitter:label1\" content=\"\u041f\u0440\u0438\u043c\u0435\u0440\u043d\u043e\u0435 \u0432\u0440\u0435\u043c\u044f \u0434\u043b\u044f \u0447\u0442\u0435\u043d\u0438\u044f\" \/>\n\t<meta name=\"twitter:data1\" content=\"2 \u043c\u0438\u043d\u0443\u0442\u044b\" \/>\n<script type=\"application\/ld+json\" class=\"yoast-schema-graph\">{\"@context\":\"https:\/\/schema.org\",\"@graph\":[{\"@type\":\"WebPage\",\"@id\":\"https:\/\/idakorea.ee\/product\/savimask-skin1004-poremizing-quick-clay-stick-mask-27g\/\",\"url\":\"https:\/\/idakorea.ee\/product\/savimask-skin1004-poremizing-quick-clay-stick-mask-27g\/\",\"name\":\"Savimask SKIN1004 Poremizing Quick Clay Stick Mask, 27g - IDA.KOREA\",\"isPartOf\":{\"@id\":\"https:\/\/idakorea.ee\/#website\"},\"primaryImageOfPage\":{\"@id\":\"https:\/\/idakorea.ee\/product\/savimask-skin1004-poremizing-quick-clay-stick-mask-27g\/#primaryimage\"},\"image\":{\"@id\":\"https:\/\/idakorea.ee\/product\/savimask-skin1004-poremizing-quick-clay-stick-mask-27g\/#primaryimage\"},\"thumbnailUrl\":\"https:\/\/idakorea.ee\/wp-content\/uploads\/2024\/09\/ezgif-3-b87ba58a46.jpg\",\"datePublished\":\"2024-09-09T08:56:45+00:00\",\"dateModified\":\"2026-04-13T16:59:25+00:00\",\"description\":\"SKIN1004 Poremizing Quick Clay Stick Mask pooride puhastamiseks m\u00f5eldud savimask pulga formaadis sobib ideaalselt ekspresshooldusena, tuues naha kiiresti korda, siludes mikroleevendust ja pehmendades nahka. Mask tungib s\u00fcgavale pooridesse, ahendab neid, eemaldab mustuse, lahustab komedoone ja rasukorke.\",\"breadcrumb\":{\"@id\":\"https:\/\/idakorea.ee\/product\/savimask-skin1004-poremizing-quick-clay-stick-mask-27g\/#breadcrumb\"},\"inLanguage\":\"ru-RU\",\"potentialAction\":[{\"@type\":\"ReadAction\",\"target\":[\"https:\/\/idakorea.ee\/product\/savimask-skin1004-poremizing-quick-clay-stick-mask-27g\/\"]}]},{\"@type\":\"ImageObject\",\"inLanguage\":\"ru-RU\",\"@id\":\"https:\/\/idakorea.ee\/product\/savimask-skin1004-poremizing-quick-clay-stick-mask-27g\/#primaryimage\",\"url\":\"https:\/\/idakorea.ee\/wp-content\/uploads\/2024\/09\/ezgif-3-b87ba58a46.jpg\",\"contentUrl\":\"https:\/\/idakorea.ee\/wp-content\/uploads\/2024\/09\/ezgif-3-b87ba58a46.jpg\",\"width\":809,\"height\":675,\"caption\":\"skin1004 clay mask\"},{\"@type\":\"BreadcrumbList\",\"@id\":\"https:\/\/idakorea.ee\/product\/savimask-skin1004-poremizing-quick-clay-stick-mask-27g\/#breadcrumb\",\"itemListElement\":[{\"@type\":\"ListItem\",\"position\":1,\"name\":\"\u0413\u043b\u0430\u0432\u043d\u0430\u044f \u0441\u0442\u0440\u0430\u043d\u0438\u0446\u0430\",\"item\":\"https:\/\/idakorea.ee\/\"},{\"@type\":\"ListItem\",\"position\":2,\"name\":\"Shop\",\"item\":\"https:\/\/idakorea.ee\/shop-2\/\"},{\"@type\":\"ListItem\",\"position\":3,\"name\":\"Savimask SKIN1004 Poremizing Quick Clay Stick Mask, 27g\"}]},{\"@type\":\"WebSite\",\"@id\":\"https:\/\/idakorea.ee\/#website\",\"url\":\"https:\/\/idakorea.ee\/\",\"name\":\"IDA.KOREA\",\"description\":\"Korea kosmeetika e-pood\",\"publisher\":{\"@id\":\"https:\/\/idakorea.ee\/#organization\"},\"alternateName\":\"Beauty Shop\",\"potentialAction\":[{\"@type\":\"SearchAction\",\"target\":{\"@type\":\"EntryPoint\",\"urlTemplate\":\"https:\/\/idakorea.ee\/?s={search_term_string}\"},\"query-input\":{\"@type\":\"PropertyValueSpecification\",\"valueRequired\":true,\"valueName\":\"search_term_string\"}}],\"inLanguage\":\"ru-RU\"},{\"@type\":\"Organization\",\"@id\":\"https:\/\/idakorea.ee\/#organization\",\"name\":\"IDA.KOREA\",\"url\":\"https:\/\/idakorea.ee\/\",\"logo\":{\"@type\":\"ImageObject\",\"inLanguage\":\"ru-RU\",\"@id\":\"https:\/\/idakorea.ee\/#\/schema\/logo\/image\/\",\"url\":\"https:\/\/idakorea.ee\/wp-content\/uploads\/2024\/05\/cropped-korea3.png\",\"contentUrl\":\"https:\/\/idakorea.ee\/wp-content\/uploads\/2024\/05\/cropped-korea3.png\",\"width\":688,\"height\":126,\"caption\":\"IDA.KOREA\"},\"image\":{\"@id\":\"https:\/\/idakorea.ee\/#\/schema\/logo\/image\/\"},\"sameAs\":[\"https:\/\/www.instagram.com\/ida.korea\/\"]}]}<\/script>\n<!-- \/ Yoast SEO plugin. -->","yoast_head_json":{"title":"Savimask SKIN1004 \u041f\u043e\u0440\u0435\u043c\u0438\u0437\u0438\u0440\u0443\u044e\u0449\u0430\u044f \u043c\u0430\u0441\u043a\u0430-\u0441\u0442\u0438\u043a \u0438\u0437 \u0431\u044b\u0441\u0442\u0440\u043e\u0439 \u0433\u043b\u0438\u043d\u044b, 27 \u0433 - IDA.KOREA","description":"SKIN1004 Poremizing Quick Clay Stick Mask - \u0433\u043b\u0438\u043d\u044f\u043d\u0430\u044f \u043c\u0430\u0441\u043a\u0430 \u0432 \u0444\u043e\u0440\u043c\u0430\u0442\u0435 \u0441\u0442\u0438\u043a\u0430 \u0434\u043b\u044f \u043e\u0447\u0438\u0449\u0435\u043d\u0438\u044f \u043f\u043e\u0440, \u0438\u0434\u0435\u0430\u043b\u044c\u043d\u0430 \u0432 \u043a\u0430\u0447\u0435\u0441\u0442\u0432\u0435 \u044d\u043a\u0441\u043f\u0440\u0435\u0441\u0441-\u0443\u0445\u043e\u0434\u0430, \u0431\u044b\u0441\u0442\u0440\u043e \u043f\u0440\u0438\u0432\u043e\u0434\u0438\u0442 \u043a\u043e\u0436\u0443 \u0432 \u043f\u043e\u0440\u044f\u0434\u043e\u043a, \u0440\u0430\u0437\u0433\u043b\u0430\u0436\u0438\u0432\u0430\u0435\u0442 \u043c\u0438\u043a\u0440\u043e\u043f\u0438\u043b\u0438\u043d\u0433\u0438 \u0438 \u0441\u043c\u044f\u0433\u0447\u0430\u0435\u0442 \u0435\u0435. \u041c\u0430\u0441\u043a\u0430 \u043f\u0440\u043e\u043d\u0438\u043a\u0430\u0435\u0442 \u0433\u043b\u0443\u0431\u043e\u043a\u043e \u0432 \u043f\u043e\u0440\u044b, \u0441\u0442\u044f\u0433\u0438\u0432\u0430\u0435\u0442 \u0438\u0445, \u0443\u0434\u0430\u043b\u044f\u0435\u0442 \u0437\u0430\u0433\u0440\u044f\u0437\u043d\u0435\u043d\u0438\u044f, \u0440\u0430\u0441\u0442\u0432\u043e\u0440\u044f\u0435\u0442 \u043a\u043e\u043c\u0435\u0434\u043e\u043d\u044b \u0438 \u0436\u0438\u0440\u043d\u044b\u0439 \u043d\u0430\u043b\u0435\u0442.","robots":{"index":"index","follow":"follow","max-snippet":"max-snippet:-1","max-image-preview":"max-image-preview:large","max-video-preview":"max-video-preview:-1"},"canonical":"https:\/\/idakorea.ee\/ru\/product\/savimask-skin1004-poremizing-quick-clay-stick-mask-27g\/","og_locale":"ru_RU","og_type":"article","og_title":"Savimask SKIN1004 Poremizing Quick Clay Stick Mask, 27g - IDA.KOREA","og_description":"SKIN1004 Poremizing Quick Clay Stick Mask pooride puhastamiseks m\u00f5eldud savimask pulga formaadis sobib ideaalselt ekspresshooldusena, tuues naha kiiresti korda, siludes mikroleevendust ja pehmendades nahka. Mask tungib s\u00fcgavale pooridesse, ahendab neid, eemaldab mustuse, lahustab komedoone ja rasukorke.","og_url":"https:\/\/idakorea.ee\/ru\/product\/savimask-skin1004-poremizing-quick-clay-stick-mask-27g\/","og_site_name":"IDA.KOREA","article_modified_time":"2026-04-13T16:59:25+00:00","og_image":[{"width":809,"height":675,"url":"https:\/\/idakorea.ee\/wp-content\/uploads\/2024\/09\/ezgif-3-b87ba58a46.jpg","type":"image\/jpeg"}],"twitter_card":"summary_large_image","twitter_misc":{"\u041f\u0440\u0438\u043c\u0435\u0440\u043d\u043e\u0435 \u0432\u0440\u0435\u043c\u044f \u0434\u043b\u044f \u0447\u0442\u0435\u043d\u0438\u044f":"2 \u043c\u0438\u043d\u0443\u0442\u044b"},"schema":{"@context":"https:\/\/schema.org","@graph":[{"@type":"WebPage","@id":"https:\/\/idakorea.ee\/product\/savimask-skin1004-poremizing-quick-clay-stick-mask-27g\/","url":"https:\/\/idakorea.ee\/product\/savimask-skin1004-poremizing-quick-clay-stick-mask-27g\/","name":"Savimask SKIN1004 \u041f\u043e\u0440\u0435\u043c\u0438\u0437\u0438\u0440\u0443\u044e\u0449\u0430\u044f \u043c\u0430\u0441\u043a\u0430-\u0441\u0442\u0438\u043a \u0438\u0437 \u0431\u044b\u0441\u0442\u0440\u043e\u0439 \u0433\u043b\u0438\u043d\u044b, 27 \u0433 - IDA.KOREA","isPartOf":{"@id":"https:\/\/idakorea.ee\/#website"},"primaryImageOfPage":{"@id":"https:\/\/idakorea.ee\/product\/savimask-skin1004-poremizing-quick-clay-stick-mask-27g\/#primaryimage"},"image":{"@id":"https:\/\/idakorea.ee\/product\/savimask-skin1004-poremizing-quick-clay-stick-mask-27g\/#primaryimage"},"thumbnailUrl":"https:\/\/idakorea.ee\/wp-content\/uploads\/2024\/09\/ezgif-3-b87ba58a46.jpg","datePublished":"2024-09-09T08:56:45+00:00","dateModified":"2026-04-13T16:59:25+00:00","description":"SKIN1004 Poremizing Quick Clay Stick Mask - \u0433\u043b\u0438\u043d\u044f\u043d\u0430\u044f \u043c\u0430\u0441\u043a\u0430 \u0432 \u0444\u043e\u0440\u043c\u0430\u0442\u0435 \u0441\u0442\u0438\u043a\u0430 \u0434\u043b\u044f \u043e\u0447\u0438\u0449\u0435\u043d\u0438\u044f \u043f\u043e\u0440, \u0438\u0434\u0435\u0430\u043b\u044c\u043d\u0430 \u0432 \u043a\u0430\u0447\u0435\u0441\u0442\u0432\u0435 \u044d\u043a\u0441\u043f\u0440\u0435\u0441\u0441-\u0443\u0445\u043e\u0434\u0430, \u0431\u044b\u0441\u0442\u0440\u043e \u043f\u0440\u0438\u0432\u043e\u0434\u0438\u0442 \u043a\u043e\u0436\u0443 \u0432 \u043f\u043e\u0440\u044f\u0434\u043e\u043a, \u0440\u0430\u0437\u0433\u043b\u0430\u0436\u0438\u0432\u0430\u0435\u0442 \u043c\u0438\u043a\u0440\u043e\u043f\u0438\u043b\u0438\u043d\u0433\u0438 \u0438 \u0441\u043c\u044f\u0433\u0447\u0430\u0435\u0442 \u0435\u0435. \u041c\u0430\u0441\u043a\u0430 \u043f\u0440\u043e\u043d\u0438\u043a\u0430\u0435\u0442 \u0433\u043b\u0443\u0431\u043e\u043a\u043e \u0432 \u043f\u043e\u0440\u044b, \u0441\u0442\u044f\u0433\u0438\u0432\u0430\u0435\u0442 \u0438\u0445, \u0443\u0434\u0430\u043b\u044f\u0435\u0442 \u0437\u0430\u0433\u0440\u044f\u0437\u043d\u0435\u043d\u0438\u044f, \u0440\u0430\u0441\u0442\u0432\u043e\u0440\u044f\u0435\u0442 \u043a\u043e\u043c\u0435\u0434\u043e\u043d\u044b \u0438 \u0436\u0438\u0440\u043d\u044b\u0439 \u043d\u0430\u043b\u0435\u0442.","breadcrumb":{"@id":"https:\/\/idakorea.ee\/product\/savimask-skin1004-poremizing-quick-clay-stick-mask-27g\/#breadcrumb"},"inLanguage":"ru-RU","potentialAction":[{"@type":"ReadAction","target":["https:\/\/idakorea.ee\/product\/savimask-skin1004-poremizing-quick-clay-stick-mask-27g\/"]}]},{"@type":"ImageObject","inLanguage":"ru-RU","@id":"https:\/\/idakorea.ee\/product\/savimask-skin1004-poremizing-quick-clay-stick-mask-27g\/#primaryimage","url":"https:\/\/idakorea.ee\/wp-content\/uploads\/2024\/09\/ezgif-3-b87ba58a46.jpg","contentUrl":"https:\/\/idakorea.ee\/wp-content\/uploads\/2024\/09\/ezgif-3-b87ba58a46.jpg","width":809,"height":675,"caption":"skin1004 clay mask"},{"@type":"BreadcrumbList","@id":"https:\/\/idakorea.ee\/product\/savimask-skin1004-poremizing-quick-clay-stick-mask-27g\/#breadcrumb","itemListElement":[{"@type":"ListItem","position":1,"name":"\u0413\u043b\u0430\u0432\u043d\u0430\u044f \u0441\u0442\u0440\u0430\u043d\u0438\u0446\u0430","item":"https:\/\/idakorea.ee\/"},{"@type":"ListItem","position":2,"name":"Shop","item":"https:\/\/idakorea.ee\/shop-2\/"},{"@type":"ListItem","position":3,"name":"Savimask SKIN1004 Poremizing Quick Clay Stick Mask, 27g"}]},{"@type":"WebSite","@id":"https:\/\/idakorea.ee\/#website","url":"https:\/\/idakorea.ee\/","name":"\u0418\u0414\u0410.\u041a\u041e\u0420\u0415\u042f","description":"\u0418\u043d\u0442\u0435\u0440\u043d\u0435\u0442-\u043c\u0430\u0433\u0430\u0437\u0438\u043d \u043a\u043e\u0440\u0435\u0439\u0441\u043a\u043e\u0439 \u043a\u043e\u0441\u043c\u0435\u0442\u0438\u043a\u0438","publisher":{"@id":"https:\/\/idakorea.ee\/#organization"},"alternateName":"Beauty Shop","potentialAction":[{"@type":"SearchAction","target":{"@type":"EntryPoint","urlTemplate":"https:\/\/idakorea.ee\/?s={search_term_string}"},"query-input":{"@type":"PropertyValueSpecification","valueRequired":true,"valueName":"search_term_string"}}],"inLanguage":"ru-RU"},{"@type":"Organization","@id":"https:\/\/idakorea.ee\/#organization","name":"\u0418\u0414\u0410.\u041a\u041e\u0420\u0415\u042f","url":"https:\/\/idakorea.ee\/","logo":{"@type":"ImageObject","inLanguage":"ru-RU","@id":"https:\/\/idakorea.ee\/#\/schema\/logo\/image\/","url":"https:\/\/idakorea.ee\/wp-content\/uploads\/2024\/05\/cropped-korea3.png","contentUrl":"https:\/\/idakorea.ee\/wp-content\/uploads\/2024\/05\/cropped-korea3.png","width":688,"height":126,"caption":"IDA.KOREA"},"image":{"@id":"https:\/\/idakorea.ee\/#\/schema\/logo\/image\/"},"sameAs":["https:\/\/www.instagram.com\/ida.korea\/"]}]}},"jetpack_sharing_enabled":true,"brands":[{"id":186,"name":"SKIN1004","slug":"skin1004"}],"_links":{"self":[{"href":"https:\/\/idakorea.ee\/ru\/wp-json\/wp\/v2\/product\/10525","targetHints":{"allow":["GET"]}}],"collection":[{"href":"https:\/\/idakorea.ee\/ru\/wp-json\/wp\/v2\/product"}],"about":[{"href":"https:\/\/idakorea.ee\/ru\/wp-json\/wp\/v2\/types\/product"}],"replies":[{"embeddable":true,"href":"https:\/\/idakorea.ee\/ru\/wp-json\/wp\/v2\/comments?post=10525"}],"version-history":[{"count":1,"href":"https:\/\/idakorea.ee\/ru\/wp-json\/wp\/v2\/product\/10525\/revisions"}],"predecessor-version":[{"id":10528,"href":"https:\/\/idakorea.ee\/ru\/wp-json\/wp\/v2\/product\/10525\/revisions\/10528"}],"wp:featuredmedia":[{"embeddable":true,"href":"https:\/\/idakorea.ee\/ru\/wp-json\/wp\/v2\/media\/10526"}],"wp:attachment":[{"href":"https:\/\/idakorea.ee\/ru\/wp-json\/wp\/v2\/media?parent=10525"}],"wp:term":[{"taxonomy":"pwb-brand","embeddable":true,"href":"https:\/\/idakorea.ee\/ru\/wp-json\/wp\/v2\/pwb-brand?post=10525"},{"taxonomy":"product_brand","embeddable":true,"href":"https:\/\/idakorea.ee\/ru\/wp-json\/wp\/v2\/product_brand?post=10525"},{"taxonomy":"product_cat","embeddable":true,"href":"https:\/\/idakorea.ee\/ru\/wp-json\/wp\/v2\/product_cat?post=10525"},{"taxonomy":"product_tag","embeddable":true,"href":"https:\/\/idakorea.ee\/ru\/wp-json\/wp\/v2\/product_tag?post=10525"}],"curies":[{"name":"WP","href":"https:\/\/api.w.org\/{rel}","templated":true}]}}