{"id":10764,"date":"2024-10-02T10:10:39","date_gmt":"2024-10-02T07:10:39","guid":{"rendered":"https:\/\/idakorea.ee\/?post_type=product&#038;p=10764"},"modified":"2026-01-30T16:14:10","modified_gmt":"2026-01-30T14:14:10","slug":"dalba-white-truffle-supreme-intensive-serum","status":"publish","type":"product","link":"https:\/\/idakorea.ee\/ru\/product\/dalba-white-truffle-supreme-intensive-serum\/","title":{"rendered":"\u0410\u043d\u0442\u0438\u043e\u043a\u0441\u0438\u0434\u0430\u043d\u0442\u043d\u0430\u044f \u0441\u044b\u0432\u043e\u0440\u043e\u0442\u043a\u0430-\u0441\u043f\u0440\u0435\u0439 \u0441 \u0431\u0435\u043b\u044b\u043c \u0442\u0440\u044e\u0444\u0435\u043b\u0435\u043c d'Alba White Truffle Supreme Intensive Serum"},"content":{"rendered":"<div class=\"flex max-w-full flex-col flex-grow\">\n<div class=\"min-h-8 text-message flex w-full flex-col items-end gap-2 whitespace-normal break-words [.text-message+&amp;]:mt-5\" dir=\"auto\" data-message-author-role=\"assistant\" data-message-id=\"c6e042f7-225d-49bf-86ff-f1bb320b81b1\">\n<div class=\"flex w-full flex-col gap-1 empty:hidden first:pt-[3px]\">\n<div class=\"markdown prose w-full break-words dark:prose-invert light\">\n<p><strong>d&#8217;Alba White Truffle Supreme Intensive Serum<\/strong> toidab ja silub nahka, regulaarse kasutamise korral parandab naha elastsust ja tugevust. Aeglustab vananemisprotsesse, annab loomuliku s\u00e4ra ja parandab naha tekstuuri.<\/p>\n<p>\u00d5li- ja veep\u00f5hise tekstuuri segunemisel tekib mugav konsistents, mis on lihtne peale kanda ja imendub kiiresti. Toode pehmendab ja niisutab nahka, ilma seda raskeks muutmata v\u00f5i kleepuvat kihti j\u00e4tmata, kaitstes kuivuse eest.<\/p>\n<p>H\u00fcpoallergeenne koostis ei p\u00f5hjusta \u00e4rritust. Toode on sertifitseeritud V-LABEL m\u00e4rgiga, mis kinnitab, et toode ei sisalda loomset p\u00e4ritolu komponente.<\/p>\n<p>Toote aluseks on patenteeritud Trufferol\u2122 kompleks, mis sisaldab valge tr\u00fchvli ekstrakti ja tokoferooli. Kompleks pakub vananemisvastast toimet, parandab naha elastsust ja tugevust, silub tekstuuri ning muudab naha pehmeks ja siledaks.<\/p>\n<p><strong>Lisatoimeained:<\/strong><\/p>\n<ul>\n<li>Kollageeni ekstrakt (750 000 ppm) on koostise p\u00f5hikomponent. S\u00fcgavuti niisutades t\u00f5stab see naha tugevust ja elastsust, stimuleerib oma kollageeni tootmist, tugevdab ja soodustab regeneratsiooni.<\/li>\n<li>4 peptiidi pakuvad pinguldavat ja noorendavat toimet, stimuleerides kollageeni tootmist, v\u00e4hendades kortsude s\u00fcgavust ja muutes naha siledamaks ning elastsemaks, aeglustades vananemist. Koostis sisaldab Argireliini \u2013 peptiid-l\u00f5\u00f5gastajat, millel on botoksisarnane toime.<\/li>\n<li>8 \u00f5li kompleks (oliiv, makadaamia, p\u00e4evalill, kuningakepp, jojoba, kameelia, avokaado ja astelpaju) hoiab \u00e4ra naha kuivuse ja veetustumise, tagab antioks\u00fcdantse kaitse, pikendab naha nooruslikkust ning kaitseb v\u00e4liste \u00e4rritajate, n\u00e4iteks k\u00fclma, tuule ja kuiva \u00f5hu eest.<\/li>\n<li>LORA Anti-S\u2122 \u2013 kompleks, mis koosneb koirohu, lootoslille, riisi ja p\u00e4rmi ekstraktidest, mis pehmendavad ja taastavad kuiva ja kahjustatud nahka.<\/li>\n<li>Niatsiinamiid (vitamiin B3) aeglustab melaniini liikumist epidermise \u00fclemistesse kihtidesse, mille tulemusel nahk heleneb ja pigmenteerumine v\u00e4heneb, \u00fchtlustades nahatooni ning normaliseerides rasun\u00e4\u00e4rmete tegevust, v\u00e4hendades rasust l\u00e4iget.<\/li>\n<\/ul>\n<p>&nbsp;<\/p>\n<p>Sobib k\u00f5ikidele nahat\u00fc\u00fcpidele.<\/p>\n<p><strong>Kasutusjuhend:<\/strong> enne kasutamist loksutage pudelit, pihustage spreid eelnevalt puhastatud n\u00e4ole 15-20 cm kauguselt tooniku kasutamise etapis v\u00f5i p\u00e4eva jooksul lisaniisutuseks.<\/p>\n<\/div>\n<\/div>\n<\/div>\n<\/div>\n","protected":false},"excerpt":{"rendered":"<p>\u0418\u043d\u0442\u0435\u043d\u0441\u0438\u0432\u043d\u0430\u044f \u0441\u044b\u0432\u043e\u0440\u043e\u0442\u043a\u0430 d'Alba White Truffle Supreme \u043f\u0438\u0442\u0430\u0435\u0442 \u0438 \u0440\u0430\u0437\u0433\u043b\u0430\u0436\u0438\u0432\u0430\u0435\u0442 \u043a\u043e\u0436\u0443, \u043f\u043e\u0432\u044b\u0448\u0430\u044f \u0435\u0435 \u044d\u043b\u0430\u0441\u0442\u0438\u0447\u043d\u043e\u0441\u0442\u044c \u0438 \u0443\u043f\u0440\u0443\u0433\u043e\u0441\u0442\u044c \u043f\u0440\u0438 \u0440\u0435\u0433\u0443\u043b\u044f\u0440\u043d\u043e\u043c \u043f\u0440\u0438\u043c\u0435\u043d\u0435\u043d\u0438\u0438. \u0417\u0430\u043c\u0435\u0434\u043b\u044f\u0435\u0442 \u043f\u0440\u043e\u0446\u0435\u0441\u0441 \u0441\u0442\u0430\u0440\u0435\u043d\u0438\u044f, \u043f\u0440\u0438\u0434\u0430\u0435\u0442 \u0435\u0441\u0442\u0435\u0441\u0442\u0432\u0435\u043d\u043d\u043e\u0435 \u0441\u0438\u044f\u043d\u0438\u0435 \u0438 \u0443\u043b\u0443\u0447\u0448\u0430\u0435\u0442 \u0442\u0435\u043a\u0441\u0442\u0443\u0440\u0443 \u043a\u043e\u0436\u0438. \u0421\u043e\u0447\u0435\u0442\u0430\u043d\u0438\u0435 \u043c\u0430\u0441\u043b\u044f\u043d\u043e\u0439 \u0438 \u0432\u043e\u0434\u043d\u043e\u0439 \u0442\u0435\u043a\u0441\u0442\u0443\u0440 \u0441\u043e\u0437\u0434\u0430\u0435\u0442 \u043a\u043e\u043c\u0444\u043e\u0440\u0442\u043d\u0443\u044e \u043a\u043e\u043d\u0441\u0438\u0441\u0442\u0435\u043d\u0446\u0438\u044e, \u043a\u043e\u0442\u043e\u0440\u0430\u044f \u043b\u0435\u0433\u043a\u043e \u043d\u0430\u043d\u043e\u0441\u0438\u0442\u0441\u044f \u0438 \u0431\u044b\u0441\u0442\u0440\u043e \u0432\u043f\u0438\u0442\u044b\u0432\u0430\u0435\u0442\u0441\u044f. \u0421\u0440\u0435\u0434\u0441\u0442\u0432\u043e \u0441\u043c\u044f\u0433\u0447\u0430\u0435\u0442 \u0438 \u0443\u0432\u043b\u0430\u0436\u043d\u044f\u0435\u0442 \u043a\u043e\u0436\u0443, \u043d\u0435 \u0443\u0442\u044f\u0436\u0435\u043b\u044f\u044f \u0435\u0435 \u0438 \u043d\u0435 \u043e\u0441\u0442\u0430\u0432\u043b\u044f\u044f \u043b\u0438\u043f\u043a\u043e\u0433\u043e \u0441\u043b\u043e\u044f.....<\/p>","protected":false},"featured_media":10766,"comment_status":"open","ping_status":"closed","template":"","meta":{"_uf_show_specific_survey":0,"_uf_disable_surveys":false,"_bst_post_transparent":"default","_bst_post_title":"","_bst_post_layout":"default","_bst_post_sidebar_id":"","_bst_post_content_style":"default","_bst_post_vertical_padding":"default","_bst_post_feature":"","_bst_post_feature_position":"","_bst_post_header":false,"_bst_post_footer":false},"pwb-brand":[105],"product_brand":[],"product_cat":[92,97],"product_tag":[127,635,559],"class_list":{"0":"post-10764","1":"product","2":"type-product","3":"status-publish","4":"has-post-thumbnail","6":"pwb-brand-dalba","7":"product_cat-nagu","8":"product_cat-naoseerumid-ja-olid","9":"product_tag-dalba","10":"product_tag-serum","11":"product_tag-white-truffle","13":"first","14":"outofstock","15":"sale","16":"shipping-taxable","17":"purchasable","18":"product-type-variable","19":"entry","20":"content-bg","21":"loop-entry"},"supplier_id":null,"supplier_sku":"","barcode":null,"atum_controlled":true,"out_stock_date":null,"out_stock_threshold":null,"inheritable":true,"inbound_stock":0,"stock_on_hold":0,"sold_today":0,"sales_last_days":0,"out_stock_days":0,"lost_sales":0,"has_location":false,"update_date":"2026-04-14T00:05:05","atum_locations":[],"atum_stock_status":"outofstock","restock_status":false,"low_stock_amount":"","sales_update_date":"2026-04-14T00:05:05","calc_backorders":null,"yoast_head":"<!-- This site is optimized with the Yoast SEO plugin v27.2 - https:\/\/yoast.com\/product\/yoast-seo-wordpress\/ -->\n<title>d&#039;Alba White Truffle Supreme Intensive Serum - IDA.KOREA<\/title>\n<meta name=\"description\" content=\"d&#039;Alba White Truffle Supreme Intensive Serum toidab ja silub nahka, regulaarse kasutamise korral parandab naha elastsust ja tugevust. Aeglustab vananemisprotsesse, annab loomuliku s\u00e4ra ja parandab naha tekstuuri.\" \/>\n<meta name=\"robots\" content=\"index, follow, max-snippet:-1, max-image-preview:large, max-video-preview:-1\" \/>\n<link rel=\"canonical\" href=\"https:\/\/idakorea.ee\/ru\/product\/dalba-white-truffle-supreme-intensive-serum\/\" \/>\n<meta property=\"og:locale\" content=\"ru_RU\" \/>\n<meta property=\"og:type\" content=\"article\" \/>\n<meta property=\"og:title\" content=\"d&#039;Alba White Truffle Supreme Intensive Serum - IDA.KOREA\" \/>\n<meta property=\"og:description\" content=\"d&#039;Alba White Truffle Supreme Intensive Serum toidab ja silub nahka, regulaarse kasutamise korral parandab naha elastsust ja tugevust. Aeglustab vananemisprotsesse, annab loomuliku s\u00e4ra ja parandab naha tekstuuri.\" \/>\n<meta property=\"og:url\" content=\"https:\/\/idakorea.ee\/ru\/product\/dalba-white-truffle-supreme-intensive-serum\/\" \/>\n<meta property=\"og:site_name\" content=\"IDA.KOREA\" \/>\n<meta property=\"article:modified_time\" content=\"2026-01-30T14:14:10+00:00\" \/>\n<meta property=\"og:image\" content=\"https:\/\/idakorea.ee\/wp-content\/uploads\/2024\/10\/d_alba-serum-white-truffle-supreme-intensive.jpg\" \/>\n\t<meta property=\"og:image:width\" content=\"1000\" \/>\n\t<meta property=\"og:image:height\" content=\"1000\" \/>\n\t<meta property=\"og:image:type\" content=\"image\/jpeg\" \/>\n<meta name=\"twitter:card\" content=\"summary_large_image\" \/>\n<meta name=\"twitter:label1\" content=\"\u041f\u0440\u0438\u043c\u0435\u0440\u043d\u043e\u0435 \u0432\u0440\u0435\u043c\u044f \u0434\u043b\u044f \u0447\u0442\u0435\u043d\u0438\u044f\" \/>\n\t<meta name=\"twitter:data1\" content=\"2 \u043c\u0438\u043d\u0443\u0442\u044b\" \/>\n<script type=\"application\/ld+json\" class=\"yoast-schema-graph\">{\"@context\":\"https:\/\/schema.org\",\"@graph\":[{\"@type\":\"WebPage\",\"@id\":\"https:\/\/idakorea.ee\/product\/dalba-white-truffle-supreme-intensive-serum\/\",\"url\":\"https:\/\/idakorea.ee\/product\/dalba-white-truffle-supreme-intensive-serum\/\",\"name\":\"d'Alba White Truffle Supreme Intensive Serum - IDA.KOREA\",\"isPartOf\":{\"@id\":\"https:\/\/idakorea.ee\/#website\"},\"primaryImageOfPage\":{\"@id\":\"https:\/\/idakorea.ee\/product\/dalba-white-truffle-supreme-intensive-serum\/#primaryimage\"},\"image\":{\"@id\":\"https:\/\/idakorea.ee\/product\/dalba-white-truffle-supreme-intensive-serum\/#primaryimage\"},\"thumbnailUrl\":\"https:\/\/idakorea.ee\/wp-content\/uploads\/2024\/10\/d_alba-serum-white-truffle-supreme-intensive.jpg\",\"datePublished\":\"2024-10-02T07:10:39+00:00\",\"dateModified\":\"2026-01-30T14:14:10+00:00\",\"description\":\"d'Alba White Truffle Supreme Intensive Serum toidab ja silub nahka, regulaarse kasutamise korral parandab naha elastsust ja tugevust. Aeglustab vananemisprotsesse, annab loomuliku s\u00e4ra ja parandab naha tekstuuri.\",\"breadcrumb\":{\"@id\":\"https:\/\/idakorea.ee\/product\/dalba-white-truffle-supreme-intensive-serum\/#breadcrumb\"},\"inLanguage\":\"ru-RU\",\"potentialAction\":[{\"@type\":\"ReadAction\",\"target\":[\"https:\/\/idakorea.ee\/product\/dalba-white-truffle-supreme-intensive-serum\/\"]}]},{\"@type\":\"ImageObject\",\"inLanguage\":\"ru-RU\",\"@id\":\"https:\/\/idakorea.ee\/product\/dalba-white-truffle-supreme-intensive-serum\/#primaryimage\",\"url\":\"https:\/\/idakorea.ee\/wp-content\/uploads\/2024\/10\/d_alba-serum-white-truffle-supreme-intensive.jpg\",\"contentUrl\":\"https:\/\/idakorea.ee\/wp-content\/uploads\/2024\/10\/d_alba-serum-white-truffle-supreme-intensive.jpg\",\"width\":1000,\"height\":1000},{\"@type\":\"BreadcrumbList\",\"@id\":\"https:\/\/idakorea.ee\/product\/dalba-white-truffle-supreme-intensive-serum\/#breadcrumb\",\"itemListElement\":[{\"@type\":\"ListItem\",\"position\":1,\"name\":\"\u0413\u043b\u0430\u0432\u043d\u0430\u044f \u0441\u0442\u0440\u0430\u043d\u0438\u0446\u0430\",\"item\":\"https:\/\/idakorea.ee\/\"},{\"@type\":\"ListItem\",\"position\":2,\"name\":\"Shop\",\"item\":\"https:\/\/idakorea.ee\/shop-2\/\"},{\"@type\":\"ListItem\",\"position\":3,\"name\":\"d&#8217;Alba White Truffle Supreme Intensive Serum\"}]},{\"@type\":\"WebSite\",\"@id\":\"https:\/\/idakorea.ee\/#website\",\"url\":\"https:\/\/idakorea.ee\/\",\"name\":\"IDA.KOREA\",\"description\":\"Korea kosmeetika e-pood\",\"publisher\":{\"@id\":\"https:\/\/idakorea.ee\/#organization\"},\"alternateName\":\"Beauty Shop\",\"potentialAction\":[{\"@type\":\"SearchAction\",\"target\":{\"@type\":\"EntryPoint\",\"urlTemplate\":\"https:\/\/idakorea.ee\/?s={search_term_string}\"},\"query-input\":{\"@type\":\"PropertyValueSpecification\",\"valueRequired\":true,\"valueName\":\"search_term_string\"}}],\"inLanguage\":\"ru-RU\"},{\"@type\":\"Organization\",\"@id\":\"https:\/\/idakorea.ee\/#organization\",\"name\":\"IDA.KOREA\",\"url\":\"https:\/\/idakorea.ee\/\",\"logo\":{\"@type\":\"ImageObject\",\"inLanguage\":\"ru-RU\",\"@id\":\"https:\/\/idakorea.ee\/#\/schema\/logo\/image\/\",\"url\":\"https:\/\/idakorea.ee\/wp-content\/uploads\/2024\/05\/cropped-korea3.png\",\"contentUrl\":\"https:\/\/idakorea.ee\/wp-content\/uploads\/2024\/05\/cropped-korea3.png\",\"width\":688,\"height\":126,\"caption\":\"IDA.KOREA\"},\"image\":{\"@id\":\"https:\/\/idakorea.ee\/#\/schema\/logo\/image\/\"},\"sameAs\":[\"https:\/\/www.instagram.com\/ida.korea\/\"]}]}<\/script>\n<!-- \/ Yoast SEO plugin. -->","yoast_head_json":{"title":"\u0418\u043d\u0442\u0435\u043d\u0441\u0438\u0432\u043d\u0430\u044f \u0441\u044b\u0432\u043e\u0440\u043e\u0442\u043a\u0430 d'Alba White Truffle Supreme - IDA.KOREA","description":"\u0418\u043d\u0442\u0435\u043d\u0441\u0438\u0432\u043d\u0430\u044f \u0441\u044b\u0432\u043e\u0440\u043e\u0442\u043a\u0430 d'Alba White Truffle Supreme \u043f\u0438\u0442\u0430\u0435\u0442 \u0438 \u0440\u0430\u0437\u0433\u043b\u0430\u0436\u0438\u0432\u0430\u0435\u0442 \u043a\u043e\u0436\u0443, \u043f\u043e\u0432\u044b\u0448\u0430\u044f \u0435\u0435 \u044d\u043b\u0430\u0441\u0442\u0438\u0447\u043d\u043e\u0441\u0442\u044c \u0438 \u0443\u043f\u0440\u0443\u0433\u043e\u0441\u0442\u044c \u043f\u0440\u0438 \u0440\u0435\u0433\u0443\u043b\u044f\u0440\u043d\u043e\u043c \u043f\u0440\u0438\u043c\u0435\u043d\u0435\u043d\u0438\u0438. \u0417\u0430\u043c\u0435\u0434\u043b\u044f\u0435\u0442 \u043f\u0440\u043e\u0446\u0435\u0441\u0441 \u0441\u0442\u0430\u0440\u0435\u043d\u0438\u044f, \u043f\u0440\u0438\u0434\u0430\u0435\u0442 \u0435\u0441\u0442\u0435\u0441\u0442\u0432\u0435\u043d\u043d\u043e\u0435 \u0441\u0438\u044f\u043d\u0438\u0435 \u0438 \u0443\u043b\u0443\u0447\u0448\u0430\u0435\u0442 \u0442\u0435\u043a\u0441\u0442\u0443\u0440\u0443 \u043a\u043e\u0436\u0438.","robots":{"index":"index","follow":"follow","max-snippet":"max-snippet:-1","max-image-preview":"max-image-preview:large","max-video-preview":"max-video-preview:-1"},"canonical":"https:\/\/idakorea.ee\/ru\/product\/dalba-white-truffle-supreme-intensive-serum\/","og_locale":"ru_RU","og_type":"article","og_title":"d'Alba White Truffle Supreme Intensive Serum - IDA.KOREA","og_description":"d'Alba White Truffle Supreme Intensive Serum toidab ja silub nahka, regulaarse kasutamise korral parandab naha elastsust ja tugevust. Aeglustab vananemisprotsesse, annab loomuliku s\u00e4ra ja parandab naha tekstuuri.","og_url":"https:\/\/idakorea.ee\/ru\/product\/dalba-white-truffle-supreme-intensive-serum\/","og_site_name":"IDA.KOREA","article_modified_time":"2026-01-30T14:14:10+00:00","og_image":[{"width":1000,"height":1000,"url":"https:\/\/idakorea.ee\/wp-content\/uploads\/2024\/10\/d_alba-serum-white-truffle-supreme-intensive.jpg","type":"image\/jpeg"}],"twitter_card":"summary_large_image","twitter_misc":{"\u041f\u0440\u0438\u043c\u0435\u0440\u043d\u043e\u0435 \u0432\u0440\u0435\u043c\u044f \u0434\u043b\u044f \u0447\u0442\u0435\u043d\u0438\u044f":"2 \u043c\u0438\u043d\u0443\u0442\u044b"},"schema":{"@context":"https:\/\/schema.org","@graph":[{"@type":"WebPage","@id":"https:\/\/idakorea.ee\/product\/dalba-white-truffle-supreme-intensive-serum\/","url":"https:\/\/idakorea.ee\/product\/dalba-white-truffle-supreme-intensive-serum\/","name":"\u0418\u043d\u0442\u0435\u043d\u0441\u0438\u0432\u043d\u0430\u044f \u0441\u044b\u0432\u043e\u0440\u043e\u0442\u043a\u0430 d'Alba White Truffle Supreme - IDA.KOREA","isPartOf":{"@id":"https:\/\/idakorea.ee\/#website"},"primaryImageOfPage":{"@id":"https:\/\/idakorea.ee\/product\/dalba-white-truffle-supreme-intensive-serum\/#primaryimage"},"image":{"@id":"https:\/\/idakorea.ee\/product\/dalba-white-truffle-supreme-intensive-serum\/#primaryimage"},"thumbnailUrl":"https:\/\/idakorea.ee\/wp-content\/uploads\/2024\/10\/d_alba-serum-white-truffle-supreme-intensive.jpg","datePublished":"2024-10-02T07:10:39+00:00","dateModified":"2026-01-30T14:14:10+00:00","description":"\u0418\u043d\u0442\u0435\u043d\u0441\u0438\u0432\u043d\u0430\u044f \u0441\u044b\u0432\u043e\u0440\u043e\u0442\u043a\u0430 d'Alba White Truffle Supreme \u043f\u0438\u0442\u0430\u0435\u0442 \u0438 \u0440\u0430\u0437\u0433\u043b\u0430\u0436\u0438\u0432\u0430\u0435\u0442 \u043a\u043e\u0436\u0443, \u043f\u043e\u0432\u044b\u0448\u0430\u044f \u0435\u0435 \u044d\u043b\u0430\u0441\u0442\u0438\u0447\u043d\u043e\u0441\u0442\u044c \u0438 \u0443\u043f\u0440\u0443\u0433\u043e\u0441\u0442\u044c \u043f\u0440\u0438 \u0440\u0435\u0433\u0443\u043b\u044f\u0440\u043d\u043e\u043c \u043f\u0440\u0438\u043c\u0435\u043d\u0435\u043d\u0438\u0438. \u0417\u0430\u043c\u0435\u0434\u043b\u044f\u0435\u0442 \u043f\u0440\u043e\u0446\u0435\u0441\u0441 \u0441\u0442\u0430\u0440\u0435\u043d\u0438\u044f, \u043f\u0440\u0438\u0434\u0430\u0435\u0442 \u0435\u0441\u0442\u0435\u0441\u0442\u0432\u0435\u043d\u043d\u043e\u0435 \u0441\u0438\u044f\u043d\u0438\u0435 \u0438 \u0443\u043b\u0443\u0447\u0448\u0430\u0435\u0442 \u0442\u0435\u043a\u0441\u0442\u0443\u0440\u0443 \u043a\u043e\u0436\u0438.","breadcrumb":{"@id":"https:\/\/idakorea.ee\/product\/dalba-white-truffle-supreme-intensive-serum\/#breadcrumb"},"inLanguage":"ru-RU","potentialAction":[{"@type":"ReadAction","target":["https:\/\/idakorea.ee\/product\/dalba-white-truffle-supreme-intensive-serum\/"]}]},{"@type":"ImageObject","inLanguage":"ru-RU","@id":"https:\/\/idakorea.ee\/product\/dalba-white-truffle-supreme-intensive-serum\/#primaryimage","url":"https:\/\/idakorea.ee\/wp-content\/uploads\/2024\/10\/d_alba-serum-white-truffle-supreme-intensive.jpg","contentUrl":"https:\/\/idakorea.ee\/wp-content\/uploads\/2024\/10\/d_alba-serum-white-truffle-supreme-intensive.jpg","width":1000,"height":1000},{"@type":"BreadcrumbList","@id":"https:\/\/idakorea.ee\/product\/dalba-white-truffle-supreme-intensive-serum\/#breadcrumb","itemListElement":[{"@type":"ListItem","position":1,"name":"\u0413\u043b\u0430\u0432\u043d\u0430\u044f \u0441\u0442\u0440\u0430\u043d\u0438\u0446\u0430","item":"https:\/\/idakorea.ee\/"},{"@type":"ListItem","position":2,"name":"Shop","item":"https:\/\/idakorea.ee\/shop-2\/"},{"@type":"ListItem","position":3,"name":"d&#8217;Alba White Truffle Supreme Intensive Serum"}]},{"@type":"WebSite","@id":"https:\/\/idakorea.ee\/#website","url":"https:\/\/idakorea.ee\/","name":"\u0418\u0414\u0410.\u041a\u041e\u0420\u0415\u042f","description":"\u0418\u043d\u0442\u0435\u0440\u043d\u0435\u0442-\u043c\u0430\u0433\u0430\u0437\u0438\u043d \u043a\u043e\u0440\u0435\u0439\u0441\u043a\u043e\u0439 \u043a\u043e\u0441\u043c\u0435\u0442\u0438\u043a\u0438","publisher":{"@id":"https:\/\/idakorea.ee\/#organization"},"alternateName":"Beauty Shop","potentialAction":[{"@type":"SearchAction","target":{"@type":"EntryPoint","urlTemplate":"https:\/\/idakorea.ee\/?s={search_term_string}"},"query-input":{"@type":"PropertyValueSpecification","valueRequired":true,"valueName":"search_term_string"}}],"inLanguage":"ru-RU"},{"@type":"Organization","@id":"https:\/\/idakorea.ee\/#organization","name":"\u0418\u0414\u0410.\u041a\u041e\u0420\u0415\u042f","url":"https:\/\/idakorea.ee\/","logo":{"@type":"ImageObject","inLanguage":"ru-RU","@id":"https:\/\/idakorea.ee\/#\/schema\/logo\/image\/","url":"https:\/\/idakorea.ee\/wp-content\/uploads\/2024\/05\/cropped-korea3.png","contentUrl":"https:\/\/idakorea.ee\/wp-content\/uploads\/2024\/05\/cropped-korea3.png","width":688,"height":126,"caption":"IDA.KOREA"},"image":{"@id":"https:\/\/idakorea.ee\/#\/schema\/logo\/image\/"},"sameAs":["https:\/\/www.instagram.com\/ida.korea\/"]}]}},"jetpack_sharing_enabled":true,"brands":[{"id":105,"name":"\u0434'\u0410\u041b\u042c\u0411\u0410","slug":"dalba"}],"_links":{"self":[{"href":"https:\/\/idakorea.ee\/ru\/wp-json\/wp\/v2\/product\/10764","targetHints":{"allow":["GET"]}}],"collection":[{"href":"https:\/\/idakorea.ee\/ru\/wp-json\/wp\/v2\/product"}],"about":[{"href":"https:\/\/idakorea.ee\/ru\/wp-json\/wp\/v2\/types\/product"}],"replies":[{"embeddable":true,"href":"https:\/\/idakorea.ee\/ru\/wp-json\/wp\/v2\/comments?post=10764"}],"version-history":[{"count":2,"href":"https:\/\/idakorea.ee\/ru\/wp-json\/wp\/v2\/product\/10764\/revisions"}],"predecessor-version":[{"id":15049,"href":"https:\/\/idakorea.ee\/ru\/wp-json\/wp\/v2\/product\/10764\/revisions\/15049"}],"wp:featuredmedia":[{"embeddable":true,"href":"https:\/\/idakorea.ee\/ru\/wp-json\/wp\/v2\/media\/10766"}],"wp:attachment":[{"href":"https:\/\/idakorea.ee\/ru\/wp-json\/wp\/v2\/media?parent=10764"}],"wp:term":[{"taxonomy":"pwb-brand","embeddable":true,"href":"https:\/\/idakorea.ee\/ru\/wp-json\/wp\/v2\/pwb-brand?post=10764"},{"taxonomy":"product_brand","embeddable":true,"href":"https:\/\/idakorea.ee\/ru\/wp-json\/wp\/v2\/product_brand?post=10764"},{"taxonomy":"product_cat","embeddable":true,"href":"https:\/\/idakorea.ee\/ru\/wp-json\/wp\/v2\/product_cat?post=10764"},{"taxonomy":"product_tag","embeddable":true,"href":"https:\/\/idakorea.ee\/ru\/wp-json\/wp\/v2\/product_tag?post=10764"}],"curies":[{"name":"WP","href":"https:\/\/api.w.org\/{rel}","templated":true}]}}