{"id":10914,"date":"2024-10-16T16:17:32","date_gmt":"2024-10-16T14:17:32","guid":{"rendered":"https:\/\/idakorea.ee\/?post_type=product&#038;p=10914"},"modified":"2026-04-10T16:32:31","modified_gmt":"2026-04-10T14:32:31","slug":"vananemisvastane-naopulk-medi-peel-peptide-9-mela-stick","status":"publish","type":"product","link":"https:\/\/idakorea.ee\/ru\/product\/vananemisvastane-naopulk-medi-peel-peptide-9-mela-stick\/","title":{"rendered":"\u0410\u043d\u0442\u0438\u0432\u043e\u0437\u0440\u0430\u0441\u0442\u043d\u043e\u0439 \u0441\u0442\u0438\u043a \u0434\u043b\u044f \u043b\u0438\u0446\u0430 \u0441 \u043f\u0435\u043f\u0442\u0438\u0434\u0430\u043c\u0438 Medi-Peel Peptide 9 Mela Stick"},"content":{"rendered":"<div class=\"flex-1 overflow-hidden\">\n<div class=\"h-full\">\n<div class=\"react-scroll-to-bottom--css-efmdx-79elbk h-full\">\n<div class=\"react-scroll-to-bottom--css-efmdx-1n7m0yu\">\n<div class=\"flex flex-col text-sm md:pb-9\">\n<article class=\"w-full text-token-text-primary focus-visible:outline-2 focus-visible:outline-offset-[-4px]\" dir=\"auto\" data-testid=\"conversation-turn-23\" data-scroll-anchor=\"true\">\n<div class=\"m-auto text-base py-[18px] px-3 md:px-4 w-full md:px-5 lg:px-4 xl:px-5\">\n<div class=\"mx-auto flex flex-1 gap-4 text-base md:gap-5 lg:gap-6 md:max-w-3xl lg:max-w-[40rem] xl:max-w-[48rem]\">\n<div class=\"group\/conversation-turn relative flex w-full min-w-0 flex-col agent-turn\">\n<div class=\"flex-col gap-1 md:gap-3\">\n<div class=\"flex max-w-full flex-col flex-grow\">\n<div class=\"min-h-8 text-message flex w-full flex-col items-end gap-2 whitespace-normal break-words [.text-message+&amp;]:mt-5\" dir=\"auto\" data-message-author-role=\"assistant\" data-message-id=\"ac5fb923-aae9-4555-b908-59ed575d6a57\" data-message-model-slug=\"gpt-4o\">\n<div class=\"flex w-full flex-col gap-1 empty:hidden first:pt-[3px]\">\n<div class=\"markdown prose w-full break-words dark:prose-invert light\">\n<p><strong>Medi-Peel Peptide 9 Mela Stick <\/strong>valgendav vananemisvastane n\u00e4opulk m\u00f5jub kolmes suunas:<\/p>\n<ol>\n<li>\u00dchtlustab nahatooni, helendab pigmendilaike ja aeglustab melaniini s\u00fcnteesi, ennetades uute pigmendilaikude teket.<\/li>\n<li>Silub peened kortsud silmade ja huulte \u00fcmber ning v\u00f5itleb s\u00fcgavate kortsudega kaelal ja dekolteepiirkonnas.<\/li>\n<li>Niisutab koheselt kuivi piirkondi, k\u00f5rvaldades pinguloleku ja ketenduse.<\/li>\n<\/ol>\n<p>T\u00e4nu 9 peptiidi v\u00f5imsale kombinatsioonile suurendab see naha tihedust ja elastsust, \u00fchtlustab mikrotekstuuri, silub ja pinguldab nahka ning aeglustab vananemisprotsessi, stimuleerides kollageeni tootmist.<\/p>\n<p>Toote universaalne pulkformaat v\u00f5imaldab h\u00fcgieenilist kasutamist nii kodus kui ka teel olles \u2013 kompaktne pudel mahub kergesti kotti.<\/p>\n<p>Toote koostis p\u00f5hineb p\u00e4evalilleseemne\u00f5lil, mis on rikas tokoferooli (E-vitamiini) poolest \u2013 toniseeriv koostisosa, mis v\u00e4hendab kortsude s\u00fcgavust ja kaitseb rakke vabade radikaalide eest.<\/p>\n<p><strong>T\u00e4iendavad aktiivsed koostisosad<\/strong>:<\/p>\n<ul>\n<li><strong>Argireliin (atset\u00fc\u00fclheksapeptiid-8)<\/strong>: Omab botuliinilaadset toimet, l\u00f5dvestab n\u00e4olihaseid, ennetades kortsude teket ja siludes olemasolevaid.<\/li>\n<li><strong>Volufiliin (Anemarrhena Asphodeloides juure ekstrakt)<\/strong>: Suurendab naha tihedust ja mahtu, stimuleerib lipiidide tootmist, andes tulemuseks sarnase efekti nagu lipofilling.<\/li>\n<li><strong>Askorbiinhape (C-vitamiin)<\/strong>: Tugev antioks\u00fcdant, mis stimuleerib kollageeni tootmist, parandab naha elastsust ja pingulolekut.<\/li>\n<li><strong>Niasiinamiid (B3-vitamiin)<\/strong>: Stimuleerib kollageeni tootmist, p\u00e4rsib melaniini transporti epidermise \u00fclemistesse kihtidesse, helendab h\u00fcperpigmentatsiooni, v\u00e4hendab rasueritust ja normaliseerib sebumi tootmist.<\/li>\n<li><strong>Tseramiidid<\/strong>: Loovad kaitsekihi epidermise pinnale, s\u00e4ilitavad niiskuse ja toitained ning parandavad naha barj\u00e4\u00e4rifunktsioone.<\/li>\n<li><strong>Sheav\u00f5i<\/strong>: Sisaldab pol\u00fck\u00fcllastumata rasvhappeid, toidab nahka ja v\u00f5itleb vabade radikaalide vastu.<\/li>\n<\/ul>\n<p>&nbsp;<\/p>\n<p><strong>Sobib k\u00f5ikidele nahat\u00fc\u00fcpidele.<\/strong><\/p>\n<p><strong>Kasutusjuhend<\/strong>: Kandke puhastatud nahale p\u00e4rast tooniku kasutamist kas \u00f6\u00f6hooldusena v\u00f5i meigi aluskihina. Kandke pulgaga kortsudele kalduvates piirkondades \u2013 otsmikul, nasolabiaalsetele voldikutele, silmade alla, kaelale ja dekolteepiirkonnale, p\u00f6\u00f6rates erilist t\u00e4helepanu kuivadele ja ketendavatele kohtadele.<\/p>\n<\/div>\n<\/div>\n<\/div>\n<\/div>\n<div class=\"mb-2 flex gap-3 empty:hidden -ml-2\">\n<div class=\"items-center justify-start rounded-xl p-1 flex\">\n<div class=\"flex items-center\"><\/div>\n<\/div>\n<\/div>\n<div class=\"pr-2 lg:pr-0\"><\/div>\n<div class=\"mt-3 w-full empty:hidden\">\n<div class=\"text-center\"><\/div>\n<\/div>\n<\/div>\n<div class=\"absolute\">\n<div class=\"flex items-center justify-center\"><\/div>\n<\/div>\n<\/div>\n<\/div>\n<\/div>\n<\/article>\n<\/div>\n<\/div>\n<\/div>\n<\/div>\n<\/div>\n<div class=\"md:pt-0 dark:border-white\/20 md:border-transparent md:dark:border-transparent w-full\">\n<div class=\"m-auto text-base px-3 md:px-4 w-full md:px-5 lg:px-4 xl:px-5\">\n<div class=\"mx-auto flex flex-1 gap-4 text-base md:gap-5 lg:gap-6 md:max-w-3xl lg:max-w-[40rem] xl:max-w-[48rem]\">\n<form>\n<div class=\"relative flex h-full max-w-full flex-1 flex-col\">\n<div class=\"absolute bottom-full left-0 right-0 z-20\"><\/div>\n<div class=\"group relative flex w-full items-center\">\n<div class=\"flex w-full flex-col gap-1.5 rounded-[26px] p-1.5 transition-colors contain-inline-size bg-[#f4f4f4] dark:bg-token-main-surface-secondary\">\n<div class=\"flex items-end gap-1.5 pl-4 md:gap-2\">\n<div class=\"-ml-2.5 flex\">\n<div class=\"relative\">\n<div class=\"relative\">\n<div class=\"flex flex-col\"><\/div>\n<\/div>\n<\/div>\n<\/div>\n<\/div>\n<\/div>\n<\/div>\n<\/div>\n<\/form>\n<\/div>\n<\/div>\n<\/div>\n","protected":false},"excerpt":{"rendered":"<p>\u041e\u0442\u0431\u0435\u043b\u0438\u0432\u0430\u044e\u0449\u0438\u0439 \u0430\u043d\u0442\u0438\u0432\u043e\u0437\u0440\u0430\u0441\u0442\u043d\u043e\u0439 \u0441\u0442\u0438\u043a \u0434\u043b\u044f \u043b\u0438\u0446\u0430 Medi-Peel Peptide 9 Mela Stick \u0434\u0435\u0439\u0441\u0442\u0432\u0443\u0435\u0442 \u0432 \u0442\u0440\u0435\u0445 \u043d\u0430\u043f\u0440\u0430\u0432\u043b\u0435\u043d\u0438\u044f\u0445: \u0432\u044b\u0440\u0430\u0432\u043d\u0438\u0432\u0430\u0435\u0442 \u0442\u043e\u043d \u043a\u043e\u0436\u0438, \u043e\u0441\u0432\u0435\u0442\u043b\u044f\u0435\u0442 \u043f\u0438\u0433\u043c\u0435\u043d\u0442\u0430\u0446\u0438\u044e \u0438 \u0437\u0430\u043c\u0435\u0434\u043b\u044f\u0435\u0442 \u0441\u0438\u043d\u0442\u0435\u0437 \u043c\u0435\u043b\u0430\u043d\u0438\u043d\u0430, \u043f\u0440\u0435\u043f\u044f\u0442\u0441\u0442\u0432\u0443\u044f \u043e\u0431\u0440\u0430\u0437\u043e\u0432\u0430\u043d\u0438\u044e \u043d\u043e\u0432\u043e\u0439 \u043f\u0438\u0433\u043c\u0435\u043d\u0442\u0430\u0446\u0438\u0438. \u0420\u0430\u0437\u0433\u043b\u0430\u0436\u0438\u0432\u0430\u0435\u0442 \u043c\u0435\u043b\u043a\u0438\u0435 \u043c\u043e\u0440\u0449\u0438\u043d\u043a\u0438 \u0432\u043e\u043a\u0440\u0443\u0433 \u0433\u043b\u0430\u0437 \u0438 \u0433\u0443\u0431 \u0438 \u0431\u043e\u0440\u0435\u0442\u0441\u044f \u0441 \u0433\u043b\u0443\u0431\u043e\u043a\u0438\u043c\u0438 \u043c\u043e\u0440\u0449\u0438\u043d\u0430\u043c\u0438 \u043d\u0430 \u0448\u0435\u0435 \u0438 \u0432 \u043e\u0431\u043b\u0430\u0441\u0442\u0438 \u0434\u0435\u043a\u043e\u043b\u044c\u0442\u0435. \u041c\u0433\u043d\u043e\u0432\u0435\u043d\u043d\u043e \u0443\u0432\u043b\u0430\u0436\u043d\u044f\u0435\u0442 \u0441\u0443\u0445\u0438\u0435 \u0443\u0447\u0430\u0441\u0442\u043a\u0438, \u0443\u0441\u0442\u0440\u0430\u043d\u044f\u044f \u0441\u0442\u044f\u043d\u0443\u0442\u043e\u0441\u0442\u044c \u0438 \u0448\u0435\u043b\u0443\u0448\u0435\u043d\u0438\u0435. \u0411\u043b\u0430\u0433\u043e\u0434\u0430\u0440\u044f \u043c\u043e\u0449\u043d\u043e\u0439 \u043a\u043e\u043c\u0431\u0438\u043d\u0430\u0446\u0438\u0438 \u0438\u0437 9 \u043f\u0435\u043f\u0442\u0438\u0434\u043e\u0432 \u043f\u043e\u0432\u044b\u0448\u0430\u0435\u0442 \u043f\u043b\u043e\u0442\u043d\u043e\u0441\u0442\u044c \u043a\u043e\u0436\u0438 \u0438...<\/p>","protected":false},"featured_media":12178,"comment_status":"open","ping_status":"closed","template":"","meta":{"_uf_show_specific_survey":0,"_uf_disable_surveys":false,"_bst_post_transparent":"default","_bst_post_title":"","_bst_post_layout":"default","_bst_post_sidebar_id":"","_bst_post_content_style":"default","_bst_post_vertical_padding":"default","_bst_post_feature":"","_bst_post_feature_position":"","_bst_post_header":false,"_bst_post_footer":false},"pwb-brand":[107],"product_brand":[],"product_cat":[92,649],"product_tag":[381,650,651],"class_list":{"0":"post-10914","1":"product","2":"type-product","3":"status-publish","4":"has-post-thumbnail","6":"pwb-brand-medipeel","7":"product_cat-nagu","8":"product_cat-naopulk","9":"product_tag-medipeel","10":"product_tag-mela-stick","11":"product_tag-peptide-9","13":"first","14":"instock","15":"sale","16":"shipping-taxable","17":"purchasable","18":"product-type-simple","19":"entry","20":"content-bg","21":"loop-entry"},"supplier_id":null,"supplier_sku":"","barcode":null,"atum_controlled":true,"out_stock_date":null,"out_stock_threshold":null,"inheritable":false,"inbound_stock":0,"stock_on_hold":0,"sold_today":0,"sales_last_days":2,"out_stock_days":0,"lost_sales":0,"has_location":false,"update_date":"2026-04-15T00:05:19","atum_locations":[],"atum_stock_status":"instock","restock_status":false,"low_stock_amount":"","sales_update_date":"2026-04-15T00:05:19","calc_backorders":null,"yoast_head":"<!-- This site is optimized with the Yoast SEO plugin v27.2 - https:\/\/yoast.com\/product\/yoast-seo-wordpress\/ -->\n<title>Vananemisvastane n\u00e4opulk Medi-Peel Peptide 9 Mela Stick - IDA.KOREA<\/title>\n<meta name=\"description\" content=\"Medi-Peel Peptide 9 Mela Stick valgendav vananemisvastane n\u00e4opulk on universaalne vahend, mis aitab v\u00f5idelda pigmendilaikude, kortsude ja naha kuivusega.\" \/>\n<meta name=\"robots\" content=\"index, follow, max-snippet:-1, max-image-preview:large, max-video-preview:-1\" \/>\n<link rel=\"canonical\" href=\"https:\/\/idakorea.ee\/ru\/product\/vananemisvastane-naopulk-medi-peel-peptide-9-mela-stick\/\" \/>\n<meta property=\"og:locale\" content=\"ru_RU\" \/>\n<meta property=\"og:type\" content=\"article\" \/>\n<meta property=\"og:title\" content=\"Vananemisvastane n\u00e4opulk Medi-Peel Peptide 9 Mela Stick - IDA.KOREA\" \/>\n<meta property=\"og:description\" content=\"Medi-Peel Peptide 9 Mela Stick valgendav vananemisvastane n\u00e4opulk on universaalne vahend, mis aitab v\u00f5idelda pigmendilaikude, kortsude ja naha kuivusega.\" \/>\n<meta property=\"og:url\" content=\"https:\/\/idakorea.ee\/ru\/product\/vananemisvastane-naopulk-medi-peel-peptide-9-mela-stick\/\" \/>\n<meta property=\"og:site_name\" content=\"IDA.KOREA\" \/>\n<meta property=\"article:modified_time\" content=\"2026-04-10T14:32:31+00:00\" \/>\n<meta property=\"og:image\" content=\"https:\/\/idakorea.ee\/wp-content\/uploads\/2024\/10\/medi-peel-peptidemela.png\" \/>\n\t<meta property=\"og:image:width\" content=\"802\" \/>\n\t<meta property=\"og:image:height\" content=\"801\" \/>\n\t<meta property=\"og:image:type\" content=\"image\/png\" \/>\n<meta name=\"twitter:card\" content=\"summary_large_image\" \/>\n<meta name=\"twitter:label1\" content=\"\u041f\u0440\u0438\u043c\u0435\u0440\u043d\u043e\u0435 \u0432\u0440\u0435\u043c\u044f \u0434\u043b\u044f \u0447\u0442\u0435\u043d\u0438\u044f\" \/>\n\t<meta name=\"twitter:data1\" content=\"2 \u043c\u0438\u043d\u0443\u0442\u044b\" \/>\n<script type=\"application\/ld+json\" class=\"yoast-schema-graph\">{\"@context\":\"https:\/\/schema.org\",\"@graph\":[{\"@type\":\"WebPage\",\"@id\":\"https:\/\/idakorea.ee\/product\/vananemisvastane-naopulk-medi-peel-peptide-9-mela-stick\/\",\"url\":\"https:\/\/idakorea.ee\/product\/vananemisvastane-naopulk-medi-peel-peptide-9-mela-stick\/\",\"name\":\"Vananemisvastane n\u00e4opulk Medi-Peel Peptide 9 Mela Stick - IDA.KOREA\",\"isPartOf\":{\"@id\":\"https:\/\/idakorea.ee\/#website\"},\"primaryImageOfPage\":{\"@id\":\"https:\/\/idakorea.ee\/product\/vananemisvastane-naopulk-medi-peel-peptide-9-mela-stick\/#primaryimage\"},\"image\":{\"@id\":\"https:\/\/idakorea.ee\/product\/vananemisvastane-naopulk-medi-peel-peptide-9-mela-stick\/#primaryimage\"},\"thumbnailUrl\":\"https:\/\/idakorea.ee\/wp-content\/uploads\/2024\/10\/medi-peel-peptidemela.png\",\"datePublished\":\"2024-10-16T14:17:32+00:00\",\"dateModified\":\"2026-04-10T14:32:31+00:00\",\"description\":\"Medi-Peel Peptide 9 Mela Stick valgendav vananemisvastane n\u00e4opulk on universaalne vahend, mis aitab v\u00f5idelda pigmendilaikude, kortsude ja naha kuivusega.\",\"breadcrumb\":{\"@id\":\"https:\/\/idakorea.ee\/product\/vananemisvastane-naopulk-medi-peel-peptide-9-mela-stick\/#breadcrumb\"},\"inLanguage\":\"ru-RU\",\"potentialAction\":[{\"@type\":\"ReadAction\",\"target\":[\"https:\/\/idakorea.ee\/product\/vananemisvastane-naopulk-medi-peel-peptide-9-mela-stick\/\"]}]},{\"@type\":\"ImageObject\",\"inLanguage\":\"ru-RU\",\"@id\":\"https:\/\/idakorea.ee\/product\/vananemisvastane-naopulk-medi-peel-peptide-9-mela-stick\/#primaryimage\",\"url\":\"https:\/\/idakorea.ee\/wp-content\/uploads\/2024\/10\/medi-peel-peptidemela.png\",\"contentUrl\":\"https:\/\/idakorea.ee\/wp-content\/uploads\/2024\/10\/medi-peel-peptidemela.png\",\"width\":802,\"height\":801},{\"@type\":\"BreadcrumbList\",\"@id\":\"https:\/\/idakorea.ee\/product\/vananemisvastane-naopulk-medi-peel-peptide-9-mela-stick\/#breadcrumb\",\"itemListElement\":[{\"@type\":\"ListItem\",\"position\":1,\"name\":\"\u0413\u043b\u0430\u0432\u043d\u0430\u044f \u0441\u0442\u0440\u0430\u043d\u0438\u0446\u0430\",\"item\":\"https:\/\/idakorea.ee\/\"},{\"@type\":\"ListItem\",\"position\":2,\"name\":\"Shop\",\"item\":\"https:\/\/idakorea.ee\/shop-2\/\"},{\"@type\":\"ListItem\",\"position\":3,\"name\":\"Vananemisvastane n\u00e4opulk Medi-Peel Peptide 9 Mela Stick\"}]},{\"@type\":\"WebSite\",\"@id\":\"https:\/\/idakorea.ee\/#website\",\"url\":\"https:\/\/idakorea.ee\/\",\"name\":\"IDA.KOREA\",\"description\":\"Korea kosmeetika e-pood\",\"publisher\":{\"@id\":\"https:\/\/idakorea.ee\/#organization\"},\"alternateName\":\"Beauty Shop\",\"potentialAction\":[{\"@type\":\"SearchAction\",\"target\":{\"@type\":\"EntryPoint\",\"urlTemplate\":\"https:\/\/idakorea.ee\/?s={search_term_string}\"},\"query-input\":{\"@type\":\"PropertyValueSpecification\",\"valueRequired\":true,\"valueName\":\"search_term_string\"}}],\"inLanguage\":\"ru-RU\"},{\"@type\":\"Organization\",\"@id\":\"https:\/\/idakorea.ee\/#organization\",\"name\":\"IDA.KOREA\",\"url\":\"https:\/\/idakorea.ee\/\",\"logo\":{\"@type\":\"ImageObject\",\"inLanguage\":\"ru-RU\",\"@id\":\"https:\/\/idakorea.ee\/#\/schema\/logo\/image\/\",\"url\":\"https:\/\/idakorea.ee\/wp-content\/uploads\/2024\/05\/cropped-korea3.png\",\"contentUrl\":\"https:\/\/idakorea.ee\/wp-content\/uploads\/2024\/05\/cropped-korea3.png\",\"width\":688,\"height\":126,\"caption\":\"IDA.KOREA\"},\"image\":{\"@id\":\"https:\/\/idakorea.ee\/#\/schema\/logo\/image\/\"},\"sameAs\":[\"https:\/\/www.instagram.com\/ida.korea\/\"]}]}<\/script>\n<!-- \/ Yoast SEO plugin. -->","yoast_head_json":{"title":"Medi-Peel Peptide 9 Paddle Stick \u0434\u043b\u044f \u0430\u043d\u0442\u0438\u0432\u043e\u0437\u0440\u0430\u0441\u0442\u043d\u043e\u0433\u043e \u0443\u0445\u043e\u0434\u0430 - IDA.KOREA","description":"\u041e\u0442\u0431\u0435\u043b\u0438\u0432\u0430\u044e\u0449\u0438\u0439 \u0430\u043d\u0442\u0438\u0432\u043e\u0437\u0440\u0430\u0441\u0442\u043d\u043e\u0439 \u0441\u0442\u0438\u043a \u0434\u043b\u044f \u043b\u0438\u0446\u0430 Medi-Peel Peptide 9 Mela Stick - \u044d\u0442\u043e \u0443\u043d\u0438\u0432\u0435\u0440\u0441\u0430\u043b\u044c\u043d\u043e\u0435 \u0441\u0440\u0435\u0434\u0441\u0442\u0432\u043e, \u043f\u043e\u043c\u043e\u0433\u0430\u044e\u0449\u0435\u0435 \u0431\u043e\u0440\u043e\u0442\u044c\u0441\u044f \u0441 \u043f\u0438\u0433\u043c\u0435\u043d\u0442\u0430\u0446\u0438\u0435\u0439, \u043c\u043e\u0440\u0449\u0438\u043d\u0430\u043c\u0438 \u0438 \u0441\u0443\u0445\u043e\u0441\u0442\u044c\u044e \u043a\u043e\u0436\u0438.","robots":{"index":"index","follow":"follow","max-snippet":"max-snippet:-1","max-image-preview":"max-image-preview:large","max-video-preview":"max-video-preview:-1"},"canonical":"https:\/\/idakorea.ee\/ru\/product\/vananemisvastane-naopulk-medi-peel-peptide-9-mela-stick\/","og_locale":"ru_RU","og_type":"article","og_title":"Vananemisvastane n\u00e4opulk Medi-Peel Peptide 9 Mela Stick - IDA.KOREA","og_description":"Medi-Peel Peptide 9 Mela Stick valgendav vananemisvastane n\u00e4opulk on universaalne vahend, mis aitab v\u00f5idelda pigmendilaikude, kortsude ja naha kuivusega.","og_url":"https:\/\/idakorea.ee\/ru\/product\/vananemisvastane-naopulk-medi-peel-peptide-9-mela-stick\/","og_site_name":"IDA.KOREA","article_modified_time":"2026-04-10T14:32:31+00:00","og_image":[{"width":802,"height":801,"url":"https:\/\/idakorea.ee\/wp-content\/uploads\/2024\/10\/medi-peel-peptidemela.png","type":"image\/png"}],"twitter_card":"summary_large_image","twitter_misc":{"\u041f\u0440\u0438\u043c\u0435\u0440\u043d\u043e\u0435 \u0432\u0440\u0435\u043c\u044f \u0434\u043b\u044f \u0447\u0442\u0435\u043d\u0438\u044f":"2 \u043c\u0438\u043d\u0443\u0442\u044b"},"schema":{"@context":"https:\/\/schema.org","@graph":[{"@type":"WebPage","@id":"https:\/\/idakorea.ee\/product\/vananemisvastane-naopulk-medi-peel-peptide-9-mela-stick\/","url":"https:\/\/idakorea.ee\/product\/vananemisvastane-naopulk-medi-peel-peptide-9-mela-stick\/","name":"Medi-Peel Peptide 9 Paddle Stick \u0434\u043b\u044f \u0430\u043d\u0442\u0438\u0432\u043e\u0437\u0440\u0430\u0441\u0442\u043d\u043e\u0433\u043e \u0443\u0445\u043e\u0434\u0430 - IDA.KOREA","isPartOf":{"@id":"https:\/\/idakorea.ee\/#website"},"primaryImageOfPage":{"@id":"https:\/\/idakorea.ee\/product\/vananemisvastane-naopulk-medi-peel-peptide-9-mela-stick\/#primaryimage"},"image":{"@id":"https:\/\/idakorea.ee\/product\/vananemisvastane-naopulk-medi-peel-peptide-9-mela-stick\/#primaryimage"},"thumbnailUrl":"https:\/\/idakorea.ee\/wp-content\/uploads\/2024\/10\/medi-peel-peptidemela.png","datePublished":"2024-10-16T14:17:32+00:00","dateModified":"2026-04-10T14:32:31+00:00","description":"\u041e\u0442\u0431\u0435\u043b\u0438\u0432\u0430\u044e\u0449\u0438\u0439 \u0430\u043d\u0442\u0438\u0432\u043e\u0437\u0440\u0430\u0441\u0442\u043d\u043e\u0439 \u0441\u0442\u0438\u043a \u0434\u043b\u044f \u043b\u0438\u0446\u0430 Medi-Peel Peptide 9 Mela Stick - \u044d\u0442\u043e \u0443\u043d\u0438\u0432\u0435\u0440\u0441\u0430\u043b\u044c\u043d\u043e\u0435 \u0441\u0440\u0435\u0434\u0441\u0442\u0432\u043e, \u043f\u043e\u043c\u043e\u0433\u0430\u044e\u0449\u0435\u0435 \u0431\u043e\u0440\u043e\u0442\u044c\u0441\u044f \u0441 \u043f\u0438\u0433\u043c\u0435\u043d\u0442\u0430\u0446\u0438\u0435\u0439, \u043c\u043e\u0440\u0449\u0438\u043d\u0430\u043c\u0438 \u0438 \u0441\u0443\u0445\u043e\u0441\u0442\u044c\u044e \u043a\u043e\u0436\u0438.","breadcrumb":{"@id":"https:\/\/idakorea.ee\/product\/vananemisvastane-naopulk-medi-peel-peptide-9-mela-stick\/#breadcrumb"},"inLanguage":"ru-RU","potentialAction":[{"@type":"ReadAction","target":["https:\/\/idakorea.ee\/product\/vananemisvastane-naopulk-medi-peel-peptide-9-mela-stick\/"]}]},{"@type":"ImageObject","inLanguage":"ru-RU","@id":"https:\/\/idakorea.ee\/product\/vananemisvastane-naopulk-medi-peel-peptide-9-mela-stick\/#primaryimage","url":"https:\/\/idakorea.ee\/wp-content\/uploads\/2024\/10\/medi-peel-peptidemela.png","contentUrl":"https:\/\/idakorea.ee\/wp-content\/uploads\/2024\/10\/medi-peel-peptidemela.png","width":802,"height":801},{"@type":"BreadcrumbList","@id":"https:\/\/idakorea.ee\/product\/vananemisvastane-naopulk-medi-peel-peptide-9-mela-stick\/#breadcrumb","itemListElement":[{"@type":"ListItem","position":1,"name":"\u0413\u043b\u0430\u0432\u043d\u0430\u044f \u0441\u0442\u0440\u0430\u043d\u0438\u0446\u0430","item":"https:\/\/idakorea.ee\/"},{"@type":"ListItem","position":2,"name":"Shop","item":"https:\/\/idakorea.ee\/shop-2\/"},{"@type":"ListItem","position":3,"name":"Vananemisvastane n\u00e4opulk Medi-Peel Peptide 9 Mela Stick"}]},{"@type":"WebSite","@id":"https:\/\/idakorea.ee\/#website","url":"https:\/\/idakorea.ee\/","name":"\u0418\u0414\u0410.\u041a\u041e\u0420\u0415\u042f","description":"\u0418\u043d\u0442\u0435\u0440\u043d\u0435\u0442-\u043c\u0430\u0433\u0430\u0437\u0438\u043d \u043a\u043e\u0440\u0435\u0439\u0441\u043a\u043e\u0439 \u043a\u043e\u0441\u043c\u0435\u0442\u0438\u043a\u0438","publisher":{"@id":"https:\/\/idakorea.ee\/#organization"},"alternateName":"Beauty Shop","potentialAction":[{"@type":"SearchAction","target":{"@type":"EntryPoint","urlTemplate":"https:\/\/idakorea.ee\/?s={search_term_string}"},"query-input":{"@type":"PropertyValueSpecification","valueRequired":true,"valueName":"search_term_string"}}],"inLanguage":"ru-RU"},{"@type":"Organization","@id":"https:\/\/idakorea.ee\/#organization","name":"\u0418\u0414\u0410.\u041a\u041e\u0420\u0415\u042f","url":"https:\/\/idakorea.ee\/","logo":{"@type":"ImageObject","inLanguage":"ru-RU","@id":"https:\/\/idakorea.ee\/#\/schema\/logo\/image\/","url":"https:\/\/idakorea.ee\/wp-content\/uploads\/2024\/05\/cropped-korea3.png","contentUrl":"https:\/\/idakorea.ee\/wp-content\/uploads\/2024\/05\/cropped-korea3.png","width":688,"height":126,"caption":"IDA.KOREA"},"image":{"@id":"https:\/\/idakorea.ee\/#\/schema\/logo\/image\/"},"sameAs":["https:\/\/www.instagram.com\/ida.korea\/"]}]}},"jetpack_sharing_enabled":true,"brands":[{"id":107,"name":"MEDIPEEL+","slug":"medipeel"}],"_links":{"self":[{"href":"https:\/\/idakorea.ee\/ru\/wp-json\/wp\/v2\/product\/10914","targetHints":{"allow":["GET"]}}],"collection":[{"href":"https:\/\/idakorea.ee\/ru\/wp-json\/wp\/v2\/product"}],"about":[{"href":"https:\/\/idakorea.ee\/ru\/wp-json\/wp\/v2\/types\/product"}],"replies":[{"embeddable":true,"href":"https:\/\/idakorea.ee\/ru\/wp-json\/wp\/v2\/comments?post=10914"}],"version-history":[{"count":6,"href":"https:\/\/idakorea.ee\/ru\/wp-json\/wp\/v2\/product\/10914\/revisions"}],"predecessor-version":[{"id":13421,"href":"https:\/\/idakorea.ee\/ru\/wp-json\/wp\/v2\/product\/10914\/revisions\/13421"}],"wp:featuredmedia":[{"embeddable":true,"href":"https:\/\/idakorea.ee\/ru\/wp-json\/wp\/v2\/media\/12178"}],"wp:attachment":[{"href":"https:\/\/idakorea.ee\/ru\/wp-json\/wp\/v2\/media?parent=10914"}],"wp:term":[{"taxonomy":"pwb-brand","embeddable":true,"href":"https:\/\/idakorea.ee\/ru\/wp-json\/wp\/v2\/pwb-brand?post=10914"},{"taxonomy":"product_brand","embeddable":true,"href":"https:\/\/idakorea.ee\/ru\/wp-json\/wp\/v2\/product_brand?post=10914"},{"taxonomy":"product_cat","embeddable":true,"href":"https:\/\/idakorea.ee\/ru\/wp-json\/wp\/v2\/product_cat?post=10914"},{"taxonomy":"product_tag","embeddable":true,"href":"https:\/\/idakorea.ee\/ru\/wp-json\/wp\/v2\/product_tag?post=10914"}],"curies":[{"name":"WP","href":"https:\/\/api.w.org\/{rel}","templated":true}]}}