{"id":11291,"date":"2024-11-14T14:00:16","date_gmt":"2024-11-14T12:00:16","guid":{"rendered":"https:\/\/idakorea.ee\/?post_type=product&#038;p=11291"},"modified":"2026-02-23T16:31:06","modified_gmt":"2026-02-23T14:31:06","slug":"puhastav-vaht-etude-baking-powder-b-b-deep-cleansing-foam-160-ml","status":"publish","type":"product","link":"https:\/\/idakorea.ee\/ru\/product\/puhastav-vaht-etude-baking-powder-b-b-deep-cleansing-foam-160-ml\/","title":{"rendered":"\u041e\u0447\u0438\u0449\u0430\u044e\u0449\u0430\u044f \u043f\u0435\u043d\u043a\u0430 \u0434\u043b\u044f \u0441\u043d\u044f\u0442\u0438\u044f \u0411\u0411-\u043a\u0440\u0435\u043c\u0430 \u0441 \u0441\u043e\u0434\u043e\u0439 ETUDE Baking Powder B.B Deep Cleansing Foam, 160 \u043c\u043b"},"content":{"rendered":"<div class=\"flex-1 overflow-hidden\">\n<div class=\"h-full\">\n<div class=\"react-scroll-to-bottom--css-yvhwq-79elbk h-full\">\n<div class=\"react-scroll-to-bottom--css-yvhwq-1n7m0yu\">\n<div class=\"flex flex-col text-sm md:pb-9\">\n<article class=\"w-full scroll-mb-[var(--thread-trailing-height)] text-token-text-primary focus-visible:outline-2 focus-visible:outline-offset-[-4px]\" dir=\"auto\" data-testid=\"conversation-turn-5\" data-scroll-anchor=\"true\">\n<div class=\"m-auto text-base py-[18px] px-3 md:px-4 w-full md:px-5 lg:px-4 xl:px-5\">\n<div class=\"mx-auto flex flex-1 gap-4 text-base md:gap-5 lg:gap-6 md:max-w-3xl lg:max-w-[40rem] xl:max-w-[48rem]\">\n<div class=\"group\/conversation-turn relative flex w-full min-w-0 flex-col agent-turn\">\n<div class=\"flex-col gap-1 md:gap-3\">\n<div class=\"flex max-w-full flex-col flex-grow\">\n<div class=\"min-h-8 text-message flex w-full flex-col items-end gap-2 whitespace-normal break-words [.text-message+&amp;]:mt-5\" dir=\"auto\" data-message-author-role=\"assistant\" data-message-id=\"8f088b04-caab-486f-b9c5-c80523caf599\" data-message-model-slug=\"gpt-4o\">\n<div class=\"flex w-full flex-col gap-1 empty:hidden first:pt-[3px]\">\n<div class=\"markdown prose w-full break-words dark:prose-invert light\">\n<p>Puhastav vaht B.B-kreemi eemaldamiseks s\u00f6\u00f6gisoodaga<strong> Etude Baking Powder B.B Deep Cleansing Foam:<\/strong><\/p>\n<ul>\n<li>puhastab naha jumestuskreemist, B.B-kreemist ja veekindlast meigist;<\/li>\n<li>tungib s\u00fcgavale pooridesse ja eemaldab mustuse;<\/li>\n<li>imab liigse rasu, j\u00e4ttes nahale sametise ja mati viimistluse;<\/li>\n<li>aitab v\u00e4hendada musti t\u00e4ppe;<\/li>\n<li>kuivatab p\u00f5letikke ja hoiab \u00e4ra uute tekkimise;<\/li>\n<li>ahendab poore.<\/li>\n<\/ul>\n<p><strong>Peamised toimeained:<\/strong><\/p>\n<ul>\n<li><strong>S\u00f6\u00f6gisooda<\/strong> imab liigset rasu, puhastab poore ja aitab t\u00f5husalt mustade t\u00e4ppidega v\u00f5idelda. T\u00e4nu neutraalsele pH-tasemele ja keemilistele omadustele sobib see igale nahat\u00fc\u00fcbile.<\/li>\n<li><strong>Riisikliid<\/strong> niisutavad ja pehmendavad nahka s\u00fcgavuti, suurendavad selle elastsust ja toonust ning soodustavad kudede uuenemist. Need aitavad puhastada poore, \u00fchtlustada nahatooni ja heledamaks muuta pigmendilaike. Lisaks rahustavad need \u00e4rritusi ja teevad naha siledaks ja matiks.<\/li>\n<li><strong>Betaiin<\/strong> niisutab intensiivselt, leevendab \u00e4rritusi ja parandab naha v\u00e4limust.<\/li>\n<\/ul>\n<p>&nbsp;<\/p>\n<p>Sobib igale nahat\u00fc\u00fcbile.<\/p>\n<p><strong>Kasutusjuhend:<\/strong> Kandke v\u00e4ike kogus toodet niisketele k\u00e4tele ja vahustage. Masseerige tekkiva vahuga \u00f5rnalt n\u00e4gu paar minutit, eemaldades meigi ja puhastades nahka. Loputage sooja veega.<\/p>\n<\/div>\n<\/div>\n<\/div>\n<\/div>\n<div class=\"mb-2 flex gap-3 empty:hidden -ml-2\">\n<div class=\"items-center justify-start rounded-xl p-1 flex\">\n<div class=\"flex items-center\"><\/div>\n<\/div>\n<\/div>\n<div class=\"pr-2 lg:pr-0\"><\/div>\n<div class=\"mt-3 w-full empty:hidden\">\n<div class=\"text-center\"><\/div>\n<\/div>\n<\/div>\n<div class=\"absolute\">\n<div class=\"flex items-center justify-center\"><\/div>\n<\/div>\n<\/div>\n<\/div>\n<\/div>\n<\/article>\n<\/div>\n<\/div>\n<\/div>\n<\/div>\n<\/div>\n<div class=\"md:pt-0 dark:border-white\/20 md:border-transparent md:dark:border-transparent w-full\">\n<div>\n<div class=\"m-auto text-base px-3 md:px-4 w-full md:px-5 lg:px-4 xl:px-5\">\n<div class=\"mx-auto flex flex-1 gap-4 text-base md:gap-5 lg:gap-6 md:max-w-3xl lg:max-w-[40rem] xl:max-w-[48rem]\">\n<div class=\"flex justify-center\"><\/div>\n<\/div>\n<\/div>\n<\/div>\n<\/div>\n","protected":false},"excerpt":{"rendered":"<p>\u041f\u0435\u043d\u043a\u0430 Etude Baking Powder B.B Deep Cleansing Foam: \u043e\u0447\u0438\u0449\u0430\u0435\u0442 \u043a\u043e\u0436\u0443 \u043e\u0442 \u0442\u043e\u043d\u0430\u043b\u044c\u043d\u043e\u0433\u043e \u043a\u0440\u0435\u043c\u0430, \u043a\u0440\u0435\u043c\u0430 B.B \u0438 \u0432\u043e\u0434\u043e\u0441\u0442\u043e\u0439\u043a\u043e\u0433\u043e \u043c\u0430\u043a\u0438\u044f\u0436\u0430; \u043f\u0440\u043e\u043d\u0438\u043a\u0430\u0435\u0442 \u0433\u043b\u0443\u0431\u043e\u043a\u043e \u0432 \u043f\u043e\u0440\u044b \u0438 \u0443\u0434\u0430\u043b\u044f\u0435\u0442 \u0437\u0430\u0433\u0440\u044f\u0437\u043d\u0435\u043d\u0438\u044f; \u043f\u043e\u0433\u043b\u043e\u0449\u0430\u0435\u0442 \u0438\u0437\u043b\u0438\u0448\u043a\u0438 \u043c\u0430\u0441\u043b\u0430, \u043f\u0440\u0438\u0434\u0430\u0432\u0430\u044f \u043a\u043e\u0436\u0435 \u0431\u0430\u0440\u0445\u0430\u0442\u0438\u0441\u0442\u043e-\u043c\u0430\u0442\u043e\u0432\u044b\u0439 \u043e\u0442\u0442\u0435\u043d\u043e\u043a; \u043f\u043e\u043c\u043e\u0433\u0430\u0435\u0442 \u0443\u043c\u0435\u043d\u044c\u0448\u0438\u0442\u044c \u0443\u0433\u0440\u0438; \u043f\u043e\u0434\u0441\u0443\u0448\u0438\u0432\u0430\u0435\u0442 \u0432\u043e\u0441\u043f\u0430\u043b\u0435\u043d\u0438\u044f \u0438 \u043f\u0440\u0435\u0434\u043e\u0442\u0432\u0440\u0430\u0449\u0430\u0435\u0442 \u043f\u043e\u044f\u0432\u043b\u0435\u043d\u0438\u0435 \u043d\u043e\u0432\u044b\u0445; \u0441\u0442\u044f\u0433\u0438\u0432\u0430\u0435\u0442 \u043f\u043e\u0440\u044b. \u041e\u0441\u043d\u043e\u0432\u043d\u044b\u0435 \u0430\u043a\u0442\u0438\u0432\u043d\u044b\u0435 \u0438\u043d\u0433\u0440\u0435\u0434\u0438\u0435\u043d\u0442\u044b.<\/p>","protected":false},"featured_media":11292,"comment_status":"open","ping_status":"closed","template":"","meta":{"_uf_show_specific_survey":0,"_uf_disable_surveys":false,"_bst_post_transparent":"default","_bst_post_title":"","_bst_post_layout":"default","_bst_post_sidebar_id":"","_bst_post_content_style":"default","_bst_post_vertical_padding":"default","_bst_post_feature":"","_bst_post_feature_position":"","_bst_post_header":false,"_bst_post_footer":false},"pwb-brand":[679],"product_brand":[],"product_cat":[92,451,452,100],"product_tag":[],"class_list":{"0":"post-11291","1":"product","2":"type-product","3":"status-publish","4":"has-post-thumbnail","6":"pwb-brand-etude","7":"product_cat-nagu","8":"product_cat-naokoorijad","9":"product_cat-naopuhastusgeelid","10":"product_cat-puhastusvahendid","12":"first","13":"instock","14":"sale","15":"shipping-taxable","16":"purchasable","17":"product-type-simple","18":"entry","19":"content-bg","20":"loop-entry"},"supplier_id":null,"supplier_sku":"","barcode":null,"atum_controlled":true,"out_stock_date":null,"out_stock_threshold":null,"inheritable":false,"inbound_stock":0,"stock_on_hold":0,"sold_today":0,"sales_last_days":0,"out_stock_days":0,"lost_sales":0,"has_location":false,"update_date":"2026-04-14T00:05:08","atum_locations":[],"atum_stock_status":"instock","restock_status":false,"low_stock_amount":"","sales_update_date":"2026-04-14T00:05:08","calc_backorders":null,"yoast_head":"<!-- This site is optimized with the Yoast SEO plugin v27.2 - https:\/\/yoast.com\/product\/yoast-seo-wordpress\/ -->\n<title>Puhastav vaht Etude Baking Powder B.B Deep Cleansing Foam, 160 ml - IDA.KOREA<\/title>\n<meta name=\"robots\" content=\"index, follow, max-snippet:-1, max-image-preview:large, max-video-preview:-1\" \/>\n<link rel=\"canonical\" href=\"https:\/\/idakorea.ee\/ru\/product\/puhastav-vaht-etude-baking-powder-b-b-deep-cleansing-foam-160-ml\/\" \/>\n<meta property=\"og:locale\" content=\"ru_RU\" \/>\n<meta property=\"og:type\" content=\"article\" \/>\n<meta property=\"og:title\" content=\"Puhastav vaht Etude Baking Powder B.B Deep Cleansing Foam, 160 ml - IDA.KOREA\" \/>\n<meta property=\"og:description\" content=\"Puhastav vaht B.B-kreemi eemaldamiseks s\u00f6\u00f6gisoodaga Etude Baking Powder B.B Deep Cleansing Foam: puhastab naha jumestuskreemist, B.B-kreemist ja veekindlast meigist; tungib s\u00fcgavale pooridesse ja eemaldab mustuse; imab liigse rasu, j\u00e4ttes nahale sametise ja mati viimistluse; aitab v\u00e4hendada musti t\u00e4ppe; kuivatab p\u00f5letikke ja hoiab \u00e4ra uute tekkimise; ahendab poore. Peamised toimeained: S\u00f6\u00f6gisooda imab liigset rasu, puhastab poore...\" \/>\n<meta property=\"og:url\" content=\"https:\/\/idakorea.ee\/ru\/product\/puhastav-vaht-etude-baking-powder-b-b-deep-cleansing-foam-160-ml\/\" \/>\n<meta property=\"og:site_name\" content=\"IDA.KOREA\" \/>\n<meta property=\"article:modified_time\" content=\"2026-02-23T14:31:06+00:00\" \/>\n<meta property=\"og:image\" content=\"https:\/\/idakorea.ee\/wp-content\/uploads\/2024\/11\/etude-baking-powder-bb-deep.jpg\" \/>\n\t<meta property=\"og:image:width\" content=\"1000\" \/>\n\t<meta property=\"og:image:height\" content=\"1000\" \/>\n\t<meta property=\"og:image:type\" content=\"image\/jpeg\" \/>\n<meta name=\"twitter:card\" content=\"summary_large_image\" \/>\n<meta name=\"twitter:label1\" content=\"\u041f\u0440\u0438\u043c\u0435\u0440\u043d\u043e\u0435 \u0432\u0440\u0435\u043c\u044f \u0434\u043b\u044f \u0447\u0442\u0435\u043d\u0438\u044f\" \/>\n\t<meta name=\"twitter:data1\" content=\"1 \u043c\u0438\u043d\u0443\u0442\u0430\" \/>\n<script type=\"application\/ld+json\" class=\"yoast-schema-graph\">{\"@context\":\"https:\/\/schema.org\",\"@graph\":[{\"@type\":\"WebPage\",\"@id\":\"https:\/\/idakorea.ee\/product\/puhastav-vaht-etude-baking-powder-b-b-deep-cleansing-foam-160-ml\/\",\"url\":\"https:\/\/idakorea.ee\/product\/puhastav-vaht-etude-baking-powder-b-b-deep-cleansing-foam-160-ml\/\",\"name\":\"Puhastav vaht Etude Baking Powder B.B Deep Cleansing Foam, 160 ml - IDA.KOREA\",\"isPartOf\":{\"@id\":\"https:\/\/idakorea.ee\/#website\"},\"primaryImageOfPage\":{\"@id\":\"https:\/\/idakorea.ee\/product\/puhastav-vaht-etude-baking-powder-b-b-deep-cleansing-foam-160-ml\/#primaryimage\"},\"image\":{\"@id\":\"https:\/\/idakorea.ee\/product\/puhastav-vaht-etude-baking-powder-b-b-deep-cleansing-foam-160-ml\/#primaryimage\"},\"thumbnailUrl\":\"https:\/\/idakorea.ee\/wp-content\/uploads\/2024\/11\/etude-baking-powder-bb-deep.jpg\",\"datePublished\":\"2024-11-14T12:00:16+00:00\",\"dateModified\":\"2026-02-23T14:31:06+00:00\",\"breadcrumb\":{\"@id\":\"https:\/\/idakorea.ee\/product\/puhastav-vaht-etude-baking-powder-b-b-deep-cleansing-foam-160-ml\/#breadcrumb\"},\"inLanguage\":\"ru-RU\",\"potentialAction\":[{\"@type\":\"ReadAction\",\"target\":[\"https:\/\/idakorea.ee\/product\/puhastav-vaht-etude-baking-powder-b-b-deep-cleansing-foam-160-ml\/\"]}]},{\"@type\":\"ImageObject\",\"inLanguage\":\"ru-RU\",\"@id\":\"https:\/\/idakorea.ee\/product\/puhastav-vaht-etude-baking-powder-b-b-deep-cleansing-foam-160-ml\/#primaryimage\",\"url\":\"https:\/\/idakorea.ee\/wp-content\/uploads\/2024\/11\/etude-baking-powder-bb-deep.jpg\",\"contentUrl\":\"https:\/\/idakorea.ee\/wp-content\/uploads\/2024\/11\/etude-baking-powder-bb-deep.jpg\",\"width\":1000,\"height\":1000,\"caption\":\"etude baking powder bb deep\"},{\"@type\":\"BreadcrumbList\",\"@id\":\"https:\/\/idakorea.ee\/product\/puhastav-vaht-etude-baking-powder-b-b-deep-cleansing-foam-160-ml\/#breadcrumb\",\"itemListElement\":[{\"@type\":\"ListItem\",\"position\":1,\"name\":\"\u0413\u043b\u0430\u0432\u043d\u0430\u044f \u0441\u0442\u0440\u0430\u043d\u0438\u0446\u0430\",\"item\":\"https:\/\/idakorea.ee\/\"},{\"@type\":\"ListItem\",\"position\":2,\"name\":\"Shop\",\"item\":\"https:\/\/idakorea.ee\/shop-2\/\"},{\"@type\":\"ListItem\",\"position\":3,\"name\":\"Puhastav vaht Etude Baking Powder B.B Deep Cleansing Foam, 160 ml\"}]},{\"@type\":\"WebSite\",\"@id\":\"https:\/\/idakorea.ee\/#website\",\"url\":\"https:\/\/idakorea.ee\/\",\"name\":\"IDA.KOREA\",\"description\":\"Korea kosmeetika e-pood\",\"publisher\":{\"@id\":\"https:\/\/idakorea.ee\/#organization\"},\"alternateName\":\"Beauty Shop\",\"potentialAction\":[{\"@type\":\"SearchAction\",\"target\":{\"@type\":\"EntryPoint\",\"urlTemplate\":\"https:\/\/idakorea.ee\/?s={search_term_string}\"},\"query-input\":{\"@type\":\"PropertyValueSpecification\",\"valueRequired\":true,\"valueName\":\"search_term_string\"}}],\"inLanguage\":\"ru-RU\"},{\"@type\":\"Organization\",\"@id\":\"https:\/\/idakorea.ee\/#organization\",\"name\":\"IDA.KOREA\",\"url\":\"https:\/\/idakorea.ee\/\",\"logo\":{\"@type\":\"ImageObject\",\"inLanguage\":\"ru-RU\",\"@id\":\"https:\/\/idakorea.ee\/#\/schema\/logo\/image\/\",\"url\":\"https:\/\/idakorea.ee\/wp-content\/uploads\/2024\/05\/cropped-korea3.png\",\"contentUrl\":\"https:\/\/idakorea.ee\/wp-content\/uploads\/2024\/05\/cropped-korea3.png\",\"width\":688,\"height\":126,\"caption\":\"IDA.KOREA\"},\"image\":{\"@id\":\"https:\/\/idakorea.ee\/#\/schema\/logo\/image\/\"},\"sameAs\":[\"https:\/\/www.instagram.com\/ida.korea\/\"]}]}<\/script>\n<!-- \/ Yoast SEO plugin. -->","yoast_head_json":{"title":"\u041e\u0447\u0438\u0449\u0430\u044e\u0449\u0430\u044f \u043f\u0435\u043d\u043a\u0430 Etude Baking Powder B.B Deep Cleansing Foam, 160 \u043c\u043b - IDA.KOREA","robots":{"index":"index","follow":"follow","max-snippet":"max-snippet:-1","max-image-preview":"max-image-preview:large","max-video-preview":"max-video-preview:-1"},"canonical":"https:\/\/idakorea.ee\/ru\/product\/puhastav-vaht-etude-baking-powder-b-b-deep-cleansing-foam-160-ml\/","og_locale":"ru_RU","og_type":"article","og_title":"Puhastav vaht Etude Baking Powder B.B Deep Cleansing Foam, 160 ml - IDA.KOREA","og_description":"Puhastav vaht B.B-kreemi eemaldamiseks s\u00f6\u00f6gisoodaga Etude Baking Powder B.B Deep Cleansing Foam: puhastab naha jumestuskreemist, B.B-kreemist ja veekindlast meigist; tungib s\u00fcgavale pooridesse ja eemaldab mustuse; imab liigse rasu, j\u00e4ttes nahale sametise ja mati viimistluse; aitab v\u00e4hendada musti t\u00e4ppe; kuivatab p\u00f5letikke ja hoiab \u00e4ra uute tekkimise; ahendab poore. Peamised toimeained: S\u00f6\u00f6gisooda imab liigset rasu, puhastab poore...","og_url":"https:\/\/idakorea.ee\/ru\/product\/puhastav-vaht-etude-baking-powder-b-b-deep-cleansing-foam-160-ml\/","og_site_name":"IDA.KOREA","article_modified_time":"2026-02-23T14:31:06+00:00","og_image":[{"width":1000,"height":1000,"url":"https:\/\/idakorea.ee\/wp-content\/uploads\/2024\/11\/etude-baking-powder-bb-deep.jpg","type":"image\/jpeg"}],"twitter_card":"summary_large_image","twitter_misc":{"\u041f\u0440\u0438\u043c\u0435\u0440\u043d\u043e\u0435 \u0432\u0440\u0435\u043c\u044f \u0434\u043b\u044f \u0447\u0442\u0435\u043d\u0438\u044f":"1 \u043c\u0438\u043d\u0443\u0442\u0430"},"schema":{"@context":"https:\/\/schema.org","@graph":[{"@type":"WebPage","@id":"https:\/\/idakorea.ee\/product\/puhastav-vaht-etude-baking-powder-b-b-deep-cleansing-foam-160-ml\/","url":"https:\/\/idakorea.ee\/product\/puhastav-vaht-etude-baking-powder-b-b-deep-cleansing-foam-160-ml\/","name":"\u041e\u0447\u0438\u0449\u0430\u044e\u0449\u0430\u044f \u043f\u0435\u043d\u043a\u0430 Etude Baking Powder B.B Deep Cleansing Foam, 160 \u043c\u043b - IDA.KOREA","isPartOf":{"@id":"https:\/\/idakorea.ee\/#website"},"primaryImageOfPage":{"@id":"https:\/\/idakorea.ee\/product\/puhastav-vaht-etude-baking-powder-b-b-deep-cleansing-foam-160-ml\/#primaryimage"},"image":{"@id":"https:\/\/idakorea.ee\/product\/puhastav-vaht-etude-baking-powder-b-b-deep-cleansing-foam-160-ml\/#primaryimage"},"thumbnailUrl":"https:\/\/idakorea.ee\/wp-content\/uploads\/2024\/11\/etude-baking-powder-bb-deep.jpg","datePublished":"2024-11-14T12:00:16+00:00","dateModified":"2026-02-23T14:31:06+00:00","breadcrumb":{"@id":"https:\/\/idakorea.ee\/product\/puhastav-vaht-etude-baking-powder-b-b-deep-cleansing-foam-160-ml\/#breadcrumb"},"inLanguage":"ru-RU","potentialAction":[{"@type":"ReadAction","target":["https:\/\/idakorea.ee\/product\/puhastav-vaht-etude-baking-powder-b-b-deep-cleansing-foam-160-ml\/"]}]},{"@type":"ImageObject","inLanguage":"ru-RU","@id":"https:\/\/idakorea.ee\/product\/puhastav-vaht-etude-baking-powder-b-b-deep-cleansing-foam-160-ml\/#primaryimage","url":"https:\/\/idakorea.ee\/wp-content\/uploads\/2024\/11\/etude-baking-powder-bb-deep.jpg","contentUrl":"https:\/\/idakorea.ee\/wp-content\/uploads\/2024\/11\/etude-baking-powder-bb-deep.jpg","width":1000,"height":1000,"caption":"etude baking powder bb deep"},{"@type":"BreadcrumbList","@id":"https:\/\/idakorea.ee\/product\/puhastav-vaht-etude-baking-powder-b-b-deep-cleansing-foam-160-ml\/#breadcrumb","itemListElement":[{"@type":"ListItem","position":1,"name":"\u0413\u043b\u0430\u0432\u043d\u0430\u044f \u0441\u0442\u0440\u0430\u043d\u0438\u0446\u0430","item":"https:\/\/idakorea.ee\/"},{"@type":"ListItem","position":2,"name":"Shop","item":"https:\/\/idakorea.ee\/shop-2\/"},{"@type":"ListItem","position":3,"name":"Puhastav vaht Etude Baking Powder B.B Deep Cleansing Foam, 160 ml"}]},{"@type":"WebSite","@id":"https:\/\/idakorea.ee\/#website","url":"https:\/\/idakorea.ee\/","name":"\u0418\u0414\u0410.\u041a\u041e\u0420\u0415\u042f","description":"\u0418\u043d\u0442\u0435\u0440\u043d\u0435\u0442-\u043c\u0430\u0433\u0430\u0437\u0438\u043d \u043a\u043e\u0440\u0435\u0439\u0441\u043a\u043e\u0439 \u043a\u043e\u0441\u043c\u0435\u0442\u0438\u043a\u0438","publisher":{"@id":"https:\/\/idakorea.ee\/#organization"},"alternateName":"Beauty Shop","potentialAction":[{"@type":"SearchAction","target":{"@type":"EntryPoint","urlTemplate":"https:\/\/idakorea.ee\/?s={search_term_string}"},"query-input":{"@type":"PropertyValueSpecification","valueRequired":true,"valueName":"search_term_string"}}],"inLanguage":"ru-RU"},{"@type":"Organization","@id":"https:\/\/idakorea.ee\/#organization","name":"\u0418\u0414\u0410.\u041a\u041e\u0420\u0415\u042f","url":"https:\/\/idakorea.ee\/","logo":{"@type":"ImageObject","inLanguage":"ru-RU","@id":"https:\/\/idakorea.ee\/#\/schema\/logo\/image\/","url":"https:\/\/idakorea.ee\/wp-content\/uploads\/2024\/05\/cropped-korea3.png","contentUrl":"https:\/\/idakorea.ee\/wp-content\/uploads\/2024\/05\/cropped-korea3.png","width":688,"height":126,"caption":"IDA.KOREA"},"image":{"@id":"https:\/\/idakorea.ee\/#\/schema\/logo\/image\/"},"sameAs":["https:\/\/www.instagram.com\/ida.korea\/"]}]}},"jetpack_sharing_enabled":true,"brands":[{"id":679,"name":"ETUDE","slug":"etude"}],"_links":{"self":[{"href":"https:\/\/idakorea.ee\/ru\/wp-json\/wp\/v2\/product\/11291","targetHints":{"allow":["GET"]}}],"collection":[{"href":"https:\/\/idakorea.ee\/ru\/wp-json\/wp\/v2\/product"}],"about":[{"href":"https:\/\/idakorea.ee\/ru\/wp-json\/wp\/v2\/types\/product"}],"replies":[{"embeddable":true,"href":"https:\/\/idakorea.ee\/ru\/wp-json\/wp\/v2\/comments?post=11291"}],"version-history":[{"count":1,"href":"https:\/\/idakorea.ee\/ru\/wp-json\/wp\/v2\/product\/11291\/revisions"}],"predecessor-version":[{"id":11293,"href":"https:\/\/idakorea.ee\/ru\/wp-json\/wp\/v2\/product\/11291\/revisions\/11293"}],"wp:featuredmedia":[{"embeddable":true,"href":"https:\/\/idakorea.ee\/ru\/wp-json\/wp\/v2\/media\/11292"}],"wp:attachment":[{"href":"https:\/\/idakorea.ee\/ru\/wp-json\/wp\/v2\/media?parent=11291"}],"wp:term":[{"taxonomy":"pwb-brand","embeddable":true,"href":"https:\/\/idakorea.ee\/ru\/wp-json\/wp\/v2\/pwb-brand?post=11291"},{"taxonomy":"product_brand","embeddable":true,"href":"https:\/\/idakorea.ee\/ru\/wp-json\/wp\/v2\/product_brand?post=11291"},{"taxonomy":"product_cat","embeddable":true,"href":"https:\/\/idakorea.ee\/ru\/wp-json\/wp\/v2\/product_cat?post=11291"},{"taxonomy":"product_tag","embeddable":true,"href":"https:\/\/idakorea.ee\/ru\/wp-json\/wp\/v2\/product_tag?post=11291"}],"curies":[{"name":"WP","href":"https:\/\/api.w.org\/{rel}","templated":true}]}}