{"id":11305,"date":"2024-11-14T17:08:58","date_gmt":"2024-11-14T15:08:58","guid":{"rendered":"https:\/\/idakorea.ee\/?post_type=product&#038;p=11305"},"modified":"2026-01-30T15:48:10","modified_gmt":"2026-01-30T13:48:10","slug":"cosrx-the-retinol-0-1-cream-20ml","status":"publish","type":"product","link":"https:\/\/idakorea.ee\/ru\/product\/cosrx-the-retinol-0-1-cream-20ml\/","title":{"rendered":"\u041a\u0440\u0435\u043c \u043f\u0440\u043e\u0442\u0438\u0432 \u043f\u0435\u0440\u0432\u044b\u0445 \u043f\u0440\u0438\u0437\u043d\u0430\u043a\u043e\u0432 \u0441\u0442\u0430\u0440\u0435\u043d\u0438\u044f COSRX The Retinol 0.1 Cream, 20 \u043c\u043b"},"content":{"rendered":"<div class=\"flex-1 overflow-hidden\">\n<div class=\"h-full\">\n<div class=\"react-scroll-to-bottom--css-jhvnc-79elbk h-full\">\n<div class=\"react-scroll-to-bottom--css-jhvnc-1n7m0yu\">\n<div class=\"flex flex-col text-sm md:pb-9\">\n<article class=\"w-full scroll-mb-[var(--thread-trailing-height)] text-token-text-primary focus-visible:outline-2 focus-visible:outline-offset-[-4px]\" dir=\"auto\" data-testid=\"conversation-turn-15\" data-scroll-anchor=\"true\">\n<div class=\"m-auto text-base py-[18px] px-3 md:px-4 w-full md:px-5 lg:px-4 xl:px-5\">\n<div class=\"mx-auto flex flex-1 gap-4 text-base md:gap-5 lg:gap-6 md:max-w-3xl lg:max-w-[40rem] xl:max-w-[48rem]\">\n<div class=\"group\/conversation-turn relative flex w-full min-w-0 flex-col agent-turn\">\n<div class=\"flex-col gap-1 md:gap-3\">\n<div class=\"flex max-w-full flex-col flex-grow\">\n<div class=\"min-h-8 text-message flex w-full flex-col items-end gap-2 whitespace-normal break-words [.text-message+&amp;]:mt-5\" dir=\"auto\" data-message-author-role=\"assistant\" data-message-id=\"e2448bd1-fe83-4947-b293-d84effe7b710\" data-message-model-slug=\"gpt-4o\">\n<div class=\"flex w-full flex-col gap-1 empty:hidden first:pt-[3px]\">\n<div class=\"markdown prose w-full break-words dark:prose-invert light\">\n<p><strong>COSRX The Retinol 0.1 Cream <\/strong>\u2013 kreem, mis silub nahka ja aeglustab vananemisprotsessi, v\u00e4hendab kuivusest tingitud peente kortsude s\u00fcgavust.<\/p>\n<p>Sobib suurep\u00e4raselt neile, kes kasutavad retinooli esmakordselt \u2013 toode on rikastatud toitvate ja niisutavate koostisosadega, mis aitavad v\u00e4ltida retinoolist p\u00f5hjustatud \u00e4rritust. Kreem \u00fchtlustab naha tooni ja tekstuuri, suurendab elastsust ja prinkust, heledab \u00f5rnalt aknej\u00e4lgi, v\u00e4hendab liigset rasu tootmist, ennetab rasust l\u00e4iget ja pooride ummistumist ning v\u00e4hendab komedoonide arvu.<\/p>\n<p><strong>Peamine toimeaine:<\/strong> 0,1% puhas retinool, mis stimuleerib rakkude uuenemist, siludes kortse, \u00fchtlustades naha mikroreljeefi ja v\u00e4hendades pigmendilaikude n\u00e4htavust.<\/p>\n<p><strong>T\u00e4iendavad toimeained:<\/strong><\/p>\n<ul>\n<li><strong>Pantenool (vitamiin B5)<\/strong> rahustab nahka, leevendab punetust ja s\u00fcgelust, tugevdab nahka kaitsvat h\u00fcdrolipiidkihti, hoiab niiskust ja soodustab taastumist.<\/li>\n<li><strong>Tokotrienool<\/strong> (rasvlahustuv E-vitamiini vorm), mis esineb n\u00e4iteks kookose- ja kakao\u00f5lis ning riisiklii\u00f5lis. Tokotrienool suurendab C-vitamiini t\u00f5husust, tugevdab kapillaare, soodustab kollageeni tootmist ja kaitseb oks\u00fcdatiivse stressi eest.<\/li>\n<li><strong>Adenosiin<\/strong> on tugev vananemisvastane toimeaine, mis stimuleerib kollageeni tootmist, parandab naha prinkust ja tihkust, pinguldab ja silub nahka.<\/li>\n<li><strong>Allantoiin<\/strong> toimib antioks\u00fcdandina, aeglustab rakkude vananemist, rahustab nahka, stimuleerib taastumisprotsesse ja silub karedaid piirkondi.<\/li>\n<li><strong>Glutatioon<\/strong> stimuleerib taastumist, ravib mikrokahjustusi, aeglustab vananemisilminguid, leevendab punetust ja heledab nahka.<\/li>\n<\/ul>\n<p>&nbsp;<\/p>\n<p>Sobib k\u00f5ikidele nahat\u00fc\u00fcpidele.<\/p>\n<p><strong>Kasutusjuhend:<\/strong> P\u00e4rast naha puhastamist ja tooniku kasutamist kandke kreem piirkondadele, kus ilmnevad esimesed vananemisilmingud: otsaesine, silmade \u00fcmbrus, nasolabiaalsed voldid. Kasutage p\u00e4evasel ajal koos p\u00e4ikesekaitsekreemiga.<\/p>\n<p><strong>Ettevaatusabin\u00f5ud:<\/strong> \u00c4rge kasutage samaaegselt koorijate v\u00f5i koorivate hapetega, nagu AHA, BHA, PHA v\u00f5i k\u00f5rge kontsentratsiooniga C-vitamiini toodetega. V\u00e4ltige kasutamist raseduse, imetamise ajal ja p\u00e4rast kosmeetilisi protseduure. Kui retinool on teie hoolduses uus, alustage kasutamist kaks korda n\u00e4dalas kahe n\u00e4dala v\u00e4ltel ja suurendage seej\u00e4rel j\u00e4rk-j\u00e4rgult kasutussagedust.<\/p>\n<\/div>\n<\/div>\n<\/div>\n<\/div>\n<div class=\"pr-2 lg:pr-0\"><\/div>\n<div class=\"mt-3 w-full empty:hidden\">\n<div class=\"text-center\"><\/div>\n<\/div>\n<\/div>\n<div class=\"absolute\">\n<div class=\"flex items-center justify-center\"><\/div>\n<\/div>\n<\/div>\n<\/div>\n<\/div>\n<\/article>\n<\/div>\n<\/div>\n<\/div>\n<\/div>\n<\/div>\n<div class=\"md:pt-0 dark:border-white\/20 md:border-transparent md:dark:border-transparent w-full\">\n<div>\n<div class=\"m-auto text-base px-3 md:px-4 w-full md:px-5 lg:px-4 xl:px-5\">\n<div class=\"mx-auto flex flex-1 gap-4 text-base md:gap-5 lg:gap-6 md:max-w-3xl lg:max-w-[40rem] xl:max-w-[48rem]\">\n<div class=\"flex justify-center\"><\/div>\n<\/div>\n<\/div>\n<\/div>\n<\/div>\n","protected":false},"excerpt":{"rendered":"<p>COSRX The Retinol 0.1 Cream - \u043a\u0440\u0435\u043c, \u043a\u043e\u0442\u043e\u0440\u044b\u0439 \u0440\u0430\u0437\u0433\u043b\u0430\u0436\u0438\u0432\u0430\u0435\u0442 \u043a\u043e\u0436\u0443 \u0438 \u0437\u0430\u043c\u0435\u0434\u043b\u044f\u0435\u0442 \u043f\u0440\u043e\u0446\u0435\u0441\u0441 \u0441\u0442\u0430\u0440\u0435\u043d\u0438\u044f, \u0443\u043c\u0435\u043d\u044c\u0448\u0430\u044f \u0433\u043b\u0443\u0431\u0438\u043d\u0443 \u043c\u0435\u043b\u043a\u0438\u0445 \u043c\u043e\u0440\u0449\u0438\u043d, \u0432\u044b\u0437\u0432\u0430\u043d\u043d\u044b\u0445 \u0441\u0443\u0445\u043e\u0441\u0442\u044c\u044e. \u0418\u0434\u0435\u0430\u043b\u044c\u043d\u043e \u043f\u043e\u0434\u0445\u043e\u0434\u0438\u0442 \u0434\u043b\u044f \u0442\u0435\u0445, \u043a\u0442\u043e \u0432\u043f\u0435\u0440\u0432\u044b\u0435 \u0438\u0441\u043f\u043e\u043b\u044c\u0437\u0443\u0435\u0442 \u0440\u0435\u0442\u0438\u043d\u043e\u043b. \u0421\u0440\u0435\u0434\u0441\u0442\u0432\u043e \u043e\u0431\u043e\u0433\u0430\u0449\u0435\u043d\u043e \u043f\u0438\u0442\u0430\u0442\u0435\u043b\u044c\u043d\u044b\u043c\u0438 \u0438 \u0443\u0432\u043b\u0430\u0436\u043d\u044f\u044e\u0449\u0438\u043c\u0438 \u043a\u043e\u043c\u043f\u043e\u043d\u0435\u043d\u0442\u0430\u043c\u0438, \u043a\u043e\u0442\u043e\u0440\u044b\u0435 \u043f\u043e\u043c\u043e\u0433\u0430\u044e\u0442 \u043f\u0440\u0435\u0434\u043e\u0442\u0432\u0440\u0430\u0442\u0438\u0442\u044c \u0440\u0430\u0437\u0434\u0440\u0430\u0436\u0435\u043d\u0438\u0435, \u0432\u044b\u0437\u0432\u0430\u043d\u043d\u043e\u0435 \u0440\u0435\u0442\u0438\u043d\u043e\u043b\u043e\u043c. \u041a\u0440\u0435\u043c \u0432\u044b\u0440\u0430\u0432\u043d\u0438\u0432\u0430\u0435\u0442 \u0442\u043e\u043d \u0438 \u0442\u0435\u043a\u0441\u0442\u0443\u0440\u0443 \u043a\u043e\u0436\u0438, \u043f\u043e\u0432\u044b\u0448\u0430\u0435\u0442 \u044d\u043b\u0430\u0441\u0442\u0438\u0447\u043d\u043e\u0441\u0442\u044c \u0438 \u0441\u0438\u044f\u043d\u0438\u0435, \u043c\u044f\u0433\u043a\u043e \u043e\u0441\u0432\u0435\u0442\u043b\u044f\u0435\u0442 \u0441\u043b\u0435\u0434\u044b \u043e\u0442 \u0430\u043a\u043d\u0435, \u0443\u043c\u0435\u043d\u044c\u0448\u0430\u0435\u0442 \u0432\u0438\u0434\u0438\u043c\u043e\u0441\u0442\u044c \u0438\u0437\u0431\u044b\u0442\u043e\u0447\u043d\u043e\u0433\u043e...<\/p>","protected":false},"featured_media":11306,"comment_status":"open","ping_status":"closed","template":"","meta":{"_uf_show_specific_survey":0,"_uf_disable_surveys":false,"_bst_post_transparent":"default","_bst_post_title":"","_bst_post_layout":"default","_bst_post_sidebar_id":"","_bst_post_content_style":"default","_bst_post_vertical_padding":"default","_bst_post_feature":"","_bst_post_feature_position":"","_bst_post_header":false,"_bst_post_footer":false},"pwb-brand":[111],"product_brand":[],"product_cat":[92,96],"product_tag":[],"class_list":{"0":"post-11305","1":"product","2":"type-product","3":"status-publish","4":"has-post-thumbnail","6":"pwb-brand-cosrx","7":"product_cat-nagu","8":"product_cat-naokreemid","10":"first","11":"instock","12":"sale","13":"shipping-taxable","14":"purchasable","15":"product-type-simple","16":"entry","17":"content-bg","18":"loop-entry"},"supplier_id":null,"supplier_sku":"","barcode":null,"atum_controlled":true,"out_stock_date":null,"out_stock_threshold":null,"inheritable":false,"inbound_stock":0,"stock_on_hold":0,"sold_today":0,"sales_last_days":0,"out_stock_days":0,"lost_sales":0,"has_location":false,"update_date":"2026-04-14T00:05:05","atum_locations":[],"atum_stock_status":"instock","restock_status":false,"low_stock_amount":"","sales_update_date":"2026-04-14T00:05:05","calc_backorders":null,"yoast_head":"<!-- This site is optimized with the Yoast SEO plugin v27.2 - https:\/\/yoast.com\/product\/yoast-seo-wordpress\/ -->\n<title>Kreem esimeste vananemisilmingute vastu COSRX The Retinol 0.1 Cream, 20ml - IDA.KOREA<\/title>\n<meta name=\"robots\" content=\"index, follow, max-snippet:-1, max-image-preview:large, max-video-preview:-1\" \/>\n<link rel=\"canonical\" href=\"https:\/\/idakorea.ee\/ru\/product\/cosrx-the-retinol-0-1-cream-20ml\/\" \/>\n<meta property=\"og:locale\" content=\"ru_RU\" \/>\n<meta property=\"og:type\" content=\"article\" \/>\n<meta property=\"og:title\" content=\"Kreem esimeste vananemisilmingute vastu COSRX The Retinol 0.1 Cream, 20ml - IDA.KOREA\" \/>\n<meta property=\"og:description\" content=\"COSRX The Retinol 0.1 Cream \u2013 kreem, mis silub nahka ja aeglustab vananemisprotsessi, v\u00e4hendab kuivusest tingitud peente kortsude s\u00fcgavust. Sobib suurep\u00e4raselt neile, kes kasutavad retinooli esmakordselt \u2013 toode on rikastatud toitvate ja niisutavate koostisosadega, mis aitavad v\u00e4ltida retinoolist p\u00f5hjustatud \u00e4rritust. Kreem \u00fchtlustab naha tooni ja tekstuuri, suurendab elastsust ja prinkust, heledab \u00f5rnalt aknej\u00e4lgi, v\u00e4hendab liigset...\" \/>\n<meta property=\"og:url\" content=\"https:\/\/idakorea.ee\/ru\/product\/cosrx-the-retinol-0-1-cream-20ml\/\" \/>\n<meta property=\"og:site_name\" content=\"IDA.KOREA\" \/>\n<meta property=\"article:modified_time\" content=\"2026-01-30T13:48:10+00:00\" \/>\n<meta property=\"og:image\" content=\"https:\/\/idakorea.ee\/wp-content\/uploads\/2024\/11\/cosrx-the-retinol-0.1-cream.jpg\" \/>\n\t<meta property=\"og:image:width\" content=\"1000\" \/>\n\t<meta property=\"og:image:height\" content=\"1000\" \/>\n\t<meta property=\"og:image:type\" content=\"image\/jpeg\" \/>\n<meta name=\"twitter:card\" content=\"summary_large_image\" \/>\n<meta name=\"twitter:label1\" content=\"\u041f\u0440\u0438\u043c\u0435\u0440\u043d\u043e\u0435 \u0432\u0440\u0435\u043c\u044f \u0434\u043b\u044f \u0447\u0442\u0435\u043d\u0438\u044f\" \/>\n\t<meta name=\"twitter:data1\" content=\"2 \u043c\u0438\u043d\u0443\u0442\u044b\" \/>\n<script type=\"application\/ld+json\" class=\"yoast-schema-graph\">{\"@context\":\"https:\/\/schema.org\",\"@graph\":[{\"@type\":\"WebPage\",\"@id\":\"https:\/\/idakorea.ee\/product\/cosrx-the-retinol-0-1-cream-20ml\/\",\"url\":\"https:\/\/idakorea.ee\/product\/cosrx-the-retinol-0-1-cream-20ml\/\",\"name\":\"Kreem esimeste vananemisilmingute vastu COSRX The Retinol 0.1 Cream, 20ml - IDA.KOREA\",\"isPartOf\":{\"@id\":\"https:\/\/idakorea.ee\/#website\"},\"primaryImageOfPage\":{\"@id\":\"https:\/\/idakorea.ee\/product\/cosrx-the-retinol-0-1-cream-20ml\/#primaryimage\"},\"image\":{\"@id\":\"https:\/\/idakorea.ee\/product\/cosrx-the-retinol-0-1-cream-20ml\/#primaryimage\"},\"thumbnailUrl\":\"https:\/\/idakorea.ee\/wp-content\/uploads\/2024\/11\/cosrx-the-retinol-0.1-cream.jpg\",\"datePublished\":\"2024-11-14T15:08:58+00:00\",\"dateModified\":\"2026-01-30T13:48:10+00:00\",\"breadcrumb\":{\"@id\":\"https:\/\/idakorea.ee\/product\/cosrx-the-retinol-0-1-cream-20ml\/#breadcrumb\"},\"inLanguage\":\"ru-RU\",\"potentialAction\":[{\"@type\":\"ReadAction\",\"target\":[\"https:\/\/idakorea.ee\/product\/cosrx-the-retinol-0-1-cream-20ml\/\"]}]},{\"@type\":\"ImageObject\",\"inLanguage\":\"ru-RU\",\"@id\":\"https:\/\/idakorea.ee\/product\/cosrx-the-retinol-0-1-cream-20ml\/#primaryimage\",\"url\":\"https:\/\/idakorea.ee\/wp-content\/uploads\/2024\/11\/cosrx-the-retinol-0.1-cream.jpg\",\"contentUrl\":\"https:\/\/idakorea.ee\/wp-content\/uploads\/2024\/11\/cosrx-the-retinol-0.1-cream.jpg\",\"width\":1000,\"height\":1000,\"caption\":\"COSRX-The-Retinol-0.1-Cream\"},{\"@type\":\"BreadcrumbList\",\"@id\":\"https:\/\/idakorea.ee\/product\/cosrx-the-retinol-0-1-cream-20ml\/#breadcrumb\",\"itemListElement\":[{\"@type\":\"ListItem\",\"position\":1,\"name\":\"\u0413\u043b\u0430\u0432\u043d\u0430\u044f \u0441\u0442\u0440\u0430\u043d\u0438\u0446\u0430\",\"item\":\"https:\/\/idakorea.ee\/\"},{\"@type\":\"ListItem\",\"position\":2,\"name\":\"Shop\",\"item\":\"https:\/\/idakorea.ee\/shop-2\/\"},{\"@type\":\"ListItem\",\"position\":3,\"name\":\"Kreem esimeste vananemisilmingute vastu COSRX The Retinol 0.1 Cream, 20ml\"}]},{\"@type\":\"WebSite\",\"@id\":\"https:\/\/idakorea.ee\/#website\",\"url\":\"https:\/\/idakorea.ee\/\",\"name\":\"IDA.KOREA\",\"description\":\"Korea kosmeetika e-pood\",\"publisher\":{\"@id\":\"https:\/\/idakorea.ee\/#organization\"},\"alternateName\":\"Beauty Shop\",\"potentialAction\":[{\"@type\":\"SearchAction\",\"target\":{\"@type\":\"EntryPoint\",\"urlTemplate\":\"https:\/\/idakorea.ee\/?s={search_term_string}\"},\"query-input\":{\"@type\":\"PropertyValueSpecification\",\"valueRequired\":true,\"valueName\":\"search_term_string\"}}],\"inLanguage\":\"ru-RU\"},{\"@type\":\"Organization\",\"@id\":\"https:\/\/idakorea.ee\/#organization\",\"name\":\"IDA.KOREA\",\"url\":\"https:\/\/idakorea.ee\/\",\"logo\":{\"@type\":\"ImageObject\",\"inLanguage\":\"ru-RU\",\"@id\":\"https:\/\/idakorea.ee\/#\/schema\/logo\/image\/\",\"url\":\"https:\/\/idakorea.ee\/wp-content\/uploads\/2024\/05\/cropped-korea3.png\",\"contentUrl\":\"https:\/\/idakorea.ee\/wp-content\/uploads\/2024\/05\/cropped-korea3.png\",\"width\":688,\"height\":126,\"caption\":\"IDA.KOREA\"},\"image\":{\"@id\":\"https:\/\/idakorea.ee\/#\/schema\/logo\/image\/\"},\"sameAs\":[\"https:\/\/www.instagram.com\/ida.korea\/\"]}]}<\/script>\n<!-- \/ Yoast SEO plugin. -->","yoast_head_json":{"title":"\u041a\u0440\u0435\u043c \u043f\u0440\u043e\u0442\u0438\u0432 \u043f\u0435\u0440\u0432\u044b\u0445 \u043f\u0440\u0438\u0437\u043d\u0430\u043a\u043e\u0432 \u0441\u0442\u0430\u0440\u0435\u043d\u0438\u044f COSRX The Retinol 0.1 Cream, 20 \u043c\u043b - IDA.KOREA","robots":{"index":"index","follow":"follow","max-snippet":"max-snippet:-1","max-image-preview":"max-image-preview:large","max-video-preview":"max-video-preview:-1"},"canonical":"https:\/\/idakorea.ee\/ru\/product\/cosrx-the-retinol-0-1-cream-20ml\/","og_locale":"ru_RU","og_type":"article","og_title":"Kreem esimeste vananemisilmingute vastu COSRX The Retinol 0.1 Cream, 20ml - IDA.KOREA","og_description":"COSRX The Retinol 0.1 Cream \u2013 kreem, mis silub nahka ja aeglustab vananemisprotsessi, v\u00e4hendab kuivusest tingitud peente kortsude s\u00fcgavust. Sobib suurep\u00e4raselt neile, kes kasutavad retinooli esmakordselt \u2013 toode on rikastatud toitvate ja niisutavate koostisosadega, mis aitavad v\u00e4ltida retinoolist p\u00f5hjustatud \u00e4rritust. Kreem \u00fchtlustab naha tooni ja tekstuuri, suurendab elastsust ja prinkust, heledab \u00f5rnalt aknej\u00e4lgi, v\u00e4hendab liigset...","og_url":"https:\/\/idakorea.ee\/ru\/product\/cosrx-the-retinol-0-1-cream-20ml\/","og_site_name":"IDA.KOREA","article_modified_time":"2026-01-30T13:48:10+00:00","og_image":[{"width":1000,"height":1000,"url":"https:\/\/idakorea.ee\/wp-content\/uploads\/2024\/11\/cosrx-the-retinol-0.1-cream.jpg","type":"image\/jpeg"}],"twitter_card":"summary_large_image","twitter_misc":{"\u041f\u0440\u0438\u043c\u0435\u0440\u043d\u043e\u0435 \u0432\u0440\u0435\u043c\u044f \u0434\u043b\u044f \u0447\u0442\u0435\u043d\u0438\u044f":"2 \u043c\u0438\u043d\u0443\u0442\u044b"},"schema":{"@context":"https:\/\/schema.org","@graph":[{"@type":"WebPage","@id":"https:\/\/idakorea.ee\/product\/cosrx-the-retinol-0-1-cream-20ml\/","url":"https:\/\/idakorea.ee\/product\/cosrx-the-retinol-0-1-cream-20ml\/","name":"\u041a\u0440\u0435\u043c \u043f\u0440\u043e\u0442\u0438\u0432 \u043f\u0435\u0440\u0432\u044b\u0445 \u043f\u0440\u0438\u0437\u043d\u0430\u043a\u043e\u0432 \u0441\u0442\u0430\u0440\u0435\u043d\u0438\u044f COSRX The Retinol 0.1 Cream, 20 \u043c\u043b - IDA.KOREA","isPartOf":{"@id":"https:\/\/idakorea.ee\/#website"},"primaryImageOfPage":{"@id":"https:\/\/idakorea.ee\/product\/cosrx-the-retinol-0-1-cream-20ml\/#primaryimage"},"image":{"@id":"https:\/\/idakorea.ee\/product\/cosrx-the-retinol-0-1-cream-20ml\/#primaryimage"},"thumbnailUrl":"https:\/\/idakorea.ee\/wp-content\/uploads\/2024\/11\/cosrx-the-retinol-0.1-cream.jpg","datePublished":"2024-11-14T15:08:58+00:00","dateModified":"2026-01-30T13:48:10+00:00","breadcrumb":{"@id":"https:\/\/idakorea.ee\/product\/cosrx-the-retinol-0-1-cream-20ml\/#breadcrumb"},"inLanguage":"ru-RU","potentialAction":[{"@type":"ReadAction","target":["https:\/\/idakorea.ee\/product\/cosrx-the-retinol-0-1-cream-20ml\/"]}]},{"@type":"ImageObject","inLanguage":"ru-RU","@id":"https:\/\/idakorea.ee\/product\/cosrx-the-retinol-0-1-cream-20ml\/#primaryimage","url":"https:\/\/idakorea.ee\/wp-content\/uploads\/2024\/11\/cosrx-the-retinol-0.1-cream.jpg","contentUrl":"https:\/\/idakorea.ee\/wp-content\/uploads\/2024\/11\/cosrx-the-retinol-0.1-cream.jpg","width":1000,"height":1000,"caption":"COSRX-The-Retinol-0.1-Cream"},{"@type":"BreadcrumbList","@id":"https:\/\/idakorea.ee\/product\/cosrx-the-retinol-0-1-cream-20ml\/#breadcrumb","itemListElement":[{"@type":"ListItem","position":1,"name":"\u0413\u043b\u0430\u0432\u043d\u0430\u044f \u0441\u0442\u0440\u0430\u043d\u0438\u0446\u0430","item":"https:\/\/idakorea.ee\/"},{"@type":"ListItem","position":2,"name":"Shop","item":"https:\/\/idakorea.ee\/shop-2\/"},{"@type":"ListItem","position":3,"name":"Kreem esimeste vananemisilmingute vastu COSRX The Retinol 0.1 Cream, 20ml"}]},{"@type":"WebSite","@id":"https:\/\/idakorea.ee\/#website","url":"https:\/\/idakorea.ee\/","name":"\u0418\u0414\u0410.\u041a\u041e\u0420\u0415\u042f","description":"\u0418\u043d\u0442\u0435\u0440\u043d\u0435\u0442-\u043c\u0430\u0433\u0430\u0437\u0438\u043d \u043a\u043e\u0440\u0435\u0439\u0441\u043a\u043e\u0439 \u043a\u043e\u0441\u043c\u0435\u0442\u0438\u043a\u0438","publisher":{"@id":"https:\/\/idakorea.ee\/#organization"},"alternateName":"Beauty Shop","potentialAction":[{"@type":"SearchAction","target":{"@type":"EntryPoint","urlTemplate":"https:\/\/idakorea.ee\/?s={search_term_string}"},"query-input":{"@type":"PropertyValueSpecification","valueRequired":true,"valueName":"search_term_string"}}],"inLanguage":"ru-RU"},{"@type":"Organization","@id":"https:\/\/idakorea.ee\/#organization","name":"\u0418\u0414\u0410.\u041a\u041e\u0420\u0415\u042f","url":"https:\/\/idakorea.ee\/","logo":{"@type":"ImageObject","inLanguage":"ru-RU","@id":"https:\/\/idakorea.ee\/#\/schema\/logo\/image\/","url":"https:\/\/idakorea.ee\/wp-content\/uploads\/2024\/05\/cropped-korea3.png","contentUrl":"https:\/\/idakorea.ee\/wp-content\/uploads\/2024\/05\/cropped-korea3.png","width":688,"height":126,"caption":"IDA.KOREA"},"image":{"@id":"https:\/\/idakorea.ee\/#\/schema\/logo\/image\/"},"sameAs":["https:\/\/www.instagram.com\/ida.korea\/"]}]}},"jetpack_sharing_enabled":true,"brands":[{"id":111,"name":"COSRX","slug":"cosrx"}],"_links":{"self":[{"href":"https:\/\/idakorea.ee\/ru\/wp-json\/wp\/v2\/product\/11305","targetHints":{"allow":["GET"]}}],"collection":[{"href":"https:\/\/idakorea.ee\/ru\/wp-json\/wp\/v2\/product"}],"about":[{"href":"https:\/\/idakorea.ee\/ru\/wp-json\/wp\/v2\/types\/product"}],"replies":[{"embeddable":true,"href":"https:\/\/idakorea.ee\/ru\/wp-json\/wp\/v2\/comments?post=11305"}],"version-history":[{"count":4,"href":"https:\/\/idakorea.ee\/ru\/wp-json\/wp\/v2\/product\/11305\/revisions"}],"predecessor-version":[{"id":11310,"href":"https:\/\/idakorea.ee\/ru\/wp-json\/wp\/v2\/product\/11305\/revisions\/11310"}],"wp:featuredmedia":[{"embeddable":true,"href":"https:\/\/idakorea.ee\/ru\/wp-json\/wp\/v2\/media\/11306"}],"wp:attachment":[{"href":"https:\/\/idakorea.ee\/ru\/wp-json\/wp\/v2\/media?parent=11305"}],"wp:term":[{"taxonomy":"pwb-brand","embeddable":true,"href":"https:\/\/idakorea.ee\/ru\/wp-json\/wp\/v2\/pwb-brand?post=11305"},{"taxonomy":"product_brand","embeddable":true,"href":"https:\/\/idakorea.ee\/ru\/wp-json\/wp\/v2\/product_brand?post=11305"},{"taxonomy":"product_cat","embeddable":true,"href":"https:\/\/idakorea.ee\/ru\/wp-json\/wp\/v2\/product_cat?post=11305"},{"taxonomy":"product_tag","embeddable":true,"href":"https:\/\/idakorea.ee\/ru\/wp-json\/wp\/v2\/product_tag?post=11305"}],"curies":[{"name":"WP","href":"https:\/\/api.w.org\/{rel}","templated":true}]}}