{"id":15268,"date":"2025-07-22T10:00:22","date_gmt":"2025-07-22T07:00:22","guid":{"rendered":"https:\/\/idakorea.ee\/?post_type=product&#038;p=15268"},"modified":"2026-01-29T16:34:40","modified_gmt":"2026-01-29T14:34:40","slug":"masil-5-probiotics-apple-vinegar-shampoo-8ml","status":"publish","type":"product","link":"https:\/\/idakorea.ee\/ru\/product\/masil-5-probiotics-apple-vinegar-shampoo-8ml\/","title":{"rendered":"\u0428\u0430\u043c\u043f\u0443\u043d\u044c \u0441 \u043f\u0440\u043e\u0431\u0438\u043e\u0442\u0438\u043a\u0430\u043c\u0438 \u043f\u0440\u043e\u0442\u0438\u0432 \u043f\u0435\u0440\u0445\u043e\u0442\u0438 Masil 5 Probiotics Apple Vinegar Shampoo, 8 \u043c\u043b"},"content":{"rendered":"<p data-start=\"201\" data-end=\"443\">\u0428\u0430\u043c\u043f\u0443\u043d\u044c Masil 5 Probiotics \u0441 \u044f\u0431\u043b\u043e\u0447\u043d\u044b\u043c \u0443\u043a\u0441\u0443\u0441\u043e\u043c \u0433\u043b\u0443\u0431\u043e\u043a\u043e \u043e\u0447\u0438\u0449\u0430\u0435\u0442, \u043d\u0435 \u0432\u044b\u0437\u044b\u0432\u0430\u044f \u0441\u0443\u0445\u043e\u0441\u0442\u0438 \u0438 \u0448\u0435\u043b\u0443\u0448\u0435\u043d\u0438\u044f. \u0421\u043c\u044f\u0433\u0447\u0430\u0435\u0442 \u0432\u043e\u043b\u043e\u0441\u044b \u0438 \u0434\u0435\u043b\u0430\u0435\u0442 \u0438\u0445 \u0431\u043e\u043b\u0435\u0435 \u043f\u043e\u0441\u043b\u0443\u0448\u043d\u044b\u043c\u0438. \u041e\u0442\u0448\u0435\u043b\u0443\u0448\u0438\u0432\u0430\u0435\u0442 \u043e\u043c\u0435\u0440\u0442\u0432\u0435\u0432\u0448\u0438\u0435 \u043a\u043b\u0435\u0442\u043a\u0438, \u0443\u0432\u043b\u0430\u0436\u043d\u044f\u0435\u0442 \u0438 \u043f\u0438\u0442\u0430\u0435\u0442 \u043a\u043e\u0436\u0443 \u0433\u043e\u043b\u043e\u0432\u044b, \u0443\u043a\u0440\u0435\u043f\u043b\u044f\u044f \u0437\u0430\u0449\u0438\u0442\u043d\u044b\u0439 \u0431\u0430\u0440\u044c\u0435\u0440.<\/p>\n<p data-start=\"445\" data-end=\"674\">\u0421\u043f\u043e\u0441\u043e\u0431\u0441\u0442\u0432\u0443\u0435\u0442 \u0432\u043e\u0441\u0441\u0442\u0430\u043d\u043e\u0432\u043b\u0435\u043d\u0438\u044e \u0433\u0438\u0434\u0440\u043e\u043b\u0438\u043f\u0438\u0434\u043d\u043e\u0433\u043e \u0431\u0430\u043b\u0430\u043d\u0441\u0430, \u0443\u043c\u0435\u043d\u044c\u0448\u0430\u0435\u0442 \u0436\u0438\u0440\u043d\u043e\u0441\u0442\u044c \u043a\u043e\u0436\u0438 \u0433\u043e\u043b\u043e\u0432\u044b \u0438 \u0440\u0435\u0433\u0443\u043b\u0438\u0440\u0443\u0435\u0442 \u0440\u0430\u0431\u043e\u0442\u0443 \u0441\u0430\u043b\u044c\u043d\u044b\u0445 \u0436\u0435\u043b\u0435\u0437. \u0411\u0435\u0440\u0435\u0436\u043d\u043e \u0443\u0434\u0430\u043b\u044f\u0435\u0442 \u0437\u0430\u0433\u0440\u044f\u0437\u043d\u0435\u043d\u0438\u044f, \u043e\u0431\u043b\u0430\u0434\u0430\u0435\u0442 \u0430\u043d\u0442\u0438\u0431\u0430\u043a\u0442\u0435\u0440\u0438\u0430\u043b\u044c\u043d\u044b\u043c \u0434\u0435\u0439\u0441\u0442\u0432\u0438\u0435\u043c \u0438 \u0443\u043a\u0440\u0435\u043f\u043b\u044f\u0435\u0442 \u043e\u0441\u043b\u0430\u0431\u043b\u0435\u043d\u043d\u044b\u0435 \u0432\u043e\u043b\u043e\u0441\u044b. \u0421\u043d\u0438\u043c\u0430\u0435\u0442 \u0437\u0443\u0434 \u0438 \u0440\u0430\u0437\u0434\u0440\u0430\u0436\u0435\u043d\u0438\u0435.<\/p>\n<p data-start=\"676\" data-end=\"829\">\u0428\u0430\u043c\u043f\u0443\u043d\u044c \u0438\u043c\u0435\u0435\u0442 \u0433\u0435\u043b\u0435\u043e\u0431\u0440\u0430\u0437\u043d\u0443\u044e \u0442\u0435\u043a\u0441\u0442\u0443\u0440\u0443, \u043f\u0440\u0438\u044f\u0442\u043d\u043e \u043e\u0441\u0432\u0435\u0436\u0430\u0435\u0442 \u0438 \u043b\u0435\u0433\u043a\u043e \u0441\u043c\u044b\u0432\u0430\u0435\u0442\u0441\u044f \u0432\u043e\u0434\u043e\u0439. \u0423\u0440\u043e\u0432\u0435\u043d\u044c pH ~5,0\u20136,0. \u041d\u0435 \u0441\u043e\u0434\u0435\u0440\u0436\u0438\u0442 \u0441\u0443\u043b\u044c\u0444\u0430\u0442\u043e\u0432, \u0441\u0438\u043b\u0438\u043a\u043e\u043d\u043e\u0432 \u0438 CMIT\/MIT.<\/p>\n<p data-start=\"831\" data-end=\"855\"><strong data-start=\"831\" data-end=\"855\">\u041e\u0441\u043d\u043e\u0432\u043d\u044b\u0435 \u0434\u0435\u0439\u0441\u0442\u0432\u0443\u044e\u0449\u0438\u0435 \u043a\u043e\u043c\u043f\u043e\u043d\u0435\u043d\u0442\u044b:<\/strong><\/p>\n<ul data-start=\"856\" data-end=\"1510\">\n<li data-start=\"856\" data-end=\"984\">\n<p data-start=\"858\" data-end=\"984\"><strong data-start=\"858\" data-end=\"886\">\u0424\u0435\u0440\u043c\u0435\u043d\u0442\u044b \u043b\u0430\u043a\u0442\u043e\u0431\u0430\u043a\u0442\u0435\u0440\u0438\u0439<\/strong> \u0443\u043a\u0440\u0435\u043f\u043b\u044f\u044e\u0442 \u0432\u043e\u043b\u043e\u0441\u044b \u0438 \u043f\u043e\u0434\u0434\u0435\u0440\u0436\u0438\u0432\u0430\u044e\u0442 \u0437\u0430\u0449\u0438\u0442\u043d\u044b\u0439 \u0441\u043b\u043e\u0439, \u043f\u0440\u0438\u0434\u0430\u0432\u0430\u044f \u0438\u043c \u0433\u043b\u0430\u0434\u043a\u043e\u0441\u0442\u044c \u0438 \u0443\u0441\u0442\u043e\u0439\u0447\u0438\u0432\u043e\u0441\u0442\u044c \u043a \u0432\u043e\u0437\u0434\u0435\u0439\u0441\u0442\u0432\u0438\u044e \u043e\u043a\u0440\u0443\u0436\u0430\u044e\u0449\u0435\u0439 \u0441\u0440\u0435\u0434\u044b.<\/p>\n<\/li>\n<li data-start=\"985\" data-end=\"1084\">\n<p data-start=\"987\" data-end=\"1084\"><strong data-start=\"987\" data-end=\"1008\">\u041f\u043e\u043b\u0438\u043a\u0432\u0430\u0442\u0435\u0440\u043d\u0438\u0443\u043c-10<\/strong> \u0443\u043a\u0440\u0435\u043f\u043b\u044f\u0435\u0442 \u0437\u0430\u0449\u0438\u0442\u043d\u044b\u0439 \u0441\u043b\u043e\u0439 \u0432\u043e\u043b\u043e\u0441, \u0441\u043d\u0438\u043c\u0430\u0435\u0442 \u0441\u0442\u0430\u0442\u0438\u0447\u0435\u0441\u043a\u043e\u0435 \u044d\u043b\u0435\u043a\u0442\u0440\u0438\u0447\u0435\u0441\u0442\u0432\u043e \u0438 \u043f\u0440\u0438\u0434\u0430\u0435\u0442 \u043e\u0431\u044a\u0435\u043c.<\/p>\n<\/li>\n<li data-start=\"1085\" data-end=\"1241\">\n<p data-start=\"1087\" data-end=\"1241\"><strong data-start=\"1087\" data-end=\"1102\">\u044f\u0431\u043b\u043e\u0447\u043d\u044b\u0439 \u0443\u043a\u0441\u0443\u0441<\/strong> \u0431\u0430\u043b\u0430\u043d\u0441\u0438\u0440\u0443\u0435\u0442 pH \u043a\u043e\u0436\u0438 \u0433\u043e\u043b\u043e\u0432\u044b, \u0441\u0442\u0438\u043c\u0443\u043b\u0438\u0440\u0443\u0435\u0442 \u0437\u0434\u043e\u0440\u043e\u0432\u044b\u0439 \u0440\u043e\u0441\u0442 \u0432\u043e\u043b\u043e\u0441, \u043f\u0440\u0438\u0434\u0430\u0435\u0442 \u0431\u043b\u0435\u0441\u043a, \u043e\u0447\u0438\u0449\u0430\u0435\u0442 \u0438 \u043e\u0441\u0432\u0435\u0436\u0430\u0435\u0442, \u0431\u043e\u0440\u0435\u0442\u0441\u044f \u0441 \u043f\u0435\u0440\u0445\u043e\u0442\u044c\u044e \u0438 \u0443\u043b\u0443\u0447\u0448\u0430\u0435\u0442 \u043a\u0440\u043e\u0432\u043e\u043e\u0431\u0440\u0430\u0449\u0435\u043d\u0438\u0435.<\/p>\n<\/li>\n<li data-start=\"1242\" data-end=\"1322\">\n<p data-start=\"1244\" data-end=\"1322\"><strong data-start=\"1244\" data-end=\"1267\">BHA (\u0441\u0430\u043b\u0438\u0446\u0438\u043b\u043e\u0432\u0430\u044f \u043a\u0438\u0441\u043b\u043e\u0442\u0430)<\/strong> \u042d\u0444\u0444\u0435\u043a\u0442\u0438\u0432\u043d\u043e \u043e\u0447\u0438\u0449\u0430\u0435\u0442 \u043a\u043e\u0436\u0443 \u0433\u043e\u043b\u043e\u0432\u044b \u0438 \u043e\u0442\u0448\u0435\u043b\u0443\u0448\u0438\u0432\u0430\u0435\u0442 \u043e\u043c\u0435\u0440\u0442\u0432\u0435\u0432\u0448\u0438\u0435 \u043a\u043b\u0435\u0442\u043a\u0438 \u043a\u043e\u0436\u0438.<\/p>\n<\/li>\n<li data-start=\"1323\" data-end=\"1415\">\n<p data-start=\"1325\" data-end=\"1415\"><strong data-start=\"1325\" data-end=\"1347\">\u042d\u043a\u0441\u0442\u0440\u0430\u043a\u0442 \u043c\u0430\u0433\u043d\u043e\u043b\u0438\u0438<\/strong> \u0443\u0441\u043f\u043e\u043a\u0430\u0438\u0432\u0430\u0435\u0442 \u0438 \u043e\u043a\u0430\u0437\u044b\u0432\u0430\u0435\u0442 \u0430\u043d\u0442\u0438\u0441\u0435\u043f\u0442\u0438\u0447\u0435\u0441\u043a\u043e\u0435 \u0434\u0435\u0439\u0441\u0442\u0432\u0438\u0435, \u0441\u043d\u0438\u043c\u0430\u0435\u0442 \u0440\u0430\u0437\u0434\u0440\u0430\u0436\u0435\u043d\u0438\u0435 \u0438 \u0437\u0443\u0434.<\/p>\n<\/li>\n<li data-start=\"1416\" data-end=\"1510\">\n<p data-start=\"1418\" data-end=\"1510\"><strong data-start=\"1418\" data-end=\"1437\">\u041a\u0430\u0440\u0442\u043e\u0444\u0435\u043b\u044c\u043d\u044b\u0439 \u044d\u043a\u0441\u0442\u0440\u0430\u043a\u0442<\/strong> \u0443\u0441\u0442\u0440\u0430\u043d\u044f\u0435\u0442 \u0441\u0443\u0445\u043e\u0441\u0442\u044c, \u0441\u043c\u044f\u0433\u0447\u0430\u0435\u0442 \u0438 \u0440\u0430\u0437\u0433\u043b\u0430\u0436\u0438\u0432\u0430\u0435\u0442 \u0432\u043e\u043b\u043e\u0441\u044b, \u0434\u0435\u043b\u0430\u044f \u0438\u0445 \u0431\u043e\u043b\u0435\u0435 \u044d\u043b\u0430\u0441\u0442\u0438\u0447\u043d\u044b\u043c\u0438.<\/p>\n<\/li>\n<\/ul>\n<p data-start=\"1512\" data-end=\"1541\">\u041f\u043e\u0434\u0445\u043e\u0434\u0438\u0442 \u0434\u043b\u044f \u0436\u0438\u0440\u043d\u043e\u0439 \u043a\u043e\u0436\u0438 \u0433\u043e\u043b\u043e\u0432\u044b.<\/p>\n<p data-start=\"1543\" data-end=\"1678\"><strong data-start=\"1543\" data-end=\"1559\">\u0421\u043f\u043e\u0441\u043e\u0431 \u043f\u0440\u0438\u043c\u0435\u043d\u0435\u043d\u0438\u044f:<\/strong><br data-start=\"1559\" data-end=\"1562\" \/>\u041d\u0430\u043d\u0435\u0441\u0438\u0442\u0435 \u0448\u0430\u043c\u043f\u0443\u043d\u044c \u043d\u0430 \u0432\u043b\u0430\u0436\u043d\u044b\u0435 \u0447\u0438\u0441\u0442\u044b\u0435 \u0432\u043e\u043b\u043e\u0441\u044b \u0438 \u043a\u043e\u0436\u0443 \u0433\u043e\u043b\u043e\u0432\u044b, \u043f\u043e\u043c\u0430\u0441\u0441\u0438\u0440\u0443\u0439\u0442\u0435 2-3 \u043c\u0438\u043d\u0443\u0442\u044b \u0438 \u0442\u0449\u0430\u0442\u0435\u043b\u044c\u043d\u043e \u0441\u043c\u043e\u0439\u0442\u0435 \u0442\u0435\u043f\u043b\u043e\u0439 \u0432\u043e\u0434\u043e\u0439.<\/p>","protected":false},"excerpt":{"rendered":"<p>\u0428\u0430\u043c\u043f\u0443\u043d\u044c Masil 5 Probiotics Apple Vinegar \u0433\u043b\u0443\u0431\u043e\u043a\u043e \u043e\u0447\u0438\u0449\u0430\u0435\u0442, \u043d\u0435 \u0432\u044b\u0437\u044b\u0432\u0430\u044f \u0441\u0443\u0445\u043e\u0441\u0442\u0438 \u0438 \u0448\u0435\u043b\u0443\u0448\u0435\u043d\u0438\u044f. \u0421\u043c\u044f\u0433\u0447\u0430\u0435\u0442 \u0432\u043e\u043b\u043e\u0441\u044b \u0438 \u0434\u0435\u043b\u0430\u0435\u0442 \u0438\u0445 \u0431\u043e\u043b\u0435\u0435 \u043f\u043e\u0441\u043b\u0443\u0448\u043d\u044b\u043c\u0438. \u041e\u0442\u0448\u0435\u043b\u0443\u0448\u0438\u0432\u0430\u0435\u0442 \u043e\u043c\u0435\u0440\u0442\u0432\u0435\u0432\u0448\u0438\u0435 \u043a\u043b\u0435\u0442\u043a\u0438, \u0443\u0432\u043b\u0430\u0436\u043d\u044f\u0435\u0442 \u0438 \u043f\u0438\u0442\u0430\u0435\u0442 \u043a\u043e\u0436\u0443 \u0433\u043e\u043b\u043e\u0432\u044b, \u0443\u043a\u0440\u0435\u043f\u043b\u044f\u044f \u0435\u0451 \u0437\u0430\u0449\u0438\u0442\u043d\u044b\u0439 \u0431\u0430\u0440\u044c\u0435\u0440. \u0421\u043f\u043e\u0441\u043e\u0431\u0441\u0442\u0432\u0443\u0435\u0442 \u0432\u043e\u0441\u0441\u0442\u0430\u043d\u043e\u0432\u043b\u0435\u043d\u0438\u044e \u0433\u0438\u0434\u0440\u043e\u043b\u0438\u043f\u0438\u0434\u043d\u043e\u0433\u043e \u0431\u0430\u043b\u0430\u043d\u0441\u0430, \u0443\u043c\u0435\u043d\u044c\u0448\u0430\u0435\u0442 \u0436\u0438\u0440\u043d\u043e\u0441\u0442\u044c \u043a\u043e\u0436\u0438 \u0433\u043e\u043b\u043e\u0432\u044b \u0438 \u0440\u0435\u0433\u0443\u043b\u0438\u0440\u0443\u0435\u0442 \u0440\u0430\u0431\u043e\u0442\u0443 \u0441\u0430\u043b\u044c\u043d\u044b\u0445 \u0436\u0435\u043b\u0435\u0437. \u0411\u0435\u0440\u0435\u0436\u043d\u043e \u0443\u0434\u0430\u043b\u044f\u0435\u0442 \u0437\u0430\u0433\u0440\u044f\u0437\u043d\u0435\u043d\u0438\u044f, \u043e\u043a\u0430\u0437\u044b\u0432\u0430\u0435\u0442 \u0430\u043d\u0442\u0438\u0431\u0430\u043a\u0442\u0435\u0440\u0438\u0430\u043b\u044c\u043d\u043e\u0435 \u0434\u0435\u0439\u0441\u0442\u0432\u0438\u0435 \u0438 \u0443\u043a\u0440\u0435\u043f\u043b\u044f\u0435\u0442 \u043e\u0441\u043b\u0430\u0431\u043b\u0435\u043d\u043d\u044b\u0435 \u0432\u043e\u043b\u043e\u0441\u044b. \u0421\u043d\u0438\u043c\u0430\u0435\u0442 \u0437\u0443\u0434 \u0438 \u0440\u0430\u0437\u0434\u0440\u0430\u0436\u0435\u043d\u0438\u0435\u2026<\/p>","protected":false},"featured_media":15269,"comment_status":"open","ping_status":"closed","template":"","meta":{"_uf_show_specific_survey":0,"_uf_disable_surveys":false,"_bst_post_transparent":"default","_bst_post_title":"","_bst_post_layout":"default","_bst_post_sidebar_id":"","_bst_post_content_style":"default","_bst_post_vertical_padding":"default","_bst_post_feature":"","_bst_post_feature_position":"","_bst_post_header":false,"_bst_post_footer":false},"pwb-brand":[489],"product_brand":[],"product_cat":[923],"product_tag":[962,964],"class_list":{"0":"post-15268","1":"product","2":"type-product","3":"status-publish","4":"has-post-thumbnail","6":"pwb-brand-masil","7":"product_cat-juuksed","8":"product_tag-masil-sampoon","9":"product_tag-ounaaadika-sampoon","11":"first","12":"instock","13":"sale","14":"shipping-taxable","15":"purchasable","16":"product-type-simple","17":"entry","18":"content-bg","19":"loop-entry"},"supplier_id":null,"supplier_sku":"","barcode":null,"atum_controlled":true,"out_stock_date":null,"out_stock_threshold":null,"inheritable":false,"inbound_stock":0,"stock_on_hold":0,"sold_today":0,"sales_last_days":0,"out_stock_days":0,"lost_sales":0,"has_location":false,"update_date":"2026-04-14T00:05:03","atum_locations":[],"atum_stock_status":"instock","restock_status":false,"low_stock_amount":"","sales_update_date":"2026-04-14T00:05:03","calc_backorders":null,"yoast_head":"<!-- This site is optimized with the Yoast SEO plugin v27.2 - https:\/\/yoast.com\/product\/yoast-seo-wordpress\/ -->\n<title>Masil 5 Probiotics Apple Vinegar Shampoo, 8ml - IDA.KOREA<\/title>\n<meta name=\"description\" content=\"K\u00f5\u00f5mavastane Masil \u00f5una\u00e4\u00e4dikaga \u0161ampoon puhastab s\u00fcgavuti, v\u00e4hendab s\u00fcgelust ja rasusust, taastab peanaha tasakaalu. Sulfaadi- ja silikoonivaba.\" \/>\n<meta name=\"robots\" content=\"index, follow, max-snippet:-1, max-image-preview:large, max-video-preview:-1\" \/>\n<link rel=\"canonical\" href=\"https:\/\/idakorea.ee\/ru\/product\/masil-5-probiotics-apple-vinegar-shampoo-8ml\/\" \/>\n<meta property=\"og:locale\" content=\"ru_RU\" \/>\n<meta property=\"og:type\" content=\"article\" \/>\n<meta property=\"og:title\" content=\"Masil 5 Probiotics Apple Vinegar Shampoo, 8ml - IDA.KOREA\" \/>\n<meta property=\"og:description\" content=\"K\u00f5\u00f5mavastane Masil \u00f5una\u00e4\u00e4dikaga \u0161ampoon puhastab s\u00fcgavuti, v\u00e4hendab s\u00fcgelust ja rasusust, taastab peanaha tasakaalu. Sulfaadi- ja silikoonivaba.\" \/>\n<meta property=\"og:url\" content=\"https:\/\/idakorea.ee\/ru\/product\/masil-5-probiotics-apple-vinegar-shampoo-8ml\/\" \/>\n<meta property=\"og:site_name\" content=\"IDA.KOREA\" \/>\n<meta property=\"article:modified_time\" content=\"2026-01-29T14:34:40+00:00\" \/>\n<meta property=\"og:image\" content=\"https:\/\/idakorea.ee\/wp-content\/uploads\/2025\/07\/masil-5-probiotics-apple-vinegar-shampoo-idakorea.jpg\" \/>\n\t<meta property=\"og:image:width\" content=\"1042\" \/>\n\t<meta property=\"og:image:height\" content=\"1042\" \/>\n\t<meta property=\"og:image:type\" content=\"image\/jpeg\" \/>\n<meta name=\"twitter:card\" content=\"summary_large_image\" \/>\n<meta name=\"twitter:label1\" content=\"\u041f\u0440\u0438\u043c\u0435\u0440\u043d\u043e\u0435 \u0432\u0440\u0435\u043c\u044f \u0434\u043b\u044f \u0447\u0442\u0435\u043d\u0438\u044f\" \/>\n\t<meta name=\"twitter:data1\" content=\"1 \u043c\u0438\u043d\u0443\u0442\u0430\" \/>\n<script type=\"application\/ld+json\" class=\"yoast-schema-graph\">{\"@context\":\"https:\/\/schema.org\",\"@graph\":[{\"@type\":\"WebPage\",\"@id\":\"https:\/\/idakorea.ee\/product\/masil-5-probiotics-apple-vinegar-shampoo-8ml\/\",\"url\":\"https:\/\/idakorea.ee\/product\/masil-5-probiotics-apple-vinegar-shampoo-8ml\/\",\"name\":\"Masil 5 Probiotics Apple Vinegar Shampoo, 8ml - IDA.KOREA\",\"isPartOf\":{\"@id\":\"https:\/\/idakorea.ee\/#website\"},\"primaryImageOfPage\":{\"@id\":\"https:\/\/idakorea.ee\/product\/masil-5-probiotics-apple-vinegar-shampoo-8ml\/#primaryimage\"},\"image\":{\"@id\":\"https:\/\/idakorea.ee\/product\/masil-5-probiotics-apple-vinegar-shampoo-8ml\/#primaryimage\"},\"thumbnailUrl\":\"https:\/\/idakorea.ee\/wp-content\/uploads\/2025\/07\/masil-5-probiotics-apple-vinegar-shampoo-idakorea.jpg\",\"datePublished\":\"2025-07-22T07:00:22+00:00\",\"dateModified\":\"2026-01-29T14:34:40+00:00\",\"description\":\"K\u00f5\u00f5mavastane Masil \u00f5una\u00e4\u00e4dikaga \u0161ampoon puhastab s\u00fcgavuti, v\u00e4hendab s\u00fcgelust ja rasusust, taastab peanaha tasakaalu. Sulfaadi- ja silikoonivaba.\",\"breadcrumb\":{\"@id\":\"https:\/\/idakorea.ee\/product\/masil-5-probiotics-apple-vinegar-shampoo-8ml\/#breadcrumb\"},\"inLanguage\":\"ru-RU\",\"potentialAction\":[{\"@type\":\"ReadAction\",\"target\":[\"https:\/\/idakorea.ee\/product\/masil-5-probiotics-apple-vinegar-shampoo-8ml\/\"]}]},{\"@type\":\"ImageObject\",\"inLanguage\":\"ru-RU\",\"@id\":\"https:\/\/idakorea.ee\/product\/masil-5-probiotics-apple-vinegar-shampoo-8ml\/#primaryimage\",\"url\":\"https:\/\/idakorea.ee\/wp-content\/uploads\/2025\/07\/masil-5-probiotics-apple-vinegar-shampoo-idakorea.jpg\",\"contentUrl\":\"https:\/\/idakorea.ee\/wp-content\/uploads\/2025\/07\/masil-5-probiotics-apple-vinegar-shampoo-idakorea.jpg\",\"width\":1042,\"height\":1042},{\"@type\":\"BreadcrumbList\",\"@id\":\"https:\/\/idakorea.ee\/product\/masil-5-probiotics-apple-vinegar-shampoo-8ml\/#breadcrumb\",\"itemListElement\":[{\"@type\":\"ListItem\",\"position\":1,\"name\":\"\u0413\u043b\u0430\u0432\u043d\u0430\u044f \u0441\u0442\u0440\u0430\u043d\u0438\u0446\u0430\",\"item\":\"https:\/\/idakorea.ee\/\"},{\"@type\":\"ListItem\",\"position\":2,\"name\":\"Shop\",\"item\":\"https:\/\/idakorea.ee\/shop-2\/\"},{\"@type\":\"ListItem\",\"position\":3,\"name\":\"Probiootikumidega \u0161ampoon k\u00f5\u00f5ma vastu Masil 5 Probiotics Apple Vinegar Shampoo, 8ml\"}]},{\"@type\":\"WebSite\",\"@id\":\"https:\/\/idakorea.ee\/#website\",\"url\":\"https:\/\/idakorea.ee\/\",\"name\":\"IDA.KOREA\",\"description\":\"Korea kosmeetika e-pood\",\"publisher\":{\"@id\":\"https:\/\/idakorea.ee\/#organization\"},\"alternateName\":\"Beauty Shop\",\"potentialAction\":[{\"@type\":\"SearchAction\",\"target\":{\"@type\":\"EntryPoint\",\"urlTemplate\":\"https:\/\/idakorea.ee\/?s={search_term_string}\"},\"query-input\":{\"@type\":\"PropertyValueSpecification\",\"valueRequired\":true,\"valueName\":\"search_term_string\"}}],\"inLanguage\":\"ru-RU\"},{\"@type\":\"Organization\",\"@id\":\"https:\/\/idakorea.ee\/#organization\",\"name\":\"IDA.KOREA\",\"url\":\"https:\/\/idakorea.ee\/\",\"logo\":{\"@type\":\"ImageObject\",\"inLanguage\":\"ru-RU\",\"@id\":\"https:\/\/idakorea.ee\/#\/schema\/logo\/image\/\",\"url\":\"https:\/\/idakorea.ee\/wp-content\/uploads\/2024\/05\/cropped-korea3.png\",\"contentUrl\":\"https:\/\/idakorea.ee\/wp-content\/uploads\/2024\/05\/cropped-korea3.png\",\"width\":688,\"height\":126,\"caption\":\"IDA.KOREA\"},\"image\":{\"@id\":\"https:\/\/idakorea.ee\/#\/schema\/logo\/image\/\"},\"sameAs\":[\"https:\/\/www.instagram.com\/ida.korea\/\"]}]}<\/script>\n<!-- \/ Yoast SEO plugin. -->","yoast_head_json":{"title":"\u0428\u0430\u043c\u043f\u0443\u043d\u044c Masil 5 Probiotics \u0441 \u044f\u0431\u043b\u043e\u0447\u043d\u044b\u043c \u0443\u043a\u0441\u0443\u0441\u043e\u043c, 8 \u043c\u043b - IDA.KOREA","description":"\u0428\u0430\u043c\u043f\u0443\u043d\u044c Masil \u0441 \u044f\u0431\u043b\u043e\u0447\u043d\u044b\u043c \u0443\u043a\u0441\u0443\u0441\u043e\u043c \u043f\u0440\u043e\u0442\u0438\u0432 \u043f\u0435\u0440\u0445\u043e\u0442\u0438 \u0433\u043b\u0443\u0431\u043e\u043a\u043e \u043e\u0447\u0438\u0449\u0430\u0435\u0442, \u0443\u043c\u0435\u043d\u044c\u0448\u0430\u0435\u0442 \u0437\u0443\u0434 \u0438 \u0436\u0438\u0440\u043d\u043e\u0441\u0442\u044c, \u0432\u043e\u0441\u0441\u0442\u0430\u043d\u0430\u0432\u043b\u0438\u0432\u0430\u0435\u0442 \u0431\u0430\u043b\u0430\u043d\u0441 \u043a\u043e\u0436\u0438 \u0433\u043e\u043b\u043e\u0432\u044b. \u041d\u0435 \u0441\u043e\u0434\u0435\u0440\u0436\u0438\u0442 \u0441\u0443\u043b\u044c\u0444\u0430\u0442\u043e\u0432 \u0438 \u0441\u0438\u043b\u0438\u043a\u043e\u043d\u0430.","robots":{"index":"index","follow":"follow","max-snippet":"max-snippet:-1","max-image-preview":"max-image-preview:large","max-video-preview":"max-video-preview:-1"},"canonical":"https:\/\/idakorea.ee\/ru\/product\/masil-5-probiotics-apple-vinegar-shampoo-8ml\/","og_locale":"ru_RU","og_type":"article","og_title":"Masil 5 Probiotics Apple Vinegar Shampoo, 8ml - IDA.KOREA","og_description":"K\u00f5\u00f5mavastane Masil \u00f5una\u00e4\u00e4dikaga \u0161ampoon puhastab s\u00fcgavuti, v\u00e4hendab s\u00fcgelust ja rasusust, taastab peanaha tasakaalu. Sulfaadi- ja silikoonivaba.","og_url":"https:\/\/idakorea.ee\/ru\/product\/masil-5-probiotics-apple-vinegar-shampoo-8ml\/","og_site_name":"IDA.KOREA","article_modified_time":"2026-01-29T14:34:40+00:00","og_image":[{"width":1042,"height":1042,"url":"https:\/\/idakorea.ee\/wp-content\/uploads\/2025\/07\/masil-5-probiotics-apple-vinegar-shampoo-idakorea.jpg","type":"image\/jpeg"}],"twitter_card":"summary_large_image","twitter_misc":{"\u041f\u0440\u0438\u043c\u0435\u0440\u043d\u043e\u0435 \u0432\u0440\u0435\u043c\u044f \u0434\u043b\u044f \u0447\u0442\u0435\u043d\u0438\u044f":"1 \u043c\u0438\u043d\u0443\u0442\u0430"},"schema":{"@context":"https:\/\/schema.org","@graph":[{"@type":"WebPage","@id":"https:\/\/idakorea.ee\/product\/masil-5-probiotics-apple-vinegar-shampoo-8ml\/","url":"https:\/\/idakorea.ee\/product\/masil-5-probiotics-apple-vinegar-shampoo-8ml\/","name":"\u0428\u0430\u043c\u043f\u0443\u043d\u044c Masil 5 Probiotics \u0441 \u044f\u0431\u043b\u043e\u0447\u043d\u044b\u043c \u0443\u043a\u0441\u0443\u0441\u043e\u043c, 8 \u043c\u043b - IDA.KOREA","isPartOf":{"@id":"https:\/\/idakorea.ee\/#website"},"primaryImageOfPage":{"@id":"https:\/\/idakorea.ee\/product\/masil-5-probiotics-apple-vinegar-shampoo-8ml\/#primaryimage"},"image":{"@id":"https:\/\/idakorea.ee\/product\/masil-5-probiotics-apple-vinegar-shampoo-8ml\/#primaryimage"},"thumbnailUrl":"https:\/\/idakorea.ee\/wp-content\/uploads\/2025\/07\/masil-5-probiotics-apple-vinegar-shampoo-idakorea.jpg","datePublished":"2025-07-22T07:00:22+00:00","dateModified":"2026-01-29T14:34:40+00:00","description":"\u0428\u0430\u043c\u043f\u0443\u043d\u044c Masil \u0441 \u044f\u0431\u043b\u043e\u0447\u043d\u044b\u043c \u0443\u043a\u0441\u0443\u0441\u043e\u043c \u043f\u0440\u043e\u0442\u0438\u0432 \u043f\u0435\u0440\u0445\u043e\u0442\u0438 \u0433\u043b\u0443\u0431\u043e\u043a\u043e \u043e\u0447\u0438\u0449\u0430\u0435\u0442, \u0443\u043c\u0435\u043d\u044c\u0448\u0430\u0435\u0442 \u0437\u0443\u0434 \u0438 \u0436\u0438\u0440\u043d\u043e\u0441\u0442\u044c, \u0432\u043e\u0441\u0441\u0442\u0430\u043d\u0430\u0432\u043b\u0438\u0432\u0430\u0435\u0442 \u0431\u0430\u043b\u0430\u043d\u0441 \u043a\u043e\u0436\u0438 \u0433\u043e\u043b\u043e\u0432\u044b. \u041d\u0435 \u0441\u043e\u0434\u0435\u0440\u0436\u0438\u0442 \u0441\u0443\u043b\u044c\u0444\u0430\u0442\u043e\u0432 \u0438 \u0441\u0438\u043b\u0438\u043a\u043e\u043d\u0430.","breadcrumb":{"@id":"https:\/\/idakorea.ee\/product\/masil-5-probiotics-apple-vinegar-shampoo-8ml\/#breadcrumb"},"inLanguage":"ru-RU","potentialAction":[{"@type":"ReadAction","target":["https:\/\/idakorea.ee\/product\/masil-5-probiotics-apple-vinegar-shampoo-8ml\/"]}]},{"@type":"ImageObject","inLanguage":"ru-RU","@id":"https:\/\/idakorea.ee\/product\/masil-5-probiotics-apple-vinegar-shampoo-8ml\/#primaryimage","url":"https:\/\/idakorea.ee\/wp-content\/uploads\/2025\/07\/masil-5-probiotics-apple-vinegar-shampoo-idakorea.jpg","contentUrl":"https:\/\/idakorea.ee\/wp-content\/uploads\/2025\/07\/masil-5-probiotics-apple-vinegar-shampoo-idakorea.jpg","width":1042,"height":1042},{"@type":"BreadcrumbList","@id":"https:\/\/idakorea.ee\/product\/masil-5-probiotics-apple-vinegar-shampoo-8ml\/#breadcrumb","itemListElement":[{"@type":"ListItem","position":1,"name":"\u0413\u043b\u0430\u0432\u043d\u0430\u044f \u0441\u0442\u0440\u0430\u043d\u0438\u0446\u0430","item":"https:\/\/idakorea.ee\/"},{"@type":"ListItem","position":2,"name":"Shop","item":"https:\/\/idakorea.ee\/shop-2\/"},{"@type":"ListItem","position":3,"name":"Probiootikumidega \u0161ampoon k\u00f5\u00f5ma vastu Masil 5 Probiotics Apple Vinegar Shampoo, 8ml"}]},{"@type":"WebSite","@id":"https:\/\/idakorea.ee\/#website","url":"https:\/\/idakorea.ee\/","name":"\u0418\u0414\u0410.\u041a\u041e\u0420\u0415\u042f","description":"\u0418\u043d\u0442\u0435\u0440\u043d\u0435\u0442-\u043c\u0430\u0433\u0430\u0437\u0438\u043d \u043a\u043e\u0440\u0435\u0439\u0441\u043a\u043e\u0439 \u043a\u043e\u0441\u043c\u0435\u0442\u0438\u043a\u0438","publisher":{"@id":"https:\/\/idakorea.ee\/#organization"},"alternateName":"Beauty Shop","potentialAction":[{"@type":"SearchAction","target":{"@type":"EntryPoint","urlTemplate":"https:\/\/idakorea.ee\/?s={search_term_string}"},"query-input":{"@type":"PropertyValueSpecification","valueRequired":true,"valueName":"search_term_string"}}],"inLanguage":"ru-RU"},{"@type":"Organization","@id":"https:\/\/idakorea.ee\/#organization","name":"\u0418\u0414\u0410.\u041a\u041e\u0420\u0415\u042f","url":"https:\/\/idakorea.ee\/","logo":{"@type":"ImageObject","inLanguage":"ru-RU","@id":"https:\/\/idakorea.ee\/#\/schema\/logo\/image\/","url":"https:\/\/idakorea.ee\/wp-content\/uploads\/2024\/05\/cropped-korea3.png","contentUrl":"https:\/\/idakorea.ee\/wp-content\/uploads\/2024\/05\/cropped-korea3.png","width":688,"height":126,"caption":"IDA.KOREA"},"image":{"@id":"https:\/\/idakorea.ee\/#\/schema\/logo\/image\/"},"sameAs":["https:\/\/www.instagram.com\/ida.korea\/"]}]}},"jetpack_sharing_enabled":true,"brands":[{"id":489,"name":"MASIL","slug":"masil"}],"_links":{"self":[{"href":"https:\/\/idakorea.ee\/ru\/wp-json\/wp\/v2\/product\/15268","targetHints":{"allow":["GET"]}}],"collection":[{"href":"https:\/\/idakorea.ee\/ru\/wp-json\/wp\/v2\/product"}],"about":[{"href":"https:\/\/idakorea.ee\/ru\/wp-json\/wp\/v2\/types\/product"}],"replies":[{"embeddable":true,"href":"https:\/\/idakorea.ee\/ru\/wp-json\/wp\/v2\/comments?post=15268"}],"version-history":[{"count":3,"href":"https:\/\/idakorea.ee\/ru\/wp-json\/wp\/v2\/product\/15268\/revisions"}],"predecessor-version":[{"id":17479,"href":"https:\/\/idakorea.ee\/ru\/wp-json\/wp\/v2\/product\/15268\/revisions\/17479"}],"wp:featuredmedia":[{"embeddable":true,"href":"https:\/\/idakorea.ee\/ru\/wp-json\/wp\/v2\/media\/15269"}],"wp:attachment":[{"href":"https:\/\/idakorea.ee\/ru\/wp-json\/wp\/v2\/media?parent=15268"}],"wp:term":[{"taxonomy":"pwb-brand","embeddable":true,"href":"https:\/\/idakorea.ee\/ru\/wp-json\/wp\/v2\/pwb-brand?post=15268"},{"taxonomy":"product_brand","embeddable":true,"href":"https:\/\/idakorea.ee\/ru\/wp-json\/wp\/v2\/product_brand?post=15268"},{"taxonomy":"product_cat","embeddable":true,"href":"https:\/\/idakorea.ee\/ru\/wp-json\/wp\/v2\/product_cat?post=15268"},{"taxonomy":"product_tag","embeddable":true,"href":"https:\/\/idakorea.ee\/ru\/wp-json\/wp\/v2\/product_tag?post=15268"}],"curies":[{"name":"WP","href":"https:\/\/api.w.org\/{rel}","templated":true}]}}