{"id":15458,"date":"2025-08-08T11:02:05","date_gmt":"2025-08-08T08:02:05","guid":{"rendered":"https:\/\/idakorea.ee\/?post_type=product&#038;p=15458"},"modified":"2026-02-01T23:48:50","modified_gmt":"2026-02-01T21:48:50","slug":"wellderma-face-body-ceramic-gua-sha","status":"publish","type":"product","link":"https:\/\/idakorea.ee\/ru\/product\/wellderma-face-body-ceramic-gua-sha\/","title":{"rendered":"\u041a\u0435\u0440\u0430\u043c\u0438\u0447\u0435\u0441\u043a\u0438\u0439 \u0433\u0443\u0430\u0448\u0430 \u0434\u043b\u044f \u043b\u0438\u0446\u0430 \u0438 \u0442\u0435\u043b\u0430 Wellderma Face &amp; Body Ceramic Gua Sha"},"content":{"rendered":"<p data-start=\"45\" data-end=\"212\">\u041a\u0435\u0440\u0430\u043c\u0438\u0447\u0435\u0441\u043a\u0430\u044f \u0433\u0443\u0430\u0448\u0430 Wellderma \u043f\u0440\u0435\u0434\u043d\u0430\u0437\u043d\u0430\u0447\u0435\u043d\u0430 \u0434\u043b\u044f \u043c\u0430\u0441\u0441\u0430\u0436\u0430 \u043b\u0438\u0446\u0430 \u0438 \u0442\u0435\u043b\u0430, \u043f\u043e\u043c\u043e\u0433\u0430\u0435\u0442 \u0443\u043b\u0443\u0447\u0448\u0438\u0442\u044c \u043a\u0440\u043e\u0432\u043e\u043e\u0431\u0440\u0430\u0449\u0435\u043d\u0438\u0435, \u0441\u043d\u044f\u0442\u044c \u043c\u044b\u0448\u0435\u0447\u043d\u043e\u0435 \u043d\u0430\u043f\u0440\u044f\u0436\u0435\u043d\u0438\u0435 \u0438 \u043f\u0440\u0438\u0434\u0430\u0442\u044c \u043a\u043e\u0436\u0435 \u0431\u043e\u043b\u0435\u0435 \u0437\u0434\u043e\u0440\u043e\u0432\u044b\u0439 \u0438 \u043c\u043e\u043b\u043e\u0434\u043e\u0439 \u0432\u0438\u0434.<\/p>\n<p data-start=\"214\" data-end=\"228\"><strong data-start=\"214\" data-end=\"226\">\u041f\u0440\u0435\u0438\u043c\u0443\u0449\u0435\u0441\u0442\u0432\u0430:<\/strong><\/p>\n<ul data-start=\"229\" data-end=\"545\">\n<li data-start=\"229\" data-end=\"309\">\n<p data-start=\"231\" data-end=\"309\">\u0421\u0442\u0438\u043c\u0443\u043b\u0438\u0440\u0443\u0435\u0442 \u043c\u0438\u043a\u0440\u043e\u0446\u0438\u0440\u043a\u0443\u043b\u044f\u0446\u0438\u044e, \u0443\u043b\u0443\u0447\u0448\u0430\u044f \u043e\u0431\u043c\u0435\u043d \u0432\u0435\u0449\u0435\u0441\u0442\u0432 \u0438 \u044d\u043b\u0430\u0441\u0442\u0438\u0447\u043d\u043e\u0441\u0442\u044c \u043a\u043e\u0436\u0438.<\/p>\n<\/li>\n<li data-start=\"310\" data-end=\"362\">\n<p data-start=\"312\" data-end=\"362\">\u0423\u043c\u0435\u043d\u044c\u0448\u0430\u0435\u0442 \u043e\u0442\u0435\u0447\u043d\u043e\u0441\u0442\u044c \u0438 \u043f\u043e\u043c\u043e\u0433\u0430\u0435\u0442 \u0441\u0444\u043e\u0440\u043c\u0438\u0440\u043e\u0432\u0430\u0442\u044c \u043a\u043e\u043d\u0442\u0443\u0440\u044b \u043b\u0438\u0446\u0430.<\/p>\n<\/li>\n<li data-start=\"363\" data-end=\"426\">\n<p data-start=\"365\" data-end=\"426\">\u0420\u0430\u0441\u0441\u043b\u0430\u0431\u043b\u044f\u0435\u0442 \u043d\u0430\u043f\u0440\u044f\u0436\u0435\u043d\u043d\u044b\u0435 \u043c\u044b\u0448\u0446\u044b, \u0441\u043d\u0438\u043c\u0430\u044f \u0441\u0442\u0440\u0435\u0441\u0441 \u0438 \u0443\u0441\u0442\u0430\u043b\u043e\u0441\u0442\u044c.<\/p>\n<\/li>\n<li data-start=\"427\" data-end=\"468\">\n<p data-start=\"429\" data-end=\"468\">\u041f\u043e\u0434\u0445\u043e\u0434\u0438\u0442 \u0434\u043b\u044f \u043c\u0430\u0441\u0441\u0430\u0436\u0430 \u043b\u0438\u0446\u0430 \u0438 \u0442\u0435\u043b\u0430.<\/p>\n<\/li>\n<li data-start=\"469\" data-end=\"545\">\n<p data-start=\"471\" data-end=\"545\">\u041a\u0435\u0440\u0430\u043c\u0438\u0447\u0435\u0441\u043a\u0438\u0439 \u043c\u0430\u0442\u0435\u0440\u0438\u0430\u043b \u043f\u0440\u0438\u044f\u0442\u0435\u043d \u043d\u0430 \u043e\u0449\u0443\u043f\u044c, \u0433\u0438\u0433\u0438\u0435\u043d\u0438\u0447\u0435\u043d \u0438 \u043b\u0435\u0433\u043a\u043e \u0447\u0438\u0441\u0442\u0438\u0442\u0441\u044f.<\/p>\n<\/li>\n<\/ul>\n<p data-start=\"547\" data-end=\"733\"><strong data-start=\"547\" data-end=\"562\">\u0421\u043f\u043e\u0441\u043e\u0431 \u043f\u0440\u0438\u043c\u0435\u043d\u0435\u043d\u0438\u044f:<\/strong><br data-start=\"562\" data-end=\"565\" \/>\u041d\u0430\u043d\u0435\u0441\u0438\u0442\u0435 \u043d\u0430 \u043a\u043e\u0436\u0443 \u0441\u044b\u0432\u043e\u0440\u043e\u0442\u043a\u0443, \u043c\u0430\u0441\u043b\u043e \u0438\u043b\u0438 \u043a\u0440\u0435\u043c \u0434\u043b\u044f \u043b\u0443\u0447\u0448\u0435\u0433\u043e \u0441\u043a\u043e\u043b\u044c\u0436\u0435\u043d\u0438\u044f. \u041c\u044f\u0433\u043a\u043e \u043f\u043e\u043c\u0430\u0441\u0441\u0438\u0440\u0443\u0439\u0442\u0435 \u0433\u0443\u0430\u0448\u0430 \u0441\u043d\u0438\u0437\u0443 \u0432\u0432\u0435\u0440\u0445 \u0438 \u043e\u0442 \u0446\u0435\u043d\u0442\u0440\u0430 \u043a \u043a\u0440\u0430\u044f\u043c, \u0441\u043b\u0435\u0434\u0443\u044f \u0435\u0441\u0442\u0435\u0441\u0442\u0432\u0435\u043d\u043d\u044b\u043c \u043a\u043e\u043d\u0442\u0443\u0440\u0430\u043c \u043b\u0438\u0446\u0430 \u0438 \u0442\u0435\u043b\u0430.<\/p>\n<p data-start=\"735\" data-end=\"817\"><strong data-start=\"735\" data-end=\"748\">\u041c\u0430\u0442\u0435\u0440\u0438\u0430\u043b:<\/strong> \u0432\u044b\u0441\u043e\u043a\u043e\u043a\u0430\u0447\u0435\u0441\u0442\u0432\u0435\u043d\u043d\u0430\u044f \u043a\u0435\u0440\u0430\u043c\u0438\u043a\u0430<br data-start=\"778\" data-end=\"781\" \/><strong data-start=\"781\" data-end=\"791\">\u041f\u043e\u0434\u0445\u043e\u0434\u0438\u0442 \u0434\u043b\u044f:<\/strong> \u0434\u043b\u044f \u0432\u0441\u0435\u0445 \u0442\u0438\u043f\u043e\u0432 \u043a\u043e\u0436\u0438<\/p>","protected":false},"excerpt":{"rendered":"<p>\u041a\u0435\u0440\u0430\u043c\u0438\u0447\u0435\u0441\u043a\u0430\u044f \u0433\u0443\u0430\u0448\u0430 Wellderma \u043f\u0440\u0435\u0434\u043d\u0430\u0437\u043d\u0430\u0447\u0435\u043d\u0430 \u0434\u043b\u044f \u043c\u0430\u0441\u0441\u0430\u0436\u0430 \u043b\u0438\u0446\u0430 \u0438 \u0442\u0435\u043b\u0430, \u043f\u043e\u043c\u043e\u0433\u0430\u044f \u0443\u043b\u0443\u0447\u0448\u0438\u0442\u044c \u043a\u0440\u043e\u0432\u043e\u043e\u0431\u0440\u0430\u0449\u0435\u043d\u0438\u0435, \u0441\u043d\u044f\u0442\u044c \u043c\u044b\u0448\u0435\u0447\u043d\u043e\u0435 \u043d\u0430\u043f\u0440\u044f\u0436\u0435\u043d\u0438\u0435 \u0438 \u043f\u0440\u0438\u0434\u0430\u0442\u044c \u043a\u043e\u0436\u0435 \u0431\u043e\u043b\u0435\u0435 \u0437\u0434\u043e\u0440\u043e\u0432\u044b\u0439 \u0438 \u043c\u043e\u043b\u043e\u0434\u043e\u0439 \u0432\u0438\u0434. \u041f\u0440\u0435\u0438\u043c\u0443\u0449\u0435\u0441\u0442\u0432\u0430: \u0421\u0442\u0438\u043c\u0443\u043b\u0438\u0440\u0443\u0435\u0442 \u043c\u0438\u043a\u0440\u043e\u0446\u0438\u0440\u043a\u0443\u043b\u044f\u0446\u0438\u044e, \u0443\u043b\u0443\u0447\u0448\u0430\u044f \u043e\u0431\u043c\u0435\u043d \u0432\u0435\u0449\u0435\u0441\u0442\u0432 \u0438 \u044d\u043b\u0430\u0441\u0442\u0438\u0447\u043d\u043e\u0441\u0442\u044c \u043a\u043e\u0436\u0438. \u0423\u043c\u0435\u043d\u044c\u0448\u0430\u0435\u0442 \u043e\u0442\u0451\u043a\u0438 \u0438 \u043f\u043e\u043c\u043e\u0433\u0430\u0435\u0442 \u043a\u043e\u0440\u0440\u0435\u043a\u0442\u0438\u0440\u043e\u0432\u0430\u0442\u044c \u043a\u043e\u043d\u0442\u0443\u0440\u044b \u043b\u0438\u0446\u0430. \u0420\u0430\u0441\u0441\u043b\u0430\u0431\u043b\u044f\u0435\u0442 \u043d\u0430\u043f\u0440\u044f\u0436\u0451\u043d\u043d\u044b\u0435 \u043c\u044b\u0448\u0446\u044b, \u0441\u043d\u0438\u043c\u0430\u044f \u0441\u0442\u0440\u0435\u0441\u0441 \u0438 \u0443\u0441\u0442\u0430\u043b\u043e\u0441\u0442\u044c. \u041f\u043e\u0434\u0445\u043e\u0434\u0438\u0442 \u0434\u043b\u044f \u043c\u0430\u0441\u0441\u0430\u0436\u0430 \u043b\u0438\u0446\u0430 \u0438 \u0442\u0435\u043b\u0430. \u041a\u0435\u0440\u0430\u043c\u0438\u0447\u0435\u0441\u043a\u0438\u0439 \u043c\u0430\u0442\u0435\u0440\u0438\u0430\u043b \u043c\u044f\u0433\u043a\u043e \u0432\u043e\u0437\u0434\u0435\u0439\u0441\u0442\u0432\u0443\u0435\u0442 \u043d\u0430 \u043a\u043e\u0436\u0443,\u2026<\/p>","protected":false},"featured_media":15459,"comment_status":"open","ping_status":"closed","template":"","meta":{"_uf_show_specific_survey":0,"_uf_disable_surveys":false,"_bst_post_transparent":"default","_bst_post_title":"","_bst_post_layout":"default","_bst_post_sidebar_id":"","_bst_post_content_style":"default","_bst_post_vertical_padding":"default","_bst_post_feature":"","_bst_post_feature_position":"","_bst_post_header":false,"_bst_post_footer":false},"pwb-brand":[575],"product_brand":[],"product_cat":[463],"product_tag":[],"class_list":{"0":"post-15458","1":"product","2":"type-product","3":"status-publish","4":"has-post-thumbnail","6":"pwb-brand-wellderma","7":"product_cat-tarvikud","9":"first","10":"instock","11":"sale","12":"shipping-taxable","13":"purchasable","14":"product-type-simple","15":"entry","16":"content-bg","17":"loop-entry"},"supplier_id":null,"supplier_sku":"","barcode":null,"atum_controlled":true,"out_stock_date":null,"out_stock_threshold":null,"inheritable":false,"inbound_stock":0,"stock_on_hold":0,"sold_today":0,"sales_last_days":0,"out_stock_days":0,"lost_sales":0,"has_location":false,"update_date":"2026-04-14T00:05:05","atum_locations":[],"atum_stock_status":"instock","restock_status":false,"low_stock_amount":"","sales_update_date":"2026-04-14T00:05:05","calc_backorders":null,"yoast_head":"<!-- This site is optimized with the Yoast SEO plugin v27.2 - https:\/\/yoast.com\/product\/yoast-seo-wordpress\/ -->\n<title>Wellderma Face &amp; Body Ceramic Gua Sha - IDA.KOREA<\/title>\n<meta name=\"description\" content=\"Wellderma keraamiline gua sha on professionaalne massaa\u017eit\u00f6\u00f6riist, mis aitab parandada naha toonust, v\u00e4hendada turseid ja l\u00f5\u00f5gastada lihaseid.\" \/>\n<meta name=\"robots\" content=\"index, follow, max-snippet:-1, max-image-preview:large, max-video-preview:-1\" \/>\n<link rel=\"canonical\" href=\"https:\/\/idakorea.ee\/ru\/product\/wellderma-face-body-ceramic-gua-sha\/\" \/>\n<meta property=\"og:locale\" content=\"ru_RU\" \/>\n<meta property=\"og:type\" content=\"article\" \/>\n<meta property=\"og:title\" content=\"Wellderma Face &amp; Body Ceramic Gua Sha - IDA.KOREA\" \/>\n<meta property=\"og:description\" content=\"Wellderma keraamiline gua sha on professionaalne massaa\u017eit\u00f6\u00f6riist, mis aitab parandada naha toonust, v\u00e4hendada turseid ja l\u00f5\u00f5gastada lihaseid.\" \/>\n<meta property=\"og:url\" content=\"https:\/\/idakorea.ee\/ru\/product\/wellderma-face-body-ceramic-gua-sha\/\" \/>\n<meta property=\"og:site_name\" content=\"IDA.KOREA\" \/>\n<meta property=\"article:modified_time\" content=\"2026-02-01T21:48:50+00:00\" \/>\n<meta property=\"og:image\" content=\"https:\/\/idakorea.ee\/wp-content\/uploads\/2025\/08\/wellderma-face-body-ceramic-gua-sha-idakorea.jpg\" \/>\n\t<meta property=\"og:image:width\" content=\"520\" \/>\n\t<meta property=\"og:image:height\" content=\"646\" \/>\n\t<meta property=\"og:image:type\" content=\"image\/jpeg\" \/>\n<meta name=\"twitter:card\" content=\"summary_large_image\" \/>\n<meta name=\"twitter:label1\" content=\"\u041f\u0440\u0438\u043c\u0435\u0440\u043d\u043e\u0435 \u0432\u0440\u0435\u043c\u044f \u0434\u043b\u044f \u0447\u0442\u0435\u043d\u0438\u044f\" \/>\n\t<meta name=\"twitter:data1\" content=\"1 \u043c\u0438\u043d\u0443\u0442\u0430\" \/>\n<script type=\"application\/ld+json\" class=\"yoast-schema-graph\">{\"@context\":\"https:\/\/schema.org\",\"@graph\":[{\"@type\":\"WebPage\",\"@id\":\"https:\/\/idakorea.ee\/product\/wellderma-face-body-ceramic-gua-sha\/\",\"url\":\"https:\/\/idakorea.ee\/product\/wellderma-face-body-ceramic-gua-sha\/\",\"name\":\"Wellderma Face & Body Ceramic Gua Sha - IDA.KOREA\",\"isPartOf\":{\"@id\":\"https:\/\/idakorea.ee\/#website\"},\"primaryImageOfPage\":{\"@id\":\"https:\/\/idakorea.ee\/product\/wellderma-face-body-ceramic-gua-sha\/#primaryimage\"},\"image\":{\"@id\":\"https:\/\/idakorea.ee\/product\/wellderma-face-body-ceramic-gua-sha\/#primaryimage\"},\"thumbnailUrl\":\"https:\/\/idakorea.ee\/wp-content\/uploads\/2025\/08\/wellderma-face-body-ceramic-gua-sha-idakorea.jpg\",\"datePublished\":\"2025-08-08T08:02:05+00:00\",\"dateModified\":\"2026-02-01T21:48:50+00:00\",\"description\":\"Wellderma keraamiline gua sha on professionaalne massaa\u017eit\u00f6\u00f6riist, mis aitab parandada naha toonust, v\u00e4hendada turseid ja l\u00f5\u00f5gastada lihaseid.\",\"breadcrumb\":{\"@id\":\"https:\/\/idakorea.ee\/product\/wellderma-face-body-ceramic-gua-sha\/#breadcrumb\"},\"inLanguage\":\"ru-RU\",\"potentialAction\":[{\"@type\":\"ReadAction\",\"target\":[\"https:\/\/idakorea.ee\/product\/wellderma-face-body-ceramic-gua-sha\/\"]}]},{\"@type\":\"ImageObject\",\"inLanguage\":\"ru-RU\",\"@id\":\"https:\/\/idakorea.ee\/product\/wellderma-face-body-ceramic-gua-sha\/#primaryimage\",\"url\":\"https:\/\/idakorea.ee\/wp-content\/uploads\/2025\/08\/wellderma-face-body-ceramic-gua-sha-idakorea.jpg\",\"contentUrl\":\"https:\/\/idakorea.ee\/wp-content\/uploads\/2025\/08\/wellderma-face-body-ceramic-gua-sha-idakorea.jpg\",\"width\":520,\"height\":646},{\"@type\":\"BreadcrumbList\",\"@id\":\"https:\/\/idakorea.ee\/product\/wellderma-face-body-ceramic-gua-sha\/#breadcrumb\",\"itemListElement\":[{\"@type\":\"ListItem\",\"position\":1,\"name\":\"\u0413\u043b\u0430\u0432\u043d\u0430\u044f \u0441\u0442\u0440\u0430\u043d\u0438\u0446\u0430\",\"item\":\"https:\/\/idakorea.ee\/\"},{\"@type\":\"ListItem\",\"position\":2,\"name\":\"Shop\",\"item\":\"https:\/\/idakorea.ee\/shop-2\/\"},{\"@type\":\"ListItem\",\"position\":3,\"name\":\"Wellderma Face &#038; Body Ceramic Gua Sha\"}]},{\"@type\":\"WebSite\",\"@id\":\"https:\/\/idakorea.ee\/#website\",\"url\":\"https:\/\/idakorea.ee\/\",\"name\":\"IDA.KOREA\",\"description\":\"Korea kosmeetika e-pood\",\"publisher\":{\"@id\":\"https:\/\/idakorea.ee\/#organization\"},\"alternateName\":\"Beauty Shop\",\"potentialAction\":[{\"@type\":\"SearchAction\",\"target\":{\"@type\":\"EntryPoint\",\"urlTemplate\":\"https:\/\/idakorea.ee\/?s={search_term_string}\"},\"query-input\":{\"@type\":\"PropertyValueSpecification\",\"valueRequired\":true,\"valueName\":\"search_term_string\"}}],\"inLanguage\":\"ru-RU\"},{\"@type\":\"Organization\",\"@id\":\"https:\/\/idakorea.ee\/#organization\",\"name\":\"IDA.KOREA\",\"url\":\"https:\/\/idakorea.ee\/\",\"logo\":{\"@type\":\"ImageObject\",\"inLanguage\":\"ru-RU\",\"@id\":\"https:\/\/idakorea.ee\/#\/schema\/logo\/image\/\",\"url\":\"https:\/\/idakorea.ee\/wp-content\/uploads\/2024\/05\/cropped-korea3.png\",\"contentUrl\":\"https:\/\/idakorea.ee\/wp-content\/uploads\/2024\/05\/cropped-korea3.png\",\"width\":688,\"height\":126,\"caption\":\"IDA.KOREA\"},\"image\":{\"@id\":\"https:\/\/idakorea.ee\/#\/schema\/logo\/image\/\"},\"sameAs\":[\"https:\/\/www.instagram.com\/ida.korea\/\"]}]}<\/script>\n<!-- \/ Yoast SEO plugin. -->","yoast_head_json":{"title":"\u041a\u0435\u0440\u0430\u043c\u0438\u0447\u0435\u0441\u043a\u0430\u044f \u0433\u0443\u0430\u0448\u0430 \u0434\u043b\u044f \u043b\u0438\u0446\u0430 \u0438 \u0442\u0435\u043b\u0430 Wellderma - IDA.KOREA","description":"\u041a\u0435\u0440\u0430\u043c\u0438\u0447\u0435\u0441\u043a\u0430\u044f \u0433\u0443\u0430\u0448\u0430 Wellderma \u2014 \u043f\u0440\u043e\u0444\u0435\u0441\u0441\u0438\u043e\u043d\u0430\u043b\u044c\u043d\u044b\u0439 \u043c\u0430\u0441\u0441\u0430\u0436\u043d\u044b\u0439 \u0438\u043d\u0441\u0442\u0440\u0443\u043c\u0435\u043d\u0442, \u043a\u043e\u0442\u043e\u0440\u044b\u0439 \u043f\u043e\u043c\u043e\u0433\u0430\u0435\u0442 \u0443\u043b\u0443\u0447\u0448\u0438\u0442\u044c \u0442\u043e\u043d\u0443\u0441 \u043a\u043e\u0436\u0438, \u0443\u043c\u0435\u043d\u044c\u0448\u0438\u0442\u044c \u043e\u0442\u0435\u043a\u0438 \u0438 \u0440\u0430\u0441\u0441\u043b\u0430\u0431\u0438\u0442\u044c \u043c\u044b\u0448\u0446\u044b.","robots":{"index":"index","follow":"follow","max-snippet":"max-snippet:-1","max-image-preview":"max-image-preview:large","max-video-preview":"max-video-preview:-1"},"canonical":"https:\/\/idakorea.ee\/ru\/product\/wellderma-face-body-ceramic-gua-sha\/","og_locale":"ru_RU","og_type":"article","og_title":"Wellderma Face & Body Ceramic Gua Sha - IDA.KOREA","og_description":"Wellderma keraamiline gua sha on professionaalne massaa\u017eit\u00f6\u00f6riist, mis aitab parandada naha toonust, v\u00e4hendada turseid ja l\u00f5\u00f5gastada lihaseid.","og_url":"https:\/\/idakorea.ee\/ru\/product\/wellderma-face-body-ceramic-gua-sha\/","og_site_name":"IDA.KOREA","article_modified_time":"2026-02-01T21:48:50+00:00","og_image":[{"width":520,"height":646,"url":"https:\/\/idakorea.ee\/wp-content\/uploads\/2025\/08\/wellderma-face-body-ceramic-gua-sha-idakorea.jpg","type":"image\/jpeg"}],"twitter_card":"summary_large_image","twitter_misc":{"\u041f\u0440\u0438\u043c\u0435\u0440\u043d\u043e\u0435 \u0432\u0440\u0435\u043c\u044f \u0434\u043b\u044f \u0447\u0442\u0435\u043d\u0438\u044f":"1 \u043c\u0438\u043d\u0443\u0442\u0430"},"schema":{"@context":"https:\/\/schema.org","@graph":[{"@type":"WebPage","@id":"https:\/\/idakorea.ee\/product\/wellderma-face-body-ceramic-gua-sha\/","url":"https:\/\/idakorea.ee\/product\/wellderma-face-body-ceramic-gua-sha\/","name":"\u041a\u0435\u0440\u0430\u043c\u0438\u0447\u0435\u0441\u043a\u0430\u044f \u0433\u0443\u0430\u0448\u0430 \u0434\u043b\u044f \u043b\u0438\u0446\u0430 \u0438 \u0442\u0435\u043b\u0430 Wellderma - IDA.KOREA","isPartOf":{"@id":"https:\/\/idakorea.ee\/#website"},"primaryImageOfPage":{"@id":"https:\/\/idakorea.ee\/product\/wellderma-face-body-ceramic-gua-sha\/#primaryimage"},"image":{"@id":"https:\/\/idakorea.ee\/product\/wellderma-face-body-ceramic-gua-sha\/#primaryimage"},"thumbnailUrl":"https:\/\/idakorea.ee\/wp-content\/uploads\/2025\/08\/wellderma-face-body-ceramic-gua-sha-idakorea.jpg","datePublished":"2025-08-08T08:02:05+00:00","dateModified":"2026-02-01T21:48:50+00:00","description":"\u041a\u0435\u0440\u0430\u043c\u0438\u0447\u0435\u0441\u043a\u0430\u044f \u0433\u0443\u0430\u0448\u0430 Wellderma \u2014 \u043f\u0440\u043e\u0444\u0435\u0441\u0441\u0438\u043e\u043d\u0430\u043b\u044c\u043d\u044b\u0439 \u043c\u0430\u0441\u0441\u0430\u0436\u043d\u044b\u0439 \u0438\u043d\u0441\u0442\u0440\u0443\u043c\u0435\u043d\u0442, \u043a\u043e\u0442\u043e\u0440\u044b\u0439 \u043f\u043e\u043c\u043e\u0433\u0430\u0435\u0442 \u0443\u043b\u0443\u0447\u0448\u0438\u0442\u044c \u0442\u043e\u043d\u0443\u0441 \u043a\u043e\u0436\u0438, \u0443\u043c\u0435\u043d\u044c\u0448\u0438\u0442\u044c \u043e\u0442\u0435\u043a\u0438 \u0438 \u0440\u0430\u0441\u0441\u043b\u0430\u0431\u0438\u0442\u044c \u043c\u044b\u0448\u0446\u044b.","breadcrumb":{"@id":"https:\/\/idakorea.ee\/product\/wellderma-face-body-ceramic-gua-sha\/#breadcrumb"},"inLanguage":"ru-RU","potentialAction":[{"@type":"ReadAction","target":["https:\/\/idakorea.ee\/product\/wellderma-face-body-ceramic-gua-sha\/"]}]},{"@type":"ImageObject","inLanguage":"ru-RU","@id":"https:\/\/idakorea.ee\/product\/wellderma-face-body-ceramic-gua-sha\/#primaryimage","url":"https:\/\/idakorea.ee\/wp-content\/uploads\/2025\/08\/wellderma-face-body-ceramic-gua-sha-idakorea.jpg","contentUrl":"https:\/\/idakorea.ee\/wp-content\/uploads\/2025\/08\/wellderma-face-body-ceramic-gua-sha-idakorea.jpg","width":520,"height":646},{"@type":"BreadcrumbList","@id":"https:\/\/idakorea.ee\/product\/wellderma-face-body-ceramic-gua-sha\/#breadcrumb","itemListElement":[{"@type":"ListItem","position":1,"name":"\u0413\u043b\u0430\u0432\u043d\u0430\u044f \u0441\u0442\u0440\u0430\u043d\u0438\u0446\u0430","item":"https:\/\/idakorea.ee\/"},{"@type":"ListItem","position":2,"name":"Shop","item":"https:\/\/idakorea.ee\/shop-2\/"},{"@type":"ListItem","position":3,"name":"Wellderma Face &#038; Body Ceramic Gua Sha"}]},{"@type":"WebSite","@id":"https:\/\/idakorea.ee\/#website","url":"https:\/\/idakorea.ee\/","name":"\u0418\u0414\u0410.\u041a\u041e\u0420\u0415\u042f","description":"\u0418\u043d\u0442\u0435\u0440\u043d\u0435\u0442-\u043c\u0430\u0433\u0430\u0437\u0438\u043d \u043a\u043e\u0440\u0435\u0439\u0441\u043a\u043e\u0439 \u043a\u043e\u0441\u043c\u0435\u0442\u0438\u043a\u0438","publisher":{"@id":"https:\/\/idakorea.ee\/#organization"},"alternateName":"Beauty Shop","potentialAction":[{"@type":"SearchAction","target":{"@type":"EntryPoint","urlTemplate":"https:\/\/idakorea.ee\/?s={search_term_string}"},"query-input":{"@type":"PropertyValueSpecification","valueRequired":true,"valueName":"search_term_string"}}],"inLanguage":"ru-RU"},{"@type":"Organization","@id":"https:\/\/idakorea.ee\/#organization","name":"\u0418\u0414\u0410.\u041a\u041e\u0420\u0415\u042f","url":"https:\/\/idakorea.ee\/","logo":{"@type":"ImageObject","inLanguage":"ru-RU","@id":"https:\/\/idakorea.ee\/#\/schema\/logo\/image\/","url":"https:\/\/idakorea.ee\/wp-content\/uploads\/2024\/05\/cropped-korea3.png","contentUrl":"https:\/\/idakorea.ee\/wp-content\/uploads\/2024\/05\/cropped-korea3.png","width":688,"height":126,"caption":"IDA.KOREA"},"image":{"@id":"https:\/\/idakorea.ee\/#\/schema\/logo\/image\/"},"sameAs":["https:\/\/www.instagram.com\/ida.korea\/"]}]}},"jetpack_sharing_enabled":true,"brands":[{"id":575,"name":"WELLDERMA","slug":"wellderma"}],"_links":{"self":[{"href":"https:\/\/idakorea.ee\/ru\/wp-json\/wp\/v2\/product\/15458","targetHints":{"allow":["GET"]}}],"collection":[{"href":"https:\/\/idakorea.ee\/ru\/wp-json\/wp\/v2\/product"}],"about":[{"href":"https:\/\/idakorea.ee\/ru\/wp-json\/wp\/v2\/types\/product"}],"replies":[{"embeddable":true,"href":"https:\/\/idakorea.ee\/ru\/wp-json\/wp\/v2\/comments?post=15458"}],"version-history":[{"count":1,"href":"https:\/\/idakorea.ee\/ru\/wp-json\/wp\/v2\/product\/15458\/revisions"}],"predecessor-version":[{"id":15462,"href":"https:\/\/idakorea.ee\/ru\/wp-json\/wp\/v2\/product\/15458\/revisions\/15462"}],"wp:featuredmedia":[{"embeddable":true,"href":"https:\/\/idakorea.ee\/ru\/wp-json\/wp\/v2\/media\/15459"}],"wp:attachment":[{"href":"https:\/\/idakorea.ee\/ru\/wp-json\/wp\/v2\/media?parent=15458"}],"wp:term":[{"taxonomy":"pwb-brand","embeddable":true,"href":"https:\/\/idakorea.ee\/ru\/wp-json\/wp\/v2\/pwb-brand?post=15458"},{"taxonomy":"product_brand","embeddable":true,"href":"https:\/\/idakorea.ee\/ru\/wp-json\/wp\/v2\/product_brand?post=15458"},{"taxonomy":"product_cat","embeddable":true,"href":"https:\/\/idakorea.ee\/ru\/wp-json\/wp\/v2\/product_cat?post=15458"},{"taxonomy":"product_tag","embeddable":true,"href":"https:\/\/idakorea.ee\/ru\/wp-json\/wp\/v2\/product_tag?post=15458"}],"curies":[{"name":"WP","href":"https:\/\/api.w.org\/{rel}","templated":true}]}}