{"id":16202,"date":"2025-10-22T14:34:05","date_gmt":"2025-10-22T11:34:05","guid":{"rendered":"https:\/\/idakorea.ee\/?post_type=product&#038;p=16202"},"modified":"2026-01-29T14:17:01","modified_gmt":"2026-01-29T12:17:01","slug":"beauty-advent-calendar-2025","status":"publish","type":"product","link":"https:\/\/idakorea.ee\/ru\/product\/beauty-advent-calendar-2025\/","title":{"rendered":"Beauty Advent Calendar 2025"},"content":{"rendered":"<p data-start=\"0\" data-end=\"475\"><strong data-start=\"0\" data-end=\"29\">MiiN Advent Calendar 2025<\/strong> \u0421\u043e\u0447\u0435\u0442\u0430\u0435\u0442 \u0432 \u0441\u0435\u0431\u0435 \u043b\u0443\u0447\u0448\u0435\u0435 \u043e\u0442 \u043a\u043e\u0440\u0435\u0439\u0441\u043a\u043e\u0439 \u043a\u043e\u0441\u043c\u0435\u0442\u0438\u043a\u0438: 24 \u043f\u0440\u043e\u0434\u0443\u043a\u0442\u0430 \u0441 \u044d\u0444\u0444\u0435\u043a\u0442\u0438\u0432\u043d\u044b\u043c\u0438 \u0430\u043a\u0442\u0438\u0432\u043d\u044b\u043c\u0438 \u0438\u043d\u0433\u0440\u0435\u0434\u0438\u0435\u043d\u0442\u0430\u043c\u0438, \u0434\u0435\u0439\u0441\u0442\u0432\u0438\u0435 \u043a\u043e\u0442\u043e\u0440\u044b\u0445 \u043d\u0430\u0443\u0447\u043d\u043e \u0434\u043e\u043a\u0430\u0437\u0430\u043d\u043e \u2014 \u0440\u0435\u0442\u0438\u043d\u043e\u043b, \u043c\u0438\u043d\u0434\u0430\u043b\u044c\u043d\u0430\u044f \u043a\u0438\u0441\u043b\u043e\u0442\u0430, \u043d\u0435\u0441\u043a\u043e\u043b\u044c\u043a\u043e \u043a\u0438\u0441\u043b\u043e\u0442\u043d\u044b\u0445 \u043a\u043e\u043c\u043f\u043b\u0435\u043a\u0441\u043e\u0432, \u043f\u0435\u043f\u0442\u0438\u0434\u044b \u0438 \u043c\u043d\u043e\u0433\u043e\u0435 \u0434\u0440\u0443\u0433\u043e\u0435. \u0412 \u043d\u0430\u0431\u043e\u0440 \u0432\u0445\u043e\u0434\u044f\u0442 \u043a\u0430\u043a \u043f\u043e\u043b\u043d\u043e\u0440\u0430\u0437\u043c\u0435\u0440\u043d\u044b\u0435, \u0442\u0430\u043a \u0438 \u0434\u043e\u0440\u043e\u0436\u043d\u044b\u0435 \u0441\u0440\u0435\u0434\u0441\u0442\u0432\u0430 \u0434\u043b\u044f \u043b\u0438\u0446\u0430, \u0442\u0435\u043b\u0430, \u0432\u043e\u043b\u043e\u0441 \u0438 \u043c\u0430\u043a\u0438\u044f\u0436\u0430. \u0412 \u043d\u0430\u0431\u043e\u0440 \u0432\u0445\u043e\u0434\u0438\u0442 \u043b\u0438\u043c\u0438\u0442\u0438\u0440\u043e\u0432\u0430\u043d\u043d\u0430\u044f \u0441\u0443\u043c\u043a\u0430-\u043c\u0435\u0448\u043e\u043a \u0441 \u043f\u0443\u0445\u043b\u043e\u0439 \u0442\u0435\u043a\u0441\u0442\u0443\u0440\u043e\u0439, \u0432 \u043a\u043e\u0442\u043e\u0440\u043e\u0439 \u0443\u0434\u043e\u0431\u043d\u043e \u0431\u0440\u0430\u0442\u044c \u0432\u0441\u0451 \u0441 \u0441\u043e\u0431\u043e\u0439. \u042d\u043a\u0441\u043a\u043b\u044e\u0437\u0438\u0432\u043d\u043e\u0435 \u0438\u0437\u0434\u0430\u043d\u0438\u0435, \u043a\u043e\u0442\u043e\u0440\u043e\u0435 \u043f\u043e\u043c\u043e\u0436\u0435\u0442 \u0440\u0430\u0441\u043a\u0440\u044b\u0442\u044c \u043e\u0431\u043d\u043e\u0432\u043b\u0451\u043d\u043d\u0443\u044e, \u0441\u0438\u044f\u044e\u0449\u0443\u044e \u0438 \u0437\u0430\u0449\u0438\u0449\u0451\u043d\u043d\u0443\u044e \u043a\u043e\u0436\u0443.<\/p>\n<p data-start=\"477\" data-end=\"504\"><strong data-start=\"481\" data-end=\"504\">\u0421\u0412\u041e\u0419\u0421\u0422\u0412\u0410 \u0418 \u0421\u041e\u0421\u0422\u0410\u0412<\/strong><\/p>\n<ul data-start=\"505\" data-end=\"1177\" data-is-last-node=\"\" data-is-only-node=\"\">\n<li data-start=\"505\" data-end=\"622\">\n<p data-start=\"507\" data-end=\"622\">\u0421\u043e\u0434\u0435\u0440\u0436\u0438\u0442 \u043d\u0435 \u043c\u0435\u043d\u0435\u0435 24 \u0442\u043e\u0432\u0430\u0440\u043e\u0432 (\u0441\u0440\u0435\u0434\u0441\u0442\u0432\u0430 \u043f\u043e \u0443\u0445\u043e\u0434\u0443 \u0437\u0430 \u043b\u0438\u0446\u043e\u043c, \u0442\u0435\u043b\u043e\u043c, \u0432\u043e\u043b\u043e\u0441\u0430\u043c\u0438 \u0438 \u0434\u0435\u043a\u043e\u0440\u0430\u0442\u0438\u0432\u043d\u0430\u044f \u043a\u043e\u0441\u043c\u0435\u0442\u0438\u043a\u0430, \u0430 \u0442\u0430\u043a\u0436\u0435 \u0430\u043a\u0441\u0435\u0441\u0441\u0443\u0430\u0440\u044b) \u0432 \u043f\u043e\u043b\u043d\u043e\u043c \u0438\u043b\u0438 \u0434\u043e\u0440\u043e\u0436\u043d\u043e\u043c \u0440\u0430\u0437\u043c\u0435\u0440\u0435.<\/p>\n<\/li>\n<li data-start=\"623\" data-end=\"808\">\n<p data-start=\"625\" data-end=\"808\">\u041e\u0441\u043d\u043e\u0432\u043d\u044b\u0435 \u0430\u043a\u0442\u0438\u0432\u043d\u044b\u0435 \u0438\u043d\u0433\u0440\u0435\u0434\u0438\u0435\u043d\u0442\u044b: \u0440\u0435\u0442\u0438\u043d\u043e\u043b 0,1%, \u043c\u0438\u043d\u0434\u0430\u043b\u044c\u043d\u0430\u044f \u043a\u0438\u0441\u043b\u043e\u0442\u0430 5%, \u043d\u0435\u0441\u043a\u043e\u043b\u044c\u043a\u043e \u043e\u0442\u0448\u0435\u043b\u0443\u0448\u0438\u0432\u0430\u044e\u0449\u0438\u0445 \u043a\u0438\u0441\u043b\u043e\u0442, \u043f\u0435\u043f\u0442\u0438\u0434\u044b \u0438 \u0443\u0441\u043f\u043e\u043a\u0430\u0438\u0432\u0430\u044e\u0449\u0438\u0435 \u044d\u043a\u0441\u0442\u0440\u0430\u043a\u0442\u044b, \u0442\u0430\u043a\u0438\u0435 \u043a\u0430\u043a \u044d\u043a\u0441\u0442\u0440\u0430\u043a\u0442 \u0430\u043b\u043e\u044d \u0438 \u043b\u043e\u0442\u043e\u0441\u0430, \u0430 \u0442\u0430\u043a\u0436\u0435 \u0431\u0430\u043a\u0443\u0447\u0438\u043e\u043b.<\/p>\n<\/li>\n<li data-start=\"809\" data-end=\"977\">\n<p data-start=\"811\" data-end=\"977\">\u0420\u0430\u0437\u0440\u0430\u0431\u043e\u0442\u0430\u043d \u0434\u043b\u044f \u043e\u0445\u0432\u0430\u0442\u0430 \u0432\u0441\u0435\u0445 \u044d\u0442\u0430\u043f\u043e\u0432 \u043a\u043e\u0440\u0435\u0439\u0441\u043a\u043e\u0433\u043e \u0440\u0438\u0442\u0443\u0430\u043b\u0430 \u043a\u0440\u0430\u0441\u043e\u0442\u044b: \u043e\u0447\u0438\u0449\u0435\u043d\u0438\u0435, \u043e\u0442\u0448\u0435\u043b\u0443\u0448\u0438\u0432\u0430\u043d\u0438\u0435, \u0442\u043e\u043d\u0438\u0437\u0438\u0440\u043e\u0432\u0430\u043d\u0438\u0435, \u043b\u0435\u0447\u0435\u043d\u0438\u0435, \u043c\u0430\u0441\u043a\u0430, \u0437\u0430\u0449\u0438\u0442\u0430 \u043e\u0442 \u0441\u043e\u043b\u043d\u0446\u0430, \u0443\u0445\u043e\u0434 \u0437\u0430 \u0433\u043b\u0430\u0437\u0430\u043c\u0438, \u0430 \u0442\u0430\u043a\u0436\u0435 \u0443\u0445\u043e\u0434 \u0437\u0430 \u0442\u0435\u043b\u043e\u043c \u0438 \u0432\u043e\u043b\u043e\u0441\u0430\u043c\u0438.<\/p>\n<\/li>\n<li data-start=\"978\" data-end=\"1084\">\n<p data-start=\"980\" data-end=\"1084\">\u0412 \u043a\u043e\u043c\u043f\u043b\u0435\u043a\u0442 \u0432\u0445\u043e\u0434\u0438\u0442 \u0441\u0443\u043c\u043a\u0430-\u043c\u0435\u0448\u043e\u043a \u043e\u0433\u0440\u0430\u043d\u0438\u0447\u0435\u043d\u043d\u043e\u0433\u043e \u0432\u044b\u043f\u0443\u0441\u043a\u0430, \u043a\u043e\u0442\u043e\u0440\u0443\u044e \u043c\u043e\u0436\u043d\u043e \u0438\u0441\u043f\u043e\u043b\u044c\u0437\u043e\u0432\u0430\u0442\u044c \u0434\u043b\u044f \u043f\u0435\u0440\u0435\u043d\u043e\u0441\u043a\u0438 \u0438\u043b\u0438 \u043f\u043e\u0432\u0442\u043e\u0440\u043d\u043e\u0433\u043e \u0438\u0441\u043f\u043e\u043b\u044c\u0437\u043e\u0432\u0430\u043d\u0438\u044f \u043f\u0440\u043e\u0434\u0443\u043a\u0446\u0438\u0438.<\/p>\n<\/li>\n<li data-start=\"1085\" data-end=\"1125\">\n<p data-start=\"1087\" data-end=\"1125\">\u041f\u0440\u0435\u0434\u043f\u043e\u043b\u0430\u0433\u0430\u0435\u043c\u0430\u044f \u0440\u044b\u043d\u043e\u0447\u043d\u0430\u044f \u0441\u0442\u043e\u0438\u043c\u043e\u0441\u0442\u044c: <strong>440 \u20ac.<\/strong><\/p>\n<\/li>\n<li data-start=\"1126\" data-end=\"1177\" data-is-last-node=\"\">\n<p data-start=\"1128\" data-end=\"1177\" data-is-last-node=\"\">\u041e\u0433\u0440\u0430\u043d\u0438\u0447\u0435\u043d\u043d\u043e\u0435 \u043a\u043e\u043b\u0438\u0447\u0435\u0441\u0442\u0432\u043e, \u0434\u043e\u0441\u0442\u0443\u043f\u043d\u043e \u044d\u043a\u0441\u043a\u043b\u044e\u0437\u0438\u0432\u043d\u043e.<\/p>\n<\/li>\n<\/ul>","protected":false},"excerpt":{"rendered":"<p>\u0410\u0434\u0432\u0435\u043d\u0442-\u043a\u0430\u043b\u0435\u043d\u0434\u0430\u0440\u044c MiiN 2025 \u0441\u043e\u0447\u0435\u0442\u0430\u0435\u0442 \u0432 \u0441\u0435\u0431\u0435 \u043b\u0443\u0447\u0448\u0435\u0435 \u0438\u0437 \u043a\u043e\u0440\u0435\u0439\u0441\u043a\u043e\u0439 \u043a\u043e\u0441\u043c\u0435\u0442\u0438\u043a\u0438: 24 \u043f\u0440\u043e\u0434\u0443\u043a\u0442\u0430 \u0441 \u044d\u0444\u0444\u0435\u043a\u0442\u0438\u0432\u043d\u044b\u043c\u0438 \u0430\u043a\u0442\u0438\u0432\u043d\u044b\u043c\u0438 \u0438\u043d\u0433\u0440\u0435\u0434\u0438\u0435\u043d\u0442\u0430\u043c\u0438, \u0434\u0435\u0439\u0441\u0442\u0432\u0438\u0435 \u043a\u043e\u0442\u043e\u0440\u044b\u0445 \u043d\u0430\u0443\u0447\u043d\u043e \u0434\u043e\u043a\u0430\u0437\u0430\u043d\u043e \u2014 \u0440\u0435\u0442\u0438\u043d\u043e\u043b, \u043c\u0438\u043d\u0434\u0430\u043b\u044c\u043d\u0430\u044f \u043a\u0438\u0441\u043b\u043e\u0442\u0430, \u043d\u0435\u0441\u043a\u043e\u043b\u044c\u043a\u043e \u043a\u0438\u0441\u043b\u043e\u0442\u043d\u044b\u0445 \u043a\u043e\u043c\u043f\u043b\u0435\u043a\u0441\u043e\u0432, \u043f\u0435\u043f\u0442\u0438\u0434\u044b \u0438 \u043c\u043d\u043e\u0433\u043e\u0435 \u0434\u0440\u0443\u0433\u043e\u0435. \u0412 \u043d\u0430\u0431\u043e\u0440 \u0432\u0445\u043e\u0434\u044f\u0442 \u043a\u0430\u043a \u043f\u043e\u043b\u043d\u043e\u0440\u0430\u0437\u043c\u0435\u0440\u043d\u044b\u0435, \u0442\u0430\u043a \u0438 \u0434\u043e\u0440\u043e\u0436\u043d\u044b\u0435 \u0441\u0440\u0435\u0434\u0441\u0442\u0432\u0430 \u0434\u043b\u044f \u043b\u0438\u0446\u0430, \u0442\u0435\u043b\u0430, \u0432\u043e\u043b\u043e\u0441 \u0438 \u043c\u0430\u043a\u0438\u044f\u0436\u0430. \u0412 \u043d\u0430\u0431\u043e\u0440 \u0432\u0445\u043e\u0434\u0438\u0442 \u043b\u0438\u043c\u0438\u0442\u0438\u0440\u043e\u0432\u0430\u043d\u043d\u0430\u044f \u0441\u0443\u043c\u043a\u0430-\u043c\u0435\u0448\u043e\u043a \u0441 \u043f\u0443\u0445\u043b\u043e\u0439 \u0442\u0435\u043a\u0441\u0442\u0443\u0440\u043e\u0439, \u0432 \u043a\u043e\u0442\u043e\u0440\u043e\u0439 \u0443\u0434\u043e\u0431\u043d\u043e \u043d\u043e\u0441\u0438\u0442\u044c \u0432\u0441\u0451 \u0441 \u0441\u043e\u0431\u043e\u0439. \u042d\u043a\u0441\u043a\u043b\u044e\u0437\u0438\u0432\u043d\u043e\u0435 \u0438\u0437\u0434\u0430\u043d\u0438\u0435, \u043a\u043e\u0442\u043e\u0440\u043e\u0435\u2026<\/p>","protected":false},"featured_media":16201,"comment_status":"open","ping_status":"closed","template":"","meta":{"_uf_show_specific_survey":0,"_uf_disable_surveys":false,"_bst_post_transparent":"default","_bst_post_title":"","_bst_post_layout":"default","_bst_post_sidebar_id":"","_bst_post_content_style":"default","_bst_post_vertical_padding":"default","_bst_post_feature":"","_bst_post_feature_position":"","_bst_post_header":false,"_bst_post_footer":false},"pwb-brand":[],"product_brand":[],"product_cat":[95],"product_tag":[],"class_list":{"0":"post-16202","1":"product","2":"type-product","3":"status-publish","4":"has-post-thumbnail","6":"product_cat-komplektid","8":"first","9":"outofstock","10":"sale","11":"shipping-taxable","12":"purchasable","13":"product-type-simple","14":"entry","15":"content-bg","16":"loop-entry"},"supplier_id":null,"supplier_sku":"","barcode":null,"atum_controlled":true,"out_stock_date":"2025-10-23 12:32:16","out_stock_threshold":null,"inheritable":false,"inbound_stock":0,"stock_on_hold":0,"sold_today":0,"sales_last_days":0,"out_stock_days":172,"lost_sales":13759,"has_location":false,"update_date":"2026-04-14T00:05:08","atum_locations":[],"atum_stock_status":"outofstock","restock_status":false,"low_stock_amount":"","sales_update_date":"2026-04-14T00:05:08","calc_backorders":null,"yoast_head":"<!-- This site is optimized with the Yoast SEO plugin v27.2 - https:\/\/yoast.com\/product\/yoast-seo-wordpress\/ -->\n<title>Beauty Advent Calendar 2025 - IDA.KOREA<\/title>\n<meta name=\"robots\" content=\"index, follow, max-snippet:-1, max-image-preview:large, max-video-preview:-1\" \/>\n<link rel=\"canonical\" href=\"https:\/\/idakorea.ee\/ru\/product\/beauty-advent-calendar-2025\/\" \/>\n<meta property=\"og:locale\" content=\"ru_RU\" \/>\n<meta property=\"og:type\" content=\"article\" \/>\n<meta property=\"og:title\" content=\"Beauty Advent Calendar 2025 - IDA.KOREA\" \/>\n<meta property=\"og:description\" content=\"MiiN Advent Calendar 2025 \u00fchendab endas parima Korea kosmeetikast: 24 t\u00f5husate toimeainetega toodet, mille m\u00f5ju on teaduslikult t\u00f5estatud \u2014 retinool, mandelhape, mitmed happekompleksid, peptiidid ja palju muud. Komplektis on nii t\u00e4issuuruses kui ka reisiformaadis tooteid n\u00e4ole, kehale, juustele ja meigile. Kaasas on piiratud koguses puhvis kott, kuhu saad k\u00f5ik mugavalt kaasa v\u00f5tta. Eksklusiivne v\u00e4ljaanne, mis...\" \/>\n<meta property=\"og:url\" content=\"https:\/\/idakorea.ee\/ru\/product\/beauty-advent-calendar-2025\/\" \/>\n<meta property=\"og:site_name\" content=\"IDA.KOREA\" \/>\n<meta property=\"article:modified_time\" content=\"2026-01-29T12:17:01+00:00\" \/>\n<meta property=\"og:image\" content=\"https:\/\/idakorea.ee\/wp-content\/uploads\/2025\/10\/calendario_adv2.webp\" \/>\n\t<meta property=\"og:image:width\" content=\"1200\" \/>\n\t<meta property=\"og:image:height\" content=\"1200\" \/>\n\t<meta property=\"og:image:type\" content=\"image\/webp\" \/>\n<meta name=\"twitter:card\" content=\"summary_large_image\" \/>\n<meta name=\"twitter:label1\" content=\"\u041f\u0440\u0438\u043c\u0435\u0440\u043d\u043e\u0435 \u0432\u0440\u0435\u043c\u044f \u0434\u043b\u044f \u0447\u0442\u0435\u043d\u0438\u044f\" \/>\n\t<meta name=\"twitter:data1\" content=\"1 \u043c\u0438\u043d\u0443\u0442\u0430\" \/>\n<script type=\"application\/ld+json\" class=\"yoast-schema-graph\">{\"@context\":\"https:\/\/schema.org\",\"@graph\":[{\"@type\":\"WebPage\",\"@id\":\"https:\/\/idakorea.ee\/product\/beauty-advent-calendar-2025\/\",\"url\":\"https:\/\/idakorea.ee\/product\/beauty-advent-calendar-2025\/\",\"name\":\"Beauty Advent Calendar 2025 - IDA.KOREA\",\"isPartOf\":{\"@id\":\"https:\/\/idakorea.ee\/#website\"},\"primaryImageOfPage\":{\"@id\":\"https:\/\/idakorea.ee\/product\/beauty-advent-calendar-2025\/#primaryimage\"},\"image\":{\"@id\":\"https:\/\/idakorea.ee\/product\/beauty-advent-calendar-2025\/#primaryimage\"},\"thumbnailUrl\":\"https:\/\/idakorea.ee\/wp-content\/uploads\/2025\/10\/calendario_adv2.webp\",\"datePublished\":\"2025-10-22T11:34:05+00:00\",\"dateModified\":\"2026-01-29T12:17:01+00:00\",\"breadcrumb\":{\"@id\":\"https:\/\/idakorea.ee\/product\/beauty-advent-calendar-2025\/#breadcrumb\"},\"inLanguage\":\"ru-RU\",\"potentialAction\":[{\"@type\":\"ReadAction\",\"target\":[\"https:\/\/idakorea.ee\/product\/beauty-advent-calendar-2025\/\"]}]},{\"@type\":\"ImageObject\",\"inLanguage\":\"ru-RU\",\"@id\":\"https:\/\/idakorea.ee\/product\/beauty-advent-calendar-2025\/#primaryimage\",\"url\":\"https:\/\/idakorea.ee\/wp-content\/uploads\/2025\/10\/calendario_adv2.webp\",\"contentUrl\":\"https:\/\/idakorea.ee\/wp-content\/uploads\/2025\/10\/calendario_adv2.webp\",\"width\":1200,\"height\":1200},{\"@type\":\"BreadcrumbList\",\"@id\":\"https:\/\/idakorea.ee\/product\/beauty-advent-calendar-2025\/#breadcrumb\",\"itemListElement\":[{\"@type\":\"ListItem\",\"position\":1,\"name\":\"\u0413\u043b\u0430\u0432\u043d\u0430\u044f \u0441\u0442\u0440\u0430\u043d\u0438\u0446\u0430\",\"item\":\"https:\/\/idakorea.ee\/\"},{\"@type\":\"ListItem\",\"position\":2,\"name\":\"Shop\",\"item\":\"https:\/\/idakorea.ee\/shop-2\/\"},{\"@type\":\"ListItem\",\"position\":3,\"name\":\"Beauty Advent Calendar 2025\"}]},{\"@type\":\"WebSite\",\"@id\":\"https:\/\/idakorea.ee\/#website\",\"url\":\"https:\/\/idakorea.ee\/\",\"name\":\"IDA.KOREA\",\"description\":\"Korea kosmeetika e-pood\",\"publisher\":{\"@id\":\"https:\/\/idakorea.ee\/#organization\"},\"alternateName\":\"Beauty Shop\",\"potentialAction\":[{\"@type\":\"SearchAction\",\"target\":{\"@type\":\"EntryPoint\",\"urlTemplate\":\"https:\/\/idakorea.ee\/?s={search_term_string}\"},\"query-input\":{\"@type\":\"PropertyValueSpecification\",\"valueRequired\":true,\"valueName\":\"search_term_string\"}}],\"inLanguage\":\"ru-RU\"},{\"@type\":\"Organization\",\"@id\":\"https:\/\/idakorea.ee\/#organization\",\"name\":\"IDA.KOREA\",\"url\":\"https:\/\/idakorea.ee\/\",\"logo\":{\"@type\":\"ImageObject\",\"inLanguage\":\"ru-RU\",\"@id\":\"https:\/\/idakorea.ee\/#\/schema\/logo\/image\/\",\"url\":\"https:\/\/idakorea.ee\/wp-content\/uploads\/2024\/05\/cropped-korea3.png\",\"contentUrl\":\"https:\/\/idakorea.ee\/wp-content\/uploads\/2024\/05\/cropped-korea3.png\",\"width\":688,\"height\":126,\"caption\":\"IDA.KOREA\"},\"image\":{\"@id\":\"https:\/\/idakorea.ee\/#\/schema\/logo\/image\/\"},\"sameAs\":[\"https:\/\/www.instagram.com\/ida.korea\/\"]}]}<\/script>\n<!-- \/ Yoast SEO plugin. -->","yoast_head_json":{"title":"\u0410\u0434\u0432\u0435\u043d\u0442-\u043a\u0430\u043b\u0435\u043d\u0434\u0430\u0440\u044c \u043a\u0440\u0430\u0441\u043e\u0442\u044b 2025 \u2014 \u0412\u041e\u0421\u0422\u041e\u0427\u041d\u0410\u042f \u041a\u041e\u0420\u0415\u042f","robots":{"index":"index","follow":"follow","max-snippet":"max-snippet:-1","max-image-preview":"max-image-preview:large","max-video-preview":"max-video-preview:-1"},"canonical":"https:\/\/idakorea.ee\/ru\/product\/beauty-advent-calendar-2025\/","og_locale":"ru_RU","og_type":"article","og_title":"Beauty Advent Calendar 2025 - IDA.KOREA","og_description":"MiiN Advent Calendar 2025 \u00fchendab endas parima Korea kosmeetikast: 24 t\u00f5husate toimeainetega toodet, mille m\u00f5ju on teaduslikult t\u00f5estatud \u2014 retinool, mandelhape, mitmed happekompleksid, peptiidid ja palju muud. Komplektis on nii t\u00e4issuuruses kui ka reisiformaadis tooteid n\u00e4ole, kehale, juustele ja meigile. Kaasas on piiratud koguses puhvis kott, kuhu saad k\u00f5ik mugavalt kaasa v\u00f5tta. Eksklusiivne v\u00e4ljaanne, mis...","og_url":"https:\/\/idakorea.ee\/ru\/product\/beauty-advent-calendar-2025\/","og_site_name":"IDA.KOREA","article_modified_time":"2026-01-29T12:17:01+00:00","og_image":[{"width":1200,"height":1200,"url":"https:\/\/idakorea.ee\/wp-content\/uploads\/2025\/10\/calendario_adv2.webp","type":"image\/webp"}],"twitter_card":"summary_large_image","twitter_misc":{"\u041f\u0440\u0438\u043c\u0435\u0440\u043d\u043e\u0435 \u0432\u0440\u0435\u043c\u044f \u0434\u043b\u044f \u0447\u0442\u0435\u043d\u0438\u044f":"1 \u043c\u0438\u043d\u0443\u0442\u0430"},"schema":{"@context":"https:\/\/schema.org","@graph":[{"@type":"WebPage","@id":"https:\/\/idakorea.ee\/product\/beauty-advent-calendar-2025\/","url":"https:\/\/idakorea.ee\/product\/beauty-advent-calendar-2025\/","name":"\u0410\u0434\u0432\u0435\u043d\u0442-\u043a\u0430\u043b\u0435\u043d\u0434\u0430\u0440\u044c \u043a\u0440\u0430\u0441\u043e\u0442\u044b 2025 \u2014 \u0412\u041e\u0421\u0422\u041e\u0427\u041d\u0410\u042f \u041a\u041e\u0420\u0415\u042f","isPartOf":{"@id":"https:\/\/idakorea.ee\/#website"},"primaryImageOfPage":{"@id":"https:\/\/idakorea.ee\/product\/beauty-advent-calendar-2025\/#primaryimage"},"image":{"@id":"https:\/\/idakorea.ee\/product\/beauty-advent-calendar-2025\/#primaryimage"},"thumbnailUrl":"https:\/\/idakorea.ee\/wp-content\/uploads\/2025\/10\/calendario_adv2.webp","datePublished":"2025-10-22T11:34:05+00:00","dateModified":"2026-01-29T12:17:01+00:00","breadcrumb":{"@id":"https:\/\/idakorea.ee\/product\/beauty-advent-calendar-2025\/#breadcrumb"},"inLanguage":"ru-RU","potentialAction":[{"@type":"ReadAction","target":["https:\/\/idakorea.ee\/product\/beauty-advent-calendar-2025\/"]}]},{"@type":"ImageObject","inLanguage":"ru-RU","@id":"https:\/\/idakorea.ee\/product\/beauty-advent-calendar-2025\/#primaryimage","url":"https:\/\/idakorea.ee\/wp-content\/uploads\/2025\/10\/calendario_adv2.webp","contentUrl":"https:\/\/idakorea.ee\/wp-content\/uploads\/2025\/10\/calendario_adv2.webp","width":1200,"height":1200},{"@type":"BreadcrumbList","@id":"https:\/\/idakorea.ee\/product\/beauty-advent-calendar-2025\/#breadcrumb","itemListElement":[{"@type":"ListItem","position":1,"name":"\u0413\u043b\u0430\u0432\u043d\u0430\u044f \u0441\u0442\u0440\u0430\u043d\u0438\u0446\u0430","item":"https:\/\/idakorea.ee\/"},{"@type":"ListItem","position":2,"name":"Shop","item":"https:\/\/idakorea.ee\/shop-2\/"},{"@type":"ListItem","position":3,"name":"Beauty Advent Calendar 2025"}]},{"@type":"WebSite","@id":"https:\/\/idakorea.ee\/#website","url":"https:\/\/idakorea.ee\/","name":"\u0418\u0414\u0410.\u041a\u041e\u0420\u0415\u042f","description":"\u0418\u043d\u0442\u0435\u0440\u043d\u0435\u0442-\u043c\u0430\u0433\u0430\u0437\u0438\u043d \u043a\u043e\u0440\u0435\u0439\u0441\u043a\u043e\u0439 \u043a\u043e\u0441\u043c\u0435\u0442\u0438\u043a\u0438","publisher":{"@id":"https:\/\/idakorea.ee\/#organization"},"alternateName":"Beauty Shop","potentialAction":[{"@type":"SearchAction","target":{"@type":"EntryPoint","urlTemplate":"https:\/\/idakorea.ee\/?s={search_term_string}"},"query-input":{"@type":"PropertyValueSpecification","valueRequired":true,"valueName":"search_term_string"}}],"inLanguage":"ru-RU"},{"@type":"Organization","@id":"https:\/\/idakorea.ee\/#organization","name":"\u0418\u0414\u0410.\u041a\u041e\u0420\u0415\u042f","url":"https:\/\/idakorea.ee\/","logo":{"@type":"ImageObject","inLanguage":"ru-RU","@id":"https:\/\/idakorea.ee\/#\/schema\/logo\/image\/","url":"https:\/\/idakorea.ee\/wp-content\/uploads\/2024\/05\/cropped-korea3.png","contentUrl":"https:\/\/idakorea.ee\/wp-content\/uploads\/2024\/05\/cropped-korea3.png","width":688,"height":126,"caption":"IDA.KOREA"},"image":{"@id":"https:\/\/idakorea.ee\/#\/schema\/logo\/image\/"},"sameAs":["https:\/\/www.instagram.com\/ida.korea\/"]}]}},"jetpack_sharing_enabled":true,"brands":[],"_links":{"self":[{"href":"https:\/\/idakorea.ee\/ru\/wp-json\/wp\/v2\/product\/16202","targetHints":{"allow":["GET"]}}],"collection":[{"href":"https:\/\/idakorea.ee\/ru\/wp-json\/wp\/v2\/product"}],"about":[{"href":"https:\/\/idakorea.ee\/ru\/wp-json\/wp\/v2\/types\/product"}],"replies":[{"embeddable":true,"href":"https:\/\/idakorea.ee\/ru\/wp-json\/wp\/v2\/comments?post=16202"}],"version-history":[{"count":1,"href":"https:\/\/idakorea.ee\/ru\/wp-json\/wp\/v2\/product\/16202\/revisions"}],"predecessor-version":[{"id":16203,"href":"https:\/\/idakorea.ee\/ru\/wp-json\/wp\/v2\/product\/16202\/revisions\/16203"}],"wp:featuredmedia":[{"embeddable":true,"href":"https:\/\/idakorea.ee\/ru\/wp-json\/wp\/v2\/media\/16201"}],"wp:attachment":[{"href":"https:\/\/idakorea.ee\/ru\/wp-json\/wp\/v2\/media?parent=16202"}],"wp:term":[{"taxonomy":"pwb-brand","embeddable":true,"href":"https:\/\/idakorea.ee\/ru\/wp-json\/wp\/v2\/pwb-brand?post=16202"},{"taxonomy":"product_brand","embeddable":true,"href":"https:\/\/idakorea.ee\/ru\/wp-json\/wp\/v2\/product_brand?post=16202"},{"taxonomy":"product_cat","embeddable":true,"href":"https:\/\/idakorea.ee\/ru\/wp-json\/wp\/v2\/product_cat?post=16202"},{"taxonomy":"product_tag","embeddable":true,"href":"https:\/\/idakorea.ee\/ru\/wp-json\/wp\/v2\/product_tag?post=16202"}],"curies":[{"name":"WP","href":"https:\/\/api.w.org\/{rel}","templated":true}]}}