{"id":16238,"date":"2025-10-24T10:46:09","date_gmt":"2025-10-24T07:46:09","guid":{"rendered":"https:\/\/idakorea.ee\/?post_type=product&#038;p=16238"},"modified":"2026-04-11T16:18:47","modified_gmt":"2026-04-11T14:18:47","slug":"medicube-pdrn-glow-kit","status":"publish","type":"product","link":"https:\/\/idakorea.ee\/ru\/product\/medicube-pdrn-glow-kit\/","title":{"rendered":"\u041a\u043e\u043c\u043f\u043b\u0435\u043a\u0442 Medicube PDRN Glow Kit"},"content":{"rendered":"<article class=\"text-token-text-primary w-full focus:outline-none [--shadow-height:45px] has-data-writing-block:pointer-events-none has-data-writing-block:-mt-(--shadow-height) has-data-writing-block:pt-(--shadow-height) [&amp;:has([data-writing-block])&gt;*]:pointer-events-auto scroll-mt-[calc(var(--header-height)+min(200px,max(70px,20svh)))]\" dir=\"auto\" tabindex=\"-1\" data-turn-id=\"request-WEB:f2a7a0bc-04cf-4a3e-88c1-44b7efc933b3-15\" data-testid=\"conversation-turn-26\" data-scroll-anchor=\"true\" data-turn=\"assistant\">\n<div class=\"text-base my-auto mx-auto pb-10 [--thread-content-margin:--spacing(4)] thread-sm:[--thread-content-margin:--spacing(6)] thread-lg:[--thread-content-margin:--spacing(16)] px-(--thread-content-margin)\">\n<div class=\"[--thread-content-max-width:40rem] thread-lg:[--thread-content-max-width:48rem] mx-auto max-w-(--thread-content-max-width) flex-1 group\/turn-messages focus-visible:outline-hidden relative flex w-full min-w-0 flex-col agent-turn\" tabindex=\"-1\">\n<div class=\"flex max-w-full flex-col grow\">\n<div class=\"min-h-8 text-message relative flex w-full flex-col items-end gap-2 text-start break-words whitespace-normal [.text-message+&amp;]:mt-1\" dir=\"auto\" data-message-author-role=\"assistant\" data-message-id=\"5d5848e8-cffa-46b9-a4f8-e2190b2437c2\" data-message-model-slug=\"gpt-5\">\n<div class=\"flex w-full flex-col gap-1 empty:hidden first:pt-[1px]\">\n<div class=\"markdown prose dark:prose-invert w-full break-words light markdown-new-styling\">\n<p data-start=\"0\" data-end=\"549\">Avasta naha uuenemise ja s\u00e4ra j\u00f5ud koos <strong data-start=\"44\" data-end=\"85\">Medicube PDRN Glow Kit<\/strong> komplektiga \u2014 t\u00e4iuslik hooldusrutiin, mis on rikastatud PDRN-iga (naatrium-DNA) s\u00fcgavaks niisutamiseks, taastamiseks ja naha kirkuse parandamiseks. See 5-etapiline hoolduskomplekt on loodud tuhmuse, kuivuse ja vananemism\u00e4rkide v\u00e4hendamiseks, tugevdades samal ajal naha kaitsebarj\u00e4\u00e4ri ja parandades elastsust. Mugavad reisisuuruses tooted sobivad ideaalselt nii Medicube\u2019i legendaarse \u201eglow\u201c- hoolduse proovimiseks kui ka igap\u00e4evaseks hoolduseks reisil olles.<\/p>\n<p data-start=\"556\" data-end=\"579\"><strong>Komplekti sisu:<\/strong><\/p>\n<p data-start=\"581\" data-end=\"726\"><strong data-start=\"581\" data-end=\"622\">PDRN Pink Cica Soothing Toner (50 ml)<\/strong> \u2013 rahustav toonik, mis niisutab, v\u00e4rskendab ja valmistab naha ette paremaks toimeainete imendumiseks.<\/p>\n<p data-start=\"728\" data-end=\"874\"><strong data-start=\"728\" data-end=\"762\">PDRN Pink Peptide Serum (5 ml)<\/strong> \u2013 pinguldav seerum, mis sisaldab peptiide ja PDRN-i naha elastsuse parandamiseks ja peente joonte silumiseks.<\/p>\n<p data-start=\"876\" data-end=\"1005\"><strong data-start=\"876\" data-end=\"920\">PDRN Pink Collagen Capsule Cream (4.5 g)<\/strong> \u2013 s\u00fcgavniisutav kreem, mis toidab nahka, suurendab elastsust ja annab s\u00e4rava jume.<\/p>\n<p data-start=\"1007\" data-end=\"1145\"><strong data-start=\"1007\" data-end=\"1047\">PDRN Pink One Day Serum (1.5 ml \u00d7 5)<\/strong> \u2013 k\u00f5rgkontsentreeritud ampullid, mis pakuvad intensiivset taastavat ja kirkust andvat hooldust.<\/p>\n<p data-start=\"1147\" data-end=\"1290\"><strong data-start=\"1147\" data-end=\"1194\">PDRN Pink Vita Coating Mask (22 g)<\/strong> \u2013 elustav lehtmask PDRN-i, B12-vitamiini ja kollageeniga, mis annab kohese niisutuse ja s\u00e4ra.<\/p>\n<p data-start=\"1297\" data-end=\"1322\"><strong data-start=\"1301\" data-end=\"1322\">Peamised eelised:<\/strong><\/p>\n<ul data-start=\"1323\" data-end=\"1624\">\n<li data-start=\"1323\" data-end=\"1388\">\n<p data-start=\"1325\" data-end=\"1388\">T\u00e4ielik PDRN-hooldusrutiin naha s\u00e4ra ja uuenemise toetamiseks<\/p>\n<\/li>\n<li data-start=\"1389\" data-end=\"1429\">\n<p data-start=\"1391\" data-end=\"1429\">S\u00fcgav niisutus ja paranenud elastsus<\/p>\n<\/li>\n<li data-start=\"1430\" data-end=\"1483\">\n<p data-start=\"1432\" data-end=\"1483\">V\u00e4hendab tuhmust, peeneid jooni ja v\u00e4simuse m\u00e4rke<\/p>\n<\/li>\n<li data-start=\"1484\" data-end=\"1547\">\n<p data-start=\"1486\" data-end=\"1547\">Tugevdab naha kaitsebarj\u00e4\u00e4ri ja soodustab rakkude uuenemist<\/p>\n<\/li>\n<li data-start=\"1548\" data-end=\"1624\">\n<p data-start=\"1550\" data-end=\"1624\">Mugavad minisuurused \u2013 ideaalne reisile v\u00f5i esimese proovikogemuse jaoks<\/p>\n<\/li>\n<\/ul>\n<p data-start=\"1631\" data-end=\"1650\"><strong data-start=\"2051\" data-end=\"2084\">Sobib k\u00f5ikidele nahat\u00fc\u00fcpidele<\/strong>, eriti tuhmi, kuiva ja vananeva naha hoolduseks<\/p>\n<p data-start=\"2137\" data-end=\"2234\" data-is-last-node=\"\" data-is-only-node=\"\">\n<\/div>\n<\/div>\n<\/div>\n<\/div>\n<div class=\"z-0 flex min-h-[46px] justify-start\"><\/div>\n<div class=\"mt-3 w-full empty:hidden\">\n<div class=\"text-center\"><\/div>\n<\/div>\n<\/div>\n<\/div>\n<\/article>\n<div class=\"pointer-events-none h-px w-px\" aria-hidden=\"true\" data-edge=\"true\"><\/div>\n","protected":false},"excerpt":{"rendered":"<p>\u041e\u0442\u043a\u0440\u043e\u0439\u0442\u0435 \u0434\u043b\u044f \u0441\u0435\u0431\u044f \u0441\u0438\u043b\u0443 \u043e\u0431\u043d\u043e\u0432\u043b\u0435\u043d\u0438\u044f \u0438 \u0441\u0438\u044f\u043d\u0438\u044f \u043a\u043e\u0436\u0438 \u0441 \u043d\u0430\u0431\u043e\u0440\u043e\u043c Medicube PDRN Glow Kit \u2014 \u043a\u043e\u043c\u043f\u043b\u0435\u043a\u0441\u043d\u044b\u043c \u0441\u0440\u0435\u0434\u0441\u0442\u0432\u043e\u043c \u0434\u043b\u044f \u0443\u0445\u043e\u0434\u0430 \u0437\u0430 \u043a\u043e\u0436\u0435\u0439, \u043e\u0431\u043e\u0433\u0430\u0449\u0435\u043d\u043d\u044b\u043c PDRN (\u0414\u041d\u041a \u043d\u0430\u0442\u0440\u0438\u044f) \u0434\u043b\u044f \u0433\u043b\u0443\u0431\u043e\u043a\u043e\u0433\u043e \u0443\u0432\u043b\u0430\u0436\u043d\u0435\u043d\u0438\u044f, \u0432\u043e\u0441\u0441\u0442\u0430\u043d\u043e\u0432\u043b\u0435\u043d\u0438\u044f \u0438 \u0443\u043b\u0443\u0447\u0448\u0435\u043d\u0438\u044f \u0441\u0438\u044f\u043d\u0438\u044f \u043a\u043e\u0436\u0438. \u042d\u0442\u043e\u0442 5-\u0441\u0442\u0443\u043f\u0435\u043d\u0447\u0430\u0442\u044b\u0439 \u043d\u0430\u0431\u043e\u0440 \u043f\u0440\u0435\u0434\u043d\u0430\u0437\u043d\u0430\u0447\u0435\u043d \u0434\u043b\u044f \u0443\u043c\u0435\u043d\u044c\u0448\u0435\u043d\u0438\u044f \u0442\u0443\u0441\u043a\u043b\u043e\u0441\u0442\u0438, \u0441\u0443\u0445\u043e\u0441\u0442\u0438 \u0438 \u043f\u0440\u0438\u0437\u043d\u0430\u043a\u043e\u0432 \u0441\u0442\u0430\u0440\u0435\u043d\u0438\u044f, \u0430 \u0442\u0430\u043a\u0436\u0435 \u0434\u043b\u044f \u0443\u043a\u0440\u0435\u043f\u043b\u0435\u043d\u0438\u044f \u0437\u0430\u0449\u0438\u0442\u043d\u043e\u0433\u043e \u0431\u0430\u0440\u044c\u0435\u0440\u0430 \u043a\u043e\u0436\u0438 \u0438 \u043f\u043e\u0432\u044b\u0448\u0435\u043d\u0438\u044f \u0435\u0435 \u044d\u043b\u0430\u0441\u0442\u0438\u0447\u043d\u043e\u0441\u0442\u0438. \u0423\u0434\u043e\u0431\u043d\u044b\u0435 \u0441\u0440\u0435\u0434\u0441\u0442\u0432\u0430 \u0434\u043e\u0440\u043e\u0436\u043d\u043e\u0433\u043e \u0444\u043e\u0440\u043c\u0430\u0442\u0430 \u0438\u0434\u0435\u0430\u043b\u044c\u043d\u043e \u043f\u043e\u0434\u0445\u043e\u0434\u044f\u0442 \u043a\u0430\u043a \u0434\u043b\u044f \u043b\u0435\u0433\u0435\u043d\u0434\u0430\u0440\u043d\u043e\u0433\u043e \u0443\u0445\u043e\u0434\u0430 Medicube \u0437\u0430 \u0441\u0438\u044f\u044e\u0449\u0435\u0439 \u043a\u043e\u0436\u0435\u0439\u2026<\/p>","protected":false},"featured_media":16239,"comment_status":"open","ping_status":"closed","template":"","meta":{"_uf_show_specific_survey":0,"_uf_disable_surveys":false,"_bst_post_transparent":"default","_bst_post_title":"","_bst_post_layout":"default","_bst_post_sidebar_id":"","_bst_post_content_style":"default","_bst_post_vertical_padding":"default","_bst_post_feature":"","_bst_post_feature_position":"","_bst_post_header":false,"_bst_post_footer":false},"pwb-brand":[490],"product_brand":[],"product_cat":[95],"product_tag":[567,721,789],"class_list":{"0":"post-16238","1":"product","2":"type-product","3":"status-publish","4":"has-post-thumbnail","6":"pwb-brand-medicube","7":"product_cat-komplektid","8":"product_tag-glow","9":"product_tag-medicube","10":"product_tag-pdrn","12":"first","13":"instock","14":"sale","15":"shipping-taxable","16":"purchasable","17":"product-type-simple","18":"entry","19":"content-bg","20":"loop-entry"},"supplier_id":null,"supplier_sku":"","barcode":null,"atum_controlled":true,"out_stock_date":null,"out_stock_threshold":null,"inheritable":false,"inbound_stock":0,"stock_on_hold":0,"sold_today":0,"sales_last_days":0,"out_stock_days":0,"lost_sales":0,"has_location":false,"update_date":"2026-04-14T00:05:13","atum_locations":[],"atum_stock_status":"instock","restock_status":false,"low_stock_amount":"","sales_update_date":"2026-04-14T00:05:13","calc_backorders":null,"yoast_head":"<!-- This site is optimized with the Yoast SEO plugin v27.2 - https:\/\/yoast.com\/product\/yoast-seo-wordpress\/ -->\n<title>Medicube PDRN Glow Kit - IDA.KOREA<\/title>\n<meta name=\"description\" content=\"Medicube PDRN Glow Kit t\u00e4iuslik hooldusrutiin, mis on rikastatud PDRN-iga (naatrium-DNA) s\u00fcgavaks niisutamiseks, taastamiseks ja naha kirkuse parandamiseks.\" \/>\n<meta name=\"robots\" content=\"index, follow, max-snippet:-1, max-image-preview:large, max-video-preview:-1\" \/>\n<link rel=\"canonical\" href=\"https:\/\/idakorea.ee\/ru\/product\/medicube-pdrn-glow-kit\/\" \/>\n<meta property=\"og:locale\" content=\"ru_RU\" \/>\n<meta property=\"og:type\" content=\"article\" \/>\n<meta property=\"og:title\" content=\"Medicube PDRN Glow Kit - IDA.KOREA\" \/>\n<meta property=\"og:description\" content=\"Medicube PDRN Glow Kit t\u00e4iuslik hooldusrutiin, mis on rikastatud PDRN-iga (naatrium-DNA) s\u00fcgavaks niisutamiseks, taastamiseks ja naha kirkuse parandamiseks.\" \/>\n<meta property=\"og:url\" content=\"https:\/\/idakorea.ee\/ru\/product\/medicube-pdrn-glow-kit\/\" \/>\n<meta property=\"og:site_name\" content=\"IDA.KOREA\" \/>\n<meta property=\"article:modified_time\" content=\"2026-04-11T14:18:47+00:00\" \/>\n<meta property=\"og:image\" content=\"https:\/\/idakorea.ee\/wp-content\/uploads\/2025\/10\/medicube_pdrn_glow_kit-idakorea.png\" \/>\n\t<meta property=\"og:image:width\" content=\"1200\" \/>\n\t<meta property=\"og:image:height\" content=\"1200\" \/>\n\t<meta property=\"og:image:type\" content=\"image\/png\" \/>\n<meta name=\"twitter:card\" content=\"summary_large_image\" \/>\n<meta name=\"twitter:label1\" content=\"\u041f\u0440\u0438\u043c\u0435\u0440\u043d\u043e\u0435 \u0432\u0440\u0435\u043c\u044f \u0434\u043b\u044f \u0447\u0442\u0435\u043d\u0438\u044f\" \/>\n\t<meta name=\"twitter:data1\" content=\"2 \u043c\u0438\u043d\u0443\u0442\u044b\" \/>\n<script type=\"application\/ld+json\" class=\"yoast-schema-graph\">{\"@context\":\"https:\/\/schema.org\",\"@graph\":[{\"@type\":\"WebPage\",\"@id\":\"https:\/\/idakorea.ee\/product\/medicube-pdrn-glow-kit\/\",\"url\":\"https:\/\/idakorea.ee\/product\/medicube-pdrn-glow-kit\/\",\"name\":\"Medicube PDRN Glow Kit - IDA.KOREA\",\"isPartOf\":{\"@id\":\"https:\/\/idakorea.ee\/#website\"},\"primaryImageOfPage\":{\"@id\":\"https:\/\/idakorea.ee\/product\/medicube-pdrn-glow-kit\/#primaryimage\"},\"image\":{\"@id\":\"https:\/\/idakorea.ee\/product\/medicube-pdrn-glow-kit\/#primaryimage\"},\"thumbnailUrl\":\"https:\/\/idakorea.ee\/wp-content\/uploads\/2025\/10\/medicube_pdrn_glow_kit-idakorea.png\",\"datePublished\":\"2025-10-24T07:46:09+00:00\",\"dateModified\":\"2026-04-11T14:18:47+00:00\",\"description\":\"Medicube PDRN Glow Kit t\u00e4iuslik hooldusrutiin, mis on rikastatud PDRN-iga (naatrium-DNA) s\u00fcgavaks niisutamiseks, taastamiseks ja naha kirkuse parandamiseks.\",\"breadcrumb\":{\"@id\":\"https:\/\/idakorea.ee\/product\/medicube-pdrn-glow-kit\/#breadcrumb\"},\"inLanguage\":\"ru-RU\",\"potentialAction\":[{\"@type\":\"ReadAction\",\"target\":[\"https:\/\/idakorea.ee\/product\/medicube-pdrn-glow-kit\/\"]}]},{\"@type\":\"ImageObject\",\"inLanguage\":\"ru-RU\",\"@id\":\"https:\/\/idakorea.ee\/product\/medicube-pdrn-glow-kit\/#primaryimage\",\"url\":\"https:\/\/idakorea.ee\/wp-content\/uploads\/2025\/10\/medicube_pdrn_glow_kit-idakorea.png\",\"contentUrl\":\"https:\/\/idakorea.ee\/wp-content\/uploads\/2025\/10\/medicube_pdrn_glow_kit-idakorea.png\",\"width\":1200,\"height\":1200},{\"@type\":\"BreadcrumbList\",\"@id\":\"https:\/\/idakorea.ee\/product\/medicube-pdrn-glow-kit\/#breadcrumb\",\"itemListElement\":[{\"@type\":\"ListItem\",\"position\":1,\"name\":\"\u0413\u043b\u0430\u0432\u043d\u0430\u044f \u0441\u0442\u0440\u0430\u043d\u0438\u0446\u0430\",\"item\":\"https:\/\/idakorea.ee\/\"},{\"@type\":\"ListItem\",\"position\":2,\"name\":\"Shop\",\"item\":\"https:\/\/idakorea.ee\/shop-2\/\"},{\"@type\":\"ListItem\",\"position\":3,\"name\":\"Komplekt Medicube PDRN Glow Kit\"}]},{\"@type\":\"WebSite\",\"@id\":\"https:\/\/idakorea.ee\/#website\",\"url\":\"https:\/\/idakorea.ee\/\",\"name\":\"IDA.KOREA\",\"description\":\"Korea kosmeetika e-pood\",\"publisher\":{\"@id\":\"https:\/\/idakorea.ee\/#organization\"},\"alternateName\":\"Beauty Shop\",\"potentialAction\":[{\"@type\":\"SearchAction\",\"target\":{\"@type\":\"EntryPoint\",\"urlTemplate\":\"https:\/\/idakorea.ee\/?s={search_term_string}\"},\"query-input\":{\"@type\":\"PropertyValueSpecification\",\"valueRequired\":true,\"valueName\":\"search_term_string\"}}],\"inLanguage\":\"ru-RU\"},{\"@type\":\"Organization\",\"@id\":\"https:\/\/idakorea.ee\/#organization\",\"name\":\"IDA.KOREA\",\"url\":\"https:\/\/idakorea.ee\/\",\"logo\":{\"@type\":\"ImageObject\",\"inLanguage\":\"ru-RU\",\"@id\":\"https:\/\/idakorea.ee\/#\/schema\/logo\/image\/\",\"url\":\"https:\/\/idakorea.ee\/wp-content\/uploads\/2024\/05\/cropped-korea3.png\",\"contentUrl\":\"https:\/\/idakorea.ee\/wp-content\/uploads\/2024\/05\/cropped-korea3.png\",\"width\":688,\"height\":126,\"caption\":\"IDA.KOREA\"},\"image\":{\"@id\":\"https:\/\/idakorea.ee\/#\/schema\/logo\/image\/\"},\"sameAs\":[\"https:\/\/www.instagram.com\/ida.korea\/\"]}]}<\/script>\n<!-- \/ Yoast SEO plugin. -->","yoast_head_json":{"title":"\u041a\u043e\u043c\u043f\u043b\u0435\u043a\u0442 Medicube PDRN Glow Kit - IDA.KOREA","description":"\u041d\u0430\u0431\u043e\u0440 Medicube PDRN Glow Kit \u2014 \u044d\u0442\u043e \u0438\u0434\u0435\u0430\u043b\u044c\u043d\u044b\u0439 \u043a\u043e\u043c\u043f\u043b\u0435\u043a\u0441\u043d\u044b\u0439 \u0443\u0445\u043e\u0434 \u0437\u0430 \u043a\u043e\u0436\u0435\u0439, \u043e\u0431\u043e\u0433\u0430\u0449\u0435\u043d\u043d\u044b\u0439 PDRN (\u0414\u041d\u041a \u043d\u0430\u0442\u0440\u0438\u044f), \u043a\u043e\u0442\u043e\u0440\u044b\u0439 \u0433\u043b\u0443\u0431\u043e\u043a\u043e \u0443\u0432\u043b\u0430\u0436\u043d\u044f\u0435\u0442, \u0432\u043e\u0441\u0441\u0442\u0430\u043d\u0430\u0432\u043b\u0438\u0432\u0430\u0435\u0442 \u0438 \u0443\u043b\u0443\u0447\u0448\u0430\u0435\u0442 \u0441\u0438\u044f\u043d\u0438\u0435 \u043a\u043e\u0436\u0438.","robots":{"index":"index","follow":"follow","max-snippet":"max-snippet:-1","max-image-preview":"max-image-preview:large","max-video-preview":"max-video-preview:-1"},"canonical":"https:\/\/idakorea.ee\/ru\/product\/medicube-pdrn-glow-kit\/","og_locale":"ru_RU","og_type":"article","og_title":"Medicube PDRN Glow Kit - IDA.KOREA","og_description":"Medicube PDRN Glow Kit t\u00e4iuslik hooldusrutiin, mis on rikastatud PDRN-iga (naatrium-DNA) s\u00fcgavaks niisutamiseks, taastamiseks ja naha kirkuse parandamiseks.","og_url":"https:\/\/idakorea.ee\/ru\/product\/medicube-pdrn-glow-kit\/","og_site_name":"IDA.KOREA","article_modified_time":"2026-04-11T14:18:47+00:00","og_image":[{"width":1200,"height":1200,"url":"https:\/\/idakorea.ee\/wp-content\/uploads\/2025\/10\/medicube_pdrn_glow_kit-idakorea.png","type":"image\/png"}],"twitter_card":"summary_large_image","twitter_misc":{"\u041f\u0440\u0438\u043c\u0435\u0440\u043d\u043e\u0435 \u0432\u0440\u0435\u043c\u044f \u0434\u043b\u044f \u0447\u0442\u0435\u043d\u0438\u044f":"2 \u043c\u0438\u043d\u0443\u0442\u044b"},"schema":{"@context":"https:\/\/schema.org","@graph":[{"@type":"WebPage","@id":"https:\/\/idakorea.ee\/product\/medicube-pdrn-glow-kit\/","url":"https:\/\/idakorea.ee\/product\/medicube-pdrn-glow-kit\/","name":"\u041a\u043e\u043c\u043f\u043b\u0435\u043a\u0442 Medicube PDRN Glow Kit - IDA.KOREA","isPartOf":{"@id":"https:\/\/idakorea.ee\/#website"},"primaryImageOfPage":{"@id":"https:\/\/idakorea.ee\/product\/medicube-pdrn-glow-kit\/#primaryimage"},"image":{"@id":"https:\/\/idakorea.ee\/product\/medicube-pdrn-glow-kit\/#primaryimage"},"thumbnailUrl":"https:\/\/idakorea.ee\/wp-content\/uploads\/2025\/10\/medicube_pdrn_glow_kit-idakorea.png","datePublished":"2025-10-24T07:46:09+00:00","dateModified":"2026-04-11T14:18:47+00:00","description":"\u041d\u0430\u0431\u043e\u0440 Medicube PDRN Glow Kit \u2014 \u044d\u0442\u043e \u0438\u0434\u0435\u0430\u043b\u044c\u043d\u044b\u0439 \u043a\u043e\u043c\u043f\u043b\u0435\u043a\u0441\u043d\u044b\u0439 \u0443\u0445\u043e\u0434 \u0437\u0430 \u043a\u043e\u0436\u0435\u0439, \u043e\u0431\u043e\u0433\u0430\u0449\u0435\u043d\u043d\u044b\u0439 PDRN (\u0414\u041d\u041a \u043d\u0430\u0442\u0440\u0438\u044f), \u043a\u043e\u0442\u043e\u0440\u044b\u0439 \u0433\u043b\u0443\u0431\u043e\u043a\u043e \u0443\u0432\u043b\u0430\u0436\u043d\u044f\u0435\u0442, \u0432\u043e\u0441\u0441\u0442\u0430\u043d\u0430\u0432\u043b\u0438\u0432\u0430\u0435\u0442 \u0438 \u0443\u043b\u0443\u0447\u0448\u0430\u0435\u0442 \u0441\u0438\u044f\u043d\u0438\u0435 \u043a\u043e\u0436\u0438.","breadcrumb":{"@id":"https:\/\/idakorea.ee\/product\/medicube-pdrn-glow-kit\/#breadcrumb"},"inLanguage":"ru-RU","potentialAction":[{"@type":"ReadAction","target":["https:\/\/idakorea.ee\/product\/medicube-pdrn-glow-kit\/"]}]},{"@type":"ImageObject","inLanguage":"ru-RU","@id":"https:\/\/idakorea.ee\/product\/medicube-pdrn-glow-kit\/#primaryimage","url":"https:\/\/idakorea.ee\/wp-content\/uploads\/2025\/10\/medicube_pdrn_glow_kit-idakorea.png","contentUrl":"https:\/\/idakorea.ee\/wp-content\/uploads\/2025\/10\/medicube_pdrn_glow_kit-idakorea.png","width":1200,"height":1200},{"@type":"BreadcrumbList","@id":"https:\/\/idakorea.ee\/product\/medicube-pdrn-glow-kit\/#breadcrumb","itemListElement":[{"@type":"ListItem","position":1,"name":"\u0413\u043b\u0430\u0432\u043d\u0430\u044f \u0441\u0442\u0440\u0430\u043d\u0438\u0446\u0430","item":"https:\/\/idakorea.ee\/"},{"@type":"ListItem","position":2,"name":"Shop","item":"https:\/\/idakorea.ee\/shop-2\/"},{"@type":"ListItem","position":3,"name":"Komplekt Medicube PDRN Glow Kit"}]},{"@type":"WebSite","@id":"https:\/\/idakorea.ee\/#website","url":"https:\/\/idakorea.ee\/","name":"\u0418\u0414\u0410.\u041a\u041e\u0420\u0415\u042f","description":"\u0418\u043d\u0442\u0435\u0440\u043d\u0435\u0442-\u043c\u0430\u0433\u0430\u0437\u0438\u043d \u043a\u043e\u0440\u0435\u0439\u0441\u043a\u043e\u0439 \u043a\u043e\u0441\u043c\u0435\u0442\u0438\u043a\u0438","publisher":{"@id":"https:\/\/idakorea.ee\/#organization"},"alternateName":"Beauty Shop","potentialAction":[{"@type":"SearchAction","target":{"@type":"EntryPoint","urlTemplate":"https:\/\/idakorea.ee\/?s={search_term_string}"},"query-input":{"@type":"PropertyValueSpecification","valueRequired":true,"valueName":"search_term_string"}}],"inLanguage":"ru-RU"},{"@type":"Organization","@id":"https:\/\/idakorea.ee\/#organization","name":"\u0418\u0414\u0410.\u041a\u041e\u0420\u0415\u042f","url":"https:\/\/idakorea.ee\/","logo":{"@type":"ImageObject","inLanguage":"ru-RU","@id":"https:\/\/idakorea.ee\/#\/schema\/logo\/image\/","url":"https:\/\/idakorea.ee\/wp-content\/uploads\/2024\/05\/cropped-korea3.png","contentUrl":"https:\/\/idakorea.ee\/wp-content\/uploads\/2024\/05\/cropped-korea3.png","width":688,"height":126,"caption":"IDA.KOREA"},"image":{"@id":"https:\/\/idakorea.ee\/#\/schema\/logo\/image\/"},"sameAs":["https:\/\/www.instagram.com\/ida.korea\/"]}]}},"jetpack_sharing_enabled":true,"brands":[{"id":490,"name":"MEDICUBE","slug":"medicube"}],"_links":{"self":[{"href":"https:\/\/idakorea.ee\/ru\/wp-json\/wp\/v2\/product\/16238","targetHints":{"allow":["GET"]}}],"collection":[{"href":"https:\/\/idakorea.ee\/ru\/wp-json\/wp\/v2\/product"}],"about":[{"href":"https:\/\/idakorea.ee\/ru\/wp-json\/wp\/v2\/types\/product"}],"replies":[{"embeddable":true,"href":"https:\/\/idakorea.ee\/ru\/wp-json\/wp\/v2\/comments?post=16238"}],"version-history":[{"count":2,"href":"https:\/\/idakorea.ee\/ru\/wp-json\/wp\/v2\/product\/16238\/revisions"}],"predecessor-version":[{"id":16253,"href":"https:\/\/idakorea.ee\/ru\/wp-json\/wp\/v2\/product\/16238\/revisions\/16253"}],"wp:featuredmedia":[{"embeddable":true,"href":"https:\/\/idakorea.ee\/ru\/wp-json\/wp\/v2\/media\/16239"}],"wp:attachment":[{"href":"https:\/\/idakorea.ee\/ru\/wp-json\/wp\/v2\/media?parent=16238"}],"wp:term":[{"taxonomy":"pwb-brand","embeddable":true,"href":"https:\/\/idakorea.ee\/ru\/wp-json\/wp\/v2\/pwb-brand?post=16238"},{"taxonomy":"product_brand","embeddable":true,"href":"https:\/\/idakorea.ee\/ru\/wp-json\/wp\/v2\/product_brand?post=16238"},{"taxonomy":"product_cat","embeddable":true,"href":"https:\/\/idakorea.ee\/ru\/wp-json\/wp\/v2\/product_cat?post=16238"},{"taxonomy":"product_tag","embeddable":true,"href":"https:\/\/idakorea.ee\/ru\/wp-json\/wp\/v2\/product_tag?post=16238"}],"curies":[{"name":"WP","href":"https:\/\/api.w.org\/{rel}","templated":true}]}}