{"id":17115,"date":"2026-01-06T13:45:26","date_gmt":"2026-01-06T11:45:26","guid":{"rendered":"https:\/\/idakorea.ee\/?post_type=product&#038;p=17115"},"modified":"2026-01-31T09:47:48","modified_gmt":"2026-01-31T07:47:48","slug":"kang-hwa-silkworm-cordyceps-pad-20tk","status":"publish","type":"product","link":"https:\/\/idakorea.ee\/ru\/product\/kang-hwa-silkworm-cordyceps-pad-20tk\/","title":{"rendered":"\u041e\u0431\u0435\u0437\u0431\u043e\u043b\u0438\u0432\u0430\u044e\u0449\u0438\u0435 \u043f\u043b\u0430\u0441\u0442\u044b\u0440\u0438 Kang Hwa Silkworm Cordyceps Pad, 20 \u0448\u0442."},"content":{"rendered":"<p data-start=\"58\" data-end=\"507\"><strong data-start=\"58\" data-end=\"93\">Kang Hwa Silkworm Cordyceps Pad<\/strong> - \u0441\u043e\u0432\u0440\u0435\u043c\u0435\u043d\u043d\u044b\u0439 \u043e\u0431\u0435\u0437\u0431\u043e\u043b\u0438\u0432\u0430\u044e\u0449\u0438\u0439 \u043f\u043b\u0430\u0441\u0442\u044b\u0440\u044c, \u0440\u0430\u0437\u0440\u0430\u0431\u043e\u0442\u0430\u043d\u043d\u044b\u0439 \u043d\u0430 \u043e\u0441\u043d\u043e\u0432\u0435 \u0442\u0440\u0430\u0434\u0438\u0446\u0438\u043e\u043d\u043d\u043e\u0439 \u0432\u043e\u0441\u0442\u043e\u0447\u043d\u043e\u0439 \u043c\u0435\u0434\u0438\u0446\u0438\u043d\u044b \u0438 \u0441\u043e\u0432\u0440\u0435\u043c\u0435\u043d\u043d\u044b\u0445 \u0442\u0435\u0445\u043d\u043e\u043b\u043e\u0433\u0438\u0439. \u041e\u043d \u043e\u0441\u043d\u043e\u0432\u0430\u043d \u043d\u0430 \u0443\u043d\u0438\u043a\u0430\u043b\u044c\u043d\u043e\u043c \u0441\u043e\u0447\u0435\u0442\u0430\u043d\u0438\u0438 \u043a\u043e\u0440\u0434\u0438\u0446\u0435\u043f\u0441\u0430 \u0438 \u0434\u0440\u0443\u0433\u0438\u0445 \u0446\u0435\u043b\u0435\u0431\u043d\u044b\u0445 \u043a\u043e\u043c\u043f\u043e\u043d\u0435\u043d\u0442\u043e\u0432, \u043a\u043e\u0442\u043e\u0440\u044b\u0435 \u0441\u0438\u043d\u0435\u0440\u0433\u0438\u0447\u0435\u0441\u043a\u0438 \u0432\u043e\u0437\u0434\u0435\u0439\u0441\u0442\u0432\u0443\u044e\u0442 \u043d\u0430 \u043f\u043e\u0440\u0430\u0436\u0435\u043d\u043d\u044b\u0435 \u0443\u0447\u0430\u0441\u0442\u043a\u0438, \u043e\u0431\u0435\u0441\u043f\u0435\u0447\u0438\u0432\u0430\u044f \u0431\u044b\u0441\u0442\u0440\u043e\u0435 \u0438 \u0434\u043b\u0438\u0442\u0435\u043b\u044c\u043d\u043e\u0435 \u043e\u0431\u043b\u0435\u0433\u0447\u0435\u043d\u0438\u0435. \u041f\u043b\u0430\u0441\u0442\u044b\u0440\u044c \u044d\u0444\u0444\u0435\u043a\u0442\u0438\u0432\u043d\u043e \u0443\u043c\u0435\u043d\u044c\u0448\u0430\u0435\u0442 \u0432\u043e\u0441\u043f\u0430\u043b\u0435\u043d\u0438\u0435, \u0441\u043d\u0438\u043c\u0430\u0435\u0442 \u0431\u043e\u043b\u044c \u0438 \u043f\u043e\u043c\u043e\u0433\u0430\u0435\u0442 \u0432\u043e\u0441\u0441\u0442\u0430\u043d\u043e\u0432\u0438\u0442\u044c \u043f\u043e\u0434\u0432\u0438\u0436\u043d\u043e\u0441\u0442\u044c \u0441\u0443\u0441\u0442\u0430\u0432\u043e\u0432 \u0438 \u043c\u044b\u0448\u0446.<\/p>\n<p data-start=\"509\" data-end=\"529\"><strong data-start=\"513\" data-end=\"529\">\u041f\u043e\u043a\u0430\u0437\u0430\u043d\u0438\u044f:<\/strong><\/p>\n<ul data-start=\"530\" data-end=\"838\">\n<li data-start=\"530\" data-end=\"571\">\n<p data-start=\"532\" data-end=\"571\">\u0420\u0435\u0432\u043c\u0430\u0442\u0438\u0437\u043c, \u0440\u0435\u0432\u043c\u0430\u0442\u043e\u0438\u0434\u043d\u044b\u0439 \u0430\u0440\u0442\u0440\u0438\u0442, \u043e\u0441\u0442\u0435\u043e\u0430\u0440\u0442\u0440\u0438\u0442<\/p>\n<\/li>\n<li data-start=\"572\" data-end=\"586\">\n<p data-start=\"574\" data-end=\"586\">\u0420\u0430\u0434\u0438\u043a\u0443\u043b\u0438\u0442<\/p>\n<\/li>\n<li data-start=\"587\" data-end=\"601\">\n<p data-start=\"589\" data-end=\"601\">\u0411\u043e\u043b\u044c \u0432 \u0441\u043f\u0438\u043d\u0435<\/p>\n<\/li>\n<li data-start=\"602\" data-end=\"621\">\n<p data-start=\"604\" data-end=\"621\">\u041e\u043d\u0435\u043c\u0435\u043d\u0438\u0435 \u043a\u043e\u043d\u0435\u0447\u043d\u043e\u0441\u0442\u0435\u0439<\/p>\n<\/li>\n<li data-start=\"622\" data-end=\"651\">\n<p data-start=\"624\" data-end=\"651\">\u0420\u0430\u0441\u0442\u044f\u0436\u0435\u043d\u0438\u044f \u0438 \u0443\u0448\u0438\u0431\u044b<\/p>\n<\/li>\n<li data-start=\"652\" data-end=\"691\">\n<p data-start=\"654\" data-end=\"691\">\u0410\u0434\u0433\u0435\u0437\u0438\u0432\u043d\u044b\u0439 \u043a\u0430\u043f\u0441\u0443\u043b\u0438\u0442 (\u0441\u0438\u043d\u0434\u0440\u043e\u043c \u0437\u0430\u043c\u043e\u0440\u043e\u0436\u0435\u043d\u043d\u043e\u0433\u043e \u043f\u043b\u0435\u0447\u0430)<\/p>\n<\/li>\n<li data-start=\"692\" data-end=\"717\">\n<p data-start=\"694\" data-end=\"717\">\u0428\u0435\u0439\u043d\u044b\u0439 \u0441\u043f\u043e\u043d\u0434\u0438\u043b\u043e\u0437<\/p>\n<\/li>\n<li data-start=\"718\" data-end=\"751\">\n<p data-start=\"720\" data-end=\"751\">\u0413\u0440\u044b\u0436\u0430 \u043c\u0435\u0436\u043f\u043e\u0437\u0432\u043e\u043d\u043e\u0447\u043d\u043e\u0433\u043e \u0434\u0438\u0441\u043a\u0430 (\u043f\u043e\u044f\u0441\u043d\u0438\u0447\u043d\u043e\u0433\u043e \u043e\u0442\u0434\u0435\u043b\u0430)<\/p>\n<\/li>\n<li data-start=\"752\" data-end=\"775\">\n<p data-start=\"754\" data-end=\"775\">\u041a\u043e\u0441\u0442\u043d\u044b\u0435 \u043d\u0430\u0440\u043e\u0441\u0442\u044b (\u043a\u043e\u0441\u0442\u043d\u044b\u0435 \u0448\u043f\u043e\u0440\u044b)<\/p>\n<\/li>\n<li data-start=\"776\" data-end=\"838\">\n<p data-start=\"778\" data-end=\"838\">\u041b\u0430\u0442\u0435\u0440\u0430\u043b\u044c\u043d\u044b\u0439 \u044d\u043f\u0438\u043a\u043e\u043d\u0434\u0438\u043b\u0438\u0442 (\u0442\u0435\u043d\u043d\u0438\u0441\u043d\u044b\u0439 \u043b\u043e\u043a\u043e\u0442\u044c), \u0442\u0435\u043d\u0434\u043e\u0432\u0430\u0433\u0438\u043d\u0438\u0442<\/p>\n<\/li>\n<\/ul>\n<p data-start=\"840\" data-end=\"888\"><strong data-start=\"844\" data-end=\"888\">\u041f\u0440\u0435\u0438\u043c\u0443\u0449\u0435\u0441\u0442\u0432\u0430 Kang Hwa Silkworm Cordyceps Pad:<\/strong><\/p>\n<ul data-start=\"889\" data-end=\"1233\">\n<li data-start=\"889\" data-end=\"1005\">\n<p data-start=\"891\" data-end=\"1005\"><strong data-start=\"891\" data-end=\"928\">\u0411\u044b\u0441\u0442\u0440\u043e\u0435 \u0438 \u044d\u0444\u0444\u0435\u043a\u0442\u0438\u0432\u043d\u043e\u0435 \u043e\u0431\u0435\u0437\u0431\u043e\u043b\u0438\u0432\u0430\u043d\u0438\u0435:<\/strong> \u0421\u0438\u043d\u0435\u0440\u0433\u0435\u0442\u0438\u0447\u0435\u0441\u043a\u0438\u0439 \u044d\u0444\u0444\u0435\u043a\u0442 \u043a\u043e\u043c\u043f\u043e\u043d\u0435\u043d\u0442\u043e\u0432 \u043f\u043e\u043c\u043e\u0433\u0430\u0435\u0442 \u0431\u044b\u0441\u0442\u0440\u043e \u0443\u043c\u0435\u043d\u044c\u0448\u0438\u0442\u044c \u0431\u043e\u043b\u044c \u0438 \u0432\u043e\u0441\u043f\u0430\u043b\u0435\u043d\u0438\u0435.<\/p>\n<\/li>\n<li data-start=\"1006\" data-end=\"1057\">\n<p data-start=\"1008\" data-end=\"1057\"><strong data-start=\"1008\" data-end=\"1030\">\u0414\u043e\u043b\u0433\u043e\u0441\u0440\u043e\u0447\u043d\u044b\u0439 \u044d\u0444\u0444\u0435\u043a\u0442:<\/strong> \u041e\u0431\u043b\u0435\u0433\u0447\u0435\u043d\u0438\u0435 \u0441\u0438\u043c\u043f\u0442\u043e\u043c\u043e\u0432 \u043d\u0430 \u0441\u0440\u043e\u043a \u0434\u043e 12 \u0447\u0430\u0441\u043e\u0432.<\/p>\n<\/li>\n<li data-start=\"1058\" data-end=\"1152\">\n<p data-start=\"1060\" data-end=\"1152\"><strong data-start=\"1060\" data-end=\"1079\">\u0423\u0434\u043e\u0431\u043d\u043e \u0432 \u0438\u0441\u043f\u043e\u043b\u044c\u0437\u043e\u0432\u0430\u043d\u0438\u0438:<\/strong> \u041b\u0435\u0433\u043a\u043e \u043d\u0430\u043d\u043e\u0441\u0438\u0442\u0441\u044f \u0438 \u0443\u0434\u0430\u043b\u044f\u0435\u0442\u0441\u044f, \u043d\u0435 \u043e\u0441\u0442\u0430\u0432\u043b\u044f\u0435\u0442 \u0441\u043b\u0435\u0434\u043e\u0432 \u043d\u0430 \u043a\u043e\u0436\u0435 \u0438\u043b\u0438 \u043e\u0434\u0435\u0436\u0434\u0435.<\/p>\n<\/li>\n<li data-start=\"1153\" data-end=\"1233\">\n<p data-start=\"1155\" data-end=\"1233\"><strong data-start=\"1155\" data-end=\"1180\">\u0423\u043d\u0438\u0432\u0435\u0440\u0441\u0430\u043b\u044c\u043d\u043e\u0435 \u043f\u0440\u0438\u043c\u0435\u043d\u0435\u043d\u0438\u0435:<\/strong> \u041f\u043e\u0434\u0445\u043e\u0434\u0438\u0442 \u0434\u043b\u044f \u043b\u0435\u0447\u0435\u043d\u0438\u044f \u0440\u0430\u0437\u043b\u0438\u0447\u043d\u044b\u0445 \u0432\u0438\u0434\u043e\u0432 \u0431\u043e\u043b\u0435\u0439 \u0432 \u0441\u0443\u0441\u0442\u0430\u0432\u0430\u0445 \u0438 \u043c\u044b\u0448\u0446\u0430\u0445.<\/p>\n<\/li>\n<\/ul>\n<p data-start=\"1235\" data-end=\"1443\">\u0412 \u043a\u0430\u0436\u0434\u043e\u0439 \u0443\u043f\u0430\u043a\u043e\u0432\u043a\u0435 \u0441\u043e\u0434\u0435\u0440\u0436\u0438\u0442\u0441\u044f 20 \u043f\u043b\u0430\u0441\u0442\u044b\u0440\u0435\u0439 \u0440\u0430\u0437\u043c\u0435\u0440\u043e\u043c 94 x 130 \u043c\u043c, \u0447\u0435\u0433\u043e \u0434\u043e\u0441\u0442\u0430\u0442\u043e\u0447\u043d\u043e \u0434\u043b\u044f \u043a\u0443\u0440\u0441\u0430 \u043b\u0435\u0447\u0435\u043d\u0438\u044f \u0438\u043b\u0438 \u043f\u043e \u043c\u0435\u0440\u0435 \u043d\u0435\u043e\u0431\u0445\u043e\u0434\u0438\u043c\u043e\u0441\u0442\u0438. \u0423\u0434\u043e\u0431\u043d\u044b\u0439 \u0440\u0430\u0437\u043c\u0435\u0440 \u0438 \u0444\u043e\u0440\u043c\u0430 \u043f\u043e\u0437\u0432\u043e\u043b\u044f\u044e\u0442 \u043d\u0430\u043a\u043b\u0435\u0438\u0432\u0430\u0442\u044c \u043f\u043b\u0430\u0441\u0442\u044b\u0440\u0438 \u043d\u0430 \u0440\u0430\u0437\u043d\u044b\u0435 \u0443\u0447\u0430\u0441\u0442\u043a\u0438 \u0442\u0435\u043b\u0430.<\/p>\n<p data-start=\"1445\" data-end=\"1606\">\u041f\u043b\u0430\u0441\u0442\u044b\u0440\u044c Kang Hwa Pain Relief Cordyceps Patch \u2014 \u044d\u0442\u043e \u043d\u0430\u0434\u0435\u0436\u043d\u043e\u0435 \u0438 \u044d\u0444\u0444\u0435\u043a\u0442\u0438\u0432\u043d\u043e\u0435 \u0441\u0440\u0435\u0434\u0441\u0442\u0432\u043e \u043e\u0442 \u0431\u043e\u043b\u0435\u0439 \u0432 \u0441\u0443\u0441\u0442\u0430\u0432\u0430\u0445 \u0438 \u043c\u044b\u0448\u0446\u0430\u0445. \u0412\u0435\u0440\u043d\u0438\u0442\u0435 \u0441\u0435\u0431\u0435 \u0440\u0430\u0434\u043e\u0441\u0442\u044c \u0434\u0432\u0438\u0436\u0435\u043d\u0438\u044f \u0438 \u043f\u043e\u043b\u043d\u043e\u0446\u0435\u043d\u043d\u0443\u044e \u0436\u0438\u0437\u043d\u044c!<\/p>","protected":false},"excerpt":{"rendered":"<p>\u041f\u043b\u0430\u0441\u0442\u044b\u0440\u044c Kang Hwa Silkworm Cordyceps Pad \u2014 \u044d\u0442\u043e \u0441\u043e\u0432\u0440\u0435\u043c\u0435\u043d\u043d\u044b\u0439 \u043e\u0431\u0435\u0437\u0431\u043e\u043b\u0438\u0432\u0430\u044e\u0449\u0438\u0439 \u043f\u043b\u0430\u0441\u0442\u044b\u0440\u044c, \u0440\u0430\u0437\u0440\u0430\u0431\u043e\u0442\u0430\u043d\u043d\u044b\u0439 \u043d\u0430 \u043e\u0441\u043d\u043e\u0432\u0435 \u0442\u0440\u0430\u0434\u0438\u0446\u0438\u043e\u043d\u043d\u043e\u0439 \u0432\u043e\u0441\u0442\u043e\u0447\u043d\u043e\u0439 \u043c\u0435\u0434\u0438\u0446\u0438\u043d\u044b \u0438 \u0441\u043e\u0432\u0440\u0435\u043c\u0435\u043d\u043d\u044b\u0445 \u0442\u0435\u0445\u043d\u043e\u043b\u043e\u0433\u0438\u0439. \u041e\u043d \u043e\u0441\u043d\u043e\u0432\u0430\u043d \u043d\u0430 \u0443\u043d\u0438\u043a\u0430\u043b\u044c\u043d\u043e\u043c \u0441\u043e\u0447\u0435\u0442\u0430\u043d\u0438\u0438 \u043a\u043e\u0440\u0434\u0438\u0446\u0435\u043f\u0441\u0430 \u0438 \u0434\u0440\u0443\u0433\u0438\u0445 \u0446\u0435\u043b\u0435\u0431\u043d\u044b\u0445 \u043a\u043e\u043c\u043f\u043e\u043d\u0435\u043d\u0442\u043e\u0432, \u043a\u043e\u0442\u043e\u0440\u044b\u0435 \u0441\u0438\u043d\u0435\u0440\u0433\u0438\u0447\u0435\u0441\u043a\u0438 \u0432\u043e\u0437\u0434\u0435\u0439\u0441\u0442\u0432\u0443\u044e\u0442 \u043d\u0430 \u043f\u043e\u0440\u0430\u0436\u0435\u043d\u043d\u044b\u0435 \u0443\u0447\u0430\u0441\u0442\u043a\u0438, \u043e\u0431\u0435\u0441\u043f\u0435\u0447\u0438\u0432\u0430\u044f \u0431\u044b\u0441\u0442\u0440\u043e\u0435 \u0438 \u0434\u043b\u0438\u0442\u0435\u043b\u044c\u043d\u043e\u0435 \u043e\u0431\u043b\u0435\u0433\u0447\u0435\u043d\u0438\u0435. \u041f\u043b\u0430\u0441\u0442\u044b\u0440\u044c \u044d\u0444\u0444\u0435\u043a\u0442\u0438\u0432\u043d\u043e \u0443\u043c\u0435\u043d\u044c\u0448\u0430\u0435\u0442 \u0432\u043e\u0441\u043f\u0430\u043b\u0435\u043d\u0438\u0435, \u0441\u043d\u0438\u043c\u0430\u0435\u0442 \u0431\u043e\u043b\u044c \u0438 \u043f\u043e\u043c\u043e\u0433\u0430\u0435\u0442 \u0432\u043e\u0441\u0441\u0442\u0430\u043d\u043e\u0432\u0438\u0442\u044c \u043f\u043e\u0434\u0432\u0438\u0436\u043d\u043e\u0441\u0442\u044c \u0441\u0443\u0441\u0442\u0430\u0432\u043e\u0432 \u0438 \u043c\u044b\u0448\u0446. \u041f\u043e\u043a\u0430\u0437\u0430\u043d\u0438\u044f: \u0440\u0435\u0432\u043c\u0430\u0442\u0438\u0437\u043c, \u0440\u0435\u0432\u043c\u0430\u0442\u043e\u0438\u0434\u043d\u044b\u0439 \u0430\u0440\u0442\u0440\u0438\u0442\u2026<\/p>","protected":false},"featured_media":17118,"comment_status":"open","ping_status":"closed","template":"","meta":{"_uf_show_specific_survey":0,"_uf_disable_surveys":false,"_bst_post_transparent":"default","_bst_post_title":"","_bst_post_layout":"default","_bst_post_sidebar_id":"","_bst_post_content_style":"default","_bst_post_vertical_padding":"default","_bst_post_feature":"","_bst_post_feature_position":"","_bst_post_header":false,"_bst_post_footer":false},"pwb-brand":[1052],"product_brand":[],"product_cat":[370],"product_tag":[568,737,1053],"class_list":{"0":"post-17115","1":"product","2":"type-product","3":"status-publish","4":"has-post-thumbnail","6":"pwb-brand-kang-hwa","7":"product_cat-toidulisandid","8":"product_tag-korea","9":"product_tag-pad","10":"product_tag-pain","12":"first","13":"outofstock","14":"sale","15":"shipping-taxable","16":"purchasable","17":"product-type-simple","18":"entry","19":"content-bg","20":"loop-entry"},"supplier_id":null,"supplier_sku":"","barcode":null,"atum_controlled":true,"out_stock_date":"2026-01-11 15:39:02","out_stock_threshold":null,"inheritable":false,"inbound_stock":0,"stock_on_hold":0,"sold_today":0,"sales_last_days":0,"out_stock_days":92,"lost_sales":193,"has_location":false,"update_date":"2026-04-14T00:05:05","atum_locations":[],"atum_stock_status":"outofstock","restock_status":false,"low_stock_amount":"","sales_update_date":"2026-04-14T00:05:05","calc_backorders":null,"yoast_head":"<!-- This site is optimized with the Yoast SEO plugin v27.2 - https:\/\/yoast.com\/product\/yoast-seo-wordpress\/ -->\n<title>Kang Hwa Silkworm Cordyceps Pad, 20tk - IDA.KOREA<\/title>\n<meta name=\"description\" content=\"Kaasaegne valuvaigistav plaaster, mis v\u00e4hendab t\u00f5husalt p\u00f5letikku, leevendab valu ning aitab taastada liigeste ja lihaste liikuvust. Made in Korea.\" \/>\n<meta name=\"robots\" content=\"index, follow, max-snippet:-1, max-image-preview:large, max-video-preview:-1\" \/>\n<link rel=\"canonical\" href=\"https:\/\/idakorea.ee\/ru\/product\/kang-hwa-silkworm-cordyceps-pad-20tk\/\" \/>\n<meta property=\"og:locale\" content=\"ru_RU\" \/>\n<meta property=\"og:type\" content=\"article\" \/>\n<meta property=\"og:title\" content=\"Kang Hwa Silkworm Cordyceps Pad, 20tk - IDA.KOREA\" \/>\n<meta property=\"og:description\" content=\"Kaasaegne valuvaigistav plaaster, mis v\u00e4hendab t\u00f5husalt p\u00f5letikku, leevendab valu ning aitab taastada liigeste ja lihaste liikuvust. Made in Korea.\" \/>\n<meta property=\"og:url\" content=\"https:\/\/idakorea.ee\/ru\/product\/kang-hwa-silkworm-cordyceps-pad-20tk\/\" \/>\n<meta property=\"og:site_name\" content=\"IDA.KOREA\" \/>\n<meta property=\"article:modified_time\" content=\"2026-01-31T07:47:48+00:00\" \/>\n<meta property=\"og:image\" content=\"https:\/\/idakorea.ee\/wp-content\/uploads\/2026\/01\/Silkworm-Cordyceps-Pad-idakorea.jpg\" \/>\n\t<meta property=\"og:image:width\" content=\"1202\" \/>\n\t<meta property=\"og:image:height\" content=\"1200\" \/>\n\t<meta property=\"og:image:type\" content=\"image\/jpeg\" \/>\n<meta name=\"twitter:card\" content=\"summary_large_image\" \/>\n<meta name=\"twitter:label1\" content=\"\u041f\u0440\u0438\u043c\u0435\u0440\u043d\u043e\u0435 \u0432\u0440\u0435\u043c\u044f \u0434\u043b\u044f \u0447\u0442\u0435\u043d\u0438\u044f\" \/>\n\t<meta name=\"twitter:data1\" content=\"2 \u043c\u0438\u043d\u0443\u0442\u044b\" \/>\n<script type=\"application\/ld+json\" class=\"yoast-schema-graph\">{\"@context\":\"https:\/\/schema.org\",\"@graph\":[{\"@type\":\"WebPage\",\"@id\":\"https:\/\/idakorea.ee\/product\/kang-hwa-silkworm-cordyceps-pad-20tk\/\",\"url\":\"https:\/\/idakorea.ee\/product\/kang-hwa-silkworm-cordyceps-pad-20tk\/\",\"name\":\"Kang Hwa Silkworm Cordyceps Pad, 20tk - IDA.KOREA\",\"isPartOf\":{\"@id\":\"https:\/\/idakorea.ee\/#website\"},\"primaryImageOfPage\":{\"@id\":\"https:\/\/idakorea.ee\/product\/kang-hwa-silkworm-cordyceps-pad-20tk\/#primaryimage\"},\"image\":{\"@id\":\"https:\/\/idakorea.ee\/product\/kang-hwa-silkworm-cordyceps-pad-20tk\/#primaryimage\"},\"thumbnailUrl\":\"https:\/\/idakorea.ee\/wp-content\/uploads\/2026\/01\/Silkworm-Cordyceps-Pad-idakorea.jpg\",\"datePublished\":\"2026-01-06T11:45:26+00:00\",\"dateModified\":\"2026-01-31T07:47:48+00:00\",\"description\":\"Kaasaegne valuvaigistav plaaster, mis v\u00e4hendab t\u00f5husalt p\u00f5letikku, leevendab valu ning aitab taastada liigeste ja lihaste liikuvust. Made in Korea.\",\"breadcrumb\":{\"@id\":\"https:\/\/idakorea.ee\/product\/kang-hwa-silkworm-cordyceps-pad-20tk\/#breadcrumb\"},\"inLanguage\":\"ru-RU\",\"potentialAction\":[{\"@type\":\"ReadAction\",\"target\":[\"https:\/\/idakorea.ee\/product\/kang-hwa-silkworm-cordyceps-pad-20tk\/\"]}]},{\"@type\":\"ImageObject\",\"inLanguage\":\"ru-RU\",\"@id\":\"https:\/\/idakorea.ee\/product\/kang-hwa-silkworm-cordyceps-pad-20tk\/#primaryimage\",\"url\":\"https:\/\/idakorea.ee\/wp-content\/uploads\/2026\/01\/Silkworm-Cordyceps-Pad-idakorea.jpg\",\"contentUrl\":\"https:\/\/idakorea.ee\/wp-content\/uploads\/2026\/01\/Silkworm-Cordyceps-Pad-idakorea.jpg\",\"width\":1202,\"height\":1200},{\"@type\":\"BreadcrumbList\",\"@id\":\"https:\/\/idakorea.ee\/product\/kang-hwa-silkworm-cordyceps-pad-20tk\/#breadcrumb\",\"itemListElement\":[{\"@type\":\"ListItem\",\"position\":1,\"name\":\"\u0413\u043b\u0430\u0432\u043d\u0430\u044f \u0441\u0442\u0440\u0430\u043d\u0438\u0446\u0430\",\"item\":\"https:\/\/idakorea.ee\/\"},{\"@type\":\"ListItem\",\"position\":2,\"name\":\"Shop\",\"item\":\"https:\/\/idakorea.ee\/shop-2\/\"},{\"@type\":\"ListItem\",\"position\":3,\"name\":\"Valuvaigistav plaaster Kang Hwa Silkworm Cordyceps Pad, 20tk\"}]},{\"@type\":\"WebSite\",\"@id\":\"https:\/\/idakorea.ee\/#website\",\"url\":\"https:\/\/idakorea.ee\/\",\"name\":\"IDA.KOREA\",\"description\":\"Korea kosmeetika e-pood\",\"publisher\":{\"@id\":\"https:\/\/idakorea.ee\/#organization\"},\"alternateName\":\"Beauty Shop\",\"potentialAction\":[{\"@type\":\"SearchAction\",\"target\":{\"@type\":\"EntryPoint\",\"urlTemplate\":\"https:\/\/idakorea.ee\/?s={search_term_string}\"},\"query-input\":{\"@type\":\"PropertyValueSpecification\",\"valueRequired\":true,\"valueName\":\"search_term_string\"}}],\"inLanguage\":\"ru-RU\"},{\"@type\":\"Organization\",\"@id\":\"https:\/\/idakorea.ee\/#organization\",\"name\":\"IDA.KOREA\",\"url\":\"https:\/\/idakorea.ee\/\",\"logo\":{\"@type\":\"ImageObject\",\"inLanguage\":\"ru-RU\",\"@id\":\"https:\/\/idakorea.ee\/#\/schema\/logo\/image\/\",\"url\":\"https:\/\/idakorea.ee\/wp-content\/uploads\/2024\/05\/cropped-korea3.png\",\"contentUrl\":\"https:\/\/idakorea.ee\/wp-content\/uploads\/2024\/05\/cropped-korea3.png\",\"width\":688,\"height\":126,\"caption\":\"IDA.KOREA\"},\"image\":{\"@id\":\"https:\/\/idakorea.ee\/#\/schema\/logo\/image\/\"},\"sameAs\":[\"https:\/\/www.instagram.com\/ida.korea\/\"]}]}<\/script>\n<!-- \/ Yoast SEO plugin. -->","yoast_head_json":{"title":"Kang Hwa Silkworm Cordyceps Pad, 20tk - IDA.KOREA","description":"Kaasaegne valuvaigistav plaaster, mis v\u00e4hendab t\u00f5husalt p\u00f5letikku, leevendab valu ning aitab taastada liigeste ja lihaste liikuvust. Made in Korea.","robots":{"index":"index","follow":"follow","max-snippet":"max-snippet:-1","max-image-preview":"max-image-preview:large","max-video-preview":"max-video-preview:-1"},"canonical":"https:\/\/idakorea.ee\/ru\/product\/kang-hwa-silkworm-cordyceps-pad-20tk\/","og_locale":"ru_RU","og_type":"article","og_title":"Kang Hwa Silkworm Cordyceps Pad, 20tk - IDA.KOREA","og_description":"Kaasaegne valuvaigistav plaaster, mis v\u00e4hendab t\u00f5husalt p\u00f5letikku, leevendab valu ning aitab taastada liigeste ja lihaste liikuvust. Made in Korea.","og_url":"https:\/\/idakorea.ee\/ru\/product\/kang-hwa-silkworm-cordyceps-pad-20tk\/","og_site_name":"IDA.KOREA","article_modified_time":"2026-01-31T07:47:48+00:00","og_image":[{"width":1202,"height":1200,"url":"https:\/\/idakorea.ee\/wp-content\/uploads\/2026\/01\/Silkworm-Cordyceps-Pad-idakorea.jpg","type":"image\/jpeg"}],"twitter_card":"summary_large_image","twitter_misc":{"\u041f\u0440\u0438\u043c\u0435\u0440\u043d\u043e\u0435 \u0432\u0440\u0435\u043c\u044f \u0434\u043b\u044f \u0447\u0442\u0435\u043d\u0438\u044f":"2 \u043c\u0438\u043d\u0443\u0442\u044b"},"schema":{"@context":"https:\/\/schema.org","@graph":[{"@type":"WebPage","@id":"https:\/\/idakorea.ee\/product\/kang-hwa-silkworm-cordyceps-pad-20tk\/","url":"https:\/\/idakorea.ee\/product\/kang-hwa-silkworm-cordyceps-pad-20tk\/","name":"Kang Hwa Silkworm Cordyceps Pad, 20tk - IDA.KOREA","isPartOf":{"@id":"https:\/\/idakorea.ee\/#website"},"primaryImageOfPage":{"@id":"https:\/\/idakorea.ee\/product\/kang-hwa-silkworm-cordyceps-pad-20tk\/#primaryimage"},"image":{"@id":"https:\/\/idakorea.ee\/product\/kang-hwa-silkworm-cordyceps-pad-20tk\/#primaryimage"},"thumbnailUrl":"https:\/\/idakorea.ee\/wp-content\/uploads\/2026\/01\/Silkworm-Cordyceps-Pad-idakorea.jpg","datePublished":"2026-01-06T11:45:26+00:00","dateModified":"2026-01-31T07:47:48+00:00","description":"Kaasaegne valuvaigistav plaaster, mis v\u00e4hendab t\u00f5husalt p\u00f5letikku, leevendab valu ning aitab taastada liigeste ja lihaste liikuvust. Made in Korea.","breadcrumb":{"@id":"https:\/\/idakorea.ee\/product\/kang-hwa-silkworm-cordyceps-pad-20tk\/#breadcrumb"},"inLanguage":"ru-RU","potentialAction":[{"@type":"ReadAction","target":["https:\/\/idakorea.ee\/product\/kang-hwa-silkworm-cordyceps-pad-20tk\/"]}]},{"@type":"ImageObject","inLanguage":"ru-RU","@id":"https:\/\/idakorea.ee\/product\/kang-hwa-silkworm-cordyceps-pad-20tk\/#primaryimage","url":"https:\/\/idakorea.ee\/wp-content\/uploads\/2026\/01\/Silkworm-Cordyceps-Pad-idakorea.jpg","contentUrl":"https:\/\/idakorea.ee\/wp-content\/uploads\/2026\/01\/Silkworm-Cordyceps-Pad-idakorea.jpg","width":1202,"height":1200},{"@type":"BreadcrumbList","@id":"https:\/\/idakorea.ee\/product\/kang-hwa-silkworm-cordyceps-pad-20tk\/#breadcrumb","itemListElement":[{"@type":"ListItem","position":1,"name":"\u0413\u043b\u0430\u0432\u043d\u0430\u044f \u0441\u0442\u0440\u0430\u043d\u0438\u0446\u0430","item":"https:\/\/idakorea.ee\/"},{"@type":"ListItem","position":2,"name":"Shop","item":"https:\/\/idakorea.ee\/shop-2\/"},{"@type":"ListItem","position":3,"name":"Valuvaigistav plaaster Kang Hwa Silkworm Cordyceps Pad, 20tk"}]},{"@type":"WebSite","@id":"https:\/\/idakorea.ee\/#website","url":"https:\/\/idakorea.ee\/","name":"\u0418\u0414\u0410.\u041a\u041e\u0420\u0415\u042f","description":"\u0418\u043d\u0442\u0435\u0440\u043d\u0435\u0442-\u043c\u0430\u0433\u0430\u0437\u0438\u043d \u043a\u043e\u0440\u0435\u0439\u0441\u043a\u043e\u0439 \u043a\u043e\u0441\u043c\u0435\u0442\u0438\u043a\u0438","publisher":{"@id":"https:\/\/idakorea.ee\/#organization"},"alternateName":"Beauty Shop","potentialAction":[{"@type":"SearchAction","target":{"@type":"EntryPoint","urlTemplate":"https:\/\/idakorea.ee\/?s={search_term_string}"},"query-input":{"@type":"PropertyValueSpecification","valueRequired":true,"valueName":"search_term_string"}}],"inLanguage":"ru-RU"},{"@type":"Organization","@id":"https:\/\/idakorea.ee\/#organization","name":"\u0418\u0414\u0410.\u041a\u041e\u0420\u0415\u042f","url":"https:\/\/idakorea.ee\/","logo":{"@type":"ImageObject","inLanguage":"ru-RU","@id":"https:\/\/idakorea.ee\/#\/schema\/logo\/image\/","url":"https:\/\/idakorea.ee\/wp-content\/uploads\/2024\/05\/cropped-korea3.png","contentUrl":"https:\/\/idakorea.ee\/wp-content\/uploads\/2024\/05\/cropped-korea3.png","width":688,"height":126,"caption":"IDA.KOREA"},"image":{"@id":"https:\/\/idakorea.ee\/#\/schema\/logo\/image\/"},"sameAs":["https:\/\/www.instagram.com\/ida.korea\/"]}]}},"jetpack_sharing_enabled":true,"brands":[{"id":1052,"name":"KANG HWA","slug":"kang-hwa"}],"_links":{"self":[{"href":"https:\/\/idakorea.ee\/ru\/wp-json\/wp\/v2\/product\/17115","targetHints":{"allow":["GET"]}}],"collection":[{"href":"https:\/\/idakorea.ee\/ru\/wp-json\/wp\/v2\/product"}],"about":[{"href":"https:\/\/idakorea.ee\/ru\/wp-json\/wp\/v2\/types\/product"}],"replies":[{"embeddable":true,"href":"https:\/\/idakorea.ee\/ru\/wp-json\/wp\/v2\/comments?post=17115"}],"version-history":[{"count":2,"href":"https:\/\/idakorea.ee\/ru\/wp-json\/wp\/v2\/product\/17115\/revisions"}],"predecessor-version":[{"id":17449,"href":"https:\/\/idakorea.ee\/ru\/wp-json\/wp\/v2\/product\/17115\/revisions\/17449"}],"wp:featuredmedia":[{"embeddable":true,"href":"https:\/\/idakorea.ee\/ru\/wp-json\/wp\/v2\/media\/17118"}],"wp:attachment":[{"href":"https:\/\/idakorea.ee\/ru\/wp-json\/wp\/v2\/media?parent=17115"}],"wp:term":[{"taxonomy":"pwb-brand","embeddable":true,"href":"https:\/\/idakorea.ee\/ru\/wp-json\/wp\/v2\/pwb-brand?post=17115"},{"taxonomy":"product_brand","embeddable":true,"href":"https:\/\/idakorea.ee\/ru\/wp-json\/wp\/v2\/product_brand?post=17115"},{"taxonomy":"product_cat","embeddable":true,"href":"https:\/\/idakorea.ee\/ru\/wp-json\/wp\/v2\/product_cat?post=17115"},{"taxonomy":"product_tag","embeddable":true,"href":"https:\/\/idakorea.ee\/ru\/wp-json\/wp\/v2\/product_tag?post=17115"}],"curies":[{"name":"WP","href":"https:\/\/api.w.org\/{rel}","templated":true}]}}