{"id":17492,"date":"2026-01-29T17:07:26","date_gmt":"2026-01-29T15:07:26","guid":{"rendered":"https:\/\/idakorea.ee\/?post_type=product&#038;p=17492"},"modified":"2026-02-15T13:02:27","modified_gmt":"2026-02-15T11:02:27","slug":"beauty-of-joseon-revive-eye-serum-ginseng-retinal-30ml","status":"publish","type":"product","link":"https:\/\/idakorea.ee\/ru\/product\/beauty-of-joseon-revive-eye-serum-ginseng-retinal-30ml\/","title":{"rendered":"\u0410\u043d\u0442\u0438\u0432\u043e\u0437\u0440\u0430\u0441\u0442\u043d\u0430\u044f \u0441\u044b\u0432\u043e\u0440\u043e\u0442\u043a\u0430 \u0434\u043b\u044f \u0433\u043b\u0430\u0437 Beauty of Joseon Revive Eye Serum: \u0416\u0435\u043d\u044c\u0448\u0435\u043d\u044c + \u0420\u0435\u0442\u0438\u043d\u0430\u043b\u044c, 30 \u043c\u043b"},"content":{"rendered":"<div class=\"relative basis-auto flex-col -mb-(--composer-overlap-px) [--composer-overlap-px:28px] grow flex\">\n<div class=\"flex flex-col text-sm pb-25\">\n<article class=\"text-token-text-primary w-full focus:outline-none [--shadow-height:45px] has-data-writing-block:pointer-events-none has-data-writing-block:-mt-(--shadow-height) has-data-writing-block:pt-(--shadow-height) [&amp;:has([data-writing-block])&gt;*]:pointer-events-auto scroll-mt-[calc(var(--header-height)+min(200px,max(70px,20svh)))]\" dir=\"auto\" tabindex=\"-1\" data-turn-id=\"05faafac-2731-49f4-9071-72862fe66d2d\" data-testid=\"conversation-turn-76\" data-scroll-anchor=\"true\" data-turn=\"assistant\">\n<div class=\"text-base my-auto mx-auto pb-10 [--thread-content-margin:--spacing(4)] @w-sm\/main:[--thread-content-margin:--spacing(6)] @w-lg\/main:[--thread-content-margin:--spacing(16)] px-(--thread-content-margin)\">\n<div class=\"[--thread-content-max-width:40rem] @w-lg\/main:[--thread-content-max-width:48rem] mx-auto max-w-(--thread-content-max-width) flex-1 group\/turn-messages focus-visible:outline-hidden relative flex w-full min-w-0 flex-col agent-turn\" tabindex=\"-1\">\n<div class=\"flex max-w-full flex-col grow\">\n<div class=\"min-h-8 text-message relative flex w-full flex-col items-end gap-2 text-start break-words whitespace-normal [.text-message+&amp;]:mt-1\" dir=\"auto\" data-message-author-role=\"assistant\" data-message-id=\"34bef3bb-1ca4-445a-8894-127906cc095d\" data-message-model-slug=\"gpt-5-2\">\n<div class=\"flex w-full flex-col gap-1 empty:hidden first:pt-[1px]\">\n<div class=\"markdown prose dark:prose-invert w-full wrap-break-word light markdown-new-styling\">\n<p data-start=\"0\" data-end=\"279\"><strong data-start=\"0\" data-end=\"56\">Beauty of Joseon Revive Eye Serum: Ginseng + Retinal<\/strong> on liposoomne vananemisvastane silma\u00fcmbrusseerum, millel on taastav ja tugevdav toime. See parandab naha elastsust ja prinkust, aitab v\u00e4hendada tumedaid silmaaluseid ja turseid ning pakub tugevat antioks\u00fcdantset kaitset.<\/p>\n<p data-start=\"281\" data-end=\"478\">Seerum stimuleerib kollageenikiudude s\u00fcnteesi, suurendades naha tihedust ja tugevust. Aitab v\u00e4hendada miimiliste kortsude s\u00fcgavust ja siluda nahavolte, helendab ning taastab naha toonuse ja s\u00e4ra.<\/p>\n<p data-start=\"480\" data-end=\"761\">Toote v\u00f5tmeomaduseks on 2% Retinal Liposome kompleks, mis sisaldab 0,02% retinooli spetsiaalsetes liposoomides. See tehnoloogia stabiliseerib toimeaine, soodustab selle s\u00fcgavamat imendumist ja paremat taluvust, mist\u00f5ttu sobib toode ka esimeseks A-vitamiiniga tutvumiseks.<\/p>\n<p data-start=\"763\" data-end=\"791\"><strong data-start=\"767\" data-end=\"791\">Peamised toimeained:<\/strong><\/p>\n<ul data-start=\"792\" data-end=\"1774\">\n<li data-start=\"792\" data-end=\"984\">\n<p data-start=\"794\" data-end=\"984\"><strong data-start=\"794\" data-end=\"826\">10% \u017een\u0161enni juure ekstrakti<\/strong> \u2013 rikas saponiinide poolest, niisutab s\u00fcgavuti, stimuleerib vereringet ja \u00fchtlustab nahatooni. Kaitseb rakke kahjustuste eest, pinguldab ja tugevdab nahka.<\/p>\n<\/li>\n<li data-start=\"985\" data-end=\"1171\">\n<p data-start=\"987\" data-end=\"1171\"><strong data-start=\"987\" data-end=\"1015\">0,02% liposoomne retinal<\/strong> \u2013 k\u00e4ivitab rakkude uuenemise, parandab naha elastsust ja tihedust, tasakaalustab h\u00fcdrolipiidset barj\u00e4\u00e4ri ning aitab v\u00e4hendada kortsude ja akne n\u00e4htavust.<\/p>\n<\/li>\n<li data-start=\"1172\" data-end=\"1290\">\n<p data-start=\"1174\" data-end=\"1290\"><strong data-start=\"1174\" data-end=\"1187\">Adenosiin<\/strong> \u2013 stimuleerib kollageeni s\u00fcnteesi, suurendab naha elastsust ja tihedust ning ennetab kortsude teket.<\/p>\n<\/li>\n<li data-start=\"1291\" data-end=\"1545\">\n<p data-start=\"1293\" data-end=\"1545\"><strong data-start=\"1293\" data-end=\"1330\">SYN-COLL (palmitoyl tripeptide-5)<\/strong> \u2013 vananemisvastane peptiidkompleks, mis soodustab kollageeni tootmist ja aitab v\u00e4ltida selle lagunemist. Parandab naha toonust, v\u00e4hendab miimiliste ja vananemisest tingitud kortsude s\u00fcgavust ning silub nahapinda.<\/p>\n<\/li>\n<li data-start=\"1546\" data-end=\"1679\">\n<p data-start=\"1548\" data-end=\"1679\"><strong data-start=\"1548\" data-end=\"1571\">Kakaoubade ekstrakt<\/strong> \u2013 toniseeriva ja turseid v\u00e4hendava toimega, tugevate antioks\u00fcdantsete omadustega, toetab naha taastumist.<\/p>\n<\/li>\n<li data-start=\"1680\" data-end=\"1774\">\n<p data-start=\"1682\" data-end=\"1774\"><strong data-start=\"1682\" data-end=\"1705\">Makadaamiaseemne\u00f5li<\/strong> \u2013 pehmendab, toidab ja taastab nahka, omab antioks\u00fcdantset toimet.<\/p>\n<\/li>\n<\/ul>\n<p data-start=\"1776\" data-end=\"1806\">Sobib k\u00fcpse naha hoolduseks.<\/p>\n<p data-start=\"1808\" data-end=\"1829\"><strong data-start=\"1812\" data-end=\"1827\">Kasutamine:<\/strong><\/p>\n<p data-start=\"1830\" data-end=\"1914\">Kanna vajalik kogus seerumit silma\u00fcmbruse piirkonda \u00f5rnade tupsutavate liigutustega.<\/p>\n<\/div>\n<\/div>\n<\/div>\n<\/div>\n<div class=\"z-0 flex min-h-[46px] justify-start\"><\/div>\n<\/div>\n<\/div>\n<\/article>\n<\/div>\n<\/div>\n","protected":false},"excerpt":{"rendered":"<p>\u0421\u044b\u0432\u043e\u0440\u043e\u0442\u043a\u0430 \u0434\u043b\u044f \u0433\u043b\u0430\u0437 Beauty of Joseon Revive Eye Serum: Ginseng + Retinal \u2014 \u044d\u0442\u043e \u043b\u0438\u043f\u043e\u0441\u043e\u043c\u0430\u043b\u044c\u043d\u0430\u044f \u0430\u043d\u0442\u0438\u0432\u043e\u0437\u0440\u0430\u0441\u0442\u043d\u0430\u044f \u0441\u044b\u0432\u043e\u0440\u043e\u0442\u043a\u0430 \u0434\u043b\u044f \u0433\u043b\u0430\u0437 \u0441 \u0440\u0435\u0433\u0435\u043d\u0435\u0440\u0438\u0440\u0443\u044e\u0449\u0438\u043c \u0438 \u0443\u043a\u0440\u0435\u043f\u043b\u044f\u044e\u0449\u0438\u043c \u044d\u0444\u0444\u0435\u043a\u0442\u043e\u043c. \u041e\u043d\u0430 \u0443\u043b\u0443\u0447\u0448\u0430\u0435\u0442 \u044d\u043b\u0430\u0441\u0442\u0438\u0447\u043d\u043e\u0441\u0442\u044c \u0438 \u0443\u043f\u0440\u0443\u0433\u043e\u0441\u0442\u044c \u043a\u043e\u0436\u0438, \u043f\u043e\u043c\u043e\u0433\u0430\u0435\u0442 \u0443\u043c\u0435\u043d\u044c\u0448\u0438\u0442\u044c \u0442\u0435\u043c\u043d\u044b\u0435 \u043a\u0440\u0443\u0433\u0438 \u0438 \u043e\u0442\u0435\u0447\u043d\u043e\u0441\u0442\u044c, \u0430 \u0442\u0430\u043a\u0436\u0435 \u043e\u0431\u0435\u0441\u043f\u0435\u0447\u0438\u0432\u0430\u0435\u0442 \u043c\u043e\u0449\u043d\u0443\u044e \u0430\u043d\u0442\u0438\u043e\u043a\u0441\u0438\u0434\u0430\u043d\u0442\u043d\u0443\u044e \u0437\u0430\u0449\u0438\u0442\u0443. \u0421\u044b\u0432\u043e\u0440\u043e\u0442\u043a\u0430 \u0441\u0442\u0438\u043c\u0443\u043b\u0438\u0440\u0443\u0435\u0442 \u0441\u0438\u043d\u0442\u0435\u0437 \u043a\u043e\u043b\u043b\u0430\u0433\u0435\u043d\u043e\u0432\u044b\u0445 \u0432\u043e\u043b\u043e\u043a\u043e\u043d, \u043f\u043e\u0432\u044b\u0448\u0430\u044f \u043f\u043b\u043e\u0442\u043d\u043e\u0441\u0442\u044c \u0438 \u0443\u043f\u0440\u0443\u0433\u043e\u0441\u0442\u044c \u043a\u043e\u0436\u0438. \u041f\u043e\u043c\u043e\u0433\u0430\u0435\u0442 \u0443\u043c\u0435\u043d\u044c\u0448\u0438\u0442\u044c \u0433\u043b\u0443\u0431\u0438\u043d\u0443 \u043c\u0438\u043c\u0438\u0447\u0435\u0441\u043a\u0438\u0445 \u043c\u043e\u0440\u0449\u0438\u043d \u0438 \u0440\u0430\u0437\u0433\u043b\u0430\u0436\u0438\u0432\u0430\u0435\u0442 \u0441\u043a\u043b\u0430\u0434\u043a\u0438 \u043a\u043e\u0436\u0438, \u043e\u0441\u0432\u0435\u0442\u043b\u044f\u0435\u0442 \u0438\u2026<\/p>","protected":false},"featured_media":17495,"comment_status":"open","ping_status":"closed","template":"","meta":{"_uf_show_specific_survey":0,"_uf_disable_surveys":false,"_bst_post_transparent":"default","_bst_post_title":"","_bst_post_layout":"default","_bst_post_sidebar_id":"","_bst_post_content_style":"default","_bst_post_vertical_padding":"default","_bst_post_feature":"","_bst_post_feature_position":"","_bst_post_header":false,"_bst_post_footer":false},"pwb-brand":[880],"product_brand":[],"product_cat":[92,99,201],"product_tag":[1098,202,1101,1090,992,212,1099,1088,1083,1100],"class_list":{"0":"post-17492","1":"product","2":"type-product","3":"status-publish","4":"has-post-thumbnail","6":"pwb-brand-beauty-of-joseon","7":"product_cat-nagu","8":"product_cat-silmad-ja-huuled-2","9":"product_cat-silmakreem","10":"product_tag-beauty-of-joseon","11":"product_tag-korea-kosmeetika","12":"product_tag-kortsudevastane","13":"product_tag-kups-nahk","14":"product_tag-retinal","15":"product_tag-retinool","16":"product_tag-silmaumbruse-seerum","17":"product_tag-tumedad-silmaalused","18":"product_tag-vananemisvastane-hooldus","19":"product_tag-zensenn","21":"first","22":"instock","23":"sale","24":"shipping-taxable","25":"purchasable","26":"product-type-simple","27":"entry","28":"content-bg","29":"loop-entry"},"supplier_id":null,"supplier_sku":"","barcode":null,"atum_controlled":true,"out_stock_date":null,"out_stock_threshold":null,"inheritable":false,"inbound_stock":0,"stock_on_hold":0,"sold_today":0,"sales_last_days":0,"out_stock_days":0,"lost_sales":0,"has_location":false,"update_date":"2026-04-14T00:05:08","atum_locations":[],"atum_stock_status":"instock","restock_status":false,"low_stock_amount":"","sales_update_date":"2026-04-14T00:05:08","calc_backorders":null,"yoast_head":"<!-- This site is optimized with the Yoast SEO plugin v27.2 - https:\/\/yoast.com\/product\/yoast-seo-wordpress\/ -->\n<title>Beauty of Joseon Revive Eye Serum: Ginseng + Retinal, 30ml - IDA.KOREA<\/title>\n<meta name=\"description\" content=\"Liposoomne vananemisvastane silma\u00fcmbrusseerum, millel on taastav ja tugevdav toime. Parandab naha elastsust, aitab v\u00e4hendada tumedaid silmaaluseid.\" \/>\n<meta name=\"robots\" content=\"index, follow, max-snippet:-1, max-image-preview:large, max-video-preview:-1\" \/>\n<link rel=\"canonical\" href=\"https:\/\/idakorea.ee\/ru\/product\/beauty-of-joseon-revive-eye-serum-ginseng-retinal-30ml\/\" \/>\n<meta property=\"og:locale\" content=\"ru_RU\" \/>\n<meta property=\"og:type\" content=\"article\" \/>\n<meta property=\"og:title\" content=\"Beauty of Joseon Revive Eye Serum: Ginseng + Retinal, 30ml - IDA.KOREA\" \/>\n<meta property=\"og:description\" content=\"Liposoomne vananemisvastane silma\u00fcmbrusseerum, millel on taastav ja tugevdav toime. Parandab naha elastsust, aitab v\u00e4hendada tumedaid silmaaluseid.\" \/>\n<meta property=\"og:url\" content=\"https:\/\/idakorea.ee\/ru\/product\/beauty-of-joseon-revive-eye-serum-ginseng-retinal-30ml\/\" \/>\n<meta property=\"og:site_name\" content=\"IDA.KOREA\" \/>\n<meta property=\"article:modified_time\" content=\"2026-02-15T11:02:27+00:00\" \/>\n<meta property=\"og:image\" content=\"https:\/\/idakorea.ee\/wp-content\/uploads\/2026\/01\/Beauty-of-Joseon-Revive-Eye-Serum-Ginseng_Retinal-idakorea.jpg\" \/>\n\t<meta property=\"og:image:width\" content=\"1000\" \/>\n\t<meta property=\"og:image:height\" content=\"1000\" \/>\n\t<meta property=\"og:image:type\" content=\"image\/jpeg\" \/>\n<meta name=\"twitter:card\" content=\"summary_large_image\" \/>\n<meta name=\"twitter:label1\" content=\"\u041f\u0440\u0438\u043c\u0435\u0440\u043d\u043e\u0435 \u0432\u0440\u0435\u043c\u044f \u0434\u043b\u044f \u0447\u0442\u0435\u043d\u0438\u044f\" \/>\n\t<meta name=\"twitter:data1\" content=\"2 \u043c\u0438\u043d\u0443\u0442\u044b\" \/>\n<script type=\"application\/ld+json\" class=\"yoast-schema-graph\">{\"@context\":\"https:\/\/schema.org\",\"@graph\":[{\"@type\":\"WebPage\",\"@id\":\"https:\/\/idakorea.ee\/product\/beauty-of-joseon-revive-eye-serum-ginseng-retinal-30ml\/\",\"url\":\"https:\/\/idakorea.ee\/product\/beauty-of-joseon-revive-eye-serum-ginseng-retinal-30ml\/\",\"name\":\"Beauty of Joseon Revive Eye Serum: Ginseng + Retinal, 30ml - IDA.KOREA\",\"isPartOf\":{\"@id\":\"https:\/\/idakorea.ee\/#website\"},\"primaryImageOfPage\":{\"@id\":\"https:\/\/idakorea.ee\/product\/beauty-of-joseon-revive-eye-serum-ginseng-retinal-30ml\/#primaryimage\"},\"image\":{\"@id\":\"https:\/\/idakorea.ee\/product\/beauty-of-joseon-revive-eye-serum-ginseng-retinal-30ml\/#primaryimage\"},\"thumbnailUrl\":\"https:\/\/idakorea.ee\/wp-content\/uploads\/2026\/01\/Beauty-of-Joseon-Revive-Eye-Serum-Ginseng_Retinal-idakorea.jpg\",\"datePublished\":\"2026-01-29T15:07:26+00:00\",\"dateModified\":\"2026-02-15T11:02:27+00:00\",\"description\":\"Liposoomne vananemisvastane silma\u00fcmbrusseerum, millel on taastav ja tugevdav toime. Parandab naha elastsust, aitab v\u00e4hendada tumedaid silmaaluseid.\",\"breadcrumb\":{\"@id\":\"https:\/\/idakorea.ee\/product\/beauty-of-joseon-revive-eye-serum-ginseng-retinal-30ml\/#breadcrumb\"},\"inLanguage\":\"ru-RU\",\"potentialAction\":[{\"@type\":\"ReadAction\",\"target\":[\"https:\/\/idakorea.ee\/product\/beauty-of-joseon-revive-eye-serum-ginseng-retinal-30ml\/\"]}]},{\"@type\":\"ImageObject\",\"inLanguage\":\"ru-RU\",\"@id\":\"https:\/\/idakorea.ee\/product\/beauty-of-joseon-revive-eye-serum-ginseng-retinal-30ml\/#primaryimage\",\"url\":\"https:\/\/idakorea.ee\/wp-content\/uploads\/2026\/01\/Beauty-of-Joseon-Revive-Eye-Serum-Ginseng_Retinal-idakorea.jpg\",\"contentUrl\":\"https:\/\/idakorea.ee\/wp-content\/uploads\/2026\/01\/Beauty-of-Joseon-Revive-Eye-Serum-Ginseng_Retinal-idakorea.jpg\",\"width\":1000,\"height\":1000},{\"@type\":\"BreadcrumbList\",\"@id\":\"https:\/\/idakorea.ee\/product\/beauty-of-joseon-revive-eye-serum-ginseng-retinal-30ml\/#breadcrumb\",\"itemListElement\":[{\"@type\":\"ListItem\",\"position\":1,\"name\":\"\u0413\u043b\u0430\u0432\u043d\u0430\u044f \u0441\u0442\u0440\u0430\u043d\u0438\u0446\u0430\",\"item\":\"https:\/\/idakorea.ee\/\"},{\"@type\":\"ListItem\",\"position\":2,\"name\":\"Shop\",\"item\":\"https:\/\/idakorea.ee\/shop-2\/\"},{\"@type\":\"ListItem\",\"position\":3,\"name\":\"Vananemisvastane silma\u00fcmbrusseerum Beauty of Joseon Revive Eye Serum: Ginseng + Retinal, 30ml\"}]},{\"@type\":\"WebSite\",\"@id\":\"https:\/\/idakorea.ee\/#website\",\"url\":\"https:\/\/idakorea.ee\/\",\"name\":\"IDA.KOREA\",\"description\":\"Korea kosmeetika e-pood\",\"publisher\":{\"@id\":\"https:\/\/idakorea.ee\/#organization\"},\"alternateName\":\"Beauty Shop\",\"potentialAction\":[{\"@type\":\"SearchAction\",\"target\":{\"@type\":\"EntryPoint\",\"urlTemplate\":\"https:\/\/idakorea.ee\/?s={search_term_string}\"},\"query-input\":{\"@type\":\"PropertyValueSpecification\",\"valueRequired\":true,\"valueName\":\"search_term_string\"}}],\"inLanguage\":\"ru-RU\"},{\"@type\":\"Organization\",\"@id\":\"https:\/\/idakorea.ee\/#organization\",\"name\":\"IDA.KOREA\",\"url\":\"https:\/\/idakorea.ee\/\",\"logo\":{\"@type\":\"ImageObject\",\"inLanguage\":\"ru-RU\",\"@id\":\"https:\/\/idakorea.ee\/#\/schema\/logo\/image\/\",\"url\":\"https:\/\/idakorea.ee\/wp-content\/uploads\/2024\/05\/cropped-korea3.png\",\"contentUrl\":\"https:\/\/idakorea.ee\/wp-content\/uploads\/2024\/05\/cropped-korea3.png\",\"width\":688,\"height\":126,\"caption\":\"IDA.KOREA\"},\"image\":{\"@id\":\"https:\/\/idakorea.ee\/#\/schema\/logo\/image\/\"},\"sameAs\":[\"https:\/\/www.instagram.com\/ida.korea\/\"]}]}<\/script>\n<!-- \/ Yoast SEO plugin. -->","yoast_head_json":{"title":"\u0421\u044b\u0432\u043e\u0440\u043e\u0442\u043a\u0430 \u0434\u043b\u044f \u0433\u043b\u0430\u0437 Beauty of Joseon Revive: \u0436\u0435\u043d\u044c\u0448\u0435\u043d\u044c + \u0440\u0435\u0442\u0438\u043d\u043e\u043b, 30 \u043c\u043b - IDA.KOREA","description":"\u041b\u0438\u043f\u043e\u0441\u043e\u043c\u0430\u043b\u044c\u043d\u0430\u044f \u0430\u043d\u0442\u0438\u0432\u043e\u0437\u0440\u0430\u0441\u0442\u043d\u0430\u044f \u0441\u044b\u0432\u043e\u0440\u043e\u0442\u043a\u0430 \u0434\u043b\u044f \u043a\u043e\u0436\u0438 \u0432\u043e\u043a\u0440\u0443\u0433 \u0433\u043b\u0430\u0437 \u0441 \u0440\u0435\u0433\u0435\u043d\u0435\u0440\u0438\u0440\u0443\u044e\u0449\u0438\u043c \u0438 \u0443\u043a\u0440\u0435\u043f\u043b\u044f\u044e\u0449\u0438\u043c \u044d\u0444\u0444\u0435\u043a\u0442\u043e\u043c. \u0423\u043b\u0443\u0447\u0448\u0430\u0435\u0442 \u044d\u043b\u0430\u0441\u0442\u0438\u0447\u043d\u043e\u0441\u0442\u044c \u043a\u043e\u0436\u0438, \u043f\u043e\u043c\u043e\u0433\u0430\u0435\u0442 \u0443\u043c\u0435\u043d\u044c\u0448\u0438\u0442\u044c \u0442\u0435\u043c\u043d\u044b\u0435 \u043a\u0440\u0443\u0433\u0438 \u043f\u043e\u0434 \u0433\u043b\u0430\u0437\u0430\u043c\u0438.","robots":{"index":"index","follow":"follow","max-snippet":"max-snippet:-1","max-image-preview":"max-image-preview:large","max-video-preview":"max-video-preview:-1"},"canonical":"https:\/\/idakorea.ee\/ru\/product\/beauty-of-joseon-revive-eye-serum-ginseng-retinal-30ml\/","og_locale":"ru_RU","og_type":"article","og_title":"Beauty of Joseon Revive Eye Serum: Ginseng + Retinal, 30ml - IDA.KOREA","og_description":"Liposoomne vananemisvastane silma\u00fcmbrusseerum, millel on taastav ja tugevdav toime. Parandab naha elastsust, aitab v\u00e4hendada tumedaid silmaaluseid.","og_url":"https:\/\/idakorea.ee\/ru\/product\/beauty-of-joseon-revive-eye-serum-ginseng-retinal-30ml\/","og_site_name":"IDA.KOREA","article_modified_time":"2026-02-15T11:02:27+00:00","og_image":[{"width":1000,"height":1000,"url":"https:\/\/idakorea.ee\/wp-content\/uploads\/2026\/01\/Beauty-of-Joseon-Revive-Eye-Serum-Ginseng_Retinal-idakorea.jpg","type":"image\/jpeg"}],"twitter_card":"summary_large_image","twitter_misc":{"\u041f\u0440\u0438\u043c\u0435\u0440\u043d\u043e\u0435 \u0432\u0440\u0435\u043c\u044f \u0434\u043b\u044f \u0447\u0442\u0435\u043d\u0438\u044f":"2 \u043c\u0438\u043d\u0443\u0442\u044b"},"schema":{"@context":"https:\/\/schema.org","@graph":[{"@type":"WebPage","@id":"https:\/\/idakorea.ee\/product\/beauty-of-joseon-revive-eye-serum-ginseng-retinal-30ml\/","url":"https:\/\/idakorea.ee\/product\/beauty-of-joseon-revive-eye-serum-ginseng-retinal-30ml\/","name":"\u0421\u044b\u0432\u043e\u0440\u043e\u0442\u043a\u0430 \u0434\u043b\u044f \u0433\u043b\u0430\u0437 Beauty of Joseon Revive: \u0436\u0435\u043d\u044c\u0448\u0435\u043d\u044c + \u0440\u0435\u0442\u0438\u043d\u043e\u043b, 30 \u043c\u043b - IDA.KOREA","isPartOf":{"@id":"https:\/\/idakorea.ee\/#website"},"primaryImageOfPage":{"@id":"https:\/\/idakorea.ee\/product\/beauty-of-joseon-revive-eye-serum-ginseng-retinal-30ml\/#primaryimage"},"image":{"@id":"https:\/\/idakorea.ee\/product\/beauty-of-joseon-revive-eye-serum-ginseng-retinal-30ml\/#primaryimage"},"thumbnailUrl":"https:\/\/idakorea.ee\/wp-content\/uploads\/2026\/01\/Beauty-of-Joseon-Revive-Eye-Serum-Ginseng_Retinal-idakorea.jpg","datePublished":"2026-01-29T15:07:26+00:00","dateModified":"2026-02-15T11:02:27+00:00","description":"\u041b\u0438\u043f\u043e\u0441\u043e\u043c\u0430\u043b\u044c\u043d\u0430\u044f \u0430\u043d\u0442\u0438\u0432\u043e\u0437\u0440\u0430\u0441\u0442\u043d\u0430\u044f \u0441\u044b\u0432\u043e\u0440\u043e\u0442\u043a\u0430 \u0434\u043b\u044f \u043a\u043e\u0436\u0438 \u0432\u043e\u043a\u0440\u0443\u0433 \u0433\u043b\u0430\u0437 \u0441 \u0440\u0435\u0433\u0435\u043d\u0435\u0440\u0438\u0440\u0443\u044e\u0449\u0438\u043c \u0438 \u0443\u043a\u0440\u0435\u043f\u043b\u044f\u044e\u0449\u0438\u043c \u044d\u0444\u0444\u0435\u043a\u0442\u043e\u043c. \u0423\u043b\u0443\u0447\u0448\u0430\u0435\u0442 \u044d\u043b\u0430\u0441\u0442\u0438\u0447\u043d\u043e\u0441\u0442\u044c \u043a\u043e\u0436\u0438, \u043f\u043e\u043c\u043e\u0433\u0430\u0435\u0442 \u0443\u043c\u0435\u043d\u044c\u0448\u0438\u0442\u044c \u0442\u0435\u043c\u043d\u044b\u0435 \u043a\u0440\u0443\u0433\u0438 \u043f\u043e\u0434 \u0433\u043b\u0430\u0437\u0430\u043c\u0438.","breadcrumb":{"@id":"https:\/\/idakorea.ee\/product\/beauty-of-joseon-revive-eye-serum-ginseng-retinal-30ml\/#breadcrumb"},"inLanguage":"ru-RU","potentialAction":[{"@type":"ReadAction","target":["https:\/\/idakorea.ee\/product\/beauty-of-joseon-revive-eye-serum-ginseng-retinal-30ml\/"]}]},{"@type":"ImageObject","inLanguage":"ru-RU","@id":"https:\/\/idakorea.ee\/product\/beauty-of-joseon-revive-eye-serum-ginseng-retinal-30ml\/#primaryimage","url":"https:\/\/idakorea.ee\/wp-content\/uploads\/2026\/01\/Beauty-of-Joseon-Revive-Eye-Serum-Ginseng_Retinal-idakorea.jpg","contentUrl":"https:\/\/idakorea.ee\/wp-content\/uploads\/2026\/01\/Beauty-of-Joseon-Revive-Eye-Serum-Ginseng_Retinal-idakorea.jpg","width":1000,"height":1000},{"@type":"BreadcrumbList","@id":"https:\/\/idakorea.ee\/product\/beauty-of-joseon-revive-eye-serum-ginseng-retinal-30ml\/#breadcrumb","itemListElement":[{"@type":"ListItem","position":1,"name":"\u0413\u043b\u0430\u0432\u043d\u0430\u044f \u0441\u0442\u0440\u0430\u043d\u0438\u0446\u0430","item":"https:\/\/idakorea.ee\/"},{"@type":"ListItem","position":2,"name":"Shop","item":"https:\/\/idakorea.ee\/shop-2\/"},{"@type":"ListItem","position":3,"name":"Vananemisvastane silma\u00fcmbrusseerum Beauty of Joseon Revive Eye Serum: Ginseng + Retinal, 30ml"}]},{"@type":"WebSite","@id":"https:\/\/idakorea.ee\/#website","url":"https:\/\/idakorea.ee\/","name":"\u0418\u0414\u0410.\u041a\u041e\u0420\u0415\u042f","description":"\u0418\u043d\u0442\u0435\u0440\u043d\u0435\u0442-\u043c\u0430\u0433\u0430\u0437\u0438\u043d \u043a\u043e\u0440\u0435\u0439\u0441\u043a\u043e\u0439 \u043a\u043e\u0441\u043c\u0435\u0442\u0438\u043a\u0438","publisher":{"@id":"https:\/\/idakorea.ee\/#organization"},"alternateName":"Beauty Shop","potentialAction":[{"@type":"SearchAction","target":{"@type":"EntryPoint","urlTemplate":"https:\/\/idakorea.ee\/?s={search_term_string}"},"query-input":{"@type":"PropertyValueSpecification","valueRequired":true,"valueName":"search_term_string"}}],"inLanguage":"ru-RU"},{"@type":"Organization","@id":"https:\/\/idakorea.ee\/#organization","name":"\u0418\u0414\u0410.\u041a\u041e\u0420\u0415\u042f","url":"https:\/\/idakorea.ee\/","logo":{"@type":"ImageObject","inLanguage":"ru-RU","@id":"https:\/\/idakorea.ee\/#\/schema\/logo\/image\/","url":"https:\/\/idakorea.ee\/wp-content\/uploads\/2024\/05\/cropped-korea3.png","contentUrl":"https:\/\/idakorea.ee\/wp-content\/uploads\/2024\/05\/cropped-korea3.png","width":688,"height":126,"caption":"IDA.KOREA"},"image":{"@id":"https:\/\/idakorea.ee\/#\/schema\/logo\/image\/"},"sameAs":["https:\/\/www.instagram.com\/ida.korea\/"]}]}},"jetpack_sharing_enabled":true,"brands":[{"id":880,"name":"BEAUTY OF JOSEON","slug":"beauty-of-joseon"}],"_links":{"self":[{"href":"https:\/\/idakorea.ee\/ru\/wp-json\/wp\/v2\/product\/17492","targetHints":{"allow":["GET"]}}],"collection":[{"href":"https:\/\/idakorea.ee\/ru\/wp-json\/wp\/v2\/product"}],"about":[{"href":"https:\/\/idakorea.ee\/ru\/wp-json\/wp\/v2\/types\/product"}],"replies":[{"embeddable":true,"href":"https:\/\/idakorea.ee\/ru\/wp-json\/wp\/v2\/comments?post=17492"}],"version-history":[{"count":4,"href":"https:\/\/idakorea.ee\/ru\/wp-json\/wp\/v2\/product\/17492\/revisions"}],"predecessor-version":[{"id":17756,"href":"https:\/\/idakorea.ee\/ru\/wp-json\/wp\/v2\/product\/17492\/revisions\/17756"}],"wp:featuredmedia":[{"embeddable":true,"href":"https:\/\/idakorea.ee\/ru\/wp-json\/wp\/v2\/media\/17495"}],"wp:attachment":[{"href":"https:\/\/idakorea.ee\/ru\/wp-json\/wp\/v2\/media?parent=17492"}],"wp:term":[{"taxonomy":"pwb-brand","embeddable":true,"href":"https:\/\/idakorea.ee\/ru\/wp-json\/wp\/v2\/pwb-brand?post=17492"},{"taxonomy":"product_brand","embeddable":true,"href":"https:\/\/idakorea.ee\/ru\/wp-json\/wp\/v2\/product_brand?post=17492"},{"taxonomy":"product_cat","embeddable":true,"href":"https:\/\/idakorea.ee\/ru\/wp-json\/wp\/v2\/product_cat?post=17492"},{"taxonomy":"product_tag","embeddable":true,"href":"https:\/\/idakorea.ee\/ru\/wp-json\/wp\/v2\/product_tag?post=17492"}],"curies":[{"name":"WP","href":"https:\/\/api.w.org\/{rel}","templated":true}]}}