{"id":17728,"date":"2026-02-13T12:29:44","date_gmt":"2026-02-13T10:29:44","guid":{"rendered":"https:\/\/idakorea.ee\/?post_type=product&#038;p=17728"},"modified":"2026-04-24T11:00:38","modified_gmt":"2026-04-24T09:00:38","slug":"round-lab-1025-dokdo-cream","status":"publish","type":"product","link":"https:\/\/idakorea.ee\/ru\/product\/round-lab-1025-dokdo-cream\/","title":{"rendered":"\u0423\u0432\u043b\u0430\u0436\u043d\u044f\u044e\u0449\u0438\u0439 \u043a\u0440\u0435\u043c \u0441 \u0446\u0435\u0440\u0430\u043c\u0438\u0434\u0430\u043c\u0438 \u0438 \u043c\u043e\u0440\u0441\u043a\u043e\u0439 \u0432\u043e\u0434\u043e\u0439  Round Lab 1025 Dokdo Cream, 80 \u043c\u043b"},"content":{"rendered":"<div class=\"flex flex-col text-sm pb-25\">\n<article class=\"text-token-text-primary w-full focus:outline-none [--shadow-height:45px] has-data-writing-block:pointer-events-none has-data-writing-block:-mt-(--shadow-height) has-data-writing-block:pt-(--shadow-height) [&amp;:has([data-writing-block])&gt;*]:pointer-events-auto scroll-mt-[calc(var(--header-height)+min(200px,max(70px,20svh)))]\" dir=\"auto\" tabindex=\"-1\" data-turn-id=\"request-WEB:a0cfd685-ca46-466a-8521-780395380687-1\" data-testid=\"conversation-turn-4\" data-scroll-anchor=\"true\" data-turn=\"assistant\">\n<div class=\"text-base my-auto mx-auto pb-10 [--thread-content-margin:--spacing(4)] @w-sm\/main:[--thread-content-margin:--spacing(6)] @w-lg\/main:[--thread-content-margin:--spacing(16)] px-(--thread-content-margin)\">\n<div class=\"[--thread-content-max-width:40rem] @w-lg\/main:[--thread-content-max-width:48rem] mx-auto max-w-(--thread-content-max-width) flex-1 group\/turn-messages focus-visible:outline-hidden relative flex w-full min-w-0 flex-col agent-turn\" tabindex=\"-1\">\n<div class=\"flex max-w-full flex-col grow\">\n<div class=\"min-h-8 text-message relative flex w-full flex-col items-end gap-2 text-start break-words whitespace-normal [.text-message+&amp;]:mt-1\" dir=\"auto\" data-message-author-role=\"assistant\" data-message-id=\"5ef9c9ac-a253-4741-99a4-9b11c53d12b3\" data-message-model-slug=\"gpt-5-2\">\n<div class=\"flex w-full flex-col gap-1 empty:hidden first:pt-[1px]\">\n<div class=\"markdown prose dark:prose-invert w-full wrap-break-word light markdown-new-styling\">\n<p data-start=\"0\" data-end=\"75\">Intensiivselt niisutav ja taastav n\u00e4okreem <strong>Round Lab 1025 Dokdo Cream <\/strong>tagab kuni 24-tunnise intensiivse niisutuse, leevendab kuivust ja taastab deh\u00fcdreeritud naha, silub ning toidab s\u00fcgavuti.<\/p>\n<p data-start=\"206\" data-end=\"429\">Toode pakub nahale kohest mugavustunnet, rahustab, \u00fchtlustab naha tekstuuri, pehmendab ketendust ning tugevdab kaitsvat h\u00fcdrolipiidset barj\u00e4\u00e4ri, mis takistab niiskuse aurustumist ja kahjulike ainete tungimist epidermisesse.<\/p>\n<p data-start=\"431\" data-end=\"475\">Paksu kreemja tekstuuriga vahend on l\u00f5hnatu.<\/p>\n<p data-start=\"477\" data-end=\"731\">Koostis sisaldab s\u00fcvameri vett, mis on puhastatud nanomembraan-filtratsiooni tehnoloogiaga, s\u00e4ilitades k\u00f5ik kasulikud mineraalid, kaltsiumi ja magneesiumi. Meri vesi parandab mikrotsirkulatsiooni, tugevdab naha immuunsust ja aeglustab vananemisprotsesse.<\/p>\n<p data-start=\"733\" data-end=\"901\">5 tseramiidi kompleks aitab taastada naha loomulikku kaitsebarj\u00e4\u00e4ri, integreerudes h\u00fcdrolipiidsesse kihti, tugevdades seda, v\u00e4hendades tundlikkust ja ennetades kuivust.<\/p>\n<p data-start=\"903\" data-end=\"929\"><strong data-start=\"903\" data-end=\"929\">T\u00e4iendavad toimeained:<\/strong><\/p>\n<ul data-start=\"931\" data-end=\"1505\">\n<li data-start=\"931\" data-end=\"1100\">\n<p data-start=\"933\" data-end=\"1100\"><strong data-start=\"933\" data-end=\"958\">3 t\u00fc\u00fcpi h\u00fcaluroonhape<\/strong> seob niiskust ja moodustab epidermise pinnale niiskust hoidva barj\u00e4\u00e4ri, v\u00e4hendab pinguloleku tunnet ning toetab naha elastsust ja prinkust.<\/p>\n<\/li>\n<li data-start=\"1101\" data-end=\"1250\">\n<p data-start=\"1103\" data-end=\"1250\"><strong data-start=\"1103\" data-end=\"1144\">Iiri sambla ekstrakt (punane vetikas)<\/strong> omab p\u00f5letikuvastast ja turset v\u00e4hendavat toimet, v\u00e4hendab niiskuskadu ja rikastab nahka mineraalidega.<\/p>\n<\/li>\n<li data-start=\"1251\" data-end=\"1369\">\n<p data-start=\"1253\" data-end=\"1369\"><strong data-start=\"1253\" data-end=\"1280\">Pantenool (vitamiin B5)<\/strong> stimuleerib naha taastumist, leevendab punetust ja \u00e4rritust ning soodustab paranemist.<\/p>\n<\/li>\n<li data-start=\"1370\" data-end=\"1505\">\n<p data-start=\"1372\" data-end=\"1505\"><strong data-start=\"1372\" data-end=\"1386\">Allantoiin<\/strong> rahustab, taastab ja kiirendab rakkude uuenemist, pakub antioks\u00fcdantset kaitset ning v\u00e4hendab tundlikkust ja \u00e4rritust.<\/p>\n<\/li>\n<\/ul>\n<p data-start=\"1507\" data-end=\"1547\">Sobib v\u00e4ga kuivale ja tundlikule nahale.<\/p>\n<p data-start=\"1549\" data-end=\"1683\" data-is-last-node=\"\" data-is-only-node=\"\"><strong data-start=\"1549\" data-end=\"1564\">Kasutamine:<\/strong> p\u00e4rast puhastamist, toonikut ja seerumit kandke kreem n\u00e4ole ning jaotage \u00f5rnalt m\u00f6\u00f6da massaa\u017eijooni kuni imendumiseni.<\/p>\n<\/div>\n<\/div>\n<\/div>\n<\/div>\n<div class=\"z-0 flex min-h-[46px] justify-start\"><\/div>\n<div class=\"mt-3 w-full empty:hidden\">\n<div class=\"text-center\"><\/div>\n<\/div>\n<\/div>\n<\/div>\n<\/article>\n<\/div>\n<div class=\"pointer-events-none h-px w-px absolute bottom-0\" aria-hidden=\"true\" data-edge=\"true\"><\/div>\n","protected":false},"excerpt":{"rendered":"<p>\u0418\u043d\u0442\u0435\u043d\u0441\u0438\u0432\u043d\u043e \u0443\u0432\u043b\u0430\u0436\u043d\u044f\u044e\u0449\u0438\u0439 \u0438 \u0440\u0435\u0433\u0435\u043d\u0435\u0440\u0438\u0440\u0443\u044e\u0449\u0438\u0439 \u043a\u0440\u0435\u043c \u0434\u043b\u044f \u043b\u0438\u0446\u0430 Round Lab 1025 Dokdo Cream \u043e\u0431\u0435\u0441\u043f\u0435\u0447\u0438\u0432\u0430\u0435\u0442 \u0434\u043e 24 \u0447\u0430\u0441\u043e\u0432 \u0438\u043d\u0442\u0435\u043d\u0441\u0438\u0432\u043d\u043e\u0433\u043e \u0443\u0432\u043b\u0430\u0436\u043d\u0435\u043d\u0438\u044f, \u0441\u043d\u0438\u043c\u0430\u0435\u0442 \u0441\u0443\u0445\u043e\u0441\u0442\u044c \u0438 \u0432\u043e\u0441\u0441\u0442\u0430\u043d\u0430\u0432\u043b\u0438\u0432\u0430\u0435\u0442 \u043e\u0431\u0435\u0437\u0432\u043e\u0436\u0435\u043d\u043d\u0443\u044e \u043a\u043e\u0436\u0443, \u0433\u043b\u0443\u0431\u043e\u043a\u043e \u0440\u0430\u0437\u0433\u043b\u0430\u0436\u0438\u0432\u0430\u0435\u0442 \u0438 \u043f\u0438\u0442\u0430\u0435\u0442. \u0421\u0440\u0435\u0434\u0441\u0442\u0432\u043e \u043c\u0433\u043d\u043e\u0432\u0435\u043d\u043d\u043e \u0434\u0430\u0440\u0438\u0442 \u043a\u043e\u0436\u0435 \u043e\u0449\u0443\u0449\u0435\u043d\u0438\u0435 \u043a\u043e\u043c\u0444\u043e\u0440\u0442\u0430, \u0443\u0441\u043f\u043e\u043a\u0430\u0438\u0432\u0430\u0435\u0442, \u0432\u044b\u0440\u0430\u0432\u043d\u0438\u0432\u0430\u0435\u0442 \u0442\u0435\u043a\u0441\u0442\u0443\u0440\u0443, \u0441\u043c\u044f\u0433\u0447\u0430\u0435\u0442 \u0448\u0435\u043b\u0443\u0448\u0435\u043d\u0438\u0435 \u0438 \u0443\u043a\u0440\u0435\u043f\u043b\u044f\u0435\u0442 \u0437\u0430\u0449\u0438\u0442\u043d\u044b\u0439 \u0433\u0438\u0434\u0440\u043e\u043b\u0438\u043f\u0438\u0434\u043d\u044b\u0439 \u0431\u0430\u0440\u044c\u0435\u0440, \u043f\u0440\u0435\u0434\u043e\u0442\u0432\u0440\u0430\u0449\u0430\u044f \u0438\u0441\u043f\u0430\u0440\u0435\u043d\u0438\u0435 \u0432\u043b\u0430\u0433\u0438 \u0438 \u043f\u0440\u043e\u043d\u0438\u043a\u043d\u043e\u0432\u0435\u043d\u0438\u0435 \u0432\u0440\u0435\u0434\u043d\u044b\u0445 \u0432\u0435\u0449\u0435\u0441\u0442\u0432 \u0432 \u044d\u043f\u0438\u0434\u0435\u0440\u043c\u0438\u0441. \u041f\u0440\u043e\u0434\u0443\u043a\u0442 \u0438\u043c\u0435\u0435\u0442 \u0433\u0443\u0441\u0442\u0443\u044e \u043a\u0440\u0435\u043c\u043e\u043e\u0431\u0440\u0430\u0437\u043d\u0443\u044e \u0442\u0435\u043a\u0441\u0442\u0443\u0440\u0443\u2026<\/p>","protected":false},"featured_media":17730,"comment_status":"open","ping_status":"closed","template":"","meta":{"_uf_show_specific_survey":0,"_uf_disable_surveys":false,"_bst_post_transparent":"default","_bst_post_title":"","_bst_post_layout":"default","_bst_post_sidebar_id":"","_bst_post_content_style":"default","_bst_post_vertical_padding":"default","_bst_post_feature":"","_bst_post_feature_position":"","_bst_post_header":false,"_bst_post_footer":false},"pwb-brand":[645],"product_brand":[],"product_cat":[92,96],"product_tag":[1120,568,781,216,1064,646],"class_list":{"0":"post-17728","1":"product","2":"type-product","3":"status-publish","4":"has-post-thumbnail","6":"pwb-brand-round-lab","7":"product_cat-nagu","8":"product_cat-naokreemid","9":"product_tag-dokdo","10":"product_tag-korea","11":"product_tag-korea-kreem","12":"product_tag-kuiv-nahk","13":"product_tag-niisutav-kreem","14":"product_tag-round-lab","16":"first","17":"instock","18":"shipping-taxable","19":"purchasable","20":"product-type-simple","21":"entry","22":"content-bg","23":"loop-entry"},"supplier_id":null,"supplier_sku":"","barcode":null,"atum_controlled":true,"out_stock_date":null,"out_stock_threshold":null,"inheritable":false,"inbound_stock":0,"stock_on_hold":0,"sold_today":0,"sales_last_days":2,"out_stock_days":0,"lost_sales":0,"has_location":false,"update_date":"2026-04-24T09:00:39","atum_locations":[],"atum_stock_status":"instock","restock_status":false,"low_stock_amount":"","sales_update_date":"2026-04-18T00:06:15","calc_backorders":null,"yoast_head":"<!-- This site is optimized with the Yoast SEO plugin v27.2 - https:\/\/yoast.com\/product\/yoast-seo-wordpress\/ -->\n<title>Round Lab 1025 Dokdo Cream, 80ml - IDA.KOREA<\/title>\n<meta name=\"description\" content=\"Intensiivselt niisutav ja taastav n\u00e4okreem tagab kuni 24-tunnise intensiivse niisutuse, leevendab kuivust ja taastab deh\u00fcdreeritud naha, toidab s\u00fcgavuti.\" \/>\n<meta name=\"robots\" content=\"index, follow, max-snippet:-1, max-image-preview:large, max-video-preview:-1\" \/>\n<link rel=\"canonical\" href=\"https:\/\/idakorea.ee\/ru\/product\/round-lab-1025-dokdo-cream\/\" \/>\n<meta property=\"og:locale\" content=\"ru_RU\" \/>\n<meta property=\"og:type\" content=\"article\" \/>\n<meta property=\"og:title\" content=\"Round Lab 1025 Dokdo Cream, 80ml - IDA.KOREA\" \/>\n<meta property=\"og:description\" content=\"Intensiivselt niisutav ja taastav n\u00e4okreem tagab kuni 24-tunnise intensiivse niisutuse, leevendab kuivust ja taastab deh\u00fcdreeritud naha, toidab s\u00fcgavuti.\" \/>\n<meta property=\"og:url\" content=\"https:\/\/idakorea.ee\/ru\/product\/round-lab-1025-dokdo-cream\/\" \/>\n<meta property=\"og:site_name\" content=\"IDA.KOREA\" \/>\n<meta property=\"article:modified_time\" content=\"2026-04-24T09:00:38+00:00\" \/>\n<meta property=\"og:image\" content=\"https:\/\/idakorea.ee\/wp-content\/uploads\/2026\/02\/RoundLab1025DokdoCream-idakorea.webp\" \/>\n\t<meta property=\"og:image:width\" content=\"1000\" \/>\n\t<meta property=\"og:image:height\" content=\"1000\" \/>\n\t<meta property=\"og:image:type\" content=\"image\/webp\" \/>\n<meta name=\"twitter:card\" content=\"summary_large_image\" \/>\n<meta name=\"twitter:label1\" content=\"\u041f\u0440\u0438\u043c\u0435\u0440\u043d\u043e\u0435 \u0432\u0440\u0435\u043c\u044f \u0434\u043b\u044f \u0447\u0442\u0435\u043d\u0438\u044f\" \/>\n\t<meta name=\"twitter:data1\" content=\"2 \u043c\u0438\u043d\u0443\u0442\u044b\" \/>\n<script type=\"application\/ld+json\" class=\"yoast-schema-graph\">{\"@context\":\"https:\/\/schema.org\",\"@graph\":[{\"@type\":\"WebPage\",\"@id\":\"https:\/\/idakorea.ee\/product\/round-lab-1025-dokdo-cream\/\",\"url\":\"https:\/\/idakorea.ee\/product\/round-lab-1025-dokdo-cream\/\",\"name\":\"Round Lab 1025 Dokdo Cream, 80ml - IDA.KOREA\",\"isPartOf\":{\"@id\":\"https:\/\/idakorea.ee\/#website\"},\"primaryImageOfPage\":{\"@id\":\"https:\/\/idakorea.ee\/product\/round-lab-1025-dokdo-cream\/#primaryimage\"},\"image\":{\"@id\":\"https:\/\/idakorea.ee\/product\/round-lab-1025-dokdo-cream\/#primaryimage\"},\"thumbnailUrl\":\"https:\/\/idakorea.ee\/wp-content\/uploads\/2026\/02\/RoundLab1025DokdoCream-idakorea.webp\",\"datePublished\":\"2026-02-13T10:29:44+00:00\",\"dateModified\":\"2026-04-24T09:00:38+00:00\",\"description\":\"Intensiivselt niisutav ja taastav n\u00e4okreem tagab kuni 24-tunnise intensiivse niisutuse, leevendab kuivust ja taastab deh\u00fcdreeritud naha, toidab s\u00fcgavuti.\",\"breadcrumb\":{\"@id\":\"https:\/\/idakorea.ee\/product\/round-lab-1025-dokdo-cream\/#breadcrumb\"},\"inLanguage\":\"ru-RU\",\"potentialAction\":[{\"@type\":\"ReadAction\",\"target\":[\"https:\/\/idakorea.ee\/product\/round-lab-1025-dokdo-cream\/\"]}]},{\"@type\":\"ImageObject\",\"inLanguage\":\"ru-RU\",\"@id\":\"https:\/\/idakorea.ee\/product\/round-lab-1025-dokdo-cream\/#primaryimage\",\"url\":\"https:\/\/idakorea.ee\/wp-content\/uploads\/2026\/02\/RoundLab1025DokdoCream-idakorea.webp\",\"contentUrl\":\"https:\/\/idakorea.ee\/wp-content\/uploads\/2026\/02\/RoundLab1025DokdoCream-idakorea.webp\",\"width\":1000,\"height\":1000},{\"@type\":\"BreadcrumbList\",\"@id\":\"https:\/\/idakorea.ee\/product\/round-lab-1025-dokdo-cream\/#breadcrumb\",\"itemListElement\":[{\"@type\":\"ListItem\",\"position\":1,\"name\":\"\u0413\u043b\u0430\u0432\u043d\u0430\u044f \u0441\u0442\u0440\u0430\u043d\u0438\u0446\u0430\",\"item\":\"https:\/\/idakorea.ee\/\"},{\"@type\":\"ListItem\",\"position\":2,\"name\":\"Shop\",\"item\":\"https:\/\/idakorea.ee\/shop-2\/\"},{\"@type\":\"ListItem\",\"position\":3,\"name\":\"Intensiivselt niisutav ja taastav n\u00e4okreem Round Lab 1025 Dokdo Cream, 80ml\"}]},{\"@type\":\"WebSite\",\"@id\":\"https:\/\/idakorea.ee\/#website\",\"url\":\"https:\/\/idakorea.ee\/\",\"name\":\"IDA.KOREA\",\"description\":\"Korea kosmeetika e-pood\",\"publisher\":{\"@id\":\"https:\/\/idakorea.ee\/#organization\"},\"alternateName\":\"Beauty Shop\",\"potentialAction\":[{\"@type\":\"SearchAction\",\"target\":{\"@type\":\"EntryPoint\",\"urlTemplate\":\"https:\/\/idakorea.ee\/?s={search_term_string}\"},\"query-input\":{\"@type\":\"PropertyValueSpecification\",\"valueRequired\":true,\"valueName\":\"search_term_string\"}}],\"inLanguage\":\"ru-RU\"},{\"@type\":\"Organization\",\"@id\":\"https:\/\/idakorea.ee\/#organization\",\"name\":\"IDA.KOREA\",\"url\":\"https:\/\/idakorea.ee\/\",\"logo\":{\"@type\":\"ImageObject\",\"inLanguage\":\"ru-RU\",\"@id\":\"https:\/\/idakorea.ee\/#\/schema\/logo\/image\/\",\"url\":\"https:\/\/idakorea.ee\/wp-content\/uploads\/2024\/05\/cropped-korea3.png\",\"contentUrl\":\"https:\/\/idakorea.ee\/wp-content\/uploads\/2024\/05\/cropped-korea3.png\",\"width\":688,\"height\":126,\"caption\":\"IDA.KOREA\"},\"image\":{\"@id\":\"https:\/\/idakorea.ee\/#\/schema\/logo\/image\/\"},\"sameAs\":[\"https:\/\/www.instagram.com\/ida.korea\/\"]}]}<\/script>\n<!-- \/ Yoast SEO plugin. -->","yoast_head_json":{"title":"\u041a\u0440\u0435\u043c Round Lab 1025 Dokdo, 80 \u043c\u043b - IDA.KOREA","description":"\u0418\u043d\u0442\u0435\u043d\u0441\u0438\u0432\u043d\u043e \u0443\u0432\u043b\u0430\u0436\u043d\u044f\u044e\u0449\u0438\u0439 \u0438 \u0432\u043e\u0441\u0441\u0442\u0430\u043d\u0430\u0432\u043b\u0438\u0432\u0430\u044e\u0449\u0438\u0439 \u043a\u0440\u0435\u043c \u0434\u043b\u044f \u043b\u0438\u0446\u0430 \u043e\u0431\u0435\u0441\u043f\u0435\u0447\u0438\u0432\u0430\u0435\u0442 \u0434\u043e 24 \u0447\u0430\u0441\u043e\u0432 \u0438\u043d\u0442\u0435\u043d\u0441\u0438\u0432\u043d\u043e\u0433\u043e \u0443\u0432\u043b\u0430\u0436\u043d\u0435\u043d\u0438\u044f, \u0441\u043d\u0438\u043c\u0430\u0435\u0442 \u0441\u0443\u0445\u043e\u0441\u0442\u044c \u0438 \u0432\u043e\u0441\u0441\u0442\u0430\u043d\u0430\u0432\u043b\u0438\u0432\u0430\u0435\u0442 \u043e\u0431\u0435\u0437\u0432\u043e\u0436\u0435\u043d\u043d\u0443\u044e \u043a\u043e\u0436\u0443, \u0430 \u0442\u0430\u043a\u0436\u0435 \u0433\u043b\u0443\u0431\u043e\u043a\u043e \u043f\u0438\u0442\u0430\u0435\u0442 \u0435\u0435.","robots":{"index":"index","follow":"follow","max-snippet":"max-snippet:-1","max-image-preview":"max-image-preview:large","max-video-preview":"max-video-preview:-1"},"canonical":"https:\/\/idakorea.ee\/ru\/product\/round-lab-1025-dokdo-cream\/","og_locale":"ru_RU","og_type":"article","og_title":"Round Lab 1025 Dokdo Cream, 80ml - IDA.KOREA","og_description":"Intensiivselt niisutav ja taastav n\u00e4okreem tagab kuni 24-tunnise intensiivse niisutuse, leevendab kuivust ja taastab deh\u00fcdreeritud naha, toidab s\u00fcgavuti.","og_url":"https:\/\/idakorea.ee\/ru\/product\/round-lab-1025-dokdo-cream\/","og_site_name":"IDA.KOREA","article_modified_time":"2026-04-24T09:00:38+00:00","og_image":[{"width":1000,"height":1000,"url":"https:\/\/idakorea.ee\/wp-content\/uploads\/2026\/02\/RoundLab1025DokdoCream-idakorea.webp","type":"image\/webp"}],"twitter_card":"summary_large_image","twitter_misc":{"\u041f\u0440\u0438\u043c\u0435\u0440\u043d\u043e\u0435 \u0432\u0440\u0435\u043c\u044f \u0434\u043b\u044f \u0447\u0442\u0435\u043d\u0438\u044f":"2 \u043c\u0438\u043d\u0443\u0442\u044b"},"schema":{"@context":"https:\/\/schema.org","@graph":[{"@type":"WebPage","@id":"https:\/\/idakorea.ee\/product\/round-lab-1025-dokdo-cream\/","url":"https:\/\/idakorea.ee\/product\/round-lab-1025-dokdo-cream\/","name":"\u041a\u0440\u0435\u043c Round Lab 1025 Dokdo, 80 \u043c\u043b - IDA.KOREA","isPartOf":{"@id":"https:\/\/idakorea.ee\/#website"},"primaryImageOfPage":{"@id":"https:\/\/idakorea.ee\/product\/round-lab-1025-dokdo-cream\/#primaryimage"},"image":{"@id":"https:\/\/idakorea.ee\/product\/round-lab-1025-dokdo-cream\/#primaryimage"},"thumbnailUrl":"https:\/\/idakorea.ee\/wp-content\/uploads\/2026\/02\/RoundLab1025DokdoCream-idakorea.webp","datePublished":"2026-02-13T10:29:44+00:00","dateModified":"2026-04-24T09:00:38+00:00","description":"\u0418\u043d\u0442\u0435\u043d\u0441\u0438\u0432\u043d\u043e \u0443\u0432\u043b\u0430\u0436\u043d\u044f\u044e\u0449\u0438\u0439 \u0438 \u0432\u043e\u0441\u0441\u0442\u0430\u043d\u0430\u0432\u043b\u0438\u0432\u0430\u044e\u0449\u0438\u0439 \u043a\u0440\u0435\u043c \u0434\u043b\u044f \u043b\u0438\u0446\u0430 \u043e\u0431\u0435\u0441\u043f\u0435\u0447\u0438\u0432\u0430\u0435\u0442 \u0434\u043e 24 \u0447\u0430\u0441\u043e\u0432 \u0438\u043d\u0442\u0435\u043d\u0441\u0438\u0432\u043d\u043e\u0433\u043e \u0443\u0432\u043b\u0430\u0436\u043d\u0435\u043d\u0438\u044f, \u0441\u043d\u0438\u043c\u0430\u0435\u0442 \u0441\u0443\u0445\u043e\u0441\u0442\u044c \u0438 \u0432\u043e\u0441\u0441\u0442\u0430\u043d\u0430\u0432\u043b\u0438\u0432\u0430\u0435\u0442 \u043e\u0431\u0435\u0437\u0432\u043e\u0436\u0435\u043d\u043d\u0443\u044e \u043a\u043e\u0436\u0443, \u0430 \u0442\u0430\u043a\u0436\u0435 \u0433\u043b\u0443\u0431\u043e\u043a\u043e \u043f\u0438\u0442\u0430\u0435\u0442 \u0435\u0435.","breadcrumb":{"@id":"https:\/\/idakorea.ee\/product\/round-lab-1025-dokdo-cream\/#breadcrumb"},"inLanguage":"ru-RU","potentialAction":[{"@type":"ReadAction","target":["https:\/\/idakorea.ee\/product\/round-lab-1025-dokdo-cream\/"]}]},{"@type":"ImageObject","inLanguage":"ru-RU","@id":"https:\/\/idakorea.ee\/product\/round-lab-1025-dokdo-cream\/#primaryimage","url":"https:\/\/idakorea.ee\/wp-content\/uploads\/2026\/02\/RoundLab1025DokdoCream-idakorea.webp","contentUrl":"https:\/\/idakorea.ee\/wp-content\/uploads\/2026\/02\/RoundLab1025DokdoCream-idakorea.webp","width":1000,"height":1000},{"@type":"BreadcrumbList","@id":"https:\/\/idakorea.ee\/product\/round-lab-1025-dokdo-cream\/#breadcrumb","itemListElement":[{"@type":"ListItem","position":1,"name":"\u0413\u043b\u0430\u0432\u043d\u0430\u044f \u0441\u0442\u0440\u0430\u043d\u0438\u0446\u0430","item":"https:\/\/idakorea.ee\/"},{"@type":"ListItem","position":2,"name":"Shop","item":"https:\/\/idakorea.ee\/shop-2\/"},{"@type":"ListItem","position":3,"name":"Intensiivselt niisutav ja taastav n\u00e4okreem Round Lab 1025 Dokdo Cream, 80ml"}]},{"@type":"WebSite","@id":"https:\/\/idakorea.ee\/#website","url":"https:\/\/idakorea.ee\/","name":"\u0418\u0414\u0410.\u041a\u041e\u0420\u0415\u042f","description":"\u0418\u043d\u0442\u0435\u0440\u043d\u0435\u0442-\u043c\u0430\u0433\u0430\u0437\u0438\u043d \u043a\u043e\u0440\u0435\u0439\u0441\u043a\u043e\u0439 \u043a\u043e\u0441\u043c\u0435\u0442\u0438\u043a\u0438","publisher":{"@id":"https:\/\/idakorea.ee\/#organization"},"alternateName":"Beauty Shop","potentialAction":[{"@type":"SearchAction","target":{"@type":"EntryPoint","urlTemplate":"https:\/\/idakorea.ee\/?s={search_term_string}"},"query-input":{"@type":"PropertyValueSpecification","valueRequired":true,"valueName":"search_term_string"}}],"inLanguage":"ru-RU"},{"@type":"Organization","@id":"https:\/\/idakorea.ee\/#organization","name":"\u0418\u0414\u0410.\u041a\u041e\u0420\u0415\u042f","url":"https:\/\/idakorea.ee\/","logo":{"@type":"ImageObject","inLanguage":"ru-RU","@id":"https:\/\/idakorea.ee\/#\/schema\/logo\/image\/","url":"https:\/\/idakorea.ee\/wp-content\/uploads\/2024\/05\/cropped-korea3.png","contentUrl":"https:\/\/idakorea.ee\/wp-content\/uploads\/2024\/05\/cropped-korea3.png","width":688,"height":126,"caption":"IDA.KOREA"},"image":{"@id":"https:\/\/idakorea.ee\/#\/schema\/logo\/image\/"},"sameAs":["https:\/\/www.instagram.com\/ida.korea\/"]}]}},"jetpack_sharing_enabled":true,"brands":[{"id":645,"name":"ROUND LAB","slug":"round-lab"}],"_links":{"self":[{"href":"https:\/\/idakorea.ee\/ru\/wp-json\/wp\/v2\/product\/17728","targetHints":{"allow":["GET"]}}],"collection":[{"href":"https:\/\/idakorea.ee\/ru\/wp-json\/wp\/v2\/product"}],"about":[{"href":"https:\/\/idakorea.ee\/ru\/wp-json\/wp\/v2\/types\/product"}],"replies":[{"embeddable":true,"href":"https:\/\/idakorea.ee\/ru\/wp-json\/wp\/v2\/comments?post=17728"}],"version-history":[{"count":2,"href":"https:\/\/idakorea.ee\/ru\/wp-json\/wp\/v2\/product\/17728\/revisions"}],"predecessor-version":[{"id":18531,"href":"https:\/\/idakorea.ee\/ru\/wp-json\/wp\/v2\/product\/17728\/revisions\/18531"}],"wp:featuredmedia":[{"embeddable":true,"href":"https:\/\/idakorea.ee\/ru\/wp-json\/wp\/v2\/media\/17730"}],"wp:attachment":[{"href":"https:\/\/idakorea.ee\/ru\/wp-json\/wp\/v2\/media?parent=17728"}],"wp:term":[{"taxonomy":"pwb-brand","embeddable":true,"href":"https:\/\/idakorea.ee\/ru\/wp-json\/wp\/v2\/pwb-brand?post=17728"},{"taxonomy":"product_brand","embeddable":true,"href":"https:\/\/idakorea.ee\/ru\/wp-json\/wp\/v2\/product_brand?post=17728"},{"taxonomy":"product_cat","embeddable":true,"href":"https:\/\/idakorea.ee\/ru\/wp-json\/wp\/v2\/product_cat?post=17728"},{"taxonomy":"product_tag","embeddable":true,"href":"https:\/\/idakorea.ee\/ru\/wp-json\/wp\/v2\/product_tag?post=17728"}],"curies":[{"name":"WP","href":"https:\/\/api.w.org\/{rel}","templated":true}]}}