{"id":17767,"date":"2026-02-16T15:17:47","date_gmt":"2026-02-16T13:17:47","guid":{"rendered":"https:\/\/idakorea.ee\/?post_type=product&#038;p=17767"},"modified":"2026-04-20T09:47:53","modified_gmt":"2026-04-20T07:47:53","slug":"sulwhasoo-white-ginseng-radiance-refining-mask-35ml","status":"publish","type":"product","link":"https:\/\/idakorea.ee\/ru\/product\/sulwhasoo-white-ginseng-radiance-refining-mask-35ml\/","title":{"rendered":"\u041c\u0430\u0441\u043a\u0430-\u0441\u043a\u0440\u0430\u0431 \u0434\u043b\u044f \u0441\u0438\u044f\u043d\u0438\u044f \u043a\u043e\u0436\u0438 \u0441 \u0436\u0435\u043d\u044c\u0448\u0435\u043d\u0435\u043c Sulwhasoo White Ginseng Radiance Refining Mask, 35 \u043c\u043b"},"content":{"rendered":"<p data-start=\"0\" data-end=\"248\"><strong>Sulwhasoo White Ginseng Radiance Refining Mas<\/strong> \u044d\u0442\u043e \u043e\u0441\u0432\u0435\u0442\u043b\u044f\u044e\u0449\u0430\u044f \u0433\u0435\u043b\u0435\u0432\u0430\u044f \u043c\u0430\u0441\u043a\u0430 \u0441 \u0436\u0435\u043d\u044c\u0448\u0435\u043d\u0435\u043c, \u043e\u0431\u043b\u0430\u0434\u0430\u044e\u0449\u0430\u044f \u0434\u0432\u0443\u0445\u0444\u0430\u0437\u043d\u043e\u0439 \u0442\u0435\u043a\u0441\u0442\u0443\u0440\u043e\u0439, \u043a\u043e\u0442\u043e\u0440\u0430\u044f \u0442\u0440\u0430\u043d\u0441\u0444\u043e\u0440\u043c\u0438\u0440\u0443\u0435\u0442\u0441\u044f \u0438\u0437 \u043e\u0442\u0448\u0435\u043b\u0443\u0448\u0438\u0432\u0430\u044e\u0449\u0435\u0433\u043e \u0441\u0440\u0435\u0434\u0441\u0442\u0432\u0430 \u0432 \u043a\u043b\u0430\u0441\u0441\u0438\u0447\u0435\u0441\u043a\u0443\u044e \u0441\u043c\u044b\u0432\u0430\u0435\u043c\u0443\u044e \u043c\u0430\u0441\u043a\u0443. \u041e\u043d\u0430 \u0441\u043c\u044f\u0433\u0447\u0430\u0435\u0442 \u043e\u0433\u0440\u0443\u0431\u0435\u0432\u0448\u0438\u0435 \u0443\u0447\u0430\u0441\u0442\u043a\u0438 \u043a\u043e\u0436\u0438, \u043f\u043e\u043b\u0438\u0440\u0443\u0435\u0442 \u0438 \u0440\u0430\u0437\u0433\u043b\u0430\u0436\u0438\u0432\u0430\u0435\u0442 \u043c\u0438\u043a\u0440\u043e\u0440\u0435\u043b\u044c\u0435\u0444 \u043a\u043e\u0436\u0438.<\/p>\n<p data-start=\"250\" data-end=\"433\">\u0423\u0434\u0430\u043b\u044f\u0435\u0442 \u043e\u0442\u043c\u0435\u0440\u0448\u0438\u0435 \u043a\u043b\u0435\u0442\u043a\u0438 \u043a\u043e\u0436\u0438 \u0438 \u0441\u0442\u0438\u043c\u0443\u043b\u0438\u0440\u0443\u0435\u0442 \u0435\u0435 \u043e\u0431\u043d\u043e\u0432\u043b\u0435\u043d\u0438\u0435. \u0411\u043e\u0440\u0435\u0442\u0441\u044f \u0441 \u0442\u0443\u0441\u043a\u043b\u044b\u043c \u0446\u0432\u0435\u0442\u043e\u043c \u043b\u0438\u0446\u0430, \u0443\u043b\u0443\u0447\u0448\u0430\u0435\u0442 \u0442\u043e\u043d \u043a\u043e\u0436\u0438 \u0438 \u0432\u043e\u0441\u0441\u0442\u0430\u043d\u0430\u0432\u043b\u0438\u0432\u0430\u0435\u0442 \u0437\u0434\u043e\u0440\u043e\u0432\u043e\u0435 \u0441\u0438\u044f\u043d\u0438\u0435. \u041e\u0447\u0438\u0449\u0430\u0435\u0442 \u0438 \u043d\u043e\u0440\u043c\u0430\u043b\u0438\u0437\u0443\u0435\u0442 \u0433\u0438\u0434\u0440\u043e\u043b\u0438\u043f\u0438\u0434\u043d\u044b\u0439 \u0431\u0430\u043b\u0430\u043d\u0441 \u043a\u043e\u0436\u0438.<\/p>\n<p data-start=\"435\" data-end=\"459\"><strong data-start=\"435\" data-end=\"459\">\u041e\u0441\u043d\u043e\u0432\u043d\u044b\u0435 \u0434\u0435\u0439\u0441\u0442\u0432\u0443\u044e\u0449\u0438\u0435 \u043a\u043e\u043c\u043f\u043e\u043d\u0435\u043d\u0442\u044b:<\/strong><\/p>\n<ul>\n<li data-start=\"461\" data-end=\"683\"><strong>\u042d\u043a\u0441\u0442\u0440\u0430\u043a\u0442 \u043a\u043e\u0440\u043d\u044f \u0436\u0435\u043d\u044c\u0448\u0435\u043d\u044f<\/strong> \u0431\u043e\u0433\u0430\u0442 \u0441\u0430\u043f\u043e\u043d\u0438\u043d\u0430\u043c\u0438 \u2014  \u043e\u0440\u0433\u0430\u043d\u0438\u0447\u0435\u0441\u043a\u0438\u043c\u0438 \u0441\u043e\u0435\u0434\u0438\u043d\u0435\u043d\u0438\u044f\u043c\u0438, \u043a\u043e\u0442\u043e\u0440\u044b\u0435 \u043e\u0431\u043b\u0430\u0434\u0430\u044e\u0442 \u0440\u0435\u0433\u0435\u043d\u0435\u0440\u0438\u0440\u0443\u044e\u0449\u0438\u043c \u0438 \u043e\u043c\u043e\u043b\u0430\u0436\u0438\u0432\u0430\u044e\u0449\u0438\u043c \u0434\u0435\u0439\u0441\u0442\u0432\u0438\u0435\u043c, \u043f\u043e\u0432\u044b\u0448\u0430\u044e\u0442 \u0431\u0430\u0440\u044c\u0435\u0440\u043d\u044b\u0435 \u0444\u0443\u043d\u043a\u0446\u0438\u0438, \u044d\u0444\u0444\u0435\u043a\u0442\u0438\u0432\u043d\u043e \u0440\u0430\u0431\u043e\u0442\u0430\u0435\u0442 \u0441 \u043c\u0438\u043c\u0438\u0447\u0435\u0441\u043a\u0438\u043c\u0438 \u0438 \u0432\u043e\u0437\u0440\u0430\u0441\u0442\u043d\u044b\u043c\u0438 \u043c\u043e\u0440\u0449\u0438\u043d\u0430\u043c\u0438, \u0440\u0430\u0437\u0433\u043b\u0430\u0436\u0438\u0432\u0430\u0435\u0442 \u0438 \u043f\u043e\u0434\u0442\u044f\u0433\u0438\u0432\u0430\u0435\u0442.<\/li>\n<li data-start=\"685\" data-end=\"926\"><strong>\u0418\u0437\u043c\u0435\u043b\u044c\u0447\u0451\u043d\u043d\u0430\u044f \u0441\u043a\u043e\u0440\u043b\u0443\u043f\u0430 \u0433\u0440\u0435\u0446\u043a\u043e\u0433\u043e \u043e\u0440\u0435\u0445\u0430<\/strong> \u0434\u0435\u043b\u0438\u043a\u0430\u0442\u043d\u043e \u043f\u043e\u043b\u0438\u0440\u0443\u0435\u0442 \u0438 \u0432\u044b\u0440\u0430\u0432\u043d\u0438\u0432\u0430\u0435\u0442 \u0440\u0435\u043b\u044c\u0435\u0444 \u043a\u043e\u0436\u0438, \u0443\u043b\u0443\u0447\u0448\u0430\u0435\u0442 \u043a\u0440\u043e\u0432\u043e\u043e\u0431\u0440\u0430\u0449\u0435\u043d\u0438\u0435 \u0438 \u043c\u0438\u043a\u0440\u043e\u0446\u0438\u0440\u043a\u0443\u043b\u044f\u0446\u0438\u044e \u0432 \u043a\u043b\u0435\u0442\u043a\u0430\u0445. \u041f\u0440\u0438 \u0440\u0435\u0433\u0443\u043b\u044f\u0440\u043d\u043e\u043c \u043f\u0440\u0438\u043c\u0435\u043d\u0435\u043d\u0438\u0438 \u043f\u0440\u0438\u0434\u0430\u0451\u0442 \u043a\u043e\u0436\u0435 \u0437\u0434\u043e\u0440\u043e\u0432\u043e\u0435 \u0441\u0432\u0435\u0447\u0435\u043d\u0438\u0435, \u0443\u0431\u0438\u0440\u0430\u0435\u0442 \u043f\u0438\u0433\u043c\u0435\u043d\u0442\u0430\u0446\u0438\u044e \u0438 \u0441\u043b\u0435\u0434\u044b \u043f\u043e\u0441\u0442\u0430\u043a\u043d\u0435.<\/li>\n<li data-start=\"928\" data-end=\"1064\"><strong>\u041c\u0435\u0434<\/strong> \u0430\u043a\u0442\u0438\u0432\u043d\u043e \u0431\u043e\u0440\u0435\u0442\u0441\u044f \u0441 \u0434\u0435\u0433\u0438\u0434\u0440\u0430\u0442\u0430\u0446\u0438\u0435\u0439, \u043f\u0438\u0442\u0430\u0435\u0442, \u0441\u043c\u044f\u0433\u0447\u0430\u0435\u0442 \u043e\u0433\u0440\u0443\u0431\u0435\u0432\u0448\u0438\u0435 \u0443\u0447\u0430\u0441\u0442\u043a\u0438, \u0443\u043a\u0440\u0435\u043f\u043b\u044f\u0435\u0442 \u0437\u0430\u0449\u0438\u0442\u043d\u044b\u0435 \u0444\u0443\u043d\u043a\u0446\u0438\u0438 \u0438 \u043f\u043e\u0432\u044b\u0448\u0430\u0435\u0442 \u0442\u043e\u043d\u0443\u0441.<\/li>\n<li data-start=\"1066\" data-end=\"1237\"><strong>\u042d\u043a\u0441\u0442\u0440\u0430\u043a\u0442 \u043b\u043e\u0442\u043e\u0441\u0430<\/strong> \u0441\u043e\u0434\u0435\u0440\u0436\u0438\u0442 \u043c\u0438\u043d\u0435\u0440\u0430\u043b\u044b \u0438 \u0432\u0438\u0442\u0430\u043c\u0438\u043d \u0421, \u0432\u044b\u0440\u0430\u0432\u043d\u0438\u0432\u0430\u0435\u0442 \u0442\u043e\u043d, \u043f\u043e\u0432\u044b\u0448\u0430\u0435\u0442 \u0443\u043f\u0440\u0443\u0433\u043e\u0441\u0442\u044c \u0438 \u043f\u043e\u0434\u0430\u0432\u043b\u044f\u0435\u0442 \u0444\u0435\u0440\u043c\u0435\u043d\u0442 \u0442\u0438\u0440\u043e\u0437\u0438\u043d\u0430\u0437\u0443, \u0442\u0435\u043c \u0441\u0430\u043c\u044b\u043c \u043e\u0441\u0432\u0435\u0442\u043b\u044f\u044f \u043f\u0438\u0433\u043c\u0435\u043d\u0442\u0430\u0446\u0438\u044e.<\/li>\n<li data-start=\"1239\" data-end=\"1389\"><strong>\u042d\u043a\u0441\u0442\u0440\u0430\u043a\u0442 \u0431\u0435\u043b\u043e\u0439 \u043b\u0438\u043b\u0438\u0438<\/strong> \u041e\u0441\u0432\u0435\u0436\u0430\u0435\u0442 \u0438 \u0443\u0441\u043f\u043e\u043a\u0430\u0438\u0432\u0430\u0435\u0442 \u043a\u043e\u0436\u0443, \u0431\u043e\u0440\u0435\u0442\u0441\u044f \u0441 \u0442\u0443\u0441\u043a\u043b\u044b\u043c \u0446\u0432\u0435\u0442\u043e\u043c \u043b\u0438\u0446\u0430, \u0442\u043e\u043d\u0438\u0437\u0438\u0440\u0443\u0435\u0442 \u0438 \u0432\u043e\u0441\u0441\u0442\u0430\u043d\u0430\u0432\u043b\u0438\u0432\u0430\u0435\u0442 \u0443\u0441\u0442\u0430\u0432\u0448\u0443\u044e \u043a\u043e\u0436\u0443, \u043c\u044f\u0433\u043a\u043e \u043e\u0441\u0432\u0435\u0442\u043b\u044f\u0435\u0442 \u0438 \u0432\u044b\u0440\u0430\u0432\u043d\u0438\u0432\u0430\u0435\u0442 \u0442\u043e\u043d \u043a\u043e\u0436\u0438.<\/li>\n<\/ul>\n<p data-start=\"1391\" data-end=\"1421\">\n<p data-start=\"1391\" data-end=\"1421\">\u041f\u043e\u0434\u0445\u043e\u0434\u0438\u0442 \u0434\u043b\u044f \u0432\u0441\u0435\u0445 \u0442\u0438\u043f\u043e\u0432 \u043a\u043e\u0436\u0438.<\/p>\n<p data-start=\"1423\" data-end=\"1623\"><strong data-start=\"1423\" data-end=\"1438\">\u0421\u043f\u043e\u0441\u043e\u0431 \u043f\u0440\u0438\u043c\u0435\u043d\u0435\u043d\u0438\u044f:<\/strong> \u041d\u0430\u043d\u0435\u0441\u0438\u0442\u0435 \u043c\u0430\u0441\u043a\u0443 \u043d\u0430 \u0447\u0438\u0441\u0442\u0443\u044e \u0432\u043b\u0430\u0436\u043d\u0443\u044e \u043a\u043e\u0436\u0443, \u0438\u0437\u0431\u0435\u0433\u0430\u044f \u043e\u0431\u043b\u0430\u0441\u0442\u0438 \u0432\u043e\u043a\u0440\u0443\u0433 \u0433\u043b\u0430\u0437 \u0438 \u0433\u0443\u0431, \u0438 \u043e\u0441\u0442\u0430\u0432\u044c\u0442\u0435 \u043d\u0430 5 \u043c\u0438\u043d\u0443\u0442. \u041c\u044f\u0433\u043a\u043e \u043f\u043e\u043c\u0430\u0441\u0441\u0438\u0440\u0443\u0439\u0442\u0435, \u0437\u0430\u0442\u0435\u043c \u0441\u043c\u043e\u0439\u0442\u0435. \u041f\u0440\u043e\u0434\u043e\u043b\u0436\u0430\u0439\u0442\u0435 \u0441\u0432\u043e\u0439 \u043e\u0431\u044b\u0447\u043d\u044b\u0439 \u0443\u0445\u043e\u0434 \u0437\u0430 \u043a\u043e\u0436\u0435\u0439.<\/p>","protected":false},"excerpt":{"rendered":"<p>\u041e\u0441\u0432\u0435\u0442\u043b\u044f\u044e\u0449\u0430\u044f \u0433\u0435\u043b\u0435\u0432\u0430\u044f \u043c\u0430\u0441\u043a\u0430 Sulwhasoo White Ginseng Radiance Refining Mask \u0441 \u0436\u0435\u043d\u044c\u0448\u0435\u043d\u0435\u043c \u2013 \u044d\u0442\u043e \u0434\u0432\u0443\u0445\u0444\u0430\u0437\u043d\u0430\u044f \u043c\u0430\u0441\u043a\u0430, \u043a\u043e\u0442\u043e\u0440\u0430\u044f \u0442\u0440\u0430\u043d\u0441\u0444\u043e\u0440\u043c\u0438\u0440\u0443\u0435\u0442\u0441\u044f \u0438\u0437 \u043e\u0442\u0448\u0435\u043b\u0443\u0448\u0438\u0432\u0430\u044e\u0449\u0435\u0433\u043e \u0441\u0440\u0435\u0434\u0441\u0442\u0432\u0430 \u0432 \u043a\u043b\u0430\u0441\u0441\u0438\u0447\u0435\u0441\u043a\u0443\u044e \u0441\u043c\u044b\u0432\u0430\u0435\u043c\u0443\u044e \u043c\u0430\u0441\u043a\u0443. \u0421\u043c\u044f\u0433\u0447\u0430\u0435\u0442 \u043e\u0433\u0440\u0443\u0431\u0435\u0432\u0448\u0438\u0435 \u0443\u0447\u0430\u0441\u0442\u043a\u0438 \u043a\u043e\u0436\u0438, \u043f\u043e\u043b\u0438\u0440\u0443\u0435\u0442 \u0438 \u0440\u0430\u0437\u0433\u043b\u0430\u0436\u0438\u0432\u0430\u0435\u0442 \u043c\u0438\u043a\u0440\u043e\u0440\u0435\u043b\u044c\u0435\u0444. \u0423\u0434\u0430\u043b\u044f\u0435\u0442 \u043e\u0442\u043c\u0435\u0440\u0448\u0438\u0435 \u043a\u043b\u0435\u0442\u043a\u0438 \u043a\u043e\u0436\u0438 \u0438 \u0441\u0442\u0438\u043c\u0443\u043b\u0438\u0440\u0443\u0435\u0442 \u043e\u0431\u043d\u043e\u0432\u043b\u0435\u043d\u0438\u0435 \u043a\u043e\u0436\u0438. \u0411\u043e\u0440\u0435\u0442\u0441\u044f \u0441 \u0442\u0443\u0441\u043a\u043b\u044b\u043c \u0446\u0432\u0435\u0442\u043e\u043c \u043b\u0438\u0446\u0430, \u0443\u043b\u0443\u0447\u0448\u0430\u0435\u0442 \u0442\u043e\u043d \u043a\u043e\u0436\u0438 \u0438 \u0432\u043e\u0441\u0441\u0442\u0430\u043d\u0430\u0432\u043b\u0438\u0432\u0430\u0435\u0442 \u0437\u0434\u043e\u0440\u043e\u0432\u043e\u0435 \u0441\u0438\u044f\u043d\u0438\u0435. \u041e\u0447\u0438\u0449\u0430\u0435\u0442 \u0438 \u043d\u043e\u0440\u043c\u0430\u043b\u0438\u0437\u0443\u0435\u0442 \u0433\u0438\u0434\u0440\u043e\u043b\u0438\u043f\u0438\u0434\u043d\u044b\u0439 \u0431\u0430\u043b\u0430\u043d\u0441 \u043a\u043e\u0436\u0438. \u041e\u0441\u043d\u043e\u0432\u043d\u044b\u0435 \u0430\u043a\u0442\u0438\u0432\u043d\u044b\u0435 \u0438\u043d\u0433\u0440\u0435\u0434\u0438\u0435\u043d\u0442\u044b:\u2026<\/p>","protected":false},"featured_media":17768,"comment_status":"open","ping_status":"closed","template":"","meta":{"_uf_show_specific_survey":0,"_uf_disable_surveys":false,"_bst_post_transparent":"default","_bst_post_title":"","_bst_post_layout":"default","_bst_post_sidebar_id":"","_bst_post_content_style":"default","_bst_post_vertical_padding":"default","_bst_post_feature":"","_bst_post_feature_position":"","_bst_post_header":false,"_bst_post_footer":false},"pwb-brand":[106],"product_brand":[],"product_cat":[92,98],"product_tag":[568,554,614,758,464],"class_list":{"0":"post-17767","1":"product","2":"type-product","3":"status-publish","4":"has-post-thumbnail","6":"pwb-brand-sulwhasoo","7":"product_cat-nagu","8":"product_cat-naomaskid","9":"product_tag-korea","10":"product_tag-lux","11":"product_tag-mask","12":"product_tag-premium-korea","13":"product_tag-sulwhasoo","15":"first","16":"instock","17":"shipping-taxable","18":"purchasable","19":"product-type-simple","20":"entry","21":"content-bg","22":"loop-entry"},"supplier_id":null,"supplier_sku":"","barcode":null,"atum_controlled":true,"out_stock_date":null,"out_stock_threshold":null,"inheritable":false,"inbound_stock":0,"stock_on_hold":0,"sold_today":0,"sales_last_days":4,"out_stock_days":0,"lost_sales":0,"has_location":false,"update_date":"2026-04-24T00:09:13","atum_locations":[],"atum_stock_status":"instock","restock_status":false,"low_stock_amount":"","sales_update_date":"2026-04-24T00:09:13","calc_backorders":null,"yoast_head":"<!-- This site is optimized with the Yoast SEO plugin v27.2 - https:\/\/yoast.com\/product\/yoast-seo-wordpress\/ -->\n<title>Sulwhasoo White Ginseng Radiance Refining Mask, 35ml - IDA.KOREA<\/title>\n<meta name=\"description\" content=\"S\u00e4ra andev geelmask, millel on kahefaasiline tekstuur ja mis muutub koorijast klassikaliseks mahapestavaks maskiks. Pehmendab karedaid nahapiirkondi.\" \/>\n<meta name=\"robots\" content=\"index, follow, max-snippet:-1, max-image-preview:large, max-video-preview:-1\" \/>\n<link rel=\"canonical\" href=\"https:\/\/idakorea.ee\/ru\/product\/sulwhasoo-white-ginseng-radiance-refining-mask-35ml\/\" \/>\n<meta property=\"og:locale\" content=\"ru_RU\" \/>\n<meta property=\"og:type\" content=\"article\" \/>\n<meta property=\"og:title\" content=\"Sulwhasoo White Ginseng Radiance Refining Mask, 35ml - IDA.KOREA\" \/>\n<meta property=\"og:description\" content=\"S\u00e4ra andev geelmask, millel on kahefaasiline tekstuur ja mis muutub koorijast klassikaliseks mahapestavaks maskiks. Pehmendab karedaid nahapiirkondi.\" \/>\n<meta property=\"og:url\" content=\"https:\/\/idakorea.ee\/ru\/product\/sulwhasoo-white-ginseng-radiance-refining-mask-35ml\/\" \/>\n<meta property=\"og:site_name\" content=\"IDA.KOREA\" \/>\n<meta property=\"article:modified_time\" content=\"2026-04-20T07:47:53+00:00\" \/>\n<meta property=\"og:image\" content=\"https:\/\/idakorea.ee\/wp-content\/uploads\/2026\/02\/Sulwhasoo_-_White_Ginseng_Radiance_Refining_Mask_idakorea.png\" \/>\n\t<meta property=\"og:image:width\" content=\"1002\" \/>\n\t<meta property=\"og:image:height\" content=\"998\" \/>\n\t<meta property=\"og:image:type\" content=\"image\/png\" \/>\n<meta name=\"twitter:card\" content=\"summary_large_image\" \/>\n<meta name=\"twitter:label1\" content=\"\u041f\u0440\u0438\u043c\u0435\u0440\u043d\u043e\u0435 \u0432\u0440\u0435\u043c\u044f \u0434\u043b\u044f \u0447\u0442\u0435\u043d\u0438\u044f\" \/>\n\t<meta name=\"twitter:data1\" content=\"2 \u043c\u0438\u043d\u0443\u0442\u044b\" \/>\n<script type=\"application\/ld+json\" class=\"yoast-schema-graph\">{\"@context\":\"https:\/\/schema.org\",\"@graph\":[{\"@type\":\"WebPage\",\"@id\":\"https:\/\/idakorea.ee\/product\/sulwhasoo-white-ginseng-radiance-refining-mask-35ml\/\",\"url\":\"https:\/\/idakorea.ee\/product\/sulwhasoo-white-ginseng-radiance-refining-mask-35ml\/\",\"name\":\"Sulwhasoo White Ginseng Radiance Refining Mask, 35ml - IDA.KOREA\",\"isPartOf\":{\"@id\":\"https:\/\/idakorea.ee\/#website\"},\"primaryImageOfPage\":{\"@id\":\"https:\/\/idakorea.ee\/product\/sulwhasoo-white-ginseng-radiance-refining-mask-35ml\/#primaryimage\"},\"image\":{\"@id\":\"https:\/\/idakorea.ee\/product\/sulwhasoo-white-ginseng-radiance-refining-mask-35ml\/#primaryimage\"},\"thumbnailUrl\":\"https:\/\/idakorea.ee\/wp-content\/uploads\/2026\/02\/Sulwhasoo_-_White_Ginseng_Radiance_Refining_Mask_idakorea.png\",\"datePublished\":\"2026-02-16T13:17:47+00:00\",\"dateModified\":\"2026-04-20T07:47:53+00:00\",\"description\":\"S\u00e4ra andev geelmask, millel on kahefaasiline tekstuur ja mis muutub koorijast klassikaliseks mahapestavaks maskiks. Pehmendab karedaid nahapiirkondi.\",\"breadcrumb\":{\"@id\":\"https:\/\/idakorea.ee\/product\/sulwhasoo-white-ginseng-radiance-refining-mask-35ml\/#breadcrumb\"},\"inLanguage\":\"ru-RU\",\"potentialAction\":[{\"@type\":\"ReadAction\",\"target\":[\"https:\/\/idakorea.ee\/product\/sulwhasoo-white-ginseng-radiance-refining-mask-35ml\/\"]}]},{\"@type\":\"ImageObject\",\"inLanguage\":\"ru-RU\",\"@id\":\"https:\/\/idakorea.ee\/product\/sulwhasoo-white-ginseng-radiance-refining-mask-35ml\/#primaryimage\",\"url\":\"https:\/\/idakorea.ee\/wp-content\/uploads\/2026\/02\/Sulwhasoo_-_White_Ginseng_Radiance_Refining_Mask_idakorea.png\",\"contentUrl\":\"https:\/\/idakorea.ee\/wp-content\/uploads\/2026\/02\/Sulwhasoo_-_White_Ginseng_Radiance_Refining_Mask_idakorea.png\",\"width\":1002,\"height\":998},{\"@type\":\"BreadcrumbList\",\"@id\":\"https:\/\/idakorea.ee\/product\/sulwhasoo-white-ginseng-radiance-refining-mask-35ml\/#breadcrumb\",\"itemListElement\":[{\"@type\":\"ListItem\",\"position\":1,\"name\":\"\u0413\u043b\u0430\u0432\u043d\u0430\u044f \u0441\u0442\u0440\u0430\u043d\u0438\u0446\u0430\",\"item\":\"https:\/\/idakorea.ee\/\"},{\"@type\":\"ListItem\",\"position\":2,\"name\":\"Shop\",\"item\":\"https:\/\/idakorea.ee\/shop-2\/\"},{\"@type\":\"ListItem\",\"position\":3,\"name\":\"\u017den\u0161enniga s\u00e4ra andev mask-koorija Sulwhasoo White Ginseng Radiance Refining Mask, 35ml\"}]},{\"@type\":\"WebSite\",\"@id\":\"https:\/\/idakorea.ee\/#website\",\"url\":\"https:\/\/idakorea.ee\/\",\"name\":\"IDA.KOREA\",\"description\":\"Korea kosmeetika e-pood\",\"publisher\":{\"@id\":\"https:\/\/idakorea.ee\/#organization\"},\"alternateName\":\"Beauty Shop\",\"potentialAction\":[{\"@type\":\"SearchAction\",\"target\":{\"@type\":\"EntryPoint\",\"urlTemplate\":\"https:\/\/idakorea.ee\/?s={search_term_string}\"},\"query-input\":{\"@type\":\"PropertyValueSpecification\",\"valueRequired\":true,\"valueName\":\"search_term_string\"}}],\"inLanguage\":\"ru-RU\"},{\"@type\":\"Organization\",\"@id\":\"https:\/\/idakorea.ee\/#organization\",\"name\":\"IDA.KOREA\",\"url\":\"https:\/\/idakorea.ee\/\",\"logo\":{\"@type\":\"ImageObject\",\"inLanguage\":\"ru-RU\",\"@id\":\"https:\/\/idakorea.ee\/#\/schema\/logo\/image\/\",\"url\":\"https:\/\/idakorea.ee\/wp-content\/uploads\/2024\/05\/cropped-korea3.png\",\"contentUrl\":\"https:\/\/idakorea.ee\/wp-content\/uploads\/2024\/05\/cropped-korea3.png\",\"width\":688,\"height\":126,\"caption\":\"IDA.KOREA\"},\"image\":{\"@id\":\"https:\/\/idakorea.ee\/#\/schema\/logo\/image\/\"},\"sameAs\":[\"https:\/\/www.instagram.com\/ida.korea\/\"]}]}<\/script>\n<!-- \/ Yoast SEO plugin. -->","yoast_head_json":{"title":"Sulwhasoo White Ginseng Radiance Refining Mask, 35ml - IDA.KOREA","description":"S\u00e4ra andev geelmask, millel on kahefaasiline tekstuur ja mis muutub koorijast klassikaliseks mahapestavaks maskiks. Pehmendab karedaid nahapiirkondi.","robots":{"index":"index","follow":"follow","max-snippet":"max-snippet:-1","max-image-preview":"max-image-preview:large","max-video-preview":"max-video-preview:-1"},"canonical":"https:\/\/idakorea.ee\/ru\/product\/sulwhasoo-white-ginseng-radiance-refining-mask-35ml\/","og_locale":"ru_RU","og_type":"article","og_title":"Sulwhasoo White Ginseng Radiance Refining Mask, 35ml - IDA.KOREA","og_description":"S\u00e4ra andev geelmask, millel on kahefaasiline tekstuur ja mis muutub koorijast klassikaliseks mahapestavaks maskiks. Pehmendab karedaid nahapiirkondi.","og_url":"https:\/\/idakorea.ee\/ru\/product\/sulwhasoo-white-ginseng-radiance-refining-mask-35ml\/","og_site_name":"IDA.KOREA","article_modified_time":"2026-04-20T07:47:53+00:00","og_image":[{"width":1002,"height":998,"url":"https:\/\/idakorea.ee\/wp-content\/uploads\/2026\/02\/Sulwhasoo_-_White_Ginseng_Radiance_Refining_Mask_idakorea.png","type":"image\/png"}],"twitter_card":"summary_large_image","twitter_misc":{"\u041f\u0440\u0438\u043c\u0435\u0440\u043d\u043e\u0435 \u0432\u0440\u0435\u043c\u044f \u0434\u043b\u044f \u0447\u0442\u0435\u043d\u0438\u044f":"2 \u043c\u0438\u043d\u0443\u0442\u044b"},"schema":{"@context":"https:\/\/schema.org","@graph":[{"@type":"WebPage","@id":"https:\/\/idakorea.ee\/product\/sulwhasoo-white-ginseng-radiance-refining-mask-35ml\/","url":"https:\/\/idakorea.ee\/product\/sulwhasoo-white-ginseng-radiance-refining-mask-35ml\/","name":"Sulwhasoo White Ginseng Radiance Refining Mask, 35ml - IDA.KOREA","isPartOf":{"@id":"https:\/\/idakorea.ee\/#website"},"primaryImageOfPage":{"@id":"https:\/\/idakorea.ee\/product\/sulwhasoo-white-ginseng-radiance-refining-mask-35ml\/#primaryimage"},"image":{"@id":"https:\/\/idakorea.ee\/product\/sulwhasoo-white-ginseng-radiance-refining-mask-35ml\/#primaryimage"},"thumbnailUrl":"https:\/\/idakorea.ee\/wp-content\/uploads\/2026\/02\/Sulwhasoo_-_White_Ginseng_Radiance_Refining_Mask_idakorea.png","datePublished":"2026-02-16T13:17:47+00:00","dateModified":"2026-04-20T07:47:53+00:00","description":"S\u00e4ra andev geelmask, millel on kahefaasiline tekstuur ja mis muutub koorijast klassikaliseks mahapestavaks maskiks. Pehmendab karedaid nahapiirkondi.","breadcrumb":{"@id":"https:\/\/idakorea.ee\/product\/sulwhasoo-white-ginseng-radiance-refining-mask-35ml\/#breadcrumb"},"inLanguage":"ru-RU","potentialAction":[{"@type":"ReadAction","target":["https:\/\/idakorea.ee\/product\/sulwhasoo-white-ginseng-radiance-refining-mask-35ml\/"]}]},{"@type":"ImageObject","inLanguage":"ru-RU","@id":"https:\/\/idakorea.ee\/product\/sulwhasoo-white-ginseng-radiance-refining-mask-35ml\/#primaryimage","url":"https:\/\/idakorea.ee\/wp-content\/uploads\/2026\/02\/Sulwhasoo_-_White_Ginseng_Radiance_Refining_Mask_idakorea.png","contentUrl":"https:\/\/idakorea.ee\/wp-content\/uploads\/2026\/02\/Sulwhasoo_-_White_Ginseng_Radiance_Refining_Mask_idakorea.png","width":1002,"height":998},{"@type":"BreadcrumbList","@id":"https:\/\/idakorea.ee\/product\/sulwhasoo-white-ginseng-radiance-refining-mask-35ml\/#breadcrumb","itemListElement":[{"@type":"ListItem","position":1,"name":"\u0413\u043b\u0430\u0432\u043d\u0430\u044f \u0441\u0442\u0440\u0430\u043d\u0438\u0446\u0430","item":"https:\/\/idakorea.ee\/"},{"@type":"ListItem","position":2,"name":"Shop","item":"https:\/\/idakorea.ee\/shop-2\/"},{"@type":"ListItem","position":3,"name":"\u017den\u0161enniga s\u00e4ra andev mask-koorija Sulwhasoo White Ginseng Radiance Refining Mask, 35ml"}]},{"@type":"WebSite","@id":"https:\/\/idakorea.ee\/#website","url":"https:\/\/idakorea.ee\/","name":"\u0418\u0414\u0410.\u041a\u041e\u0420\u0415\u042f","description":"\u0418\u043d\u0442\u0435\u0440\u043d\u0435\u0442-\u043c\u0430\u0433\u0430\u0437\u0438\u043d \u043a\u043e\u0440\u0435\u0439\u0441\u043a\u043e\u0439 \u043a\u043e\u0441\u043c\u0435\u0442\u0438\u043a\u0438","publisher":{"@id":"https:\/\/idakorea.ee\/#organization"},"alternateName":"Beauty Shop","potentialAction":[{"@type":"SearchAction","target":{"@type":"EntryPoint","urlTemplate":"https:\/\/idakorea.ee\/?s={search_term_string}"},"query-input":{"@type":"PropertyValueSpecification","valueRequired":true,"valueName":"search_term_string"}}],"inLanguage":"ru-RU"},{"@type":"Organization","@id":"https:\/\/idakorea.ee\/#organization","name":"\u0418\u0414\u0410.\u041a\u041e\u0420\u0415\u042f","url":"https:\/\/idakorea.ee\/","logo":{"@type":"ImageObject","inLanguage":"ru-RU","@id":"https:\/\/idakorea.ee\/#\/schema\/logo\/image\/","url":"https:\/\/idakorea.ee\/wp-content\/uploads\/2024\/05\/cropped-korea3.png","contentUrl":"https:\/\/idakorea.ee\/wp-content\/uploads\/2024\/05\/cropped-korea3.png","width":688,"height":126,"caption":"IDA.KOREA"},"image":{"@id":"https:\/\/idakorea.ee\/#\/schema\/logo\/image\/"},"sameAs":["https:\/\/www.instagram.com\/ida.korea\/"]}]}},"jetpack_sharing_enabled":true,"brands":[{"id":106,"name":"SULWHASOO","slug":"sulwhasoo"}],"_links":{"self":[{"href":"https:\/\/idakorea.ee\/ru\/wp-json\/wp\/v2\/product\/17767","targetHints":{"allow":["GET"]}}],"collection":[{"href":"https:\/\/idakorea.ee\/ru\/wp-json\/wp\/v2\/product"}],"about":[{"href":"https:\/\/idakorea.ee\/ru\/wp-json\/wp\/v2\/types\/product"}],"replies":[{"embeddable":true,"href":"https:\/\/idakorea.ee\/ru\/wp-json\/wp\/v2\/comments?post=17767"}],"version-history":[{"count":2,"href":"https:\/\/idakorea.ee\/ru\/wp-json\/wp\/v2\/product\/17767\/revisions"}],"predecessor-version":[{"id":17772,"href":"https:\/\/idakorea.ee\/ru\/wp-json\/wp\/v2\/product\/17767\/revisions\/17772"}],"wp:featuredmedia":[{"embeddable":true,"href":"https:\/\/idakorea.ee\/ru\/wp-json\/wp\/v2\/media\/17768"}],"wp:attachment":[{"href":"https:\/\/idakorea.ee\/ru\/wp-json\/wp\/v2\/media?parent=17767"}],"wp:term":[{"taxonomy":"pwb-brand","embeddable":true,"href":"https:\/\/idakorea.ee\/ru\/wp-json\/wp\/v2\/pwb-brand?post=17767"},{"taxonomy":"product_brand","embeddable":true,"href":"https:\/\/idakorea.ee\/ru\/wp-json\/wp\/v2\/product_brand?post=17767"},{"taxonomy":"product_cat","embeddable":true,"href":"https:\/\/idakorea.ee\/ru\/wp-json\/wp\/v2\/product_cat?post=17767"},{"taxonomy":"product_tag","embeddable":true,"href":"https:\/\/idakorea.ee\/ru\/wp-json\/wp\/v2\/product_tag?post=17767"}],"curies":[{"name":"WP","href":"https:\/\/api.w.org\/{rel}","templated":true}]}}