{"id":17948,"date":"2026-03-04T14:08:34","date_gmt":"2026-03-04T12:08:34","guid":{"rendered":"https:\/\/idakorea.ee\/?post_type=product&#038;p=17948"},"modified":"2026-04-13T17:30:58","modified_gmt":"2026-04-13T15:30:58","slug":"anua-peach-77-niacin-conditioning-milk-150ml","status":"publish","type":"product","link":"https:\/\/idakorea.ee\/ru\/product\/anua-peach-77-niacin-conditioning-milk-150ml\/","title":{"rendered":"\u041b\u043e\u0441\u044c\u043e\u043d-\u044d\u043c\u0443\u043b\u044c\u0441\u0438\u044f Anua Peach 77 Niacin Conditioning Milk, 150 \u043c\u043b"},"content":{"rendered":"<div class=\"flex flex-col text-sm pb-25\">\n<article class=\"text-token-text-primary w-full focus:outline-none [--shadow-height:45px] has-data-writing-block:pointer-events-none has-data-writing-block:-mt-(--shadow-height) has-data-writing-block:pt-(--shadow-height) [&amp;:has([data-writing-block])&gt;*]:pointer-events-auto scroll-mt-[calc(var(--header-height)+min(200px,max(70px,20svh)))]\" dir=\"auto\" tabindex=\"-1\" data-turn-id=\"request-69a7de0f-c494-8384-bd0c-24f28ff3bc56-8\" data-testid=\"conversation-turn-22\" data-scroll-anchor=\"true\" data-turn=\"assistant\">\n<div class=\"text-base my-auto mx-auto pb-10 [--thread-content-margin:--spacing(4)] @w-sm\/main:[--thread-content-margin:--spacing(6)] @w-lg\/main:[--thread-content-margin:--spacing(16)] px-(--thread-content-margin)\">\n<div class=\"[--thread-content-max-width:40rem] @w-lg\/main:[--thread-content-max-width:48rem] mx-auto max-w-(--thread-content-max-width) flex-1 group\/turn-messages focus-visible:outline-hidden relative flex w-full min-w-0 flex-col agent-turn\" tabindex=\"-1\">\n<div class=\"flex max-w-full flex-col grow\">\n<div class=\"min-h-8 text-message relative flex w-full flex-col items-end gap-2 text-start break-words whitespace-normal [.text-message+&amp;]:mt-1\" dir=\"auto\" data-message-author-role=\"assistant\" data-message-id=\"5dc0f67f-dc73-4d4f-84c4-5f8275cdd5ce\" data-message-model-slug=\"gpt-5-2\">\n<div class=\"flex w-full flex-col gap-1 empty:hidden first:pt-[1px]\">\n<div class=\"markdown prose dark:prose-invert w-full wrap-break-word light markdown-new-styling\">\n<p data-start=\"0\" data-end=\"235\"><strong data-start=\"0\" data-end=\"42\">Anua Peach 77 Niacin Conditioning Milk<\/strong> on kerge losjoon-emulsioon, mis aitab v\u00e4hendada naha tuhmust, pehmendab karedaid piirkondi, niisutab ja silub naha tekstuuri. Annab nahale terve s\u00e4ra ning aitab ennetada pigmentatsiooni teket.<\/p>\n<p data-start=\"237\" data-end=\"479\">Tootel on kerge, piimjas tekstuur, mis imendub kiiresti ega j\u00e4ta nahale kleepuvat tunnet. Nahale j\u00e4\u00e4b \u00f5rn musta tee ja virsiku aroom. Toode tugevdab naha niiskusbarj\u00e4\u00e4ri, aitab v\u00e4ltida kuivust ning tasakaalustab naha h\u00fcdrolipiidset tasakaalu.<\/p>\n<p data-start=\"481\" data-end=\"821\">Valem p\u00f5hineb <strong data-start=\"495\" data-end=\"508\">PEACHNIA\u2122<\/strong> kompleksil \u2013 fermenteeritud virsikuekstraktil. Virsikud on korjatud <strong data-start=\"577\" data-end=\"593\">Jeju saarelt<\/strong> ning l\u00e4bivad 120 tundi kestva madaltemperatuurilise fermentatsiooni, mis aitab s\u00e4ilitada maksimaalselt vitamiine, pol\u00fcfenoole ja mineraale. Virsikuekstrakt annab nahale loomuliku s\u00e4ra ning aitab v\u00e4hendada liigset rasust l\u00e4iget.<\/p>\n<p data-start=\"823\" data-end=\"1095\">Toode sisaldab 2% niatsiinamiidi, millel on mitmek\u00fclgne ja t\u00f5estatud toime. Niatsiinamiid aitab reguleerida rasun\u00e4\u00e4rmete t\u00f6\u00f6d, stimuleerib kollageeni tootmist ning takistab melaniini liikumist naha \u00fclemistesse kihtidesse, aidates seel\u00e4bi ennetada pigmentlaikude teket.<\/p>\n<p data-start=\"1097\" data-end=\"1133\"><strong>T\u00e4iendavad aktiivsed koostisosad<\/strong><\/p>\n<ul data-start=\"1134\" data-end=\"2275\">\n<li data-start=\"1134\" data-end=\"1253\">\n<p data-start=\"1136\" data-end=\"1253\"><strong data-start=\"1136\" data-end=\"1151\">Tseramiidid<\/strong> tugevdavad naha loomulikku lipiidikihti, parandavad naha kaitsebarj\u00e4\u00e4ri ja aitavad v\u00e4ltida kuivust.<\/p>\n<\/li>\n<li data-start=\"1254\" data-end=\"1377\">\n<p data-start=\"1256\" data-end=\"1377\"><strong data-start=\"1256\" data-end=\"1282\">3 t\u00fc\u00fcpi h\u00fcaluroonhapet<\/strong> niisutavad intensiivselt ning moodustavad nahale kaitsva kihi, mis aitab niiskust s\u00e4ilitada.<\/p>\n<\/li>\n<li data-start=\"1378\" data-end=\"1582\">\n<p data-start=\"1380\" data-end=\"1582\"><strong data-start=\"1380\" data-end=\"1445\">Probiootikumid (Lactobacillus Ferment, Bifida Ferment Lysate)<\/strong> toetavad naha mikrobioomi tasakaalu, aeglustavad vananemisilminguid, soodustavad naha taastumist ja kaitsevad vabade radikaalide eest.<\/p>\n<\/li>\n<li data-start=\"1583\" data-end=\"1726\">\n<p data-start=\"1585\" data-end=\"1726\"><strong data-start=\"1585\" data-end=\"1612\">Pantenool (vitamiin B5)<\/strong> kiirendab naha paranemist, pehmendab ja rahustab nahka, v\u00e4hendab punetust ning parandab naha kaitsefunktsiooni.<\/p>\n<\/li>\n<li data-start=\"1727\" data-end=\"1883\">\n<p data-start=\"1729\" data-end=\"1883\"><strong data-start=\"1729\" data-end=\"1764\">Ts\u00fcanokobalamiin (vitamiin B12)<\/strong> niisutab ja rahustab nahka, aitab v\u00e4hendada p\u00f5letikku, tugevdab kapillaare ning toetab aknele kalduva naha hooldust.<\/p>\n<\/li>\n<li data-start=\"1884\" data-end=\"2098\">\n<p data-start=\"1886\" data-end=\"2098\"><strong data-start=\"1886\" data-end=\"1908\">Betaiinsalits\u00fclaat<\/strong> on \u00f5rn BHA-happe vorm (salits\u00fc\u00fclhappe ja betaiini kombinatsioon), mis aitab puhastada poore, lahustab liigset rasu, v\u00e4hendab rasuniite ja mustpeade teket ning ennetab pooride ummistumist.<\/p>\n<\/li>\n<li data-start=\"2099\" data-end=\"2275\">\n<p data-start=\"2101\" data-end=\"2275\"><strong data-start=\"2101\" data-end=\"2133\">Galactomyces fermentfiltraat<\/strong> aitab parandada toitainete imendumist nahas, toetab rakkude taastumist, parandab vereringet, silub naha mikroreljeefi ja t\u00f5stab naha toonust.<\/p>\n<\/li>\n<\/ul>\n<p data-start=\"2277\" data-end=\"2333\">Sobib normaalsele, kombineeritud ja rasusele nahale.<\/p>\n<p data-start=\"2335\" data-end=\"2349\"><strong>Kasutamine<\/strong><\/p>\n<p data-start=\"2350\" data-end=\"2522\" data-is-last-node=\"\" data-is-only-node=\"\">P\u00e4rast n\u00e4o puhastamist, tooniku ja seerumi kasutamist kandke vajalik kogus emulsiooni n\u00e4ole ning jaotage \u00fchtlaselt nahale. Soovi korral l\u00f5petage hooldus niisutava kreemiga.<\/p>\n<\/div>\n<\/div>\n<\/div>\n<\/div>\n<div class=\"z-0 flex min-h-[46px] justify-start\"><\/div>\n<div class=\"mt-3 w-full empty:hidden\">\n<div class=\"text-center\"><\/div>\n<\/div>\n<\/div>\n<\/div>\n<\/article>\n<\/div>\n<div class=\"pointer-events-none h-px w-px absolute bottom-0\" aria-hidden=\"true\" data-edge=\"true\"><\/div>\n","protected":false},"excerpt":{"rendered":"<p>\u0423\u0432\u043b\u0430\u0436\u043d\u044f\u044e\u0449\u0435\u0435 \u043c\u043e\u043b\u043e\u0447\u043a\u043e Anua Peach 77 \u0441 \u043d\u0438\u0430\u0446\u0438\u043d\u043e\u043c \u2014 \u044d\u0442\u043e \u043b\u0435\u0433\u043a\u0438\u0439 \u043b\u043e\u0441\u044c\u043e\u043d-\u044d\u043c\u0443\u043b\u044c\u0441\u0438\u044f, \u043a\u043e\u0442\u043e\u0440\u0430\u044f \u043f\u043e\u043c\u043e\u0433\u0430\u0435\u0442 \u0443\u043c\u0435\u043d\u044c\u0448\u0438\u0442\u044c \u0442\u0443\u0441\u043a\u043b\u043e\u0441\u0442\u044c \u043a\u043e\u0436\u0438, \u0441\u043c\u044f\u0433\u0447\u0430\u0435\u0442 \u043e\u0433\u0440\u0443\u0431\u0435\u0432\u0448\u0438\u0435 \u0443\u0447\u0430\u0441\u0442\u043a\u0438, \u0443\u0432\u043b\u0430\u0436\u043d\u044f\u0435\u0442 \u0438 \u0432\u044b\u0440\u0430\u0432\u043d\u0438\u0432\u0430\u0435\u0442 \u0442\u0435\u043a\u0441\u0442\u0443\u0440\u0443 \u043a\u043e\u0436\u0438. \u041f\u0440\u0438\u0434\u0430\u0435\u0442 \u043a\u043e\u0436\u0435 \u0437\u0434\u043e\u0440\u043e\u0432\u043e\u0435 \u0441\u0438\u044f\u043d\u0438\u0435 \u0438 \u043f\u043e\u043c\u043e\u0433\u0430\u0435\u0442 \u043f\u0440\u0435\u0434\u043e\u0442\u0432\u0440\u0430\u0442\u0438\u0442\u044c \u043f\u0438\u0433\u043c\u0435\u043d\u0442\u0430\u0446\u0438\u044e. \u041f\u0440\u043e\u0434\u0443\u043a\u0442 \u0438\u043c\u0435\u0435\u0442 \u043b\u0435\u0433\u043a\u0443\u044e \u043c\u043e\u043b\u043e\u0447\u043d\u0443\u044e \u0442\u0435\u043a\u0441\u0442\u0443\u0440\u0443, \u0431\u044b\u0441\u0442\u0440\u043e \u0432\u043f\u0438\u0442\u044b\u0432\u0430\u0435\u0442\u0441\u044f \u0438 \u043d\u0435 \u043e\u0441\u0442\u0430\u0432\u043b\u044f\u0435\u0442 \u043e\u0449\u0443\u0449\u0435\u043d\u0438\u044f \u043b\u0438\u043f\u043a\u043e\u0441\u0442\u0438 \u043d\u0430 \u043a\u043e\u0436\u0435. \u041a\u043e\u0436\u0430 \u043e\u0441\u0442\u0430\u0435\u0442\u0441\u044f \u0441 \u043d\u0435\u0436\u043d\u044b\u043c \u0430\u0440\u043e\u043c\u0430\u0442\u043e\u043c \u0447\u0435\u0440\u043d\u043e\u0433\u043e \u0447\u0430\u044f \u0438 \u043f\u0435\u0440\u0441\u0438\u043a\u0430. \u041f\u0440\u043e\u0434\u0443\u043a\u0442 \u0443\u043a\u0440\u0435\u043f\u043b\u044f\u0435\u0442\u2026<\/p>","protected":false},"featured_media":17953,"comment_status":"open","ping_status":"closed","template":"","meta":{"_uf_show_specific_survey":0,"_uf_disable_surveys":false,"_bst_post_transparent":"default","_bst_post_title":"","_bst_post_layout":"default","_bst_post_sidebar_id":"","_bst_post_content_style":"default","_bst_post_vertical_padding":"default","_bst_post_feature":"","_bst_post_feature_position":"","_bst_post_header":false,"_bst_post_footer":false},"pwb-brand":[104],"product_brand":[],"product_cat":[92,96,97],"product_tag":[856,102,568],"class_list":{"0":"post-17948","1":"product","2":"type-product","3":"status-publish","4":"has-post-thumbnail","6":"pwb-brand-anua","7":"product_cat-nagu","8":"product_cat-naokreemid","9":"product_cat-naoseerumid-ja-olid","10":"product_tag-856","11":"product_tag-anua","12":"product_tag-korea","14":"first","15":"instock","16":"shipping-taxable","17":"purchasable","18":"product-type-simple","19":"entry","20":"content-bg","21":"loop-entry"},"supplier_id":null,"supplier_sku":"","barcode":null,"atum_controlled":true,"out_stock_date":null,"out_stock_threshold":null,"inheritable":false,"inbound_stock":null,"stock_on_hold":0,"sold_today":0,"sales_last_days":1,"out_stock_days":0,"lost_sales":0,"has_location":false,"update_date":"2026-04-24T00:09:10","atum_locations":[],"atum_stock_status":"instock","restock_status":false,"low_stock_amount":"","sales_update_date":"2026-04-24T00:09:10","calc_backorders":null,"yoast_head":"<!-- This site is optimized with the Yoast SEO plugin v27.2 - https:\/\/yoast.com\/product\/yoast-seo-wordpress\/ -->\n<title>Anua Peach 77 Niacin Conditioning Milk, 150ml - IDA.KOREA<\/title>\n<meta name=\"description\" content=\"Kerge losjoon-emulsioon, mis aitab v\u00e4hendada naha tuhmust, pehmendab karedaid piirkondi, niisutab ja silub naha tekstuuri.\" \/>\n<meta name=\"robots\" content=\"index, follow, max-snippet:-1, max-image-preview:large, max-video-preview:-1\" \/>\n<link rel=\"canonical\" href=\"https:\/\/idakorea.ee\/ru\/product\/anua-peach-77-niacin-conditioning-milk-150ml\/\" \/>\n<meta property=\"og:locale\" content=\"ru_RU\" \/>\n<meta property=\"og:type\" content=\"article\" \/>\n<meta property=\"og:title\" content=\"Anua Peach 77 Niacin Conditioning Milk, 150ml - IDA.KOREA\" \/>\n<meta property=\"og:description\" content=\"Kerge losjoon-emulsioon, mis aitab v\u00e4hendada naha tuhmust, pehmendab karedaid piirkondi, niisutab ja silub naha tekstuuri.\" \/>\n<meta property=\"og:url\" content=\"https:\/\/idakorea.ee\/ru\/product\/anua-peach-77-niacin-conditioning-milk-150ml\/\" \/>\n<meta property=\"og:site_name\" content=\"IDA.KOREA\" \/>\n<meta property=\"article:modified_time\" content=\"2026-04-13T15:30:58+00:00\" \/>\n<meta property=\"og:image\" content=\"https:\/\/idakorea.ee\/wp-content\/uploads\/2026\/03\/Anua-Peach-77-Niacin-Conditioning-Milk_idakorea-1.png\" \/>\n\t<meta property=\"og:image:width\" content=\"1000\" \/>\n\t<meta property=\"og:image:height\" content=\"1000\" \/>\n\t<meta property=\"og:image:type\" content=\"image\/png\" \/>\n<meta name=\"twitter:card\" content=\"summary_large_image\" \/>\n<meta name=\"twitter:label1\" content=\"\u041f\u0440\u0438\u043c\u0435\u0440\u043d\u043e\u0435 \u0432\u0440\u0435\u043c\u044f \u0434\u043b\u044f \u0447\u0442\u0435\u043d\u0438\u044f\" \/>\n\t<meta name=\"twitter:data1\" content=\"2 \u043c\u0438\u043d\u0443\u0442\u044b\" \/>\n<script type=\"application\/ld+json\" class=\"yoast-schema-graph\">{\"@context\":\"https:\/\/schema.org\",\"@graph\":[{\"@type\":\"WebPage\",\"@id\":\"https:\/\/idakorea.ee\/product\/anua-peach-77-niacin-conditioning-milk-150ml\/\",\"url\":\"https:\/\/idakorea.ee\/product\/anua-peach-77-niacin-conditioning-milk-150ml\/\",\"name\":\"Anua Peach 77 Niacin Conditioning Milk, 150ml - IDA.KOREA\",\"isPartOf\":{\"@id\":\"https:\/\/idakorea.ee\/#website\"},\"primaryImageOfPage\":{\"@id\":\"https:\/\/idakorea.ee\/product\/anua-peach-77-niacin-conditioning-milk-150ml\/#primaryimage\"},\"image\":{\"@id\":\"https:\/\/idakorea.ee\/product\/anua-peach-77-niacin-conditioning-milk-150ml\/#primaryimage\"},\"thumbnailUrl\":\"https:\/\/idakorea.ee\/wp-content\/uploads\/2026\/03\/Anua-Peach-77-Niacin-Conditioning-Milk_idakorea-1.png\",\"datePublished\":\"2026-03-04T12:08:34+00:00\",\"dateModified\":\"2026-04-13T15:30:58+00:00\",\"description\":\"Kerge losjoon-emulsioon, mis aitab v\u00e4hendada naha tuhmust, pehmendab karedaid piirkondi, niisutab ja silub naha tekstuuri.\",\"breadcrumb\":{\"@id\":\"https:\/\/idakorea.ee\/product\/anua-peach-77-niacin-conditioning-milk-150ml\/#breadcrumb\"},\"inLanguage\":\"ru-RU\",\"potentialAction\":[{\"@type\":\"ReadAction\",\"target\":[\"https:\/\/idakorea.ee\/product\/anua-peach-77-niacin-conditioning-milk-150ml\/\"]}]},{\"@type\":\"ImageObject\",\"inLanguage\":\"ru-RU\",\"@id\":\"https:\/\/idakorea.ee\/product\/anua-peach-77-niacin-conditioning-milk-150ml\/#primaryimage\",\"url\":\"https:\/\/idakorea.ee\/wp-content\/uploads\/2026\/03\/Anua-Peach-77-Niacin-Conditioning-Milk_idakorea-1.png\",\"contentUrl\":\"https:\/\/idakorea.ee\/wp-content\/uploads\/2026\/03\/Anua-Peach-77-Niacin-Conditioning-Milk_idakorea-1.png\",\"width\":1000,\"height\":1000},{\"@type\":\"BreadcrumbList\",\"@id\":\"https:\/\/idakorea.ee\/product\/anua-peach-77-niacin-conditioning-milk-150ml\/#breadcrumb\",\"itemListElement\":[{\"@type\":\"ListItem\",\"position\":1,\"name\":\"\u0413\u043b\u0430\u0432\u043d\u0430\u044f \u0441\u0442\u0440\u0430\u043d\u0438\u0446\u0430\",\"item\":\"https:\/\/idakorea.ee\/\"},{\"@type\":\"ListItem\",\"position\":2,\"name\":\"Shop\",\"item\":\"https:\/\/idakorea.ee\/shop-2\/\"},{\"@type\":\"ListItem\",\"position\":3,\"name\":\"Losjoon-emulsioon Anua Peach 77 Niacin Conditioning Milk, 150ml\"}]},{\"@type\":\"WebSite\",\"@id\":\"https:\/\/idakorea.ee\/#website\",\"url\":\"https:\/\/idakorea.ee\/\",\"name\":\"IDA.KOREA\",\"description\":\"Korea kosmeetika e-pood\",\"publisher\":{\"@id\":\"https:\/\/idakorea.ee\/#organization\"},\"alternateName\":\"Beauty Shop\",\"potentialAction\":[{\"@type\":\"SearchAction\",\"target\":{\"@type\":\"EntryPoint\",\"urlTemplate\":\"https:\/\/idakorea.ee\/?s={search_term_string}\"},\"query-input\":{\"@type\":\"PropertyValueSpecification\",\"valueRequired\":true,\"valueName\":\"search_term_string\"}}],\"inLanguage\":\"ru-RU\"},{\"@type\":\"Organization\",\"@id\":\"https:\/\/idakorea.ee\/#organization\",\"name\":\"IDA.KOREA\",\"url\":\"https:\/\/idakorea.ee\/\",\"logo\":{\"@type\":\"ImageObject\",\"inLanguage\":\"ru-RU\",\"@id\":\"https:\/\/idakorea.ee\/#\/schema\/logo\/image\/\",\"url\":\"https:\/\/idakorea.ee\/wp-content\/uploads\/2024\/05\/cropped-korea3.png\",\"contentUrl\":\"https:\/\/idakorea.ee\/wp-content\/uploads\/2024\/05\/cropped-korea3.png\",\"width\":688,\"height\":126,\"caption\":\"IDA.KOREA\"},\"image\":{\"@id\":\"https:\/\/idakorea.ee\/#\/schema\/logo\/image\/\"},\"sameAs\":[\"https:\/\/www.instagram.com\/ida.korea\/\"]}]}<\/script>\n<!-- \/ Yoast SEO plugin. -->","yoast_head_json":{"title":"Anua Peach 77 Niacin Conditioning Milk, 150ml - IDA.KOREA","description":"Kerge losjoon-emulsioon, mis aitab v\u00e4hendada naha tuhmust, pehmendab karedaid piirkondi, niisutab ja silub naha tekstuuri.","robots":{"index":"index","follow":"follow","max-snippet":"max-snippet:-1","max-image-preview":"max-image-preview:large","max-video-preview":"max-video-preview:-1"},"canonical":"https:\/\/idakorea.ee\/ru\/product\/anua-peach-77-niacin-conditioning-milk-150ml\/","og_locale":"ru_RU","og_type":"article","og_title":"Anua Peach 77 Niacin Conditioning Milk, 150ml - IDA.KOREA","og_description":"Kerge losjoon-emulsioon, mis aitab v\u00e4hendada naha tuhmust, pehmendab karedaid piirkondi, niisutab ja silub naha tekstuuri.","og_url":"https:\/\/idakorea.ee\/ru\/product\/anua-peach-77-niacin-conditioning-milk-150ml\/","og_site_name":"IDA.KOREA","article_modified_time":"2026-04-13T15:30:58+00:00","og_image":[{"width":1000,"height":1000,"url":"https:\/\/idakorea.ee\/wp-content\/uploads\/2026\/03\/Anua-Peach-77-Niacin-Conditioning-Milk_idakorea-1.png","type":"image\/png"}],"twitter_card":"summary_large_image","twitter_misc":{"\u041f\u0440\u0438\u043c\u0435\u0440\u043d\u043e\u0435 \u0432\u0440\u0435\u043c\u044f \u0434\u043b\u044f \u0447\u0442\u0435\u043d\u0438\u044f":"2 \u043c\u0438\u043d\u0443\u0442\u044b"},"schema":{"@context":"https:\/\/schema.org","@graph":[{"@type":"WebPage","@id":"https:\/\/idakorea.ee\/product\/anua-peach-77-niacin-conditioning-milk-150ml\/","url":"https:\/\/idakorea.ee\/product\/anua-peach-77-niacin-conditioning-milk-150ml\/","name":"Anua Peach 77 Niacin Conditioning Milk, 150ml - IDA.KOREA","isPartOf":{"@id":"https:\/\/idakorea.ee\/#website"},"primaryImageOfPage":{"@id":"https:\/\/idakorea.ee\/product\/anua-peach-77-niacin-conditioning-milk-150ml\/#primaryimage"},"image":{"@id":"https:\/\/idakorea.ee\/product\/anua-peach-77-niacin-conditioning-milk-150ml\/#primaryimage"},"thumbnailUrl":"https:\/\/idakorea.ee\/wp-content\/uploads\/2026\/03\/Anua-Peach-77-Niacin-Conditioning-Milk_idakorea-1.png","datePublished":"2026-03-04T12:08:34+00:00","dateModified":"2026-04-13T15:30:58+00:00","description":"Kerge losjoon-emulsioon, mis aitab v\u00e4hendada naha tuhmust, pehmendab karedaid piirkondi, niisutab ja silub naha tekstuuri.","breadcrumb":{"@id":"https:\/\/idakorea.ee\/product\/anua-peach-77-niacin-conditioning-milk-150ml\/#breadcrumb"},"inLanguage":"ru-RU","potentialAction":[{"@type":"ReadAction","target":["https:\/\/idakorea.ee\/product\/anua-peach-77-niacin-conditioning-milk-150ml\/"]}]},{"@type":"ImageObject","inLanguage":"ru-RU","@id":"https:\/\/idakorea.ee\/product\/anua-peach-77-niacin-conditioning-milk-150ml\/#primaryimage","url":"https:\/\/idakorea.ee\/wp-content\/uploads\/2026\/03\/Anua-Peach-77-Niacin-Conditioning-Milk_idakorea-1.png","contentUrl":"https:\/\/idakorea.ee\/wp-content\/uploads\/2026\/03\/Anua-Peach-77-Niacin-Conditioning-Milk_idakorea-1.png","width":1000,"height":1000},{"@type":"BreadcrumbList","@id":"https:\/\/idakorea.ee\/product\/anua-peach-77-niacin-conditioning-milk-150ml\/#breadcrumb","itemListElement":[{"@type":"ListItem","position":1,"name":"\u0413\u043b\u0430\u0432\u043d\u0430\u044f \u0441\u0442\u0440\u0430\u043d\u0438\u0446\u0430","item":"https:\/\/idakorea.ee\/"},{"@type":"ListItem","position":2,"name":"Shop","item":"https:\/\/idakorea.ee\/shop-2\/"},{"@type":"ListItem","position":3,"name":"Losjoon-emulsioon Anua Peach 77 Niacin Conditioning Milk, 150ml"}]},{"@type":"WebSite","@id":"https:\/\/idakorea.ee\/#website","url":"https:\/\/idakorea.ee\/","name":"\u0418\u0414\u0410.\u041a\u041e\u0420\u0415\u042f","description":"\u0418\u043d\u0442\u0435\u0440\u043d\u0435\u0442-\u043c\u0430\u0433\u0430\u0437\u0438\u043d \u043a\u043e\u0440\u0435\u0439\u0441\u043a\u043e\u0439 \u043a\u043e\u0441\u043c\u0435\u0442\u0438\u043a\u0438","publisher":{"@id":"https:\/\/idakorea.ee\/#organization"},"alternateName":"Beauty Shop","potentialAction":[{"@type":"SearchAction","target":{"@type":"EntryPoint","urlTemplate":"https:\/\/idakorea.ee\/?s={search_term_string}"},"query-input":{"@type":"PropertyValueSpecification","valueRequired":true,"valueName":"search_term_string"}}],"inLanguage":"ru-RU"},{"@type":"Organization","@id":"https:\/\/idakorea.ee\/#organization","name":"\u0418\u0414\u0410.\u041a\u041e\u0420\u0415\u042f","url":"https:\/\/idakorea.ee\/","logo":{"@type":"ImageObject","inLanguage":"ru-RU","@id":"https:\/\/idakorea.ee\/#\/schema\/logo\/image\/","url":"https:\/\/idakorea.ee\/wp-content\/uploads\/2024\/05\/cropped-korea3.png","contentUrl":"https:\/\/idakorea.ee\/wp-content\/uploads\/2024\/05\/cropped-korea3.png","width":688,"height":126,"caption":"IDA.KOREA"},"image":{"@id":"https:\/\/idakorea.ee\/#\/schema\/logo\/image\/"},"sameAs":["https:\/\/www.instagram.com\/ida.korea\/"]}]}},"jetpack_sharing_enabled":true,"brands":[{"id":104,"name":"ANUA","slug":"anua"}],"_links":{"self":[{"href":"https:\/\/idakorea.ee\/ru\/wp-json\/wp\/v2\/product\/17948","targetHints":{"allow":["GET"]}}],"collection":[{"href":"https:\/\/idakorea.ee\/ru\/wp-json\/wp\/v2\/product"}],"about":[{"href":"https:\/\/idakorea.ee\/ru\/wp-json\/wp\/v2\/types\/product"}],"replies":[{"embeddable":true,"href":"https:\/\/idakorea.ee\/ru\/wp-json\/wp\/v2\/comments?post=17948"}],"version-history":[{"count":1,"href":"https:\/\/idakorea.ee\/ru\/wp-json\/wp\/v2\/product\/17948\/revisions"}],"predecessor-version":[{"id":17952,"href":"https:\/\/idakorea.ee\/ru\/wp-json\/wp\/v2\/product\/17948\/revisions\/17952"}],"wp:featuredmedia":[{"embeddable":true,"href":"https:\/\/idakorea.ee\/ru\/wp-json\/wp\/v2\/media\/17953"}],"wp:attachment":[{"href":"https:\/\/idakorea.ee\/ru\/wp-json\/wp\/v2\/media?parent=17948"}],"wp:term":[{"taxonomy":"pwb-brand","embeddable":true,"href":"https:\/\/idakorea.ee\/ru\/wp-json\/wp\/v2\/pwb-brand?post=17948"},{"taxonomy":"product_brand","embeddable":true,"href":"https:\/\/idakorea.ee\/ru\/wp-json\/wp\/v2\/product_brand?post=17948"},{"taxonomy":"product_cat","embeddable":true,"href":"https:\/\/idakorea.ee\/ru\/wp-json\/wp\/v2\/product_cat?post=17948"},{"taxonomy":"product_tag","embeddable":true,"href":"https:\/\/idakorea.ee\/ru\/wp-json\/wp\/v2\/product_tag?post=17948"}],"curies":[{"name":"WP","href":"https:\/\/api.w.org\/{rel}","templated":true}]}}