{"id":18407,"date":"2026-04-09T11:01:01","date_gmt":"2026-04-09T09:01:01","guid":{"rendered":"https:\/\/idakorea.ee\/?post_type=product&#038;p=18407"},"modified":"2026-04-09T11:01:01","modified_gmt":"2026-04-09T09:01:01","slug":"house-of-hur-tropical-dew-sun-cream-spf50-pa-50ml","status":"publish","type":"product","link":"https:\/\/idakorea.ee\/ru\/product\/house-of-hur-tropical-dew-sun-cream-spf50-pa-50ml\/","title":{"rendered":"\u0421\u043e\u043b\u043d\u0446\u0435\u0437\u0430\u0449\u0438\u0442\u043d\u044b\u0439 \u043a\u0440\u0435\u043c House of Hur Tropical Dew SPF50+ PA++++, 50 \u043c\u043b"},"content":{"rendered":"<p>\u041b\u0435\u0433\u043a\u0438\u0439 \u0441\u043e\u043b\u043d\u0446\u0435\u0437\u0430\u0449\u0438\u0442\u043d\u044b\u0439 \u043a\u0440\u0435\u043c<strong> House of Hur Tropical Dew Sun Cream SPF50+ PA++++<\/strong> \u0413\u043b\u0443\u0431\u043e\u043a\u043e \u0443\u0432\u043b\u0430\u0436\u043d\u044f\u0435\u0442 \u0438 \u0432\u044b\u0440\u0430\u0432\u043d\u0438\u0432\u0430\u0435\u0442 \u0442\u043e\u043d \u043a\u043e\u0436\u0438. \u041b\u0435\u0433\u043a\u0430\u044f \u043a\u0440\u0435\u043c\u043e\u0432\u0430\u044f \u0442\u0435\u043a\u0441\u0442\u0443\u0440\u0430 \u043d\u0435 \u043e\u0441\u0442\u0430\u0432\u043b\u044f\u0435\u0442 \u043e\u0449\u0443\u0449\u0435\u043d\u0438\u044f \u043b\u0438\u043f\u043a\u043e\u0441\u0442\u0438 \u0438\u043b\u0438 \u0436\u0438\u0440\u043d\u043e\u0441\u0442\u0438 \u043d\u0430 \u043a\u043e\u0436\u0435 \u0438 \u043f\u0440\u0438\u0434\u0430\u0435\u0442 \u043b\u0438\u0446\u0443 \u0437\u0434\u043e\u0440\u043e\u0432\u043e\u0435 \u0441\u0438\u044f\u043d\u0438\u0435.<\/p>\n<p>\u0421\u043e\u0434\u0435\u0440\u0436\u0438\u0442 \u043d\u043e\u0432\u043e\u0435 \u043f\u043e\u043a\u043e\u043b\u0435\u043d\u0438\u0435 \u0444\u043e\u0442\u043e\u0441\u0442\u0430\u0431\u0438\u043b\u044c\u043d\u044b\u0445 \u0445\u0438\u043c\u0438\u0447\u0435\u0441\u043a\u0438\u0445 \u0423\u0424-\u0444\u0438\u043b\u044c\u0442\u0440\u043e\u0432, \u043a\u043e\u0442\u043e\u0440\u044b\u0435 \u043d\u0435 \u0442\u0440\u0435\u0431\u0443\u044e\u0442 \u0437\u0430\u043c\u0435\u043d\u044b \u0434\u043e 8 \u0447\u0430\u0441\u043e\u0432 \u0432 \u0433\u043e\u0440\u043e\u0434\u0441\u043a\u0438\u0445 \u0443\u0441\u043b\u043e\u0432\u0438\u044f\u0445:<\/p>\n<ul>\n<li><strong>Uvinul A Plus (Diethylamino Hydroxybenzoyl Hexyl Benzoate)<\/strong> \u2013 \u0436\u0438\u0440\u043e\u0440\u0430\u0441\u0442\u0432\u043e\u0440\u0438\u043c\u044b\u0439 \u0444\u0438\u043b\u044c\u0442\u0440, \u043f\u043e\u0433\u043b\u043e\u0449\u0430\u044e\u0449\u0438\u0439 \u0423\u0424-\u043b\u0443\u0447\u0438 \u0434\u043b\u0438\u043d\u043e\u0439 \u0434\u043e 354 \u043d\u0430\u043d\u043e\u043c\u0435\u0442\u0440\u043e\u0432.<\/li>\n<li><strong>Uvinul T 150 (Ethylhexyl Triazone)<\/strong> \u2013 \u0416\u0438\u0440\u043e\u0440\u0430\u0441\u0442\u0432\u043e\u0440\u0438\u043c\u044b\u0439 \u0431\u0435\u0441\u0446\u0432\u0435\u0442\u043d\u044b\u0439 \u043f\u043e\u0440\u043e\u0448\u043e\u043a \u0441 \u043e\u0447\u0435\u043d\u044c \u0432\u044b\u0441\u043e\u043a\u0438\u043c \u0444\u0430\u043a\u0442\u043e\u0440\u043e\u043c \u0437\u0430\u0449\u0438\u0442\u044b \u043e\u0442 \u0423\u0424-\u043b\u0443\u0447\u0435\u0439 \u0442\u0438\u043f\u0430 \u0412. \u0418\u0441\u043f\u043e\u043b\u044c\u0437\u0443\u0435\u0442\u0441\u044f \u0432 \u043a\u043e\u043d\u0446\u0435\u043d\u0442\u0440\u0430\u0446\u0438\u044f\u0445 \u0434\u043e 5%.<\/li>\n<li><strong>Tinosorb M (Methylene Bis-benzotriazolyl Tetramethylbutylphenol)<\/strong> \u2013 \u0424\u0438\u043b\u044c\u0442\u0440 \u0448\u0438\u0440\u043e\u043a\u043e\u0433\u043e \u0441\u043f\u0435\u043a\u0442\u0440\u0430 \u0434\u0435\u0439\u0441\u0442\u0432\u0438\u044f, \u0437\u0430\u0449\u0438\u0449\u0430\u044e\u0449\u0438\u0439 \u043e\u0442 \u043b\u0443\u0447\u0435\u0439 UVA \u0438 UVB.<\/li>\n<li><strong>Iscotrizinol\/Uvasorb HEB (Diethylhexyl Butamido Triazone)<\/strong> \u2013 \u0412\u044b\u0441\u043e\u043a\u043e\u0444\u043e\u0442\u043e\u0441\u0442\u0430\u0431\u0438\u043b\u044c\u043d\u044b\u0439 \u0448\u0438\u0440\u043e\u043a\u043e\u0441\u043f\u0435\u043a\u0442\u0440\u0430\u043b\u044c\u043d\u044b\u0439 \u0444\u0438\u043b\u044c\u0442\u0440, \u0437\u0430\u0449\u0438\u0449\u0430\u044e\u0449\u0438\u0439 \u043e\u0442 \u043b\u0443\u0447\u0435\u0439 UVA \u0438 UVB \u0438 \u0442\u0435\u0440\u044f\u044e\u0449\u0438\u0439 \u043f\u0440\u0438\u043c\u0435\u0440\u043d\u043e 101% \u0441\u0432\u043e\u0438\u0445 \u0441\u0432\u043e\u0439\u0441\u0442\u0432 \u0432 \u0442\u0435\u0447\u0435\u043d\u0438\u0435 25 \u0447\u0430\u0441\u043e\u0432.<\/li>\n<\/ul>\n<p><strong>\u041e\u0441\u043d\u043e\u0432\u043d\u044b\u0435 \u0434\u0435\u0439\u0441\u0442\u0432\u0443\u044e\u0449\u0438\u0435 \u043a\u043e\u043c\u043f\u043e\u043d\u0435\u043d\u0442\u044b:<\/strong><\/p>\n<ul>\n<li><strong>\u042d\u043a\u0441\u0442\u0440\u0430\u043a\u0442 \u043f\u043b\u043e\u0434\u043e\u0432 \u043c\u0430\u043d\u0433\u043e<\/strong> \u0421\u043e\u0434\u0435\u0440\u0436\u0438\u0442 \u0431\u043e\u043b\u044c\u0448\u043e\u0435 \u043a\u043e\u043b\u0438\u0447\u0435\u0441\u0442\u0432\u043e \u0432\u0438\u0442\u0430\u043c\u0438\u043d\u043e\u0432 \u0421 \u0438 \u0412, \u0430 \u0442\u0430\u043a\u0436\u0435 \u043a\u0430\u043b\u044c\u0446\u0438\u044f. \u041e\u0431\u043b\u0430\u0434\u0430\u0435\u0442 \u0430\u043d\u0442\u0438\u043e\u043a\u0441\u0438\u0434\u0430\u043d\u0442\u043d\u044b\u043c\u0438 \u0441\u0432\u043e\u0439\u0441\u0442\u0432\u0430\u043c\u0438, \u043f\u0438\u0442\u0430\u0435\u0442 \u0438 \u0441\u043c\u044f\u0433\u0447\u0430\u0435\u0442 \u043e\u0433\u0440\u0443\u0431\u0435\u0432\u0448\u0443\u044e \u043a\u043e\u0436\u0443.<\/li>\n<li><strong>\u042d\u043a\u0441\u0442\u0440\u0430\u043a\u0442 \u0433\u0443\u0430\u0432\u044b<\/strong> \u041e\u043a\u0430\u0437\u044b\u0432\u0430\u0435\u0442 \u0444\u043e\u0442\u043e\u0437\u0430\u0449\u0438\u0442\u043d\u043e\u0435 \u0434\u0435\u0439\u0441\u0442\u0432\u0438\u0435 \u0438 \u0443\u043a\u0440\u0435\u043f\u043b\u044f\u0435\u0442 \u043c\u0435\u0441\u0442\u043d\u044b\u0439 \u0438\u043c\u043c\u0443\u043d\u0438\u0442\u0435\u0442 \u043a\u043e\u0436\u0438.<\/li>\n<li><strong>\u041c\u0430\u0441\u043b\u043e \u043e\u0431\u043b\u0435\u043f\u0438\u0445\u0438<\/strong> \u0423\u0441\u043f\u043e\u043a\u0430\u0438\u0432\u0430\u0435\u0442 \u0440\u0430\u0437\u0434\u0440\u0430\u0436\u0435\u043d\u0438\u0435 \u0438 \u0441\u043d\u0438\u0436\u0430\u0435\u0442 \u0440\u0438\u0441\u043a \u043f\u043e\u044f\u0432\u043b\u0435\u043d\u0438\u044f \u0443\u0433\u0440\u0435\u0432\u043e\u0439 \u0441\u044b\u043f\u0438.<\/li>\n<li><strong>\u041d\u0438\u0430\u0446\u0438\u043d\u0430\u043c\u0438\u0434 (\u0432\u0438\u0442\u0430\u043c\u0438\u043d B3)<\/strong> \u0417\u0430\u043c\u0435\u0434\u043b\u044f\u0435\u0442 \u043f\u043e\u0441\u0442\u0443\u043f\u043b\u0435\u043d\u0438\u0435 \u043c\u0435\u043b\u0430\u043d\u0438\u043d\u0430 \u0432 \u044d\u043f\u0438\u0434\u0435\u0440\u043c\u0438\u0441, \u043f\u043e\u043c\u043e\u0433\u0430\u044f \u043f\u0440\u0435\u0434\u043e\u0442\u0432\u0440\u0430\u0442\u0438\u0442\u044c \u043e\u0431\u0440\u0430\u0437\u043e\u0432\u0430\u043d\u0438\u0435 \u043f\u0438\u0433\u043c\u0435\u043d\u0442\u043d\u044b\u0445 \u043f\u044f\u0442\u0435\u043d. \u0420\u0435\u0433\u0443\u043b\u0438\u0440\u0443\u0435\u0442 \u0432\u044b\u0434\u0435\u043b\u0435\u043d\u0438\u0435 \u043a\u043e\u0436\u043d\u043e\u0433\u043e \u0441\u0430\u043b\u0430, \u0443\u043c\u0435\u043d\u044c\u0448\u0430\u0435\u0442 \u0431\u043b\u0435\u0441\u043a \u043a\u043e\u0436\u0438 \u0438 \u0441\u0443\u0436\u0430\u0435\u0442 \u043f\u043e\u0440\u044b.<\/li>\n<li><strong>\u0422\u043e\u043a\u043e\u0444\u0435\u0440\u043e\u043b (\u0432\u0438\u0442\u0430\u043c\u0438\u043d \u0415)<\/strong> \u041d\u0435\u0439\u0442\u0440\u0430\u043b\u0438\u0437\u0443\u0435\u0442 \u0432\u043e\u0437\u0434\u0435\u0439\u0441\u0442\u0432\u0438\u0435 \u0441\u0432\u043e\u0431\u043e\u0434\u043d\u044b\u0445 \u0440\u0430\u0434\u0438\u043a\u0430\u043b\u043e\u0432 \u0438 \u0432\u0440\u0435\u0434\u043d\u044b\u0445 \u0444\u0430\u043a\u0442\u043e\u0440\u043e\u0432 \u043e\u043a\u0440\u0443\u0436\u0430\u044e\u0449\u0435\u0439 \u0441\u0440\u0435\u0434\u044b, \u0430 \u0442\u0430\u043a\u0436\u0435 \u0443\u043a\u0440\u0435\u043f\u043b\u044f\u0435\u0442 \u0437\u0430\u0449\u0438\u0442\u043d\u044b\u0435 \u0444\u0443\u043d\u043a\u0446\u0438\u0438 \u043a\u043e\u0436\u0438.<\/li>\n<\/ul>\n<p>\u041f\u043e\u0434\u0445\u043e\u0434\u0438\u0442 \u0434\u043b\u044f \u0432\u0441\u0435\u0445 \u0442\u0438\u043f\u043e\u0432 \u043a\u043e\u0436\u0438.<\/p>\n<p><strong>\u0421\u043f\u043e\u0441\u043e\u0431 \u043f\u0440\u0438\u043c\u0435\u043d\u0435\u043d\u0438\u044f:<\/strong> \u041d\u0430\u043d\u0435\u0441\u0438\u0442\u0435 \u043d\u0430 \u043b\u0438\u0446\u043e \u0438 \u0448\u0435\u044e \u0438 \u0440\u0430\u0432\u043d\u043e\u043c\u0435\u0440\u043d\u043e \u0440\u0430\u0441\u043f\u0440\u0435\u0434\u0435\u043b\u0438\u0442\u0435. \u041f\u043e\u0432\u0442\u043e\u0440\u043d\u043e \u043d\u0430\u043d\u043e\u0441\u0438\u0442\u0435 \u043a\u0430\u0436\u0434\u044b\u0435 2-3 \u0447\u0430\u0441\u0430 \u043f\u0440\u0438 \u043d\u0430\u0445\u043e\u0436\u0434\u0435\u043d\u0438\u0438 \u043f\u043e\u0434 \u043f\u0440\u044f\u043c\u044b\u043c\u0438 \u0441\u043e\u043b\u043d\u0435\u0447\u043d\u044b\u043c\u0438 \u043b\u0443\u0447\u0430\u043c\u0438 (\u043d\u0430\u043f\u0440\u0438\u043c\u0435\u0440, \u043d\u0430 \u043f\u043b\u044f\u0436\u0435).<\/p>","protected":false},"excerpt":{"rendered":"<p>Kerge p\u00e4ikesekreem House of Hur Tropical Dew Sun Cream SPF50+ PA++++ niisutab s\u00fcgavuti ja \u00fchtlustab jumet. Kerge kreemjas tekstuur ei j\u00e4ta nahka kleepuvaks ega rasvaseks ning annab n\u00e4ole terve s\u00e4ra. Sisaldab uue p\u00f5lvkonna fotostabiilseid keemilisi UV-filtreid, mida linnatingimustes ei ole vaja kuni 8 tunni jooksul uuendada: Uvinul A Plus (Diethylamino Hydroxybenzoyl Hexyl Benzoate) \u2013 rasvlahustuv&#8230;<\/p>","protected":false},"featured_media":18408,"comment_status":"open","ping_status":"closed","template":"","meta":{"_uf_show_specific_survey":0,"_uf_disable_surveys":false,"_bst_post_transparent":"default","_bst_post_title":"","_bst_post_layout":"default","_bst_post_sidebar_id":"","_bst_post_content_style":"default","_bst_post_vertical_padding":"default","_bst_post_feature":"","_bst_post_feature_position":"","_bst_post_header":false,"_bst_post_footer":false},"pwb-brand":[1153],"product_brand":[],"product_cat":[92,101],"product_tag":[568,1154,864],"class_list":{"0":"post-18407","1":"product","2":"type-product","3":"status-publish","4":"has-post-thumbnail","6":"pwb-brand-house-of-hur","7":"product_cat-nagu","8":"product_cat-paikesekaitse","9":"product_tag-korea","10":"product_tag-paikesekreem","11":"product_tag-spf","13":"first","14":"instock","15":"sale","16":"shipping-taxable","17":"purchasable","18":"product-type-simple","19":"entry","20":"content-bg","21":"loop-entry"},"supplier_id":null,"supplier_sku":"","barcode":null,"atum_controlled":true,"out_stock_date":null,"out_stock_threshold":null,"inheritable":false,"inbound_stock":null,"stock_on_hold":0,"sold_today":0,"sales_last_days":0,"out_stock_days":0,"lost_sales":0,"has_location":false,"update_date":"2026-04-14T00:05:12","atum_locations":[],"atum_stock_status":"instock","restock_status":false,"low_stock_amount":"","sales_update_date":"2026-04-14T00:05:12","calc_backorders":null,"yoast_head":"<!-- This site is optimized with the Yoast SEO plugin v27.2 - https:\/\/yoast.com\/product\/yoast-seo-wordpress\/ -->\n<title>House of Hur Tropical Dew Sun Cream SPF50+ PA++++, 50ml - IDA.KOREA<\/title>\n<meta name=\"description\" content=\"Kerge p\u00e4ikesekreem niisutab s\u00fcgavuti ja \u00fchtlustab jumet. Kerge kreemjas tekstuur ei j\u00e4ta nahka kleepuvaks ega rasvaseks ning annab n\u00e4ole terve s\u00e4ra.\" \/>\n<meta name=\"robots\" content=\"index, follow, max-snippet:-1, max-image-preview:large, max-video-preview:-1\" \/>\n<link rel=\"canonical\" href=\"https:\/\/idakorea.ee\/ru\/product\/house-of-hur-tropical-dew-sun-cream-spf50-pa-50ml\/\" \/>\n<meta property=\"og:locale\" content=\"ru_RU\" \/>\n<meta property=\"og:type\" content=\"article\" \/>\n<meta property=\"og:title\" content=\"House of Hur Tropical Dew Sun Cream SPF50+ PA++++, 50ml - IDA.KOREA\" \/>\n<meta property=\"og:description\" content=\"Kerge p\u00e4ikesekreem niisutab s\u00fcgavuti ja \u00fchtlustab jumet. Kerge kreemjas tekstuur ei j\u00e4ta nahka kleepuvaks ega rasvaseks ning annab n\u00e4ole terve s\u00e4ra.\" \/>\n<meta property=\"og:url\" content=\"https:\/\/idakorea.ee\/ru\/product\/house-of-hur-tropical-dew-sun-cream-spf50-pa-50ml\/\" \/>\n<meta property=\"og:site_name\" content=\"IDA.KOREA\" \/>\n<meta property=\"og:image\" content=\"https:\/\/idakorea.ee\/wp-content\/uploads\/2026\/04\/House-of-Hur-Tropical-Dew-Sun-Cream-SPF50-PAidakorea.jpg\" \/>\n\t<meta property=\"og:image:width\" content=\"1000\" \/>\n\t<meta property=\"og:image:height\" content=\"1000\" \/>\n\t<meta property=\"og:image:type\" content=\"image\/jpeg\" \/>\n<meta name=\"twitter:card\" content=\"summary_large_image\" \/>\n<meta name=\"twitter:label1\" content=\"\u041f\u0440\u0438\u043c\u0435\u0440\u043d\u043e\u0435 \u0432\u0440\u0435\u043c\u044f \u0434\u043b\u044f \u0447\u0442\u0435\u043d\u0438\u044f\" \/>\n\t<meta name=\"twitter:data1\" content=\"2 \u043c\u0438\u043d\u0443\u0442\u044b\" \/>\n<script type=\"application\/ld+json\" class=\"yoast-schema-graph\">{\"@context\":\"https:\/\/schema.org\",\"@graph\":[{\"@type\":\"WebPage\",\"@id\":\"https:\/\/idakorea.ee\/product\/house-of-hur-tropical-dew-sun-cream-spf50-pa-50ml\/\",\"url\":\"https:\/\/idakorea.ee\/product\/house-of-hur-tropical-dew-sun-cream-spf50-pa-50ml\/\",\"name\":\"House of Hur Tropical Dew Sun Cream SPF50+ PA++++, 50ml - IDA.KOREA\",\"isPartOf\":{\"@id\":\"https:\/\/idakorea.ee\/#website\"},\"primaryImageOfPage\":{\"@id\":\"https:\/\/idakorea.ee\/product\/house-of-hur-tropical-dew-sun-cream-spf50-pa-50ml\/#primaryimage\"},\"image\":{\"@id\":\"https:\/\/idakorea.ee\/product\/house-of-hur-tropical-dew-sun-cream-spf50-pa-50ml\/#primaryimage\"},\"thumbnailUrl\":\"https:\/\/idakorea.ee\/wp-content\/uploads\/2026\/04\/House-of-Hur-Tropical-Dew-Sun-Cream-SPF50-PAidakorea.jpg\",\"datePublished\":\"2026-04-09T09:01:01+00:00\",\"description\":\"Kerge p\u00e4ikesekreem niisutab s\u00fcgavuti ja \u00fchtlustab jumet. Kerge kreemjas tekstuur ei j\u00e4ta nahka kleepuvaks ega rasvaseks ning annab n\u00e4ole terve s\u00e4ra.\",\"breadcrumb\":{\"@id\":\"https:\/\/idakorea.ee\/product\/house-of-hur-tropical-dew-sun-cream-spf50-pa-50ml\/#breadcrumb\"},\"inLanguage\":\"ru-RU\",\"potentialAction\":[{\"@type\":\"ReadAction\",\"target\":[\"https:\/\/idakorea.ee\/product\/house-of-hur-tropical-dew-sun-cream-spf50-pa-50ml\/\"]}]},{\"@type\":\"ImageObject\",\"inLanguage\":\"ru-RU\",\"@id\":\"https:\/\/idakorea.ee\/product\/house-of-hur-tropical-dew-sun-cream-spf50-pa-50ml\/#primaryimage\",\"url\":\"https:\/\/idakorea.ee\/wp-content\/uploads\/2026\/04\/House-of-Hur-Tropical-Dew-Sun-Cream-SPF50-PAidakorea.jpg\",\"contentUrl\":\"https:\/\/idakorea.ee\/wp-content\/uploads\/2026\/04\/House-of-Hur-Tropical-Dew-Sun-Cream-SPF50-PAidakorea.jpg\",\"width\":1000,\"height\":1000},{\"@type\":\"BreadcrumbList\",\"@id\":\"https:\/\/idakorea.ee\/product\/house-of-hur-tropical-dew-sun-cream-spf50-pa-50ml\/#breadcrumb\",\"itemListElement\":[{\"@type\":\"ListItem\",\"position\":1,\"name\":\"\u0413\u043b\u0430\u0432\u043d\u0430\u044f \u0441\u0442\u0440\u0430\u043d\u0438\u0446\u0430\",\"item\":\"https:\/\/idakorea.ee\/\"},{\"@type\":\"ListItem\",\"position\":2,\"name\":\"Shop\",\"item\":\"https:\/\/idakorea.ee\/shop-2\/\"},{\"@type\":\"ListItem\",\"position\":3,\"name\":\"Kerge p\u00e4ikesekreem House of Hur Tropical Dew Sun Cream SPF50+ PA++++, 50ml\"}]},{\"@type\":\"WebSite\",\"@id\":\"https:\/\/idakorea.ee\/#website\",\"url\":\"https:\/\/idakorea.ee\/\",\"name\":\"IDA.KOREA\",\"description\":\"Korea kosmeetika e-pood\",\"publisher\":{\"@id\":\"https:\/\/idakorea.ee\/#organization\"},\"alternateName\":\"Beauty Shop\",\"potentialAction\":[{\"@type\":\"SearchAction\",\"target\":{\"@type\":\"EntryPoint\",\"urlTemplate\":\"https:\/\/idakorea.ee\/?s={search_term_string}\"},\"query-input\":{\"@type\":\"PropertyValueSpecification\",\"valueRequired\":true,\"valueName\":\"search_term_string\"}}],\"inLanguage\":\"ru-RU\"},{\"@type\":\"Organization\",\"@id\":\"https:\/\/idakorea.ee\/#organization\",\"name\":\"IDA.KOREA\",\"url\":\"https:\/\/idakorea.ee\/\",\"logo\":{\"@type\":\"ImageObject\",\"inLanguage\":\"ru-RU\",\"@id\":\"https:\/\/idakorea.ee\/#\/schema\/logo\/image\/\",\"url\":\"https:\/\/idakorea.ee\/wp-content\/uploads\/2024\/05\/cropped-korea3.png\",\"contentUrl\":\"https:\/\/idakorea.ee\/wp-content\/uploads\/2024\/05\/cropped-korea3.png\",\"width\":688,\"height\":126,\"caption\":\"IDA.KOREA\"},\"image\":{\"@id\":\"https:\/\/idakorea.ee\/#\/schema\/logo\/image\/\"},\"sameAs\":[\"https:\/\/www.instagram.com\/ida.korea\/\"]}]}<\/script>\n<!-- \/ Yoast SEO plugin. -->","yoast_head_json":{"title":"House of Hur Tropical Dew Sun Cream SPF50+ PA++++, 50ml - IDA.KOREA","description":"Kerge p\u00e4ikesekreem niisutab s\u00fcgavuti ja \u00fchtlustab jumet. Kerge kreemjas tekstuur ei j\u00e4ta nahka kleepuvaks ega rasvaseks ning annab n\u00e4ole terve s\u00e4ra.","robots":{"index":"index","follow":"follow","max-snippet":"max-snippet:-1","max-image-preview":"max-image-preview:large","max-video-preview":"max-video-preview:-1"},"canonical":"https:\/\/idakorea.ee\/ru\/product\/house-of-hur-tropical-dew-sun-cream-spf50-pa-50ml\/","og_locale":"ru_RU","og_type":"article","og_title":"House of Hur Tropical Dew Sun Cream SPF50+ PA++++, 50ml - IDA.KOREA","og_description":"Kerge p\u00e4ikesekreem niisutab s\u00fcgavuti ja \u00fchtlustab jumet. Kerge kreemjas tekstuur ei j\u00e4ta nahka kleepuvaks ega rasvaseks ning annab n\u00e4ole terve s\u00e4ra.","og_url":"https:\/\/idakorea.ee\/ru\/product\/house-of-hur-tropical-dew-sun-cream-spf50-pa-50ml\/","og_site_name":"IDA.KOREA","og_image":[{"width":1000,"height":1000,"url":"https:\/\/idakorea.ee\/wp-content\/uploads\/2026\/04\/House-of-Hur-Tropical-Dew-Sun-Cream-SPF50-PAidakorea.jpg","type":"image\/jpeg"}],"twitter_card":"summary_large_image","twitter_misc":{"\u041f\u0440\u0438\u043c\u0435\u0440\u043d\u043e\u0435 \u0432\u0440\u0435\u043c\u044f \u0434\u043b\u044f \u0447\u0442\u0435\u043d\u0438\u044f":"2 \u043c\u0438\u043d\u0443\u0442\u044b"},"schema":{"@context":"https:\/\/schema.org","@graph":[{"@type":"WebPage","@id":"https:\/\/idakorea.ee\/product\/house-of-hur-tropical-dew-sun-cream-spf50-pa-50ml\/","url":"https:\/\/idakorea.ee\/product\/house-of-hur-tropical-dew-sun-cream-spf50-pa-50ml\/","name":"House of Hur Tropical Dew Sun Cream SPF50+ PA++++, 50ml - IDA.KOREA","isPartOf":{"@id":"https:\/\/idakorea.ee\/#website"},"primaryImageOfPage":{"@id":"https:\/\/idakorea.ee\/product\/house-of-hur-tropical-dew-sun-cream-spf50-pa-50ml\/#primaryimage"},"image":{"@id":"https:\/\/idakorea.ee\/product\/house-of-hur-tropical-dew-sun-cream-spf50-pa-50ml\/#primaryimage"},"thumbnailUrl":"https:\/\/idakorea.ee\/wp-content\/uploads\/2026\/04\/House-of-Hur-Tropical-Dew-Sun-Cream-SPF50-PAidakorea.jpg","datePublished":"2026-04-09T09:01:01+00:00","description":"Kerge p\u00e4ikesekreem niisutab s\u00fcgavuti ja \u00fchtlustab jumet. Kerge kreemjas tekstuur ei j\u00e4ta nahka kleepuvaks ega rasvaseks ning annab n\u00e4ole terve s\u00e4ra.","breadcrumb":{"@id":"https:\/\/idakorea.ee\/product\/house-of-hur-tropical-dew-sun-cream-spf50-pa-50ml\/#breadcrumb"},"inLanguage":"ru-RU","potentialAction":[{"@type":"ReadAction","target":["https:\/\/idakorea.ee\/product\/house-of-hur-tropical-dew-sun-cream-spf50-pa-50ml\/"]}]},{"@type":"ImageObject","inLanguage":"ru-RU","@id":"https:\/\/idakorea.ee\/product\/house-of-hur-tropical-dew-sun-cream-spf50-pa-50ml\/#primaryimage","url":"https:\/\/idakorea.ee\/wp-content\/uploads\/2026\/04\/House-of-Hur-Tropical-Dew-Sun-Cream-SPF50-PAidakorea.jpg","contentUrl":"https:\/\/idakorea.ee\/wp-content\/uploads\/2026\/04\/House-of-Hur-Tropical-Dew-Sun-Cream-SPF50-PAidakorea.jpg","width":1000,"height":1000},{"@type":"BreadcrumbList","@id":"https:\/\/idakorea.ee\/product\/house-of-hur-tropical-dew-sun-cream-spf50-pa-50ml\/#breadcrumb","itemListElement":[{"@type":"ListItem","position":1,"name":"\u0413\u043b\u0430\u0432\u043d\u0430\u044f \u0441\u0442\u0440\u0430\u043d\u0438\u0446\u0430","item":"https:\/\/idakorea.ee\/"},{"@type":"ListItem","position":2,"name":"Shop","item":"https:\/\/idakorea.ee\/shop-2\/"},{"@type":"ListItem","position":3,"name":"Kerge p\u00e4ikesekreem House of Hur Tropical Dew Sun Cream SPF50+ PA++++, 50ml"}]},{"@type":"WebSite","@id":"https:\/\/idakorea.ee\/#website","url":"https:\/\/idakorea.ee\/","name":"\u0418\u0414\u0410.\u041a\u041e\u0420\u0415\u042f","description":"\u0418\u043d\u0442\u0435\u0440\u043d\u0435\u0442-\u043c\u0430\u0433\u0430\u0437\u0438\u043d \u043a\u043e\u0440\u0435\u0439\u0441\u043a\u043e\u0439 \u043a\u043e\u0441\u043c\u0435\u0442\u0438\u043a\u0438","publisher":{"@id":"https:\/\/idakorea.ee\/#organization"},"alternateName":"Beauty Shop","potentialAction":[{"@type":"SearchAction","target":{"@type":"EntryPoint","urlTemplate":"https:\/\/idakorea.ee\/?s={search_term_string}"},"query-input":{"@type":"PropertyValueSpecification","valueRequired":true,"valueName":"search_term_string"}}],"inLanguage":"ru-RU"},{"@type":"Organization","@id":"https:\/\/idakorea.ee\/#organization","name":"\u0418\u0414\u0410.\u041a\u041e\u0420\u0415\u042f","url":"https:\/\/idakorea.ee\/","logo":{"@type":"ImageObject","inLanguage":"ru-RU","@id":"https:\/\/idakorea.ee\/#\/schema\/logo\/image\/","url":"https:\/\/idakorea.ee\/wp-content\/uploads\/2024\/05\/cropped-korea3.png","contentUrl":"https:\/\/idakorea.ee\/wp-content\/uploads\/2024\/05\/cropped-korea3.png","width":688,"height":126,"caption":"IDA.KOREA"},"image":{"@id":"https:\/\/idakorea.ee\/#\/schema\/logo\/image\/"},"sameAs":["https:\/\/www.instagram.com\/ida.korea\/"]}]}},"jetpack_sharing_enabled":true,"brands":[{"id":1153,"name":"HOUSE OF HUR","slug":"house-of-hur"}],"_links":{"self":[{"href":"https:\/\/idakorea.ee\/ru\/wp-json\/wp\/v2\/product\/18407","targetHints":{"allow":["GET"]}}],"collection":[{"href":"https:\/\/idakorea.ee\/ru\/wp-json\/wp\/v2\/product"}],"about":[{"href":"https:\/\/idakorea.ee\/ru\/wp-json\/wp\/v2\/types\/product"}],"replies":[{"embeddable":true,"href":"https:\/\/idakorea.ee\/ru\/wp-json\/wp\/v2\/comments?post=18407"}],"version-history":[{"count":1,"href":"https:\/\/idakorea.ee\/ru\/wp-json\/wp\/v2\/product\/18407\/revisions"}],"predecessor-version":[{"id":18412,"href":"https:\/\/idakorea.ee\/ru\/wp-json\/wp\/v2\/product\/18407\/revisions\/18412"}],"wp:featuredmedia":[{"embeddable":true,"href":"https:\/\/idakorea.ee\/ru\/wp-json\/wp\/v2\/media\/18408"}],"wp:attachment":[{"href":"https:\/\/idakorea.ee\/ru\/wp-json\/wp\/v2\/media?parent=18407"}],"wp:term":[{"taxonomy":"pwb-brand","embeddable":true,"href":"https:\/\/idakorea.ee\/ru\/wp-json\/wp\/v2\/pwb-brand?post=18407"},{"taxonomy":"product_brand","embeddable":true,"href":"https:\/\/idakorea.ee\/ru\/wp-json\/wp\/v2\/product_brand?post=18407"},{"taxonomy":"product_cat","embeddable":true,"href":"https:\/\/idakorea.ee\/ru\/wp-json\/wp\/v2\/product_cat?post=18407"},{"taxonomy":"product_tag","embeddable":true,"href":"https:\/\/idakorea.ee\/ru\/wp-json\/wp\/v2\/product_tag?post=18407"}],"curies":[{"name":"WP","href":"https:\/\/api.w.org\/{rel}","templated":true}]}}